{"id":191538,"date":"2023-10-25T10:38:30","date_gmt":"2023-10-25T08:38:30","guid":{"rendered":"https:\/\/www.elcony.com\/ochrana-dychacich-cest\/"},"modified":"2026-02-06T13:33:58","modified_gmt":"2026-02-06T12:33:58","slug":"ochrana-dychacich-cest","status":"publish","type":"page","link":"https:\/\/www.elcony.com\/cs\/ochrana-dychacich-cest\/","title":{"rendered":"Nez\u00e1visl\u00e1 ochrana d\u00fdchac\u00edch cest"},"content":{"rendered":"<div class=\"fusion-fullwidth fullwidth-box fusion-builder-row-1 has-pattern-background has-mask-background nonhundred-percent-fullwidth non-hundred-percent-height-scrolling\" style=\"--awb-border-radius-top-left:0px;--awb-border-radius-top-right:0px;--awb-border-radius-bottom-right:0px;--awb-border-radius-bottom-left:0px;--awb-flex-wrap:wrap;\" ><div class=\"fusion-builder-row fusion-row\"><div class=\"fusion-layout-column fusion_builder_column fusion-builder-column-0 fusion_builder_column_1_5 1_5 fusion-one-fifth fusion-column-first\" style=\"--awb-bg-blend:overlay;--awb-bg-size:cover;width:20%;width:calc(20% - ( ( 4% + 4% ) * 0.2 ) );margin-right: 4%;\"><div class=\"fusion-column-wrapper fusion-flex-column-wrapper-legacy\"><div class=\"fusion-clearfix\"><\/div><\/div><\/div><div class=\"fusion-layout-column fusion_builder_column fusion-builder-column-1 fusion_builder_column_3_5 3_5 fusion-three-fifth\" style=\"--awb-bg-blend:overlay;--awb-bg-size:cover;width:60%;width:calc(60% - ( ( 4% + 4% ) * 0.6 ) );margin-right: 4%;\"><div class=\"fusion-column-wrapper fusion-flex-column-wrapper-legacy\"><div class=\"fusion-text fusion-text-1\"><h1>Pr\u00e1ce s nez\u00e1vislou ochranou d\u00fdchac\u00edch cest<\/h1>\n<p> Pr\u00e1ce s nez\u00e1vislou ochranou d\u00fdchac\u00edch cest je nezbytn\u00e1 p\u0159i \u010dinnostech v prost\u0159ed\u00edch, kde kvalita vzduchu nen\u00ed dostate\u010dn\u011b bezpe\u010dn\u00e1. V kurzu \u201ePr\u00e1ce s nez\u00e1vislou ochranou d\u00fdchac\u00edch cest\u201c se nau\u010d\u00edte pou\u017e\u00edvat d\u00fdchac\u00ed techniku bezpe\u010dn\u011b, odpov\u011bdn\u011b a v souladu s platn\u00fdmi postupy. <\/p>\n<h2>Co je nez\u00e1visl\u00e1 ochrana d\u00fdchac\u00edch cest?<\/h2>\n<p> Nez\u00e1visl\u00e1 ochrana d\u00fdchac\u00edch cest se pou\u017e\u00edv\u00e1 tehdy, kdy\u017e okoln\u00ed vzduch nen\u00ed vhodn\u00fd k d\u00fdch\u00e1n\u00ed, nap\u0159\u00edklad kv\u016fli nedostatku kysl\u00edku nebo p\u0159\u00edtomnosti nebezpe\u010dn\u00fdch l\u00e1tek. U\u017eivatel v takov\u00e9m p\u0159\u00edpad\u011b d\u00fdch\u00e1 vzduch z nez\u00e1visl\u00e9ho zdroje, jako je d\u00fdchac\u00ed p\u0159\u00edstroj nebo syst\u00e9m s p\u0159\u00edvodem d\u00fdchac\u00edho vzduchu. <\/p>\n<h2>Pro koho je kurz \u201ePr\u00e1ce s nez\u00e1vislou ochranou d\u00fdchac\u00edch cest\u201c ur\u010den?<\/h2>\n<ul>\n<li>Zam\u011bstnance v (petro)chemick\u00e9m pr\u016fmyslu.<\/li>\n<li>\u00dadr\u017eb\u00e1\u0159e a techniky.<\/li>\n<li>Dodavatele a OSV\u010c pracuj\u00edc\u00ed na pr\u016fmyslov\u00fdch pracovi\u0161t\u00edch.<\/li>\n<li>Pracovn\u00edky pracuj\u00edc\u00ed v uzav\u0159en\u00fdch nebo rizikov\u00fdch prost\u0159ed\u00edch.<\/li>\n<\/ul>\n<h2>Pr\u00e1ce s nez\u00e1vislou ochranou d\u00fdchac\u00edch cest bez SOG<\/h2>\n<h3>C\u00edlov\u00e1 skupina<\/h3>\n<p> Toto \u0161kolen\u00ed je vhodn\u00e9 pro zam\u011bstnance, kte\u0159\u00ed pracuj\u00ed s nez\u00e1vislou ochranou d\u00fdchac\u00edch cest u objednavatel\u016f, kde neplat\u00ed povinnost certifikace SOG. <\/p>\n<h3>Kdy zvolit ochranu d\u00fdchac\u00edch cest bez SOG?<\/h3>\n<ul>\n<li>V\u00e1\u0161 objednavatel nevy\u017eaduje diplom SOG.<\/li>\n<li>Pracujete v r\u00e1mci intern\u00edch bezpe\u010dnostn\u00edch postup\u016f.<\/li>\n<li>Hled\u00e1te prakticky zam\u011b\u0159en\u00e9 \u0161kolen\u00ed bez extern\u00ed zkou\u0161ky SOG.<\/li>\n<\/ul>\n<p> Po absolvov\u00e1n\u00ed obdr\u017e\u00edte diplom registrovan\u00fd v <strong>Registru diplom\u016f ELCONY<\/strong>, kter\u00fd je <strong>platn\u00fd 5 let<\/strong>. <\/p>\n<h3>D\u00e9lka kurzu a cena<\/h3>\n<ul>\n<li>1 den s existuj\u00edc\u00edmi znalostmi prost\u0159ednictv\u00edm na\u0161\u00ed online p\u0159\u00edpravy nebo opakovac\u00edho kurzu: <strong>\u20ac 255,00<\/strong> bez DPH<\/li>\n<li>2 dny bez p\u0159edchoz\u00edch zku\u0161enost\u00ed: <strong>\u20ac 455,00<\/strong> bez DPH<\/li>\n<\/ul>\n<h2>Pr\u00e1ce s nez\u00e1vislou ochranou d\u00fdchac\u00edch cest se SOG<\/h2>\n<h3>C\u00edlov\u00e1 skupina<\/h3>\n<p> Kurz \u201ePr\u00e1ce s nez\u00e1vislou ochranou d\u00fdchac\u00edch cest\u201c uzn\u00e1van\u00fd SOG je ur\u010den pro zam\u011bstnance pracuj\u00edc\u00ed u objednavatel\u016f, kde je povinn\u00fd ofici\u00e1ln\u011b uzn\u00e1van\u00fd diplom. <\/p>\n<h3>Kdy je ochrana d\u00fdchac\u00edch cest (SOG) povinn\u00e1?<\/h3>\n<ul>\n<li>P\u0159i pr\u00e1ci v prost\u0159ed\u00edch s nedostatkem kysl\u00edku.<\/li>\n<li>P\u0159i expozici nebezpe\u010dn\u00fdm l\u00e1tk\u00e1m.<\/li>\n<li>V (petro)chemick\u00e9m pr\u016fmyslu.<\/li>\n<li>U objednavatel\u016f pracuj\u00edc\u00edch podle po\u017eadavk\u016f SSVV.<\/li>\n<\/ul>\n<p> Po \u00fasp\u011b\u0161n\u00e9m slo\u017een\u00ed zkou\u0161ky je diplom registrov\u00e1n v <strong>Registru diplom\u016f SSVV<\/strong> a je <strong>platn\u00fd 3 roky<\/strong>. <\/p>\n<h3>D\u00e9lka kurzu a cena<\/h3>\n<ul>\n<li>1 den s existuj\u00edc\u00edmi znalostmi prost\u0159ednictv\u00edm na\u0161\u00ed online p\u0159\u00edpravy nebo opakovac\u00edho kurzu: <strong>\u20ac 329,00<\/strong> bez DPH<\/li>\n<li>2 dny bez p\u0159edchoz\u00edch zku\u0161enost\u00ed: <strong>\u20ac 529,00<\/strong> bez DPH<\/li>\n<\/ul>\n<h2>Zdravotn\u00ed zp\u016fsobilost<\/h2>\n<p> Pro pr\u00e1ci s nez\u00e1vislou ochranou d\u00fdchac\u00edch cest je povinn\u00e9 platn\u00e9 l\u00e9ka\u0159sk\u00e9 potvrzen\u00ed. Toto potvrzen\u00ed mus\u00ed poskytnout zam\u011bstnavatel a je vy\u017eadov\u00e1no p\u0159i \u0161kolen\u00ed i zkou\u0161ce. <\/p>\n<h2><strong>M\u00edsto kon\u00e1n\u00ed<\/strong><\/h2>\n<p> Kurz \u201ePr\u00e1ce s nez\u00e1vislou ochranou d\u00fdchac\u00edch cest\u201c se kon\u00e1 na n\u011bkolika m\u00edstech v Nizozemsku a m\u016f\u017ee b\u00fdt realizov\u00e1n tak\u00e9 na va\u0161em vlastn\u00edm pracovi\u0161ti. <\/p>\n<h2><strong>Kontakt<\/strong><\/h2>\n<p> Pro v\u00edce informac\u00ed nebo p\u0159ihl\u00e1\u0161en\u00ed m\u016f\u017eete volat na <strong>+31(0)88-2200100<\/strong> nebo poslat e-mail na <strong><a href=\"&#109;&#x61;i&#x6c;&#x74;&#111;&#x3a;i&#x6e;&#x66;&#111;&#x40;e&#x6c;&#x63;&#111;&#x6e;y&#x2e;&#x63;&#111;&#x6d;\">&#x69;&#x6e;&#x66;&#x6f;&#x40;&#101;&#108;&#99;&#111;ny&#46;&#x63;&#x6f;&#x6d;<\/a><\/strong>.<\/p>\n<\/div><div class=\"fusion-clearfix\"><\/div><\/div><\/div><div class=\"fusion-layout-column fusion_builder_column fusion-builder-column-2 fusion_builder_column_1_5 1_5 fusion-one-fifth fusion-column-last\" style=\"--awb-bg-blend:overlay;--awb-bg-size:cover;width:20%;width:calc(20% - ( ( 4% + 4% ) * 0.2 ) );\"><div class=\"fusion-column-wrapper fusion-flex-column-wrapper-legacy\"><div class=\"fusion-clearfix\"><\/div><\/div><\/div><\/div><\/div>\n","protected":false},"excerpt":{"rendered":"","protected":false},"author":1,"featured_media":0,"parent":0,"menu_order":4,"comment_status":"closed","ping_status":"closed","template":"","meta":{"footnotes":""},"class_list":["post-191538","page","type-page","status-publish","hentry"],"yoast_head":"<!-- This site is optimized with the Yoast SEO plugin v27.6 - https:\/\/yoast.com\/product\/yoast-seo-wordpress\/ -->\n<title>Kurz \u201ePr\u00e1ce s nez\u00e1vislou ochranou d\u00fdchac\u00edch cest\u201c (SOG)<\/title>\n<meta name=\"description\" content=\"Nau\u010dte se bezpe\u010dn\u011b pracovat s nez\u00e1vislou ochranou d\u00fdchac\u00edch cest. Kurz pro pr\u016fmysl, \u00fadr\u017ebu a uzav\u0159en\u00e9 prostory. Se SOG nebo bez SOG.\" \/>\n<meta name=\"robots\" content=\"index, follow, max-snippet:-1, max-image-preview:large, max-video-preview:-1\" \/>\n<link rel=\"canonical\" href=\"https:\/\/www.elcony.com\/cs\/ochrana-dychacich-cest\/\" \/>\n<script type=\"application\/ld+json\" class=\"yoast-schema-graph\">{\"@context\":\"https:\\\/\\\/schema.org\",\"@graph\":[{\"@type\":\"WebPage\",\"@id\":\"https:\\\/\\\/www.elcony.com\\\/cs\\\/ochrana-dychacich-cest\\\/\",\"url\":\"https:\\\/\\\/www.elcony.com\\\/cs\\\/ochrana-dychacich-cest\\\/\",\"name\":\"Kurz \u201ePr\u00e1ce s nez\u00e1vislou ochranou d\u00fdchac\u00edch cest\u201c (SOG)\",\"isPartOf\":{\"@id\":\"https:\\\/\\\/www.elcony.com\\\/it\\\/#website\"},\"datePublished\":\"2023-10-25T08:38:30+00:00\",\"dateModified\":\"2026-02-06T12:33:58+00:00\",\"description\":\"Nau\u010dte se bezpe\u010dn\u011b pracovat s nez\u00e1vislou ochranou d\u00fdchac\u00edch cest. Kurz pro pr\u016fmysl, \u00fadr\u017ebu a uzav\u0159en\u00e9 prostory. Se SOG nebo bez SOG.\",\"breadcrumb\":{\"@id\":\"https:\\\/\\\/www.elcony.com\\\/cs\\\/ochrana-dychacich-cest\\\/#breadcrumb\"},\"inLanguage\":\"cs\",\"potentialAction\":[{\"@type\":\"ReadAction\",\"target\":[\"https:\\\/\\\/www.elcony.com\\\/cs\\\/ochrana-dychacich-cest\\\/\"]}]},{\"@type\":\"BreadcrumbList\",\"@id\":\"https:\\\/\\\/www.elcony.com\\\/cs\\\/ochrana-dychacich-cest\\\/#breadcrumb\",\"itemListElement\":[{\"@type\":\"ListItem\",\"position\":1,\"name\":\"Home\",\"item\":\"http:\\\/\\\/www.elcony.com\\\/cs\\\/\"},{\"@type\":\"ListItem\",\"position\":2,\"name\":\"Nez\u00e1visl\u00e1 ochrana d\u00fdchac\u00edch cest\"}]},{\"@type\":\"WebSite\",\"@id\":\"https:\\\/\\\/www.elcony.com\\\/it\\\/#website\",\"url\":\"https:\\\/\\\/www.elcony.com\\\/it\\\/\",\"name\":\"ELCONY\",\"description\":\"ARBO, VCA en SOG Opleidingen\",\"potentialAction\":[{\"@type\":\"SearchAction\",\"target\":{\"@type\":\"EntryPoint\",\"urlTemplate\":\"https:\\\/\\\/www.elcony.com\\\/it\\\/?s={search_term_string}\"},\"query-input\":{\"@type\":\"PropertyValueSpecification\",\"valueRequired\":true,\"valueName\":\"search_term_string\"}}],\"inLanguage\":\"cs\"}]}<\/script>\n<!-- \/ Yoast SEO plugin. -->","yoast_head_json":{"title":"Kurz \u201ePr\u00e1ce s nez\u00e1vislou ochranou d\u00fdchac\u00edch cest\u201c (SOG)","description":"Nau\u010dte se bezpe\u010dn\u011b pracovat s nez\u00e1vislou ochranou d\u00fdchac\u00edch cest. Kurz pro pr\u016fmysl, \u00fadr\u017ebu a uzav\u0159en\u00e9 prostory. Se SOG nebo bez SOG.","robots":{"index":"index","follow":"follow","max-snippet":"max-snippet:-1","max-image-preview":"max-image-preview:large","max-video-preview":"max-video-preview:-1"},"canonical":"https:\/\/www.elcony.com\/cs\/ochrana-dychacich-cest\/","schema":{"@context":"https:\/\/schema.org","@graph":[{"@type":"WebPage","@id":"https:\/\/www.elcony.com\/cs\/ochrana-dychacich-cest\/","url":"https:\/\/www.elcony.com\/cs\/ochrana-dychacich-cest\/","name":"Kurz \u201ePr\u00e1ce s nez\u00e1vislou ochranou d\u00fdchac\u00edch cest\u201c (SOG)","isPartOf":{"@id":"https:\/\/www.elcony.com\/it\/#website"},"datePublished":"2023-10-25T08:38:30+00:00","dateModified":"2026-02-06T12:33:58+00:00","description":"Nau\u010dte se bezpe\u010dn\u011b pracovat s nez\u00e1vislou ochranou d\u00fdchac\u00edch cest. Kurz pro pr\u016fmysl, \u00fadr\u017ebu a uzav\u0159en\u00e9 prostory. Se SOG nebo bez SOG.","breadcrumb":{"@id":"https:\/\/www.elcony.com\/cs\/ochrana-dychacich-cest\/#breadcrumb"},"inLanguage":"cs","potentialAction":[{"@type":"ReadAction","target":["https:\/\/www.elcony.com\/cs\/ochrana-dychacich-cest\/"]}]},{"@type":"BreadcrumbList","@id":"https:\/\/www.elcony.com\/cs\/ochrana-dychacich-cest\/#breadcrumb","itemListElement":[{"@type":"ListItem","position":1,"name":"Home","item":"http:\/\/www.elcony.com\/cs\/"},{"@type":"ListItem","position":2,"name":"Nez\u00e1visl\u00e1 ochrana d\u00fdchac\u00edch cest"}]},{"@type":"WebSite","@id":"https:\/\/www.elcony.com\/it\/#website","url":"https:\/\/www.elcony.com\/it\/","name":"ELCONY","description":"ARBO, VCA en SOG Opleidingen","potentialAction":[{"@type":"SearchAction","target":{"@type":"EntryPoint","urlTemplate":"https:\/\/www.elcony.com\/it\/?s={search_term_string}"},"query-input":{"@type":"PropertyValueSpecification","valueRequired":true,"valueName":"search_term_string"}}],"inLanguage":"cs"}]}},"_links":{"self":[{"href":"https:\/\/www.elcony.com\/cs\/wp-json\/wp\/v2\/pages\/191538","targetHints":{"allow":["GET"]}}],"collection":[{"href":"https:\/\/www.elcony.com\/cs\/wp-json\/wp\/v2\/pages"}],"about":[{"href":"https:\/\/www.elcony.com\/cs\/wp-json\/wp\/v2\/types\/page"}],"author":[{"embeddable":true,"href":"https:\/\/www.elcony.com\/cs\/wp-json\/wp\/v2\/users\/1"}],"replies":[{"embeddable":true,"href":"https:\/\/www.elcony.com\/cs\/wp-json\/wp\/v2\/comments?post=191538"}],"version-history":[{"count":3,"href":"https:\/\/www.elcony.com\/cs\/wp-json\/wp\/v2\/pages\/191538\/revisions"}],"predecessor-version":[{"id":391254,"href":"https:\/\/www.elcony.com\/cs\/wp-json\/wp\/v2\/pages\/191538\/revisions\/391254"}],"wp:attachment":[{"href":"https:\/\/www.elcony.com\/cs\/wp-json\/wp\/v2\/media?parent=191538"}],"curies":[{"name":"wp","href":"https:\/\/api.w.org\/{rel}","templated":true}]}}