{"id":233941,"date":"2023-11-25T08:39:10","date_gmt":"2023-11-25T07:39:10","guid":{"rendered":"https:\/\/www.elcony.com\/kroutici-moment-a-napinani\/"},"modified":"2026-02-06T13:54:33","modified_gmt":"2026-02-06T12:54:33","slug":"kroutici-moment-a-napinani","status":"publish","type":"page","link":"https:\/\/www.elcony.com\/cs\/kroutici-moment-a-napinani\/","title":{"rendered":"Utahov\u00e1n\u00ed momentem a nap\u00edn\u00e1n\u00ed"},"content":{"rendered":"<div class=\"fusion-fullwidth fullwidth-box fusion-builder-row-1 fusion-flex-container has-pattern-background has-mask-background nonhundred-percent-fullwidth non-hundred-percent-height-scrolling\" style=\"--awb-border-radius-top-left:0px;--awb-border-radius-top-right:0px;--awb-border-radius-bottom-right:0px;--awb-border-radius-bottom-left:0px;--awb-flex-wrap:wrap;\" ><div class=\"fusion-builder-row fusion-row fusion-flex-align-items-flex-start fusion-flex-content-wrap\" style=\"max-width:101%;margin-left: calc(-1% \/ 2 );margin-right: calc(-1% \/ 2 );\"><div class=\"fusion-layout-column fusion_builder_column fusion-builder-column-0 fusion_builder_column_1_5 1_5 fusion-flex-column\" style=\"--awb-bg-size:cover;--awb-width-large:20%;--awb-margin-top-large:5px;--awb-spacing-right-large:2.475%;--awb-margin-bottom-large:5px;--awb-spacing-left-large:2.475%;--awb-width-medium:100%;--awb-order-medium:0;--awb-spacing-right-medium:0.495%;--awb-spacing-left-medium:0.495%;--awb-width-small:100%;--awb-order-small:0;--awb-spacing-right-small:0.495%;--awb-spacing-left-small:0.495%;\"><div class=\"fusion-column-wrapper fusion-column-has-shadow fusion-flex-justify-content-flex-start fusion-content-layout-column\"><\/div><\/div><div class=\"fusion-layout-column fusion_builder_column fusion-builder-column-1 fusion_builder_column_3_5 3_5 fusion-flex-column\" style=\"--awb-bg-size:cover;--awb-width-large:60%;--awb-margin-top-large:5px;--awb-spacing-right-large:0.825%;--awb-margin-bottom-large:5px;--awb-spacing-left-large:0.825%;--awb-width-medium:100%;--awb-order-medium:0;--awb-spacing-right-medium:0.495%;--awb-spacing-left-medium:0.495%;--awb-width-small:100%;--awb-order-small:0;--awb-spacing-right-small:0.495%;--awb-spacing-left-small:0.495%;\"><div class=\"fusion-column-wrapper fusion-column-has-shadow fusion-flex-justify-content-flex-start fusion-content-layout-column\"><div class=\"fusion-text fusion-text-1\"><h1>Kurz utahov\u00e1n\u00ed momentem a nap\u00edn\u00e1n\u00ed<\/h1>\n<p> Pr\u00e1ce se za\u0159\u00edzen\u00edm pro utahov\u00e1n\u00ed momentem a nap\u00edn\u00e1n\u00ed vy\u017eaduje specializovan\u00e9 odborn\u00e9 znalosti, p\u0159esnost a d\u016fsledn\u00e9 dodr\u017eov\u00e1n\u00ed stanoven\u00fdch postup\u016f. V kurzu utahov\u00e1n\u00ed momentem a nap\u00edn\u00e1n\u00ed se nau\u010d\u00edte pracovat s \u0161roubov\u00fdmi spoji bezpe\u010dn\u011b, kontrolovan\u011b a v souladu s platn\u00fdmi normami v pr\u016fmyslov\u00e9m prost\u0159ed\u00ed. <\/p>\n<h2>Co je utahov\u00e1n\u00ed momentem a nap\u00edn\u00e1n\u00ed?<\/h2>\n<p> Utahov\u00e1n\u00ed momentem a nap\u00edn\u00e1n\u00ed jsou kontrolovan\u00e9 metody pro utahov\u00e1n\u00ed a povolov\u00e1n\u00ed \u0161roubov\u00fdch spoj\u016f. Utahov\u00e1n\u00ed momentem vyu\u017e\u00edv\u00e1 p\u0159edem nastavenou hodnotu utahovac\u00edho momentu, zat\u00edmco nap\u00edn\u00e1n\u00ed pracuje s prodlou\u017een\u00edm \u0161roubu pomoc\u00ed hydraulick\u00e9ho nap\u011bt\u00ed. Ob\u011b techniky jsou nezbytn\u00e9 pro bezpe\u010dn\u00e9 a spolehliv\u00e9 p\u0159\u00edrubov\u00e9 a \u0161roubov\u00e9 spoje. <\/p>\n<h2>Pro koho je kurz utahov\u00e1n\u00ed momentem a nap\u00edn\u00e1n\u00ed ur\u010den?<\/h2>\n<ul>\n<li>Mont\u00e9ry a techniky \u00fadr\u017eby.<\/li>\n<li>Zam\u011bstnance v (petro)chemick\u00e9m pr\u016fmyslu.<\/li>\n<li>Technick\u00fd person\u00e1l pracuj\u00edc\u00ed se \u0161roubov\u00fdmi a p\u0159\u00edrubov\u00fdmi spoji.<\/li>\n<li>OSV\u010c a extern\u00ed dodavatele.<\/li>\n<\/ul>\n<h2>Utahov\u00e1n\u00ed momentem a nap\u00edn\u00e1n\u00ed bez SOG<\/h2>\n<h3>C\u00edlov\u00e1 skupina<\/h3>\n<p> Toto \u0161kolen\u00ed je vhodn\u00e9 pro mont\u00e9ry, kte\u0159\u00ed pracuj\u00ed s hydraulick\u00fdm za\u0159\u00edzen\u00edm pro utahov\u00e1n\u00ed momentem a nap\u00edn\u00e1n\u00ed u objednavatel\u016f, kde neplat\u00ed povinnost SOG. <\/p>\n<h3>Kdy zvolit utahov\u00e1n\u00ed momentem a nap\u00edn\u00e1n\u00ed bez SOG?<\/h3>\n<ul>\n<li>V\u00e1\u0161 objednavatel nevy\u017eaduje diplom SOG.<\/li>\n<li>Pracujete podle intern\u00edch bezpe\u010dnostn\u00edch postup\u016f.<\/li>\n<li>Chcete se prakticky nau\u010dit pracovat bez extern\u00ed zkou\u0161ky SOG.<\/li>\n<\/ul>\n<p> Po absolvov\u00e1n\u00ed obdr\u017e\u00edte diplom s registrac\u00ed v <strong>Registru diplom\u016f ELCONY<\/strong>, kter\u00fd je <strong>platn\u00fd 5 let<\/strong>. <\/p>\n<h3>D\u00e9lka kurzu a <strong>cena<\/strong><\/h3>\n<ul>\n<li>1 den s existuj\u00edc\u00edmi znalostmi prost\u0159ednictv\u00edm na\u0161\u00ed online p\u0159\u00edpravy nebo opakovac\u00edho kurzu: <strong>\u20ac 285,00<\/strong> bez DPH<\/li>\n<li>2 dny bez p\u0159edchoz\u00edch zku\u0161enost\u00ed: <strong>\u20ac 485,00<\/strong> bez DPH<\/li>\n<\/ul>\n<h2>Utahov\u00e1n\u00ed momentem a nap\u00edn\u00e1n\u00ed se SOG<\/h2>\n<h3>C\u00edlov\u00e1 skupina<\/h3>\n<p> Kurz utahov\u00e1n\u00ed momentem a nap\u00edn\u00e1n\u00ed uzn\u00e1van\u00fd SOG je ur\u010den pro mont\u00e9ry pracuj\u00edc\u00ed u objednavatel\u016f, kde je vy\u017eadov\u00e1n ofici\u00e1ln\u011b uzn\u00e1van\u00fd diplom. <\/p>\n<h3>Kdy je utahov\u00e1n\u00ed momentem a nap\u00edn\u00e1n\u00ed (SOG) povinn\u00e9?<\/h3>\n<ul>\n<li>P\u0159i prac\u00edch v (petro)chemick\u00e9m pr\u016fmyslu.<\/li>\n<li>B\u011bhem odst\u00e1vek \u00fadr\u017eby a gener\u00e1ln\u00edch oprav (turnarounds).<\/li>\n<li>U objednavatel\u016f pracuj\u00edc\u00edch podle po\u017eadavk\u016f SSVV.<\/li>\n<li>Na pracovi\u0161t\u00edch s p\u0159\u00edsn\u011b regulovan\u00fdmi bezpe\u010dnostn\u00edmi postupy.<\/li>\n<\/ul>\n<p> Po \u00fasp\u011b\u0161n\u00e9m slo\u017een\u00ed zkou\u0161ky je diplom registrov\u00e1n v <strong>Registru diplom\u016f SSVV<\/strong> a je <strong>platn\u00fd 5 let<\/strong>. <\/p>\n<h3>D\u00e9lka kurzu a cena<\/h3>\n<ul>\n<li>1 den s existuj\u00edc\u00edmi znalostmi prost\u0159ednictv\u00edm na\u0161\u00ed online p\u0159\u00edpravy nebo opakovac\u00edho kurzu: <strong>\u20ac 359,00<\/strong> bez DPH<\/li>\n<li>2 dny bez p\u0159edchoz\u00edch zku\u0161enost\u00ed: <strong>\u20ac 559,00<\/strong> bez DPH<\/li>\n<\/ul>\n<h2>M\u00edsto kon\u00e1n\u00ed<\/h2>\n<p> Kurzy se konaj\u00ed na n\u011bkolika m\u00edstech v Nizozemsku a mohou prob\u00edhat tak\u00e9 na va\u0161em vlastn\u00edm pracovi\u0161ti. <\/p>\n<h2>Kontakt<\/h2>\n<p> Pro v\u00edce informac\u00ed nebo pro p\u0159ihl\u00e1\u0161en\u00ed m\u016f\u017eete volat na <strong>+31(0)88-2200100<\/strong> nebo poslat e-mail na <strong><a href=\"m&#97;&#x69;&#x6c;&#x74;o&#58;&#x69;&#x6e;&#x66;o&#64;&#x65;&#x6c;&#x63;o&#110;&#x79;&#x2e;&#x63;o&#109;\">in&#102;&#111;&#64;&#x65;&#x6c;&#x63;&#x6f;&#x6e;y&#46;&#99;&#111;&#109;<\/a><\/strong>.<\/p>\n<\/div><\/div><\/div><div class=\"fusion-layout-column fusion_builder_column fusion-builder-column-2 fusion_builder_column_1_5 1_5 fusion-flex-column\" style=\"--awb-bg-size:cover;--awb-width-large:20%;--awb-margin-top-large:5px;--awb-spacing-right-large:2.475%;--awb-margin-bottom-large:5px;--awb-spacing-left-large:2.475%;--awb-width-medium:100%;--awb-order-medium:0;--awb-spacing-right-medium:0.495%;--awb-spacing-left-medium:0.495%;--awb-width-small:100%;--awb-order-small:0;--awb-spacing-right-small:0.495%;--awb-spacing-left-small:0.495%;\"><div class=\"fusion-column-wrapper fusion-column-has-shadow fusion-flex-justify-content-flex-start fusion-content-layout-column\"><\/div><\/div><\/div><\/div>\n","protected":false},"excerpt":{"rendered":"","protected":false},"author":1,"featured_media":0,"parent":0,"menu_order":2,"comment_status":"closed","ping_status":"closed","template":"","meta":{"footnotes":""},"class_list":["post-233941","page","type-page","status-publish","hentry"],"yoast_head":"<!-- This site is optimized with the Yoast SEO plugin v27.3 - https:\/\/yoast.com\/product\/yoast-seo-wordpress\/ -->\n<title>Kurz \u201eUtahov\u00e1n\u00ed momentem a nap\u00edn\u00e1n\u00ed\u201c (SOG) | Tak\u00e9 Incompany<\/title>\n<meta name=\"description\" content=\"Kurz Torque &amp; Tensioning SOG nebo ELCONY. Spl\u0148te nizozemsk\u00e9 normy, p\u0159i nich\u017e je vy\u017eadov\u00e1n platn\u00fd diplom SOG.\" \/>\n<meta name=\"robots\" content=\"index, follow, max-snippet:-1, max-image-preview:large, max-video-preview:-1\" \/>\n<link rel=\"canonical\" href=\"https:\/\/www.elcony.com\/cs\/kroutici-moment-a-napinani\/\" \/>\n<script type=\"application\/ld+json\" class=\"yoast-schema-graph\">{\"@context\":\"https:\\\/\\\/schema.org\",\"@graph\":[{\"@type\":\"WebPage\",\"@id\":\"https:\\\/\\\/www.elcony.com\\\/cs\\\/kroutici-moment-a-napinani\\\/\",\"url\":\"https:\\\/\\\/www.elcony.com\\\/cs\\\/kroutici-moment-a-napinani\\\/\",\"name\":\"Kurz \u201eUtahov\u00e1n\u00ed momentem a nap\u00edn\u00e1n\u00ed\u201c (SOG) | Tak\u00e9 Incompany\",\"isPartOf\":{\"@id\":\"https:\\\/\\\/www.elcony.com\\\/it\\\/#website\"},\"datePublished\":\"2023-11-25T07:39:10+00:00\",\"dateModified\":\"2026-02-06T12:54:33+00:00\",\"description\":\"Kurz Torque & Tensioning SOG nebo ELCONY. Spl\u0148te nizozemsk\u00e9 normy, p\u0159i nich\u017e je vy\u017eadov\u00e1n platn\u00fd diplom SOG.\",\"breadcrumb\":{\"@id\":\"https:\\\/\\\/www.elcony.com\\\/cs\\\/kroutici-moment-a-napinani\\\/#breadcrumb\"},\"inLanguage\":\"cs\",\"potentialAction\":[{\"@type\":\"ReadAction\",\"target\":[\"https:\\\/\\\/www.elcony.com\\\/cs\\\/kroutici-moment-a-napinani\\\/\"]}]},{\"@type\":\"BreadcrumbList\",\"@id\":\"https:\\\/\\\/www.elcony.com\\\/cs\\\/kroutici-moment-a-napinani\\\/#breadcrumb\",\"itemListElement\":[{\"@type\":\"ListItem\",\"position\":1,\"name\":\"Home\",\"item\":\"http:\\\/\\\/www.elcony.com\\\/cs\\\/\"},{\"@type\":\"ListItem\",\"position\":2,\"name\":\"Utahov\u00e1n\u00ed momentem a nap\u00edn\u00e1n\u00ed\"}]},{\"@type\":\"WebSite\",\"@id\":\"https:\\\/\\\/www.elcony.com\\\/it\\\/#website\",\"url\":\"https:\\\/\\\/www.elcony.com\\\/it\\\/\",\"name\":\"ELCONY\",\"description\":\"ARBO, VCA en SOG Opleidingen\",\"potentialAction\":[{\"@type\":\"SearchAction\",\"target\":{\"@type\":\"EntryPoint\",\"urlTemplate\":\"https:\\\/\\\/www.elcony.com\\\/it\\\/?s={search_term_string}\"},\"query-input\":{\"@type\":\"PropertyValueSpecification\",\"valueRequired\":true,\"valueName\":\"search_term_string\"}}],\"inLanguage\":\"cs\"}]}<\/script>\n<!-- \/ Yoast SEO plugin. -->","yoast_head_json":{"title":"Kurz \u201eUtahov\u00e1n\u00ed momentem a nap\u00edn\u00e1n\u00ed\u201c (SOG) | Tak\u00e9 Incompany","description":"Kurz Torque & Tensioning SOG nebo ELCONY. Spl\u0148te nizozemsk\u00e9 normy, p\u0159i nich\u017e je vy\u017eadov\u00e1n platn\u00fd diplom SOG.","robots":{"index":"index","follow":"follow","max-snippet":"max-snippet:-1","max-image-preview":"max-image-preview:large","max-video-preview":"max-video-preview:-1"},"canonical":"https:\/\/www.elcony.com\/cs\/kroutici-moment-a-napinani\/","schema":{"@context":"https:\/\/schema.org","@graph":[{"@type":"WebPage","@id":"https:\/\/www.elcony.com\/cs\/kroutici-moment-a-napinani\/","url":"https:\/\/www.elcony.com\/cs\/kroutici-moment-a-napinani\/","name":"Kurz \u201eUtahov\u00e1n\u00ed momentem a nap\u00edn\u00e1n\u00ed\u201c (SOG) | Tak\u00e9 Incompany","isPartOf":{"@id":"https:\/\/www.elcony.com\/it\/#website"},"datePublished":"2023-11-25T07:39:10+00:00","dateModified":"2026-02-06T12:54:33+00:00","description":"Kurz Torque & Tensioning SOG nebo ELCONY. Spl\u0148te nizozemsk\u00e9 normy, p\u0159i nich\u017e je vy\u017eadov\u00e1n platn\u00fd diplom SOG.","breadcrumb":{"@id":"https:\/\/www.elcony.com\/cs\/kroutici-moment-a-napinani\/#breadcrumb"},"inLanguage":"cs","potentialAction":[{"@type":"ReadAction","target":["https:\/\/www.elcony.com\/cs\/kroutici-moment-a-napinani\/"]}]},{"@type":"BreadcrumbList","@id":"https:\/\/www.elcony.com\/cs\/kroutici-moment-a-napinani\/#breadcrumb","itemListElement":[{"@type":"ListItem","position":1,"name":"Home","item":"http:\/\/www.elcony.com\/cs\/"},{"@type":"ListItem","position":2,"name":"Utahov\u00e1n\u00ed momentem a nap\u00edn\u00e1n\u00ed"}]},{"@type":"WebSite","@id":"https:\/\/www.elcony.com\/it\/#website","url":"https:\/\/www.elcony.com\/it\/","name":"ELCONY","description":"ARBO, VCA en SOG Opleidingen","potentialAction":[{"@type":"SearchAction","target":{"@type":"EntryPoint","urlTemplate":"https:\/\/www.elcony.com\/it\/?s={search_term_string}"},"query-input":{"@type":"PropertyValueSpecification","valueRequired":true,"valueName":"search_term_string"}}],"inLanguage":"cs"}]}},"_links":{"self":[{"href":"https:\/\/www.elcony.com\/cs\/wp-json\/wp\/v2\/pages\/233941","targetHints":{"allow":["GET"]}}],"collection":[{"href":"https:\/\/www.elcony.com\/cs\/wp-json\/wp\/v2\/pages"}],"about":[{"href":"https:\/\/www.elcony.com\/cs\/wp-json\/wp\/v2\/types\/page"}],"author":[{"embeddable":true,"href":"https:\/\/www.elcony.com\/cs\/wp-json\/wp\/v2\/users\/1"}],"replies":[{"embeddable":true,"href":"https:\/\/www.elcony.com\/cs\/wp-json\/wp\/v2\/comments?post=233941"}],"version-history":[{"count":3,"href":"https:\/\/www.elcony.com\/cs\/wp-json\/wp\/v2\/pages\/233941\/revisions"}],"predecessor-version":[{"id":391314,"href":"https:\/\/www.elcony.com\/cs\/wp-json\/wp\/v2\/pages\/233941\/revisions\/391314"}],"wp:attachment":[{"href":"https:\/\/www.elcony.com\/cs\/wp-json\/wp\/v2\/media?parent=233941"}],"curies":[{"name":"wp","href":"https:\/\/api.w.org\/{rel}","templated":true}]}}