{"id":234404,"date":"2023-11-26T14:08:45","date_gmt":"2023-11-26T13:08:45","guid":{"rendered":"https:\/\/www.elcony.com\/presun-nakladu\/"},"modified":"2023-11-26T14:11:17","modified_gmt":"2023-11-26T13:11:17","slug":"presun-nakladu","status":"publish","type":"page","link":"https:\/\/www.elcony.com\/cs\/presun-nakladu\/","title":{"rendered":"P\u0159esun n\u00e1kladu"},"content":{"rendered":"<p><div class=\"fusion-fullwidth fullwidth-box fusion-builder-row-1 nonhundred-percent-fullwidth non-hundred-percent-height-scrolling\" style=\"--awb-border-radius-top-left:0px;--awb-border-radius-top-right:0px;--awb-border-radius-bottom-right:0px;--awb-border-radius-bottom-left:0px;--awb-flex-wrap:wrap;\" ><div class=\"fusion-builder-row fusion-row\"><div class=\"fusion-layout-column fusion_builder_column fusion-builder-column-0 fusion_builder_column_1_6 1_6 fusion-one-sixth fusion-column-first\" style=\"--awb-bg-size:cover;width:16.666666666667%;width:calc(16.666666666667% - ( ( 4% + 4% ) * 0.16666666666667 ) );margin-right: 4%;\"><div class=\"fusion-column-wrapper fusion-flex-column-wrapper-legacy\"><div class=\"fusion-sep-clear\"><\/div><div class=\"fusion-separator fusion-full-width-sep\" style=\"margin-left: auto;margin-right: auto;margin-top:20px;width:100%;\"><\/div><div class=\"fusion-sep-clear\"><\/div><div class=\"fusion-clearfix\"><\/div><\/div><\/div><div class=\"fusion-layout-column fusion_builder_column fusion-builder-column-1 fusion_builder_column_2_3 2_3 fusion-two-third\" style=\"--awb-padding-bottom:20px;--awb-bg-size:cover;--awb-margin-top:0px;--awb-margin-bottom:0px;width:66.666666666667%;width:calc(66.666666666667% - ( ( 4% + 4% ) * 0.66666666666667 ) );margin-right: 4%;\"><div class=\"fusion-column-wrapper fusion-flex-column-wrapper-legacy\"><div class=\"fusion-content-boxes content-boxes columns row fusion-columns-2 fusion-columns-total-2 fusion-content-boxes-1 content-boxes-clean-vertical content-left content-boxes-icon-on-top\" style=\"--awb-hover-accent-color:#555555;--awb-circle-hover-accent-color:#555555;\" data-animationOffset=\"top-into-view\"><div style=\"--awb-backgroundcolor:rgba(255,255,255,0);border-color:rgba(255,255,255,0);\" class=\"fusion-column content-box-column content-box-column content-box-column-1 col-lg-6 col-md-6 col-sm-6 fusion-content-box-hover content-box-column-first-in-row\"><div class=\"col content-box-wrapper content-wrapper link-area-box link-type-text icon-hover-animation-fade\" data-link=\"#vvl-elcony\" data-link-target=\"_self\" data-animationOffset=\"top-into-view\"><div class=\"heading heading-with-icon icon-left\"><a class=\"heading-link\" href=\"#vvl-elcony\" target=\"_self\"><div aria-hidden=\"true\" class=\"image\"><img decoding=\"async\" src=\"https:\/\/www.elcony.com\/wp-content\/uploads\/2023\/09\/Logo-ELCONY-160x100-1.png\" width=\"160\" height=\"100\" alt=\"\" \/><\/div><h2 class=\"content-box-heading\" style=\"--h2_typography-font-size:26px;line-height:31px;\">Posunut\u00ed z\u00e1t\u011b\u017ee (VVL)<\/h2><\/a><\/div><div class=\"fusion-clearfix\"><\/div><a class=\" fusion-read-more\" href=\"#vvl-elcony\" target=\"_self\">V\u00edce informac\u00ed<\/a><div class=\"fusion-clearfix\"><\/div><\/div><\/div><div style=\"--awb-backgroundcolor:rgba(255,255,255,0);border-color:rgba(255,255,255,0);\" class=\"fusion-column content-box-column content-box-column content-box-column-2 col-lg-6 col-md-6 col-sm-6 fusion-content-box-hover content-box-column-last content-box-column-last-in-row\"><div class=\"col content-box-wrapper content-wrapper link-area-box link-type-text icon-hover-animation-fade\" data-link=\"#hp-elcony\" data-link-target=\"_self\" data-animationOffset=\"top-into-view\"><div class=\"heading heading-with-icon icon-left\"><a class=\"heading-link\" href=\"#hp-elcony\" target=\"_self\"><div aria-hidden=\"true\" class=\"image\"><img decoding=\"async\" src=\"https:\/\/www.elcony.com\/wp-content\/uploads\/2023\/09\/Logo-ELCONY-160x100-1.png\" width=\"160\" height=\"100\" alt=\"\" \/><\/div><h2 class=\"content-box-heading\" style=\"--h2_typography-font-size:26px;line-height:31px;\">Pr\u00e1ce s halou a port\u00e1lov\u00fdm je\u0159\u00e1bem<\/h2><\/a><\/div><div class=\"fusion-clearfix\"><\/div><a class=\" fusion-read-more\" href=\"#hp-elcony\" target=\"_self\">V\u00edce informac\u00ed<\/a><div class=\"fusion-clearfix\"><\/div><\/div><\/div><div class=\"fusion-clearfix\"><\/div><\/div><div class=\"fusion-clearfix\"><\/div><\/div><\/div><div class=\"fusion-layout-column fusion_builder_column fusion-builder-column-2 fusion_builder_column_1_6 1_6 fusion-one-sixth fusion-column-last\" style=\"--awb-bg-size:cover;width:16.666666666667%;width:calc(16.666666666667% - ( ( 4% + 4% ) * 0.16666666666667 ) );\"><div class=\"fusion-column-wrapper fusion-flex-column-wrapper-legacy\"><div class=\"fusion-clearfix\"><\/div><\/div><\/div><\/div><\/div><div id=\"vvl-elcony\" class=\"fusion-container-anchor\"><div class=\"fusion-fullwidth fullwidth-box fusion-builder-row-2 has-pattern-background has-mask-background nonhundred-percent-fullwidth non-hundred-percent-height-scrolling\" style=\"--awb-border-radius-top-left:0px;--awb-border-radius-top-right:0px;--awb-border-radius-bottom-right:0px;--awb-border-radius-bottom-left:0px;--awb-background-color:#f7f7f7;--awb-flex-wrap:wrap;\" ><div class=\"fusion-builder-row fusion-row\"><div class=\"fusion-layout-column fusion_builder_column fusion-builder-column-3 fusion_builder_column_1_6 1_6 fusion-one-sixth fusion-column-first\" style=\"--awb-bg-size:cover;width:16.666666666667%;width:calc(16.666666666667% - ( ( 4% + 4% ) * 0.16666666666667 ) );margin-right: 4%;\"><div class=\"fusion-column-wrapper fusion-flex-column-wrapper-legacy\"><div class=\"fusion-image-element fusion-image-align-center in-legacy-container\" style=\"text-align:center;--awb-caption-title-font-family:var(--h2_typography-font-family);--awb-caption-title-font-weight:var(--h2_typography-font-weight);--awb-caption-title-font-style:var(--h2_typography-font-style);--awb-caption-title-size:var(--h2_typography-font-size);--awb-caption-title-transform:var(--h2_typography-text-transform);--awb-caption-title-line-height:var(--h2_typography-line-height);--awb-caption-title-letter-spacing:var(--h2_typography-letter-spacing);\"><div class=\"imageframe-align-center\"><span class=\" fusion-imageframe imageframe-none imageframe-1 hover-type-none\"><img decoding=\"async\" width=\"160\" height=\"100\" title=\"Logo ELCONY 160&#215;100\" src=\"https:\/\/www.elcony.com\/wp-content\/uploads\/2023\/09\/Logo-ELCONY-160x100-1.png\" alt class=\"img-responsive wp-image-185465\"\/><\/span><\/div><\/div><div class=\"fusion-sep-clear\"><\/div><div class=\"fusion-separator fusion-full-width-sep\" style=\"margin-left: auto;margin-right: auto;margin-top:20px;width:100%;\"><\/div><div class=\"fusion-sep-clear\"><\/div><div class=\"fusion-clearfix\"><\/div><\/div><\/div><div class=\"fusion-layout-column fusion_builder_column fusion-builder-column-4 fusion_builder_column_2_3 2_3 fusion-two-third\" style=\"--awb-padding-bottom:20px;--awb-bg-size:cover;--awb-margin-top:0px;--awb-margin-bottom:0px;width:66.666666666667%;width:calc(66.666666666667% - ( ( 4% + 4% ) * 0.66666666666667 ) );margin-right: 4%;\"><div class=\"fusion-column-wrapper fusion-flex-column-wrapper-legacy\"><div class=\"fusion-text fusion-text-1\"><h2>P\u0159esun n\u00e1kladu (VVL)<\/h2>\n<\/div><div class=\"fusion-text fusion-text-2\"><h3>Skupina \u00fa\u010del\u016f<\/h3>\n<p>Zam\u011bstnanci, kte\u0159\u00ed manipuluj\u00ed s b\u0159emeny a p\u0159em\u00eds\u0165uj\u00ed je na (petro)chemick\u00e9m pracovi\u0161ti v instalac\u00edch, d\u00edln\u00e1ch.<\/p>\n<h3>C\u00edl v\u00fduky<\/h3>\n<p>Um\u011bt bezpe\u010dn\u011b zvedat a p\u0159em\u00eds\u0165ovat b\u0159emena pomoc\u00ed zvedac\u00edch za\u0159\u00edzen\u00ed a zvedac\u00edho n\u00e1\u0159ad\u00ed.<\/p>\n<h3>Teorie<\/h3>\n<p>Pojmy, pr\u00e1vn\u00ed ustanoven\u00ed a p\u0159edpisy.<br \/>\nZvedac\u00ed p\u00e1sy.<br \/>\nOcelov\u00e1 lana.<br \/>\n\u0158et\u011bzy a \u0159et\u011bzov\u00e9 konstrukce.<br \/>\nSpeci\u00e1ln\u00ed zdvihac\u00ed za\u0159\u00edzen\u00ed.<br \/>\nZdvihadla, zvedac\u00ed nosn\u00edky a voz\u00edky.<br \/>\nKontrola a certifikace.<br \/>\nBezpe\u010dn\u00e9 zved\u00e1n\u00ed b\u0159emen.<br \/>\nSignalizace ramenem.<\/p>\n<h3>Praxe<\/h3>\n<p>N\u00e1cvik bezpe\u010dn\u00e9ho zav\u011b\u0161en\u00ed a p\u0159em\u00edst\u011bn\u00ed \u0161oup\u00e1tka, pojistn\u00e9ho ventilu, zak\u0159iven\u00e9 trubky na simula\u010dn\u00edm stojanu a palety s p\u0159edm\u011bty, elektromotoru, le\u0161en\u00e1\u0159sk\u00fdch prken a ocelov\u00e9 p\u0159\u00edhradov\u00e9 konstrukce.<\/p>\n<h3>Po\u017eadavky na ingang<\/h3>\n<p>Uchaze\u010d by m\u011bl b\u00fdt star\u0161\u00ed 18 let. V\u00fdjimku tvo\u0159\u00ed studenti, kte\u0159\u00ed absolvuj\u00ed \u0161kolen\u00ed v r\u00e1mci z\u00edsk\u00e1n\u00ed z\u00e1kladn\u00ed kvalifikace. Pro n\u011b plat\u00ed minim\u00e1ln\u00ed v\u011bk 16 let.<\/p>\n<h3>D\u00e9lka trv\u00e1n\u00ed kurzu<\/h3>\n<p>1 den (2 p\u016fldenn\u00ed lekce).<\/p>\n<h3>Diplom<\/h3>\n<p>Pro kurz &#8220;P\u0159esun b\u0159emen (VVL)&#8221; pou\u017e\u00edv\u00e1 spole\u010dnost ELCONY zku\u0161ebn\u00ed matrice spole\u010dnosti SSVV. Jedin\u00fd rozd\u00edl mezi zkou\u0161kou SOG a zkou\u0161kou ELCONY spo\u010d\u00edv\u00e1 ve zp\u016fsobu zad\u00e1n\u00ed zkou\u0161ky. Po zkou\u0161ce ELCONY \u00fa\u010dastn\u00edci neobdr\u017e\u00ed diplom SOG a nejsou zaps\u00e1ni v centr\u00e1ln\u00edm registru diplom\u016f VCA. M\u00edsto toho obdr\u017e\u00ed diplom ELCONY. Tento diplom je v souladu s \u010dl\u00e1nkem 8 z\u00e1kona o pracovn\u00edch podm\u00ednk\u00e1ch, kter\u00fd se t\u00fdk\u00e1 informac\u00ed a pou\u010den\u00ed. Podniky, kter\u00e9 nepova\u017euj\u00ed diplom SSVV za nezbytn\u00fd, se mohou odvolat na z\u00e1kon o bezpe\u010dnosti a ochran\u011b zdrav\u00ed p\u0159i pr\u00e1ci. T\u011bmto spole\u010dnostem nab\u00edz\u00ed ELCONY alternativu.<br \/>\nPlatnost diplomu je p\u011bt let.<\/p>\n<\/div><div class=\"fusion-text fusion-text-3\"><h3>Cena<\/h3>\n<p>229,00 \u20ac na osobu. Pro \u00fa\u010dast ve firm\u011b plat\u00ed minim\u00e1ln\u00ed po\u010det 6 \u00fa\u010dastn\u00edk\u016f.<\/p>\n<\/div><div class=\"fusion-text fusion-text-4\"><p>Nev\u00e1hejte n\u00e1m zavolat na <strong>+31(0)88-2200100<\/strong> nebo poslat e-mail na <a href=\"&#x6d;&#x61;&#x69;&#x6c;&#x74;&#111;&#58;&#105;&#110;fo&#64;&#x65;&#x6c;&#x63;&#x6f;&#x6e;&#x79;&#46;&#99;&#111;m\"><strong>&#x69;&#x6e;&#x66;&#111;&#64;&#101;lc&#x6f;&#x6e;&#x79;&#x2e;&#99;&#111;m<\/strong><\/a>.<\/p>\n<\/div><div class=\"fusion-clearfix\"><\/div><\/div><\/div><div class=\"fusion-layout-column fusion_builder_column fusion-builder-column-5 fusion_builder_column_1_6 1_6 fusion-one-sixth fusion-column-last\" style=\"--awb-bg-size:cover;width:16.666666666667%;width:calc(16.666666666667% - ( ( 4% + 4% ) * 0.16666666666667 ) );\"><div class=\"fusion-column-wrapper fusion-flex-column-wrapper-legacy\"><div class=\"fusion-clearfix\"><\/div><\/div><\/div><\/div><\/div><\/div><div id=\"hp-elcony\" class=\"fusion-container-anchor\"><div class=\"fusion-fullwidth fullwidth-box fusion-builder-row-3 has-pattern-background has-mask-background nonhundred-percent-fullwidth non-hundred-percent-height-scrolling\" style=\"--awb-border-radius-top-left:0px;--awb-border-radius-top-right:0px;--awb-border-radius-bottom-right:0px;--awb-border-radius-bottom-left:0px;--awb-flex-wrap:wrap;\" ><div class=\"fusion-builder-row fusion-row\"><div class=\"fusion-layout-column fusion_builder_column fusion-builder-column-6 fusion_builder_column_1_6 1_6 fusion-one-sixth fusion-column-first\" style=\"--awb-bg-size:cover;width:16.666666666667%;width:calc(16.666666666667% - ( ( 4% + 4% ) * 0.16666666666667 ) );margin-right: 4%;\"><div class=\"fusion-column-wrapper fusion-flex-column-wrapper-legacy\"><div class=\"fusion-image-element fusion-image-align-center in-legacy-container\" style=\"text-align:center;--awb-caption-title-font-family:var(--h2_typography-font-family);--awb-caption-title-font-weight:var(--h2_typography-font-weight);--awb-caption-title-font-style:var(--h2_typography-font-style);--awb-caption-title-size:var(--h2_typography-font-size);--awb-caption-title-transform:var(--h2_typography-text-transform);--awb-caption-title-line-height:var(--h2_typography-line-height);--awb-caption-title-letter-spacing:var(--h2_typography-letter-spacing);\"><div class=\"imageframe-align-center\"><span class=\" fusion-imageframe imageframe-none imageframe-2 hover-type-none\"><img decoding=\"async\" width=\"160\" height=\"100\" title=\"Logo ELCONY 160&#215;100\" src=\"https:\/\/www.elcony.com\/wp-content\/uploads\/2023\/09\/Logo-ELCONY-160x100-1.png\" alt class=\"img-responsive wp-image-185465\"\/><\/span><\/div><\/div><div class=\"fusion-sep-clear\"><\/div><div class=\"fusion-separator fusion-full-width-sep\" style=\"margin-left: auto;margin-right: auto;margin-top:20px;width:100%;\"><\/div><div class=\"fusion-sep-clear\"><\/div><div class=\"fusion-clearfix\"><\/div><\/div><\/div><div class=\"fusion-layout-column fusion_builder_column fusion-builder-column-7 fusion_builder_column_2_3 2_3 fusion-two-third\" style=\"--awb-padding-bottom:20px;--awb-bg-size:cover;--awb-margin-top:0px;--awb-margin-bottom:0px;width:66.666666666667%;width:calc(66.666666666667% - ( ( 4% + 4% ) * 0.66666666666667 ) );margin-right: 4%;\"><div class=\"fusion-column-wrapper fusion-flex-column-wrapper-legacy\"><div class=\"fusion-text fusion-text-5\"><h1>Pr\u00e1ce s halou a port\u00e1lov\u00fdm je\u0159\u00e1bem<\/h1>\n<\/div><div class=\"fusion-text fusion-text-6\"><h3>C\u00edlov\u00e1 skupina<\/h3>\n<p>Zam\u011bstnanci, kte\u0159\u00ed pou\u017e\u00edvaj\u00ed halov\u00fd nebo port\u00e1lov\u00fd je\u0159\u00e1b.<\/p>\n<h3>C\u00edl v\u00fduky<\/h3>\n<p>Vyzkou\u0161et si a nau\u010dit se bezpe\u010dn\u011b pracovat s halov\u00fdm nebo port\u00e1lov\u00fdm je\u0159\u00e1bem a manipulovat s b\u0159emeny.<\/p>\n<h3>Teorie<\/h3>\n<p>Pojmy, pr\u00e1vn\u00ed ustanoven\u00ed a p\u0159edpisy.<br \/>\nZvedac\u00ed p\u00e1sy.<br \/>\nOcelov\u00e1 lana.<br \/>\n\u0158et\u011bzy a \u0159et\u011bzov\u00e9 konstrukce.<br \/>\nSpeci\u00e1ln\u00ed zdvihac\u00ed za\u0159\u00edzen\u00ed.<br \/>\nZdvihadla, zvedac\u00ed nosn\u00edky a voz\u00edky.<br \/>\nKontrola a certifikace.<br \/>\nBezpe\u010dn\u00e9 zved\u00e1n\u00ed b\u0159emen.<br \/>\nSignalizace ramenem.<\/p>\n<h3>Praxe<\/h3>\n<p>N\u00e1cvik bezpe\u010dn\u00e9ho zav\u011b\u0161en\u00ed a p\u0159em\u00edst\u011bn\u00ed \u0161oup\u00e1tka, pojistn\u00e9ho ventilu, zak\u0159iven\u00e9 trubky na simula\u010dn\u00edm stojanu a palety s p\u0159edm\u011bty, elektromotoru, le\u0161en\u00e1\u0159sk\u00fdch prken a ocelov\u00e9 p\u0159\u00edhradov\u00e9 konstrukce.<\/p>\n<h3>Po\u017eadavky na ingang<\/h3>\n<p>Uchaze\u010d by m\u011bl b\u00fdt star\u0161\u00ed 18 let. V\u00fdjimku tvo\u0159\u00ed studenti, kte\u0159\u00ed absolvuj\u00ed \u0161kolen\u00ed v r\u00e1mci z\u00edsk\u00e1n\u00ed z\u00e1kladn\u00ed kvalifikace. Pro n\u011b plat\u00ed minim\u00e1ln\u00ed v\u011bk 16 let.<\/p>\n<h3>D\u00e9lka trv\u00e1n\u00ed kurzu<\/h3>\n<p>1 den (2 p\u016fldenn\u00ed lekce).<\/p>\n<h3>Diplom<\/h3>\n<p>Podle z\u00e1kona o pracovn\u00edch podm\u00ednk\u00e1ch, \u010dl\u00e1nek 8 &#8211; Informace a pou\u010den\u00ed.<br \/>\nPlatnost 5 let.<\/p>\n<\/div><div class=\"fusion-text fusion-text-7\"><h3>Cena<\/h3>\n<p>229,00 \u20ac na osobu. Pro \u00fa\u010dast ve firm\u011b plat\u00ed minim\u00e1ln\u00ed po\u010det 6 \u00fa\u010dastn\u00edk\u016f.<\/p>\n<\/div><div class=\"fusion-text fusion-text-8\"><p>Nev\u00e1hejte n\u00e1m zavolat na <strong>+31(0)88-2200100<\/strong> nebo poslat e-mail na <a href=\"mai&#108;&#116;&#111;&#58;&#x69;&#x6e;&#x66;&#x6f;&#x40;&#x65;&#x6c;con&#121;&#46;&#99;&#111;&#109;\"><strong>&#x69;&#x6e;&#x66;&#x6f;&#x40;&#x65;&#108;&#99;&#111;&#110;y&#46;co&#x6d;<\/strong><\/a>.<\/p>\n<\/div><div class=\"fusion-clearfix\"><\/div><\/div><\/div><div class=\"fusion-layout-column fusion_builder_column fusion-builder-column-8 fusion_builder_column_1_6 1_6 fusion-one-sixth fusion-column-last\" style=\"--awb-bg-size:cover;width:16.666666666667%;width:calc(16.666666666667% - ( ( 4% + 4% ) * 0.16666666666667 ) );\"><div class=\"fusion-column-wrapper fusion-flex-column-wrapper-legacy\"><div class=\"fusion-clearfix\"><\/div><\/div><\/div><\/div><\/div><\/div><\/p>\n","protected":false},"excerpt":{"rendered":"","protected":false},"author":1,"featured_media":0,"parent":0,"menu_order":7,"comment_status":"closed","ping_status":"closed","template":"","meta":{"footnotes":""},"class_list":["post-234404","page","type-page","status-publish","hentry"],"yoast_head":"<!-- This site is optimized with the Yoast SEO plugin v27.4 - https:\/\/yoast.com\/product\/yoast-seo-wordpress\/ -->\n<title>Kurz p\u0159esunu b\u0159emen (VVL) | Pro nizozemsk\u00fd pr\u016fmysl<\/title>\n<meta name=\"description\" content=\"Kurz pohybliv\u00fdch b\u0159emen (VVL). Spl\u0148uje nizozemsk\u00e9 normy, kter\u00e9 vy\u017eaduj\u00ed platn\u00fd diplom ARBO.\" \/>\n<meta name=\"robots\" content=\"index, follow, max-snippet:-1, max-image-preview:large, max-video-preview:-1\" \/>\n<link rel=\"canonical\" href=\"https:\/\/www.elcony.com\/cs\/presun-nakladu\/\" \/>\n<script type=\"application\/ld+json\" class=\"yoast-schema-graph\">{\"@context\":\"https:\\\/\\\/schema.org\",\"@graph\":[{\"@type\":\"WebPage\",\"@id\":\"https:\\\/\\\/www.elcony.com\\\/cs\\\/presun-nakladu\\\/\",\"url\":\"https:\\\/\\\/www.elcony.com\\\/cs\\\/presun-nakladu\\\/\",\"name\":\"Kurz p\u0159esunu b\u0159emen (VVL) | Pro nizozemsk\u00fd pr\u016fmysl\",\"isPartOf\":{\"@id\":\"https:\\\/\\\/www.elcony.com\\\/it\\\/#website\"},\"datePublished\":\"2023-11-26T13:08:45+00:00\",\"dateModified\":\"2023-11-26T13:11:17+00:00\",\"description\":\"Kurz pohybliv\u00fdch b\u0159emen (VVL). Spl\u0148uje nizozemsk\u00e9 normy, kter\u00e9 vy\u017eaduj\u00ed platn\u00fd diplom ARBO.\",\"breadcrumb\":{\"@id\":\"https:\\\/\\\/www.elcony.com\\\/cs\\\/presun-nakladu\\\/#breadcrumb\"},\"inLanguage\":\"cs\",\"potentialAction\":[{\"@type\":\"ReadAction\",\"target\":[\"https:\\\/\\\/www.elcony.com\\\/cs\\\/presun-nakladu\\\/\"]}]},{\"@type\":\"BreadcrumbList\",\"@id\":\"https:\\\/\\\/www.elcony.com\\\/cs\\\/presun-nakladu\\\/#breadcrumb\",\"itemListElement\":[{\"@type\":\"ListItem\",\"position\":1,\"name\":\"Home\",\"item\":\"http:\\\/\\\/www.elcony.com\\\/cs\\\/\"},{\"@type\":\"ListItem\",\"position\":2,\"name\":\"P\u0159esun n\u00e1kladu\"}]},{\"@type\":\"WebSite\",\"@id\":\"https:\\\/\\\/www.elcony.com\\\/it\\\/#website\",\"url\":\"https:\\\/\\\/www.elcony.com\\\/it\\\/\",\"name\":\"ELCONY\",\"description\":\"ARBO, VCA en SOG Opleidingen\",\"potentialAction\":[{\"@type\":\"SearchAction\",\"target\":{\"@type\":\"EntryPoint\",\"urlTemplate\":\"https:\\\/\\\/www.elcony.com\\\/it\\\/?s={search_term_string}\"},\"query-input\":{\"@type\":\"PropertyValueSpecification\",\"valueRequired\":true,\"valueName\":\"search_term_string\"}}],\"inLanguage\":\"cs\"}]}<\/script>\n<!-- \/ Yoast SEO plugin. -->","yoast_head_json":{"title":"Kurz p\u0159esunu b\u0159emen (VVL) | Pro nizozemsk\u00fd pr\u016fmysl","description":"Kurz pohybliv\u00fdch b\u0159emen (VVL). Spl\u0148uje nizozemsk\u00e9 normy, kter\u00e9 vy\u017eaduj\u00ed platn\u00fd diplom ARBO.","robots":{"index":"index","follow":"follow","max-snippet":"max-snippet:-1","max-image-preview":"max-image-preview:large","max-video-preview":"max-video-preview:-1"},"canonical":"https:\/\/www.elcony.com\/cs\/presun-nakladu\/","schema":{"@context":"https:\/\/schema.org","@graph":[{"@type":"WebPage","@id":"https:\/\/www.elcony.com\/cs\/presun-nakladu\/","url":"https:\/\/www.elcony.com\/cs\/presun-nakladu\/","name":"Kurz p\u0159esunu b\u0159emen (VVL) | Pro nizozemsk\u00fd pr\u016fmysl","isPartOf":{"@id":"https:\/\/www.elcony.com\/it\/#website"},"datePublished":"2023-11-26T13:08:45+00:00","dateModified":"2023-11-26T13:11:17+00:00","description":"Kurz pohybliv\u00fdch b\u0159emen (VVL). Spl\u0148uje nizozemsk\u00e9 normy, kter\u00e9 vy\u017eaduj\u00ed platn\u00fd diplom ARBO.","breadcrumb":{"@id":"https:\/\/www.elcony.com\/cs\/presun-nakladu\/#breadcrumb"},"inLanguage":"cs","potentialAction":[{"@type":"ReadAction","target":["https:\/\/www.elcony.com\/cs\/presun-nakladu\/"]}]},{"@type":"BreadcrumbList","@id":"https:\/\/www.elcony.com\/cs\/presun-nakladu\/#breadcrumb","itemListElement":[{"@type":"ListItem","position":1,"name":"Home","item":"http:\/\/www.elcony.com\/cs\/"},{"@type":"ListItem","position":2,"name":"P\u0159esun n\u00e1kladu"}]},{"@type":"WebSite","@id":"https:\/\/www.elcony.com\/it\/#website","url":"https:\/\/www.elcony.com\/it\/","name":"ELCONY","description":"ARBO, VCA en SOG Opleidingen","potentialAction":[{"@type":"SearchAction","target":{"@type":"EntryPoint","urlTemplate":"https:\/\/www.elcony.com\/it\/?s={search_term_string}"},"query-input":{"@type":"PropertyValueSpecification","valueRequired":true,"valueName":"search_term_string"}}],"inLanguage":"cs"}]}},"_links":{"self":[{"href":"https:\/\/www.elcony.com\/cs\/wp-json\/wp\/v2\/pages\/234404","targetHints":{"allow":["GET"]}}],"collection":[{"href":"https:\/\/www.elcony.com\/cs\/wp-json\/wp\/v2\/pages"}],"about":[{"href":"https:\/\/www.elcony.com\/cs\/wp-json\/wp\/v2\/types\/page"}],"author":[{"embeddable":true,"href":"https:\/\/www.elcony.com\/cs\/wp-json\/wp\/v2\/users\/1"}],"replies":[{"embeddable":true,"href":"https:\/\/www.elcony.com\/cs\/wp-json\/wp\/v2\/comments?post=234404"}],"version-history":[{"count":0,"href":"https:\/\/www.elcony.com\/cs\/wp-json\/wp\/v2\/pages\/234404\/revisions"}],"wp:attachment":[{"href":"https:\/\/www.elcony.com\/cs\/wp-json\/wp\/v2\/media?parent=234404"}],"curies":[{"name":"wp","href":"https:\/\/api.w.org\/{rel}","templated":true}]}}