{"id":307368,"date":"2024-07-04T10:16:04","date_gmt":"2024-07-04T08:16:04","guid":{"rendered":"https:\/\/www.elcony.com\/atex\/"},"modified":"2025-03-20T23:48:25","modified_gmt":"2025-03-20T22:48:25","slug":"atex","status":"publish","type":"page","link":"https:\/\/www.elcony.com\/cs\/atex\/","title":{"rendered":"ATEX"},"content":{"rendered":"<div class=\"fusion-fullwidth fullwidth-box fusion-builder-row-1 nonhundred-percent-fullwidth non-hundred-percent-height-scrolling\" style=\"--awb-border-radius-top-left:0px;--awb-border-radius-top-right:0px;--awb-border-radius-bottom-right:0px;--awb-border-radius-bottom-left:0px;--awb-flex-wrap:wrap;\" ><div class=\"fusion-builder-row fusion-row\"><div class=\"fusion-layout-column fusion_builder_column fusion-builder-column-0 fusion_builder_column_1_5 1_5 fusion-one-fifth fusion-column-first\" style=\"--awb-bg-size:cover;width:20%;width:calc(20% - ( ( 4% + 4% ) * 0.2 ) );margin-right: 4%;\"><div class=\"fusion-column-wrapper fusion-flex-column-wrapper-legacy\"><div class=\"fusion-clearfix\"><\/div><\/div><\/div><div class=\"fusion-layout-column fusion_builder_column fusion-builder-column-1 fusion_builder_column_3_5 3_5 fusion-three-fifth\" style=\"--awb-padding-bottom:20x;--awb-bg-size:cover;--awb-margin-top:0px;--awb-margin-bottom:0px;width:60%;width:calc(60% - ( ( 4% + 4% ) * 0.6 ) );margin-right: 4%;\"><div class=\"fusion-column-wrapper fusion-flex-column-wrapper-legacy\"><div class=\"fusion-text fusion-text-1\"><h1>Osv\u011btlen\u00ed ATEX (ATEX Awareness)<\/h1>\n<\/div><div class=\"fusion-text fusion-text-2\"><h3>Online kurz s zkou\u0161kou<\/h3>\n<\/div><div class=\"fusion-sep-clear\"><\/div><div class=\"fusion-separator fusion-full-width-sep\" style=\"margin-left: auto;margin-right: auto;margin-top:10px;width:100%;\"><\/div><div class=\"fusion-sep-clear\"><\/div><ul style=\"--awb-line-height:30.6px;--awb-icon-width:30.6px;--awb-icon-height:30.6px;--awb-icon-margin:12.6px;--awb-content-margin:43.2px;--awb-circlecolor:#5894e8;--awb-circle-yes-font-size:15.84px;\" class=\"fusion-checklist fusion-checklist-1 fusion-checklist-default type-icons\"><li class=\"fusion-li-item\" style=\"\"><span class=\"icon-wrapper circle-yes\"><i class=\"fusion-li-icon awb-icon-check\" aria-hidden=\"true\"><\/i><\/span><div class=\"fusion-li-item-content\">\n<p>Vyberte si z n\u011bkolika jazyk\u016f.<\/p>\n<\/div><\/li><li class=\"fusion-li-item\" style=\"\"><span class=\"icon-wrapper circle-yes\"><i class=\"fusion-li-icon awb-icon-check\" aria-hidden=\"true\"><\/i><\/span><div class=\"fusion-li-item-content\">\n<p>Zkou\u0161ku ud\u011blej, kdy\u017e ti to vyhovuje.<\/p>\n<\/div><\/li><\/ul><div class=\"fusion-sep-clear\"><\/div><div class=\"fusion-separator fusion-full-width-sep\" style=\"margin-left: auto;margin-right: auto;margin-top:20px;width:100%;\"><\/div><div class=\"fusion-sep-clear\"><\/div><div class=\"fusion-button-wrapper\"><a class=\"fusion-button button-3d fusion-button-default-size button-default fusion-button-default button-1 fusion-button-default-span fusion-button-default-type fusion-animated\" data-animationType=\"fadeInUp\" data-animationDuration=\"1.0\" data-animationOffset=\"top-into-view\" target=\"_self\" href=\"https:\/\/www.elcony.com\/cs\/produkt\/307714\/\"><span class=\"fusion-button-text awb-button__text awb-button__text--default\">Objednat \u20ac 99,00 bez DPH<\/span><\/a><\/div><div class=\"fusion-sep-clear\"><\/div><div class=\"fusion-separator fusion-full-width-sep\" style=\"margin-left: auto;margin-right: auto;margin-top:20px;width:100%;\"><\/div><div class=\"fusion-sep-clear\"><\/div><div class=\"fusion-text fusion-text-3\"><h3>C\u00edlov\u00e1 skupina<\/h3>\n<p>Pro bezpe\u010dnou pr\u00e1ci v prost\u0159ed\u00edch s nebezpe\u010d\u00edm v\u00fdbuchu plat\u00ed normy stanoven\u00e9 sm\u011brnicemi ATEX. Osoby s kompetenc\u00ed v oblasti osv\u011btlen\u00ed ATEX vlastn\u00ed odborn\u00e9 znalosti v t\u00e9to oblasti a jsou odpov\u011bdn\u00e9 za dodr\u017eov\u00e1n\u00ed bezpe\u010dnostn\u00edch sm\u011brnic v r\u00e1mci sv\u00fdch pracovn\u00edch povinnost\u00ed. Nav\u00edc disponuj\u00ed dostate\u010dn\u00fdmi znalostmi p\u0159edpis\u016f a p\u0159edpis\u016f t\u00fdkaj\u00edc\u00edch se prost\u0159ed\u00ed s nebezpe\u010d\u00edm v\u00fdbuchu.<\/p>\n<h3>C\u00edl v\u00fduky<\/h3>\n<p>Kurz osv\u011btlen\u00ed ATEX je z\u00e1sadn\u00ed pro v\u0161echny zam\u011bstnance, kte\u0159\u00ed mus\u00ed z jejich pozice rozum\u011bt a jednat podle p\u0159edpis\u016f t\u00fdkaj\u00edc\u00edch se prost\u0159ed\u00ed s nebezpe\u010d\u00edm v\u00fdbuchu. V\u00fdcvik pokr\u00fdv\u00e1 obecn\u00e9 aspekty, kter\u00e9 jsou kl\u00ed\u010dov\u00e9 pro bezpe\u010dn\u00e9 \u0159\u00edzen\u00ed prac\u00ed v takov\u00fdch prost\u0159ed\u00edch.<\/p>\n<h3>Teorie<\/h3>\n<p>Pr\u00e1vn\u00ed p\u0159edpisy a p\u0159edpisy t\u00fdkaj\u00edc\u00ed se pr\u00e1ce.<br \/>\nDefinice a pojmy.<br \/>\nPo\u017e\u00e1rn\u00ed a v\u00fdbu\u0161n\u00e9 nebezpe\u010d\u00ed.<br \/>\nSm\u011brnice ATEX.<br \/>\nPr\u00e1ce s ho\u0159lav\u00fdmi l\u00e1tkami.<\/p>\n<h3>Online kurz<\/h3>\n<p>Kurz se skl\u00e1d\u00e1 z lekc\u00ed, kter\u00e9 m\u016f\u017eete studovat na sv\u00e9m telefonu, tabletu nebo po\u010d\u00edta\u010di. Materi\u00e1l si m\u016f\u017eete prohl\u00ed\u017eet tak \u010dasto, jak budete cht\u00edt. T\u00edmto zp\u016fsobem budete maxim\u00e1ln\u011b p\u0159ipraveni na zkou\u0161ku, kter\u00e1 uzav\u00edr\u00e1 e-learningov\u00fd modul. P\u0159i dostate\u010dn\u00e9m v\u00fdsledku v\u00e1m za\u0161leme certifik\u00e1t.<\/p>\n<h3>Certifik\u00e1t<\/h3>\n<p>Certifik\u00e1t je platn\u00fd t\u0159i roky. To znamen\u00e1, \u017ee po t\u0159ech letech je nutn\u00e9 jej obnovit, aby bylo mo\u017en\u00e9 prok\u00e1zat znalosti a dovednosti t\u00fdkaj\u00edc\u00ed se prost\u0159ed\u00ed s nebezpe\u010d\u00edm v\u00fdbuchu. Absolvov\u00e1n\u00edm tohoto kurzu spl\u0148uj\u00ed jak zam\u011bstnavatel, tak zam\u011bstnanec po\u017eadavky stanoven\u00e9 v z\u00e1kon\u011b o podm\u00ednk\u00e1ch pr\u00e1ce (Arbowet) ohledn\u011b dostate\u010dn\u00e9ho pou\u010den\u00ed a prokazateln\u00e9 odbornosti.<\/p>\n<\/div><div class=\"fusion-clearfix\"><\/div><\/div><\/div><div class=\"fusion-layout-column fusion_builder_column fusion-builder-column-2 fusion_builder_column_1_5 1_5 fusion-one-fifth fusion-column-last\" style=\"--awb-bg-size:cover;width:20%;width:calc(20% - ( ( 4% + 4% ) * 0.2 ) );\"><div class=\"fusion-column-wrapper fusion-flex-column-wrapper-legacy\"><div class=\"fusion-clearfix\"><\/div><\/div><\/div><\/div><\/div>\n","protected":false},"excerpt":{"rendered":"","protected":false},"author":1,"featured_media":0,"parent":0,"menu_order":3,"comment_status":"closed","ping_status":"closed","template":"","meta":{"footnotes":""},"class_list":["post-307368","page","type-page","status-publish","hentry"],"yoast_head":"<!-- This site is optimized with the Yoast SEO plugin v27.5 - https:\/\/yoast.com\/product\/yoast-seo-wordpress\/ -->\n<title>Online kurz Osv\u011bt\u011btlen\u00ed ATEX (ATEX Awareness) | ELCONY<\/title>\n<meta name=\"description\" content=\"Dodr\u017eujte nizozemsk\u00e9 normy, kter\u00e9 vy\u017eaduj\u00ed platn\u00fd certifik\u00e1t.\" \/>\n<meta name=\"robots\" content=\"index, follow, max-snippet:-1, max-image-preview:large, max-video-preview:-1\" \/>\n<link rel=\"canonical\" href=\"https:\/\/www.elcony.com\/cs\/atex\/\" \/>\n<script type=\"application\/ld+json\" class=\"yoast-schema-graph\">{\"@context\":\"https:\\\/\\\/schema.org\",\"@graph\":[{\"@type\":\"WebPage\",\"@id\":\"https:\\\/\\\/www.elcony.com\\\/cs\\\/atex\\\/\",\"url\":\"https:\\\/\\\/www.elcony.com\\\/cs\\\/atex\\\/\",\"name\":\"Online kurz Osv\u011bt\u011btlen\u00ed ATEX (ATEX Awareness) | ELCONY\",\"isPartOf\":{\"@id\":\"https:\\\/\\\/www.elcony.com\\\/it\\\/#website\"},\"datePublished\":\"2024-07-04T08:16:04+00:00\",\"dateModified\":\"2025-03-20T22:48:25+00:00\",\"description\":\"Dodr\u017eujte nizozemsk\u00e9 normy, kter\u00e9 vy\u017eaduj\u00ed platn\u00fd certifik\u00e1t.\",\"breadcrumb\":{\"@id\":\"https:\\\/\\\/www.elcony.com\\\/cs\\\/atex\\\/#breadcrumb\"},\"inLanguage\":\"cs\",\"potentialAction\":[{\"@type\":\"ReadAction\",\"target\":[\"https:\\\/\\\/www.elcony.com\\\/cs\\\/atex\\\/\"]}]},{\"@type\":\"BreadcrumbList\",\"@id\":\"https:\\\/\\\/www.elcony.com\\\/cs\\\/atex\\\/#breadcrumb\",\"itemListElement\":[{\"@type\":\"ListItem\",\"position\":1,\"name\":\"Home\",\"item\":\"http:\\\/\\\/www.elcony.com\\\/cs\\\/\"},{\"@type\":\"ListItem\",\"position\":2,\"name\":\"ATEX\"}]},{\"@type\":\"WebSite\",\"@id\":\"https:\\\/\\\/www.elcony.com\\\/it\\\/#website\",\"url\":\"https:\\\/\\\/www.elcony.com\\\/it\\\/\",\"name\":\"ELCONY\",\"description\":\"ARBO, VCA en SOG Opleidingen\",\"potentialAction\":[{\"@type\":\"SearchAction\",\"target\":{\"@type\":\"EntryPoint\",\"urlTemplate\":\"https:\\\/\\\/www.elcony.com\\\/it\\\/?s={search_term_string}\"},\"query-input\":{\"@type\":\"PropertyValueSpecification\",\"valueRequired\":true,\"valueName\":\"search_term_string\"}}],\"inLanguage\":\"cs\"}]}<\/script>\n<!-- \/ Yoast SEO plugin. -->","yoast_head_json":{"title":"Online kurz Osv\u011bt\u011btlen\u00ed ATEX (ATEX Awareness) | ELCONY","description":"Dodr\u017eujte nizozemsk\u00e9 normy, kter\u00e9 vy\u017eaduj\u00ed platn\u00fd certifik\u00e1t.","robots":{"index":"index","follow":"follow","max-snippet":"max-snippet:-1","max-image-preview":"max-image-preview:large","max-video-preview":"max-video-preview:-1"},"canonical":"https:\/\/www.elcony.com\/cs\/atex\/","schema":{"@context":"https:\/\/schema.org","@graph":[{"@type":"WebPage","@id":"https:\/\/www.elcony.com\/cs\/atex\/","url":"https:\/\/www.elcony.com\/cs\/atex\/","name":"Online kurz Osv\u011bt\u011btlen\u00ed ATEX (ATEX Awareness) | ELCONY","isPartOf":{"@id":"https:\/\/www.elcony.com\/it\/#website"},"datePublished":"2024-07-04T08:16:04+00:00","dateModified":"2025-03-20T22:48:25+00:00","description":"Dodr\u017eujte nizozemsk\u00e9 normy, kter\u00e9 vy\u017eaduj\u00ed platn\u00fd certifik\u00e1t.","breadcrumb":{"@id":"https:\/\/www.elcony.com\/cs\/atex\/#breadcrumb"},"inLanguage":"cs","potentialAction":[{"@type":"ReadAction","target":["https:\/\/www.elcony.com\/cs\/atex\/"]}]},{"@type":"BreadcrumbList","@id":"https:\/\/www.elcony.com\/cs\/atex\/#breadcrumb","itemListElement":[{"@type":"ListItem","position":1,"name":"Home","item":"http:\/\/www.elcony.com\/cs\/"},{"@type":"ListItem","position":2,"name":"ATEX"}]},{"@type":"WebSite","@id":"https:\/\/www.elcony.com\/it\/#website","url":"https:\/\/www.elcony.com\/it\/","name":"ELCONY","description":"ARBO, VCA en SOG Opleidingen","potentialAction":[{"@type":"SearchAction","target":{"@type":"EntryPoint","urlTemplate":"https:\/\/www.elcony.com\/it\/?s={search_term_string}"},"query-input":{"@type":"PropertyValueSpecification","valueRequired":true,"valueName":"search_term_string"}}],"inLanguage":"cs"}]}},"_links":{"self":[{"href":"https:\/\/www.elcony.com\/cs\/wp-json\/wp\/v2\/pages\/307368","targetHints":{"allow":["GET"]}}],"collection":[{"href":"https:\/\/www.elcony.com\/cs\/wp-json\/wp\/v2\/pages"}],"about":[{"href":"https:\/\/www.elcony.com\/cs\/wp-json\/wp\/v2\/types\/page"}],"author":[{"embeddable":true,"href":"https:\/\/www.elcony.com\/cs\/wp-json\/wp\/v2\/users\/1"}],"replies":[{"embeddable":true,"href":"https:\/\/www.elcony.com\/cs\/wp-json\/wp\/v2\/comments?post=307368"}],"version-history":[{"count":0,"href":"https:\/\/www.elcony.com\/cs\/wp-json\/wp\/v2\/pages\/307368\/revisions"}],"wp:attachment":[{"href":"https:\/\/www.elcony.com\/cs\/wp-json\/wp\/v2\/media?parent=307368"}],"curies":[{"name":"wp","href":"https:\/\/api.w.org\/{rel}","templated":true}]}}