{"id":337820,"date":"2025-01-14T23:04:57","date_gmt":"2025-01-14T22:04:57","guid":{"rendered":"https:\/\/www.elcony.com\/uvod\/"},"modified":"2025-12-11T19:52:48","modified_gmt":"2025-12-11T18:52:48","slug":"onboarding","status":"publish","type":"page","link":"https:\/\/www.elcony.com\/cs\/onboarding\/","title":{"rendered":"Onboarding"},"content":{"rendered":"<div class=\"fusion-fullwidth fullwidth-box fusion-builder-row-1 fusion-flex-container has-pattern-background has-mask-background nonhundred-percent-fullwidth non-hundred-percent-height-scrolling\" style=\"--awb-border-radius-top-left:0px;--awb-border-radius-top-right:0px;--awb-border-radius-bottom-right:0px;--awb-border-radius-bottom-left:0px;--awb-flex-wrap:wrap;\" ><div class=\"fusion-builder-row fusion-row fusion-flex-align-items-flex-start fusion-flex-content-wrap\" style=\"max-width:101%;margin-left: calc(-1% \/ 2 );margin-right: calc(-1% \/ 2 );\"><div class=\"fusion-layout-column fusion_builder_column fusion-builder-column-0 fusion_builder_column_1_5 1_5 fusion-flex-column\" style=\"--awb-bg-size:cover;--awb-width-large:20%;--awb-margin-top-large:5px;--awb-spacing-right-large:2.475%;--awb-margin-bottom-large:5px;--awb-spacing-left-large:2.475%;--awb-width-medium:100%;--awb-order-medium:0;--awb-spacing-right-medium:0.495%;--awb-spacing-left-medium:0.495%;--awb-width-small:100%;--awb-order-small:0;--awb-spacing-right-small:0.495%;--awb-spacing-left-small:0.495%;\"><div class=\"fusion-column-wrapper fusion-column-has-shadow fusion-flex-justify-content-flex-start fusion-content-layout-column\"><\/div><\/div><div class=\"fusion-layout-column fusion_builder_column fusion-builder-column-1 fusion_builder_column_3_5 3_5 fusion-flex-column\" style=\"--awb-bg-size:cover;--awb-width-large:60%;--awb-margin-top-large:5px;--awb-spacing-right-large:0.825%;--awb-margin-bottom-large:5px;--awb-spacing-left-large:0.825%;--awb-width-medium:100%;--awb-order-medium:0;--awb-spacing-right-medium:0.495%;--awb-spacing-left-medium:0.495%;--awb-width-small:100%;--awb-order-small:0;--awb-spacing-right-small:0.495%;--awb-spacing-left-small:0.495%;\"><div class=\"fusion-column-wrapper fusion-column-has-shadow fusion-flex-justify-content-flex-start fusion-content-layout-column\"><div class=\"fusion-text fusion-text-1\"><h3>Online \u00favod<\/h3>\n<p>Sv\u011bt pr\u00e1ce zalo\u017een\u00e9 na projektech, jako jsou odst\u00e1vky (turnarounds) a \u00fadr\u017ebov\u00e9 projekty, se rychle m\u011bn\u00ed. Dnes je velkou v\u00fdzvou naj\u00edt vhodn\u00fd person\u00e1l s pot\u0159ebn\u00fdmi znalostmi a zku\u0161enostmi. Spole\u010dnost ELCONY to ch\u00e1pe a nab\u00edz\u00ed firm\u00e1m efektivn\u00ed a spolehliv\u00e9 \u0159e\u0161en\u00ed: personalizovan\u00fd online \u00favod. T\u00edmto zp\u016fsobem zaji\u0161\u0165ujeme, \u017ee ka\u017ed\u00fd zam\u011bstnanec, a\u0165 u\u017e se nach\u00e1z\u00ed kdekoli na sv\u011bt\u011b, je pln\u011b p\u0159ipraven, ne\u017e za\u010dne vykon\u00e1vat svou pr\u00e1ci.<\/p>\n<h3>P\u0159ekon\u00e1n\u00ed jazykov\u00fdch bari\u00e9r a zaji\u0161t\u011bn\u00ed odborn\u00e9 zp\u016fsobilosti<\/h3>\n<p>Jednou z nejv\u011bt\u0161\u00edch p\u0159ek\u00e1\u017eek pro mnoho spole\u010dnost\u00ed je jazykov\u00e1 bari\u00e9ra. V ELCONY tento probl\u00e9m odstra\u0148ujeme t\u00edm, \u017ee nab\u00edz\u00edme na\u0161e \u00favodn\u00ed programy a\u017e ve 20 jazyc\u00edch. To znamen\u00e1, \u017ee si m\u016f\u017eete b\u00fdt jisti, \u017ee v\u0161ichni va\u0161i zam\u011bstnanci, bez ohledu na jejich jazykov\u00e9 prost\u0159ed\u00ed, zcela ch\u00e1pou a dok\u00e1\u017e\u00ed aplikovat bezpe\u010dnostn\u00ed p\u0159edpisy a firemn\u00ed sm\u011brnice.<\/p>\n<h3>Okam\u017eit\u00e1 kontrola bezpe\u010dnosti a kvality<\/h3>\n<p>Odborn\u00e1 zp\u016fsobilost je nezbytn\u00e1, zejm\u00e9na pokud jsou zam\u011bstnanci vys\u00edl\u00e1ni na vysoce rizikov\u00e1 pracovi\u0161t\u011b. N\u00e1\u0161 online \u00favod zahrnuje testy, kter\u00e9 n\u00e1m umo\u017e\u0148uj\u00ed posoudit znalosti a dovednosti ka\u017ed\u00e9ho zam\u011bstnance. To firm\u00e1m pom\u00e1h\u00e1 rychle zjistit, zda dan\u00fd pracovn\u00edk spl\u0148uje po\u017eadovan\u00e9 standardy bezpe\u010dnosti a kvality.<\/p>\n<h3>Certifikace a p\u0159izp\u016fsoben\u00ed v jedn\u00e9 platform\u011b<\/h3>\n<p>A\u010dkoli mnoz\u00ed migruj\u00edc\u00ed pracovn\u00edci ji\u017e maj\u00ed certifikace, jejich hodnota se v jednotliv\u00fdch zem\u00edch li\u0161\u00ed. Na\u0161e platforma umo\u017e\u0148uje rychl\u00e9 a efektivn\u00ed ov\u011b\u0159ov\u00e1n\u00ed mezin\u00e1rodn\u00edch certifik\u00e1t\u016f, abyste v\u017edy spl\u0148ovali nejvy\u0161\u0161\u00ed bezpe\u010dnostn\u00ed standardy. Krom\u011b toho, je-li to nutn\u00e9, m\u016f\u017eeme do procesu \u00favodu integrovat specifick\u00e1 firemn\u00ed nebo provozn\u00ed pravidla, aby se zam\u011bstnanci hned od za\u010d\u00e1tku sezn\u00e1mili s p\u0159edpisy platn\u00fdmi na va\u0161em pracovi\u0161ti.<\/p>\n<h3>Efektivn\u00ed a p\u0159izp\u016fsobeno pot\u0159eb\u00e1m va\u0161\u00ed spole\u010dnosti<\/h3>\n<p>S ELCONY u\u0161et\u0159\u00edte \u010das i pen\u00edze d\u00edky optimalizovan\u00e9mu \u00favodn\u00edmu procesu, ani\u017e byste slevovali z bezpe\u010dnosti nebo odborn\u00e9 zp\u016fsobilosti. Na\u0161e platforma poskytuje komplexn\u00ed p\u0159ehled o kompetenc\u00edch v\u0161ech va\u0161ich zam\u011bstnanc\u016f. M\u016f\u017eete rychle zjistit, kdo spl\u0148uje po\u017eadavky a kdo pot\u0159ebuje dal\u0161\u00ed \u0161kolen\u00ed. T\u00edmto zp\u016fsobem m\u016f\u017eete person\u00e1l efektivn\u011b rozd\u011blit a vyhnout se zbyte\u010dn\u00e9mu opakov\u00e1n\u00ed \u0161kolen\u00ed.<\/p>\n<h3>Kvalifikovan\u00ed zam\u011bstnanci, v\u017edy v obraze<\/h3>\n<p>ELCONY jde nad r\u00e1mec z\u00e1kladn\u00edch po\u017eadavk\u016f. Na\u0161e platforma v\u00e1m umo\u017e\u0148uje pe\u010dliv\u011b sledovat rozvoj va\u0161ich zam\u011bstnanc\u016f. Od z\u00e1kladn\u00edch znalost\u00ed po pokro\u010dil\u00e9 odborn\u00e9 schopnosti: n\u00e1\u0161 syst\u00e9m zaznamen\u00e1v\u00e1, kter\u00e1 \u0161kolen\u00ed a testy byly \u00fasp\u011b\u0161n\u011b dokon\u010deny. To znamen\u00e1, \u017ee zam\u011bstnanec, kter\u00fd ji\u017e \u00favodn\u00ed proces absolvoval, ho nemus\u00ed zbyte\u010dn\u011b opakovat. T\u00edmto zp\u016fsobem optimalizujeme proces a zaji\u0161\u0165ujeme, aby ka\u017ed\u00fd mohl efektivn\u011b za\u010d\u00edt pracovat.<\/p>\n<h3>P\u0159ipraveni optimalizovat v\u00e1\u0161 \u00favodn\u00ed proces?<\/h3>\n<p>S ELCONY z\u00edsk\u00e1v\u00e1te zku\u0161en\u00e9ho partnera, kter\u00fd va\u0161e zam\u011bstnance efektivn\u011b a \u00fa\u010dinn\u011b p\u0159iprav\u00ed na jejich pr\u00e1ci. Kontaktujte n\u00e1s je\u0161t\u011b dnes, abyste zjistili, jak m\u016f\u017eeme podpo\u0159it va\u0161i spole\u010dnost.<\/p>\n<p>Pro v\u00edce informac\u00ed nebo registraci volejte <strong>+31(0)88-2200100<\/strong> nebo po\u0161lete e-mail na adresu <a href=\"&#x6d;&#97;i&#x6c;&#x74;&#111;:&#x69;&#x6e;&#102;o&#x40;&#101;l&#x63;&#x6f;&#110;y&#x2e;&#x63;&#111;m\"><strong>&#x69;&#110;f&#x6f;&#64;e&#x6c;&#x63;&#111;&#x6e;&#x79;&#46;c&#x6f;&#109;<\/strong><\/a>.<\/p>\n<\/div><\/div><\/div><div class=\"fusion-layout-column fusion_builder_column fusion-builder-column-2 fusion_builder_column_1_5 1_5 fusion-flex-column\" style=\"--awb-bg-size:cover;--awb-width-large:20%;--awb-margin-top-large:5px;--awb-spacing-right-large:2.475%;--awb-margin-bottom-large:5px;--awb-spacing-left-large:2.475%;--awb-width-medium:100%;--awb-order-medium:0;--awb-spacing-right-medium:0.495%;--awb-spacing-left-medium:0.495%;--awb-width-small:100%;--awb-order-small:0;--awb-spacing-right-small:0.495%;--awb-spacing-left-small:0.495%;\"><div class=\"fusion-column-wrapper fusion-column-has-shadow fusion-flex-justify-content-flex-start fusion-content-layout-column\"><\/div><\/div><\/div><\/div>\n","protected":false},"excerpt":{"rendered":"","protected":false},"author":1,"featured_media":0,"parent":0,"menu_order":0,"comment_status":"closed","ping_status":"closed","template":"","meta":{"footnotes":""},"class_list":["post-337820","page","type-page","status-publish","hentry"],"yoast_head":"<!-- This site is optimized with the Yoast SEO plugin v27.5 - https:\/\/yoast.com\/product\/yoast-seo-wordpress\/ -->\n<title>Onboarding &#8226; ELCONY<\/title>\n<meta name=\"robots\" content=\"index, follow, max-snippet:-1, max-image-preview:large, max-video-preview:-1\" \/>\n<link rel=\"canonical\" href=\"https:\/\/www.elcony.com\/cs\/onboarding\/\" \/>\n<script type=\"application\/ld+json\" class=\"yoast-schema-graph\">{\"@context\":\"https:\\\/\\\/schema.org\",\"@graph\":[{\"@type\":\"WebPage\",\"@id\":\"https:\\\/\\\/www.elcony.com\\\/cs\\\/onboarding\\\/\",\"url\":\"https:\\\/\\\/www.elcony.com\\\/cs\\\/onboarding\\\/\",\"name\":\"Onboarding &#8226; ELCONY\",\"isPartOf\":{\"@id\":\"https:\\\/\\\/www.elcony.com\\\/it\\\/#website\"},\"datePublished\":\"2025-01-14T22:04:57+00:00\",\"dateModified\":\"2025-12-11T18:52:48+00:00\",\"breadcrumb\":{\"@id\":\"https:\\\/\\\/www.elcony.com\\\/cs\\\/onboarding\\\/#breadcrumb\"},\"inLanguage\":\"cs\",\"potentialAction\":[{\"@type\":\"ReadAction\",\"target\":[\"https:\\\/\\\/www.elcony.com\\\/cs\\\/onboarding\\\/\"]}]},{\"@type\":\"BreadcrumbList\",\"@id\":\"https:\\\/\\\/www.elcony.com\\\/cs\\\/onboarding\\\/#breadcrumb\",\"itemListElement\":[{\"@type\":\"ListItem\",\"position\":1,\"name\":\"Home\",\"item\":\"http:\\\/\\\/www.elcony.com\\\/cs\\\/\"},{\"@type\":\"ListItem\",\"position\":2,\"name\":\"Onboarding\"}]},{\"@type\":\"WebSite\",\"@id\":\"https:\\\/\\\/www.elcony.com\\\/it\\\/#website\",\"url\":\"https:\\\/\\\/www.elcony.com\\\/it\\\/\",\"name\":\"ELCONY\",\"description\":\"ARBO, VCA en SOG Opleidingen\",\"potentialAction\":[{\"@type\":\"SearchAction\",\"target\":{\"@type\":\"EntryPoint\",\"urlTemplate\":\"https:\\\/\\\/www.elcony.com\\\/it\\\/?s={search_term_string}\"},\"query-input\":{\"@type\":\"PropertyValueSpecification\",\"valueRequired\":true,\"valueName\":\"search_term_string\"}}],\"inLanguage\":\"cs\"}]}<\/script>\n<!-- \/ Yoast SEO plugin. -->","yoast_head_json":{"title":"Onboarding &#8226; ELCONY","robots":{"index":"index","follow":"follow","max-snippet":"max-snippet:-1","max-image-preview":"max-image-preview:large","max-video-preview":"max-video-preview:-1"},"canonical":"https:\/\/www.elcony.com\/cs\/onboarding\/","schema":{"@context":"https:\/\/schema.org","@graph":[{"@type":"WebPage","@id":"https:\/\/www.elcony.com\/cs\/onboarding\/","url":"https:\/\/www.elcony.com\/cs\/onboarding\/","name":"Onboarding &#8226; ELCONY","isPartOf":{"@id":"https:\/\/www.elcony.com\/it\/#website"},"datePublished":"2025-01-14T22:04:57+00:00","dateModified":"2025-12-11T18:52:48+00:00","breadcrumb":{"@id":"https:\/\/www.elcony.com\/cs\/onboarding\/#breadcrumb"},"inLanguage":"cs","potentialAction":[{"@type":"ReadAction","target":["https:\/\/www.elcony.com\/cs\/onboarding\/"]}]},{"@type":"BreadcrumbList","@id":"https:\/\/www.elcony.com\/cs\/onboarding\/#breadcrumb","itemListElement":[{"@type":"ListItem","position":1,"name":"Home","item":"http:\/\/www.elcony.com\/cs\/"},{"@type":"ListItem","position":2,"name":"Onboarding"}]},{"@type":"WebSite","@id":"https:\/\/www.elcony.com\/it\/#website","url":"https:\/\/www.elcony.com\/it\/","name":"ELCONY","description":"ARBO, VCA en SOG Opleidingen","potentialAction":[{"@type":"SearchAction","target":{"@type":"EntryPoint","urlTemplate":"https:\/\/www.elcony.com\/it\/?s={search_term_string}"},"query-input":{"@type":"PropertyValueSpecification","valueRequired":true,"valueName":"search_term_string"}}],"inLanguage":"cs"}]}},"_links":{"self":[{"href":"https:\/\/www.elcony.com\/cs\/wp-json\/wp\/v2\/pages\/337820","targetHints":{"allow":["GET"]}}],"collection":[{"href":"https:\/\/www.elcony.com\/cs\/wp-json\/wp\/v2\/pages"}],"about":[{"href":"https:\/\/www.elcony.com\/cs\/wp-json\/wp\/v2\/types\/page"}],"author":[{"embeddable":true,"href":"https:\/\/www.elcony.com\/cs\/wp-json\/wp\/v2\/users\/1"}],"replies":[{"embeddable":true,"href":"https:\/\/www.elcony.com\/cs\/wp-json\/wp\/v2\/comments?post=337820"}],"version-history":[{"count":3,"href":"https:\/\/www.elcony.com\/cs\/wp-json\/wp\/v2\/pages\/337820\/revisions"}],"predecessor-version":[{"id":388953,"href":"https:\/\/www.elcony.com\/cs\/wp-json\/wp\/v2\/pages\/337820\/revisions\/388953"}],"wp:attachment":[{"href":"https:\/\/www.elcony.com\/cs\/wp-json\/wp\/v2\/media?parent=337820"}],"curies":[{"name":"wp","href":"https:\/\/api.w.org\/{rel}","templated":true}]}}