{"id":92804,"date":"2022-12-29T21:46:40","date_gmt":"2022-12-29T20:46:40","guid":{"rendered":"https:\/\/www.elcony.com\/webovy-obchod\/"},"modified":"2023-11-15T11:14:53","modified_gmt":"2023-11-15T10:14:53","slug":"webovy-obchod","status":"publish","type":"page","link":"https:\/\/www.elcony.com\/cs\/webovy-obchod\/","title":{"rendered":"Webov\u00fd obchod"},"content":{"rendered":"<div class=\"fusion-fullwidth fullwidth-box fusion-builder-row-1 fusion-flex-container has-pattern-background has-mask-background nonhundred-percent-fullwidth non-hundred-percent-height-scrolling\" style=\"--awb-border-radius-top-left:0px;--awb-border-radius-top-right:0px;--awb-border-radius-bottom-right:0px;--awb-border-radius-bottom-left:0px;--awb-flex-wrap:wrap;\" ><div class=\"fusion-builder-row fusion-row fusion-flex-align-items-flex-start fusion-flex-content-wrap\" style=\"max-width:101%;margin-left: calc(-1% \/ 2 );margin-right: calc(-1% \/ 2 );\"><div class=\"fusion-layout-column fusion_builder_column fusion-builder-column-0 fusion_builder_column_1_6 1_6 fusion-flex-column\" style=\"--awb-bg-size:cover;--awb-width-large:16.666666666667%;--awb-margin-top-large:5px;--awb-spacing-right-large:2.97%;--awb-margin-bottom-large:5px;--awb-spacing-left-large:2.97%;--awb-width-medium:100%;--awb-order-medium:0;--awb-spacing-right-medium:0.495%;--awb-spacing-left-medium:0.495%;--awb-width-small:100%;--awb-order-small:0;--awb-spacing-right-small:0.495%;--awb-spacing-left-small:0.495%;\"><div class=\"fusion-column-wrapper fusion-column-has-shadow fusion-flex-justify-content-flex-start fusion-content-layout-column\"><\/div><\/div><div class=\"fusion-layout-column fusion_builder_column fusion-builder-column-1 fusion_builder_column_2_3 2_3 fusion-flex-column\" style=\"--awb-bg-size:cover;--awb-width-large:66.666666666667%;--awb-margin-top-large:5px;--awb-spacing-right-large:0.7425%;--awb-margin-bottom-large:5px;--awb-spacing-left-large:0.7425%;--awb-width-medium:100%;--awb-order-medium:0;--awb-spacing-right-medium:0.495%;--awb-spacing-left-medium:0.495%;--awb-width-small:100%;--awb-order-small:0;--awb-spacing-right-small:0.495%;--awb-spacing-left-small:0.495%;\"><div class=\"fusion-column-wrapper fusion-column-has-shadow fusion-flex-justify-content-flex-start fusion-content-layout-column\"><\/div><\/div><div class=\"fusion-layout-column fusion_builder_column fusion-builder-column-2 fusion_builder_column_1_6 1_6 fusion-flex-column\" style=\"--awb-bg-size:cover;--awb-width-large:16.666666666667%;--awb-margin-top-large:5px;--awb-spacing-right-large:2.97%;--awb-margin-bottom-large:5px;--awb-spacing-left-large:2.97%;--awb-width-medium:100%;--awb-order-medium:0;--awb-spacing-right-medium:0.495%;--awb-spacing-left-medium:0.495%;--awb-width-small:100%;--awb-order-small:0;--awb-spacing-right-small:0.495%;--awb-spacing-left-small:0.495%;\"><div class=\"fusion-column-wrapper fusion-column-has-shadow fusion-flex-justify-content-flex-start fusion-content-layout-column\"><\/div><\/div><\/div><\/div>\n","protected":false},"excerpt":{"rendered":"","protected":false},"author":1,"featured_media":0,"parent":0,"menu_order":1,"comment_status":"closed","ping_status":"closed","template":"","meta":{"footnotes":""},"class_list":["post-92804","page","type-page","status-publish","hentry"],"yoast_head":"<!-- This site is optimized with the Yoast SEO plugin v27.4 - https:\/\/yoast.com\/product\/yoast-seo-wordpress\/ -->\n<title>Webov\u00fd obchod &#8226; ELCONY<\/title>\n<meta name=\"description\" content=\"V na\u0161em internetov\u00e9m obchod\u011b najdete online kurzy a zkou\u0161ky SCC a SOG ur\u010den\u00e9 pro nizozemsk\u00fd a belgick\u00fd pr\u016fmysl.\" \/>\n<meta name=\"robots\" content=\"index, follow, max-snippet:-1, max-image-preview:large, max-video-preview:-1\" \/>\n<link rel=\"canonical\" href=\"https:\/\/www.elcony.com\/cs\/webovy-obchod\/\" \/>\n<script type=\"application\/ld+json\" class=\"yoast-schema-graph\">{\"@context\":\"https:\\\/\\\/schema.org\",\"@graph\":[{\"@type\":\"WebPage\",\"@id\":\"https:\\\/\\\/www.elcony.com\\\/cs\\\/webovy-obchod\\\/\",\"url\":\"https:\\\/\\\/www.elcony.com\\\/cs\\\/webovy-obchod\\\/\",\"name\":\"Webov\u00fd obchod &#8226; ELCONY\",\"isPartOf\":{\"@id\":\"https:\\\/\\\/www.elcony.com\\\/it\\\/#website\"},\"datePublished\":\"2022-12-29T20:46:40+00:00\",\"dateModified\":\"2023-11-15T10:14:53+00:00\",\"description\":\"V na\u0161em internetov\u00e9m obchod\u011b najdete online kurzy a zkou\u0161ky SCC a SOG ur\u010den\u00e9 pro nizozemsk\u00fd a belgick\u00fd pr\u016fmysl.\",\"breadcrumb\":{\"@id\":\"https:\\\/\\\/www.elcony.com\\\/cs\\\/webovy-obchod\\\/#breadcrumb\"},\"inLanguage\":\"cs\",\"potentialAction\":[{\"@type\":\"ReadAction\",\"target\":[\"https:\\\/\\\/www.elcony.com\\\/cs\\\/webovy-obchod\\\/\"]}]},{\"@type\":\"BreadcrumbList\",\"@id\":\"https:\\\/\\\/www.elcony.com\\\/cs\\\/webovy-obchod\\\/#breadcrumb\",\"itemListElement\":[{\"@type\":\"ListItem\",\"position\":1,\"name\":\"Home\",\"item\":\"http:\\\/\\\/www.elcony.com\\\/cs\\\/\"},{\"@type\":\"ListItem\",\"position\":2,\"name\":\"Webov\u00fd obchod\"}]},{\"@type\":\"WebSite\",\"@id\":\"https:\\\/\\\/www.elcony.com\\\/it\\\/#website\",\"url\":\"https:\\\/\\\/www.elcony.com\\\/it\\\/\",\"name\":\"ELCONY\",\"description\":\"ARBO, VCA en SOG Opleidingen\",\"potentialAction\":[{\"@type\":\"SearchAction\",\"target\":{\"@type\":\"EntryPoint\",\"urlTemplate\":\"https:\\\/\\\/www.elcony.com\\\/it\\\/?s={search_term_string}\"},\"query-input\":{\"@type\":\"PropertyValueSpecification\",\"valueRequired\":true,\"valueName\":\"search_term_string\"}}],\"inLanguage\":\"cs\"}]}<\/script>\n<!-- \/ Yoast SEO plugin. -->","yoast_head_json":{"title":"Webov\u00fd obchod &#8226; ELCONY","description":"V na\u0161em internetov\u00e9m obchod\u011b najdete online kurzy a zkou\u0161ky SCC a SOG ur\u010den\u00e9 pro nizozemsk\u00fd a belgick\u00fd pr\u016fmysl.","robots":{"index":"index","follow":"follow","max-snippet":"max-snippet:-1","max-image-preview":"max-image-preview:large","max-video-preview":"max-video-preview:-1"},"canonical":"https:\/\/www.elcony.com\/cs\/webovy-obchod\/","schema":{"@context":"https:\/\/schema.org","@graph":[{"@type":"WebPage","@id":"https:\/\/www.elcony.com\/cs\/webovy-obchod\/","url":"https:\/\/www.elcony.com\/cs\/webovy-obchod\/","name":"Webov\u00fd obchod &#8226; ELCONY","isPartOf":{"@id":"https:\/\/www.elcony.com\/it\/#website"},"datePublished":"2022-12-29T20:46:40+00:00","dateModified":"2023-11-15T10:14:53+00:00","description":"V na\u0161em internetov\u00e9m obchod\u011b najdete online kurzy a zkou\u0161ky SCC a SOG ur\u010den\u00e9 pro nizozemsk\u00fd a belgick\u00fd pr\u016fmysl.","breadcrumb":{"@id":"https:\/\/www.elcony.com\/cs\/webovy-obchod\/#breadcrumb"},"inLanguage":"cs","potentialAction":[{"@type":"ReadAction","target":["https:\/\/www.elcony.com\/cs\/webovy-obchod\/"]}]},{"@type":"BreadcrumbList","@id":"https:\/\/www.elcony.com\/cs\/webovy-obchod\/#breadcrumb","itemListElement":[{"@type":"ListItem","position":1,"name":"Home","item":"http:\/\/www.elcony.com\/cs\/"},{"@type":"ListItem","position":2,"name":"Webov\u00fd obchod"}]},{"@type":"WebSite","@id":"https:\/\/www.elcony.com\/it\/#website","url":"https:\/\/www.elcony.com\/it\/","name":"ELCONY","description":"ARBO, VCA en SOG Opleidingen","potentialAction":[{"@type":"SearchAction","target":{"@type":"EntryPoint","urlTemplate":"https:\/\/www.elcony.com\/it\/?s={search_term_string}"},"query-input":{"@type":"PropertyValueSpecification","valueRequired":true,"valueName":"search_term_string"}}],"inLanguage":"cs"}]}},"_links":{"self":[{"href":"https:\/\/www.elcony.com\/cs\/wp-json\/wp\/v2\/pages\/92804","targetHints":{"allow":["GET"]}}],"collection":[{"href":"https:\/\/www.elcony.com\/cs\/wp-json\/wp\/v2\/pages"}],"about":[{"href":"https:\/\/www.elcony.com\/cs\/wp-json\/wp\/v2\/types\/page"}],"author":[{"embeddable":true,"href":"https:\/\/www.elcony.com\/cs\/wp-json\/wp\/v2\/users\/1"}],"replies":[{"embeddable":true,"href":"https:\/\/www.elcony.com\/cs\/wp-json\/wp\/v2\/comments?post=92804"}],"version-history":[{"count":0,"href":"https:\/\/www.elcony.com\/cs\/wp-json\/wp\/v2\/pages\/92804\/revisions"}],"wp:attachment":[{"href":"https:\/\/www.elcony.com\/cs\/wp-json\/wp\/v2\/media?parent=92804"}],"curies":[{"name":"wp","href":"https:\/\/api.w.org\/{rel}","templated":true}]}}