{"id":306703,"date":"2024-04-07T10:40:54","date_gmt":"2024-06-28T11:59:56","guid":{"rendered":"https:\/\/www.elcony.com\/product\/dostatecne-instruovana-osoba-vop-nen-3840-online-kurz-online-zkouska\/"},"modified":"2025-11-10T17:34:40","modified_gmt":"2025-11-10T16:34:40","slug":"306703","status":"publish","type":"product","link":"https:\/\/www.elcony.com\/cs\/produkt\/306703\/","title":{"rendered":"Dostate\u010dn\u011b Instruovan\u00e1 Osoba (VOP) NEN 3840 &#8211; Online kurz + Online zkou\u0161ka"},"content":{"rendered":"<div class=\"fusion-fullwidth fullwidth-box fusion-builder-row-1 fusion-flex-container has-pattern-background has-mask-background nonhundred-percent-fullwidth non-hundred-percent-height-scrolling\" style=\"--awb-border-radius-top-left:0px;--awb-border-radius-top-right:0px;--awb-border-radius-bottom-right:0px;--awb-border-radius-bottom-left:0px;--awb-flex-wrap:wrap;\" ><div class=\"fusion-builder-row fusion-row fusion-flex-align-items-flex-start fusion-flex-content-wrap\" style=\"max-width:101%;margin-left: calc(-1% \/ 2 );margin-right: calc(-1% \/ 2 );\"><div class=\"fusion-layout-column fusion_builder_column fusion-builder-column-0 fusion_builder_column_1_1 1_1 fusion-flex-column\" style=\"--awb-bg-size:cover;--awb-width-large:100%;--awb-margin-top-large:5px;--awb-spacing-right-large:0.495%;--awb-margin-bottom-large:5px;--awb-spacing-left-large:0.495%;--awb-width-medium:100%;--awb-order-medium:0;--awb-spacing-right-medium:0.495%;--awb-spacing-left-medium:0.495%;--awb-width-small:100%;--awb-order-small:0;--awb-spacing-right-small:0.495%;--awb-spacing-left-small:0.495%;\"><div class=\"fusion-column-wrapper fusion-column-has-shadow fusion-flex-justify-content-flex-start fusion-content-layout-column\"><div class=\"fusion-text fusion-text-1\"><p>Po absolvov\u00e1n\u00ed kurzu budete sezn\u00e1meni se v\u0161emi riziky pr\u00e1ce na a v bl\u00edzkosti elektrick\u00fdch instalac\u00ed. Sou\u010dasn\u011b budete schopni p\u0159ijmout nezbytn\u00e1 opat\u0159en\u00ed k bezpe\u010dn\u00e9mu proveden\u00ed prac\u00ed.<\/p>\n<p>Kurz se skl\u00e1d\u00e1 z lekc\u00ed, kter\u00e9 m\u016f\u017eete studovat na sv\u00e9m telefonu, tabletu nebo po\u010d\u00edta\u010di. U\u010debn\u00ed materi\u00e1l si m\u016f\u017eete prohl\u00ed\u017eet opakovan\u011b podle sv\u00e9ho uv\u00e1\u017een\u00ed. T\u00edmto zp\u016fsobem budete maxim\u00e1ln\u011b p\u0159ipraveni na zkou\u0161ku, kter\u00e1 uzav\u00edr\u00e1 kurz. P\u0159i dosa\u017een\u00ed dostate\u010dn\u00e9ho v\u00fdsledku v\u00e1m za\u0161leme certifik\u00e1t.<\/p>\n<\/div><ul style=\"--awb-line-height:30.6px;--awb-icon-width:30.6px;--awb-icon-height:30.6px;--awb-icon-margin:12.6px;--awb-content-margin:43.2px;--awb-circlecolor:#5894e8;--awb-circle-yes-font-size:15.84px;\" class=\"fusion-checklist fusion-checklist-1 fusion-checklist-default type-icons\"><li class=\"fusion-li-item\" style=\"\"><span class=\"icon-wrapper circle-yes\"><i class=\"fusion-li-icon awb-icon-check\" aria-hidden=\"true\"><\/i><\/span><div class=\"fusion-li-item-content\">\n<p>Vyberte si z 20 jazyk\u016f.<\/p>\n<\/div><\/li><li class=\"fusion-li-item\" style=\"\"><span class=\"icon-wrapper circle-yes\"><i class=\"fusion-li-icon awb-icon-check\" aria-hidden=\"true\"><\/i><\/span><div class=\"fusion-li-item-content\">\n<p>Kurz je k dispozici po dobu 60 dn\u016f.<\/p>\n<\/div><\/li><\/ul><\/div><\/div><\/div><\/div>\n","protected":false},"excerpt":{"rendered":"","protected":false},"featured_media":285831,"template":"","meta":[],"product_brand":[],"product_cat":[9328],"product_tag":[],"class_list":{"0":"post-306703","1":"product","2":"type-product","3":"status-publish","4":"has-post-thumbnail","6":"product_cat-elcony-cs","8":"first","9":"instock","10":"taxable","11":"shipping-taxable","12":"purchasable","13":"product-type-variable"},"yoast_head":"<!-- This site is optimized with the Yoast SEO plugin v27.5 - https:\/\/yoast.com\/product\/yoast-seo-wordpress\/ -->\n<title>Dostate\u010dn\u011b Instruovan\u00e1 Osoba (VOP) NEN 3840 - Online kurz + Online zkou\u0161ka &#8226; ELCONY<\/title>\n<meta name=\"robots\" content=\"noindex, follow\" \/>\n<script type=\"application\/ld+json\" class=\"yoast-schema-graph\">{\"@context\":\"https:\\\/\\\/schema.org\",\"@graph\":[{\"@type\":\"WebPage\",\"@id\":\"https:\\\/\\\/www.elcony.com\\\/cs\\\/produkt\\\/306703\\\/\",\"url\":\"https:\\\/\\\/www.elcony.com\\\/cs\\\/produkt\\\/306703\\\/\",\"name\":\"Dostate\u010dn\u011b Instruovan\u00e1 Osoba (VOP) NEN 3840 - Online kurz + Online zkou\u0161ka &#8226; ELCONY\",\"isPartOf\":{\"@id\":\"https:\\\/\\\/www.elcony.com\\\/it\\\/#website\"},\"primaryImageOfPage\":{\"@id\":\"https:\\\/\\\/www.elcony.com\\\/cs\\\/produkt\\\/306703\\\/#primaryimage\"},\"image\":{\"@id\":\"https:\\\/\\\/www.elcony.com\\\/cs\\\/produkt\\\/306703\\\/#primaryimage\"},\"thumbnailUrl\":\"https:\\\/\\\/www.elcony.com\\\/wp-content\\\/uploads\\\/2024\\\/06\\\/Aardlekschakelaars-675267964-800x533-1.png\",\"datePublished\":\"2024-06-28T11:59:56+00:00\",\"dateModified\":\"2025-11-10T16:34:40+00:00\",\"breadcrumb\":{\"@id\":\"https:\\\/\\\/www.elcony.com\\\/cs\\\/produkt\\\/306703\\\/#breadcrumb\"},\"inLanguage\":\"cs\",\"potentialAction\":[{\"@type\":\"ReadAction\",\"target\":[\"https:\\\/\\\/www.elcony.com\\\/cs\\\/produkt\\\/306703\\\/\"]}]},{\"@type\":\"ImageObject\",\"inLanguage\":\"cs\",\"@id\":\"https:\\\/\\\/www.elcony.com\\\/cs\\\/produkt\\\/306703\\\/#primaryimage\",\"url\":\"https:\\\/\\\/www.elcony.com\\\/wp-content\\\/uploads\\\/2024\\\/06\\\/Aardlekschakelaars-675267964-800x533-1.png\",\"contentUrl\":\"https:\\\/\\\/www.elcony.com\\\/wp-content\\\/uploads\\\/2024\\\/06\\\/Aardlekschakelaars-675267964-800x533-1.png\",\"width\":800,\"height\":533},{\"@type\":\"BreadcrumbList\",\"@id\":\"https:\\\/\\\/www.elcony.com\\\/cs\\\/produkt\\\/306703\\\/#breadcrumb\",\"itemListElement\":[{\"@type\":\"ListItem\",\"position\":1,\"name\":\"Home\",\"item\":\"http:\\\/\\\/www.elcony.com\\\/cs\\\/\"},{\"@type\":\"ListItem\",\"position\":2,\"name\":\"Prodotti\",\"item\":\"https:\\\/\\\/www.elcony.com\\\/it\\\/shop\\\/\"},{\"@type\":\"ListItem\",\"position\":3,\"name\":\"Dostate\u010dn\u011b Instruovan\u00e1 Osoba (VOP) NEN 3840 &#8211; Online kurz + Online zkou\u0161ka\"}]},{\"@type\":\"WebSite\",\"@id\":\"https:\\\/\\\/www.elcony.com\\\/it\\\/#website\",\"url\":\"https:\\\/\\\/www.elcony.com\\\/it\\\/\",\"name\":\"ELCONY\",\"description\":\"ARBO, VCA en SOG Opleidingen\",\"potentialAction\":[{\"@type\":\"SearchAction\",\"target\":{\"@type\":\"EntryPoint\",\"urlTemplate\":\"https:\\\/\\\/www.elcony.com\\\/it\\\/?s={search_term_string}\"},\"query-input\":{\"@type\":\"PropertyValueSpecification\",\"valueRequired\":true,\"valueName\":\"search_term_string\"}}],\"inLanguage\":\"cs\"}]}<\/script>\n<!-- \/ Yoast SEO plugin. -->","yoast_head_json":{"title":"Dostate\u010dn\u011b Instruovan\u00e1 Osoba (VOP) NEN 3840 - Online kurz + Online zkou\u0161ka &#8226; ELCONY","robots":{"index":"noindex","follow":"follow"},"schema":{"@context":"https:\/\/schema.org","@graph":[{"@type":"WebPage","@id":"https:\/\/www.elcony.com\/cs\/produkt\/306703\/","url":"https:\/\/www.elcony.com\/cs\/produkt\/306703\/","name":"Dostate\u010dn\u011b Instruovan\u00e1 Osoba (VOP) NEN 3840 - Online kurz + Online zkou\u0161ka &#8226; ELCONY","isPartOf":{"@id":"https:\/\/www.elcony.com\/it\/#website"},"primaryImageOfPage":{"@id":"https:\/\/www.elcony.com\/cs\/produkt\/306703\/#primaryimage"},"image":{"@id":"https:\/\/www.elcony.com\/cs\/produkt\/306703\/#primaryimage"},"thumbnailUrl":"https:\/\/www.elcony.com\/wp-content\/uploads\/2024\/06\/Aardlekschakelaars-675267964-800x533-1.png","datePublished":"2024-06-28T11:59:56+00:00","dateModified":"2025-11-10T16:34:40+00:00","breadcrumb":{"@id":"https:\/\/www.elcony.com\/cs\/produkt\/306703\/#breadcrumb"},"inLanguage":"cs","potentialAction":[{"@type":"ReadAction","target":["https:\/\/www.elcony.com\/cs\/produkt\/306703\/"]}]},{"@type":"ImageObject","inLanguage":"cs","@id":"https:\/\/www.elcony.com\/cs\/produkt\/306703\/#primaryimage","url":"https:\/\/www.elcony.com\/wp-content\/uploads\/2024\/06\/Aardlekschakelaars-675267964-800x533-1.png","contentUrl":"https:\/\/www.elcony.com\/wp-content\/uploads\/2024\/06\/Aardlekschakelaars-675267964-800x533-1.png","width":800,"height":533},{"@type":"BreadcrumbList","@id":"https:\/\/www.elcony.com\/cs\/produkt\/306703\/#breadcrumb","itemListElement":[{"@type":"ListItem","position":1,"name":"Home","item":"http:\/\/www.elcony.com\/cs\/"},{"@type":"ListItem","position":2,"name":"Prodotti","item":"https:\/\/www.elcony.com\/it\/shop\/"},{"@type":"ListItem","position":3,"name":"Dostate\u010dn\u011b Instruovan\u00e1 Osoba (VOP) NEN 3840 &#8211; Online kurz + Online zkou\u0161ka"}]},{"@type":"WebSite","@id":"https:\/\/www.elcony.com\/it\/#website","url":"https:\/\/www.elcony.com\/it\/","name":"ELCONY","description":"ARBO, VCA en SOG Opleidingen","potentialAction":[{"@type":"SearchAction","target":{"@type":"EntryPoint","urlTemplate":"https:\/\/www.elcony.com\/it\/?s={search_term_string}"},"query-input":{"@type":"PropertyValueSpecification","valueRequired":true,"valueName":"search_term_string"}}],"inLanguage":"cs"}]}},"_links":{"self":[{"href":"https:\/\/www.elcony.com\/cs\/wp-json\/wp\/v2\/product\/306703","targetHints":{"allow":["GET"]}}],"collection":[{"href":"https:\/\/www.elcony.com\/cs\/wp-json\/wp\/v2\/product"}],"about":[{"href":"https:\/\/www.elcony.com\/cs\/wp-json\/wp\/v2\/types\/product"}],"wp:featuredmedia":[{"embeddable":true,"href":"https:\/\/www.elcony.com\/cs\/wp-json\/wp\/v2\/media\/285831"}],"wp:attachment":[{"href":"https:\/\/www.elcony.com\/cs\/wp-json\/wp\/v2\/media?parent=306703"}],"wp:term":[{"taxonomy":"product_brand","embeddable":true,"href":"https:\/\/www.elcony.com\/cs\/wp-json\/wp\/v2\/product_brand?post=306703"},{"taxonomy":"product_cat","embeddable":true,"href":"https:\/\/www.elcony.com\/cs\/wp-json\/wp\/v2\/product_cat?post=306703"},{"taxonomy":"product_tag","embeddable":true,"href":"https:\/\/www.elcony.com\/cs\/wp-json\/wp\/v2\/product_tag?post=306703"}],"curies":[{"name":"wp","href":"https:\/\/api.w.org\/{rel}","templated":true}]}}