{"id":185624,"date":"2023-10-01T16:24:39","date_gmt":"2023-10-01T14:24:39","guid":{"rendered":"https:\/\/www.elcony.com\/twin-ferrule-fittings\/"},"modified":"2026-02-06T20:19:49","modified_gmt":"2026-02-06T19:19:49","slug":"twin-ferrule-fittings","status":"publish","type":"page","link":"https:\/\/www.elcony.com\/de\/twin-ferrule-fittings\/","title":{"rendered":"Twin Ferrule"},"content":{"rendered":"<div class=\"fusion-fullwidth fullwidth-box fusion-builder-row-1 has-pattern-background has-mask-background nonhundred-percent-fullwidth non-hundred-percent-height-scrolling\" style=\"--awb-border-radius-top-left:0px;--awb-border-radius-top-right:0px;--awb-border-radius-bottom-right:0px;--awb-border-radius-bottom-left:0px;--awb-flex-wrap:wrap;\" ><div class=\"fusion-builder-row fusion-row\"><div class=\"fusion-layout-column fusion_builder_column fusion-builder-column-0 fusion_builder_column_1_5 1_5 fusion-one-fifth fusion-column-first\" style=\"--awb-bg-blend:overlay;--awb-bg-size:cover;width:20%;width:calc(20% - ( ( 4% + 4% ) * 0.2 ) );margin-right: 4%;\"><div class=\"fusion-column-wrapper fusion-flex-column-wrapper-legacy\"><div class=\"fusion-clearfix\"><\/div><\/div><\/div><div class=\"fusion-layout-column fusion_builder_column fusion-builder-column-1 fusion_builder_column_3_5 3_5 fusion-three-fifth\" style=\"--awb-bg-blend:overlay;--awb-bg-size:cover;width:60%;width:calc(60% - ( ( 4% + 4% ) * 0.6 ) );margin-right: 4%;\"><div class=\"fusion-column-wrapper fusion-flex-column-wrapper-legacy\"><div class=\"fusion-text fusion-text-1\"><h1>Arbeiten mit Twin-Ferrule-Fittings<\/h1>\n<p> Twin-Ferrule-Fittings werden h\u00e4ufig in der (petro)chemischen Industrie, der Instrumentierung und in Prozessanlagen eingesetzt. Eine korrekte Montage ist entscheidend, um Leckagen, Materialsch\u00e4den und Ausfallkosten zu vermeiden. Mit dem Kurs Arbeiten mit Twin-Ferrule-Fittings lernen Sie, diese Fittings sicher, korrekt und gem\u00e4\u00df den geltenden Richtlinien zu montieren. <\/p>\n<h2>Was sind Twin-Ferrule-Fittings?<\/h2>\n<p> Twin-Ferrule-Fittings bestehen aus einem Vorderring und einem Hinterring, die zusammen eine zuverl\u00e4ssige, druckfeste Verbindung zwischen Rohr und Fitting gew\u00e4hrleisten. Sie werden h\u00e4ufig in Instrumentierungsleitungen eingesetzt, bei denen hohe Anforderungen an Sicherheit und Genauigkeit gelten. <\/p>\n<h2>F\u00fcr wen ist der Kurs Arbeiten mit Twin-Ferrule-Fittings gedacht?<\/h2>\n<ul>\n<li>Monteure und Instandhaltungstechniker.<\/li>\n<li>Instrumentierungsmonteure.<\/li>\n<li>Mitarbeiter in der (petro)chemischen Industrie.<\/li>\n<li>Selbstst\u00e4ndige (ZZP\u2019er) und Auftragnehmer.<\/li>\n<li>Technisches Personal, das mit Rohr- und Instrumentierungsfittings arbeitet.<\/li>\n<\/ul>\n<h2>Arbeiten mit Twin-Ferrule-Fittings ohne SOG<\/h2>\n<h3>Zielgruppe<\/h3>\n<p> Diese Ausbildung ist geeignet f\u00fcr Mitarbeiter, die Twin-Ferrule-Fittings bei Auftraggebern montieren, bei denen keine SOG-Verpflichtung besteht. <\/p>\n<h3>Wann entscheiden Sie sich f\u00fcr Twin-Ferrule-Fittings ohne SOG?<\/h3>\n<ul>\n<li>Ihr Auftraggeber schreibt kein SOG-Diplom vor.<\/li>\n<li>Sie arbeiten nach internen Sicherheits- und Montageverfahren.<\/li>\n<li>Sie suchen eine praxisorientierte Ausbildung ohne externe SOG-Pr\u00fcfung.<\/li>\n<\/ul>\n<p> Nach Abschluss erhalten Sie ein Diplom mit Registrierung im <strong>ELCONY-Diplomregister<\/strong> und es ist <strong>5 Jahre g\u00fcltig<\/strong>. <\/p>\n<h3><strong>Kursdauer und Preis<\/strong><\/h3>\n<ul>\n<li>1 Tag mit vorhandenen Vorkenntnissen \u00fcber unsere Online-Vorbereitung oder Auffrischungsschulung: <strong>\u20ac 255,00<\/strong> zzgl. MwSt.<\/li>\n<li>2 Tage ohne vorherige Erfahrung: <strong>\u20ac 455,00<\/strong> zzgl. MwSt.<\/li>\n<\/ul>\n<h2 id=\"sog\">Arbeiten mit Twin-Ferrule-Fittings mit SOG<\/h2>\n<h3>Zielgruppe<\/h3>\n<p> Der SOG-anerkannte Kurs Arbeiten mit Twin-Ferrule-Fittings richtet sich an Mitarbeiter, die bei Auftraggebern arbeiten, bei denen ein offiziell anerkanntes SOG-Diplom vorgeschrieben ist. <\/p>\n<h3>Wann ist Twin-Ferrule-Fittings (SOG) verpflichtend?<\/h3>\n<ul>\n<li>Bei Arbeiten auf (petro)chemischen Betriebsgel\u00e4nden.<\/li>\n<li>Bei Auftraggebern, die nach SSVV-Anforderungen arbeiten.<\/li>\n<li>W\u00e4hrend Wartungsstillst\u00e4nden und Turnarounds.<\/li>\n<li>An Standorten mit streng geregelten Sicherheitsverfahren.<\/li>\n<\/ul>\n<p> Nach Bestehen der Pr\u00fcfung wird das Diplom im <strong>SSVV-Diplomregister<\/strong> eingetragen und ist 5 Jahre g\u00fcltig. <\/p>\n<h3><strong>Kursdauer und Preis<\/strong><\/h3>\n<ul>\n<li>1 Tag mit vorhandenen Vorkenntnissen \u00fcber unsere Online-Vorbereitung oder Auffrischungsschulung: <strong>\u20ac 369,00<\/strong> zzgl. MwSt.<\/li>\n<li>2 Tage ohne vorherige Erfahrung: <strong>\u20ac 569,00<\/strong> zzgl. MwSt.<\/li>\n<\/ul>\n<h2>Standorte<\/h2>\n<p> Der Kurs Arbeiten mit Twin-Ferrule-Fittings wird an mehreren Standorten in den Niederlanden angeboten und kann auch bei Ihnen vor Ort durchgef\u00fchrt werden. <\/p>\n<h2><strong>Kontakt<\/strong><\/h2>\n<p> F\u00fcr weitere Informationen oder zur Anmeldung k\u00f6nnen Sie <strong>+31(0)88-2200100<\/strong> anrufen oder eine E-Mail an <strong><a href=\"&#x6d;a&#x69;&#108;&#x74;&#111;:&#x69;n&#x66;&#111;&#x40;&#101;l&#x63;&#111;&#x6e;&#121;&#46;&#x63;o&#x6d;\">&#x69;&#x6e;&#x66;&#x6f;&#x40;&#x65;&#x6c;&#x63;&#x6f;&#x6e;&#x79;&#x2e;&#x63;&#x6f;&#109;<\/a><\/strong> senden.<\/p>\n<\/div><div class=\"fusion-clearfix\"><\/div><\/div><\/div><div class=\"fusion-layout-column fusion_builder_column fusion-builder-column-2 fusion_builder_column_1_5 1_5 fusion-one-fifth fusion-column-last\" style=\"--awb-bg-blend:overlay;--awb-bg-size:cover;width:20%;width:calc(20% - ( ( 4% + 4% ) * 0.2 ) );\"><div class=\"fusion-column-wrapper fusion-flex-column-wrapper-legacy\"><div class=\"fusion-clearfix\"><\/div><\/div><\/div><\/div><\/div>\n","protected":false},"excerpt":{"rendered":"","protected":false},"author":1,"featured_media":0,"parent":0,"menu_order":6,"comment_status":"closed","ping_status":"closed","template":"","meta":{"footnotes":""},"class_list":["post-185624","page","type-page","status-publish","hentry"],"yoast_head":"<!-- This site is optimized with the Yoast SEO plugin v27.5 - https:\/\/yoast.com\/product\/yoast-seo-wordpress\/ -->\n<title>Arbeiten mit Twin-Ferrule-Fittings (SOG) \u2013 bundesweit &amp; Inhouse<\/title>\n<meta name=\"description\" content=\"Lernen Sie, sicher und korrekt mit Twin-Ferrule-Fittings zu arbeiten. Praxisorientierter Kurs f\u00fcr Monteure und Mitarbeiter der Instrumentierung.\" \/>\n<meta name=\"robots\" content=\"index, follow, max-snippet:-1, max-image-preview:large, max-video-preview:-1\" \/>\n<link rel=\"canonical\" href=\"https:\/\/www.elcony.com\/de\/twin-ferrule-fittings\/\" \/>\n<script type=\"application\/ld+json\" class=\"yoast-schema-graph\">{\"@context\":\"https:\\\/\\\/schema.org\",\"@graph\":[{\"@type\":\"WebPage\",\"@id\":\"https:\\\/\\\/www.elcony.com\\\/de\\\/twin-ferrule-fittings\\\/\",\"url\":\"https:\\\/\\\/www.elcony.com\\\/de\\\/twin-ferrule-fittings\\\/\",\"name\":\"Arbeiten mit Twin-Ferrule-Fittings (SOG) \u2013 bundesweit & Inhouse\",\"isPartOf\":{\"@id\":\"https:\\\/\\\/www.elcony.com\\\/it\\\/#website\"},\"datePublished\":\"2023-10-01T14:24:39+00:00\",\"dateModified\":\"2026-02-06T19:19:49+00:00\",\"description\":\"Lernen Sie, sicher und korrekt mit Twin-Ferrule-Fittings zu arbeiten. Praxisorientierter Kurs f\u00fcr Monteure und Mitarbeiter der Instrumentierung.\",\"breadcrumb\":{\"@id\":\"https:\\\/\\\/www.elcony.com\\\/de\\\/twin-ferrule-fittings\\\/#breadcrumb\"},\"inLanguage\":\"de-DE\",\"potentialAction\":[{\"@type\":\"ReadAction\",\"target\":[\"https:\\\/\\\/www.elcony.com\\\/de\\\/twin-ferrule-fittings\\\/\"]}]},{\"@type\":\"BreadcrumbList\",\"@id\":\"https:\\\/\\\/www.elcony.com\\\/de\\\/twin-ferrule-fittings\\\/#breadcrumb\",\"itemListElement\":[{\"@type\":\"ListItem\",\"position\":1,\"name\":\"Home\",\"item\":\"https:\\\/\\\/www.elcony.com\\\/de\\\/\"},{\"@type\":\"ListItem\",\"position\":2,\"name\":\"Twin Ferrule\"}]},{\"@type\":\"WebSite\",\"@id\":\"https:\\\/\\\/www.elcony.com\\\/it\\\/#website\",\"url\":\"https:\\\/\\\/www.elcony.com\\\/it\\\/\",\"name\":\"ELCONY\",\"description\":\"ARBO, VCA en SOG Opleidingen\",\"potentialAction\":[{\"@type\":\"SearchAction\",\"target\":{\"@type\":\"EntryPoint\",\"urlTemplate\":\"https:\\\/\\\/www.elcony.com\\\/it\\\/?s={search_term_string}\"},\"query-input\":{\"@type\":\"PropertyValueSpecification\",\"valueRequired\":true,\"valueName\":\"search_term_string\"}}],\"inLanguage\":\"de-DE\"}]}<\/script>\n<!-- \/ Yoast SEO plugin. -->","yoast_head_json":{"title":"Arbeiten mit Twin-Ferrule-Fittings (SOG) \u2013 bundesweit & Inhouse","description":"Lernen Sie, sicher und korrekt mit Twin-Ferrule-Fittings zu arbeiten. Praxisorientierter Kurs f\u00fcr Monteure und Mitarbeiter der Instrumentierung.","robots":{"index":"index","follow":"follow","max-snippet":"max-snippet:-1","max-image-preview":"max-image-preview:large","max-video-preview":"max-video-preview:-1"},"canonical":"https:\/\/www.elcony.com\/de\/twin-ferrule-fittings\/","schema":{"@context":"https:\/\/schema.org","@graph":[{"@type":"WebPage","@id":"https:\/\/www.elcony.com\/de\/twin-ferrule-fittings\/","url":"https:\/\/www.elcony.com\/de\/twin-ferrule-fittings\/","name":"Arbeiten mit Twin-Ferrule-Fittings (SOG) \u2013 bundesweit & Inhouse","isPartOf":{"@id":"https:\/\/www.elcony.com\/it\/#website"},"datePublished":"2023-10-01T14:24:39+00:00","dateModified":"2026-02-06T19:19:49+00:00","description":"Lernen Sie, sicher und korrekt mit Twin-Ferrule-Fittings zu arbeiten. Praxisorientierter Kurs f\u00fcr Monteure und Mitarbeiter der Instrumentierung.","breadcrumb":{"@id":"https:\/\/www.elcony.com\/de\/twin-ferrule-fittings\/#breadcrumb"},"inLanguage":"de-DE","potentialAction":[{"@type":"ReadAction","target":["https:\/\/www.elcony.com\/de\/twin-ferrule-fittings\/"]}]},{"@type":"BreadcrumbList","@id":"https:\/\/www.elcony.com\/de\/twin-ferrule-fittings\/#breadcrumb","itemListElement":[{"@type":"ListItem","position":1,"name":"Home","item":"https:\/\/www.elcony.com\/de\/"},{"@type":"ListItem","position":2,"name":"Twin Ferrule"}]},{"@type":"WebSite","@id":"https:\/\/www.elcony.com\/it\/#website","url":"https:\/\/www.elcony.com\/it\/","name":"ELCONY","description":"ARBO, VCA en SOG Opleidingen","potentialAction":[{"@type":"SearchAction","target":{"@type":"EntryPoint","urlTemplate":"https:\/\/www.elcony.com\/it\/?s={search_term_string}"},"query-input":{"@type":"PropertyValueSpecification","valueRequired":true,"valueName":"search_term_string"}}],"inLanguage":"de-DE"}]}},"_links":{"self":[{"href":"https:\/\/www.elcony.com\/de\/wp-json\/wp\/v2\/pages\/185624","targetHints":{"allow":["GET"]}}],"collection":[{"href":"https:\/\/www.elcony.com\/de\/wp-json\/wp\/v2\/pages"}],"about":[{"href":"https:\/\/www.elcony.com\/de\/wp-json\/wp\/v2\/types\/page"}],"author":[{"embeddable":true,"href":"https:\/\/www.elcony.com\/de\/wp-json\/wp\/v2\/users\/1"}],"replies":[{"embeddable":true,"href":"https:\/\/www.elcony.com\/de\/wp-json\/wp\/v2\/comments?post=185624"}],"version-history":[{"count":4,"href":"https:\/\/www.elcony.com\/de\/wp-json\/wp\/v2\/pages\/185624\/revisions"}],"predecessor-version":[{"id":391457,"href":"https:\/\/www.elcony.com\/de\/wp-json\/wp\/v2\/pages\/185624\/revisions\/391457"}],"wp:attachment":[{"href":"https:\/\/www.elcony.com\/de\/wp-json\/wp\/v2\/media?parent=185624"}],"curies":[{"name":"wp","href":"https:\/\/api.w.org\/{rel}","templated":true}]}}