{"id":191469,"date":"2023-10-24T23:45:01","date_gmt":"2023-10-24T21:45:01","guid":{"rendered":"https:\/\/www.elcony.com\/atemschutz\/"},"modified":"2026-02-06T13:35:55","modified_gmt":"2026-02-06T12:35:55","slug":"atemschutz","status":"publish","type":"page","link":"https:\/\/www.elcony.com\/de\/atemschutz\/","title":{"rendered":"Unabh\u00e4ngiger Atemschutz"},"content":{"rendered":"<div class=\"fusion-fullwidth fullwidth-box fusion-builder-row-1 has-pattern-background has-mask-background nonhundred-percent-fullwidth non-hundred-percent-height-scrolling\" style=\"--awb-border-radius-top-left:0px;--awb-border-radius-top-right:0px;--awb-border-radius-bottom-right:0px;--awb-border-radius-bottom-left:0px;--awb-flex-wrap:wrap;\" ><div class=\"fusion-builder-row fusion-row\"><div class=\"fusion-layout-column fusion_builder_column fusion-builder-column-0 fusion_builder_column_1_5 1_5 fusion-one-fifth fusion-column-first\" style=\"--awb-bg-blend:overlay;--awb-bg-size:cover;width:20%;width:calc(20% - ( ( 4% + 4% ) * 0.2 ) );margin-right: 4%;\"><div class=\"fusion-column-wrapper fusion-flex-column-wrapper-legacy\"><div class=\"fusion-clearfix\"><\/div><\/div><\/div><div class=\"fusion-layout-column fusion_builder_column fusion-builder-column-1 fusion_builder_column_3_5 3_5 fusion-three-fifth\" style=\"--awb-bg-blend:overlay;--awb-bg-size:cover;width:60%;width:calc(60% - ( ( 4% + 4% ) * 0.6 ) );margin-right: 4%;\"><div class=\"fusion-column-wrapper fusion-flex-column-wrapper-legacy\"><div class=\"fusion-text fusion-text-1\"><h1>Arbeiten mit unabh\u00e4ngigem Atemschutz<\/h1>\n<p> Das Arbeiten mit unabh\u00e4ngigem Atemschutz ist erforderlich bei T\u00e4tigkeiten in Umgebungen, in denen die Luftqualit\u00e4t nicht ausreichend sicher ist. Mit dem Kurs \u201eArbeiten mit unabh\u00e4ngigem Atemschutz\u201c lernen Sie, Atemschutzger\u00e4te sicher, verantwortungsvoll und gem\u00e4\u00df den geltenden Verfahren zu verwenden. <\/p>\n<h2>Was ist unabh\u00e4ngiger Atemschutz?<\/h2>\n<p> Unabh\u00e4ngiger Atemschutz wird eingesetzt, wenn die Umgebungsluft nicht zum Atmen geeignet ist, beispielsweise aufgrund von Sauerstoffmangel oder der Anwesenheit gef\u00e4hrlicher Stoffe. In diesem Fall atmet der Anwender Luft aus einer unabh\u00e4ngigen Quelle, wie etwa einem umluftunabh\u00e4ngigen Atemschutzger\u00e4t (Pressluftatmer) oder einem Atemluft-Leitungssystem. <\/p>\n<h2>F\u00fcr wen ist der Kurs \u201eArbeiten mit unabh\u00e4ngigem Atemschutz\u201c geeignet?<\/h2>\n<ul>\n<li>Mitarbeiter in der (petro)chemischen Industrie.<\/li>\n<li>Instandhaltungsmonteure und Techniker.<\/li>\n<li>Auftragnehmer und Selbstst\u00e4ndige auf industriellen Standorten.<\/li>\n<li>Mitarbeiter, die in engen oder risikoreichen Umgebungen arbeiten.<\/li>\n<\/ul>\n<h2>Arbeiten mit unabh\u00e4ngigem Atemschutz ohne SOG<\/h2>\n<h3>Zielgruppe<\/h3>\n<p> Diese Schulung ist geeignet f\u00fcr Mitarbeiter, die mit unabh\u00e4ngigem Atemschutz bei Auftraggebern arbeiten, f\u00fcr die keine SOG-Pflicht gilt. <\/p>\n<h3>Wann w\u00e4hlen Sie Atemschutz ohne SOG?<\/h3>\n<ul>\n<li>Ihr Auftraggeber schreibt kein SOG-Diplom vor.<\/li>\n<li>Sie arbeiten innerhalb interner Sicherheitsverfahren.<\/li>\n<li>Sie suchen eine praxisorientierte Schulung ohne externe SOG-Pr\u00fcfung.<\/li>\n<\/ul>\n<p> Nach Abschluss erhalten Sie ein Diplom mit Eintragung im <strong>ELCONY-Diplomregister<\/strong>, das <strong>5 Jahre g\u00fcltig<\/strong> ist. <\/p>\n<h3>Kursdauer und Preis<\/h3>\n<ul>\n<li>1 Tag mit vorhandenen Vorkenntnissen \u00fcber unsere Online-Vorbereitung oder einen Auffrischungskurs: <strong>\u20ac 255,00<\/strong> zzgl. MwSt.<\/li>\n<li>2 Tage ohne vorherige Erfahrung: <strong>\u20ac 455,00<\/strong> zzgl. MwSt.<\/li>\n<\/ul>\n<h2>Arbeiten mit unabh\u00e4ngigem Atemschutz mit SOG<\/h2>\n<h3>Zielgruppe<\/h3>\n<p> Der SOG-anerkannte Kurs \u201eArbeiten mit unabh\u00e4ngigem Atemschutz\u201c richtet sich an Mitarbeiter, die bei Auftraggebern arbeiten, bei denen ein offiziell anerkanntes Diplom vorgeschrieben ist. <\/p>\n<h3>Wann ist Atemschutz (SOG) verpflichtend?<\/h3>\n<ul>\n<li>Bei Arbeiten in Umgebungen mit unzureichendem Sauerstoffgehalt.<\/li>\n<li>Bei Exposition gegen\u00fcber gef\u00e4hrlichen Stoffen.<\/li>\n<li>In der (petro)chemischen Industrie.<\/li>\n<li>Bei Auftraggebern, die nach SSVV-Anforderungen arbeiten.<\/li>\n<\/ul>\n<p> Nach Bestehen der Pr\u00fcfung wird das Diplom im <strong>SSVV-Diplomregister<\/strong> eingetragen und ist <strong>3 Jahre g\u00fcltig<\/strong>. <\/p>\n<h3>Kursdauer und Preis<\/h3>\n<ul>\n<li>1 Tag mit vorhandenen Vorkenntnissen \u00fcber unsere Online-Vorbereitung oder einen Auffrischungskurs: <strong>\u20ac 329,00<\/strong> zzgl. MwSt.<\/li>\n<li>2 Tage ohne vorherige Erfahrung: <strong>\u20ac 529,00<\/strong> zzgl. MwSt.<\/li>\n<\/ul>\n<h2>Medizinische Tauglichkeit<\/h2>\n<p> F\u00fcr das Arbeiten mit unabh\u00e4ngigem Atemschutz ist eine g\u00fcltige medizinische Tauglichkeitsbescheinigung erforderlich. Diese muss vom Arbeitgeber bereitgestellt werden und ist sowohl f\u00fcr die Schulung als auch f\u00fcr die Pr\u00fcfung verpflichtend. <\/p>\n<h2><strong>Standort<\/strong><\/h2>\n<p> Der Kurs \u201eArbeiten mit unabh\u00e4ngigem Atemschutz\u201c wird an mehreren Standorten in den Niederlanden angeboten und kann auch an Ihrem eigenen Standort durchgef\u00fchrt werden. <\/p>\n<h2><strong>Kontakt<\/strong><\/h2>\n<p> F\u00fcr weitere Informationen oder zur Anmeldung k\u00f6nnen Sie unter <strong>+31(0)88-2200100<\/strong> anrufen oder eine E-Mail an <strong><a href=\"&#x6d;a&#x69;&#108;&#x74;&#111;:&#x69;n&#x66;&#111;&#x40;&#101;l&#x63;&#111;&#x6e;&#121;&#46;&#x63;o&#x6d;\">&#105;&#x6e;&#x66;o&#64;&#x65;l&#99;&#x6f;n&#121;&#x2e;c&#111;&#x6d;<\/a><\/strong> senden.<\/p>\n<\/div><div class=\"fusion-clearfix\"><\/div><\/div><\/div><div class=\"fusion-layout-column fusion_builder_column fusion-builder-column-2 fusion_builder_column_1_5 1_5 fusion-one-fifth fusion-column-last\" style=\"--awb-bg-blend:overlay;--awb-bg-size:cover;width:20%;width:calc(20% - ( ( 4% + 4% ) * 0.2 ) );\"><div class=\"fusion-column-wrapper fusion-flex-column-wrapper-legacy\"><div class=\"fusion-clearfix\"><\/div><\/div><\/div><\/div><\/div>\n","protected":false},"excerpt":{"rendered":"","protected":false},"author":1,"featured_media":0,"parent":0,"menu_order":4,"comment_status":"closed","ping_status":"closed","template":"","meta":{"footnotes":""},"class_list":["post-191469","page","type-page","status-publish","hentry"],"yoast_head":"<!-- This site is optimized with the Yoast SEO plugin v27.5 - https:\/\/yoast.com\/product\/yoast-seo-wordpress\/ -->\n<title>Kurs \u201eArbeiten mit unabh\u00e4ngigem Atemschutz\u201c (SOG)<\/title>\n<meta name=\"description\" content=\"Lernen Sie, sicher mit unabh\u00e4ngigem Atemschutz zu arbeiten. Der Kurs f\u00fcr Industrie, Instandhaltung und enge R\u00e4ume. Mit oder ohne SOG.\" \/>\n<meta name=\"robots\" content=\"index, follow, max-snippet:-1, max-image-preview:large, max-video-preview:-1\" \/>\n<link rel=\"canonical\" href=\"https:\/\/www.elcony.com\/de\/atemschutz\/\" \/>\n<script type=\"application\/ld+json\" class=\"yoast-schema-graph\">{\"@context\":\"https:\\\/\\\/schema.org\",\"@graph\":[{\"@type\":\"WebPage\",\"@id\":\"https:\\\/\\\/www.elcony.com\\\/de\\\/atemschutz\\\/\",\"url\":\"https:\\\/\\\/www.elcony.com\\\/de\\\/atemschutz\\\/\",\"name\":\"Kurs \u201eArbeiten mit unabh\u00e4ngigem Atemschutz\u201c (SOG)\",\"isPartOf\":{\"@id\":\"https:\\\/\\\/www.elcony.com\\\/it\\\/#website\"},\"datePublished\":\"2023-10-24T21:45:01+00:00\",\"dateModified\":\"2026-02-06T12:35:55+00:00\",\"description\":\"Lernen Sie, sicher mit unabh\u00e4ngigem Atemschutz zu arbeiten. Der Kurs f\u00fcr Industrie, Instandhaltung und enge R\u00e4ume. Mit oder ohne SOG.\",\"breadcrumb\":{\"@id\":\"https:\\\/\\\/www.elcony.com\\\/de\\\/atemschutz\\\/#breadcrumb\"},\"inLanguage\":\"de-DE\",\"potentialAction\":[{\"@type\":\"ReadAction\",\"target\":[\"https:\\\/\\\/www.elcony.com\\\/de\\\/atemschutz\\\/\"]}]},{\"@type\":\"BreadcrumbList\",\"@id\":\"https:\\\/\\\/www.elcony.com\\\/de\\\/atemschutz\\\/#breadcrumb\",\"itemListElement\":[{\"@type\":\"ListItem\",\"position\":1,\"name\":\"Home\",\"item\":\"https:\\\/\\\/www.elcony.com\\\/de\\\/\"},{\"@type\":\"ListItem\",\"position\":2,\"name\":\"Unabh\u00e4ngiger Atemschutz\"}]},{\"@type\":\"WebSite\",\"@id\":\"https:\\\/\\\/www.elcony.com\\\/it\\\/#website\",\"url\":\"https:\\\/\\\/www.elcony.com\\\/it\\\/\",\"name\":\"ELCONY\",\"description\":\"ARBO, VCA en SOG Opleidingen\",\"potentialAction\":[{\"@type\":\"SearchAction\",\"target\":{\"@type\":\"EntryPoint\",\"urlTemplate\":\"https:\\\/\\\/www.elcony.com\\\/it\\\/?s={search_term_string}\"},\"query-input\":{\"@type\":\"PropertyValueSpecification\",\"valueRequired\":true,\"valueName\":\"search_term_string\"}}],\"inLanguage\":\"de-DE\"}]}<\/script>\n<!-- \/ Yoast SEO plugin. -->","yoast_head_json":{"title":"Kurs \u201eArbeiten mit unabh\u00e4ngigem Atemschutz\u201c (SOG)","description":"Lernen Sie, sicher mit unabh\u00e4ngigem Atemschutz zu arbeiten. Der Kurs f\u00fcr Industrie, Instandhaltung und enge R\u00e4ume. Mit oder ohne SOG.","robots":{"index":"index","follow":"follow","max-snippet":"max-snippet:-1","max-image-preview":"max-image-preview:large","max-video-preview":"max-video-preview:-1"},"canonical":"https:\/\/www.elcony.com\/de\/atemschutz\/","schema":{"@context":"https:\/\/schema.org","@graph":[{"@type":"WebPage","@id":"https:\/\/www.elcony.com\/de\/atemschutz\/","url":"https:\/\/www.elcony.com\/de\/atemschutz\/","name":"Kurs \u201eArbeiten mit unabh\u00e4ngigem Atemschutz\u201c (SOG)","isPartOf":{"@id":"https:\/\/www.elcony.com\/it\/#website"},"datePublished":"2023-10-24T21:45:01+00:00","dateModified":"2026-02-06T12:35:55+00:00","description":"Lernen Sie, sicher mit unabh\u00e4ngigem Atemschutz zu arbeiten. Der Kurs f\u00fcr Industrie, Instandhaltung und enge R\u00e4ume. Mit oder ohne SOG.","breadcrumb":{"@id":"https:\/\/www.elcony.com\/de\/atemschutz\/#breadcrumb"},"inLanguage":"de-DE","potentialAction":[{"@type":"ReadAction","target":["https:\/\/www.elcony.com\/de\/atemschutz\/"]}]},{"@type":"BreadcrumbList","@id":"https:\/\/www.elcony.com\/de\/atemschutz\/#breadcrumb","itemListElement":[{"@type":"ListItem","position":1,"name":"Home","item":"https:\/\/www.elcony.com\/de\/"},{"@type":"ListItem","position":2,"name":"Unabh\u00e4ngiger Atemschutz"}]},{"@type":"WebSite","@id":"https:\/\/www.elcony.com\/it\/#website","url":"https:\/\/www.elcony.com\/it\/","name":"ELCONY","description":"ARBO, VCA en SOG Opleidingen","potentialAction":[{"@type":"SearchAction","target":{"@type":"EntryPoint","urlTemplate":"https:\/\/www.elcony.com\/it\/?s={search_term_string}"},"query-input":{"@type":"PropertyValueSpecification","valueRequired":true,"valueName":"search_term_string"}}],"inLanguage":"de-DE"}]}},"_links":{"self":[{"href":"https:\/\/www.elcony.com\/de\/wp-json\/wp\/v2\/pages\/191469","targetHints":{"allow":["GET"]}}],"collection":[{"href":"https:\/\/www.elcony.com\/de\/wp-json\/wp\/v2\/pages"}],"about":[{"href":"https:\/\/www.elcony.com\/de\/wp-json\/wp\/v2\/types\/page"}],"author":[{"embeddable":true,"href":"https:\/\/www.elcony.com\/de\/wp-json\/wp\/v2\/users\/1"}],"replies":[{"embeddable":true,"href":"https:\/\/www.elcony.com\/de\/wp-json\/wp\/v2\/comments?post=191469"}],"version-history":[{"count":3,"href":"https:\/\/www.elcony.com\/de\/wp-json\/wp\/v2\/pages\/191469\/revisions"}],"predecessor-version":[{"id":391263,"href":"https:\/\/www.elcony.com\/de\/wp-json\/wp\/v2\/pages\/191469\/revisions\/391263"}],"wp:attachment":[{"href":"https:\/\/www.elcony.com\/de\/wp-json\/wp\/v2\/media?parent=191469"}],"curies":[{"name":"wp","href":"https:\/\/api.w.org\/{rel}","templated":true}]}}