{"id":234416,"date":"2023-11-26T14:13:49","date_gmt":"2023-11-26T13:13:49","guid":{"rendered":"https:\/\/www.elcony.com\/verlagerung-von-lasten\/"},"modified":"2023-11-26T14:13:52","modified_gmt":"2023-11-26T13:13:52","slug":"verlagerung-von-lasten","status":"publish","type":"page","link":"https:\/\/www.elcony.com\/de\/verlagerung-von-lasten\/","title":{"rendered":"Verlagerung Von Lasten"},"content":{"rendered":"<p><div class=\"fusion-fullwidth fullwidth-box fusion-builder-row-1 nonhundred-percent-fullwidth non-hundred-percent-height-scrolling\" style=\"--awb-border-radius-top-left:0px;--awb-border-radius-top-right:0px;--awb-border-radius-bottom-right:0px;--awb-border-radius-bottom-left:0px;--awb-flex-wrap:wrap;\" ><div class=\"fusion-builder-row fusion-row\"><div class=\"fusion-layout-column fusion_builder_column fusion-builder-column-0 fusion_builder_column_1_6 1_6 fusion-one-sixth fusion-column-first\" style=\"--awb-bg-size:cover;width:16.666666666667%;width:calc(16.666666666667% - ( ( 4% + 4% ) * 0.16666666666667 ) );margin-right: 4%;\"><div class=\"fusion-column-wrapper fusion-flex-column-wrapper-legacy\"><div class=\"fusion-sep-clear\"><\/div><div class=\"fusion-separator fusion-full-width-sep\" style=\"margin-left: auto;margin-right: auto;margin-top:20px;width:100%;\"><\/div><div class=\"fusion-sep-clear\"><\/div><div class=\"fusion-clearfix\"><\/div><\/div><\/div><div class=\"fusion-layout-column fusion_builder_column fusion-builder-column-1 fusion_builder_column_2_3 2_3 fusion-two-third\" style=\"--awb-padding-bottom:20px;--awb-bg-size:cover;--awb-margin-top:0px;--awb-margin-bottom:0px;width:66.666666666667%;width:calc(66.666666666667% - ( ( 4% + 4% ) * 0.66666666666667 ) );margin-right: 4%;\"><div class=\"fusion-column-wrapper fusion-flex-column-wrapper-legacy\"><div class=\"fusion-content-boxes content-boxes columns row fusion-columns-2 fusion-columns-total-2 fusion-content-boxes-1 content-boxes-clean-vertical content-left content-boxes-icon-on-top\" style=\"--awb-hover-accent-color:#555555;--awb-circle-hover-accent-color:#555555;\" data-animationOffset=\"top-into-view\"><div style=\"--awb-backgroundcolor:rgba(255,255,255,0);border-color:rgba(255,255,255,0);\" class=\"fusion-column content-box-column content-box-column content-box-column-1 col-lg-6 col-md-6 col-sm-6 fusion-content-box-hover content-box-column-first-in-row\"><div class=\"col content-box-wrapper content-wrapper link-area-box link-type-text icon-hover-animation-fade\" data-link=\"#vvl-elcony\" data-link-target=\"_self\" data-animationOffset=\"top-into-view\"><div class=\"heading heading-with-icon icon-left\"><a class=\"heading-link\" href=\"#vvl-elcony\" target=\"_self\"><div aria-hidden=\"true\" class=\"image\"><img decoding=\"async\" src=\"https:\/\/www.elcony.com\/wp-content\/uploads\/2023\/09\/Logo-ELCONY-160x100-1.png\" width=\"160\" height=\"100\" alt=\"\" \/><\/div><h2 class=\"content-box-heading\" style=\"--h2_typography-font-size:26px;line-height:31px;\">Verlagerung Von Lasten (VVL)<\/h2><\/a><\/div><div class=\"fusion-clearfix\"><\/div><a class=\" fusion-read-more\" href=\"#vvl-elcony\" target=\"_self\">Weitere Informationen<\/a><div class=\"fusion-clearfix\"><\/div><\/div><\/div><div style=\"--awb-backgroundcolor:rgba(255,255,255,0);border-color:rgba(255,255,255,0);\" class=\"fusion-column content-box-column content-box-column content-box-column-2 col-lg-6 col-md-6 col-sm-6 fusion-content-box-hover content-box-column-last content-box-column-last-in-row\"><div class=\"col content-box-wrapper content-wrapper link-area-box link-type-text icon-hover-animation-fade\" data-link=\"#hp-elcony\" data-link-target=\"_self\" data-animationOffset=\"top-into-view\"><div class=\"heading heading-with-icon icon-left\"><a class=\"heading-link\" href=\"#hp-elcony\" target=\"_self\"><div aria-hidden=\"true\" class=\"image\"><img decoding=\"async\" src=\"https:\/\/www.elcony.com\/wp-content\/uploads\/2023\/09\/Logo-ELCONY-160x100-1.png\" width=\"160\" height=\"100\" alt=\"\" \/><\/div><h2 class=\"content-box-heading\" style=\"--h2_typography-font-size:26px;line-height:31px;\">Arbeiten mit der Halle und dem Portalkran<\/h2><\/a><\/div><div class=\"fusion-clearfix\"><\/div><a class=\" fusion-read-more\" href=\"#hp-elcony\" target=\"_self\">Weitere Informationen<\/a><div class=\"fusion-clearfix\"><\/div><\/div><\/div><div class=\"fusion-clearfix\"><\/div><\/div><div class=\"fusion-clearfix\"><\/div><\/div><\/div><div class=\"fusion-layout-column fusion_builder_column fusion-builder-column-2 fusion_builder_column_1_6 1_6 fusion-one-sixth fusion-column-last\" style=\"--awb-bg-size:cover;width:16.666666666667%;width:calc(16.666666666667% - ( ( 4% + 4% ) * 0.16666666666667 ) );\"><div class=\"fusion-column-wrapper fusion-flex-column-wrapper-legacy\"><div class=\"fusion-clearfix\"><\/div><\/div><\/div><\/div><\/div><div id=\"vvl-elcony\" class=\"fusion-container-anchor\"><div class=\"fusion-fullwidth fullwidth-box fusion-builder-row-2 has-pattern-background has-mask-background nonhundred-percent-fullwidth non-hundred-percent-height-scrolling\" style=\"--awb-border-radius-top-left:0px;--awb-border-radius-top-right:0px;--awb-border-radius-bottom-right:0px;--awb-border-radius-bottom-left:0px;--awb-background-color:#f7f7f7;--awb-flex-wrap:wrap;\" ><div class=\"fusion-builder-row fusion-row\"><div class=\"fusion-layout-column fusion_builder_column fusion-builder-column-3 fusion_builder_column_1_6 1_6 fusion-one-sixth fusion-column-first\" style=\"--awb-bg-size:cover;width:16.666666666667%;width:calc(16.666666666667% - ( ( 4% + 4% ) * 0.16666666666667 ) );margin-right: 4%;\"><div class=\"fusion-column-wrapper fusion-flex-column-wrapper-legacy\"><div class=\"fusion-image-element fusion-image-align-center in-legacy-container\" style=\"text-align:center;--awb-caption-title-font-family:var(--h2_typography-font-family);--awb-caption-title-font-weight:var(--h2_typography-font-weight);--awb-caption-title-font-style:var(--h2_typography-font-style);--awb-caption-title-size:var(--h2_typography-font-size);--awb-caption-title-transform:var(--h2_typography-text-transform);--awb-caption-title-line-height:var(--h2_typography-line-height);--awb-caption-title-letter-spacing:var(--h2_typography-letter-spacing);\"><div class=\"imageframe-align-center\"><span class=\" fusion-imageframe imageframe-none imageframe-1 hover-type-none\"><img decoding=\"async\" width=\"160\" height=\"100\" title=\"Logo ELCONY 160&#215;100\" src=\"https:\/\/www.elcony.com\/wp-content\/uploads\/2023\/09\/Logo-ELCONY-160x100-1.png\" alt class=\"img-responsive wp-image-185468\"\/><\/span><\/div><\/div><div class=\"fusion-sep-clear\"><\/div><div class=\"fusion-separator fusion-full-width-sep\" style=\"margin-left: auto;margin-right: auto;margin-top:20px;width:100%;\"><\/div><div class=\"fusion-sep-clear\"><\/div><div class=\"fusion-clearfix\"><\/div><\/div><\/div><div class=\"fusion-layout-column fusion_builder_column fusion-builder-column-4 fusion_builder_column_2_3 2_3 fusion-two-third\" style=\"--awb-padding-bottom:20px;--awb-bg-size:cover;--awb-margin-top:0px;--awb-margin-bottom:0px;width:66.666666666667%;width:calc(66.666666666667% - ( ( 4% + 4% ) * 0.66666666666667 ) );margin-right: 4%;\"><div class=\"fusion-column-wrapper fusion-flex-column-wrapper-legacy\"><div class=\"fusion-text fusion-text-1\"><h2>Verlagerung Von Lasten (VVL)<\/h2>\n<\/div><div class=\"fusion-text fusion-text-2\"><h3>Zweckgruppe<\/h3>\n<p>Besch\u00e4ftigte, die auf einem (petro-)chemischen Betriebsgel\u00e4nde in Anlagen, Werkst\u00e4tten Lasten handhaben und bewegen.<\/p>\n<h3>Lernziel<\/h3>\n<p>Sicheres Heben und Bewegen von Lasten mit Hebezeugen und Hubwerkzeugen.<\/p>\n<h3>Theorie<\/h3>\n<p>Begriffe, gesetzliche Bestimmungen und Vorschriften.<br \/>\nHebeb\u00e4nder.<br \/>\nStahldrahtseile.<br \/>\nKetten und Kettenwerk.<br \/>\nSpezielle Hebezeuge.<br \/>\nHebezeuge, Hubbalken und Laufkatzen.<br \/>\nInspektion und Zertifizierung.<br \/>\nSicheres Heben von Lasten.<br \/>\nArmsignale.<\/p>\n<h3>Praxis<\/h3>\n<p>\u00dcben des sicheren Anh\u00e4ngens und Bewegens eines Absperrschiebers, eines Sicherheitsventils, eines gebogenen Rohres auf einem Simulationsstand und einer Palette mit Gegenst\u00e4nden, eines Elektromotors, von Ger\u00fcstbohlen und einer Stahltraverse.<\/p>\n<h3>Anforderungen an den Gang<\/h3>\n<p>Der Kandidat sollte mindestens 18 Jahre alt sein. Eine Ausnahme gilt f\u00fcr Sch\u00fcler, die die Ausbildung im Rahmen einer Einstiegsqualifizierung absolvieren. F\u00fcr sie gilt ein Mindestalter von 16 Jahren.<\/p>\n<h3>Kursdauer<\/h3>\n<p>1 Tag (2 Halbtagessitzungen).<\/p>\n<h3>Diplom<\/h3>\n<p>F\u00fcr den Kurs &#8220;Bewegen von Lasten (VVL)&#8221; verwendet ELCONY die Pr\u00fcfungsmatrizen der SSVV. Der einzige Unterschied zwischen einer SOG-Pr\u00fcfung und einer ELCONY-Pr\u00fcfung liegt in der Art und Weise, wie die Pr\u00fcfung durchgef\u00fchrt wird. Nach einer ELCONY-Pr\u00fcfung erhalten die Teilnehmer kein SOG-Diplom und werden nicht in das zentrale Diplomregister der VCA eingetragen. Stattdessen erhalten sie ein ELCONY-Diplom. Dieses Diplom entspricht dem Artikel 8 des Gesetzes \u00fcber die Arbeitsbedingungen, der sich auf die Information und Unterweisung bezieht. Unternehmen, die das SSVV-Diplom nicht f\u00fcr notwendig erachten, k\u00f6nnen sich auf das Arbeitssicherheitsgesetz berufen. F\u00fcr diese Unternehmen bietet ELCONY eine Alternative.<br \/>\nDas Diplom ist f\u00fcnf Jahre lang g\u00fcltig.<\/p>\n<\/div><div class=\"fusion-text fusion-text-3\"><h3>Preis<\/h3>\n<p>229,00 \u20ac pro Person. F\u00fcr In-Companys gilt eine Mindestteilnehmerzahl von 6 Personen.<\/p>\n<\/div><div class=\"fusion-text fusion-text-4\"><p>Rufen Sie uns an unter <strong>+31(0)88-2200100<\/strong> oder senden Sie eine E-Mail an <a href=\"&#x6d;&#x61;&#105;&#108;t&#x6f;&#x3a;&#x69;&#110;fo&#x40;&#x65;&#108;&#99;o&#x6e;&#x79;&#x2e;&#99;om\"><strong>&#x69;&#x6e;&#x66;&#x6f;&#x40;&#x65;&#x6c;&#99;&#111;&#110;&#121;&#46;com<\/strong><\/a>.<\/p>\n<\/div><div class=\"fusion-clearfix\"><\/div><\/div><\/div><div class=\"fusion-layout-column fusion_builder_column fusion-builder-column-5 fusion_builder_column_1_6 1_6 fusion-one-sixth fusion-column-last\" style=\"--awb-bg-size:cover;width:16.666666666667%;width:calc(16.666666666667% - ( ( 4% + 4% ) * 0.16666666666667 ) );\"><div class=\"fusion-column-wrapper fusion-flex-column-wrapper-legacy\"><div class=\"fusion-clearfix\"><\/div><\/div><\/div><\/div><\/div><\/div><div id=\"hp-elcony\" class=\"fusion-container-anchor\"><div class=\"fusion-fullwidth fullwidth-box fusion-builder-row-3 has-pattern-background has-mask-background nonhundred-percent-fullwidth non-hundred-percent-height-scrolling\" style=\"--awb-border-radius-top-left:0px;--awb-border-radius-top-right:0px;--awb-border-radius-bottom-right:0px;--awb-border-radius-bottom-left:0px;--awb-flex-wrap:wrap;\" ><div class=\"fusion-builder-row fusion-row\"><div class=\"fusion-layout-column fusion_builder_column fusion-builder-column-6 fusion_builder_column_1_6 1_6 fusion-one-sixth fusion-column-first\" style=\"--awb-bg-size:cover;width:16.666666666667%;width:calc(16.666666666667% - ( ( 4% + 4% ) * 0.16666666666667 ) );margin-right: 4%;\"><div class=\"fusion-column-wrapper fusion-flex-column-wrapper-legacy\"><div class=\"fusion-image-element fusion-image-align-center in-legacy-container\" style=\"text-align:center;--awb-caption-title-font-family:var(--h2_typography-font-family);--awb-caption-title-font-weight:var(--h2_typography-font-weight);--awb-caption-title-font-style:var(--h2_typography-font-style);--awb-caption-title-size:var(--h2_typography-font-size);--awb-caption-title-transform:var(--h2_typography-text-transform);--awb-caption-title-line-height:var(--h2_typography-line-height);--awb-caption-title-letter-spacing:var(--h2_typography-letter-spacing);\"><div class=\"imageframe-align-center\"><span class=\" fusion-imageframe imageframe-none imageframe-2 hover-type-none\"><img decoding=\"async\" width=\"160\" height=\"100\" title=\"Logo ELCONY 160&#215;100\" src=\"https:\/\/www.elcony.com\/wp-content\/uploads\/2023\/09\/Logo-ELCONY-160x100-1.png\" alt class=\"img-responsive wp-image-185468\"\/><\/span><\/div><\/div><div class=\"fusion-sep-clear\"><\/div><div class=\"fusion-separator fusion-full-width-sep\" style=\"margin-left: auto;margin-right: auto;margin-top:20px;width:100%;\"><\/div><div class=\"fusion-sep-clear\"><\/div><div class=\"fusion-clearfix\"><\/div><\/div><\/div><div class=\"fusion-layout-column fusion_builder_column fusion-builder-column-7 fusion_builder_column_2_3 2_3 fusion-two-third\" style=\"--awb-padding-bottom:20px;--awb-bg-size:cover;--awb-margin-top:0px;--awb-margin-bottom:0px;width:66.666666666667%;width:calc(66.666666666667% - ( ( 4% + 4% ) * 0.66666666666667 ) );margin-right: 4%;\"><div class=\"fusion-column-wrapper fusion-flex-column-wrapper-legacy\"><div class=\"fusion-text fusion-text-5\"><h1>Arbeiten mit der Halle und dem Portalkran<\/h1>\n<\/div><div class=\"fusion-text fusion-text-6\"><h3>Zielgruppe<\/h3>\n<p>Mitarbeiter, die einen Hallen- oder Portalkran bedienen.<\/p>\n<h3>Lernziel<\/h3>\n<p>Erleben und lernen, wie man sicher mit dem Hallen- oder Portalkran arbeitet und wie man mit Lasten umgeht.<\/p>\n<h3>Theorie<\/h3>\n<p>Begriffe, gesetzliche Bestimmungen und Vorschriften.<br \/>\nHebeb\u00e4nder.<br \/>\nStahldrahtseile.<br \/>\nKetten und Kettenwerk.<br \/>\nSpezielle Hebezeuge.<br \/>\nHebezeuge, Hubbalken und Laufkatzen.<br \/>\nInspektion und Zertifizierung.<br \/>\nSicheres Heben von Lasten.<br \/>\nArmsignale.<\/p>\n<h3>Praxis<\/h3>\n<p>\u00dcben des sicheren Anh\u00e4ngens und Bewegens eines Absperrschiebers, eines Sicherheitsventils, eines gebogenen Rohres auf einem Simulationsstand und einer Palette mit Gegenst\u00e4nden, eines Elektromotors, von Ger\u00fcstbohlen und einer Stahltraverse.<\/p>\n<h3>Anforderungen an den Gang<\/h3>\n<p>Der Kandidat sollte mindestens 18 Jahre alt sein. Eine Ausnahme gilt f\u00fcr Sch\u00fcler, die die Ausbildung im Rahmen einer Einstiegsqualifizierung absolvieren. F\u00fcr sie gilt ein Mindestalter von 16 Jahren.<\/p>\n<h3>Kursdauer<\/h3>\n<p>1 Tag (2 Halbtagessitzungen).<\/p>\n<h3>Diplom<\/h3>\n<p>Gem\u00e4\u00df Arbeitsschutzgesetz Artikel 8 &#8211; Information und Unterweisung.<br \/>\nG\u00fcltig f\u00fcr 5 Jahre.<\/p>\n<\/div><div class=\"fusion-text fusion-text-7\"><h3>Preis<\/h3>\n<p>229,00 \u20ac pro Person. F\u00fcr In-Companys gilt eine Mindestteilnehmerzahl von 6 Personen.<\/p>\n<\/div><div class=\"fusion-text fusion-text-8\"><p>Rufen Sie uns an unter <strong>+31(0)88-2200100<\/strong> oder senden Sie eine E-Mail an <a href=\"&#x6d;&#97;i&#x6c;&#116;o&#x3a;&#105;n&#x66;&#x6f;&#64;&#x65;&#x6c;&#99;o&#x6e;&#121;&#46;&#x63;&#111;m\"><strong>&#x69;n&#x66;o&#x40;&#101;&#x6c;&#99;o&#x6e;y&#x2e;&#99;&#x6f;&#109;<\/strong><\/a>.<\/p>\n<\/div><div class=\"fusion-clearfix\"><\/div><\/div><\/div><div class=\"fusion-layout-column fusion_builder_column fusion-builder-column-8 fusion_builder_column_1_6 1_6 fusion-one-sixth fusion-column-last\" style=\"--awb-bg-size:cover;width:16.666666666667%;width:calc(16.666666666667% - ( ( 4% + 4% ) * 0.16666666666667 ) );\"><div class=\"fusion-column-wrapper fusion-flex-column-wrapper-legacy\"><div class=\"fusion-clearfix\"><\/div><\/div><\/div><\/div><\/div><\/div><\/p>\n","protected":false},"excerpt":{"rendered":"","protected":false},"author":1,"featured_media":0,"parent":0,"menu_order":7,"comment_status":"closed","ping_status":"closed","template":"","meta":{"footnotes":""},"class_list":["post-234416","page","type-page","status-publish","hentry"],"yoast_head":"<!-- This site is optimized with the Yoast SEO plugin v27.5 - https:\/\/yoast.com\/product\/yoast-seo-wordpress\/ -->\n<title>Kurs Verlagerung Von Lasten (VVL) | F\u00fcr die niederl\u00e4ndische Industrie<\/title>\n<meta name=\"description\" content=\"Kurs Verlagerung Von Lasten (VVL). Sie m\u00fcssen den niederl\u00e4ndischen Normen entsprechen und ein g\u00fcltiges ARBO-Diplom besitzen.\" \/>\n<meta name=\"robots\" content=\"index, follow, max-snippet:-1, max-image-preview:large, max-video-preview:-1\" \/>\n<link rel=\"canonical\" href=\"https:\/\/www.elcony.com\/de\/verlagerung-von-lasten\/\" \/>\n<script type=\"application\/ld+json\" class=\"yoast-schema-graph\">{\"@context\":\"https:\\\/\\\/schema.org\",\"@graph\":[{\"@type\":\"WebPage\",\"@id\":\"https:\\\/\\\/www.elcony.com\\\/de\\\/verlagerung-von-lasten\\\/\",\"url\":\"https:\\\/\\\/www.elcony.com\\\/de\\\/verlagerung-von-lasten\\\/\",\"name\":\"Kurs Verlagerung Von Lasten (VVL) | F\u00fcr die niederl\u00e4ndische Industrie\",\"isPartOf\":{\"@id\":\"https:\\\/\\\/www.elcony.com\\\/it\\\/#website\"},\"datePublished\":\"2023-11-26T13:13:49+00:00\",\"dateModified\":\"2023-11-26T13:13:52+00:00\",\"description\":\"Kurs Verlagerung Von Lasten (VVL). Sie m\u00fcssen den niederl\u00e4ndischen Normen entsprechen und ein g\u00fcltiges ARBO-Diplom besitzen.\",\"breadcrumb\":{\"@id\":\"https:\\\/\\\/www.elcony.com\\\/de\\\/verlagerung-von-lasten\\\/#breadcrumb\"},\"inLanguage\":\"de-DE\",\"potentialAction\":[{\"@type\":\"ReadAction\",\"target\":[\"https:\\\/\\\/www.elcony.com\\\/de\\\/verlagerung-von-lasten\\\/\"]}]},{\"@type\":\"BreadcrumbList\",\"@id\":\"https:\\\/\\\/www.elcony.com\\\/de\\\/verlagerung-von-lasten\\\/#breadcrumb\",\"itemListElement\":[{\"@type\":\"ListItem\",\"position\":1,\"name\":\"Home\",\"item\":\"https:\\\/\\\/www.elcony.com\\\/de\\\/\"},{\"@type\":\"ListItem\",\"position\":2,\"name\":\"Verlagerung Von Lasten\"}]},{\"@type\":\"WebSite\",\"@id\":\"https:\\\/\\\/www.elcony.com\\\/it\\\/#website\",\"url\":\"https:\\\/\\\/www.elcony.com\\\/it\\\/\",\"name\":\"ELCONY\",\"description\":\"ARBO, VCA en SOG Opleidingen\",\"potentialAction\":[{\"@type\":\"SearchAction\",\"target\":{\"@type\":\"EntryPoint\",\"urlTemplate\":\"https:\\\/\\\/www.elcony.com\\\/it\\\/?s={search_term_string}\"},\"query-input\":{\"@type\":\"PropertyValueSpecification\",\"valueRequired\":true,\"valueName\":\"search_term_string\"}}],\"inLanguage\":\"de-DE\"}]}<\/script>\n<!-- \/ Yoast SEO plugin. -->","yoast_head_json":{"title":"Kurs Verlagerung Von Lasten (VVL) | F\u00fcr die niederl\u00e4ndische Industrie","description":"Kurs Verlagerung Von Lasten (VVL). Sie m\u00fcssen den niederl\u00e4ndischen Normen entsprechen und ein g\u00fcltiges ARBO-Diplom besitzen.","robots":{"index":"index","follow":"follow","max-snippet":"max-snippet:-1","max-image-preview":"max-image-preview:large","max-video-preview":"max-video-preview:-1"},"canonical":"https:\/\/www.elcony.com\/de\/verlagerung-von-lasten\/","schema":{"@context":"https:\/\/schema.org","@graph":[{"@type":"WebPage","@id":"https:\/\/www.elcony.com\/de\/verlagerung-von-lasten\/","url":"https:\/\/www.elcony.com\/de\/verlagerung-von-lasten\/","name":"Kurs Verlagerung Von Lasten (VVL) | F\u00fcr die niederl\u00e4ndische Industrie","isPartOf":{"@id":"https:\/\/www.elcony.com\/it\/#website"},"datePublished":"2023-11-26T13:13:49+00:00","dateModified":"2023-11-26T13:13:52+00:00","description":"Kurs Verlagerung Von Lasten (VVL). Sie m\u00fcssen den niederl\u00e4ndischen Normen entsprechen und ein g\u00fcltiges ARBO-Diplom besitzen.","breadcrumb":{"@id":"https:\/\/www.elcony.com\/de\/verlagerung-von-lasten\/#breadcrumb"},"inLanguage":"de-DE","potentialAction":[{"@type":"ReadAction","target":["https:\/\/www.elcony.com\/de\/verlagerung-von-lasten\/"]}]},{"@type":"BreadcrumbList","@id":"https:\/\/www.elcony.com\/de\/verlagerung-von-lasten\/#breadcrumb","itemListElement":[{"@type":"ListItem","position":1,"name":"Home","item":"https:\/\/www.elcony.com\/de\/"},{"@type":"ListItem","position":2,"name":"Verlagerung Von Lasten"}]},{"@type":"WebSite","@id":"https:\/\/www.elcony.com\/it\/#website","url":"https:\/\/www.elcony.com\/it\/","name":"ELCONY","description":"ARBO, VCA en SOG Opleidingen","potentialAction":[{"@type":"SearchAction","target":{"@type":"EntryPoint","urlTemplate":"https:\/\/www.elcony.com\/it\/?s={search_term_string}"},"query-input":{"@type":"PropertyValueSpecification","valueRequired":true,"valueName":"search_term_string"}}],"inLanguage":"de-DE"}]}},"_links":{"self":[{"href":"https:\/\/www.elcony.com\/de\/wp-json\/wp\/v2\/pages\/234416","targetHints":{"allow":["GET"]}}],"collection":[{"href":"https:\/\/www.elcony.com\/de\/wp-json\/wp\/v2\/pages"}],"about":[{"href":"https:\/\/www.elcony.com\/de\/wp-json\/wp\/v2\/types\/page"}],"author":[{"embeddable":true,"href":"https:\/\/www.elcony.com\/de\/wp-json\/wp\/v2\/users\/1"}],"replies":[{"embeddable":true,"href":"https:\/\/www.elcony.com\/de\/wp-json\/wp\/v2\/comments?post=234416"}],"version-history":[{"count":0,"href":"https:\/\/www.elcony.com\/de\/wp-json\/wp\/v2\/pages\/234416\/revisions"}],"wp:attachment":[{"href":"https:\/\/www.elcony.com\/de\/wp-json\/wp\/v2\/media?parent=234416"}],"curies":[{"name":"wp","href":"https:\/\/api.w.org\/{rel}","templated":true}]}}