{"id":307334,"date":"2024-07-04T09:18:57","date_gmt":"2024-07-04T07:18:57","guid":{"rendered":"https:\/\/www.elcony.com\/atex\/"},"modified":"2025-03-20T23:48:06","modified_gmt":"2025-03-20T22:48:06","slug":"atex","status":"publish","type":"page","link":"https:\/\/www.elcony.com\/de\/atex\/","title":{"rendered":"ATEX"},"content":{"rendered":"<div class=\"fusion-fullwidth fullwidth-box fusion-builder-row-1 nonhundred-percent-fullwidth non-hundred-percent-height-scrolling\" style=\"--awb-border-radius-top-left:0px;--awb-border-radius-top-right:0px;--awb-border-radius-bottom-right:0px;--awb-border-radius-bottom-left:0px;--awb-flex-wrap:wrap;\" ><div class=\"fusion-builder-row fusion-row\"><div class=\"fusion-layout-column fusion_builder_column fusion-builder-column-0 fusion_builder_column_1_5 1_5 fusion-one-fifth fusion-column-first\" style=\"--awb-bg-size:cover;width:20%;width:calc(20% - ( ( 4% + 4% ) * 0.2 ) );margin-right: 4%;\"><div class=\"fusion-column-wrapper fusion-flex-column-wrapper-legacy\"><div class=\"fusion-clearfix\"><\/div><\/div><\/div><div class=\"fusion-layout-column fusion_builder_column fusion-builder-column-1 fusion_builder_column_3_5 3_5 fusion-three-fifth\" style=\"--awb-padding-bottom:20x;--awb-bg-size:cover;--awb-margin-top:0px;--awb-margin-bottom:0px;width:60%;width:calc(60% - ( ( 4% + 4% ) * 0.6 ) );margin-right: 4%;\"><div class=\"fusion-column-wrapper fusion-flex-column-wrapper-legacy\"><div class=\"fusion-text fusion-text-1\"><h1>ATEX Bewusstsein (ATEX Awareness)<\/h1>\n<\/div><div class=\"fusion-text fusion-text-2\"><h3>Online-Kurs mit Pr\u00fcfung<\/h3>\n<\/div><div class=\"fusion-sep-clear\"><\/div><div class=\"fusion-separator fusion-full-width-sep\" style=\"margin-left: auto;margin-right: auto;margin-top:10px;width:100%;\"><\/div><div class=\"fusion-sep-clear\"><\/div><ul style=\"--awb-line-height:30.6px;--awb-icon-width:30.6px;--awb-icon-height:30.6px;--awb-icon-margin:12.6px;--awb-content-margin:43.2px;--awb-circlecolor:#5894e8;--awb-circle-yes-font-size:15.84px;\" class=\"fusion-checklist fusion-checklist-1 fusion-checklist-default type-icons\"><li class=\"fusion-li-item\" style=\"\"><span class=\"icon-wrapper circle-yes\"><i class=\"fusion-li-icon awb-icon-check\" aria-hidden=\"true\"><\/i><\/span><div class=\"fusion-li-item-content\">\n<p>W\u00e4hlen Sie aus mehreren Sprachen aus.<\/p>\n<\/div><\/li><li class=\"fusion-li-item\" style=\"\"><span class=\"icon-wrapper circle-yes\"><i class=\"fusion-li-icon awb-icon-check\" aria-hidden=\"true\"><\/i><\/span><div class=\"fusion-li-item-content\">\n<p>Mache die Pr\u00fcfung, wann es dir passt.<\/p>\n<\/div><\/li><\/ul><div class=\"fusion-sep-clear\"><\/div><div class=\"fusion-separator fusion-full-width-sep\" style=\"margin-left: auto;margin-right: auto;margin-top:20px;width:100%;\"><\/div><div class=\"fusion-sep-clear\"><\/div><div class=\"fusion-button-wrapper\"><a class=\"fusion-button button-3d fusion-button-default-size button-default fusion-button-default button-1 fusion-button-default-span fusion-button-default-type fusion-animated\" data-animationType=\"fadeInUp\" data-animationDuration=\"1.0\" data-animationOffset=\"top-into-view\" target=\"_self\" href=\"https:\/\/www.elcony.com\/de\/produkt\/307719\/\"><span class=\"fusion-button-text awb-button__text awb-button__text--default\">Bestellen Sie f\u00fcr \u20ac 99,00 zzgl. MwSt.<\/span><\/a><\/div><div class=\"fusion-sep-clear\"><\/div><div class=\"fusion-separator fusion-full-width-sep\" style=\"margin-left: auto;margin-right: auto;margin-top:20px;width:100%;\"><\/div><div class=\"fusion-sep-clear\"><\/div><div class=\"fusion-text fusion-text-3\"><h3>Zielgruppe<\/h3>\n<p>F\u00fcr sicheres Arbeiten in explosionsgef\u00e4hrdeten Umgebungen gelten die Standards gem\u00e4\u00df den ATEX-Richtlinien. Personen, die \u00fcber ATEX Awareness verf\u00fcgen, besitzen Fachkenntnisse auf diesem Gebiet und sind f\u00fcr die Einhaltung der Sicherheitsrichtlinien in ihrem Aufgabenbereich verantwortlich. Dar\u00fcber hinaus verf\u00fcgen sie \u00fcber ausreichende Kenntnisse der Vorschriften und Regelungen f\u00fcr explosionsgef\u00e4hrdete Umgebungen.<\/p>\n<h3>Lernziel<\/h3>\n<p>Das ATEX Awareness Training ist f\u00fcr alle Mitarbeiter essentiell, die aufgrund ihrer Funktion die Vorschriften f\u00fcr explosionsgef\u00e4hrdete Umgebungen verstehen und befolgen m\u00fcssen. Das Training behandelt allgemeine Aspekte, die f\u00fcr das sichere Management von T\u00e4tigkeiten in solchen Umgebungen entscheidend sind.<\/p>\n<h3>Theorie<\/h3>\n<p>Arbeitsschutzgesetze und -verordnungen.<br \/>\nDefinitionen und Begriffe.<br \/>\nBrand- und Explosionsgefahren.<br \/>\nATEX Richtlinien.<br \/>\nArbeiten mit entz\u00fcndbaren Stoffen.<\/p>\n<h3>Online-Kurs<\/h3>\n<p>Der Kurs besteht aus Lektionen, die Sie auf Ihrem Telefon, Tablet oder Computer studieren k\u00f6nnen. Sie k\u00f6nnen das Lernmaterial so oft durchgehen, wie Sie m\u00f6chten, um optimal auf die Pr\u00fcfung vorbereitet zu sein, die den E-Learning-Kurs abschlie\u00dft. Bei ausreichendem Ergebnis erhalten Sie ein Zertifikat.<\/p>\n<p>&nbsp;<\/p>\n<h3>Zertifikat<\/h3>\n<p>Das Zertifikat ist drei Jahre g\u00fcltig. Dies bedeutet, dass es nach Ablauf dieser Zeit erneuert werden muss, um Kenntnisse und F\u00e4higkeiten in Bezug auf explosionsgef\u00e4hrdete Umgebungen nachzuweisen. Durch den Besuch dieses Kurses erf\u00fcllen sowohl der Arbeitgeber als auch der Arbeitnehmer die Anforderungen des Arbeitsumstandsgesetzes (Arbowet) hinsichtlich ausreichender Unterweisung und nachweisbarer Fachkompetenz.<\/p>\n<\/div><div class=\"fusion-clearfix\"><\/div><\/div><\/div><div class=\"fusion-layout-column fusion_builder_column fusion-builder-column-2 fusion_builder_column_1_5 1_5 fusion-one-fifth fusion-column-last\" style=\"--awb-bg-size:cover;width:20%;width:calc(20% - ( ( 4% + 4% ) * 0.2 ) );\"><div class=\"fusion-column-wrapper fusion-flex-column-wrapper-legacy\"><div class=\"fusion-clearfix\"><\/div><\/div><\/div><\/div><\/div>\n","protected":false},"excerpt":{"rendered":"","protected":false},"author":1,"featured_media":0,"parent":0,"menu_order":3,"comment_status":"closed","ping_status":"closed","template":"","meta":{"footnotes":""},"class_list":["post-307334","page","type-page","status-publish","hentry"],"yoast_head":"<!-- This site is optimized with the Yoast SEO plugin v27.3 - https:\/\/yoast.com\/product\/yoast-seo-wordpress\/ -->\n<title>Online-Kurs ATEX Bewusstsein (ATEX Awareness) | ELCONY<\/title>\n<meta name=\"description\" content=\"Erf\u00fcllen Sie die niederl\u00e4ndischen Standards, f\u00fcr die ein g\u00fcltiges Zertifikat erforderlich ist.\" \/>\n<meta name=\"robots\" content=\"index, follow, max-snippet:-1, max-image-preview:large, max-video-preview:-1\" \/>\n<link rel=\"canonical\" href=\"https:\/\/www.elcony.com\/de\/atex\/\" \/>\n<script type=\"application\/ld+json\" class=\"yoast-schema-graph\">{\"@context\":\"https:\\\/\\\/schema.org\",\"@graph\":[{\"@type\":\"WebPage\",\"@id\":\"https:\\\/\\\/www.elcony.com\\\/de\\\/atex\\\/\",\"url\":\"https:\\\/\\\/www.elcony.com\\\/de\\\/atex\\\/\",\"name\":\"Online-Kurs ATEX Bewusstsein (ATEX Awareness) | ELCONY\",\"isPartOf\":{\"@id\":\"https:\\\/\\\/www.elcony.com\\\/it\\\/#website\"},\"datePublished\":\"2024-07-04T07:18:57+00:00\",\"dateModified\":\"2025-03-20T22:48:06+00:00\",\"description\":\"Erf\u00fcllen Sie die niederl\u00e4ndischen Standards, f\u00fcr die ein g\u00fcltiges Zertifikat erforderlich ist.\",\"breadcrumb\":{\"@id\":\"https:\\\/\\\/www.elcony.com\\\/de\\\/atex\\\/#breadcrumb\"},\"inLanguage\":\"de-DE\",\"potentialAction\":[{\"@type\":\"ReadAction\",\"target\":[\"https:\\\/\\\/www.elcony.com\\\/de\\\/atex\\\/\"]}]},{\"@type\":\"BreadcrumbList\",\"@id\":\"https:\\\/\\\/www.elcony.com\\\/de\\\/atex\\\/#breadcrumb\",\"itemListElement\":[{\"@type\":\"ListItem\",\"position\":1,\"name\":\"Home\",\"item\":\"https:\\\/\\\/www.elcony.com\\\/de\\\/\"},{\"@type\":\"ListItem\",\"position\":2,\"name\":\"ATEX\"}]},{\"@type\":\"WebSite\",\"@id\":\"https:\\\/\\\/www.elcony.com\\\/it\\\/#website\",\"url\":\"https:\\\/\\\/www.elcony.com\\\/it\\\/\",\"name\":\"ELCONY\",\"description\":\"ARBO, VCA en SOG Opleidingen\",\"potentialAction\":[{\"@type\":\"SearchAction\",\"target\":{\"@type\":\"EntryPoint\",\"urlTemplate\":\"https:\\\/\\\/www.elcony.com\\\/it\\\/?s={search_term_string}\"},\"query-input\":{\"@type\":\"PropertyValueSpecification\",\"valueRequired\":true,\"valueName\":\"search_term_string\"}}],\"inLanguage\":\"de-DE\"}]}<\/script>\n<!-- \/ Yoast SEO plugin. -->","yoast_head_json":{"title":"Online-Kurs ATEX Bewusstsein (ATEX Awareness) | ELCONY","description":"Erf\u00fcllen Sie die niederl\u00e4ndischen Standards, f\u00fcr die ein g\u00fcltiges Zertifikat erforderlich ist.","robots":{"index":"index","follow":"follow","max-snippet":"max-snippet:-1","max-image-preview":"max-image-preview:large","max-video-preview":"max-video-preview:-1"},"canonical":"https:\/\/www.elcony.com\/de\/atex\/","schema":{"@context":"https:\/\/schema.org","@graph":[{"@type":"WebPage","@id":"https:\/\/www.elcony.com\/de\/atex\/","url":"https:\/\/www.elcony.com\/de\/atex\/","name":"Online-Kurs ATEX Bewusstsein (ATEX Awareness) | ELCONY","isPartOf":{"@id":"https:\/\/www.elcony.com\/it\/#website"},"datePublished":"2024-07-04T07:18:57+00:00","dateModified":"2025-03-20T22:48:06+00:00","description":"Erf\u00fcllen Sie die niederl\u00e4ndischen Standards, f\u00fcr die ein g\u00fcltiges Zertifikat erforderlich ist.","breadcrumb":{"@id":"https:\/\/www.elcony.com\/de\/atex\/#breadcrumb"},"inLanguage":"de-DE","potentialAction":[{"@type":"ReadAction","target":["https:\/\/www.elcony.com\/de\/atex\/"]}]},{"@type":"BreadcrumbList","@id":"https:\/\/www.elcony.com\/de\/atex\/#breadcrumb","itemListElement":[{"@type":"ListItem","position":1,"name":"Home","item":"https:\/\/www.elcony.com\/de\/"},{"@type":"ListItem","position":2,"name":"ATEX"}]},{"@type":"WebSite","@id":"https:\/\/www.elcony.com\/it\/#website","url":"https:\/\/www.elcony.com\/it\/","name":"ELCONY","description":"ARBO, VCA en SOG Opleidingen","potentialAction":[{"@type":"SearchAction","target":{"@type":"EntryPoint","urlTemplate":"https:\/\/www.elcony.com\/it\/?s={search_term_string}"},"query-input":{"@type":"PropertyValueSpecification","valueRequired":true,"valueName":"search_term_string"}}],"inLanguage":"de-DE"}]}},"_links":{"self":[{"href":"https:\/\/www.elcony.com\/de\/wp-json\/wp\/v2\/pages\/307334","targetHints":{"allow":["GET"]}}],"collection":[{"href":"https:\/\/www.elcony.com\/de\/wp-json\/wp\/v2\/pages"}],"about":[{"href":"https:\/\/www.elcony.com\/de\/wp-json\/wp\/v2\/types\/page"}],"author":[{"embeddable":true,"href":"https:\/\/www.elcony.com\/de\/wp-json\/wp\/v2\/users\/1"}],"replies":[{"embeddable":true,"href":"https:\/\/www.elcony.com\/de\/wp-json\/wp\/v2\/comments?post=307334"}],"version-history":[{"count":0,"href":"https:\/\/www.elcony.com\/de\/wp-json\/wp\/v2\/pages\/307334\/revisions"}],"wp:attachment":[{"href":"https:\/\/www.elcony.com\/de\/wp-json\/wp\/v2\/media?parent=307334"}],"curies":[{"name":"wp","href":"https:\/\/api.w.org\/{rel}","templated":true}]}}