{"id":326898,"date":"2024-08-13T13:45:55","date_gmt":"2024-08-13T11:45:55","guid":{"rendered":"https:\/\/www.elcony.com\/gasmessung\/"},"modified":"2026-02-06T13:19:50","modified_gmt":"2026-02-06T12:19:50","slug":"gasmessung","status":"publish","type":"page","link":"https:\/\/www.elcony.com\/de\/gasmessung\/","title":{"rendered":"Gasmessung"},"content":{"rendered":"<div class=\"fusion-fullwidth fullwidth-box fusion-builder-row-1 has-pattern-background has-mask-background nonhundred-percent-fullwidth non-hundred-percent-height-scrolling\" style=\"--awb-border-radius-top-left:0px;--awb-border-radius-top-right:0px;--awb-border-radius-bottom-right:0px;--awb-border-radius-bottom-left:0px;--awb-flex-wrap:wrap;\" ><div class=\"fusion-builder-row fusion-row\"><div class=\"fusion-layout-column fusion_builder_column fusion-builder-column-0 fusion_builder_column_1_5 1_5 fusion-one-fifth fusion-column-first\" style=\"--awb-bg-blend:overlay;--awb-bg-size:cover;width:20%;width:calc(20% - ( ( 4% + 4% ) * 0.2 ) );margin-right: 4%;\"><div class=\"fusion-column-wrapper fusion-flex-column-wrapper-legacy\"><div class=\"fusion-clearfix\"><\/div><\/div><\/div><div class=\"fusion-layout-column fusion_builder_column fusion-builder-column-1 fusion_builder_column_3_5 3_5 fusion-three-fifth\" style=\"--awb-padding-bottom:20px;--awb-bg-blend:overlay;--awb-bg-size:cover;--awb-margin-top:0px;--awb-margin-bottom:0px;width:60%;width:calc(60% - ( ( 4% + 4% ) * 0.6 ) );margin-right: 4%;\"><div class=\"fusion-column-wrapper fusion-flex-column-wrapper-legacy\"><div class=\"fusion-text fusion-text-1\"><h1>Gasmesskurs<\/h1>\n<p> Die Gasmessung ist eine wesentliche Sicherheitsaktivit\u00e4t in industriellen Umgebungen, in denen mit gef\u00e4hrlichen Stoffen, in engen R\u00e4umen oder in explosionsgef\u00e4hrdeten Atmosph\u00e4ren gearbeitet wird. Mit einem Gasmesskurs lernen Sie, Gasmessungen korrekt durchzuf\u00fchren, Messergebnisse zu interpretieren und Risiken rechtzeitig zu erkennen. <\/p>\n<h2>Was ist Gasmessung?<\/h2>\n<p> Gasmessung ist die Kontrolle der Anwesenheit und Konzentration gef\u00e4hrlicher Gase, D\u00e4mpfe und von Sauerstoff in der Arbeitsumgebung. Dies geschieht, um Risiken wie Explosionen, Vergiftungen und Erstickung zu vermeiden. Gasmessungen werden vor und w\u00e4hrend der Arbeiten durchgef\u00fchrt, zum Beispiel in Tanks, Rohrleitungen, engen R\u00e4umen und Prozessanlagen. <\/p>\n<h2>F\u00fcr wen ist der Gasmesskurs geeignet?<\/h2>\n<p> Der Gasmesskurs richtet sich an Mitarbeiter, die f\u00fcr die Durchf\u00fchrung und Beurteilung von Gasmessungen verantwortlich sind, wie zum Beispiel: <\/p>\n<ul>\n<li>Monteure und Instandhaltungstechniker.<\/li>\n<li>Anlagenfahrer und Aufsichtspersonen.<\/li>\n<li>Mitarbeiter in der (petro)chemischen Industrie und Industrie.<\/li>\n<li>Selbstst\u00e4ndige und Auftragnehmer.<\/li>\n<li>Mitarbeiter, die in engen R\u00e4umen arbeiten.<\/li>\n<\/ul>\n<h2>Gasmessung ohne SOG oder NOGEPA<\/h2>\n<h3>Zielgruppe<\/h3>\n<p> Diese Schulung ist geeignet f\u00fcr Mitarbeiter, die Gasmessungen in Organisationen oder bei Auftraggebern durchf\u00fchren, bei denen keine SOG- oder NOGEPA-Pflicht besteht. <\/p>\n<h3>Wann w\u00e4hlen Sie Gasmessung ohne SOG oder NOGEPA?<\/h3>\n<p> Sie entscheiden sich f\u00fcr Gasmessung (ELCONY), wenn: <\/p>\n<ul>\n<li>Ihr Auftraggeber kein SOG- oder NOGEPA-Diplom vorschreibt<\/li>\n<li>Sie innerhalb interner Sicherheitsverfahren arbeiten<\/li>\n<li>Sie eine praxisnahe und zug\u00e4ngliche Schulung suchen<\/li>\n<\/ul>\n<p> Nach Abschluss erhalten Sie ein Diplom mit Registrierung im <strong>ELCONY-Diplomregister<\/strong>, das <strong>5 Jahre g\u00fcltig<\/strong> ist. <\/p>\n<h3>Kursdauer und Preis<\/h3>\n<ul>\n<li>1 Tag mit vorhandenen Vorkenntnissen \u00fcber unsere Online-Vorbereitung oder einen Auffrischungskurs: <strong>\u20ac 255,00<\/strong> zzgl. MwSt.<\/li>\n<li>2 Tage ohne vorherige Erfahrung: <strong>\u20ac 455,00<\/strong> zzgl. MwSt.<\/li>\n<\/ul>\n<h2>Gasmessung mit SOG<\/h2>\n<h3>Zielgruppe<\/h3>\n<p> Der SOG-anerkannte Gasmesskurs richtet sich an Mitarbeiter, die bei Auftraggebern arbeiten, bei denen ein offiziell anerkanntes Diplom vorgeschrieben ist. <\/p>\n<h3>Wann ist Gasmessung (SOG) verpflichtend?<\/h3>\n<p> Gasmessung mit SOG ist erforderlich, wenn Sie arbeiten: <\/p>\n<ul>\n<li>In der (petro)chemischen Industrie.<\/li>\n<li>Bei industriellen Instandhaltungsstillst\u00e4nden.<\/li>\n<li>F\u00fcr Auftraggeber, die nach SSVV- oder NOGEPA-Anforderungen arbeiten.<\/li>\n<li>An Standorten mit streng geregelten Sicherheitsvorschriften.<\/li>\n<\/ul>\n<p> Nach Bestehen der Pr\u00fcfung wird das Diplom im <strong>SSVV-Diplomregister<\/strong> eingetragen und ist <strong>3 Jahre g\u00fcltig<\/strong>. <\/p>\n<h3>Kursdauer und Preis<\/h3>\n<ul>\n<li>1 Tag mit vorhandenen Vorkenntnissen \u00fcber unsere Online-Vorbereitung oder einen Auffrischungskurs: <strong>\u20ac 369,00<\/strong> zzgl. MwSt.<\/li>\n<li>2 Tage ohne vorherige Erfahrung: <strong>\u20ac 569,00<\/strong> zzgl. MwSt.<\/li>\n<\/ul>\n<h2>Standorte<\/h2>\n<p> Der Gasmesskurs wird an mehreren Standorten in den Niederlanden angeboten und kann auch an Ihrem eigenen Standort durchgef\u00fchrt werden. <\/p>\n<h2>Kontakt<\/h2>\n<p> F\u00fcr weitere Informationen oder zur Anmeldung k\u00f6nnen Sie unter <strong>+31(0)88-2200100<\/strong> anrufen oder eine E-Mail an <strong><a href=\"&#109;&#x61;i&#108;&#x74;o&#58;&#x69;n&#102;&#x6f;&#64;&#101;&#x6c;&#99;&#x6f;&#x6e;&#121;&#x2e;&#x63;&#111;&#x6d;\">in&#102;&#111;&#64;&#x65;&#x6c;&#x63;&#x6f;ny&#46;&#99;&#111;&#x6d;<\/a><\/strong> senden.<\/p>\n<\/div><div class=\"fusion-clearfix\"><\/div><\/div><\/div><div class=\"fusion-layout-column fusion_builder_column fusion-builder-column-2 fusion_builder_column_1_5 1_5 fusion-one-fifth fusion-column-last\" style=\"--awb-bg-blend:overlay;--awb-bg-size:cover;width:20%;width:calc(20% - ( ( 4% + 4% ) * 0.2 ) );\"><div class=\"fusion-column-wrapper fusion-flex-column-wrapper-legacy\"><div class=\"fusion-clearfix\"><\/div><\/div><\/div><\/div><\/div>\n","protected":false},"excerpt":{"rendered":"","protected":false},"author":1,"featured_media":0,"parent":0,"menu_order":5,"comment_status":"closed","ping_status":"closed","template":"","meta":{"footnotes":""},"class_list":["post-326898","page","type-page","status-publish","hentry"],"yoast_head":"<!-- This site is optimized with the Yoast SEO plugin v27.5 - https:\/\/yoast.com\/product\/yoast-seo-wordpress\/ -->\n<title>Gasmesskurs (SOG) | Bundesweit &amp; Incompany<\/title>\n<meta name=\"description\" content=\"Nehmen Sie an einem Gasmesskurs mit oder ohne SOG teil. Lernen Sie, Gasmessungen sicher durchzuf\u00fchren und zu interpretieren. Anerkannt durch SSVV, auch an Ihrem Standort m\u00f6glich.\" \/>\n<meta name=\"robots\" content=\"index, follow, max-snippet:-1, max-image-preview:large, max-video-preview:-1\" \/>\n<link rel=\"canonical\" href=\"https:\/\/www.elcony.com\/de\/gasmessung\/\" \/>\n<script type=\"application\/ld+json\" class=\"yoast-schema-graph\">{\"@context\":\"https:\\\/\\\/schema.org\",\"@graph\":[{\"@type\":\"WebPage\",\"@id\":\"https:\\\/\\\/www.elcony.com\\\/de\\\/gasmessung\\\/\",\"url\":\"https:\\\/\\\/www.elcony.com\\\/de\\\/gasmessung\\\/\",\"name\":\"Gasmesskurs (SOG) | Bundesweit & Incompany\",\"isPartOf\":{\"@id\":\"https:\\\/\\\/www.elcony.com\\\/it\\\/#website\"},\"datePublished\":\"2024-08-13T11:45:55+00:00\",\"dateModified\":\"2026-02-06T12:19:50+00:00\",\"description\":\"Nehmen Sie an einem Gasmesskurs mit oder ohne SOG teil. Lernen Sie, Gasmessungen sicher durchzuf\u00fchren und zu interpretieren. Anerkannt durch SSVV, auch an Ihrem Standort m\u00f6glich.\",\"breadcrumb\":{\"@id\":\"https:\\\/\\\/www.elcony.com\\\/de\\\/gasmessung\\\/#breadcrumb\"},\"inLanguage\":\"de-DE\",\"potentialAction\":[{\"@type\":\"ReadAction\",\"target\":[\"https:\\\/\\\/www.elcony.com\\\/de\\\/gasmessung\\\/\"]}]},{\"@type\":\"BreadcrumbList\",\"@id\":\"https:\\\/\\\/www.elcony.com\\\/de\\\/gasmessung\\\/#breadcrumb\",\"itemListElement\":[{\"@type\":\"ListItem\",\"position\":1,\"name\":\"Home\",\"item\":\"https:\\\/\\\/www.elcony.com\\\/de\\\/\"},{\"@type\":\"ListItem\",\"position\":2,\"name\":\"Gasmessung\"}]},{\"@type\":\"WebSite\",\"@id\":\"https:\\\/\\\/www.elcony.com\\\/it\\\/#website\",\"url\":\"https:\\\/\\\/www.elcony.com\\\/it\\\/\",\"name\":\"ELCONY\",\"description\":\"ARBO, VCA en SOG Opleidingen\",\"potentialAction\":[{\"@type\":\"SearchAction\",\"target\":{\"@type\":\"EntryPoint\",\"urlTemplate\":\"https:\\\/\\\/www.elcony.com\\\/it\\\/?s={search_term_string}\"},\"query-input\":{\"@type\":\"PropertyValueSpecification\",\"valueRequired\":true,\"valueName\":\"search_term_string\"}}],\"inLanguage\":\"de-DE\"}]}<\/script>\n<!-- \/ Yoast SEO plugin. -->","yoast_head_json":{"title":"Gasmesskurs (SOG) | Bundesweit & Incompany","description":"Nehmen Sie an einem Gasmesskurs mit oder ohne SOG teil. Lernen Sie, Gasmessungen sicher durchzuf\u00fchren und zu interpretieren. Anerkannt durch SSVV, auch an Ihrem Standort m\u00f6glich.","robots":{"index":"index","follow":"follow","max-snippet":"max-snippet:-1","max-image-preview":"max-image-preview:large","max-video-preview":"max-video-preview:-1"},"canonical":"https:\/\/www.elcony.com\/de\/gasmessung\/","schema":{"@context":"https:\/\/schema.org","@graph":[{"@type":"WebPage","@id":"https:\/\/www.elcony.com\/de\/gasmessung\/","url":"https:\/\/www.elcony.com\/de\/gasmessung\/","name":"Gasmesskurs (SOG) | Bundesweit & Incompany","isPartOf":{"@id":"https:\/\/www.elcony.com\/it\/#website"},"datePublished":"2024-08-13T11:45:55+00:00","dateModified":"2026-02-06T12:19:50+00:00","description":"Nehmen Sie an einem Gasmesskurs mit oder ohne SOG teil. Lernen Sie, Gasmessungen sicher durchzuf\u00fchren und zu interpretieren. Anerkannt durch SSVV, auch an Ihrem Standort m\u00f6glich.","breadcrumb":{"@id":"https:\/\/www.elcony.com\/de\/gasmessung\/#breadcrumb"},"inLanguage":"de-DE","potentialAction":[{"@type":"ReadAction","target":["https:\/\/www.elcony.com\/de\/gasmessung\/"]}]},{"@type":"BreadcrumbList","@id":"https:\/\/www.elcony.com\/de\/gasmessung\/#breadcrumb","itemListElement":[{"@type":"ListItem","position":1,"name":"Home","item":"https:\/\/www.elcony.com\/de\/"},{"@type":"ListItem","position":2,"name":"Gasmessung"}]},{"@type":"WebSite","@id":"https:\/\/www.elcony.com\/it\/#website","url":"https:\/\/www.elcony.com\/it\/","name":"ELCONY","description":"ARBO, VCA en SOG Opleidingen","potentialAction":[{"@type":"SearchAction","target":{"@type":"EntryPoint","urlTemplate":"https:\/\/www.elcony.com\/it\/?s={search_term_string}"},"query-input":{"@type":"PropertyValueSpecification","valueRequired":true,"valueName":"search_term_string"}}],"inLanguage":"de-DE"}]}},"_links":{"self":[{"href":"https:\/\/www.elcony.com\/de\/wp-json\/wp\/v2\/pages\/326898","targetHints":{"allow":["GET"]}}],"collection":[{"href":"https:\/\/www.elcony.com\/de\/wp-json\/wp\/v2\/pages"}],"about":[{"href":"https:\/\/www.elcony.com\/de\/wp-json\/wp\/v2\/types\/page"}],"author":[{"embeddable":true,"href":"https:\/\/www.elcony.com\/de\/wp-json\/wp\/v2\/users\/1"}],"replies":[{"embeddable":true,"href":"https:\/\/www.elcony.com\/de\/wp-json\/wp\/v2\/comments?post=326898"}],"version-history":[{"count":3,"href":"https:\/\/www.elcony.com\/de\/wp-json\/wp\/v2\/pages\/326898\/revisions"}],"predecessor-version":[{"id":391208,"href":"https:\/\/www.elcony.com\/de\/wp-json\/wp\/v2\/pages\/326898\/revisions\/391208"}],"wp:attachment":[{"href":"https:\/\/www.elcony.com\/de\/wp-json\/wp\/v2\/media?parent=326898"}],"curies":[{"name":"wp","href":"https:\/\/api.w.org\/{rel}","templated":true}]}}