{"id":237969,"date":"2024-01-20T13:40:31","date_gmt":"2024-01-20T19:04:03","guid":{"rendered":"https:\/\/www.elcony.com\/product\/basissicherheit-vca-b-vca-online-kurs-2000-fragen-pruefung\/"},"modified":"2026-01-11T17:13:53","modified_gmt":"2026-01-11T16:13:53","slug":"237969","status":"publish","type":"product","link":"https:\/\/www.elcony.com\/de\/produkt\/237969\/","title":{"rendered":"Basissicherheit VCA (B-VCA) Online-Kurs + 2000 Fragen + Pr\u00fcfung"},"content":{"rendered":"<div class=\"fusion-fullwidth fullwidth-box fusion-builder-row-1 fusion-flex-container has-pattern-background has-mask-background nonhundred-percent-fullwidth non-hundred-percent-height-scrolling\" style=\"--awb-border-radius-top-left:0px;--awb-border-radius-top-right:0px;--awb-border-radius-bottom-right:0px;--awb-border-radius-bottom-left:0px;--awb-flex-wrap:wrap;\" ><div class=\"fusion-builder-row fusion-row fusion-flex-align-items-flex-start fusion-flex-content-wrap\" style=\"max-width:101%;margin-left: calc(-1% \/ 2 );margin-right: calc(-1% \/ 2 );\"><div class=\"fusion-layout-column fusion_builder_column fusion-builder-column-0 fusion_builder_column_1_1 1_1 fusion-flex-column\" style=\"--awb-bg-size:cover;--awb-width-large:100%;--awb-margin-top-large:5px;--awb-spacing-right-large:0.495%;--awb-margin-bottom-large:5px;--awb-spacing-left-large:0.495%;--awb-width-medium:100%;--awb-order-medium:0;--awb-spacing-right-medium:0.495%;--awb-spacing-left-medium:0.495%;--awb-width-small:100%;--awb-order-small:0;--awb-spacing-right-small:0.495%;--awb-spacing-left-small:0.495%;\"><div class=\"fusion-column-wrapper fusion-column-has-shadow fusion-flex-justify-content-flex-start fusion-content-layout-column\"><div class=\"fusion-text fusion-text-1\"><p>Online-Pr\u00fcfungsvorbereitungskurs mit Lektionen f\u00fcr Telefon, Tablet oder Computer. Enth\u00e4lt <strong>2000<\/strong> \u00dcbungsfragen.<\/p>\n<\/div><ul style=\"--awb-line-height:30.6px;--awb-icon-width:30.6px;--awb-icon-height:30.6px;--awb-icon-margin:12.6px;--awb-content-margin:43.2px;--awb-circlecolor:#5894e8;--awb-circle-yes-font-size:15.84px;\" class=\"fusion-checklist fusion-checklist-1 fusion-checklist-default type-icons\"><li class=\"fusion-li-item\" style=\"\"><span class=\"icon-wrapper circle-yes\"><i class=\"fusion-li-icon awb-icon-check\" aria-hidden=\"true\"><\/i><\/span><div class=\"fusion-li-item-content\">\n<p>W\u00e4hlen Sie aus 19 Sprachen.<\/p>\n<\/div><\/li><li class=\"fusion-li-item\" style=\"\"><span class=\"icon-wrapper circle-yes\"><i class=\"fusion-li-icon awb-icon-check\" aria-hidden=\"true\"><\/i><\/span><div class=\"fusion-li-item-content\">\n<p>Der Kurs ist 60 Tage lang verf\u00fcgbar.<\/p>\n<\/div><\/li><li class=\"fusion-li-item\" style=\"\"><span class=\"icon-wrapper circle-yes\"><i class=\"fusion-li-icon awb-icon-check\" aria-hidden=\"true\"><\/i><\/span><div class=\"fusion-li-item-content\">\n<p>60 Pr\u00fcfungsorte in den Niederlanden.<\/p>\n<\/div><\/li><\/ul><div class=\"fusion-separator fusion-full-width-sep\" style=\"align-self: center;margin-left: auto;margin-right: auto;margin-top:20px;width:100%;\"><\/div><div class=\"fusion-text fusion-text-2\"><div style=\"width:100%;max-width:100%;height:800px;\">\n        <iframe\n            src=\"https:\/\/www.google.com\/maps\/d\/embed?mid=1NZMH6WJgk7SVp1m2P4g0caBGLfxJres&ehbc=2E312F\"\n            style=\"width:100%;height:100%;border:0;\"\n            loading=\"lazy\"\n            referrerpolicy=\"no-referrer-when-downgrade\"\n            allowfullscreen>\n        <\/iframe>\n    <\/div>\n<\/div><\/div><\/div><\/div><\/div>\n","protected":false},"excerpt":{"rendered":"","protected":false},"featured_media":34664,"template":"","meta":[],"product_brand":[],"product_cat":[9350],"product_tag":[9662],"class_list":{"0":"post-237969","1":"product","2":"type-product","3":"status-publish","4":"has-post-thumbnail","6":"product_cat-vca-de","7":"product_tag-e-learning-de","9":"first","10":"instock","11":"taxable","12":"shipping-taxable","13":"purchasable","14":"product-type-variable"},"yoast_head":"<!-- This site is optimized with the Yoast SEO plugin v27.3 - https:\/\/yoast.com\/product\/yoast-seo-wordpress\/ -->\n<title>Basissicherheit VCA (B-VCA) Online-Kurs + 2000 Fragen + Pr\u00fcfung &#8226; ELCONY<\/title>\n<meta name=\"robots\" content=\"noindex, follow\" \/>\n<script type=\"application\/ld+json\" class=\"yoast-schema-graph\">{\"@context\":\"https:\\\/\\\/schema.org\",\"@graph\":[{\"@type\":\"WebPage\",\"@id\":\"https:\\\/\\\/www.elcony.com\\\/de\\\/produkt\\\/237969\\\/\",\"url\":\"https:\\\/\\\/www.elcony.com\\\/de\\\/produkt\\\/237969\\\/\",\"name\":\"Basissicherheit VCA (B-VCA) Online-Kurs + 2000 Fragen + Pr\u00fcfung &#8226; ELCONY\",\"isPartOf\":{\"@id\":\"https:\\\/\\\/www.elcony.com\\\/it\\\/#website\"},\"primaryImageOfPage\":{\"@id\":\"https:\\\/\\\/www.elcony.com\\\/de\\\/produkt\\\/237969\\\/#primaryimage\"},\"image\":{\"@id\":\"https:\\\/\\\/www.elcony.com\\\/de\\\/produkt\\\/237969\\\/#primaryimage\"},\"thumbnailUrl\":\"https:\\\/\\\/www.elcony.com\\\/wp-content\\\/uploads\\\/2021\\\/05\\\/VCA-2-800x533-1.jpg\",\"datePublished\":\"2024-01-20T19:04:03+00:00\",\"dateModified\":\"2026-01-11T16:13:53+00:00\",\"breadcrumb\":{\"@id\":\"https:\\\/\\\/www.elcony.com\\\/de\\\/produkt\\\/237969\\\/#breadcrumb\"},\"inLanguage\":\"de-DE\",\"potentialAction\":[{\"@type\":\"ReadAction\",\"target\":[\"https:\\\/\\\/www.elcony.com\\\/de\\\/produkt\\\/237969\\\/\"]}]},{\"@type\":\"ImageObject\",\"inLanguage\":\"de-DE\",\"@id\":\"https:\\\/\\\/www.elcony.com\\\/de\\\/produkt\\\/237969\\\/#primaryimage\",\"url\":\"https:\\\/\\\/www.elcony.com\\\/wp-content\\\/uploads\\\/2021\\\/05\\\/VCA-2-800x533-1.jpg\",\"contentUrl\":\"https:\\\/\\\/www.elcony.com\\\/wp-content\\\/uploads\\\/2021\\\/05\\\/VCA-2-800x533-1.jpg\",\"width\":800,\"height\":533},{\"@type\":\"BreadcrumbList\",\"@id\":\"https:\\\/\\\/www.elcony.com\\\/de\\\/produkt\\\/237969\\\/#breadcrumb\",\"itemListElement\":[{\"@type\":\"ListItem\",\"position\":1,\"name\":\"Home\",\"item\":\"https:\\\/\\\/www.elcony.com\\\/de\\\/\"},{\"@type\":\"ListItem\",\"position\":2,\"name\":\"Prodotti\",\"item\":\"https:\\\/\\\/www.elcony.com\\\/it\\\/shop\\\/\"},{\"@type\":\"ListItem\",\"position\":3,\"name\":\"Basissicherheit VCA (B-VCA) Online-Kurs + 2000 Fragen + Pr\u00fcfung\"}]},{\"@type\":\"WebSite\",\"@id\":\"https:\\\/\\\/www.elcony.com\\\/it\\\/#website\",\"url\":\"https:\\\/\\\/www.elcony.com\\\/it\\\/\",\"name\":\"ELCONY\",\"description\":\"ARBO, VCA en SOG Opleidingen\",\"potentialAction\":[{\"@type\":\"SearchAction\",\"target\":{\"@type\":\"EntryPoint\",\"urlTemplate\":\"https:\\\/\\\/www.elcony.com\\\/it\\\/?s={search_term_string}\"},\"query-input\":{\"@type\":\"PropertyValueSpecification\",\"valueRequired\":true,\"valueName\":\"search_term_string\"}}],\"inLanguage\":\"de-DE\"}]}<\/script>\n<!-- \/ Yoast SEO plugin. -->","yoast_head_json":{"title":"Basissicherheit VCA (B-VCA) Online-Kurs + 2000 Fragen + Pr\u00fcfung &#8226; ELCONY","robots":{"index":"noindex","follow":"follow"},"schema":{"@context":"https:\/\/schema.org","@graph":[{"@type":"WebPage","@id":"https:\/\/www.elcony.com\/de\/produkt\/237969\/","url":"https:\/\/www.elcony.com\/de\/produkt\/237969\/","name":"Basissicherheit VCA (B-VCA) Online-Kurs + 2000 Fragen + Pr\u00fcfung &#8226; ELCONY","isPartOf":{"@id":"https:\/\/www.elcony.com\/it\/#website"},"primaryImageOfPage":{"@id":"https:\/\/www.elcony.com\/de\/produkt\/237969\/#primaryimage"},"image":{"@id":"https:\/\/www.elcony.com\/de\/produkt\/237969\/#primaryimage"},"thumbnailUrl":"https:\/\/www.elcony.com\/wp-content\/uploads\/2021\/05\/VCA-2-800x533-1.jpg","datePublished":"2024-01-20T19:04:03+00:00","dateModified":"2026-01-11T16:13:53+00:00","breadcrumb":{"@id":"https:\/\/www.elcony.com\/de\/produkt\/237969\/#breadcrumb"},"inLanguage":"de-DE","potentialAction":[{"@type":"ReadAction","target":["https:\/\/www.elcony.com\/de\/produkt\/237969\/"]}]},{"@type":"ImageObject","inLanguage":"de-DE","@id":"https:\/\/www.elcony.com\/de\/produkt\/237969\/#primaryimage","url":"https:\/\/www.elcony.com\/wp-content\/uploads\/2021\/05\/VCA-2-800x533-1.jpg","contentUrl":"https:\/\/www.elcony.com\/wp-content\/uploads\/2021\/05\/VCA-2-800x533-1.jpg","width":800,"height":533},{"@type":"BreadcrumbList","@id":"https:\/\/www.elcony.com\/de\/produkt\/237969\/#breadcrumb","itemListElement":[{"@type":"ListItem","position":1,"name":"Home","item":"https:\/\/www.elcony.com\/de\/"},{"@type":"ListItem","position":2,"name":"Prodotti","item":"https:\/\/www.elcony.com\/it\/shop\/"},{"@type":"ListItem","position":3,"name":"Basissicherheit VCA (B-VCA) Online-Kurs + 2000 Fragen + Pr\u00fcfung"}]},{"@type":"WebSite","@id":"https:\/\/www.elcony.com\/it\/#website","url":"https:\/\/www.elcony.com\/it\/","name":"ELCONY","description":"ARBO, VCA en SOG Opleidingen","potentialAction":[{"@type":"SearchAction","target":{"@type":"EntryPoint","urlTemplate":"https:\/\/www.elcony.com\/it\/?s={search_term_string}"},"query-input":{"@type":"PropertyValueSpecification","valueRequired":true,"valueName":"search_term_string"}}],"inLanguage":"de-DE"}]}},"_links":{"self":[{"href":"https:\/\/www.elcony.com\/de\/wp-json\/wp\/v2\/product\/237969","targetHints":{"allow":["GET"]}}],"collection":[{"href":"https:\/\/www.elcony.com\/de\/wp-json\/wp\/v2\/product"}],"about":[{"href":"https:\/\/www.elcony.com\/de\/wp-json\/wp\/v2\/types\/product"}],"wp:featuredmedia":[{"embeddable":true,"href":"https:\/\/www.elcony.com\/de\/wp-json\/wp\/v2\/media\/34664"}],"wp:attachment":[{"href":"https:\/\/www.elcony.com\/de\/wp-json\/wp\/v2\/media?parent=237969"}],"wp:term":[{"taxonomy":"product_brand","embeddable":true,"href":"https:\/\/www.elcony.com\/de\/wp-json\/wp\/v2\/product_brand?post=237969"},{"taxonomy":"product_cat","embeddable":true,"href":"https:\/\/www.elcony.com\/de\/wp-json\/wp\/v2\/product_cat?post=237969"},{"taxonomy":"product_tag","embeddable":true,"href":"https:\/\/www.elcony.com\/de\/wp-json\/wp\/v2\/product_tag?post=237969"}],"curies":[{"name":"wp","href":"https:\/\/api.w.org\/{rel}","templated":true}]}}