{"id":307719,"date":"2024-03-01T10:47:30","date_gmt":"2024-07-04T16:42:33","guid":{"rendered":"https:\/\/www.elcony.com\/product\/atex-bewusstsein-atex-awareness-online-kurs-online-pruefung-nach\/"},"modified":"2025-11-10T15:34:46","modified_gmt":"2025-11-10T14:34:46","slug":"307719","status":"publish","type":"product","link":"https:\/\/www.elcony.com\/de\/produkt\/307719\/","title":{"rendered":"ATEX Awareness (Bewusstsein) Online-Kurs + Online-Pr\u00fcfung"},"content":{"rendered":"<div class=\"fusion-fullwidth fullwidth-box fusion-builder-row-1 fusion-flex-container has-pattern-background has-mask-background nonhundred-percent-fullwidth non-hundred-percent-height-scrolling\" style=\"--awb-border-radius-top-left:0px;--awb-border-radius-top-right:0px;--awb-border-radius-bottom-right:0px;--awb-border-radius-bottom-left:0px;--awb-flex-wrap:wrap;\" ><div class=\"fusion-builder-row fusion-row fusion-flex-align-items-flex-start fusion-flex-content-wrap\" style=\"max-width:101%;margin-left: calc(-1% \/ 2 );margin-right: calc(-1% \/ 2 );\"><div class=\"fusion-layout-column fusion_builder_column fusion-builder-column-0 fusion_builder_column_1_1 1_1 fusion-flex-column\" style=\"--awb-bg-size:cover;--awb-width-large:100%;--awb-margin-top-large:5px;--awb-spacing-right-large:0.495%;--awb-margin-bottom-large:5px;--awb-spacing-left-large:0.495%;--awb-width-medium:100%;--awb-order-medium:0;--awb-spacing-right-medium:0.495%;--awb-spacing-left-medium:0.495%;--awb-width-small:100%;--awb-order-small:0;--awb-spacing-right-small:0.495%;--awb-spacing-left-small:0.495%;\"><div class=\"fusion-column-wrapper fusion-column-has-shadow fusion-flex-justify-content-flex-start fusion-content-layout-column\"><div class=\"fusion-text fusion-text-1\"><p>Abschluss dieses Online-Kurses sind Sie \u00fcber alle Risiken der Arbeit in zonierten Bereichen informiert. Sie k\u00f6nnen auch die notwendigen Ma\u00dfnahmen ergreifen, um die Arbeit sicher auszuf\u00fchren.<\/p>\n<p>Der Kurs besteht aus Lektionen, die Sie auf Ihrem Telefon, Tablet oder Computer studieren k\u00f6nnen. Sie k\u00f6nnen das Lernmaterial so oft ansehen, wie Sie m\u00f6chten. Auf diese Weise sind Sie optimal auf die Pr\u00fcfung vorbereitet, die den Kurs abschlie\u00dft. Bei Bestehen senden wir Ihnen das Zertifikat zu.<\/p>\n<\/div><ul style=\"--awb-line-height:30.6px;--awb-icon-width:30.6px;--awb-icon-height:30.6px;--awb-icon-margin:12.6px;--awb-content-margin:43.2px;--awb-circlecolor:#5894e8;--awb-circle-yes-font-size:15.84px;\" class=\"fusion-checklist fusion-checklist-1 fusion-checklist-default type-icons\"><li class=\"fusion-li-item\" style=\"\"><span class=\"icon-wrapper circle-yes\"><i class=\"fusion-li-icon awb-icon-check\" aria-hidden=\"true\"><\/i><\/span><div class=\"fusion-li-item-content\">\n<p>W\u00e4hlen Sie aus 20 Sprachen.<\/p>\n<\/div><\/li><li class=\"fusion-li-item\" style=\"\"><span class=\"icon-wrapper circle-yes\"><i class=\"fusion-li-icon awb-icon-check\" aria-hidden=\"true\"><\/i><\/span><div class=\"fusion-li-item-content\">\n<p>Der Kurs ist 60 Tage lang verf\u00fcgbar.<\/p>\n<\/div><\/li><\/ul><\/div><\/div><\/div><\/div>\n","protected":false},"excerpt":{"rendered":"","protected":false},"featured_media":178581,"template":"","meta":[],"product_brand":[],"product_cat":[9331],"product_tag":[],"class_list":{"0":"post-307719","1":"product","2":"type-product","3":"status-publish","4":"has-post-thumbnail","6":"product_cat-elcony-de","8":"first","9":"instock","10":"taxable","11":"shipping-taxable","12":"purchasable","13":"product-type-variable"},"yoast_head":"<!-- This site is optimized with the Yoast SEO plugin v27.5 - https:\/\/yoast.com\/product\/yoast-seo-wordpress\/ -->\n<title>ATEX Awareness (Bewusstsein) Online-Kurs + Online-Pr\u00fcfung &#8226; ELCONY<\/title>\n<meta name=\"robots\" content=\"noindex, follow\" \/>\n<script type=\"application\/ld+json\" class=\"yoast-schema-graph\">{\"@context\":\"https:\\\/\\\/schema.org\",\"@graph\":[{\"@type\":\"WebPage\",\"@id\":\"https:\\\/\\\/www.elcony.com\\\/de\\\/produkt\\\/307719\\\/\",\"url\":\"https:\\\/\\\/www.elcony.com\\\/de\\\/produkt\\\/307719\\\/\",\"name\":\"ATEX Awareness (Bewusstsein) Online-Kurs + Online-Pr\u00fcfung &#8226; ELCONY\",\"isPartOf\":{\"@id\":\"https:\\\/\\\/www.elcony.com\\\/it\\\/#website\"},\"primaryImageOfPage\":{\"@id\":\"https:\\\/\\\/www.elcony.com\\\/de\\\/produkt\\\/307719\\\/#primaryimage\"},\"image\":{\"@id\":\"https:\\\/\\\/www.elcony.com\\\/de\\\/produkt\\\/307719\\\/#primaryimage\"},\"thumbnailUrl\":\"https:\\\/\\\/www.elcony.com\\\/wp-content\\\/uploads\\\/2023\\\/07\\\/ATEX-200x172-1.png\",\"datePublished\":\"2024-07-04T16:42:33+00:00\",\"dateModified\":\"2025-11-10T14:34:46+00:00\",\"breadcrumb\":{\"@id\":\"https:\\\/\\\/www.elcony.com\\\/de\\\/produkt\\\/307719\\\/#breadcrumb\"},\"inLanguage\":\"de-DE\",\"potentialAction\":[{\"@type\":\"ReadAction\",\"target\":[\"https:\\\/\\\/www.elcony.com\\\/de\\\/produkt\\\/307719\\\/\"]}]},{\"@type\":\"ImageObject\",\"inLanguage\":\"de-DE\",\"@id\":\"https:\\\/\\\/www.elcony.com\\\/de\\\/produkt\\\/307719\\\/#primaryimage\",\"url\":\"https:\\\/\\\/www.elcony.com\\\/wp-content\\\/uploads\\\/2023\\\/07\\\/ATEX-200x172-1.png\",\"contentUrl\":\"https:\\\/\\\/www.elcony.com\\\/wp-content\\\/uploads\\\/2023\\\/07\\\/ATEX-200x172-1.png\",\"width\":200,\"height\":172},{\"@type\":\"BreadcrumbList\",\"@id\":\"https:\\\/\\\/www.elcony.com\\\/de\\\/produkt\\\/307719\\\/#breadcrumb\",\"itemListElement\":[{\"@type\":\"ListItem\",\"position\":1,\"name\":\"Home\",\"item\":\"https:\\\/\\\/www.elcony.com\\\/de\\\/\"},{\"@type\":\"ListItem\",\"position\":2,\"name\":\"Prodotti\",\"item\":\"https:\\\/\\\/www.elcony.com\\\/it\\\/shop\\\/\"},{\"@type\":\"ListItem\",\"position\":3,\"name\":\"ATEX Awareness (Bewusstsein) Online-Kurs + Online-Pr\u00fcfung\"}]},{\"@type\":\"WebSite\",\"@id\":\"https:\\\/\\\/www.elcony.com\\\/it\\\/#website\",\"url\":\"https:\\\/\\\/www.elcony.com\\\/it\\\/\",\"name\":\"ELCONY\",\"description\":\"ARBO, VCA en SOG Opleidingen\",\"potentialAction\":[{\"@type\":\"SearchAction\",\"target\":{\"@type\":\"EntryPoint\",\"urlTemplate\":\"https:\\\/\\\/www.elcony.com\\\/it\\\/?s={search_term_string}\"},\"query-input\":{\"@type\":\"PropertyValueSpecification\",\"valueRequired\":true,\"valueName\":\"search_term_string\"}}],\"inLanguage\":\"de-DE\"}]}<\/script>\n<!-- \/ Yoast SEO plugin. -->","yoast_head_json":{"title":"ATEX Awareness (Bewusstsein) Online-Kurs + Online-Pr\u00fcfung &#8226; ELCONY","robots":{"index":"noindex","follow":"follow"},"schema":{"@context":"https:\/\/schema.org","@graph":[{"@type":"WebPage","@id":"https:\/\/www.elcony.com\/de\/produkt\/307719\/","url":"https:\/\/www.elcony.com\/de\/produkt\/307719\/","name":"ATEX Awareness (Bewusstsein) Online-Kurs + Online-Pr\u00fcfung &#8226; ELCONY","isPartOf":{"@id":"https:\/\/www.elcony.com\/it\/#website"},"primaryImageOfPage":{"@id":"https:\/\/www.elcony.com\/de\/produkt\/307719\/#primaryimage"},"image":{"@id":"https:\/\/www.elcony.com\/de\/produkt\/307719\/#primaryimage"},"thumbnailUrl":"https:\/\/www.elcony.com\/wp-content\/uploads\/2023\/07\/ATEX-200x172-1.png","datePublished":"2024-07-04T16:42:33+00:00","dateModified":"2025-11-10T14:34:46+00:00","breadcrumb":{"@id":"https:\/\/www.elcony.com\/de\/produkt\/307719\/#breadcrumb"},"inLanguage":"de-DE","potentialAction":[{"@type":"ReadAction","target":["https:\/\/www.elcony.com\/de\/produkt\/307719\/"]}]},{"@type":"ImageObject","inLanguage":"de-DE","@id":"https:\/\/www.elcony.com\/de\/produkt\/307719\/#primaryimage","url":"https:\/\/www.elcony.com\/wp-content\/uploads\/2023\/07\/ATEX-200x172-1.png","contentUrl":"https:\/\/www.elcony.com\/wp-content\/uploads\/2023\/07\/ATEX-200x172-1.png","width":200,"height":172},{"@type":"BreadcrumbList","@id":"https:\/\/www.elcony.com\/de\/produkt\/307719\/#breadcrumb","itemListElement":[{"@type":"ListItem","position":1,"name":"Home","item":"https:\/\/www.elcony.com\/de\/"},{"@type":"ListItem","position":2,"name":"Prodotti","item":"https:\/\/www.elcony.com\/it\/shop\/"},{"@type":"ListItem","position":3,"name":"ATEX Awareness (Bewusstsein) Online-Kurs + Online-Pr\u00fcfung"}]},{"@type":"WebSite","@id":"https:\/\/www.elcony.com\/it\/#website","url":"https:\/\/www.elcony.com\/it\/","name":"ELCONY","description":"ARBO, VCA en SOG Opleidingen","potentialAction":[{"@type":"SearchAction","target":{"@type":"EntryPoint","urlTemplate":"https:\/\/www.elcony.com\/it\/?s={search_term_string}"},"query-input":{"@type":"PropertyValueSpecification","valueRequired":true,"valueName":"search_term_string"}}],"inLanguage":"de-DE"}]}},"_links":{"self":[{"href":"https:\/\/www.elcony.com\/de\/wp-json\/wp\/v2\/product\/307719","targetHints":{"allow":["GET"]}}],"collection":[{"href":"https:\/\/www.elcony.com\/de\/wp-json\/wp\/v2\/product"}],"about":[{"href":"https:\/\/www.elcony.com\/de\/wp-json\/wp\/v2\/types\/product"}],"wp:featuredmedia":[{"embeddable":true,"href":"https:\/\/www.elcony.com\/de\/wp-json\/wp\/v2\/media\/178581"}],"wp:attachment":[{"href":"https:\/\/www.elcony.com\/de\/wp-json\/wp\/v2\/media?parent=307719"}],"wp:term":[{"taxonomy":"product_brand","embeddable":true,"href":"https:\/\/www.elcony.com\/de\/wp-json\/wp\/v2\/product_brand?post=307719"},{"taxonomy":"product_cat","embeddable":true,"href":"https:\/\/www.elcony.com\/de\/wp-json\/wp\/v2\/product_cat?post=307719"},{"taxonomy":"product_tag","embeddable":true,"href":"https:\/\/www.elcony.com\/de\/wp-json\/wp\/v2\/product_tag?post=307719"}],"curies":[{"name":"wp","href":"https:\/\/api.w.org\/{rel}","templated":true}]}}