{"id":186544,"date":"2023-10-08T11:40:06","date_gmt":"2023-10-08T09:40:06","guid":{"rendered":"https:\/\/www.elcony.com\/twin-ferrule\/"},"modified":"2026-02-06T20:27:21","modified_gmt":"2026-02-06T19:27:21","slug":"twin-ferrule","status":"publish","type":"page","link":"https:\/\/www.elcony.com\/es\/twin-ferrule\/","title":{"rendered":"Twin Ferrule"},"content":{"rendered":"<div class=\"fusion-fullwidth fullwidth-box fusion-builder-row-1 has-pattern-background has-mask-background nonhundred-percent-fullwidth non-hundred-percent-height-scrolling\" style=\"--awb-border-radius-top-left:0px;--awb-border-radius-top-right:0px;--awb-border-radius-bottom-right:0px;--awb-border-radius-bottom-left:0px;--awb-flex-wrap:wrap;\" ><div class=\"fusion-builder-row fusion-row\"><div class=\"fusion-layout-column fusion_builder_column fusion-builder-column-0 fusion_builder_column_1_5 1_5 fusion-one-fifth fusion-column-first\" style=\"--awb-bg-blend:overlay;--awb-bg-size:cover;width:20%;width:calc(20% - ( ( 4% + 4% ) * 0.2 ) );margin-right: 4%;\"><div class=\"fusion-column-wrapper fusion-flex-column-wrapper-legacy\"><div class=\"fusion-clearfix\"><\/div><\/div><\/div><div class=\"fusion-layout-column fusion_builder_column fusion-builder-column-1 fusion_builder_column_3_5 3_5 fusion-three-fifth\" style=\"--awb-bg-blend:overlay;--awb-bg-size:cover;width:60%;width:calc(60% - ( ( 4% + 4% ) * 0.6 ) );margin-right: 4%;\"><div class=\"fusion-column-wrapper fusion-flex-column-wrapper-legacy\"><div class=\"fusion-text fusion-text-1\"><h1>Trabajar con accesorios Twin Ferrule<\/h1>\n<p> Los accesorios twin ferrule se utilizan ampliamente en la industria (petro)qu\u00edmica, la instrumentaci\u00f3n y las instalaciones de proceso. Un montaje correcto es esencial para prevenir fugas, da\u00f1os en los materiales y costes por fallos. Con el curso Trabajar con accesorios Twin Ferrule aprender\u00e1 a montar estos accesorios de forma segura, correcta y conforme a las directrices vigentes. <\/p>\n<h2>\u00bfQu\u00e9 son los accesorios twin ferrule?<\/h2>\n<p> Los accesorios twin ferrule constan de un anillo delantero y un anillo trasero que, juntos, garantizan una conexi\u00f3n fiable y resistente a la presi\u00f3n entre el tubo y el accesorio. Se utilizan con frecuencia en l\u00edneas de instrumentaci\u00f3n donde se aplican altos requisitos de seguridad y precisi\u00f3n. <\/p>\n<h2>\u00bfPara qui\u00e9n est\u00e1 destinado el curso Trabajar con accesorios Twin Ferrule?<\/h2>\n<ul>\n<li>Montadores y t\u00e9cnicos de mantenimiento.<\/li>\n<li>Montadores de instrumentaci\u00f3n.<\/li>\n<li>Empleados de la industria (petro)qu\u00edmica.<\/li>\n<li>Trabajadores aut\u00f3nomos y contratistas.<\/li>\n<li>Personal t\u00e9cnico que trabaja con accesorios de tuber\u00eda e instrumentaci\u00f3n.<\/li>\n<\/ul>\n<h2>Trabajar con accesorios Twin Ferrule sin SOG<\/h2>\n<h3>Grupo objetivo<\/h3>\n<p> Esta formaci\u00f3n es adecuada para empleados que montan accesorios twin ferrule en clientes donde no existe obligaci\u00f3n SOG. <\/p>\n<h3>\u00bfCu\u00e1ndo elegir accesorios Twin Ferrule sin SOG?<\/h3>\n<ul>\n<li>Su cliente no exige un diploma SOG.<\/li>\n<li>Trabaja conforme a procedimientos internos de seguridad y montaje.<\/li>\n<li>Busca una formaci\u00f3n pr\u00e1ctica sin examen SOG externo.<\/li>\n<\/ul>\n<p> Tras finalizar el curso, recibir\u00e1 un diploma con registro en el <strong>Registro de Diplomas ELCONY<\/strong> y es <strong>v\u00e1lido durante 5 a\u00f1os<\/strong>. <\/p>\n<h3><strong>Duraci\u00f3n del curso y precio<\/strong><\/h3>\n<ul>\n<li>1 d\u00eda con conocimientos previos mediante nuestra preparaci\u00f3n online o curso de actualizaci\u00f3n: <strong>\u20ac 255,00<\/strong> sin IVA<\/li>\n<li>2 d\u00edas sin experiencia previa: <strong>\u20ac 455,00<\/strong> sin IVA<\/li>\n<\/ul>\n<h2 id=\"sog\">Trabajar con accesorios Twin Ferrule con SOG<\/h2>\n<h3>Grupo objetivo<\/h3>\n<p> El curso Trabajar con accesorios Twin Ferrule reconocido por SOG est\u00e1 destinado a empleados que trabajan en clientes donde es obligatorio un diploma SOG oficialmente reconocido. <\/p>\n<h3>\u00bfCu\u00e1ndo es obligatorio Twin Ferrule (SOG)?<\/h3>\n<ul>\n<li>En trabajos realizados en instalaciones industriales (petro)qu\u00edmicas.<\/li>\n<li>En clientes que trabajan conforme a los requisitos de SSVV.<\/li>\n<li>Durante paradas de mantenimiento y turnarounds.<\/li>\n<li>En ubicaciones con procedimientos de seguridad estrictamente regulados.<\/li>\n<\/ul>\n<p> Tras aprobar el examen, el diploma se registra en el <strong>Registro de Diplomas SSVV<\/strong> y es v\u00e1lido durante 5 a\u00f1os. <\/p>\n<h3><strong>Duraci\u00f3n del curso y precio<\/strong><\/h3>\n<ul>\n<li>1 d\u00eda con conocimientos previos mediante nuestra preparaci\u00f3n online o curso de actualizaci\u00f3n: <strong>\u20ac 369,00<\/strong> sin IVA<\/li>\n<li>2 d\u00edas sin experiencia previa: <strong>\u20ac 569,00<\/strong> sin IVA<\/li>\n<\/ul>\n<h2>Ubicaciones<\/h2>\n<p> El curso Trabajar con accesorios twin ferrule se imparte en varias ubicaciones de los Pa\u00edses Bajos y tambi\u00e9n puede realizarse en su propia ubicaci\u00f3n. <\/p>\n<h2><strong>Contacto<\/strong><\/h2>\n<p> Para m\u00e1s informaci\u00f3n o para inscribirse, puede llamar al <strong>+31(0)88-2200100<\/strong> o enviar un correo electr\u00f3nico a <strong><a href=\"mailto:info&#64;elcony&#46;com\">&#105;&#x6e;&#102;&#x6f;&#64;&#x65;l&#x63;o&#x6e;y&#46;&#x63;&#111;&#x6d;<\/a><\/strong>.<\/p>\n<\/div><div class=\"fusion-clearfix\"><\/div><\/div><\/div><div class=\"fusion-layout-column fusion_builder_column fusion-builder-column-2 fusion_builder_column_1_5 1_5 fusion-one-fifth fusion-column-last\" style=\"--awb-bg-blend:overlay;--awb-bg-size:cover;width:20%;width:calc(20% - ( ( 4% + 4% ) * 0.2 ) );\"><div class=\"fusion-column-wrapper fusion-flex-column-wrapper-legacy\"><div class=\"fusion-clearfix\"><\/div><\/div><\/div><\/div><\/div>\n","protected":false},"excerpt":{"rendered":"","protected":false},"author":1,"featured_media":0,"parent":0,"menu_order":6,"comment_status":"closed","ping_status":"closed","template":"","meta":{"footnotes":""},"class_list":["post-186544","page","type-page","status-publish","hentry"],"yoast_head":"<!-- This site is optimized with the Yoast SEO plugin v27.4 - https:\/\/yoast.com\/product\/yoast-seo-wordpress\/ -->\n<title>Trabajar con accesorios Twin Ferrule (SOG) \u2013 a nivel nacional e incompany<\/title>\n<meta name=\"description\" content=\"Aprenda a trabajar de forma segura y correcta con accesorios twin ferrule. Curso orientado a la pr\u00e1ctica para montadores y personal de instrumentaci\u00f3n.\" \/>\n<meta name=\"robots\" content=\"index, follow, max-snippet:-1, max-image-preview:large, max-video-preview:-1\" \/>\n<link rel=\"canonical\" href=\"https:\/\/www.elcony.com\/werken-met-twin-ferrule-fittingen\/\" \/>\n<script type=\"application\/ld+json\" class=\"yoast-schema-graph\">{\"@context\":\"https:\\\/\\\/schema.org\",\"@graph\":[{\"@type\":\"WebPage\",\"@id\":\"https:\\\/\\\/www.elcony.com\\\/werken-met-twin-ferrule-fittingen\\\/\",\"url\":\"https:\\\/\\\/www.elcony.com\\\/werken-met-twin-ferrule-fittingen\\\/\",\"name\":\"Trabajar con accesorios Twin Ferrule (SOG) \u2013 a nivel nacional e incompany\",\"isPartOf\":{\"@id\":\"https:\\\/\\\/www.elcony.com\\\/it\\\/#website\"},\"datePublished\":\"2023-10-08T09:40:06+00:00\",\"dateModified\":\"2026-02-06T19:27:21+00:00\",\"description\":\"Aprenda a trabajar de forma segura y correcta con accesorios twin ferrule. Curso orientado a la pr\u00e1ctica para montadores y personal de instrumentaci\u00f3n.\",\"breadcrumb\":{\"@id\":\"https:\\\/\\\/www.elcony.com\\\/werken-met-twin-ferrule-fittingen\\\/#breadcrumb\"},\"inLanguage\":\"es\",\"potentialAction\":[{\"@type\":\"ReadAction\",\"target\":[\"https:\\\/\\\/www.elcony.com\\\/werken-met-twin-ferrule-fittingen\\\/\"]}]},{\"@type\":\"BreadcrumbList\",\"@id\":\"https:\\\/\\\/www.elcony.com\\\/werken-met-twin-ferrule-fittingen\\\/#breadcrumb\",\"itemListElement\":[{\"@type\":\"ListItem\",\"position\":1,\"name\":\"Home\",\"item\":\"https:\\\/\\\/www.elcony.com\\\/es\\\/\"},{\"@type\":\"ListItem\",\"position\":2,\"name\":\"Twin Ferrule\"}]},{\"@type\":\"WebSite\",\"@id\":\"https:\\\/\\\/www.elcony.com\\\/it\\\/#website\",\"url\":\"https:\\\/\\\/www.elcony.com\\\/it\\\/\",\"name\":\"ELCONY\",\"description\":\"ARBO, VCA en SOG Opleidingen\",\"potentialAction\":[{\"@type\":\"SearchAction\",\"target\":{\"@type\":\"EntryPoint\",\"urlTemplate\":\"https:\\\/\\\/www.elcony.com\\\/it\\\/?s={search_term_string}\"},\"query-input\":{\"@type\":\"PropertyValueSpecification\",\"valueRequired\":true,\"valueName\":\"search_term_string\"}}],\"inLanguage\":\"es\"}]}<\/script>\n<!-- \/ Yoast SEO plugin. -->","yoast_head_json":{"title":"Trabajar con accesorios Twin Ferrule (SOG) \u2013 a nivel nacional e incompany","description":"Aprenda a trabajar de forma segura y correcta con accesorios twin ferrule. Curso orientado a la pr\u00e1ctica para montadores y personal de instrumentaci\u00f3n.","robots":{"index":"index","follow":"follow","max-snippet":"max-snippet:-1","max-image-preview":"max-image-preview:large","max-video-preview":"max-video-preview:-1"},"canonical":"https:\/\/www.elcony.com\/werken-met-twin-ferrule-fittingen\/","schema":{"@context":"https:\/\/schema.org","@graph":[{"@type":"WebPage","@id":"https:\/\/www.elcony.com\/werken-met-twin-ferrule-fittingen\/","url":"https:\/\/www.elcony.com\/werken-met-twin-ferrule-fittingen\/","name":"Trabajar con accesorios Twin Ferrule (SOG) \u2013 a nivel nacional e incompany","isPartOf":{"@id":"https:\/\/www.elcony.com\/it\/#website"},"datePublished":"2023-10-08T09:40:06+00:00","dateModified":"2026-02-06T19:27:21+00:00","description":"Aprenda a trabajar de forma segura y correcta con accesorios twin ferrule. Curso orientado a la pr\u00e1ctica para montadores y personal de instrumentaci\u00f3n.","breadcrumb":{"@id":"https:\/\/www.elcony.com\/werken-met-twin-ferrule-fittingen\/#breadcrumb"},"inLanguage":"es","potentialAction":[{"@type":"ReadAction","target":["https:\/\/www.elcony.com\/werken-met-twin-ferrule-fittingen\/"]}]},{"@type":"BreadcrumbList","@id":"https:\/\/www.elcony.com\/werken-met-twin-ferrule-fittingen\/#breadcrumb","itemListElement":[{"@type":"ListItem","position":1,"name":"Home","item":"https:\/\/www.elcony.com\/es\/"},{"@type":"ListItem","position":2,"name":"Twin Ferrule"}]},{"@type":"WebSite","@id":"https:\/\/www.elcony.com\/it\/#website","url":"https:\/\/www.elcony.com\/it\/","name":"ELCONY","description":"ARBO, VCA en SOG Opleidingen","potentialAction":[{"@type":"SearchAction","target":{"@type":"EntryPoint","urlTemplate":"https:\/\/www.elcony.com\/it\/?s={search_term_string}"},"query-input":{"@type":"PropertyValueSpecification","valueRequired":true,"valueName":"search_term_string"}}],"inLanguage":"es"}]}},"_links":{"self":[{"href":"https:\/\/www.elcony.com\/es\/wp-json\/wp\/v2\/pages\/186544","targetHints":{"allow":["GET"]}}],"collection":[{"href":"https:\/\/www.elcony.com\/es\/wp-json\/wp\/v2\/pages"}],"about":[{"href":"https:\/\/www.elcony.com\/es\/wp-json\/wp\/v2\/types\/page"}],"author":[{"embeddable":true,"href":"https:\/\/www.elcony.com\/es\/wp-json\/wp\/v2\/users\/1"}],"replies":[{"embeddable":true,"href":"https:\/\/www.elcony.com\/es\/wp-json\/wp\/v2\/comments?post=186544"}],"version-history":[{"count":3,"href":"https:\/\/www.elcony.com\/es\/wp-json\/wp\/v2\/pages\/186544\/revisions"}],"predecessor-version":[{"id":391478,"href":"https:\/\/www.elcony.com\/es\/wp-json\/wp\/v2\/pages\/186544\/revisions\/391478"}],"wp:attachment":[{"href":"https:\/\/www.elcony.com\/es\/wp-json\/wp\/v2\/media?parent=186544"}],"curies":[{"name":"wp","href":"https:\/\/api.w.org\/{rel}","templated":true}]}}