{"id":233965,"date":"2023-11-25T08:59:22","date_gmt":"2023-11-25T07:59:22","guid":{"rendered":"https:\/\/www.elcony.com\/par-de-apriete-y-tensado\/"},"modified":"2026-02-06T14:04:57","modified_gmt":"2026-02-06T13:04:57","slug":"par-de-apriete-y-tensado","status":"publish","type":"page","link":"https:\/\/www.elcony.com\/es\/par-de-apriete-y-tensado\/","title":{"rendered":"Par de apriete y tensionado"},"content":{"rendered":"<div class=\"fusion-fullwidth fullwidth-box fusion-builder-row-1 fusion-flex-container has-pattern-background has-mask-background nonhundred-percent-fullwidth non-hundred-percent-height-scrolling\" style=\"--awb-border-radius-top-left:0px;--awb-border-radius-top-right:0px;--awb-border-radius-bottom-right:0px;--awb-border-radius-bottom-left:0px;--awb-flex-wrap:wrap;\" ><div class=\"fusion-builder-row fusion-row fusion-flex-align-items-flex-start fusion-flex-content-wrap\" style=\"max-width:101%;margin-left: calc(-1% \/ 2 );margin-right: calc(-1% \/ 2 );\"><div class=\"fusion-layout-column fusion_builder_column fusion-builder-column-0 fusion_builder_column_1_5 1_5 fusion-flex-column\" style=\"--awb-bg-size:cover;--awb-width-large:20%;--awb-margin-top-large:5px;--awb-spacing-right-large:2.475%;--awb-margin-bottom-large:5px;--awb-spacing-left-large:2.475%;--awb-width-medium:100%;--awb-order-medium:0;--awb-spacing-right-medium:0.495%;--awb-spacing-left-medium:0.495%;--awb-width-small:100%;--awb-order-small:0;--awb-spacing-right-small:0.495%;--awb-spacing-left-small:0.495%;\"><div class=\"fusion-column-wrapper fusion-column-has-shadow fusion-flex-justify-content-flex-start fusion-content-layout-column\"><\/div><\/div><div class=\"fusion-layout-column fusion_builder_column fusion-builder-column-1 fusion_builder_column_3_5 3_5 fusion-flex-column\" style=\"--awb-bg-size:cover;--awb-width-large:60%;--awb-margin-top-large:5px;--awb-spacing-right-large:0.825%;--awb-margin-bottom-large:5px;--awb-spacing-left-large:0.825%;--awb-width-medium:100%;--awb-order-medium:0;--awb-spacing-right-medium:0.495%;--awb-spacing-left-medium:0.495%;--awb-width-small:100%;--awb-order-small:0;--awb-spacing-right-small:0.495%;--awb-spacing-left-small:0.495%;\"><div class=\"fusion-column-wrapper fusion-column-has-shadow fusion-flex-justify-content-flex-start fusion-content-layout-column\"><div class=\"fusion-text fusion-text-1\"><h1>Curso de Par de apriete y tensionado<\/h1>\n<p> Trabajar con equipos de par de apriete y tensionado requiere conocimientos t\u00e9cnicos especializados, precisi\u00f3n y el estricto cumplimiento de los procedimientos establecidos. Con el curso de Par de apriete y tensionado aprender\u00e1 a trabajar de forma segura, controlada y conforme a las normas vigentes en conexiones atornilladas dentro de entornos industriales. <\/p>\n<h2>\u00bfQu\u00e9 son el par de apriete y el tensionado?<\/h2>\n<p> El par de apriete y el tensionado son m\u00e9todos controlados para apretar y aflojar conexiones atornilladas. El par de apriete utiliza un valor de par preestablecido, mientras que el tensionado se basa en la elongaci\u00f3n del tornillo mediante tensi\u00f3n hidr\u00e1ulica. Ambas t\u00e9cnicas son esenciales para conexiones de bridas y tornillos seguras y fiables. <\/p>\n<h2>\u00bfPara qui\u00e9n est\u00e1 destinado el curso de par de apriete y tensionado?<\/h2>\n<ul>\n<li>Montadores y t\u00e9cnicos de mantenimiento.<\/li>\n<li>Empleados de la industria (petro)qu\u00edmica.<\/li>\n<li>Personal t\u00e9cnico que trabaja en conexiones atornilladas y de bridas.<\/li>\n<li>Trabajadores aut\u00f3nomos y contratistas.<\/li>\n<\/ul>\n<h2>Par de apriete y tensionado sin SOG<\/h2>\n<h3>Grupo objetivo<\/h3>\n<p> Esta formaci\u00f3n es adecuada para montadores que trabajan con equipos hidr\u00e1ulicos de par de apriete y tensionado en clientes para los que no se aplica la obligaci\u00f3n de SOG. <\/p>\n<h3>\u00bfCu\u00e1ndo elegir par de apriete y tensionado sin SOG?<\/h3>\n<ul>\n<li>Su cliente no exige un certificado SOG.<\/li>\n<li>Trabaja conforme a procedimientos internos de seguridad.<\/li>\n<li>Desea aprender de forma pr\u00e1ctica sin un examen SOG externo.<\/li>\n<\/ul>\n<p> Tras finalizar el curso, recibir\u00e1 un diploma con registro en el <strong>Registro de Diplomas ELCONY<\/strong>, que es <strong>v\u00e1lido durante 5 a\u00f1os<\/strong>. <\/p>\n<h3>Duraci\u00f3n del curso y <strong>precio<\/strong><\/h3>\n<ul>\n<li>1 d\u00eda con conocimientos previos mediante nuestra preparaci\u00f3n online o curso de actualizaci\u00f3n: <strong>\u20ac 285,00<\/strong> sin IVA<\/li>\n<li>2 d\u00edas sin experiencia previa: <strong>\u20ac 485,00<\/strong> sin IVA<\/li>\n<\/ul>\n<h2>Par de apriete y tensionado con SOG<\/h2>\n<h3>Grupo objetivo<\/h3>\n<p> El curso de Par de apriete y tensionado reconocido por SOG est\u00e1 destinado a montadores que trabajan para clientes en los que se exige un certificado oficialmente reconocido. <\/p>\n<h3>\u00bfCu\u00e1ndo es obligatorio el par de apriete y tensionado (SOG)?<\/h3>\n<ul>\n<li>En trabajos en la industria (petro)qu\u00edmica.<\/li>\n<li>Durante paradas de mantenimiento y turnarounds.<\/li>\n<li>Para clientes que trabajan conforme a los requisitos de SSVV.<\/li>\n<li>En ubicaciones con procedimientos de seguridad estrictamente regulados.<\/li>\n<\/ul>\n<p> Tras aprobar el examen, el diploma se registra en el <strong>Registro de Diplomas SSVV<\/strong> y es <strong>v\u00e1lido durante 5 a\u00f1os<\/strong>. <\/p>\n<h3>Duraci\u00f3n del curso y precio<\/h3>\n<ul>\n<li>1 d\u00eda con conocimientos previos mediante nuestra preparaci\u00f3n online o curso de actualizaci\u00f3n: <strong>\u20ac 359,00<\/strong> sin IVA<\/li>\n<li>2 d\u00edas sin experiencia previa: <strong>\u20ac 559,00<\/strong> sin IVA<\/li>\n<\/ul>\n<h2>Ubicaci\u00f3n<\/h2>\n<p> Los cursos se imparten en varias ubicaciones de los Pa\u00edses Bajos y tambi\u00e9n pueden realizarse en su propia ubicaci\u00f3n. <\/p>\n<h2>Contacto<\/h2>\n<p> Para m\u00e1s informaci\u00f3n o para inscribirse, puede llamar al <strong>+31(0)88-2200100<\/strong> o enviar un correo electr\u00f3nico a <strong><a href=\"&#x6d;&#97;i&#x6c;&#116;o&#x3a;&#105;n&#x66;&#x6f;&#64;&#x65;&#x6c;&#99;o&#x6e;&#121;&#46;&#x63;&#111;m\">&#105;&#x6e;&#102;&#x6f;&#64;&#x65;l&#x63;o&#110;&#x79;&#46;&#x63;&#111;&#x6d;<\/a><\/strong>.<\/p>\n<\/div><\/div><\/div><div class=\"fusion-layout-column fusion_builder_column fusion-builder-column-2 fusion_builder_column_1_5 1_5 fusion-flex-column\" style=\"--awb-bg-size:cover;--awb-width-large:20%;--awb-margin-top-large:5px;--awb-spacing-right-large:2.475%;--awb-margin-bottom-large:5px;--awb-spacing-left-large:2.475%;--awb-width-medium:100%;--awb-order-medium:0;--awb-spacing-right-medium:0.495%;--awb-spacing-left-medium:0.495%;--awb-width-small:100%;--awb-order-small:0;--awb-spacing-right-small:0.495%;--awb-spacing-left-small:0.495%;\"><div class=\"fusion-column-wrapper fusion-column-has-shadow fusion-flex-justify-content-flex-start fusion-content-layout-column\"><\/div><\/div><\/div><\/div>\n","protected":false},"excerpt":{"rendered":"","protected":false},"author":1,"featured_media":0,"parent":0,"menu_order":2,"comment_status":"closed","ping_status":"closed","template":"","meta":{"footnotes":""},"class_list":["post-233965","page","type-page","status-publish","hentry"],"yoast_head":"<!-- This site is optimized with the Yoast SEO plugin v27.5 - https:\/\/yoast.com\/product\/yoast-seo-wordpress\/ -->\n<title>Curso de Par de apriete y tensionado (SOG) | Tambi\u00e9n Incompany<\/title>\n<meta name=\"description\" content=\"Curso de Torque &amp; Tensioning SOG o ELCONY. Cumpla con las normas neerlandesas, para las cuales se requiere un certificado SOG v\u00e1lido.\" \/>\n<meta name=\"robots\" content=\"index, follow, max-snippet:-1, max-image-preview:large, max-video-preview:-1\" \/>\n<link rel=\"canonical\" href=\"https:\/\/www.elcony.com\/es\/par-de-apriete-y-tensado\/\" \/>\n<script type=\"application\/ld+json\" class=\"yoast-schema-graph\">{\"@context\":\"https:\\\/\\\/schema.org\",\"@graph\":[{\"@type\":\"WebPage\",\"@id\":\"https:\\\/\\\/www.elcony.com\\\/es\\\/par-de-apriete-y-tensado\\\/\",\"url\":\"https:\\\/\\\/www.elcony.com\\\/es\\\/par-de-apriete-y-tensado\\\/\",\"name\":\"Curso de Par de apriete y tensionado (SOG) | Tambi\u00e9n Incompany\",\"isPartOf\":{\"@id\":\"https:\\\/\\\/www.elcony.com\\\/it\\\/#website\"},\"datePublished\":\"2023-11-25T07:59:22+00:00\",\"dateModified\":\"2026-02-06T13:04:57+00:00\",\"description\":\"Curso de Torque & Tensioning SOG o ELCONY. Cumpla con las normas neerlandesas, para las cuales se requiere un certificado SOG v\u00e1lido.\",\"breadcrumb\":{\"@id\":\"https:\\\/\\\/www.elcony.com\\\/es\\\/par-de-apriete-y-tensado\\\/#breadcrumb\"},\"inLanguage\":\"es\",\"potentialAction\":[{\"@type\":\"ReadAction\",\"target\":[\"https:\\\/\\\/www.elcony.com\\\/es\\\/par-de-apriete-y-tensado\\\/\"]}]},{\"@type\":\"BreadcrumbList\",\"@id\":\"https:\\\/\\\/www.elcony.com\\\/es\\\/par-de-apriete-y-tensado\\\/#breadcrumb\",\"itemListElement\":[{\"@type\":\"ListItem\",\"position\":1,\"name\":\"Home\",\"item\":\"https:\\\/\\\/www.elcony.com\\\/es\\\/\"},{\"@type\":\"ListItem\",\"position\":2,\"name\":\"Par de apriete y tensionado\"}]},{\"@type\":\"WebSite\",\"@id\":\"https:\\\/\\\/www.elcony.com\\\/it\\\/#website\",\"url\":\"https:\\\/\\\/www.elcony.com\\\/it\\\/\",\"name\":\"ELCONY\",\"description\":\"ARBO, VCA en SOG Opleidingen\",\"potentialAction\":[{\"@type\":\"SearchAction\",\"target\":{\"@type\":\"EntryPoint\",\"urlTemplate\":\"https:\\\/\\\/www.elcony.com\\\/it\\\/?s={search_term_string}\"},\"query-input\":{\"@type\":\"PropertyValueSpecification\",\"valueRequired\":true,\"valueName\":\"search_term_string\"}}],\"inLanguage\":\"es\"}]}<\/script>\n<!-- \/ Yoast SEO plugin. -->","yoast_head_json":{"title":"Curso de Par de apriete y tensionado (SOG) | Tambi\u00e9n Incompany","description":"Curso de Torque & Tensioning SOG o ELCONY. Cumpla con las normas neerlandesas, para las cuales se requiere un certificado SOG v\u00e1lido.","robots":{"index":"index","follow":"follow","max-snippet":"max-snippet:-1","max-image-preview":"max-image-preview:large","max-video-preview":"max-video-preview:-1"},"canonical":"https:\/\/www.elcony.com\/es\/par-de-apriete-y-tensado\/","schema":{"@context":"https:\/\/schema.org","@graph":[{"@type":"WebPage","@id":"https:\/\/www.elcony.com\/es\/par-de-apriete-y-tensado\/","url":"https:\/\/www.elcony.com\/es\/par-de-apriete-y-tensado\/","name":"Curso de Par de apriete y tensionado (SOG) | Tambi\u00e9n Incompany","isPartOf":{"@id":"https:\/\/www.elcony.com\/it\/#website"},"datePublished":"2023-11-25T07:59:22+00:00","dateModified":"2026-02-06T13:04:57+00:00","description":"Curso de Torque & Tensioning SOG o ELCONY. Cumpla con las normas neerlandesas, para las cuales se requiere un certificado SOG v\u00e1lido.","breadcrumb":{"@id":"https:\/\/www.elcony.com\/es\/par-de-apriete-y-tensado\/#breadcrumb"},"inLanguage":"es","potentialAction":[{"@type":"ReadAction","target":["https:\/\/www.elcony.com\/es\/par-de-apriete-y-tensado\/"]}]},{"@type":"BreadcrumbList","@id":"https:\/\/www.elcony.com\/es\/par-de-apriete-y-tensado\/#breadcrumb","itemListElement":[{"@type":"ListItem","position":1,"name":"Home","item":"https:\/\/www.elcony.com\/es\/"},{"@type":"ListItem","position":2,"name":"Par de apriete y tensionado"}]},{"@type":"WebSite","@id":"https:\/\/www.elcony.com\/it\/#website","url":"https:\/\/www.elcony.com\/it\/","name":"ELCONY","description":"ARBO, VCA en SOG Opleidingen","potentialAction":[{"@type":"SearchAction","target":{"@type":"EntryPoint","urlTemplate":"https:\/\/www.elcony.com\/it\/?s={search_term_string}"},"query-input":{"@type":"PropertyValueSpecification","valueRequired":true,"valueName":"search_term_string"}}],"inLanguage":"es"}]}},"_links":{"self":[{"href":"https:\/\/www.elcony.com\/es\/wp-json\/wp\/v2\/pages\/233965","targetHints":{"allow":["GET"]}}],"collection":[{"href":"https:\/\/www.elcony.com\/es\/wp-json\/wp\/v2\/pages"}],"about":[{"href":"https:\/\/www.elcony.com\/es\/wp-json\/wp\/v2\/types\/page"}],"author":[{"embeddable":true,"href":"https:\/\/www.elcony.com\/es\/wp-json\/wp\/v2\/users\/1"}],"replies":[{"embeddable":true,"href":"https:\/\/www.elcony.com\/es\/wp-json\/wp\/v2\/comments?post=233965"}],"version-history":[{"count":3,"href":"https:\/\/www.elcony.com\/es\/wp-json\/wp\/v2\/pages\/233965\/revisions"}],"predecessor-version":[{"id":391354,"href":"https:\/\/www.elcony.com\/es\/wp-json\/wp\/v2\/pages\/233965\/revisions\/391354"}],"wp:attachment":[{"href":"https:\/\/www.elcony.com\/es\/wp-json\/wp\/v2\/media?parent=233965"}],"curies":[{"name":"wp","href":"https:\/\/api.w.org\/{rel}","templated":true}]}}