{"id":234368,"date":"2023-11-26T13:27:53","date_gmt":"2023-11-26T12:27:53","guid":{"rendered":"https:\/\/www.elcony.com\/proteccion-exterior-proteccion-de-pozo\/"},"modified":"2026-02-06T14:41:28","modified_gmt":"2026-02-06T13:41:28","slug":"proteccion-exterior-proteccion-de-pozo","status":"publish","type":"page","link":"https:\/\/www.elcony.com\/es\/proteccion-exterior-proteccion-de-pozo\/","title":{"rendered":"Vigilante externo (vigilante de boca de acceso)"},"content":{"rendered":"<div class=\"fusion-fullwidth fullwidth-box fusion-builder-row-1 has-pattern-background has-mask-background nonhundred-percent-fullwidth non-hundred-percent-height-scrolling\" style=\"--awb-border-radius-top-left:0px;--awb-border-radius-top-right:0px;--awb-border-radius-bottom-right:0px;--awb-border-radius-bottom-left:0px;--awb-flex-wrap:wrap;\" ><div class=\"fusion-builder-row fusion-row\"><div class=\"fusion-layout-column fusion_builder_column fusion-builder-column-0 fusion_builder_column_1_5 1_5 fusion-one-fifth fusion-column-first\" style=\"--awb-bg-blend:overlay;--awb-bg-size:cover;width:20%;width:calc(20% - ( ( 4% + 4% ) * 0.2 ) );margin-right: 4%;\"><div class=\"fusion-column-wrapper fusion-flex-column-wrapper-legacy\"><div class=\"fusion-clearfix\"><\/div><\/div><\/div><div class=\"fusion-layout-column fusion_builder_column fusion-builder-column-1 fusion_builder_column_3_5 3_5 fusion-three-fifth\" style=\"--awb-padding-bottom:20px;--awb-bg-blend:overlay;--awb-bg-size:cover;--awb-margin-top:0px;--awb-margin-bottom:0px;width:60%;width:calc(60% - ( ( 4% + 4% ) * 0.6 ) );margin-right: 4%;\"><div class=\"fusion-column-wrapper fusion-flex-column-wrapper-legacy\"><div class=\"fusion-text fusion-text-1\"><h1>Trabajar como Vigilante Externo (vigilante de boca de acceso)<\/h1>\n<p> Trabajar como vigilante externo (vigilante de boca de acceso) es una funci\u00f3n de seguridad crucial durante la ejecuci\u00f3n de trabajos en espacios confinados. Como vigilante externo, usted supervisa los trabajos, vela por la seguridad y act\u00faa de inmediato en situaciones de emergencia. Con el curso Trabajar como Vigilante Externo aprender\u00e1 a desempe\u00f1ar este rol de forma segura, responsable y conforme a los procedimientos vigentes. <\/p>\n<h2>\u00bfQu\u00e9 hace un vigilante externo?<\/h2>\n<p> Un vigilante externo supervisa los trabajos en espacios confinados como tanques, tuber\u00edas, pozos y reactores. Controla la seguridad, mantiene la comunicaci\u00f3n con los trabajadores dentro del espacio y solicita ayuda en caso de incidentes. <\/p>\n<h2>\u00bfPara qui\u00e9n est\u00e1 destinado el curso Trabajar como Vigilante Externo?<\/h2>\n<ul>\n<li>Empleados de la industria (petro)qu\u00edmica.<\/li>\n<li>T\u00e9cnicos de mantenimiento y contratistas.<\/li>\n<li>Supervisores de trabajos en espacios confinados.<\/li>\n<li>Trabajadores aut\u00f3nomos (ZZP) que operan en emplazamientos industriales.<\/li>\n<li>Cualquier persona que desempe\u00f1e la funci\u00f3n de vigilante de boca de acceso.<\/li>\n<\/ul>\n<h2>Trabajar como Vigilante Externo sin SOG<\/h2>\n<h3>Grupo objetivo<\/h3>\n<p> Esta formaci\u00f3n es adecuada para empleados que trabajan como vigilantes externos en organizaciones o para clientes en los que no se aplica la obligaci\u00f3n de SOG. <\/p>\n<h3>\u00bfCu\u00e1ndo elegir Vigilante Externo sin SOG?<\/h3>\n<ul>\n<li>Su cliente no exige un certificado SOG<\/li>\n<li>Trabaja conforme a procedimientos internos de seguridad<\/li>\n<li>Busca una formaci\u00f3n pr\u00e1ctica sin examen externo<\/li>\n<\/ul>\n<p> Tras finalizar el curso, recibir\u00e1 un diploma con registro en el <strong>Registro de Diplomas ELCONY<\/strong>, que es <strong>v\u00e1lido durante 5 a\u00f1os<\/strong>. <\/p>\n<h3>Duraci\u00f3n del curso y precio<\/h3>\n<ul>\n<li>1 d\u00eda con conocimientos previos mediante nuestra preparaci\u00f3n online o curso de actualizaci\u00f3n: <strong>\u20ac 255,00<\/strong> sin IVA<\/li>\n<li>2 d\u00edas sin experiencia previa: <strong>\u20ac 455,00<\/strong> sin IVA<\/li>\n<\/ul>\n<h2>Trabajar como Vigilante Externo con SOG<\/h2>\n<h3>Grupo objetivo<\/h3>\n<p> El curso Trabajar como Vigilante Externo reconocido por SOG est\u00e1 destinado a empleados que trabajan para clientes en los que se exige un certificado oficialmente reconocido. <\/p>\n<h3>\u00bfCu\u00e1ndo es obligatorio el Vigilante Externo (SOG)?<\/h3>\n<ul>\n<li>Durante trabajos en espacios confinados en la industria (petro)qu\u00edmica<\/li>\n<li>Durante paradas de mantenimiento y turnarounds<\/li>\n<li>Para clientes que trabajan conforme a los requisitos de SSVV<\/li>\n<li>En ubicaciones con procedimientos de seguridad estrictamente regulados<\/li>\n<\/ul>\n<p> Tras aprobar el examen, el diploma se registra en el <strong>Registro de Diplomas SSVV<\/strong> y es <strong>v\u00e1lido durante 3 a\u00f1os<\/strong>. <\/p>\n<h3>Duraci\u00f3n del curso y precio<\/h3>\n<ul>\n<li>1 d\u00eda con conocimientos previos mediante nuestra preparaci\u00f3n online o curso de actualizaci\u00f3n: <strong>\u20ac 369,00<\/strong> sin IVA<\/li>\n<li>2 d\u00edas sin experiencia previa: <strong>\u20ac 569,00<\/strong> sin IVA<\/li>\n<\/ul>\n<h3>Idiomas del examen<\/h3>\n<p> El examen SOG est\u00e1 disponible en neerland\u00e9s e ingl\u00e9s. <\/p>\n<h2>Ubicaciones<\/h2>\n<p> El curso Trabajar como Vigilante Externo se imparte en varias ubicaciones de los Pa\u00edses Bajos y tambi\u00e9n puede realizarse en su propia ubicaci\u00f3n. <\/p>\n<h2>Contacto<\/h2>\n<p> Para m\u00e1s informaci\u00f3n o para inscribirse, puede llamar al <strong>+31(0)88-2200100<\/strong> o enviar un correo electr\u00f3nico a <strong><a href=\"&#x6d;a&#x69;&#108;&#x74;&#111;:&#x69;n&#x66;&#111;&#x40;&#101;l&#x63;&#111;&#x6e;&#121;&#46;&#x63;o&#x6d;\">&#105;&#x6e;&#102;&#x6f;&#64;&#x65;&#108;&#x63;o&#x6e;y&#x2e;c&#x6f;m<\/a><\/strong>.<\/p>\n<\/div><div class=\"fusion-clearfix\"><\/div><\/div><\/div><div class=\"fusion-layout-column fusion_builder_column fusion-builder-column-2 fusion_builder_column_1_5 1_5 fusion-one-fifth fusion-column-last\" style=\"--awb-bg-blend:overlay;--awb-bg-size:cover;width:20%;width:calc(20% - ( ( 4% + 4% ) * 0.2 ) );\"><div class=\"fusion-column-wrapper fusion-flex-column-wrapper-legacy\"><div class=\"fusion-clearfix\"><\/div><\/div><\/div><\/div><\/div>\n","protected":false},"excerpt":{"rendered":"","protected":false},"author":1,"featured_media":0,"parent":0,"menu_order":3,"comment_status":"closed","ping_status":"closed","template":"","meta":{"footnotes":""},"class_list":["post-234368","page","type-page","status-publish","hentry"],"yoast_head":"<!-- This site is optimized with the Yoast SEO plugin v27.4 - https:\/\/yoast.com\/product\/yoast-seo-wordpress\/ -->\n<title>Curso Trabajar como Vigilante Externo (SOG) | Tambi\u00e9n Incompany<\/title>\n<meta name=\"description\" content=\"Realice el curso Trabajar como Vigilante Externo (vigilante de boca de acceso). Aprenda a supervisar de forma segura trabajos en espacios confinados. Con o sin SOG, orientado a la pr\u00e1ctica.\" \/>\n<meta name=\"robots\" content=\"index, follow, max-snippet:-1, max-image-preview:large, max-video-preview:-1\" \/>\n<link rel=\"canonical\" href=\"https:\/\/www.elcony.com\/es\/proteccion-exterior-proteccion-de-pozo\/\" \/>\n<script type=\"application\/ld+json\" class=\"yoast-schema-graph\">{\"@context\":\"https:\\\/\\\/schema.org\",\"@graph\":[{\"@type\":\"WebPage\",\"@id\":\"https:\\\/\\\/www.elcony.com\\\/es\\\/proteccion-exterior-proteccion-de-pozo\\\/\",\"url\":\"https:\\\/\\\/www.elcony.com\\\/es\\\/proteccion-exterior-proteccion-de-pozo\\\/\",\"name\":\"Curso Trabajar como Vigilante Externo (SOG) | Tambi\u00e9n Incompany\",\"isPartOf\":{\"@id\":\"https:\\\/\\\/www.elcony.com\\\/it\\\/#website\"},\"datePublished\":\"2023-11-26T12:27:53+00:00\",\"dateModified\":\"2026-02-06T13:41:28+00:00\",\"description\":\"Realice el curso Trabajar como Vigilante Externo (vigilante de boca de acceso). Aprenda a supervisar de forma segura trabajos en espacios confinados. Con o sin SOG, orientado a la pr\u00e1ctica.\",\"breadcrumb\":{\"@id\":\"https:\\\/\\\/www.elcony.com\\\/es\\\/proteccion-exterior-proteccion-de-pozo\\\/#breadcrumb\"},\"inLanguage\":\"es\",\"potentialAction\":[{\"@type\":\"ReadAction\",\"target\":[\"https:\\\/\\\/www.elcony.com\\\/es\\\/proteccion-exterior-proteccion-de-pozo\\\/\"]}]},{\"@type\":\"BreadcrumbList\",\"@id\":\"https:\\\/\\\/www.elcony.com\\\/es\\\/proteccion-exterior-proteccion-de-pozo\\\/#breadcrumb\",\"itemListElement\":[{\"@type\":\"ListItem\",\"position\":1,\"name\":\"Home\",\"item\":\"https:\\\/\\\/www.elcony.com\\\/es\\\/\"},{\"@type\":\"ListItem\",\"position\":2,\"name\":\"Vigilante externo (vigilante de boca de acceso)\"}]},{\"@type\":\"WebSite\",\"@id\":\"https:\\\/\\\/www.elcony.com\\\/it\\\/#website\",\"url\":\"https:\\\/\\\/www.elcony.com\\\/it\\\/\",\"name\":\"ELCONY\",\"description\":\"ARBO, VCA en SOG Opleidingen\",\"potentialAction\":[{\"@type\":\"SearchAction\",\"target\":{\"@type\":\"EntryPoint\",\"urlTemplate\":\"https:\\\/\\\/www.elcony.com\\\/it\\\/?s={search_term_string}\"},\"query-input\":{\"@type\":\"PropertyValueSpecification\",\"valueRequired\":true,\"valueName\":\"search_term_string\"}}],\"inLanguage\":\"es\"}]}<\/script>\n<!-- \/ Yoast SEO plugin. -->","yoast_head_json":{"title":"Curso Trabajar como Vigilante Externo (SOG) | Tambi\u00e9n Incompany","description":"Realice el curso Trabajar como Vigilante Externo (vigilante de boca de acceso). Aprenda a supervisar de forma segura trabajos en espacios confinados. Con o sin SOG, orientado a la pr\u00e1ctica.","robots":{"index":"index","follow":"follow","max-snippet":"max-snippet:-1","max-image-preview":"max-image-preview:large","max-video-preview":"max-video-preview:-1"},"canonical":"https:\/\/www.elcony.com\/es\/proteccion-exterior-proteccion-de-pozo\/","schema":{"@context":"https:\/\/schema.org","@graph":[{"@type":"WebPage","@id":"https:\/\/www.elcony.com\/es\/proteccion-exterior-proteccion-de-pozo\/","url":"https:\/\/www.elcony.com\/es\/proteccion-exterior-proteccion-de-pozo\/","name":"Curso Trabajar como Vigilante Externo (SOG) | Tambi\u00e9n Incompany","isPartOf":{"@id":"https:\/\/www.elcony.com\/it\/#website"},"datePublished":"2023-11-26T12:27:53+00:00","dateModified":"2026-02-06T13:41:28+00:00","description":"Realice el curso Trabajar como Vigilante Externo (vigilante de boca de acceso). Aprenda a supervisar de forma segura trabajos en espacios confinados. Con o sin SOG, orientado a la pr\u00e1ctica.","breadcrumb":{"@id":"https:\/\/www.elcony.com\/es\/proteccion-exterior-proteccion-de-pozo\/#breadcrumb"},"inLanguage":"es","potentialAction":[{"@type":"ReadAction","target":["https:\/\/www.elcony.com\/es\/proteccion-exterior-proteccion-de-pozo\/"]}]},{"@type":"BreadcrumbList","@id":"https:\/\/www.elcony.com\/es\/proteccion-exterior-proteccion-de-pozo\/#breadcrumb","itemListElement":[{"@type":"ListItem","position":1,"name":"Home","item":"https:\/\/www.elcony.com\/es\/"},{"@type":"ListItem","position":2,"name":"Vigilante externo (vigilante de boca de acceso)"}]},{"@type":"WebSite","@id":"https:\/\/www.elcony.com\/it\/#website","url":"https:\/\/www.elcony.com\/it\/","name":"ELCONY","description":"ARBO, VCA en SOG Opleidingen","potentialAction":[{"@type":"SearchAction","target":{"@type":"EntryPoint","urlTemplate":"https:\/\/www.elcony.com\/it\/?s={search_term_string}"},"query-input":{"@type":"PropertyValueSpecification","valueRequired":true,"valueName":"search_term_string"}}],"inLanguage":"es"}]}},"_links":{"self":[{"href":"https:\/\/www.elcony.com\/es\/wp-json\/wp\/v2\/pages\/234368","targetHints":{"allow":["GET"]}}],"collection":[{"href":"https:\/\/www.elcony.com\/es\/wp-json\/wp\/v2\/pages"}],"about":[{"href":"https:\/\/www.elcony.com\/es\/wp-json\/wp\/v2\/types\/page"}],"author":[{"embeddable":true,"href":"https:\/\/www.elcony.com\/es\/wp-json\/wp\/v2\/users\/1"}],"replies":[{"embeddable":true,"href":"https:\/\/www.elcony.com\/es\/wp-json\/wp\/v2\/comments?post=234368"}],"version-history":[{"count":4,"href":"https:\/\/www.elcony.com\/es\/wp-json\/wp\/v2\/pages\/234368\/revisions"}],"predecessor-version":[{"id":391422,"href":"https:\/\/www.elcony.com\/es\/wp-json\/wp\/v2\/pages\/234368\/revisions\/391422"}],"wp:attachment":[{"href":"https:\/\/www.elcony.com\/es\/wp-json\/wp\/v2\/media?parent=234368"}],"curies":[{"name":"wp","href":"https:\/\/api.w.org\/{rel}","templated":true}]}}