{"id":234446,"date":"2023-11-26T14:43:40","date_gmt":"2023-11-26T13:43:40","guid":{"rendered":"https:\/\/www.elcony.com\/desplazamiento-de-cargas\/"},"modified":"2023-11-26T14:43:43","modified_gmt":"2023-11-26T13:43:43","slug":"desplazamiento-de-cargas","status":"publish","type":"page","link":"https:\/\/www.elcony.com\/es\/desplazamiento-de-cargas\/","title":{"rendered":"Desplazamiento de cargas"},"content":{"rendered":"<p><div class=\"fusion-fullwidth fullwidth-box fusion-builder-row-1 nonhundred-percent-fullwidth non-hundred-percent-height-scrolling\" style=\"--awb-border-radius-top-left:0px;--awb-border-radius-top-right:0px;--awb-border-radius-bottom-right:0px;--awb-border-radius-bottom-left:0px;--awb-flex-wrap:wrap;\" ><div class=\"fusion-builder-row fusion-row\"><div class=\"fusion-layout-column fusion_builder_column fusion-builder-column-0 fusion_builder_column_1_6 1_6 fusion-one-sixth fusion-column-first\" style=\"--awb-bg-size:cover;width:16.666666666667%;width:calc(16.666666666667% - ( ( 4% + 4% ) * 0.16666666666667 ) );margin-right: 4%;\"><div class=\"fusion-column-wrapper fusion-flex-column-wrapper-legacy\"><div class=\"fusion-sep-clear\"><\/div><div class=\"fusion-separator fusion-full-width-sep\" style=\"margin-left: auto;margin-right: auto;margin-top:20px;width:100%;\"><\/div><div class=\"fusion-sep-clear\"><\/div><div class=\"fusion-clearfix\"><\/div><\/div><\/div><div class=\"fusion-layout-column fusion_builder_column fusion-builder-column-1 fusion_builder_column_2_3 2_3 fusion-two-third\" style=\"--awb-padding-bottom:20px;--awb-bg-size:cover;--awb-margin-top:0px;--awb-margin-bottom:0px;width:66.666666666667%;width:calc(66.666666666667% - ( ( 4% + 4% ) * 0.66666666666667 ) );margin-right: 4%;\"><div class=\"fusion-column-wrapper fusion-flex-column-wrapper-legacy\"><div class=\"fusion-content-boxes content-boxes columns row fusion-columns-2 fusion-columns-total-2 fusion-content-boxes-1 content-boxes-clean-vertical content-left content-boxes-icon-on-top\" style=\"--awb-hover-accent-color:#555555;--awb-circle-hover-accent-color:#555555;\" data-animationOffset=\"top-into-view\"><div style=\"--awb-backgroundcolor:rgba(255,255,255,0);border-color:rgba(255,255,255,0);\" class=\"fusion-column content-box-column content-box-column content-box-column-1 col-lg-6 col-md-6 col-sm-6 fusion-content-box-hover content-box-column-first-in-row\"><div class=\"col content-box-wrapper content-wrapper link-area-box link-type-text icon-hover-animation-fade\" data-link=\"#vvl-elcony\" data-link-target=\"_self\" data-animationOffset=\"top-into-view\"><div class=\"heading heading-with-icon icon-left\"><a class=\"heading-link\" href=\"#vvl-elcony\" target=\"_self\"><div aria-hidden=\"true\" class=\"image\"><img decoding=\"async\" src=\"https:\/\/www.elcony.com\/wp-content\/uploads\/2023\/09\/Logo-ELCONY-160x100-1.png\" width=\"160\" height=\"100\" alt=\"\" \/><\/div><h2 class=\"content-box-heading\" style=\"--h2_typography-font-size:26px;line-height:31px;\">Desplazamiento de cargas (VVL)<\/h2><\/a><\/div><div class=\"fusion-clearfix\"><\/div><a class=\" fusion-read-more\" href=\"#vvl-elcony\" target=\"_self\">M\u00e1s informaci\u00f3n<\/a><div class=\"fusion-clearfix\"><\/div><\/div><\/div><div style=\"--awb-backgroundcolor:rgba(255,255,255,0);border-color:rgba(255,255,255,0);\" class=\"fusion-column content-box-column content-box-column content-box-column-2 col-lg-6 col-md-6 col-sm-6 fusion-content-box-hover content-box-column-last content-box-column-last-in-row\"><div class=\"col content-box-wrapper content-wrapper link-area-box link-type-text icon-hover-animation-fade\" data-link=\"#hp-elcony\" data-link-target=\"_self\" data-animationOffset=\"top-into-view\"><div class=\"heading heading-with-icon icon-left\"><a class=\"heading-link\" href=\"#hp-elcony\" target=\"_self\"><div aria-hidden=\"true\" class=\"image\"><img decoding=\"async\" src=\"https:\/\/www.elcony.com\/wp-content\/uploads\/2023\/09\/Logo-ELCONY-160x100-1.png\" width=\"160\" height=\"100\" alt=\"\" \/><\/div><h2 class=\"content-box-heading\" style=\"--h2_typography-font-size:26px;line-height:31px;\">Trabajo con la nave y la gr\u00faa de p\u00f3rtico<\/h2><\/a><\/div><div class=\"fusion-clearfix\"><\/div><a class=\" fusion-read-more\" href=\"#hp-elcony\" target=\"_self\">M\u00e1s informaci\u00f3n<\/a><div class=\"fusion-clearfix\"><\/div><\/div><\/div><div class=\"fusion-clearfix\"><\/div><\/div><div class=\"fusion-clearfix\"><\/div><\/div><\/div><div class=\"fusion-layout-column fusion_builder_column fusion-builder-column-2 fusion_builder_column_1_6 1_6 fusion-one-sixth fusion-column-last\" style=\"--awb-bg-size:cover;width:16.666666666667%;width:calc(16.666666666667% - ( ( 4% + 4% ) * 0.16666666666667 ) );\"><div class=\"fusion-column-wrapper fusion-flex-column-wrapper-legacy\"><div class=\"fusion-clearfix\"><\/div><\/div><\/div><\/div><\/div><div id=\"vvl-elcony\" class=\"fusion-container-anchor\"><div class=\"fusion-fullwidth fullwidth-box fusion-builder-row-2 has-pattern-background has-mask-background nonhundred-percent-fullwidth non-hundred-percent-height-scrolling\" style=\"--awb-border-radius-top-left:0px;--awb-border-radius-top-right:0px;--awb-border-radius-bottom-right:0px;--awb-border-radius-bottom-left:0px;--awb-background-color:#f7f7f7;--awb-flex-wrap:wrap;\" ><div class=\"fusion-builder-row fusion-row\"><div class=\"fusion-layout-column fusion_builder_column fusion-builder-column-3 fusion_builder_column_1_6 1_6 fusion-one-sixth fusion-column-first\" style=\"--awb-bg-size:cover;width:16.666666666667%;width:calc(16.666666666667% - ( ( 4% + 4% ) * 0.16666666666667 ) );margin-right: 4%;\"><div class=\"fusion-column-wrapper fusion-flex-column-wrapper-legacy\"><div class=\"fusion-image-element fusion-image-align-center in-legacy-container\" style=\"text-align:center;--awb-caption-title-font-family:var(--h2_typography-font-family);--awb-caption-title-font-weight:var(--h2_typography-font-weight);--awb-caption-title-font-style:var(--h2_typography-font-style);--awb-caption-title-size:var(--h2_typography-font-size);--awb-caption-title-transform:var(--h2_typography-text-transform);--awb-caption-title-line-height:var(--h2_typography-line-height);--awb-caption-title-letter-spacing:var(--h2_typography-letter-spacing);\"><div class=\"imageframe-align-center\"><span class=\" fusion-imageframe imageframe-none imageframe-1 hover-type-none\"><img decoding=\"async\" width=\"160\" height=\"100\" title=\"Logo ELCONY 160&#215;100\" src=\"https:\/\/www.elcony.com\/wp-content\/uploads\/2023\/09\/Logo-ELCONY-160x100-1.png\" alt class=\"img-responsive wp-image-185478\"\/><\/span><\/div><\/div><div class=\"fusion-sep-clear\"><\/div><div class=\"fusion-separator fusion-full-width-sep\" style=\"margin-left: auto;margin-right: auto;margin-top:20px;width:100%;\"><\/div><div class=\"fusion-sep-clear\"><\/div><div class=\"fusion-clearfix\"><\/div><\/div><\/div><div class=\"fusion-layout-column fusion_builder_column fusion-builder-column-4 fusion_builder_column_2_3 2_3 fusion-two-third\" style=\"--awb-padding-bottom:20px;--awb-bg-size:cover;--awb-margin-top:0px;--awb-margin-bottom:0px;width:66.666666666667%;width:calc(66.666666666667% - ( ( 4% + 4% ) * 0.66666666666667 ) );margin-right: 4%;\"><div class=\"fusion-column-wrapper fusion-flex-column-wrapper-legacy\"><div class=\"fusion-text fusion-text-1\"><h2>Desplazamiento de cargas (VVL)<\/h2>\n<\/div><div class=\"fusion-text fusion-text-2\"><h3>Grupo objetivo<\/h3>\n<p>Empleados que manipulan y mueven cargas en un emplazamiento (petro)qu\u00edmico en instalaciones, talleres.<\/p>\n<h3>Objetivo de aprendizaje<\/h3>\n<p>Ser capaz de elevar y mover cargas de forma segura con equipos de elevaci\u00f3n y herramientas de elevaci\u00f3n.<\/p>\n<h3>Teor\u00eda<\/h3>\n<p>Conceptos, disposiciones legales y reglamentarias.<br \/>\nCorreas de elevaci\u00f3n.<br \/>\nCables de acero.<br \/>\nCadenas y cadenotes.<br \/>\nEquipos especiales de elevaci\u00f3n.<br \/>\nPolipastos, vigas elevadoras y carros.<br \/>\nInspecci\u00f3n y certificaci\u00f3n.<br \/>\nElevaci\u00f3n segura de cargas.<br \/>\nSe\u00f1ales de los brazos.<\/p>\n<h3>Pr\u00e1cticas<\/h3>\n<p>Pr\u00e1ctica de enganche y desplazamiento seguro de una v\u00e1lvula de compuerta, una v\u00e1lvula de seguridad, un tubo curvo sobre soporte de simulaci\u00f3n y un pal\u00e9 de objetos, un motor el\u00e9ctrico, tablones de andamio y una cercha de acero.<\/p>\n<h3>Requisitos del puesto<\/h3>\n<p>El candidato debe tener al menos 18 a\u00f1os. Se hace una excepci\u00f3n con los estudiantes que realizan la formaci\u00f3n como parte de la obtenci\u00f3n de un t\u00edtulo de nivel inicial. Para ellos, se aplica una edad m\u00ednima de 16 a\u00f1os.<\/p>\n<h3>Duraci\u00f3n del curso<\/h3>\n<p>1 d\u00eda (2 sesiones de media jornada).<\/p>\n<h3>Diploma<\/h3>\n<p>Para el curso &#8220;Desplazamiento de cargas (VVL)&#8221;, ELCONY utiliza las matrices de examen de SSVV. La \u00fanica diferencia entre un examen SOG y un examen ELCONY radica en la forma de administrar el examen. Tras un examen ELCONY, los participantes no reciben un diploma SOG ni se inscriben en el Registro Central de Diplomas de la AVC. En su lugar, reciben un Diploma ELCONY. Este diploma cumple el art\u00edculo 8 de la Ley de Condiciones de Trabajo, relativo a la Informaci\u00f3n e Instrucci\u00f3n. Las empresas que no consideren necesario el diploma de la SSVV pueden recurrir a la Ley de Prevenci\u00f3n de Riesgos Laborales. Para estas empresas, ELCONY ofrece una alternativa.<br \/>\nEl diploma tiene una validez de cinco a\u00f1os.<\/p>\n<\/div><div class=\"fusion-text fusion-text-3\"><h3>Precio<\/h3>\n<p>229,00 \u20ac por persona. Para in-company, se aplica un m\u00ednimo de 6 participantes.<\/p>\n<\/div><div class=\"fusion-text fusion-text-4\"><p>No dude en llamarnos al <strong>+31(0)88-2200100<\/strong> o enviarnos un correo electr\u00f3nico a <a href=\"&#109;&#x61;i&#108;&#x74;&#111;&#x3a;i&#110;&#x66;o&#x40;&#x65;&#108;&#x63;o&#110;&#x79;&#46;&#x63;&#x6f;&#109;\"><strong>&#105;&#x6e;f&#111;&#x40;e&#108;&#x63;o&#110;&#x79;&#46;&#99;&#x6f;m<\/strong><\/a>.<\/p>\n<\/div><div class=\"fusion-clearfix\"><\/div><\/div><\/div><div class=\"fusion-layout-column fusion_builder_column fusion-builder-column-5 fusion_builder_column_1_6 1_6 fusion-one-sixth fusion-column-last\" style=\"--awb-bg-size:cover;width:16.666666666667%;width:calc(16.666666666667% - ( ( 4% + 4% ) * 0.16666666666667 ) );\"><div class=\"fusion-column-wrapper fusion-flex-column-wrapper-legacy\"><div class=\"fusion-clearfix\"><\/div><\/div><\/div><\/div><\/div><\/div><div id=\"hp-elcony\" class=\"fusion-container-anchor\"><div class=\"fusion-fullwidth fullwidth-box fusion-builder-row-3 has-pattern-background has-mask-background nonhundred-percent-fullwidth non-hundred-percent-height-scrolling\" style=\"--awb-border-radius-top-left:0px;--awb-border-radius-top-right:0px;--awb-border-radius-bottom-right:0px;--awb-border-radius-bottom-left:0px;--awb-flex-wrap:wrap;\" ><div class=\"fusion-builder-row fusion-row\"><div class=\"fusion-layout-column fusion_builder_column fusion-builder-column-6 fusion_builder_column_1_6 1_6 fusion-one-sixth fusion-column-first\" style=\"--awb-bg-size:cover;width:16.666666666667%;width:calc(16.666666666667% - ( ( 4% + 4% ) * 0.16666666666667 ) );margin-right: 4%;\"><div class=\"fusion-column-wrapper fusion-flex-column-wrapper-legacy\"><div class=\"fusion-image-element fusion-image-align-center in-legacy-container\" style=\"text-align:center;--awb-caption-title-font-family:var(--h2_typography-font-family);--awb-caption-title-font-weight:var(--h2_typography-font-weight);--awb-caption-title-font-style:var(--h2_typography-font-style);--awb-caption-title-size:var(--h2_typography-font-size);--awb-caption-title-transform:var(--h2_typography-text-transform);--awb-caption-title-line-height:var(--h2_typography-line-height);--awb-caption-title-letter-spacing:var(--h2_typography-letter-spacing);\"><div class=\"imageframe-align-center\"><span class=\" fusion-imageframe imageframe-none imageframe-2 hover-type-none\"><img decoding=\"async\" width=\"160\" height=\"100\" title=\"Logo ELCONY 160&#215;100\" src=\"https:\/\/www.elcony.com\/wp-content\/uploads\/2023\/09\/Logo-ELCONY-160x100-1.png\" alt class=\"img-responsive wp-image-185478\"\/><\/span><\/div><\/div><div class=\"fusion-sep-clear\"><\/div><div class=\"fusion-separator fusion-full-width-sep\" style=\"margin-left: auto;margin-right: auto;margin-top:20px;width:100%;\"><\/div><div class=\"fusion-sep-clear\"><\/div><div class=\"fusion-clearfix\"><\/div><\/div><\/div><div class=\"fusion-layout-column fusion_builder_column fusion-builder-column-7 fusion_builder_column_2_3 2_3 fusion-two-third\" style=\"--awb-padding-bottom:20px;--awb-bg-size:cover;--awb-margin-top:0px;--awb-margin-bottom:0px;width:66.666666666667%;width:calc(66.666666666667% - ( ( 4% + 4% ) * 0.66666666666667 ) );margin-right: 4%;\"><div class=\"fusion-column-wrapper fusion-flex-column-wrapper-legacy\"><div class=\"fusion-text fusion-text-5\"><h1>Trabajo con la nave y la gr\u00faa de p\u00f3rtico<\/h1>\n<\/div><div class=\"fusion-text fusion-text-6\"><h3>Grupo destinatario<\/h3>\n<p>Empleados que utilizan una gr\u00faa de nave o p\u00f3rtico.<\/p>\n<h3>Objetivo de aprendizaje<\/h3>\n<p>Experimentar y aprender a trabajar de forma segura con la gr\u00faa de nave o p\u00f3rtico y a manipular cargas.<\/p>\n<h3>Teor\u00eda<\/h3>\n<p>Conceptos, disposiciones legales y normativas.<br \/>\nCorreas de elevaci\u00f3n.<br \/>\nCables de acero.<br \/>\nCadenas y cadenotes.<br \/>\nEquipos especiales de elevaci\u00f3n.<br \/>\nPolipastos, vigas elevadoras y carros.<br \/>\nInspecci\u00f3n y certificaci\u00f3n.<br \/>\nElevaci\u00f3n segura de cargas.<br \/>\nSe\u00f1ales de los brazos.<\/p>\n<h3>Pr\u00e1cticas<\/h3>\n<p>Pr\u00e1ctica de enganche y desplazamiento seguro de una v\u00e1lvula de compuerta, una v\u00e1lvula de seguridad, un tubo curvo sobre soporte de simulaci\u00f3n y un pal\u00e9 de objetos, un motor el\u00e9ctrico, tablones de andamio y una cercha de acero.<\/p>\n<h3>Requisitos del puesto<\/h3>\n<p>El candidato debe tener al menos 18 a\u00f1os. Se hace una excepci\u00f3n con los estudiantes que realizan la formaci\u00f3n como parte de la obtenci\u00f3n de un t\u00edtulo de nivel inicial. Para ellos, se aplica una edad m\u00ednima de 16 a\u00f1os.<\/p>\n<h3>Duraci\u00f3n del curso<\/h3>\n<p>1 d\u00eda (2 sesiones de media jornada).<\/p>\n<h3>Diploma<\/h3>\n<p>Seg\u00fan la Ley de Condiciones de Trabajo art\u00edculo 8 &#8211; Informaci\u00f3n e instrucci\u00f3n.<br \/>\nV\u00e1lido durante 5 a\u00f1os.<\/p>\n<\/div><div class=\"fusion-text fusion-text-7\"><h3>Precio<\/h3>\n<p>229,00 \u20ac por persona. Para in-company, se aplica un m\u00ednimo de 6 participantes.<\/p>\n<\/div><div class=\"fusion-text fusion-text-8\"><p>No dude en llamarnos al <strong>+31(0)88-2200100<\/strong> o enviarnos un correo electr\u00f3nico a <a href=\"mail&#116;&#111;&#58;&#105;&#110;&#102;&#111;&#x40;&#x65;&#x6c;&#x63;&#x6f;&#x6e;&#x79;&#x2e;&#x63;om\"><strong>&#105;&#x6e;&#102;&#x6f;&#64;&#x65;&#108;&#x63;&#111;&#x6e;&#121;&#x2e;&#99;&#x6f;&#109;<\/strong><\/a>.<\/p>\n<\/div><div class=\"fusion-clearfix\"><\/div><\/div><\/div><div class=\"fusion-layout-column fusion_builder_column fusion-builder-column-8 fusion_builder_column_1_6 1_6 fusion-one-sixth fusion-column-last\" style=\"--awb-bg-size:cover;width:16.666666666667%;width:calc(16.666666666667% - ( ( 4% + 4% ) * 0.16666666666667 ) );\"><div class=\"fusion-column-wrapper fusion-flex-column-wrapper-legacy\"><div class=\"fusion-clearfix\"><\/div><\/div><\/div><\/div><\/div><\/div><\/p>\n","protected":false},"excerpt":{"rendered":"","protected":false},"author":1,"featured_media":0,"parent":0,"menu_order":7,"comment_status":"closed","ping_status":"closed","template":"","meta":{"footnotes":""},"class_list":["post-234446","page","type-page","status-publish","hentry"],"yoast_head":"<!-- This site is optimized with the Yoast SEO plugin v27.4 - https:\/\/yoast.com\/product\/yoast-seo-wordpress\/ -->\n<title>Curso Desplazamiento de cargas (VVL) | Para la industria neerlandesa<\/title>\n<meta name=\"description\" content=\"Cursus Desplazamiento de cargas (VVL). Voldoe aan de Nederlandse normen, waarbij een geldig ARBO-diploma vereist is.\" \/>\n<meta name=\"robots\" content=\"index, follow, max-snippet:-1, max-image-preview:large, max-video-preview:-1\" \/>\n<link rel=\"canonical\" href=\"https:\/\/www.elcony.com\/es\/desplazamiento-de-cargas\/\" \/>\n<script type=\"application\/ld+json\" class=\"yoast-schema-graph\">{\"@context\":\"https:\\\/\\\/schema.org\",\"@graph\":[{\"@type\":\"WebPage\",\"@id\":\"https:\\\/\\\/www.elcony.com\\\/es\\\/desplazamiento-de-cargas\\\/\",\"url\":\"https:\\\/\\\/www.elcony.com\\\/es\\\/desplazamiento-de-cargas\\\/\",\"name\":\"Curso Desplazamiento de cargas (VVL) | Para la industria neerlandesa\",\"isPartOf\":{\"@id\":\"https:\\\/\\\/www.elcony.com\\\/it\\\/#website\"},\"datePublished\":\"2023-11-26T13:43:40+00:00\",\"dateModified\":\"2023-11-26T13:43:43+00:00\",\"description\":\"Cursus Desplazamiento de cargas (VVL). Voldoe aan de Nederlandse normen, waarbij een geldig ARBO-diploma vereist is.\",\"breadcrumb\":{\"@id\":\"https:\\\/\\\/www.elcony.com\\\/es\\\/desplazamiento-de-cargas\\\/#breadcrumb\"},\"inLanguage\":\"es\",\"potentialAction\":[{\"@type\":\"ReadAction\",\"target\":[\"https:\\\/\\\/www.elcony.com\\\/es\\\/desplazamiento-de-cargas\\\/\"]}]},{\"@type\":\"BreadcrumbList\",\"@id\":\"https:\\\/\\\/www.elcony.com\\\/es\\\/desplazamiento-de-cargas\\\/#breadcrumb\",\"itemListElement\":[{\"@type\":\"ListItem\",\"position\":1,\"name\":\"Home\",\"item\":\"https:\\\/\\\/www.elcony.com\\\/es\\\/\"},{\"@type\":\"ListItem\",\"position\":2,\"name\":\"Desplazamiento de cargas\"}]},{\"@type\":\"WebSite\",\"@id\":\"https:\\\/\\\/www.elcony.com\\\/it\\\/#website\",\"url\":\"https:\\\/\\\/www.elcony.com\\\/it\\\/\",\"name\":\"ELCONY\",\"description\":\"ARBO, VCA en SOG Opleidingen\",\"potentialAction\":[{\"@type\":\"SearchAction\",\"target\":{\"@type\":\"EntryPoint\",\"urlTemplate\":\"https:\\\/\\\/www.elcony.com\\\/it\\\/?s={search_term_string}\"},\"query-input\":{\"@type\":\"PropertyValueSpecification\",\"valueRequired\":true,\"valueName\":\"search_term_string\"}}],\"inLanguage\":\"es\"}]}<\/script>\n<!-- \/ Yoast SEO plugin. -->","yoast_head_json":{"title":"Curso Desplazamiento de cargas (VVL) | Para la industria neerlandesa","description":"Cursus Desplazamiento de cargas (VVL). Voldoe aan de Nederlandse normen, waarbij een geldig ARBO-diploma vereist is.","robots":{"index":"index","follow":"follow","max-snippet":"max-snippet:-1","max-image-preview":"max-image-preview:large","max-video-preview":"max-video-preview:-1"},"canonical":"https:\/\/www.elcony.com\/es\/desplazamiento-de-cargas\/","schema":{"@context":"https:\/\/schema.org","@graph":[{"@type":"WebPage","@id":"https:\/\/www.elcony.com\/es\/desplazamiento-de-cargas\/","url":"https:\/\/www.elcony.com\/es\/desplazamiento-de-cargas\/","name":"Curso Desplazamiento de cargas (VVL) | Para la industria neerlandesa","isPartOf":{"@id":"https:\/\/www.elcony.com\/it\/#website"},"datePublished":"2023-11-26T13:43:40+00:00","dateModified":"2023-11-26T13:43:43+00:00","description":"Cursus Desplazamiento de cargas (VVL). Voldoe aan de Nederlandse normen, waarbij een geldig ARBO-diploma vereist is.","breadcrumb":{"@id":"https:\/\/www.elcony.com\/es\/desplazamiento-de-cargas\/#breadcrumb"},"inLanguage":"es","potentialAction":[{"@type":"ReadAction","target":["https:\/\/www.elcony.com\/es\/desplazamiento-de-cargas\/"]}]},{"@type":"BreadcrumbList","@id":"https:\/\/www.elcony.com\/es\/desplazamiento-de-cargas\/#breadcrumb","itemListElement":[{"@type":"ListItem","position":1,"name":"Home","item":"https:\/\/www.elcony.com\/es\/"},{"@type":"ListItem","position":2,"name":"Desplazamiento de cargas"}]},{"@type":"WebSite","@id":"https:\/\/www.elcony.com\/it\/#website","url":"https:\/\/www.elcony.com\/it\/","name":"ELCONY","description":"ARBO, VCA en SOG Opleidingen","potentialAction":[{"@type":"SearchAction","target":{"@type":"EntryPoint","urlTemplate":"https:\/\/www.elcony.com\/it\/?s={search_term_string}"},"query-input":{"@type":"PropertyValueSpecification","valueRequired":true,"valueName":"search_term_string"}}],"inLanguage":"es"}]}},"_links":{"self":[{"href":"https:\/\/www.elcony.com\/es\/wp-json\/wp\/v2\/pages\/234446","targetHints":{"allow":["GET"]}}],"collection":[{"href":"https:\/\/www.elcony.com\/es\/wp-json\/wp\/v2\/pages"}],"about":[{"href":"https:\/\/www.elcony.com\/es\/wp-json\/wp\/v2\/types\/page"}],"author":[{"embeddable":true,"href":"https:\/\/www.elcony.com\/es\/wp-json\/wp\/v2\/users\/1"}],"replies":[{"embeddable":true,"href":"https:\/\/www.elcony.com\/es\/wp-json\/wp\/v2\/comments?post=234446"}],"version-history":[{"count":0,"href":"https:\/\/www.elcony.com\/es\/wp-json\/wp\/v2\/pages\/234446\/revisions"}],"wp:attachment":[{"href":"https:\/\/www.elcony.com\/es\/wp-json\/wp\/v2\/media?parent=234446"}],"curies":[{"name":"wp","href":"https:\/\/api.w.org\/{rel}","templated":true}]}}