{"id":299796,"date":"2024-06-22T16:02:26","date_gmt":"2024-06-22T14:02:26","guid":{"rendered":"https:\/\/www.elcony.com\/mi-elcony\/notificacion-de-certificado\/"},"modified":"2026-02-08T14:50:32","modified_gmt":"2026-02-08T13:50:32","slug":"notificacion-de-certificado","status":"publish","type":"page","link":"https:\/\/www.elcony.com\/es\/mi-elcony\/notificacion-de-certificado\/","title":{"rendered":"Notificaci\u00f3n de certificado"},"content":{"rendered":"<div class=\"fusion-fullwidth fullwidth-box fusion-builder-row-1 fusion-flex-container has-pattern-background has-mask-background nonhundred-percent-fullwidth non-hundred-percent-height-scrolling\" style=\"--awb-border-radius-top-left:0px;--awb-border-radius-top-right:0px;--awb-border-radius-bottom-right:0px;--awb-border-radius-bottom-left:0px;--awb-flex-wrap:wrap;\" ><div class=\"fusion-builder-row fusion-row fusion-flex-align-items-flex-start fusion-flex-content-wrap\" style=\"max-width:101%;margin-left: calc(-1% \/ 2 );margin-right: calc(-1% \/ 2 );\"><div class=\"fusion-layout-column fusion_builder_column fusion-builder-column-0 fusion_builder_column_1_6 1_6 fusion-flex-column\" style=\"--awb-bg-size:cover;--awb-width-large:16.666666666667%;--awb-margin-top-large:5px;--awb-spacing-right-large:2.97%;--awb-margin-bottom-large:5px;--awb-spacing-left-large:2.97%;--awb-width-medium:100%;--awb-order-medium:0;--awb-spacing-right-medium:0.495%;--awb-spacing-left-medium:0.495%;--awb-width-small:100%;--awb-order-small:0;--awb-spacing-right-small:0.495%;--awb-spacing-left-small:0.495%;\"><div class=\"fusion-column-wrapper fusion-column-has-shadow fusion-flex-justify-content-flex-start fusion-content-layout-column\"><\/div><\/div><div class=\"fusion-layout-column fusion_builder_column fusion-builder-column-1 fusion_builder_column_2_3 2_3 fusion-flex-column\" style=\"--awb-bg-size:cover;--awb-width-large:66.666666666667%;--awb-margin-top-large:5px;--awb-spacing-right-large:0.7425%;--awb-margin-bottom-large:5px;--awb-spacing-left-large:0.7425%;--awb-width-medium:100%;--awb-order-medium:0;--awb-spacing-right-medium:0.495%;--awb-spacing-left-medium:0.495%;--awb-width-small:100%;--awb-order-small:0;--awb-spacing-right-small:0.495%;--awb-spacing-left-small:0.495%;\"><div class=\"fusion-column-wrapper fusion-column-has-shadow fusion-flex-justify-content-flex-start fusion-content-layout-column\"><div class=\"fusion-text fusion-text-1\"><h2>Notificaci\u00f3n de certificado<\/h2>\n<\/div><div class=\"fusion-text fusion-text-2\"><p>\u00a1Felicidades por completar con \u00e9xito el curso! Nos complace informarle que su certificado se est\u00e1 creando actualmente. Su certificado se le enviar\u00e1 por correo electr\u00f3nico a m\u00e1s tardar el siguiente d\u00eda h\u00e1bil.<\/p>\n<p>Si este curso fue solicitado por su empleador, enviaremos el certificado a su empleador.<\/p>\n<\/div><div ><a class=\"fusion-button button-3d fusion-button-default-size button-default fusion-button-default button-1 fusion-button-default-span fusion-button-default-type\" target=\"_self\" href=\"https:\/\/www.elcony.com\/es\/mi-elcony\/\"><span class=\"fusion-button-text awb-button__text awb-button__text--default\">Volver a Mi ELCONY<\/span><\/a><\/div><div class=\"fusion-separator fusion-full-width-sep\" style=\"align-self: center;margin-left: auto;margin-right: auto;margin-bottom:40px;width:100%;\"><\/div><\/div><\/div><div class=\"fusion-layout-column fusion_builder_column fusion-builder-column-2 fusion_builder_column_1_6 1_6 fusion-flex-column\" style=\"--awb-bg-size:cover;--awb-width-large:16.666666666667%;--awb-margin-top-large:5px;--awb-spacing-right-large:2.97%;--awb-margin-bottom-large:5px;--awb-spacing-left-large:2.97%;--awb-width-medium:100%;--awb-order-medium:0;--awb-spacing-right-medium:0.495%;--awb-spacing-left-medium:0.495%;--awb-width-small:100%;--awb-order-small:0;--awb-spacing-right-small:0.495%;--awb-spacing-left-small:0.495%;\"><div class=\"fusion-column-wrapper fusion-column-has-shadow fusion-flex-justify-content-flex-start fusion-content-layout-column\"><\/div><\/div><\/div><\/div>\n","protected":false},"excerpt":{"rendered":"","protected":false},"author":1,"featured_media":0,"parent":60319,"menu_order":0,"comment_status":"closed","ping_status":"closed","template":"","meta":{"footnotes":""},"class_list":["post-299796","page","type-page","status-publish","hentry"],"yoast_head":"<!-- This site is optimized with the Yoast SEO plugin v27.5 - https:\/\/yoast.com\/product\/yoast-seo-wordpress\/ -->\n<title>Notificaci\u00f3n de certificado &#8226; ELCONY<\/title>\n<meta name=\"description\" content=\"\u00a1Aprobado! Enhorabuena por haber aprobado su certificado. En breve se lo enviaremos por correo electr\u00f3nico.\" \/>\n<meta name=\"robots\" content=\"index, follow, max-snippet:-1, max-image-preview:large, max-video-preview:-1\" \/>\n<link rel=\"canonical\" href=\"https:\/\/www.elcony.com\/mijn-elcony\/certificaat-mededeling\/\" \/>\n<script type=\"application\/ld+json\" class=\"yoast-schema-graph\">{\"@context\":\"https:\\\/\\\/schema.org\",\"@graph\":[{\"@type\":\"WebPage\",\"@id\":\"https:\\\/\\\/www.elcony.com\\\/mijn-elcony\\\/certificaat-mededeling\\\/\",\"url\":\"https:\\\/\\\/www.elcony.com\\\/mijn-elcony\\\/certificaat-mededeling\\\/\",\"name\":\"Notificaci\u00f3n de certificado &#8226; ELCONY\",\"isPartOf\":{\"@id\":\"https:\\\/\\\/www.elcony.com\\\/it\\\/#website\"},\"datePublished\":\"2024-06-22T14:02:26+00:00\",\"dateModified\":\"2026-02-08T13:50:32+00:00\",\"description\":\"\u00a1Aprobado! Enhorabuena por haber aprobado su certificado. En breve se lo enviaremos por correo electr\u00f3nico.\",\"breadcrumb\":{\"@id\":\"https:\\\/\\\/www.elcony.com\\\/mijn-elcony\\\/certificaat-mededeling\\\/#breadcrumb\"},\"inLanguage\":\"es\",\"potentialAction\":[{\"@type\":\"ReadAction\",\"target\":[\"https:\\\/\\\/www.elcony.com\\\/mijn-elcony\\\/certificaat-mededeling\\\/\"]}]},{\"@type\":\"BreadcrumbList\",\"@id\":\"https:\\\/\\\/www.elcony.com\\\/mijn-elcony\\\/certificaat-mededeling\\\/#breadcrumb\",\"itemListElement\":[{\"@type\":\"ListItem\",\"position\":1,\"name\":\"Home\",\"item\":\"https:\\\/\\\/www.elcony.com\\\/es\\\/\"},{\"@type\":\"ListItem\",\"position\":2,\"name\":\"Mi ELCONY\",\"item\":\"https:\\\/\\\/www.elcony.com\\\/es\\\/mi-elcony\\\/\"},{\"@type\":\"ListItem\",\"position\":3,\"name\":\"Notificaci\u00f3n de certificado\"}]},{\"@type\":\"WebSite\",\"@id\":\"https:\\\/\\\/www.elcony.com\\\/it\\\/#website\",\"url\":\"https:\\\/\\\/www.elcony.com\\\/it\\\/\",\"name\":\"ELCONY\",\"description\":\"ARBO, VCA en SOG Opleidingen\",\"potentialAction\":[{\"@type\":\"SearchAction\",\"target\":{\"@type\":\"EntryPoint\",\"urlTemplate\":\"https:\\\/\\\/www.elcony.com\\\/it\\\/?s={search_term_string}\"},\"query-input\":{\"@type\":\"PropertyValueSpecification\",\"valueRequired\":true,\"valueName\":\"search_term_string\"}}],\"inLanguage\":\"es\"}]}<\/script>\n<!-- \/ Yoast SEO plugin. -->","yoast_head_json":{"title":"Notificaci\u00f3n de certificado &#8226; ELCONY","description":"\u00a1Aprobado! Enhorabuena por haber aprobado su certificado. En breve se lo enviaremos por correo electr\u00f3nico.","robots":{"index":"index","follow":"follow","max-snippet":"max-snippet:-1","max-image-preview":"max-image-preview:large","max-video-preview":"max-video-preview:-1"},"canonical":"https:\/\/www.elcony.com\/mijn-elcony\/certificaat-mededeling\/","schema":{"@context":"https:\/\/schema.org","@graph":[{"@type":"WebPage","@id":"https:\/\/www.elcony.com\/mijn-elcony\/certificaat-mededeling\/","url":"https:\/\/www.elcony.com\/mijn-elcony\/certificaat-mededeling\/","name":"Notificaci\u00f3n de certificado &#8226; ELCONY","isPartOf":{"@id":"https:\/\/www.elcony.com\/it\/#website"},"datePublished":"2024-06-22T14:02:26+00:00","dateModified":"2026-02-08T13:50:32+00:00","description":"\u00a1Aprobado! Enhorabuena por haber aprobado su certificado. En breve se lo enviaremos por correo electr\u00f3nico.","breadcrumb":{"@id":"https:\/\/www.elcony.com\/mijn-elcony\/certificaat-mededeling\/#breadcrumb"},"inLanguage":"es","potentialAction":[{"@type":"ReadAction","target":["https:\/\/www.elcony.com\/mijn-elcony\/certificaat-mededeling\/"]}]},{"@type":"BreadcrumbList","@id":"https:\/\/www.elcony.com\/mijn-elcony\/certificaat-mededeling\/#breadcrumb","itemListElement":[{"@type":"ListItem","position":1,"name":"Home","item":"https:\/\/www.elcony.com\/es\/"},{"@type":"ListItem","position":2,"name":"Mi ELCONY","item":"https:\/\/www.elcony.com\/es\/mi-elcony\/"},{"@type":"ListItem","position":3,"name":"Notificaci\u00f3n de certificado"}]},{"@type":"WebSite","@id":"https:\/\/www.elcony.com\/it\/#website","url":"https:\/\/www.elcony.com\/it\/","name":"ELCONY","description":"ARBO, VCA en SOG Opleidingen","potentialAction":[{"@type":"SearchAction","target":{"@type":"EntryPoint","urlTemplate":"https:\/\/www.elcony.com\/it\/?s={search_term_string}"},"query-input":{"@type":"PropertyValueSpecification","valueRequired":true,"valueName":"search_term_string"}}],"inLanguage":"es"}]}},"_links":{"self":[{"href":"https:\/\/www.elcony.com\/es\/wp-json\/wp\/v2\/pages\/299796","targetHints":{"allow":["GET"]}}],"collection":[{"href":"https:\/\/www.elcony.com\/es\/wp-json\/wp\/v2\/pages"}],"about":[{"href":"https:\/\/www.elcony.com\/es\/wp-json\/wp\/v2\/types\/page"}],"author":[{"embeddable":true,"href":"https:\/\/www.elcony.com\/es\/wp-json\/wp\/v2\/users\/1"}],"replies":[{"embeddable":true,"href":"https:\/\/www.elcony.com\/es\/wp-json\/wp\/v2\/comments?post=299796"}],"version-history":[{"count":3,"href":"https:\/\/www.elcony.com\/es\/wp-json\/wp\/v2\/pages\/299796\/revisions"}],"predecessor-version":[{"id":391557,"href":"https:\/\/www.elcony.com\/es\/wp-json\/wp\/v2\/pages\/299796\/revisions\/391557"}],"up":[{"embeddable":true,"href":"https:\/\/www.elcony.com\/es\/wp-json\/wp\/v2\/pages\/60319"}],"wp:attachment":[{"href":"https:\/\/www.elcony.com\/es\/wp-json\/wp\/v2\/media?parent=299796"}],"curies":[{"name":"wp","href":"https:\/\/api.w.org\/{rel}","templated":true}]}}