{"id":326933,"date":"2024-08-13T19:52:39","date_gmt":"2024-08-13T17:52:39","guid":{"rendered":"https:\/\/www.elcony.com\/medicion-de-gases\/"},"modified":"2026-02-06T13:26:28","modified_gmt":"2026-02-06T12:26:28","slug":"medicion-de-gases","status":"publish","type":"page","link":"https:\/\/www.elcony.com\/es\/medicion-de-gases\/","title":{"rendered":"Medici\u00f3n de gases"},"content":{"rendered":"<div class=\"fusion-fullwidth fullwidth-box fusion-builder-row-1 has-pattern-background has-mask-background nonhundred-percent-fullwidth non-hundred-percent-height-scrolling\" style=\"--awb-border-radius-top-left:0px;--awb-border-radius-top-right:0px;--awb-border-radius-bottom-right:0px;--awb-border-radius-bottom-left:0px;--awb-flex-wrap:wrap;\" ><div class=\"fusion-builder-row fusion-row\"><div class=\"fusion-layout-column fusion_builder_column fusion-builder-column-0 fusion_builder_column_1_5 1_5 fusion-one-fifth fusion-column-first\" style=\"--awb-bg-blend:overlay;--awb-bg-size:cover;width:20%;width:calc(20% - ( ( 4% + 4% ) * 0.2 ) );margin-right: 4%;\"><div class=\"fusion-column-wrapper fusion-flex-column-wrapper-legacy\"><div class=\"fusion-clearfix\"><\/div><\/div><\/div><div class=\"fusion-layout-column fusion_builder_column fusion-builder-column-1 fusion_builder_column_3_5 3_5 fusion-three-fifth\" style=\"--awb-padding-bottom:20px;--awb-bg-blend:overlay;--awb-bg-size:cover;--awb-margin-top:0px;--awb-margin-bottom:0px;width:60%;width:calc(60% - ( ( 4% + 4% ) * 0.6 ) );margin-right: 4%;\"><div class=\"fusion-column-wrapper fusion-flex-column-wrapper-legacy\"><div class=\"fusion-text fusion-text-1\"><h1>Curso de Medici\u00f3n de Gases<\/h1>\n<p> La medici\u00f3n de gases es una actividad de seguridad esencial en entornos industriales donde se trabaja con sustancias peligrosas, espacios confinados o atm\u00f3sferas con riesgo de explosi\u00f3n. Con un curso de medici\u00f3n de gases aprender\u00e1 a realizar correctamente las mediciones, interpretar los resultados y reconocer los riesgos a tiempo. <\/p>\n<h2>\u00bfQu\u00e9 es la medici\u00f3n de gases?<\/h2>\n<p> La medici\u00f3n de gases consiste en controlar la presencia y la concentraci\u00f3n de gases peligrosos, vapores y ox\u00edgeno en el entorno de trabajo. Esto se realiza para prevenir riesgos como explosiones, intoxicaciones y asfixia. Las mediciones de gases se llevan a cabo antes y durante los trabajos, por ejemplo en tanques, tuber\u00edas, espacios confinados e instalaciones de proceso. <\/p>\n<h2>\u00bfPara qui\u00e9n est\u00e1 destinado el curso de medici\u00f3n de gases?<\/h2>\n<p> El curso de medici\u00f3n de gases est\u00e1 destinado a empleados responsables de la realizaci\u00f3n y evaluaci\u00f3n de mediciones de gases, tales como: <\/p>\n<ul>\n<li>Montadores y t\u00e9cnicos de mantenimiento.<\/li>\n<li>Operadores y supervisores.<\/li>\n<li>Empleados de la industria (petro)qu\u00edmica e industrial.<\/li>\n<li>Trabajadores aut\u00f3nomos y contratistas.<\/li>\n<li>Trabajadores que desempe\u00f1an labores en espacios confinados.<\/li>\n<\/ul>\n<h2>Medici\u00f3n de gases sin SOG o NOGEPA<\/h2>\n<h3>Grupo objetivo<\/h3>\n<p> Esta formaci\u00f3n es adecuada para empleados que realizan mediciones de gases dentro de organizaciones o para clientes en los que no se aplica la obligaci\u00f3n de SOG o NOGEPA. <\/p>\n<h3>\u00bfCu\u00e1ndo elegir la medici\u00f3n de gases sin SOG o NOGEPA?<\/h3>\n<p> Elige Medici\u00f3n de Gases (ELCONY) cuando: <\/p>\n<ul>\n<li>Su cliente no exige un diploma SOG o NOGEPA<\/li>\n<li>Trabaja conforme a procedimientos internos de seguridad<\/li>\n<li>Busca una formaci\u00f3n pr\u00e1ctica y accesible<\/li>\n<\/ul>\n<p> Tras finalizar el curso, recibir\u00e1 un diploma con registro en el <strong>Registro de Diplomas ELCONY<\/strong> y ser\u00e1 <strong>v\u00e1lido durante 5 a\u00f1os<\/strong>. <\/p>\n<h3>Duraci\u00f3n del curso y precio<\/h3>\n<ul>\n<li>1 d\u00eda con conocimientos previos mediante nuestra preparaci\u00f3n online o curso de actualizaci\u00f3n: <strong>\u20ac 255,00<\/strong> sin IVA<\/li>\n<li>2 d\u00edas sin experiencia previa: <strong>\u20ac 455,00<\/strong> sin IVA<\/li>\n<\/ul>\n<h2>Medici\u00f3n de gases con SOG<\/h2>\n<h3>Grupo objetivo<\/h3>\n<p> El curso de medici\u00f3n de gases reconocido por SOG est\u00e1 destinado a empleados que trabajan para clientes en los que se exige un diploma oficialmente reconocido. <\/p>\n<h3>\u00bfCu\u00e1ndo es obligatoria la medici\u00f3n de gases (SOG)?<\/h3>\n<p> La medici\u00f3n de gases con SOG es obligatoria cuando trabaja: <\/p>\n<ul>\n<li>En la industria (petro)qu\u00edmica.<\/li>\n<li>Durante paradas industriales de mantenimiento.<\/li>\n<li>Para clientes que trabajan conforme a los requisitos de SSVV o NOGEPA.<\/li>\n<li>En ubicaciones donde la seguridad est\u00e1 estrictamente regulada.<\/li>\n<\/ul>\n<p> Tras aprobar el examen, el diploma se registra en el <strong>Registro de Diplomas SSVV<\/strong> y es <strong>v\u00e1lido durante 3 a\u00f1os<\/strong>. <\/p>\n<h3>Duraci\u00f3n del curso y precio<\/h3>\n<ul>\n<li>1 d\u00eda con conocimientos previos mediante nuestra preparaci\u00f3n online o curso de actualizaci\u00f3n: <strong>\u20ac 369,00<\/strong> sin IVA<\/li>\n<li>2 d\u00edas sin experiencia previa: <strong>\u20ac 569,00<\/strong> sin IVA<\/li>\n<\/ul>\n<h2>Ubicaciones<\/h2>\n<p> El curso de Medici\u00f3n de Gases se imparte en varias ubicaciones de los Pa\u00edses Bajos y tambi\u00e9n puede realizarse en su propia ubicaci\u00f3n. <\/p>\n<h2>Contacto<\/h2>\n<p> Para m\u00e1s informaci\u00f3n o para inscribirse, puede llamar al <strong>+31(0)88-2200100<\/strong> o enviar un correo electr\u00f3nico a <strong><a href=\"&#x6d;&#x61;&#105;&#108;to&#x3a;&#x69;&#x6e;&#102;o&#64;&#x65;&#x6c;&#x63;&#111;&#110;y&#x2e;&#x63;&#x6f;&#109;\">&#x69;&#110;f&#x6f;&#x40;&#101;l&#x63;&#x6f;&#110;y&#x2e;&#99;o&#x6d;<\/a><\/strong>.<\/p>\n<\/div><div class=\"fusion-clearfix\"><\/div><\/div><\/div><div class=\"fusion-layout-column fusion_builder_column fusion-builder-column-2 fusion_builder_column_1_5 1_5 fusion-one-fifth fusion-column-last\" style=\"--awb-bg-blend:overlay;--awb-bg-size:cover;width:20%;width:calc(20% - ( ( 4% + 4% ) * 0.2 ) );\"><div class=\"fusion-column-wrapper fusion-flex-column-wrapper-legacy\"><div class=\"fusion-clearfix\"><\/div><\/div><\/div><\/div><\/div>\n","protected":false},"excerpt":{"rendered":"","protected":false},"author":1,"featured_media":0,"parent":0,"menu_order":5,"comment_status":"closed","ping_status":"closed","template":"","meta":{"footnotes":""},"class_list":["post-326933","page","type-page","status-publish","hentry"],"yoast_head":"<!-- This site is optimized with the Yoast SEO plugin v27.3 - https:\/\/yoast.com\/product\/yoast-seo-wordpress\/ -->\n<title>Curso de Medici\u00f3n de Gases (SOG) | Nacional &amp; Incompany<\/title>\n<meta name=\"description\" content=\"Siga un curso de medici\u00f3n de gases con o sin SOG. Aprenda a realizar e interpretar mediciones de gases de forma segura. Reconocido por SSVV, tambi\u00e9n disponible en su propia ubicaci\u00f3n.\" \/>\n<meta name=\"robots\" content=\"index, follow, max-snippet:-1, max-image-preview:large, max-video-preview:-1\" \/>\n<link rel=\"canonical\" href=\"https:\/\/www.elcony.com\/es\/medicion-de-gases\/\" \/>\n<script type=\"application\/ld+json\" class=\"yoast-schema-graph\">{\"@context\":\"https:\\\/\\\/schema.org\",\"@graph\":[{\"@type\":\"WebPage\",\"@id\":\"https:\\\/\\\/www.elcony.com\\\/es\\\/medicion-de-gases\\\/\",\"url\":\"https:\\\/\\\/www.elcony.com\\\/es\\\/medicion-de-gases\\\/\",\"name\":\"Curso de Medici\u00f3n de Gases (SOG) | Nacional & Incompany\",\"isPartOf\":{\"@id\":\"https:\\\/\\\/www.elcony.com\\\/it\\\/#website\"},\"datePublished\":\"2024-08-13T17:52:39+00:00\",\"dateModified\":\"2026-02-06T12:26:28+00:00\",\"description\":\"Siga un curso de medici\u00f3n de gases con o sin SOG. Aprenda a realizar e interpretar mediciones de gases de forma segura. Reconocido por SSVV, tambi\u00e9n disponible en su propia ubicaci\u00f3n.\",\"breadcrumb\":{\"@id\":\"https:\\\/\\\/www.elcony.com\\\/es\\\/medicion-de-gases\\\/#breadcrumb\"},\"inLanguage\":\"es\",\"potentialAction\":[{\"@type\":\"ReadAction\",\"target\":[\"https:\\\/\\\/www.elcony.com\\\/es\\\/medicion-de-gases\\\/\"]}]},{\"@type\":\"BreadcrumbList\",\"@id\":\"https:\\\/\\\/www.elcony.com\\\/es\\\/medicion-de-gases\\\/#breadcrumb\",\"itemListElement\":[{\"@type\":\"ListItem\",\"position\":1,\"name\":\"Home\",\"item\":\"https:\\\/\\\/www.elcony.com\\\/es\\\/\"},{\"@type\":\"ListItem\",\"position\":2,\"name\":\"Medici\u00f3n de gases\"}]},{\"@type\":\"WebSite\",\"@id\":\"https:\\\/\\\/www.elcony.com\\\/it\\\/#website\",\"url\":\"https:\\\/\\\/www.elcony.com\\\/it\\\/\",\"name\":\"ELCONY\",\"description\":\"ARBO, VCA en SOG Opleidingen\",\"potentialAction\":[{\"@type\":\"SearchAction\",\"target\":{\"@type\":\"EntryPoint\",\"urlTemplate\":\"https:\\\/\\\/www.elcony.com\\\/it\\\/?s={search_term_string}\"},\"query-input\":{\"@type\":\"PropertyValueSpecification\",\"valueRequired\":true,\"valueName\":\"search_term_string\"}}],\"inLanguage\":\"es\"}]}<\/script>\n<!-- \/ Yoast SEO plugin. -->","yoast_head_json":{"title":"Curso de Medici\u00f3n de Gases (SOG) | Nacional & Incompany","description":"Siga un curso de medici\u00f3n de gases con o sin SOG. Aprenda a realizar e interpretar mediciones de gases de forma segura. Reconocido por SSVV, tambi\u00e9n disponible en su propia ubicaci\u00f3n.","robots":{"index":"index","follow":"follow","max-snippet":"max-snippet:-1","max-image-preview":"max-image-preview:large","max-video-preview":"max-video-preview:-1"},"canonical":"https:\/\/www.elcony.com\/es\/medicion-de-gases\/","schema":{"@context":"https:\/\/schema.org","@graph":[{"@type":"WebPage","@id":"https:\/\/www.elcony.com\/es\/medicion-de-gases\/","url":"https:\/\/www.elcony.com\/es\/medicion-de-gases\/","name":"Curso de Medici\u00f3n de Gases (SOG) | Nacional & Incompany","isPartOf":{"@id":"https:\/\/www.elcony.com\/it\/#website"},"datePublished":"2024-08-13T17:52:39+00:00","dateModified":"2026-02-06T12:26:28+00:00","description":"Siga un curso de medici\u00f3n de gases con o sin SOG. Aprenda a realizar e interpretar mediciones de gases de forma segura. Reconocido por SSVV, tambi\u00e9n disponible en su propia ubicaci\u00f3n.","breadcrumb":{"@id":"https:\/\/www.elcony.com\/es\/medicion-de-gases\/#breadcrumb"},"inLanguage":"es","potentialAction":[{"@type":"ReadAction","target":["https:\/\/www.elcony.com\/es\/medicion-de-gases\/"]}]},{"@type":"BreadcrumbList","@id":"https:\/\/www.elcony.com\/es\/medicion-de-gases\/#breadcrumb","itemListElement":[{"@type":"ListItem","position":1,"name":"Home","item":"https:\/\/www.elcony.com\/es\/"},{"@type":"ListItem","position":2,"name":"Medici\u00f3n de gases"}]},{"@type":"WebSite","@id":"https:\/\/www.elcony.com\/it\/#website","url":"https:\/\/www.elcony.com\/it\/","name":"ELCONY","description":"ARBO, VCA en SOG Opleidingen","potentialAction":[{"@type":"SearchAction","target":{"@type":"EntryPoint","urlTemplate":"https:\/\/www.elcony.com\/it\/?s={search_term_string}"},"query-input":{"@type":"PropertyValueSpecification","valueRequired":true,"valueName":"search_term_string"}}],"inLanguage":"es"}]}},"_links":{"self":[{"href":"https:\/\/www.elcony.com\/es\/wp-json\/wp\/v2\/pages\/326933","targetHints":{"allow":["GET"]}}],"collection":[{"href":"https:\/\/www.elcony.com\/es\/wp-json\/wp\/v2\/pages"}],"about":[{"href":"https:\/\/www.elcony.com\/es\/wp-json\/wp\/v2\/types\/page"}],"author":[{"embeddable":true,"href":"https:\/\/www.elcony.com\/es\/wp-json\/wp\/v2\/users\/1"}],"replies":[{"embeddable":true,"href":"https:\/\/www.elcony.com\/es\/wp-json\/wp\/v2\/comments?post=326933"}],"version-history":[{"count":3,"href":"https:\/\/www.elcony.com\/es\/wp-json\/wp\/v2\/pages\/326933\/revisions"}],"predecessor-version":[{"id":391234,"href":"https:\/\/www.elcony.com\/es\/wp-json\/wp\/v2\/pages\/326933\/revisions\/391234"}],"wp:attachment":[{"href":"https:\/\/www.elcony.com\/es\/wp-json\/wp\/v2\/media?parent=326933"}],"curies":[{"name":"wp","href":"https:\/\/api.w.org\/{rel}","templated":true}]}}