{"id":337832,"date":"2025-01-14T23:08:44","date_gmt":"2025-01-14T22:08:44","guid":{"rendered":"https:\/\/www.elcony.com\/introduccion\/"},"modified":"2025-12-11T19:55:09","modified_gmt":"2025-12-11T18:55:09","slug":"onboarding","status":"publish","type":"page","link":"https:\/\/www.elcony.com\/es\/onboarding\/","title":{"rendered":"Onboarding"},"content":{"rendered":"<div class=\"fusion-fullwidth fullwidth-box fusion-builder-row-1 fusion-flex-container has-pattern-background has-mask-background nonhundred-percent-fullwidth non-hundred-percent-height-scrolling\" style=\"--awb-border-radius-top-left:0px;--awb-border-radius-top-right:0px;--awb-border-radius-bottom-right:0px;--awb-border-radius-bottom-left:0px;--awb-flex-wrap:wrap;\" ><div class=\"fusion-builder-row fusion-row fusion-flex-align-items-flex-start fusion-flex-content-wrap\" style=\"max-width:101%;margin-left: calc(-1% \/ 2 );margin-right: calc(-1% \/ 2 );\"><div class=\"fusion-layout-column fusion_builder_column fusion-builder-column-0 fusion_builder_column_1_5 1_5 fusion-flex-column\" style=\"--awb-bg-size:cover;--awb-width-large:20%;--awb-margin-top-large:5px;--awb-spacing-right-large:2.475%;--awb-margin-bottom-large:5px;--awb-spacing-left-large:2.475%;--awb-width-medium:100%;--awb-order-medium:0;--awb-spacing-right-medium:0.495%;--awb-spacing-left-medium:0.495%;--awb-width-small:100%;--awb-order-small:0;--awb-spacing-right-small:0.495%;--awb-spacing-left-small:0.495%;\"><div class=\"fusion-column-wrapper fusion-column-has-shadow fusion-flex-justify-content-flex-start fusion-content-layout-column\"><\/div><\/div><div class=\"fusion-layout-column fusion_builder_column fusion-builder-column-1 fusion_builder_column_3_5 3_5 fusion-flex-column\" style=\"--awb-bg-size:cover;--awb-width-large:60%;--awb-margin-top-large:5px;--awb-spacing-right-large:0.825%;--awb-margin-bottom-large:5px;--awb-spacing-left-large:0.825%;--awb-width-medium:100%;--awb-order-medium:0;--awb-spacing-right-medium:0.495%;--awb-spacing-left-medium:0.495%;--awb-width-small:100%;--awb-order-small:0;--awb-spacing-right-small:0.495%;--awb-spacing-left-small:0.495%;\"><div class=\"fusion-column-wrapper fusion-column-has-shadow fusion-flex-justify-content-flex-start fusion-content-layout-column\"><div class=\"fusion-text fusion-text-1\"><h3>Introducci\u00f3n en l\u00ednea<\/h3>\n<p>El mundo del trabajo basado en proyectos, como los periodos de inactividad (turnarounds) y los proyectos de mantenimiento, est\u00e1 cambiando r\u00e1pidamente. En la actualidad, encontrar personal adecuado que posea los conocimientos y la experiencia necesarios constituye un gran desaf\u00edo. ELCONY comprende esto y ofrece a las empresas una soluci\u00f3n eficaz y confiable: una introducci\u00f3n en l\u00ednea personalizada. De esta forma, garantizamos que cada empleado, sin importar en qu\u00e9 parte del mundo se encuentre, est\u00e9 completamente preparado antes de comenzar su labor.<\/p>\n<h3>Superar las barreras ling\u00fc\u00edsticas y asegurar la competencia<\/h3>\n<p>Uno de los mayores obst\u00e1culos para muchas empresas es la barrera del idioma. En ELCONY eliminamos este problema ofreciendo nuestros programas de introducci\u00f3n en nada menos que 20 idiomas. Esto significa que puede estar seguro de que todos sus empleados, independientemente de su entorno ling\u00fc\u00edstico, comprenden plenamente y pueden aplicar las normas de seguridad y las directrices de la empresa.<\/p>\n<h3>Verificaci\u00f3n inmediata de seguridad y calidad<\/h3>\n<p>La competencia profesional es esencial, especialmente cuando los empleados son enviados a lugares de alto riesgo. Nuestra introducci\u00f3n en l\u00ednea incluye pruebas que nos permiten evaluar los conocimientos y las habilidades de cada empleado. Esto ayuda a las empresas a determinar r\u00e1pidamente si un trabajador cumple con los est\u00e1ndares de seguridad y calidad exigidos.<\/p>\n<h3>Certificaciones y personalizaci\u00f3n en una sola plataforma<\/h3>\n<p>Aunque muchos trabajadores migrantes ya poseen certificados, el valor de estos certificados var\u00eda de un pa\u00eds a otro. Nuestra plataforma permite verificar de manera r\u00e1pida y eficaz las certificaciones internacionales, asegurando que siempre cumpla con los m\u00e1s altos est\u00e1ndares de seguridad. Adem\u00e1s, si es necesario, podemos integrar reglas espec\u00edficas de la empresa o de la planta en el proceso de introducci\u00f3n, para que los empleados est\u00e9n inmediatamente informados sobre las directrices vigentes en su ubicaci\u00f3n.<\/p>\n<h3>Eficiente y adaptado a las necesidades de su empresa<\/h3>\n<p>Con ELCONY, usted ahorra tiempo y dinero gracias a un proceso de introducci\u00f3n optimizado, sin comprometer la seguridad ni la competencia profesional. Nuestra plataforma proporciona una visi\u00f3n completa de las competencias de todos sus empleados. Podr\u00e1 determinar r\u00e1pidamente qui\u00e9n cumple los requisitos y qui\u00e9n necesita formaci\u00f3n adicional. De este modo, puede asignar al personal de forma eficiente sin repetir formaciones innecesarias.<\/p>\n<h3>Empleados cualificados, siempre al d\u00eda<\/h3>\n<p>ELCONY va m\u00e1s all\u00e1 de lo b\u00e1sico. Nuestra plataforma le permite seguir de cerca la evoluci\u00f3n de sus empleados. Desde los conocimientos b\u00e1sicos hasta las competencias profesionales avanzadas, nuestro sistema registra qu\u00e9 cursos y pruebas han sido completados con \u00e9xito. Esto significa que un empleado que ya haya realizado la introducci\u00f3n no necesita repetirla innecesariamente. As\u00ed optimizamos el proceso y nos aseguramos de que todos puedan comenzar su trabajo de manera eficiente.<\/p>\n<h3>\u00bfListo para optimizar su proceso de introducci\u00f3n?<\/h3>\n<p>Con ELCONY, dispone de un socio experimentado que prepara a sus empleados de manera eficaz y eficiente para sus labores. Cont\u00e1ctenos hoy mismo para descubrir c\u00f3mo podemos apoyar a su empresa.<\/p>\n<p>Para m\u00e1s informaci\u00f3n o para inscribirse, llame al <strong>+31(0)88-2200100<\/strong> o env\u00ede un correo electr\u00f3nico a <a href=\"&#109;&#97;&#x69;&#x6c;&#116;&#111;&#x3a;&#x69;&#110;&#102;&#x6f;&#x40;&#101;&#108;&#x63;&#x6f;&#110;&#121;&#x2e;&#x63;&#111;&#109;\"><strong>inf&#111;&#64;&#101;&#x6c;&#x63;&#x6f;&#x6e;&#x79;&#x2e;com<\/strong><\/a>.<\/p>\n<\/div><\/div><\/div><div class=\"fusion-layout-column fusion_builder_column fusion-builder-column-2 fusion_builder_column_1_5 1_5 fusion-flex-column\" style=\"--awb-bg-size:cover;--awb-width-large:20%;--awb-margin-top-large:5px;--awb-spacing-right-large:2.475%;--awb-margin-bottom-large:5px;--awb-spacing-left-large:2.475%;--awb-width-medium:100%;--awb-order-medium:0;--awb-spacing-right-medium:0.495%;--awb-spacing-left-medium:0.495%;--awb-width-small:100%;--awb-order-small:0;--awb-spacing-right-small:0.495%;--awb-spacing-left-small:0.495%;\"><div class=\"fusion-column-wrapper fusion-column-has-shadow fusion-flex-justify-content-flex-start fusion-content-layout-column\"><\/div><\/div><\/div><\/div>\n","protected":false},"excerpt":{"rendered":"","protected":false},"author":1,"featured_media":0,"parent":0,"menu_order":0,"comment_status":"closed","ping_status":"closed","template":"","meta":{"footnotes":""},"class_list":["post-337832","page","type-page","status-publish","hentry"],"yoast_head":"<!-- This site is optimized with the Yoast SEO plugin v27.5 - https:\/\/yoast.com\/product\/yoast-seo-wordpress\/ -->\n<title>Onboarding &#8226; ELCONY<\/title>\n<meta name=\"robots\" content=\"index, follow, max-snippet:-1, max-image-preview:large, max-video-preview:-1\" \/>\n<link rel=\"canonical\" href=\"https:\/\/www.elcony.com\/es\/onboarding\/\" \/>\n<script type=\"application\/ld+json\" class=\"yoast-schema-graph\">{\"@context\":\"https:\\\/\\\/schema.org\",\"@graph\":[{\"@type\":\"WebPage\",\"@id\":\"https:\\\/\\\/www.elcony.com\\\/es\\\/onboarding\\\/\",\"url\":\"https:\\\/\\\/www.elcony.com\\\/es\\\/onboarding\\\/\",\"name\":\"Onboarding &#8226; ELCONY\",\"isPartOf\":{\"@id\":\"https:\\\/\\\/www.elcony.com\\\/it\\\/#website\"},\"datePublished\":\"2025-01-14T22:08:44+00:00\",\"dateModified\":\"2025-12-11T18:55:09+00:00\",\"breadcrumb\":{\"@id\":\"https:\\\/\\\/www.elcony.com\\\/es\\\/onboarding\\\/#breadcrumb\"},\"inLanguage\":\"es\",\"potentialAction\":[{\"@type\":\"ReadAction\",\"target\":[\"https:\\\/\\\/www.elcony.com\\\/es\\\/onboarding\\\/\"]}]},{\"@type\":\"BreadcrumbList\",\"@id\":\"https:\\\/\\\/www.elcony.com\\\/es\\\/onboarding\\\/#breadcrumb\",\"itemListElement\":[{\"@type\":\"ListItem\",\"position\":1,\"name\":\"Home\",\"item\":\"https:\\\/\\\/www.elcony.com\\\/es\\\/\"},{\"@type\":\"ListItem\",\"position\":2,\"name\":\"Onboarding\"}]},{\"@type\":\"WebSite\",\"@id\":\"https:\\\/\\\/www.elcony.com\\\/it\\\/#website\",\"url\":\"https:\\\/\\\/www.elcony.com\\\/it\\\/\",\"name\":\"ELCONY\",\"description\":\"ARBO, VCA en SOG Opleidingen\",\"potentialAction\":[{\"@type\":\"SearchAction\",\"target\":{\"@type\":\"EntryPoint\",\"urlTemplate\":\"https:\\\/\\\/www.elcony.com\\\/it\\\/?s={search_term_string}\"},\"query-input\":{\"@type\":\"PropertyValueSpecification\",\"valueRequired\":true,\"valueName\":\"search_term_string\"}}],\"inLanguage\":\"es\"}]}<\/script>\n<!-- \/ Yoast SEO plugin. -->","yoast_head_json":{"title":"Onboarding &#8226; ELCONY","robots":{"index":"index","follow":"follow","max-snippet":"max-snippet:-1","max-image-preview":"max-image-preview:large","max-video-preview":"max-video-preview:-1"},"canonical":"https:\/\/www.elcony.com\/es\/onboarding\/","schema":{"@context":"https:\/\/schema.org","@graph":[{"@type":"WebPage","@id":"https:\/\/www.elcony.com\/es\/onboarding\/","url":"https:\/\/www.elcony.com\/es\/onboarding\/","name":"Onboarding &#8226; ELCONY","isPartOf":{"@id":"https:\/\/www.elcony.com\/it\/#website"},"datePublished":"2025-01-14T22:08:44+00:00","dateModified":"2025-12-11T18:55:09+00:00","breadcrumb":{"@id":"https:\/\/www.elcony.com\/es\/onboarding\/#breadcrumb"},"inLanguage":"es","potentialAction":[{"@type":"ReadAction","target":["https:\/\/www.elcony.com\/es\/onboarding\/"]}]},{"@type":"BreadcrumbList","@id":"https:\/\/www.elcony.com\/es\/onboarding\/#breadcrumb","itemListElement":[{"@type":"ListItem","position":1,"name":"Home","item":"https:\/\/www.elcony.com\/es\/"},{"@type":"ListItem","position":2,"name":"Onboarding"}]},{"@type":"WebSite","@id":"https:\/\/www.elcony.com\/it\/#website","url":"https:\/\/www.elcony.com\/it\/","name":"ELCONY","description":"ARBO, VCA en SOG Opleidingen","potentialAction":[{"@type":"SearchAction","target":{"@type":"EntryPoint","urlTemplate":"https:\/\/www.elcony.com\/it\/?s={search_term_string}"},"query-input":{"@type":"PropertyValueSpecification","valueRequired":true,"valueName":"search_term_string"}}],"inLanguage":"es"}]}},"_links":{"self":[{"href":"https:\/\/www.elcony.com\/es\/wp-json\/wp\/v2\/pages\/337832","targetHints":{"allow":["GET"]}}],"collection":[{"href":"https:\/\/www.elcony.com\/es\/wp-json\/wp\/v2\/pages"}],"about":[{"href":"https:\/\/www.elcony.com\/es\/wp-json\/wp\/v2\/types\/page"}],"author":[{"embeddable":true,"href":"https:\/\/www.elcony.com\/es\/wp-json\/wp\/v2\/users\/1"}],"replies":[{"embeddable":true,"href":"https:\/\/www.elcony.com\/es\/wp-json\/wp\/v2\/comments?post=337832"}],"version-history":[{"count":3,"href":"https:\/\/www.elcony.com\/es\/wp-json\/wp\/v2\/pages\/337832\/revisions"}],"predecessor-version":[{"id":388992,"href":"https:\/\/www.elcony.com\/es\/wp-json\/wp\/v2\/pages\/337832\/revisions\/388992"}],"wp:attachment":[{"href":"https:\/\/www.elcony.com\/es\/wp-json\/wp\/v2\/media?parent=337832"}],"curies":[{"name":"wp","href":"https:\/\/api.w.org\/{rel}","templated":true}]}}