{"id":186512,"date":"2023-10-08T11:14:32","date_gmt":"2023-10-08T09:14:32","guid":{"rendered":"https:\/\/www.elcony.com\/twin-ferrule\/"},"modified":"2026-02-06T20:18:34","modified_gmt":"2026-02-06T19:18:34","slug":"twin-ferrule","status":"publish","type":"page","link":"https:\/\/www.elcony.com\/fr\/twin-ferrule\/","title":{"rendered":"Twin Ferrule"},"content":{"rendered":"<div class=\"fusion-fullwidth fullwidth-box fusion-builder-row-1 has-pattern-background has-mask-background nonhundred-percent-fullwidth non-hundred-percent-height-scrolling\" style=\"--awb-border-radius-top-left:0px;--awb-border-radius-top-right:0px;--awb-border-radius-bottom-right:0px;--awb-border-radius-bottom-left:0px;--awb-flex-wrap:wrap;\" ><div class=\"fusion-builder-row fusion-row\"><div class=\"fusion-layout-column fusion_builder_column fusion-builder-column-0 fusion_builder_column_1_5 1_5 fusion-one-fifth fusion-column-first\" style=\"--awb-bg-blend:overlay;--awb-bg-size:cover;width:20%;width:calc(20% - ( ( 4% + 4% ) * 0.2 ) );margin-right: 4%;\"><div class=\"fusion-column-wrapper fusion-flex-column-wrapper-legacy\"><div class=\"fusion-clearfix\"><\/div><\/div><\/div><div class=\"fusion-layout-column fusion_builder_column fusion-builder-column-1 fusion_builder_column_3_5 3_5 fusion-three-fifth\" style=\"--awb-bg-blend:overlay;--awb-bg-size:cover;width:60%;width:calc(60% - ( ( 4% + 4% ) * 0.6 ) );margin-right: 4%;\"><div class=\"fusion-column-wrapper fusion-flex-column-wrapper-legacy\"><div class=\"fusion-text fusion-text-1\"><h1>Travailler avec des raccords Twin Ferrule<\/h1>\n<p> Les raccords Twin Ferrule sont largement utilis\u00e9s dans l\u2019industrie (p\u00e9tro)chimique, l\u2019instrumentation et les installations de proc\u00e9d\u00e9s. Un montage correct est essentiel pour \u00e9viter les fuites, les dommages mat\u00e9riels et les co\u00fbts de d\u00e9faillance. Avec la formation Travailler avec des raccords Twin Ferrule, vous apprendrez \u00e0 monter ces raccords en toute s\u00e9curit\u00e9, correctement et conform\u00e9ment aux directives en vigueur. <\/p>\n<h2>Que sont les raccords Twin Ferrule ?<\/h2>\n<p> Les raccords Twin Ferrule se composent d\u2019une bague avant et d\u2019une bague arri\u00e8re qui assurent ensemble une connexion fiable et r\u00e9sistante \u00e0 la pression entre le tube et le raccord. Ils sont largement utilis\u00e9s dans les conduites d\u2019instrumentation o\u00f9 des exigences \u00e9lev\u00e9es en mati\u00e8re de s\u00e9curit\u00e9 et de pr\u00e9cision s\u2019appliquent. <\/p>\n<h2>\u00c0 qui s\u2019adresse la formation Travailler avec des raccords Twin Ferrule ?<\/h2>\n<ul>\n<li>Monteurs et techniciens de maintenance.<\/li>\n<li>Monteurs en instrumentation.<\/li>\n<li>Employ\u00e9s de l\u2019industrie (p\u00e9tro)chimique.<\/li>\n<li>Ind\u00e9pendants et sous-traitants.<\/li>\n<li>Personnel technique travaillant avec des raccords de tuyauterie et d\u2019instrumentation.<\/li>\n<\/ul>\n<h2>Travailler avec des raccords Twin Ferrule sans SOG<\/h2>\n<h3>Public cible<\/h3>\n<p> Cette formation convient aux employ\u00e9s qui montent des raccords Twin Ferrule chez des clients pour lesquels aucune obligation SOG ne s\u2019applique. <\/p>\n<h3>Quand choisir des raccords Twin Ferrule sans SOG ?<\/h3>\n<ul>\n<li>Votre client n\u2019exige pas de dipl\u00f4me SOG.<\/li>\n<li>Vous travaillez selon des proc\u00e9dures internes de s\u00e9curit\u00e9 et de montage.<\/li>\n<li>Vous recherchez une formation pratique sans examen SOG externe.<\/li>\n<\/ul>\n<p> \u00c0 l\u2019issue de la formation, vous recevez un dipl\u00f4me avec enregistrement dans le <strong>registre des dipl\u00f4mes ELCONY<\/strong>, valable <strong>5 ans<\/strong>. <\/p>\n<h3><strong>Dur\u00e9e et prix de la formation<\/strong><\/h3>\n<ul>\n<li>1 jour avec des connaissances pr\u00e9alables via notre pr\u00e9paration en ligne ou un cours de remise \u00e0 niveau : <strong>\u20ac 255,00<\/strong> hors TVA<\/li>\n<li>2 jours sans exp\u00e9rience pr\u00e9alable : <strong>\u20ac 455,00<\/strong> hors TVA<\/li>\n<\/ul>\n<h2 id=\"sog\">Travailler avec des raccords Twin Ferrule avec SOG<\/h2>\n<h3>Public cible<\/h3>\n<p> La formation Travailler avec des raccords Twin Ferrule reconnue SOG est destin\u00e9e aux employ\u00e9s travaillant chez des clients pour lesquels un dipl\u00f4me SOG officiellement reconnu est obligatoire. <\/p>\n<h3>Quand les raccords Twin Ferrule (SOG) sont-ils obligatoires ?<\/h3>\n<ul>\n<li>Lors de travaux sur des sites industriels (p\u00e9tro)chimiques.<\/li>\n<li>Chez des clients travaillant selon les exigences SSVV.<\/li>\n<li>Pendant les arr\u00eats de maintenance et les turnarounds.<\/li>\n<li>Sur des sites avec des proc\u00e9dures de s\u00e9curit\u00e9 strictement r\u00e9glement\u00e9es.<\/li>\n<\/ul>\n<p> Apr\u00e8s la r\u00e9ussite de l\u2019examen, le dipl\u00f4me est enregistr\u00e9 dans le <strong>registre des dipl\u00f4mes SSVV<\/strong> et est valable 5 ans. <\/p>\n<h3><strong>Dur\u00e9e et prix de la formation<\/strong><\/h3>\n<ul>\n<li>1 jour avec des connaissances pr\u00e9alables via notre pr\u00e9paration en ligne ou un cours de remise \u00e0 niveau : <strong>\u20ac 369,00<\/strong> hors TVA<\/li>\n<li>2 jours sans exp\u00e9rience pr\u00e9alable : <strong>\u20ac 569,00<\/strong> hors TVA<\/li>\n<\/ul>\n<h2>Sites<\/h2>\n<p> La formation Travailler avec des raccords Twin Ferrule est dispens\u00e9e dans plusieurs lieux aux Pays-Bas et peut \u00e9galement \u00eatre organis\u00e9e sur votre propre site. <\/p>\n<h2><strong>Contact<\/strong><\/h2>\n<p> Pour plus d\u2019informations ou pour vous inscrire, vous pouvez appeler le <strong>+31(0)88-2200100<\/strong> ou envoyer un e-mail \u00e0 <strong><a href=\"&#x6d;&#97;&#105;&#x6c;&#x74;&#111;&#58;&#x69;&#x6e;&#102;&#111;&#x40;&#x65;&#108;&#99;&#x6f;&#x6e;&#121;&#46;&#x63;&#x6f;&#109;\">&#105;n&#x66;o&#x40;e&#x6c;c&#x6f;n&#x79;&#46;&#x63;&#111;&#x6d;<\/a><\/strong>.<\/p>\n<\/div><div class=\"fusion-clearfix\"><\/div><\/div><\/div><div class=\"fusion-layout-column fusion_builder_column fusion-builder-column-2 fusion_builder_column_1_5 1_5 fusion-one-fifth fusion-column-last\" style=\"--awb-bg-blend:overlay;--awb-bg-size:cover;width:20%;width:calc(20% - ( ( 4% + 4% ) * 0.2 ) );\"><div class=\"fusion-column-wrapper fusion-flex-column-wrapper-legacy\"><div class=\"fusion-clearfix\"><\/div><\/div><\/div><\/div><\/div>\n","protected":false},"excerpt":{"rendered":"","protected":false},"author":1,"featured_media":0,"parent":0,"menu_order":6,"comment_status":"closed","ping_status":"closed","template":"","meta":{"footnotes":""},"class_list":["post-186512","page","type-page","status-publish","hentry"],"yoast_head":"<!-- This site is optimized with the Yoast SEO plugin v27.5 - https:\/\/yoast.com\/product\/yoast-seo-wordpress\/ -->\n<title>ravailler avec des raccords Twin Ferrule (SOG) \u2013 \u00e0 l\u2019\u00e9chelle nationale et en intra-entreprise<\/title>\n<meta name=\"description\" content=\"Apprenez \u00e0 travailler en toute s\u00e9curit\u00e9 et correctement avec des raccords Twin Ferrule. Formation ax\u00e9e sur la pratique pour monteurs et personnel d\u2019instrumentation.\" \/>\n<meta name=\"robots\" content=\"index, follow, max-snippet:-1, max-image-preview:large, max-video-preview:-1\" \/>\n<link rel=\"canonical\" href=\"https:\/\/www.elcony.com\/werken-met-twin-ferrule-fittingen\/\" \/>\n<script type=\"application\/ld+json\" class=\"yoast-schema-graph\">{\"@context\":\"https:\\\/\\\/schema.org\",\"@graph\":[{\"@type\":\"WebPage\",\"@id\":\"https:\\\/\\\/www.elcony.com\\\/werken-met-twin-ferrule-fittingen\\\/\",\"url\":\"https:\\\/\\\/www.elcony.com\\\/werken-met-twin-ferrule-fittingen\\\/\",\"name\":\"ravailler avec des raccords Twin Ferrule (SOG) \u2013 \u00e0 l\u2019\u00e9chelle nationale et en intra-entreprise\",\"isPartOf\":{\"@id\":\"https:\\\/\\\/www.elcony.com\\\/it\\\/#website\"},\"datePublished\":\"2023-10-08T09:14:32+00:00\",\"dateModified\":\"2026-02-06T19:18:34+00:00\",\"description\":\"Apprenez \u00e0 travailler en toute s\u00e9curit\u00e9 et correctement avec des raccords Twin Ferrule. Formation ax\u00e9e sur la pratique pour monteurs et personnel d\u2019instrumentation.\",\"breadcrumb\":{\"@id\":\"https:\\\/\\\/www.elcony.com\\\/werken-met-twin-ferrule-fittingen\\\/#breadcrumb\"},\"inLanguage\":\"fr-FR\",\"potentialAction\":[{\"@type\":\"ReadAction\",\"target\":[\"https:\\\/\\\/www.elcony.com\\\/werken-met-twin-ferrule-fittingen\\\/\"]}]},{\"@type\":\"BreadcrumbList\",\"@id\":\"https:\\\/\\\/www.elcony.com\\\/werken-met-twin-ferrule-fittingen\\\/#breadcrumb\",\"itemListElement\":[{\"@type\":\"ListItem\",\"position\":1,\"name\":\"Home\",\"item\":\"https:\\\/\\\/www.elcony.com\\\/fr\\\/\"},{\"@type\":\"ListItem\",\"position\":2,\"name\":\"Twin Ferrule\"}]},{\"@type\":\"WebSite\",\"@id\":\"https:\\\/\\\/www.elcony.com\\\/it\\\/#website\",\"url\":\"https:\\\/\\\/www.elcony.com\\\/it\\\/\",\"name\":\"ELCONY\",\"description\":\"ARBO, VCA en SOG Opleidingen\",\"potentialAction\":[{\"@type\":\"SearchAction\",\"target\":{\"@type\":\"EntryPoint\",\"urlTemplate\":\"https:\\\/\\\/www.elcony.com\\\/it\\\/?s={search_term_string}\"},\"query-input\":{\"@type\":\"PropertyValueSpecification\",\"valueRequired\":true,\"valueName\":\"search_term_string\"}}],\"inLanguage\":\"fr-FR\"}]}<\/script>\n<!-- \/ Yoast SEO plugin. -->","yoast_head_json":{"title":"ravailler avec des raccords Twin Ferrule (SOG) \u2013 \u00e0 l\u2019\u00e9chelle nationale et en intra-entreprise","description":"Apprenez \u00e0 travailler en toute s\u00e9curit\u00e9 et correctement avec des raccords Twin Ferrule. Formation ax\u00e9e sur la pratique pour monteurs et personnel d\u2019instrumentation.","robots":{"index":"index","follow":"follow","max-snippet":"max-snippet:-1","max-image-preview":"max-image-preview:large","max-video-preview":"max-video-preview:-1"},"canonical":"https:\/\/www.elcony.com\/werken-met-twin-ferrule-fittingen\/","schema":{"@context":"https:\/\/schema.org","@graph":[{"@type":"WebPage","@id":"https:\/\/www.elcony.com\/werken-met-twin-ferrule-fittingen\/","url":"https:\/\/www.elcony.com\/werken-met-twin-ferrule-fittingen\/","name":"ravailler avec des raccords Twin Ferrule (SOG) \u2013 \u00e0 l\u2019\u00e9chelle nationale et en intra-entreprise","isPartOf":{"@id":"https:\/\/www.elcony.com\/it\/#website"},"datePublished":"2023-10-08T09:14:32+00:00","dateModified":"2026-02-06T19:18:34+00:00","description":"Apprenez \u00e0 travailler en toute s\u00e9curit\u00e9 et correctement avec des raccords Twin Ferrule. Formation ax\u00e9e sur la pratique pour monteurs et personnel d\u2019instrumentation.","breadcrumb":{"@id":"https:\/\/www.elcony.com\/werken-met-twin-ferrule-fittingen\/#breadcrumb"},"inLanguage":"fr-FR","potentialAction":[{"@type":"ReadAction","target":["https:\/\/www.elcony.com\/werken-met-twin-ferrule-fittingen\/"]}]},{"@type":"BreadcrumbList","@id":"https:\/\/www.elcony.com\/werken-met-twin-ferrule-fittingen\/#breadcrumb","itemListElement":[{"@type":"ListItem","position":1,"name":"Home","item":"https:\/\/www.elcony.com\/fr\/"},{"@type":"ListItem","position":2,"name":"Twin Ferrule"}]},{"@type":"WebSite","@id":"https:\/\/www.elcony.com\/it\/#website","url":"https:\/\/www.elcony.com\/it\/","name":"ELCONY","description":"ARBO, VCA en SOG Opleidingen","potentialAction":[{"@type":"SearchAction","target":{"@type":"EntryPoint","urlTemplate":"https:\/\/www.elcony.com\/it\/?s={search_term_string}"},"query-input":{"@type":"PropertyValueSpecification","valueRequired":true,"valueName":"search_term_string"}}],"inLanguage":"fr-FR"}]}},"_links":{"self":[{"href":"https:\/\/www.elcony.com\/fr\/wp-json\/wp\/v2\/pages\/186512","targetHints":{"allow":["GET"]}}],"collection":[{"href":"https:\/\/www.elcony.com\/fr\/wp-json\/wp\/v2\/pages"}],"about":[{"href":"https:\/\/www.elcony.com\/fr\/wp-json\/wp\/v2\/types\/page"}],"author":[{"embeddable":true,"href":"https:\/\/www.elcony.com\/fr\/wp-json\/wp\/v2\/users\/1"}],"replies":[{"embeddable":true,"href":"https:\/\/www.elcony.com\/fr\/wp-json\/wp\/v2\/comments?post=186512"}],"version-history":[{"count":3,"href":"https:\/\/www.elcony.com\/fr\/wp-json\/wp\/v2\/pages\/186512\/revisions"}],"predecessor-version":[{"id":391455,"href":"https:\/\/www.elcony.com\/fr\/wp-json\/wp\/v2\/pages\/186512\/revisions\/391455"}],"wp:attachment":[{"href":"https:\/\/www.elcony.com\/fr\/wp-json\/wp\/v2\/media?parent=186512"}],"curies":[{"name":"wp","href":"https:\/\/api.w.org\/{rel}","templated":true}]}}