{"id":191529,"date":"2023-10-25T10:31:41","date_gmt":"2023-10-25T08:31:41","guid":{"rendered":"https:\/\/www.elcony.com\/protection-respiratoire\/"},"modified":"2026-02-06T13:35:18","modified_gmt":"2026-02-06T12:35:18","slug":"protection-respiratoire","status":"publish","type":"page","link":"https:\/\/www.elcony.com\/fr\/protection-respiratoire\/","title":{"rendered":"Protection respiratoire autonome"},"content":{"rendered":"<div class=\"fusion-fullwidth fullwidth-box fusion-builder-row-1 has-pattern-background has-mask-background nonhundred-percent-fullwidth non-hundred-percent-height-scrolling\" style=\"--awb-border-radius-top-left:0px;--awb-border-radius-top-right:0px;--awb-border-radius-bottom-right:0px;--awb-border-radius-bottom-left:0px;--awb-flex-wrap:wrap;\" ><div class=\"fusion-builder-row fusion-row\"><div class=\"fusion-layout-column fusion_builder_column fusion-builder-column-0 fusion_builder_column_1_5 1_5 fusion-one-fifth fusion-column-first\" style=\"--awb-bg-blend:overlay;--awb-bg-size:cover;width:20%;width:calc(20% - ( ( 4% + 4% ) * 0.2 ) );margin-right: 4%;\"><div class=\"fusion-column-wrapper fusion-flex-column-wrapper-legacy\"><div class=\"fusion-clearfix\"><\/div><\/div><\/div><div class=\"fusion-layout-column fusion_builder_column fusion-builder-column-1 fusion_builder_column_3_5 3_5 fusion-three-fifth\" style=\"--awb-bg-blend:overlay;--awb-bg-size:cover;width:60%;width:calc(60% - ( ( 4% + 4% ) * 0.6 ) );margin-right: 4%;\"><div class=\"fusion-column-wrapper fusion-flex-column-wrapper-legacy\"><div class=\"fusion-text fusion-text-1\"><h1>Travailler avec une protection respiratoire autonome<\/h1>\n<p> Le travail avec une protection respiratoire autonome est n\u00e9cessaire lors d\u2019activit\u00e9s r\u00e9alis\u00e9es dans des environnements o\u00f9 la qualit\u00e9 de l\u2019air n\u2019est pas suffisamment s\u00fbre. Gr\u00e2ce \u00e0 la formation Travailler avec une protection respiratoire autonome, vous apprenez \u00e0 utiliser les \u00e9quipements de protection respiratoire en toute s\u00e9curit\u00e9, de mani\u00e8re responsable et conform\u00e9ment aux proc\u00e9dures en vigueur. <\/p>\n<h2>Qu\u2019est-ce qu\u2019une protection respiratoire autonome ?<\/h2>\n<p> La protection respiratoire autonome est utilis\u00e9e lorsque l\u2019air ambiant n\u2019est pas respirable, par exemple en cas de manque d\u2019oxyg\u00e8ne ou de pr\u00e9sence de substances dangereuses. Dans ce cas, l\u2019utilisateur respire de l\u2019air provenant d\u2019une source ind\u00e9pendante, telle qu\u2019un appareil respiratoire isolant (ARI) ou un syst\u00e8me \u00e0 adduction d\u2019air. <\/p>\n<h2>\u00c0 qui s\u2019adresse la formation Travailler avec une protection respiratoire autonome ?<\/h2>\n<ul>\n<li>Employ\u00e9s de l\u2019industrie (p\u00e9tro)chimique.<\/li>\n<li>Techniciens et agents de maintenance.<\/li>\n<li>Sous-traitants et travailleurs ind\u00e9pendants sur sites industriels.<\/li>\n<li>Employ\u00e9s travaillant dans des environnements confin\u00e9s ou \u00e0 risque.<\/li>\n<\/ul>\n<h2>Travailler avec une protection respiratoire autonome sans SOG<\/h2>\n<h3>Public cible<\/h3>\n<p> Cette formation convient aux employ\u00e9s qui utilisent une protection respiratoire autonome chez des donneurs d\u2019ordre pour lesquels aucune obligation SOG ne s\u2019applique. <\/p>\n<h3>Quand choisir la protection respiratoire sans SOG ?<\/h3>\n<ul>\n<li>Votre donneur d\u2019ordre n\u2019exige pas de dipl\u00f4me SOG.<\/li>\n<li>Vous travaillez selon des proc\u00e9dures de s\u00e9curit\u00e9 internes.<\/li>\n<li>Vous recherchez une formation pratique sans examen SOG externe.<\/li>\n<\/ul>\n<p> Apr\u00e8s la formation, vous recevez un dipl\u00f4me enregistr\u00e9 dans le <strong>registre des dipl\u00f4mes ELCONY<\/strong>, <strong>valable 5 ans<\/strong>. <\/p>\n<h3>Dur\u00e9e et prix de la formation<\/h3>\n<ul>\n<li>1 jour avec des connaissances pr\u00e9alables via notre pr\u00e9paration en ligne ou un cours de recyclage : <strong>\u20ac 255,00<\/strong> hors TVA<\/li>\n<li>2 jours sans exp\u00e9rience pr\u00e9alable : <strong>\u20ac 455,00<\/strong> hors TVA<\/li>\n<\/ul>\n<h2>Travailler avec une protection respiratoire autonome avec SOG<\/h2>\n<h3>Public cible<\/h3>\n<p> La formation Travailler avec une protection respiratoire autonome reconnue SOG est destin\u00e9e aux employ\u00e9s travaillant pour des donneurs d\u2019ordre o\u00f9 un dipl\u00f4me officiellement reconnu est obligatoire. <\/p>\n<h3>Quand la protection respiratoire (SOG) est-elle obligatoire ?<\/h3>\n<ul>\n<li>Lors de travaux dans des environnements pr\u00e9sentant un manque d\u2019oxyg\u00e8ne.<\/li>\n<li>En cas d\u2019exposition \u00e0 des substances dangereuses.<\/li>\n<li>Dans l\u2019industrie (p\u00e9tro)chimique.<\/li>\n<li>Chez des donneurs d\u2019ordre travaillant selon les exigences SSVV.<\/li>\n<\/ul>\n<p> Apr\u00e8s la r\u00e9ussite de l\u2019examen, le dipl\u00f4me est enregistr\u00e9 dans le <strong>registre des dipl\u00f4mes SSVV<\/strong> et est <strong>valable 3 ans<\/strong>. <\/p>\n<h3>Dur\u00e9e et prix de la formation<\/h3>\n<ul>\n<li>1 jour avec des connaissances pr\u00e9alables via notre pr\u00e9paration en ligne ou un cours de recyclage : <strong>\u20ac 329,00<\/strong> hors TVA<\/li>\n<li>2 jours sans exp\u00e9rience pr\u00e9alable : <strong>\u20ac 529,00<\/strong> hors TVA<\/li>\n<\/ul>\n<h2>Aptitude m\u00e9dicale<\/h2>\n<p> Pour travailler avec une protection respiratoire autonome, un certificat m\u00e9dical valide est obligatoire. Ce certificat doit \u00eatre fourni par l\u2019employeur et est requis lors de la formation et de l\u2019examen. <\/p>\n<h2><strong>Lieu<\/strong><\/h2>\n<p> La formation Travailler avec une protection respiratoire autonome est dispens\u00e9e dans plusieurs lieux aux Pays-Bas et peut \u00e9galement \u00eatre organis\u00e9e sur votre propre site. <\/p>\n<h2><strong>Contact<\/strong><\/h2>\n<p> Pour plus d\u2019informations ou pour vous inscrire, vous pouvez appeler le <strong>+31(0)88-2200100<\/strong> ou envoyer un e-mail \u00e0 <strong><a href=\"mail&#116;&#111;&#58;&#105;&#110;&#x66;&#x6f;&#x40;&#x65;&#x6c;&#x63;&#x6f;ny&#46;c&#111;&#109;\">inf&#111;&#64;&#101;&#x6c;&#x63;&#x6f;&#x6e;&#x79;&#x2e;com<\/a><\/strong>.<\/p>\n<\/div><div class=\"fusion-clearfix\"><\/div><\/div><\/div><div class=\"fusion-layout-column fusion_builder_column fusion-builder-column-2 fusion_builder_column_1_5 1_5 fusion-one-fifth fusion-column-last\" style=\"--awb-bg-blend:overlay;--awb-bg-size:cover;width:20%;width:calc(20% - ( ( 4% + 4% ) * 0.2 ) );\"><div class=\"fusion-column-wrapper fusion-flex-column-wrapper-legacy\"><div class=\"fusion-clearfix\"><\/div><\/div><\/div><\/div><\/div>\n","protected":false},"excerpt":{"rendered":"","protected":false},"author":1,"featured_media":0,"parent":0,"menu_order":4,"comment_status":"closed","ping_status":"closed","template":"","meta":{"footnotes":""},"class_list":["post-191529","page","type-page","status-publish","hentry"],"yoast_head":"<!-- This site is optimized with the Yoast SEO plugin v27.5 - https:\/\/yoast.com\/product\/yoast-seo-wordpress\/ -->\n<title>Formation Travailler avec une protection respiratoire autonome (SOG)<\/title>\n<meta name=\"description\" content=\"Apprenez \u00e0 travailler en toute s\u00e9curit\u00e9 avec une protection respiratoire autonome. Formation destin\u00e9e \u00e0 l\u2019industrie, \u00e0 la maintenance et aux espaces confin\u00e9s. Avec ou sans SOG.\" \/>\n<meta name=\"robots\" content=\"index, follow, max-snippet:-1, max-image-preview:large, max-video-preview:-1\" \/>\n<link rel=\"canonical\" href=\"https:\/\/www.elcony.com\/fr\/protection-respiratoire\/\" \/>\n<script type=\"application\/ld+json\" class=\"yoast-schema-graph\">{\"@context\":\"https:\\\/\\\/schema.org\",\"@graph\":[{\"@type\":\"WebPage\",\"@id\":\"https:\\\/\\\/www.elcony.com\\\/fr\\\/protection-respiratoire\\\/\",\"url\":\"https:\\\/\\\/www.elcony.com\\\/fr\\\/protection-respiratoire\\\/\",\"name\":\"Formation Travailler avec une protection respiratoire autonome (SOG)\",\"isPartOf\":{\"@id\":\"https:\\\/\\\/www.elcony.com\\\/it\\\/#website\"},\"datePublished\":\"2023-10-25T08:31:41+00:00\",\"dateModified\":\"2026-02-06T12:35:18+00:00\",\"description\":\"Apprenez \u00e0 travailler en toute s\u00e9curit\u00e9 avec une protection respiratoire autonome. Formation destin\u00e9e \u00e0 l\u2019industrie, \u00e0 la maintenance et aux espaces confin\u00e9s. Avec ou sans SOG.\",\"breadcrumb\":{\"@id\":\"https:\\\/\\\/www.elcony.com\\\/fr\\\/protection-respiratoire\\\/#breadcrumb\"},\"inLanguage\":\"fr-FR\",\"potentialAction\":[{\"@type\":\"ReadAction\",\"target\":[\"https:\\\/\\\/www.elcony.com\\\/fr\\\/protection-respiratoire\\\/\"]}]},{\"@type\":\"BreadcrumbList\",\"@id\":\"https:\\\/\\\/www.elcony.com\\\/fr\\\/protection-respiratoire\\\/#breadcrumb\",\"itemListElement\":[{\"@type\":\"ListItem\",\"position\":1,\"name\":\"Home\",\"item\":\"https:\\\/\\\/www.elcony.com\\\/fr\\\/\"},{\"@type\":\"ListItem\",\"position\":2,\"name\":\"Protection respiratoire autonome\"}]},{\"@type\":\"WebSite\",\"@id\":\"https:\\\/\\\/www.elcony.com\\\/it\\\/#website\",\"url\":\"https:\\\/\\\/www.elcony.com\\\/it\\\/\",\"name\":\"ELCONY\",\"description\":\"ARBO, VCA en SOG Opleidingen\",\"potentialAction\":[{\"@type\":\"SearchAction\",\"target\":{\"@type\":\"EntryPoint\",\"urlTemplate\":\"https:\\\/\\\/www.elcony.com\\\/it\\\/?s={search_term_string}\"},\"query-input\":{\"@type\":\"PropertyValueSpecification\",\"valueRequired\":true,\"valueName\":\"search_term_string\"}}],\"inLanguage\":\"fr-FR\"}]}<\/script>\n<!-- \/ Yoast SEO plugin. -->","yoast_head_json":{"title":"Formation Travailler avec une protection respiratoire autonome (SOG)","description":"Apprenez \u00e0 travailler en toute s\u00e9curit\u00e9 avec une protection respiratoire autonome. Formation destin\u00e9e \u00e0 l\u2019industrie, \u00e0 la maintenance et aux espaces confin\u00e9s. Avec ou sans SOG.","robots":{"index":"index","follow":"follow","max-snippet":"max-snippet:-1","max-image-preview":"max-image-preview:large","max-video-preview":"max-video-preview:-1"},"canonical":"https:\/\/www.elcony.com\/fr\/protection-respiratoire\/","schema":{"@context":"https:\/\/schema.org","@graph":[{"@type":"WebPage","@id":"https:\/\/www.elcony.com\/fr\/protection-respiratoire\/","url":"https:\/\/www.elcony.com\/fr\/protection-respiratoire\/","name":"Formation Travailler avec une protection respiratoire autonome (SOG)","isPartOf":{"@id":"https:\/\/www.elcony.com\/it\/#website"},"datePublished":"2023-10-25T08:31:41+00:00","dateModified":"2026-02-06T12:35:18+00:00","description":"Apprenez \u00e0 travailler en toute s\u00e9curit\u00e9 avec une protection respiratoire autonome. Formation destin\u00e9e \u00e0 l\u2019industrie, \u00e0 la maintenance et aux espaces confin\u00e9s. Avec ou sans SOG.","breadcrumb":{"@id":"https:\/\/www.elcony.com\/fr\/protection-respiratoire\/#breadcrumb"},"inLanguage":"fr-FR","potentialAction":[{"@type":"ReadAction","target":["https:\/\/www.elcony.com\/fr\/protection-respiratoire\/"]}]},{"@type":"BreadcrumbList","@id":"https:\/\/www.elcony.com\/fr\/protection-respiratoire\/#breadcrumb","itemListElement":[{"@type":"ListItem","position":1,"name":"Home","item":"https:\/\/www.elcony.com\/fr\/"},{"@type":"ListItem","position":2,"name":"Protection respiratoire autonome"}]},{"@type":"WebSite","@id":"https:\/\/www.elcony.com\/it\/#website","url":"https:\/\/www.elcony.com\/it\/","name":"ELCONY","description":"ARBO, VCA en SOG Opleidingen","potentialAction":[{"@type":"SearchAction","target":{"@type":"EntryPoint","urlTemplate":"https:\/\/www.elcony.com\/it\/?s={search_term_string}"},"query-input":{"@type":"PropertyValueSpecification","valueRequired":true,"valueName":"search_term_string"}}],"inLanguage":"fr-FR"}]}},"_links":{"self":[{"href":"https:\/\/www.elcony.com\/fr\/wp-json\/wp\/v2\/pages\/191529","targetHints":{"allow":["GET"]}}],"collection":[{"href":"https:\/\/www.elcony.com\/fr\/wp-json\/wp\/v2\/pages"}],"about":[{"href":"https:\/\/www.elcony.com\/fr\/wp-json\/wp\/v2\/types\/page"}],"author":[{"embeddable":true,"href":"https:\/\/www.elcony.com\/fr\/wp-json\/wp\/v2\/users\/1"}],"replies":[{"embeddable":true,"href":"https:\/\/www.elcony.com\/fr\/wp-json\/wp\/v2\/comments?post=191529"}],"version-history":[{"count":3,"href":"https:\/\/www.elcony.com\/fr\/wp-json\/wp\/v2\/pages\/191529\/revisions"}],"predecessor-version":[{"id":391260,"href":"https:\/\/www.elcony.com\/fr\/wp-json\/wp\/v2\/pages\/191529\/revisions\/391260"}],"wp:attachment":[{"href":"https:\/\/www.elcony.com\/fr\/wp-json\/wp\/v2\/media?parent=191529"}],"curies":[{"name":"wp","href":"https:\/\/api.w.org\/{rel}","templated":true}]}}