{"id":233944,"date":"2023-11-25T08:42:05","date_gmt":"2023-11-25T07:42:05","guid":{"rendered":"https:\/\/www.elcony.com\/couple-et-tension\/"},"modified":"2026-02-06T13:55:55","modified_gmt":"2026-02-06T12:55:55","slug":"couple-et-tension","status":"publish","type":"page","link":"https:\/\/www.elcony.com\/fr\/couple-et-tension\/","title":{"rendered":"Couple de serrage et tensionnement"},"content":{"rendered":"<div class=\"fusion-fullwidth fullwidth-box fusion-builder-row-1 fusion-flex-container has-pattern-background has-mask-background nonhundred-percent-fullwidth non-hundred-percent-height-scrolling\" style=\"--awb-border-radius-top-left:0px;--awb-border-radius-top-right:0px;--awb-border-radius-bottom-right:0px;--awb-border-radius-bottom-left:0px;--awb-flex-wrap:wrap;\" ><div class=\"fusion-builder-row fusion-row fusion-flex-align-items-flex-start fusion-flex-content-wrap\" style=\"max-width:101%;margin-left: calc(-1% \/ 2 );margin-right: calc(-1% \/ 2 );\"><div class=\"fusion-layout-column fusion_builder_column fusion-builder-column-0 fusion_builder_column_1_5 1_5 fusion-flex-column\" style=\"--awb-bg-size:cover;--awb-width-large:20%;--awb-margin-top-large:5px;--awb-spacing-right-large:2.475%;--awb-margin-bottom-large:5px;--awb-spacing-left-large:2.475%;--awb-width-medium:100%;--awb-order-medium:0;--awb-spacing-right-medium:0.495%;--awb-spacing-left-medium:0.495%;--awb-width-small:100%;--awb-order-small:0;--awb-spacing-right-small:0.495%;--awb-spacing-left-small:0.495%;\"><div class=\"fusion-column-wrapper fusion-column-has-shadow fusion-flex-justify-content-flex-start fusion-content-layout-column\"><\/div><\/div><div class=\"fusion-layout-column fusion_builder_column fusion-builder-column-1 fusion_builder_column_3_5 3_5 fusion-flex-column\" style=\"--awb-bg-size:cover;--awb-width-large:60%;--awb-margin-top-large:5px;--awb-spacing-right-large:0.825%;--awb-margin-bottom-large:5px;--awb-spacing-left-large:0.825%;--awb-width-medium:100%;--awb-order-medium:0;--awb-spacing-right-medium:0.495%;--awb-spacing-left-medium:0.495%;--awb-width-small:100%;--awb-order-small:0;--awb-spacing-right-small:0.495%;--awb-spacing-left-small:0.495%;\"><div class=\"fusion-column-wrapper fusion-column-has-shadow fusion-flex-justify-content-flex-start fusion-content-layout-column\"><div class=\"fusion-text fusion-text-1\"><h1>Formation Couple de serrage et tensionnement<\/h1>\n<p> Le travail avec des \u00e9quipements de couple de serrage et de tensionnement requiert une expertise technique sp\u00e9cialis\u00e9e, une grande pr\u00e9cision et le respect strict des proc\u00e9dures \u00e9tablies. Gr\u00e2ce \u00e0 la formation Couple de serrage et tensionnement, vous apprendrez \u00e0 travailler sur des assemblages boulonn\u00e9s de mani\u00e8re s\u00fbre, contr\u00f4l\u00e9e et conforme aux normes en vigueur dans les environnements industriels. <\/p>\n<h2>Qu\u2019est-ce que le couple de serrage et le tensionnement ?<\/h2>\n<p> Le couple de serrage et le tensionnement sont des m\u00e9thodes contr\u00f4l\u00e9es pour serrer et desserrer des assemblages boulonn\u00e9s. Le couple de serrage utilise une valeur de couple pr\u00e9d\u00e9finie, tandis que le tensionnement repose sur l\u2019allongement du boulon par tension hydraulique. Ces deux techniques sont essentielles pour garantir des assemblages de brides et de boulons s\u00fbrs et fiables. <\/p>\n<h2>\u00c0 qui s\u2019adresse la formation couple de serrage et tensionnement ?<\/h2>\n<ul>\n<li>Monteurs et techniciens de maintenance.<\/li>\n<li>Employ\u00e9s de l\u2019industrie (p\u00e9tro)chimique.<\/li>\n<li>Personnel technique travaillant sur des assemblages boulonn\u00e9s et de brides.<\/li>\n<li>Travailleurs ind\u00e9pendants et sous-traitants.<\/li>\n<\/ul>\n<h2>Couple de serrage et tensionnement sans SOG<\/h2>\n<h3>Public cible<\/h3>\n<p> Cette formation convient aux monteurs qui travaillent avec des \u00e9quipements hydrauliques de couple de serrage et de tensionnement chez des donneurs d\u2019ordre pour lesquels aucune obligation SOG ne s\u2019applique. <\/p>\n<h3>Quand choisir le couple de serrage et le tensionnement sans SOG ?<\/h3>\n<ul>\n<li>Votre donneur d\u2019ordre n\u2019exige pas de dipl\u00f4me SOG.<\/li>\n<li>Vous travaillez selon des proc\u00e9dures de s\u00e9curit\u00e9 internes.<\/li>\n<li>Vous souhaitez apprendre de mani\u00e8re pratique sans examen SOG externe.<\/li>\n<\/ul>\n<p> Apr\u00e8s la formation, vous recevez un dipl\u00f4me enregistr\u00e9 dans le <strong>registre des dipl\u00f4mes ELCONY<\/strong>, <strong>valable 5 ans<\/strong>. <\/p>\n<h3>Dur\u00e9e de la formation et <strong>prix<\/strong><\/h3>\n<ul>\n<li>1 jour avec des connaissances pr\u00e9alables via notre pr\u00e9paration en ligne ou un cours de recyclage : <strong>\u20ac 285,00<\/strong> hors TVA<\/li>\n<li>2 jours sans exp\u00e9rience pr\u00e9alable : <strong>\u20ac 485,00<\/strong> hors TVA<\/li>\n<\/ul>\n<h2>Couple de serrage et tensionnement avec SOG<\/h2>\n<h3>Public cible<\/h3>\n<p> La formation Couple de serrage et tensionnement reconnue SOG est destin\u00e9e aux monteurs travaillant pour des donneurs d\u2019ordre o\u00f9 un dipl\u00f4me officiellement reconnu est obligatoire. <\/p>\n<h3>Quand le couple de serrage et le tensionnement (SOG) est-il obligatoire ?<\/h3>\n<ul>\n<li>Lors de travaux dans l\u2019industrie (p\u00e9tro)chimique.<\/li>\n<li>Lors des arr\u00eats de maintenance et des turnarounds.<\/li>\n<li>Chez des donneurs d\u2019ordre travaillant selon les exigences SSVV.<\/li>\n<li>Sur des sites o\u00f9 les proc\u00e9dures de s\u00e9curit\u00e9 sont strictement r\u00e9glement\u00e9es.<\/li>\n<\/ul>\n<p> Apr\u00e8s la r\u00e9ussite de l\u2019examen, le dipl\u00f4me est enregistr\u00e9 dans le <strong>registre des dipl\u00f4mes SSVV<\/strong> et est <strong>valable 5 ans<\/strong>. <\/p>\n<h3>Dur\u00e9e de la formation et prix<\/h3>\n<ul>\n<li>1 jour avec des connaissances pr\u00e9alables via notre pr\u00e9paration en ligne ou un cours de recyclage : <strong>\u20ac 359,00<\/strong> hors TVA<\/li>\n<li>2 jours sans exp\u00e9rience pr\u00e9alable : <strong>\u20ac 559,00<\/strong> hors TVA<\/li>\n<\/ul>\n<h2>Lieu<\/h2>\n<p> Les formations sont dispens\u00e9es dans plusieurs lieux aux Pays-Bas et peuvent \u00e9galement \u00eatre organis\u00e9es sur votre propre site. <\/p>\n<h2>Contact<\/h2>\n<p> Pour plus d\u2019informations ou pour vous inscrire, vous pouvez appeler le <strong>+31(0)88-2200100<\/strong> ou envoyer un e-mail \u00e0 <strong><a href=\"m&#97;&#105;&#x6c;&#x74;o&#58;&#105;&#x6e;&#x66;&#x6f;&#64;&#101;&#108;&#x63;&#x6f;ny&#46;&#x63;&#x6f;&#x6d;\">i&#110;&#x66;&#x6f;&#64;&#101;&#108;&#x63;&#x6f;n&#121;&#x2e;&#x63;o&#109;<\/a><\/strong>.<\/p>\n<\/div><\/div><\/div><div class=\"fusion-layout-column fusion_builder_column fusion-builder-column-2 fusion_builder_column_1_5 1_5 fusion-flex-column\" style=\"--awb-bg-size:cover;--awb-width-large:20%;--awb-margin-top-large:5px;--awb-spacing-right-large:2.475%;--awb-margin-bottom-large:5px;--awb-spacing-left-large:2.475%;--awb-width-medium:100%;--awb-order-medium:0;--awb-spacing-right-medium:0.495%;--awb-spacing-left-medium:0.495%;--awb-width-small:100%;--awb-order-small:0;--awb-spacing-right-small:0.495%;--awb-spacing-left-small:0.495%;\"><div class=\"fusion-column-wrapper fusion-column-has-shadow fusion-flex-justify-content-flex-start fusion-content-layout-column\"><\/div><\/div><\/div><\/div>\n","protected":false},"excerpt":{"rendered":"","protected":false},"author":1,"featured_media":0,"parent":0,"menu_order":2,"comment_status":"closed","ping_status":"closed","template":"","meta":{"footnotes":""},"class_list":["post-233944","page","type-page","status-publish","hentry"],"yoast_head":"<!-- This site is optimized with the Yoast SEO plugin v27.5 - https:\/\/yoast.com\/product\/yoast-seo-wordpress\/ -->\n<title>Formation Couple de serrage et tensionnement (SOG) | \u00c9galement Incompany<\/title>\n<meta name=\"description\" content=\"Formation Torque &amp; Tensioning SOG ou ELCONY. Conforme aux normes n\u00e9erlandaises, pour lesquelles un dipl\u00f4me SOG valide est requis.\" \/>\n<meta name=\"robots\" content=\"index, follow, max-snippet:-1, max-image-preview:large, max-video-preview:-1\" \/>\n<link rel=\"canonical\" href=\"https:\/\/www.elcony.com\/fr\/couple-et-tension\/\" \/>\n<script type=\"application\/ld+json\" class=\"yoast-schema-graph\">{\"@context\":\"https:\\\/\\\/schema.org\",\"@graph\":[{\"@type\":\"WebPage\",\"@id\":\"https:\\\/\\\/www.elcony.com\\\/fr\\\/couple-et-tension\\\/\",\"url\":\"https:\\\/\\\/www.elcony.com\\\/fr\\\/couple-et-tension\\\/\",\"name\":\"Formation Couple de serrage et tensionnement (SOG) | \u00c9galement Incompany\",\"isPartOf\":{\"@id\":\"https:\\\/\\\/www.elcony.com\\\/it\\\/#website\"},\"datePublished\":\"2023-11-25T07:42:05+00:00\",\"dateModified\":\"2026-02-06T12:55:55+00:00\",\"description\":\"Formation Torque & Tensioning SOG ou ELCONY. Conforme aux normes n\u00e9erlandaises, pour lesquelles un dipl\u00f4me SOG valide est requis.\",\"breadcrumb\":{\"@id\":\"https:\\\/\\\/www.elcony.com\\\/fr\\\/couple-et-tension\\\/#breadcrumb\"},\"inLanguage\":\"fr-FR\",\"potentialAction\":[{\"@type\":\"ReadAction\",\"target\":[\"https:\\\/\\\/www.elcony.com\\\/fr\\\/couple-et-tension\\\/\"]}]},{\"@type\":\"BreadcrumbList\",\"@id\":\"https:\\\/\\\/www.elcony.com\\\/fr\\\/couple-et-tension\\\/#breadcrumb\",\"itemListElement\":[{\"@type\":\"ListItem\",\"position\":1,\"name\":\"Home\",\"item\":\"https:\\\/\\\/www.elcony.com\\\/fr\\\/\"},{\"@type\":\"ListItem\",\"position\":2,\"name\":\"Couple de serrage et tensionnement\"}]},{\"@type\":\"WebSite\",\"@id\":\"https:\\\/\\\/www.elcony.com\\\/it\\\/#website\",\"url\":\"https:\\\/\\\/www.elcony.com\\\/it\\\/\",\"name\":\"ELCONY\",\"description\":\"ARBO, VCA en SOG Opleidingen\",\"potentialAction\":[{\"@type\":\"SearchAction\",\"target\":{\"@type\":\"EntryPoint\",\"urlTemplate\":\"https:\\\/\\\/www.elcony.com\\\/it\\\/?s={search_term_string}\"},\"query-input\":{\"@type\":\"PropertyValueSpecification\",\"valueRequired\":true,\"valueName\":\"search_term_string\"}}],\"inLanguage\":\"fr-FR\"}]}<\/script>\n<!-- \/ Yoast SEO plugin. -->","yoast_head_json":{"title":"Formation Couple de serrage et tensionnement (SOG) | \u00c9galement Incompany","description":"Formation Torque & Tensioning SOG ou ELCONY. Conforme aux normes n\u00e9erlandaises, pour lesquelles un dipl\u00f4me SOG valide est requis.","robots":{"index":"index","follow":"follow","max-snippet":"max-snippet:-1","max-image-preview":"max-image-preview:large","max-video-preview":"max-video-preview:-1"},"canonical":"https:\/\/www.elcony.com\/fr\/couple-et-tension\/","schema":{"@context":"https:\/\/schema.org","@graph":[{"@type":"WebPage","@id":"https:\/\/www.elcony.com\/fr\/couple-et-tension\/","url":"https:\/\/www.elcony.com\/fr\/couple-et-tension\/","name":"Formation Couple de serrage et tensionnement (SOG) | \u00c9galement Incompany","isPartOf":{"@id":"https:\/\/www.elcony.com\/it\/#website"},"datePublished":"2023-11-25T07:42:05+00:00","dateModified":"2026-02-06T12:55:55+00:00","description":"Formation Torque & Tensioning SOG ou ELCONY. Conforme aux normes n\u00e9erlandaises, pour lesquelles un dipl\u00f4me SOG valide est requis.","breadcrumb":{"@id":"https:\/\/www.elcony.com\/fr\/couple-et-tension\/#breadcrumb"},"inLanguage":"fr-FR","potentialAction":[{"@type":"ReadAction","target":["https:\/\/www.elcony.com\/fr\/couple-et-tension\/"]}]},{"@type":"BreadcrumbList","@id":"https:\/\/www.elcony.com\/fr\/couple-et-tension\/#breadcrumb","itemListElement":[{"@type":"ListItem","position":1,"name":"Home","item":"https:\/\/www.elcony.com\/fr\/"},{"@type":"ListItem","position":2,"name":"Couple de serrage et tensionnement"}]},{"@type":"WebSite","@id":"https:\/\/www.elcony.com\/it\/#website","url":"https:\/\/www.elcony.com\/it\/","name":"ELCONY","description":"ARBO, VCA en SOG Opleidingen","potentialAction":[{"@type":"SearchAction","target":{"@type":"EntryPoint","urlTemplate":"https:\/\/www.elcony.com\/it\/?s={search_term_string}"},"query-input":{"@type":"PropertyValueSpecification","valueRequired":true,"valueName":"search_term_string"}}],"inLanguage":"fr-FR"}]}},"_links":{"self":[{"href":"https:\/\/www.elcony.com\/fr\/wp-json\/wp\/v2\/pages\/233944","targetHints":{"allow":["GET"]}}],"collection":[{"href":"https:\/\/www.elcony.com\/fr\/wp-json\/wp\/v2\/pages"}],"about":[{"href":"https:\/\/www.elcony.com\/fr\/wp-json\/wp\/v2\/types\/page"}],"author":[{"embeddable":true,"href":"https:\/\/www.elcony.com\/fr\/wp-json\/wp\/v2\/users\/1"}],"replies":[{"embeddable":true,"href":"https:\/\/www.elcony.com\/fr\/wp-json\/wp\/v2\/comments?post=233944"}],"version-history":[{"count":3,"href":"https:\/\/www.elcony.com\/fr\/wp-json\/wp\/v2\/pages\/233944\/revisions"}],"predecessor-version":[{"id":391319,"href":"https:\/\/www.elcony.com\/fr\/wp-json\/wp\/v2\/pages\/233944\/revisions\/391319"}],"wp:attachment":[{"href":"https:\/\/www.elcony.com\/fr\/wp-json\/wp\/v2\/media?parent=233944"}],"curies":[{"name":"wp","href":"https:\/\/api.w.org\/{rel}","templated":true}]}}