{"id":234190,"date":"2023-11-26T12:08:50","date_gmt":"2023-11-26T11:08:50","guid":{"rendered":"https:\/\/www.elcony.com\/protecteur-exterieur-protecteur-de-trou-dhomme\/"},"modified":"2026-02-06T14:21:32","modified_gmt":"2026-02-06T13:21:32","slug":"protecteur-exterieur-protecteur-de-trou-dhomme","status":"publish","type":"page","link":"https:\/\/www.elcony.com\/fr\/protecteur-exterieur-protecteur-de-trou-dhomme\/","title":{"rendered":"Surveillant ext\u00e9rieur (gardien de trou d\u2019homme)"},"content":{"rendered":"<div class=\"fusion-fullwidth fullwidth-box fusion-builder-row-1 has-pattern-background has-mask-background nonhundred-percent-fullwidth non-hundred-percent-height-scrolling\" style=\"--awb-border-radius-top-left:0px;--awb-border-radius-top-right:0px;--awb-border-radius-bottom-right:0px;--awb-border-radius-bottom-left:0px;--awb-flex-wrap:wrap;\" ><div class=\"fusion-builder-row fusion-row\"><div class=\"fusion-layout-column fusion_builder_column fusion-builder-column-0 fusion_builder_column_1_5 1_5 fusion-one-fifth fusion-column-first\" style=\"--awb-bg-blend:overlay;--awb-bg-size:cover;width:20%;width:calc(20% - ( ( 4% + 4% ) * 0.2 ) );margin-right: 4%;\"><div class=\"fusion-column-wrapper fusion-flex-column-wrapper-legacy\"><div class=\"fusion-clearfix\"><\/div><\/div><\/div><div class=\"fusion-layout-column fusion_builder_column fusion-builder-column-1 fusion_builder_column_3_5 3_5 fusion-three-fifth\" style=\"--awb-padding-bottom:20px;--awb-bg-blend:overlay;--awb-bg-size:cover;--awb-margin-top:0px;--awb-margin-bottom:0px;width:60%;width:calc(60% - ( ( 4% + 4% ) * 0.6 ) );margin-right: 4%;\"><div class=\"fusion-column-wrapper fusion-flex-column-wrapper-legacy\"><div class=\"fusion-text fusion-text-1\"><h1>Travailler comme surveillant ext\u00e9rieur (gardien de trou d\u2019homme)<\/h1>\n<p> Travailler comme surveillant ext\u00e9rieur (gardien de trou d\u2019homme) est une fonction de s\u00e9curit\u00e9 essentielle lors de travaux en espaces confin\u00e9s. En tant que surveillant ext\u00e9rieur, vous assurez la surveillance, veillez \u00e0 la s\u00e9curit\u00e9 et intervenez imm\u00e9diatement en cas de situation d\u2019urgence. Gr\u00e2ce \u00e0 la formation Travailler comme surveillant ext\u00e9rieur, vous apprendrez \u00e0 exercer ce r\u00f4le de mani\u00e8re s\u00fbre, responsable et conform\u00e9ment aux proc\u00e9dures en vigueur. <\/p>\n<h2>Que fait un surveillant ext\u00e9rieur ?<\/h2>\n<p> Un surveillant ext\u00e9rieur supervise les travaux dans des espaces confin\u00e9s tels que des r\u00e9servoirs, des canalisations, des puits et des r\u00e9acteurs. Il veille \u00e0 la s\u00e9curit\u00e9, maintient la communication avec les personnes travaillant \u00e0 l\u2019int\u00e9rieur de l\u2019espace et fait appel aux secours en cas d\u2019incident. <\/p>\n<h2>\u00c0 qui s\u2019adresse la formation Travailler comme surveillant ext\u00e9rieur ?<\/h2>\n<ul>\n<li>Employ\u00e9s de l\u2019industrie (p\u00e9tro)chimique.<\/li>\n<li>Techniciens de maintenance et sous-traitants.<\/li>\n<li>Responsables de la surveillance des espaces confin\u00e9s.<\/li>\n<li>Travailleurs ind\u00e9pendants (ZZP) op\u00e9rant sur des sites industriels.<\/li>\n<li>Toute personne assurant la fonction de gardien de trou d\u2019homme.<\/li>\n<\/ul>\n<h2>Travailler comme surveillant ext\u00e9rieur sans SOG<\/h2>\n<h3>Public cible<\/h3>\n<p> Cette formation convient aux employ\u00e9s qui travaillent comme surveillants ext\u00e9rieurs dans des organisations ou chez des donneurs d\u2019ordre pour lesquels aucune obligation SOG ne s\u2019applique. <\/p>\n<h3>Quand choisir le surveillant ext\u00e9rieur sans SOG ?<\/h3>\n<ul>\n<li>Votre donneur d\u2019ordre n\u2019exige pas de dipl\u00f4me SOG<\/li>\n<li>Vous travaillez selon des proc\u00e9dures de s\u00e9curit\u00e9 internes<\/li>\n<li>Vous recherchez une formation pratique sans examen externe<\/li>\n<\/ul>\n<p> Apr\u00e8s la formation, vous recevez un dipl\u00f4me enregistr\u00e9 dans le <strong>registre des dipl\u00f4mes ELCONY<\/strong>, <strong>valable 5 ans<\/strong>. <\/p>\n<h3>Dur\u00e9e de la formation et prix<\/h3>\n<ul>\n<li>1 jour avec des connaissances pr\u00e9alables via notre pr\u00e9paration en ligne ou un cours de recyclage : <strong>\u20ac 255,00<\/strong> hors TVA<\/li>\n<li>2 jours sans exp\u00e9rience pr\u00e9alable : <strong>\u20ac 455,00<\/strong> hors TVA<\/li>\n<\/ul>\n<h2>Travailler comme surveillant ext\u00e9rieur avec SOG<\/h2>\n<h3>Public cible<\/h3>\n<p> La formation Travailler comme surveillant ext\u00e9rieur reconnue SOG est destin\u00e9e aux employ\u00e9s travaillant pour des donneurs d\u2019ordre o\u00f9 un dipl\u00f4me officiellement reconnu est obligatoire. <\/p>\n<h3>Quand le surveillant ext\u00e9rieur (SOG) est-il obligatoire ?<\/h3>\n<ul>\n<li>Lors de travaux en espaces confin\u00e9s dans l\u2019industrie (p\u00e9tro)chimique<\/li>\n<li>Lors des arr\u00eats de maintenance et des turnarounds<\/li>\n<li>Chez des donneurs d\u2019ordre travaillant selon les exigences SSVV<\/li>\n<li>Sur des sites avec des proc\u00e9dures de s\u00e9curit\u00e9 strictement r\u00e9glement\u00e9es<\/li>\n<\/ul>\n<p> Apr\u00e8s la r\u00e9ussite de l\u2019examen, le dipl\u00f4me est enregistr\u00e9 dans le <strong>registre des dipl\u00f4mes SSVV<\/strong> et est <strong>valable 3 ans<\/strong>. <\/p>\n<h3>Dur\u00e9e de la formation et prix<\/h3>\n<ul>\n<li>1 jour avec des connaissances pr\u00e9alables via notre pr\u00e9paration en ligne ou un cours de recyclage : <strong>\u20ac 369,00<\/strong> hors TVA<\/li>\n<li>2 jours sans exp\u00e9rience pr\u00e9alable : <strong>\u20ac 569,00<\/strong> hors TVA<\/li>\n<\/ul>\n<h3>Langues de l\u2019examen<\/h3>\n<p> L\u2019examen SOG est disponible en n\u00e9erlandais et en anglais. <\/p>\n<h2>Sites<\/h2>\n<p> La formation Travailler comme surveillant ext\u00e9rieur est dispens\u00e9e dans plusieurs lieux aux Pays-Bas et peut \u00e9galement \u00eatre organis\u00e9e sur votre propre site. <\/p>\n<h2>Contact<\/h2>\n<p> Pour plus d\u2019informations ou pour vous inscrire, vous pouvez appeler le <strong>+31(0)88-2200100<\/strong> ou envoyer un e-mail \u00e0 <strong><a href=\"&#x6d;&#97;&#x69;&#108;t&#x6f;&#58;i&#x6e;&#102;&#x6f;&#x40;e&#x6c;&#99;o&#x6e;&#121;&#x2e;&#x63;o&#x6d;\">&#105;&#x6e;&#102;&#x6f;&#64;&#x65;l&#99;&#x6f;&#110;&#x79;&#46;&#x63;o&#x6d;<\/a><\/strong>.<\/p>\n<\/div><div class=\"fusion-clearfix\"><\/div><\/div><\/div><div class=\"fusion-layout-column fusion_builder_column fusion-builder-column-2 fusion_builder_column_1_5 1_5 fusion-one-fifth fusion-column-last\" style=\"--awb-bg-blend:overlay;--awb-bg-size:cover;width:20%;width:calc(20% - ( ( 4% + 4% ) * 0.2 ) );\"><div class=\"fusion-column-wrapper fusion-flex-column-wrapper-legacy\"><div class=\"fusion-clearfix\"><\/div><\/div><\/div><\/div><\/div>\n","protected":false},"excerpt":{"rendered":"","protected":false},"author":1,"featured_media":0,"parent":0,"menu_order":3,"comment_status":"closed","ping_status":"closed","template":"","meta":{"footnotes":""},"class_list":["post-234190","page","type-page","status-publish","hentry"],"yoast_head":"<!-- This site is optimized with the Yoast SEO plugin v27.5 - https:\/\/yoast.com\/product\/yoast-seo-wordpress\/ -->\n<title>Formation Travailler comme surveillant ext\u00e9rieur (SOG) | \u00c9galement Incompany<\/title>\n<meta name=\"description\" content=\"Suivez la formation Travailler comme surveillant ext\u00e9rieur (gardien de trou d\u2019homme). Apprenez \u00e0 assurer une surveillance s\u00fbre lors de travaux en espaces confin\u00e9s. Avec ou sans SOG, formation ax\u00e9e sur la pratique.\" \/>\n<meta name=\"robots\" content=\"index, follow, max-snippet:-1, max-image-preview:large, max-video-preview:-1\" \/>\n<link rel=\"canonical\" href=\"https:\/\/www.elcony.com\/fr\/protecteur-exterieur-protecteur-de-trou-dhomme\/\" \/>\n<script type=\"application\/ld+json\" class=\"yoast-schema-graph\">{\"@context\":\"https:\\\/\\\/schema.org\",\"@graph\":[{\"@type\":\"WebPage\",\"@id\":\"https:\\\/\\\/www.elcony.com\\\/fr\\\/protecteur-exterieur-protecteur-de-trou-dhomme\\\/\",\"url\":\"https:\\\/\\\/www.elcony.com\\\/fr\\\/protecteur-exterieur-protecteur-de-trou-dhomme\\\/\",\"name\":\"Formation Travailler comme surveillant ext\u00e9rieur (SOG) | \u00c9galement Incompany\",\"isPartOf\":{\"@id\":\"https:\\\/\\\/www.elcony.com\\\/it\\\/#website\"},\"datePublished\":\"2023-11-26T11:08:50+00:00\",\"dateModified\":\"2026-02-06T13:21:32+00:00\",\"description\":\"Suivez la formation Travailler comme surveillant ext\u00e9rieur (gardien de trou d\u2019homme). Apprenez \u00e0 assurer une surveillance s\u00fbre lors de travaux en espaces confin\u00e9s. Avec ou sans SOG, formation ax\u00e9e sur la pratique.\",\"breadcrumb\":{\"@id\":\"https:\\\/\\\/www.elcony.com\\\/fr\\\/protecteur-exterieur-protecteur-de-trou-dhomme\\\/#breadcrumb\"},\"inLanguage\":\"fr-FR\",\"potentialAction\":[{\"@type\":\"ReadAction\",\"target\":[\"https:\\\/\\\/www.elcony.com\\\/fr\\\/protecteur-exterieur-protecteur-de-trou-dhomme\\\/\"]}]},{\"@type\":\"BreadcrumbList\",\"@id\":\"https:\\\/\\\/www.elcony.com\\\/fr\\\/protecteur-exterieur-protecteur-de-trou-dhomme\\\/#breadcrumb\",\"itemListElement\":[{\"@type\":\"ListItem\",\"position\":1,\"name\":\"Home\",\"item\":\"https:\\\/\\\/www.elcony.com\\\/fr\\\/\"},{\"@type\":\"ListItem\",\"position\":2,\"name\":\"Surveillant ext\u00e9rieur (gardien de trou d\u2019homme)\"}]},{\"@type\":\"WebSite\",\"@id\":\"https:\\\/\\\/www.elcony.com\\\/it\\\/#website\",\"url\":\"https:\\\/\\\/www.elcony.com\\\/it\\\/\",\"name\":\"ELCONY\",\"description\":\"ARBO, VCA en SOG Opleidingen\",\"potentialAction\":[{\"@type\":\"SearchAction\",\"target\":{\"@type\":\"EntryPoint\",\"urlTemplate\":\"https:\\\/\\\/www.elcony.com\\\/it\\\/?s={search_term_string}\"},\"query-input\":{\"@type\":\"PropertyValueSpecification\",\"valueRequired\":true,\"valueName\":\"search_term_string\"}}],\"inLanguage\":\"fr-FR\"}]}<\/script>\n<!-- \/ Yoast SEO plugin. -->","yoast_head_json":{"title":"Formation Travailler comme surveillant ext\u00e9rieur (SOG) | \u00c9galement Incompany","description":"Suivez la formation Travailler comme surveillant ext\u00e9rieur (gardien de trou d\u2019homme). Apprenez \u00e0 assurer une surveillance s\u00fbre lors de travaux en espaces confin\u00e9s. Avec ou sans SOG, formation ax\u00e9e sur la pratique.","robots":{"index":"index","follow":"follow","max-snippet":"max-snippet:-1","max-image-preview":"max-image-preview:large","max-video-preview":"max-video-preview:-1"},"canonical":"https:\/\/www.elcony.com\/fr\/protecteur-exterieur-protecteur-de-trou-dhomme\/","schema":{"@context":"https:\/\/schema.org","@graph":[{"@type":"WebPage","@id":"https:\/\/www.elcony.com\/fr\/protecteur-exterieur-protecteur-de-trou-dhomme\/","url":"https:\/\/www.elcony.com\/fr\/protecteur-exterieur-protecteur-de-trou-dhomme\/","name":"Formation Travailler comme surveillant ext\u00e9rieur (SOG) | \u00c9galement Incompany","isPartOf":{"@id":"https:\/\/www.elcony.com\/it\/#website"},"datePublished":"2023-11-26T11:08:50+00:00","dateModified":"2026-02-06T13:21:32+00:00","description":"Suivez la formation Travailler comme surveillant ext\u00e9rieur (gardien de trou d\u2019homme). Apprenez \u00e0 assurer une surveillance s\u00fbre lors de travaux en espaces confin\u00e9s. Avec ou sans SOG, formation ax\u00e9e sur la pratique.","breadcrumb":{"@id":"https:\/\/www.elcony.com\/fr\/protecteur-exterieur-protecteur-de-trou-dhomme\/#breadcrumb"},"inLanguage":"fr-FR","potentialAction":[{"@type":"ReadAction","target":["https:\/\/www.elcony.com\/fr\/protecteur-exterieur-protecteur-de-trou-dhomme\/"]}]},{"@type":"BreadcrumbList","@id":"https:\/\/www.elcony.com\/fr\/protecteur-exterieur-protecteur-de-trou-dhomme\/#breadcrumb","itemListElement":[{"@type":"ListItem","position":1,"name":"Home","item":"https:\/\/www.elcony.com\/fr\/"},{"@type":"ListItem","position":2,"name":"Surveillant ext\u00e9rieur (gardien de trou d\u2019homme)"}]},{"@type":"WebSite","@id":"https:\/\/www.elcony.com\/it\/#website","url":"https:\/\/www.elcony.com\/it\/","name":"ELCONY","description":"ARBO, VCA en SOG Opleidingen","potentialAction":[{"@type":"SearchAction","target":{"@type":"EntryPoint","urlTemplate":"https:\/\/www.elcony.com\/it\/?s={search_term_string}"},"query-input":{"@type":"PropertyValueSpecification","valueRequired":true,"valueName":"search_term_string"}}],"inLanguage":"fr-FR"}]}},"_links":{"self":[{"href":"https:\/\/www.elcony.com\/fr\/wp-json\/wp\/v2\/pages\/234190","targetHints":{"allow":["GET"]}}],"collection":[{"href":"https:\/\/www.elcony.com\/fr\/wp-json\/wp\/v2\/pages"}],"about":[{"href":"https:\/\/www.elcony.com\/fr\/wp-json\/wp\/v2\/types\/page"}],"author":[{"embeddable":true,"href":"https:\/\/www.elcony.com\/fr\/wp-json\/wp\/v2\/users\/1"}],"replies":[{"embeddable":true,"href":"https:\/\/www.elcony.com\/fr\/wp-json\/wp\/v2\/comments?post=234190"}],"version-history":[{"count":4,"href":"https:\/\/www.elcony.com\/fr\/wp-json\/wp\/v2\/pages\/234190\/revisions"}],"predecessor-version":[{"id":391384,"href":"https:\/\/www.elcony.com\/fr\/wp-json\/wp\/v2\/pages\/234190\/revisions\/391384"}],"wp:attachment":[{"href":"https:\/\/www.elcony.com\/fr\/wp-json\/wp\/v2\/media?parent=234190"}],"curies":[{"name":"wp","href":"https:\/\/api.w.org\/{rel}","templated":true}]}}