{"id":234407,"date":"2023-11-26T14:10:44","date_gmt":"2023-11-26T13:10:44","guid":{"rendered":"https:\/\/www.elcony.com\/deplacement-des-charges\/"},"modified":"2023-11-26T14:10:58","modified_gmt":"2023-11-26T13:10:58","slug":"deplacement-des-charges","status":"publish","type":"page","link":"https:\/\/www.elcony.com\/fr\/deplacement-des-charges\/","title":{"rendered":"D\u00e9placement des charges"},"content":{"rendered":"<p><div class=\"fusion-fullwidth fullwidth-box fusion-builder-row-1 nonhundred-percent-fullwidth non-hundred-percent-height-scrolling\" style=\"--awb-border-radius-top-left:0px;--awb-border-radius-top-right:0px;--awb-border-radius-bottom-right:0px;--awb-border-radius-bottom-left:0px;--awb-flex-wrap:wrap;\" ><div class=\"fusion-builder-row fusion-row\"><div class=\"fusion-layout-column fusion_builder_column fusion-builder-column-0 fusion_builder_column_1_6 1_6 fusion-one-sixth fusion-column-first\" style=\"--awb-bg-size:cover;width:16.666666666667%;width:calc(16.666666666667% - ( ( 4% + 4% ) * 0.16666666666667 ) );margin-right: 4%;\"><div class=\"fusion-column-wrapper fusion-flex-column-wrapper-legacy\"><div class=\"fusion-sep-clear\"><\/div><div class=\"fusion-separator fusion-full-width-sep\" style=\"margin-left: auto;margin-right: auto;margin-top:20px;width:100%;\"><\/div><div class=\"fusion-sep-clear\"><\/div><div class=\"fusion-clearfix\"><\/div><\/div><\/div><div class=\"fusion-layout-column fusion_builder_column fusion-builder-column-1 fusion_builder_column_2_3 2_3 fusion-two-third\" style=\"--awb-padding-bottom:20px;--awb-bg-size:cover;--awb-margin-top:0px;--awb-margin-bottom:0px;width:66.666666666667%;width:calc(66.666666666667% - ( ( 4% + 4% ) * 0.66666666666667 ) );margin-right: 4%;\"><div class=\"fusion-column-wrapper fusion-flex-column-wrapper-legacy\"><div class=\"fusion-content-boxes content-boxes columns row fusion-columns-2 fusion-columns-total-2 fusion-content-boxes-1 content-boxes-clean-vertical content-left content-boxes-icon-on-top\" style=\"--awb-hover-accent-color:#555555;--awb-circle-hover-accent-color:#555555;\" data-animationOffset=\"top-into-view\"><div style=\"--awb-backgroundcolor:rgba(255,255,255,0);border-color:rgba(255,255,255,0);\" class=\"fusion-column content-box-column content-box-column content-box-column-1 col-lg-6 col-md-6 col-sm-6 fusion-content-box-hover content-box-column-first-in-row\"><div class=\"col content-box-wrapper content-wrapper link-area-box link-type-text icon-hover-animation-fade\" data-link=\"#vvl-elcony\" data-link-target=\"_self\" data-animationOffset=\"top-into-view\"><div class=\"heading heading-with-icon icon-left\"><a class=\"heading-link\" href=\"#vvl-elcony\" target=\"_self\"><div aria-hidden=\"true\" class=\"image\"><img decoding=\"async\" src=\"https:\/\/www.elcony.com\/wp-content\/uploads\/2023\/09\/Logo-ELCONY-160x100-1.png\" width=\"160\" height=\"100\" alt=\"\" \/><\/div><h2 class=\"content-box-heading\" style=\"--h2_typography-font-size:26px;line-height:31px;\">D\u00e9placement des charges (VVL)<\/h2><\/a><\/div><div class=\"fusion-clearfix\"><\/div><a class=\" fusion-read-more\" href=\"#vvl-elcony\" target=\"_self\">Plus d&apos;informations<\/a><div class=\"fusion-clearfix\"><\/div><\/div><\/div><div style=\"--awb-backgroundcolor:rgba(255,255,255,0);border-color:rgba(255,255,255,0);\" class=\"fusion-column content-box-column content-box-column content-box-column-2 col-lg-6 col-md-6 col-sm-6 fusion-content-box-hover content-box-column-last content-box-column-last-in-row\"><div class=\"col content-box-wrapper content-wrapper link-area-box link-type-text icon-hover-animation-fade\" data-link=\"#hp-elcony\" data-link-target=\"_self\" data-animationOffset=\"top-into-view\"><div class=\"heading heading-with-icon icon-left\"><a class=\"heading-link\" href=\"#hp-elcony\" target=\"_self\"><div aria-hidden=\"true\" class=\"image\"><img decoding=\"async\" src=\"https:\/\/www.elcony.com\/wp-content\/uploads\/2023\/09\/Logo-ELCONY-160x100-1.png\" width=\"160\" height=\"100\" alt=\"\" \/><\/div><h2 class=\"content-box-heading\" style=\"--h2_typography-font-size:26px;line-height:31px;\">Travailler avec le hall et la grue portique<\/h2><\/a><\/div><div class=\"fusion-clearfix\"><\/div><a class=\" fusion-read-more\" href=\"#hp-elcony\" target=\"_self\">Plus d&apos;informations<\/a><div class=\"fusion-clearfix\"><\/div><\/div><\/div><div class=\"fusion-clearfix\"><\/div><\/div><div class=\"fusion-clearfix\"><\/div><\/div><\/div><div class=\"fusion-layout-column fusion_builder_column fusion-builder-column-2 fusion_builder_column_1_6 1_6 fusion-one-sixth fusion-column-last\" style=\"--awb-bg-size:cover;width:16.666666666667%;width:calc(16.666666666667% - ( ( 4% + 4% ) * 0.16666666666667 ) );\"><div class=\"fusion-column-wrapper fusion-flex-column-wrapper-legacy\"><div class=\"fusion-clearfix\"><\/div><\/div><\/div><\/div><\/div><div id=\"vvl-elcony\" class=\"fusion-container-anchor\"><div class=\"fusion-fullwidth fullwidth-box fusion-builder-row-2 has-pattern-background has-mask-background nonhundred-percent-fullwidth non-hundred-percent-height-scrolling\" style=\"--awb-border-radius-top-left:0px;--awb-border-radius-top-right:0px;--awb-border-radius-bottom-right:0px;--awb-border-radius-bottom-left:0px;--awb-background-color:#f7f7f7;--awb-flex-wrap:wrap;\" ><div class=\"fusion-builder-row fusion-row\"><div class=\"fusion-layout-column fusion_builder_column fusion-builder-column-3 fusion_builder_column_1_6 1_6 fusion-one-sixth fusion-column-first\" style=\"--awb-bg-size:cover;width:16.666666666667%;width:calc(16.666666666667% - ( ( 4% + 4% ) * 0.16666666666667 ) );margin-right: 4%;\"><div class=\"fusion-column-wrapper fusion-flex-column-wrapper-legacy\"><div class=\"fusion-image-element fusion-image-align-center in-legacy-container\" style=\"text-align:center;--awb-caption-title-font-family:var(--h2_typography-font-family);--awb-caption-title-font-weight:var(--h2_typography-font-weight);--awb-caption-title-font-style:var(--h2_typography-font-style);--awb-caption-title-size:var(--h2_typography-font-size);--awb-caption-title-transform:var(--h2_typography-text-transform);--awb-caption-title-line-height:var(--h2_typography-line-height);--awb-caption-title-letter-spacing:var(--h2_typography-letter-spacing);\"><div class=\"imageframe-align-center\"><span class=\" fusion-imageframe imageframe-none imageframe-1 hover-type-none\"><img decoding=\"async\" width=\"160\" height=\"100\" title=\"Logo ELCONY 160&#215;100\" src=\"https:\/\/www.elcony.com\/wp-content\/uploads\/2023\/09\/Logo-ELCONY-160x100-1.png\" alt class=\"img-responsive wp-image-185467\"\/><\/span><\/div><\/div><div class=\"fusion-sep-clear\"><\/div><div class=\"fusion-separator fusion-full-width-sep\" style=\"margin-left: auto;margin-right: auto;margin-top:20px;width:100%;\"><\/div><div class=\"fusion-sep-clear\"><\/div><div class=\"fusion-clearfix\"><\/div><\/div><\/div><div class=\"fusion-layout-column fusion_builder_column fusion-builder-column-4 fusion_builder_column_2_3 2_3 fusion-two-third\" style=\"--awb-padding-bottom:20px;--awb-bg-size:cover;--awb-margin-top:0px;--awb-margin-bottom:0px;width:66.666666666667%;width:calc(66.666666666667% - ( ( 4% + 4% ) * 0.66666666666667 ) );margin-right: 4%;\"><div class=\"fusion-column-wrapper fusion-flex-column-wrapper-legacy\"><div class=\"fusion-text fusion-text-1\"><h2>D\u00e9placement des charges (VVL)<\/h2>\n<\/div><div class=\"fusion-text fusion-text-2\"><h3>Groupe cible<\/h3>\n<p>Salari\u00e9s qui manipulent et d\u00e9placent des charges sur un site (p\u00e9tro)chimique dans des installations, des ateliers.<\/p>\n<h3>Objectif de l&#8217;apprentissage<\/h3>\n<p>Etre capable de soulever et de d\u00e9placer des charges en toute s\u00e9curit\u00e9 \u00e0 l&#8217;aide d&#8217;un \u00e9quipement de levage et d&#8217;outils de levage.<\/p>\n<h3>Th\u00e9orie<\/h3>\n<p>Concepts, dispositions l\u00e9gales et r\u00e9glementaires.<br \/>\nCourroies de levage.<br \/>\nC\u00e2bles en acier.<br \/>\nCha\u00eenes et charpentes.<br \/>\n\u00c9quipements de levage sp\u00e9ciaux.<br \/>\nPalans, poutres de levage et chariots.<br \/>\nInspection et certification.<br \/>\nLevage de charges en toute s\u00e9curit\u00e9.<br \/>\nSignaux de bras.<\/p>\n<h3>Pratique<\/h3>\n<p>Pratique de l&#8217;accrochage et du d\u00e9placement en toute s\u00e9curit\u00e9 d&#8217;un robinet-vanne, d&#8217;une soupape de s\u00e9curit\u00e9, d&#8217;un tuyau courb\u00e9 sur un support de simulation et d&#8217;une palette d&#8217;objets, d&#8217;un moteur \u00e9lectrique, de planches d&#8217;\u00e9chafaudage et d&#8217;une poutrelle en acier.<\/p>\n<h3>Conditions requises<\/h3>\n<p>Le candidat doit \u00eatre \u00e2g\u00e9 d&#8217;au moins 18 ans. Une exception est faite pour les \u00e9tudiants qui suivent la formation dans le cadre de l&#8217;obtention d&#8217;une qualification de niveau d\u00e9butant. Pour eux, un \u00e2ge minimum de 16 ans s&#8217;applique.<\/p>\n<h3>Dur\u00e9e du cours<\/h3>\n<p>1 jour (2 sessions d&#8217;une demi-journ\u00e9e).<\/p>\n<h3>Dipl\u00f4me<\/h3>\n<p>Pour le cours &#8220;D\u00e9placement de charges (VVL)&#8221;, ELCONY utilise les matrices de test de SSVV. La seule diff\u00e9rence entre un examen SOG et un examen ELCONY r\u00e9side dans la mani\u00e8re dont l&#8217;examen est administr\u00e9. Apr\u00e8s un examen ELCONY, les participants ne re\u00e7oivent pas de dipl\u00f4me SOG et ne sont pas inscrits au registre central des dipl\u00f4mes de la VCA. En revanche, ils re\u00e7oivent un dipl\u00f4me ELCONY. Ce dipl\u00f4me est conforme \u00e0 l&#8217;article 8 de la loi sur les conditions de travail, qui porte sur l&#8217;information et l&#8217;instruction. Les entreprises qui estiment que le dipl\u00f4me de la SSVV n&#8217;est pas n\u00e9cessaire peuvent faire appel \u00e0 la loi sur la sant\u00e9 et la s\u00e9curit\u00e9 au travail. Pour ces entreprises, ELCONY propose une alternative.<br \/>\nLe dipl\u00f4me est valable cinq ans.<\/p>\n<\/div><div class=\"fusion-text fusion-text-3\"><h3>Prix<\/h3>\n<p>229,00 \u20ac par personne. Pour les cours en entreprise, un minimum de 6 participants est requis.<\/p>\n<\/div><div class=\"fusion-text fusion-text-4\"><p>N&#8217;h\u00e9sitez pas \u00e0 nous appeler au <strong>+31(0)88-2200100<\/strong> ou \u00e0 nous envoyer un courriel \u00e0 <a href=\"&#x6d;a&#x69;&#108;&#x74;&#111;:&#x69;n&#x66;&#111;&#x40;&#101;l&#x63;&#111;&#x6e;&#121;&#46;&#x63;o&#x6d;\"><strong>&#x69;n&#x66;&#111;&#x40;&#x65;l&#x63;&#111;&#x6e;&#x79;&#46;&#x63;&#111;&#x6d;<\/strong><\/a>.<\/p>\n<\/div><div class=\"fusion-clearfix\"><\/div><\/div><\/div><div class=\"fusion-layout-column fusion_builder_column fusion-builder-column-5 fusion_builder_column_1_6 1_6 fusion-one-sixth fusion-column-last\" style=\"--awb-bg-size:cover;width:16.666666666667%;width:calc(16.666666666667% - ( ( 4% + 4% ) * 0.16666666666667 ) );\"><div class=\"fusion-column-wrapper fusion-flex-column-wrapper-legacy\"><div class=\"fusion-clearfix\"><\/div><\/div><\/div><\/div><\/div><\/div><div id=\"hp-elcony\" class=\"fusion-container-anchor\"><div class=\"fusion-fullwidth fullwidth-box fusion-builder-row-3 has-pattern-background has-mask-background nonhundred-percent-fullwidth non-hundred-percent-height-scrolling\" style=\"--awb-border-radius-top-left:0px;--awb-border-radius-top-right:0px;--awb-border-radius-bottom-right:0px;--awb-border-radius-bottom-left:0px;--awb-flex-wrap:wrap;\" ><div class=\"fusion-builder-row fusion-row\"><div class=\"fusion-layout-column fusion_builder_column fusion-builder-column-6 fusion_builder_column_1_6 1_6 fusion-one-sixth fusion-column-first\" style=\"--awb-bg-size:cover;width:16.666666666667%;width:calc(16.666666666667% - ( ( 4% + 4% ) * 0.16666666666667 ) );margin-right: 4%;\"><div class=\"fusion-column-wrapper fusion-flex-column-wrapper-legacy\"><div class=\"fusion-image-element fusion-image-align-center in-legacy-container\" style=\"text-align:center;--awb-caption-title-font-family:var(--h2_typography-font-family);--awb-caption-title-font-weight:var(--h2_typography-font-weight);--awb-caption-title-font-style:var(--h2_typography-font-style);--awb-caption-title-size:var(--h2_typography-font-size);--awb-caption-title-transform:var(--h2_typography-text-transform);--awb-caption-title-line-height:var(--h2_typography-line-height);--awb-caption-title-letter-spacing:var(--h2_typography-letter-spacing);\"><div class=\"imageframe-align-center\"><span class=\" fusion-imageframe imageframe-none imageframe-2 hover-type-none\"><img decoding=\"async\" width=\"160\" height=\"100\" title=\"Logo ELCONY 160&#215;100\" src=\"https:\/\/www.elcony.com\/wp-content\/uploads\/2023\/09\/Logo-ELCONY-160x100-1.png\" alt class=\"img-responsive wp-image-185467\"\/><\/span><\/div><\/div><div class=\"fusion-sep-clear\"><\/div><div class=\"fusion-separator fusion-full-width-sep\" style=\"margin-left: auto;margin-right: auto;margin-top:20px;width:100%;\"><\/div><div class=\"fusion-sep-clear\"><\/div><div class=\"fusion-clearfix\"><\/div><\/div><\/div><div class=\"fusion-layout-column fusion_builder_column fusion-builder-column-7 fusion_builder_column_2_3 2_3 fusion-two-third\" style=\"--awb-padding-bottom:20px;--awb-bg-size:cover;--awb-margin-top:0px;--awb-margin-bottom:0px;width:66.666666666667%;width:calc(66.666666666667% - ( ( 4% + 4% ) * 0.66666666666667 ) );margin-right: 4%;\"><div class=\"fusion-column-wrapper fusion-flex-column-wrapper-legacy\"><div class=\"fusion-text fusion-text-5\"><h1>Travailler avec le hall et la grue portique<\/h1>\n<\/div><div class=\"fusion-text fusion-text-6\"><h3>Groupe cible<\/h3>\n<p>Employ\u00e9s qui utilisent un hall ou un portique.<\/p>\n<h3>Objectif d&#8217;apprentissage<\/h3>\n<p>Exp\u00e9rimenter et apprendre \u00e0 travailler en toute s\u00e9curit\u00e9 avec la grue \u00e0 portique ou la grue \u00e0 portique et \u00e0 manipuler les charges.<\/p>\n<h3>Th\u00e9orie<\/h3>\n<p>Concepts, dispositions l\u00e9gales et r\u00e9glementaires.<br \/>\nCourroies de levage.<br \/>\nC\u00e2bles en acier.<br \/>\nCha\u00eenes et charpentes.<br \/>\n\u00c9quipements de levage sp\u00e9ciaux.<br \/>\nPalans, poutres de levage et chariots.<br \/>\nInspection et certification.<br \/>\nLevage de charges en toute s\u00e9curit\u00e9.<br \/>\nSignaux de bras.<\/p>\n<h3>Pratique<\/h3>\n<p>Pratique de l&#8217;accrochage et du d\u00e9placement en toute s\u00e9curit\u00e9 d&#8217;un robinet-vanne, d&#8217;une soupape de s\u00e9curit\u00e9, d&#8217;un tuyau courb\u00e9 sur un support de simulation et d&#8217;une palette d&#8217;objets, d&#8217;un moteur \u00e9lectrique, de planches d&#8217;\u00e9chafaudage et d&#8217;une poutrelle en acier.<\/p>\n<h3>Conditions requises<\/h3>\n<p>Le candidat doit \u00eatre \u00e2g\u00e9 d&#8217;au moins 18 ans. Une exception est faite pour les \u00e9tudiants qui suivent la formation dans le cadre de l&#8217;obtention d&#8217;une qualification de niveau d\u00e9butant. Pour eux, un \u00e2ge minimum de 16 ans s&#8217;applique.<\/p>\n<h3>Dur\u00e9e du cours<\/h3>\n<p>1 jour (2 sessions d&#8217;une demi-journ\u00e9e).<\/p>\n<h3>Dipl\u00f4me<\/h3>\n<p>Conform\u00e9ment \u00e0 l&#8217;article 8 de la loi sur les conditions de travail &#8211; Information et instruction.<br \/>\nValable 5 ans.<\/p>\n<\/div><div class=\"fusion-text fusion-text-7\"><h3>Prix<\/h3>\n<p>229,00 \u20ac par personne. Pour les cours en entreprise, un minimum de 6 participants est requis.<\/p>\n<\/div><div class=\"fusion-text fusion-text-8\"><p>N&#8217;h\u00e9sitez pas \u00e0 nous appeler au <strong>+31(0)88-2200100<\/strong> ou \u00e0 nous envoyer un courriel \u00e0 <a href=\"&#x6d;&#x61;&#105;l&#x74;&#x6f;&#58;in&#x66;&#x6f;&#64;e&#x6c;&#x63;&#111;&#110;y&#x2e;&#x63;&#111;m\"><strong>i&#110;&#x66;&#x6f;&#64;&#101;&#108;&#x63;&#x6f;n&#121;&#x2e;&#x63;o&#109;<\/strong><\/a>.<\/p>\n<\/div><div class=\"fusion-clearfix\"><\/div><\/div><\/div><div class=\"fusion-layout-column fusion_builder_column fusion-builder-column-8 fusion_builder_column_1_6 1_6 fusion-one-sixth fusion-column-last\" style=\"--awb-bg-size:cover;width:16.666666666667%;width:calc(16.666666666667% - ( ( 4% + 4% ) * 0.16666666666667 ) );\"><div class=\"fusion-column-wrapper fusion-flex-column-wrapper-legacy\"><div class=\"fusion-clearfix\"><\/div><\/div><\/div><\/div><\/div><\/div><\/p>\n","protected":false},"excerpt":{"rendered":"","protected":false},"author":1,"featured_media":0,"parent":0,"menu_order":7,"comment_status":"closed","ping_status":"closed","template":"","meta":{"footnotes":""},"class_list":["post-234407","page","type-page","status-publish","hentry"],"yoast_head":"<!-- This site is optimized with the Yoast SEO plugin v27.5 - https:\/\/yoast.com\/product\/yoast-seo-wordpress\/ -->\n<title>Cours de d\u00e9placement de charges (VVL) | Pour l&#039;industrie n\u00e9erlandaise<\/title>\n<meta name=\"description\" content=\"Cours de d\u00e9placement de charges (VVL). Conforme aux normes n\u00e9erlandaises, exigeant un dipl\u00f4me valide de l&#039;ARBO.\" \/>\n<meta name=\"robots\" content=\"index, follow, max-snippet:-1, max-image-preview:large, max-video-preview:-1\" \/>\n<link rel=\"canonical\" href=\"https:\/\/www.elcony.com\/fr\/deplacement-des-charges\/\" \/>\n<script type=\"application\/ld+json\" class=\"yoast-schema-graph\">{\"@context\":\"https:\\\/\\\/schema.org\",\"@graph\":[{\"@type\":\"WebPage\",\"@id\":\"https:\\\/\\\/www.elcony.com\\\/fr\\\/deplacement-des-charges\\\/\",\"url\":\"https:\\\/\\\/www.elcony.com\\\/fr\\\/deplacement-des-charges\\\/\",\"name\":\"Cours de d\u00e9placement de charges (VVL) | Pour l'industrie n\u00e9erlandaise\",\"isPartOf\":{\"@id\":\"https:\\\/\\\/www.elcony.com\\\/it\\\/#website\"},\"datePublished\":\"2023-11-26T13:10:44+00:00\",\"dateModified\":\"2023-11-26T13:10:58+00:00\",\"description\":\"Cours de d\u00e9placement de charges (VVL). Conforme aux normes n\u00e9erlandaises, exigeant un dipl\u00f4me valide de l'ARBO.\",\"breadcrumb\":{\"@id\":\"https:\\\/\\\/www.elcony.com\\\/fr\\\/deplacement-des-charges\\\/#breadcrumb\"},\"inLanguage\":\"fr-FR\",\"potentialAction\":[{\"@type\":\"ReadAction\",\"target\":[\"https:\\\/\\\/www.elcony.com\\\/fr\\\/deplacement-des-charges\\\/\"]}]},{\"@type\":\"BreadcrumbList\",\"@id\":\"https:\\\/\\\/www.elcony.com\\\/fr\\\/deplacement-des-charges\\\/#breadcrumb\",\"itemListElement\":[{\"@type\":\"ListItem\",\"position\":1,\"name\":\"Home\",\"item\":\"https:\\\/\\\/www.elcony.com\\\/fr\\\/\"},{\"@type\":\"ListItem\",\"position\":2,\"name\":\"D\u00e9placement des charges\"}]},{\"@type\":\"WebSite\",\"@id\":\"https:\\\/\\\/www.elcony.com\\\/it\\\/#website\",\"url\":\"https:\\\/\\\/www.elcony.com\\\/it\\\/\",\"name\":\"ELCONY\",\"description\":\"ARBO, VCA en SOG Opleidingen\",\"potentialAction\":[{\"@type\":\"SearchAction\",\"target\":{\"@type\":\"EntryPoint\",\"urlTemplate\":\"https:\\\/\\\/www.elcony.com\\\/it\\\/?s={search_term_string}\"},\"query-input\":{\"@type\":\"PropertyValueSpecification\",\"valueRequired\":true,\"valueName\":\"search_term_string\"}}],\"inLanguage\":\"fr-FR\"}]}<\/script>\n<!-- \/ Yoast SEO plugin. -->","yoast_head_json":{"title":"Cours de d\u00e9placement de charges (VVL) | Pour l'industrie n\u00e9erlandaise","description":"Cours de d\u00e9placement de charges (VVL). Conforme aux normes n\u00e9erlandaises, exigeant un dipl\u00f4me valide de l'ARBO.","robots":{"index":"index","follow":"follow","max-snippet":"max-snippet:-1","max-image-preview":"max-image-preview:large","max-video-preview":"max-video-preview:-1"},"canonical":"https:\/\/www.elcony.com\/fr\/deplacement-des-charges\/","schema":{"@context":"https:\/\/schema.org","@graph":[{"@type":"WebPage","@id":"https:\/\/www.elcony.com\/fr\/deplacement-des-charges\/","url":"https:\/\/www.elcony.com\/fr\/deplacement-des-charges\/","name":"Cours de d\u00e9placement de charges (VVL) | Pour l'industrie n\u00e9erlandaise","isPartOf":{"@id":"https:\/\/www.elcony.com\/it\/#website"},"datePublished":"2023-11-26T13:10:44+00:00","dateModified":"2023-11-26T13:10:58+00:00","description":"Cours de d\u00e9placement de charges (VVL). Conforme aux normes n\u00e9erlandaises, exigeant un dipl\u00f4me valide de l'ARBO.","breadcrumb":{"@id":"https:\/\/www.elcony.com\/fr\/deplacement-des-charges\/#breadcrumb"},"inLanguage":"fr-FR","potentialAction":[{"@type":"ReadAction","target":["https:\/\/www.elcony.com\/fr\/deplacement-des-charges\/"]}]},{"@type":"BreadcrumbList","@id":"https:\/\/www.elcony.com\/fr\/deplacement-des-charges\/#breadcrumb","itemListElement":[{"@type":"ListItem","position":1,"name":"Home","item":"https:\/\/www.elcony.com\/fr\/"},{"@type":"ListItem","position":2,"name":"D\u00e9placement des charges"}]},{"@type":"WebSite","@id":"https:\/\/www.elcony.com\/it\/#website","url":"https:\/\/www.elcony.com\/it\/","name":"ELCONY","description":"ARBO, VCA en SOG Opleidingen","potentialAction":[{"@type":"SearchAction","target":{"@type":"EntryPoint","urlTemplate":"https:\/\/www.elcony.com\/it\/?s={search_term_string}"},"query-input":{"@type":"PropertyValueSpecification","valueRequired":true,"valueName":"search_term_string"}}],"inLanguage":"fr-FR"}]}},"_links":{"self":[{"href":"https:\/\/www.elcony.com\/fr\/wp-json\/wp\/v2\/pages\/234407","targetHints":{"allow":["GET"]}}],"collection":[{"href":"https:\/\/www.elcony.com\/fr\/wp-json\/wp\/v2\/pages"}],"about":[{"href":"https:\/\/www.elcony.com\/fr\/wp-json\/wp\/v2\/types\/page"}],"author":[{"embeddable":true,"href":"https:\/\/www.elcony.com\/fr\/wp-json\/wp\/v2\/users\/1"}],"replies":[{"embeddable":true,"href":"https:\/\/www.elcony.com\/fr\/wp-json\/wp\/v2\/comments?post=234407"}],"version-history":[{"count":0,"href":"https:\/\/www.elcony.com\/fr\/wp-json\/wp\/v2\/pages\/234407\/revisions"}],"wp:attachment":[{"href":"https:\/\/www.elcony.com\/fr\/wp-json\/wp\/v2\/media?parent=234407"}],"curies":[{"name":"wp","href":"https:\/\/api.w.org\/{rel}","templated":true}]}}