{"id":307341,"date":"2024-07-04T09:36:50","date_gmt":"2024-07-04T07:36:50","guid":{"rendered":"https:\/\/www.elcony.com\/atex\/"},"modified":"2025-03-20T23:48:11","modified_gmt":"2025-03-20T22:48:11","slug":"atex","status":"publish","type":"page","link":"https:\/\/www.elcony.com\/fr\/atex\/","title":{"rendered":"ATEX"},"content":{"rendered":"<div class=\"fusion-fullwidth fullwidth-box fusion-builder-row-1 nonhundred-percent-fullwidth non-hundred-percent-height-scrolling\" style=\"--awb-border-radius-top-left:0px;--awb-border-radius-top-right:0px;--awb-border-radius-bottom-right:0px;--awb-border-radius-bottom-left:0px;--awb-flex-wrap:wrap;\" ><div class=\"fusion-builder-row fusion-row\"><div class=\"fusion-layout-column fusion_builder_column fusion-builder-column-0 fusion_builder_column_1_5 1_5 fusion-one-fifth fusion-column-first\" style=\"--awb-bg-size:cover;width:20%;width:calc(20% - ( ( 4% + 4% ) * 0.2 ) );margin-right: 4%;\"><div class=\"fusion-column-wrapper fusion-flex-column-wrapper-legacy\"><div class=\"fusion-clearfix\"><\/div><\/div><\/div><div class=\"fusion-layout-column fusion_builder_column fusion-builder-column-1 fusion_builder_column_3_5 3_5 fusion-three-fifth\" style=\"--awb-padding-bottom:20x;--awb-bg-size:cover;--awb-margin-top:0px;--awb-margin-bottom:0px;width:60%;width:calc(60% - ( ( 4% + 4% ) * 0.6 ) );margin-right: 4%;\"><div class=\"fusion-column-wrapper fusion-flex-column-wrapper-legacy\"><div class=\"fusion-text fusion-text-1\"><p>Sensibilisation \u00e0 l&#8217;ATEX (ATEX Awareness)<\/p>\n<\/div><div class=\"fusion-text fusion-text-2\"><h3>Formation en ligne avec examen<\/h3>\n<\/div><div class=\"fusion-sep-clear\"><\/div><div class=\"fusion-separator fusion-full-width-sep\" style=\"margin-left: auto;margin-right: auto;margin-top:10px;width:100%;\"><\/div><div class=\"fusion-sep-clear\"><\/div><ul style=\"--awb-line-height:30.6px;--awb-icon-width:30.6px;--awb-icon-height:30.6px;--awb-icon-margin:12.6px;--awb-content-margin:43.2px;--awb-circlecolor:#5894e8;--awb-circle-yes-font-size:15.84px;\" class=\"fusion-checklist fusion-checklist-1 fusion-checklist-default type-icons\"><li class=\"fusion-li-item\" style=\"\"><span class=\"icon-wrapper circle-yes\"><i class=\"fusion-li-icon awb-icon-check\" aria-hidden=\"true\"><\/i><\/span><div class=\"fusion-li-item-content\">\n<p>Choisissez parmi plusieurs langues.<\/p>\n<\/div><\/li><li class=\"fusion-li-item\" style=\"\"><span class=\"icon-wrapper circle-yes\"><i class=\"fusion-li-icon awb-icon-check\" aria-hidden=\"true\"><\/i><\/span><div class=\"fusion-li-item-content\">\n<p>Passez l&#8217;examen quand cela vous convient.<\/p>\n<\/div><\/li><\/ul><div class=\"fusion-sep-clear\"><\/div><div class=\"fusion-separator fusion-full-width-sep\" style=\"margin-left: auto;margin-right: auto;margin-top:20px;width:100%;\"><\/div><div class=\"fusion-sep-clear\"><\/div><div class=\"fusion-button-wrapper\"><a class=\"fusion-button button-3d fusion-button-default-size button-default fusion-button-default button-1 fusion-button-default-span fusion-button-default-type fusion-animated\" data-animationType=\"fadeInUp\" data-animationDuration=\"1.0\" data-animationOffset=\"top-into-view\" target=\"_self\" href=\"https:\/\/www.elcony.com\/fr\/produit\/307718\/\"><span class=\"fusion-button-text awb-button__text awb-button__text--default\">Commander \u20ac 99,00 HT<\/span><\/a><\/div><div class=\"fusion-sep-clear\"><\/div><div class=\"fusion-separator fusion-full-width-sep\" style=\"margin-left: auto;margin-right: auto;margin-top:20px;width:100%;\"><\/div><div class=\"fusion-sep-clear\"><\/div><div class=\"fusion-text fusion-text-3\"><h3>Public cible<\/h3>\n<p>Pour travailler en toute s\u00e9curit\u00e9 dans des environnements \u00e0 risque d&#8217;explosion, les normes \u00e9tablies dans les directives ATEX s&#8217;appliquent. Les personnes comp\u00e9tentes en mati\u00e8re de Sensibilisation \u00e0 l&#8217;ATEX poss\u00e8dent une expertise dans ce domaine et sont responsables du respect des directives de s\u00e9curit\u00e9 dans le cadre de leurs fonctions. De plus, elles disposent d&#8217;une connaissance suffisante des r\u00e8glements et directives concernant les environnements \u00e0 risque d&#8217;explosion.<\/p>\n<h3>Objectif p\u00e9dagogique<\/h3>\n<p>La formation Sensibilisation \u00e0 l&#8217;ATEX est essentielle pour tous les employ\u00e9s qui doivent comprendre et agir conform\u00e9ment aux directives relatives aux environnements \u00e0 risque d&#8217;explosion dans le cadre de leurs fonctions. La formation aborde des aspects g\u00e9n\u00e9raux essentiels pour la gestion s\u00e9curis\u00e9e des travaux dans de tels environnements.<\/p>\n<h3>Th\u00e9orie<\/h3>\n<p>Lois et r\u00e8glements relatifs \u00e0 la sant\u00e9 et \u00e0 la s\u00e9curit\u00e9 au travail.<br \/>\nD\u00e9finitions et concepts.<br \/>\nRisque d&#8217;incendie et d&#8217;explosion.<br \/>\nDirectives ATEX.<br \/>\nTravail avec des substances inflammables.<\/p>\n<h3>Formation en ligne<\/h3>\n<p>Le cours se compose de le\u00e7ons que vous pouvez \u00e9tudier sur votre t\u00e9l\u00e9phone, tablette ou ordinateur. Vous pouvez consulter le mat\u00e9riel p\u00e9dagogique autant de fois que n\u00e9cessaire pour vous pr\u00e9parer au mieux \u00e0 l&#8217;examen qui conclut le module d&#8217;apprentissage en ligne. En cas de r\u00e9sultat suffisant, nous vous enverrons un certificat.<\/p>\n<h3>Certificat<\/h3>\n<p>Le certificat est valide pendant trois ans. Cela signifie qu\u2019apr\u00e8s ce d\u00e9lai, il doit \u00eatre renouvel\u00e9 afin de prouver les connaissances et comp\u00e9tences relatives aux atmosph\u00e8res explosives. En suivant cette formation, tant l\u2019employeur que le salari\u00e9 r\u00e9pondent aux exigences de la loi sur les conditions de travail (Arbowet) en mati\u00e8re de formation suffisante et de comp\u00e9tence d\u00e9montrable.<\/p>\n<\/div><div class=\"fusion-clearfix\"><\/div><\/div><\/div><div class=\"fusion-layout-column fusion_builder_column fusion-builder-column-2 fusion_builder_column_1_5 1_5 fusion-one-fifth fusion-column-last\" style=\"--awb-bg-size:cover;width:20%;width:calc(20% - ( ( 4% + 4% ) * 0.2 ) );\"><div class=\"fusion-column-wrapper fusion-flex-column-wrapper-legacy\"><div class=\"fusion-clearfix\"><\/div><\/div><\/div><\/div><\/div>\n","protected":false},"excerpt":{"rendered":"","protected":false},"author":1,"featured_media":0,"parent":0,"menu_order":3,"comment_status":"closed","ping_status":"closed","template":"","meta":{"footnotes":""},"class_list":["post-307341","page","type-page","status-publish","hentry"],"yoast_head":"<!-- This site is optimized with the Yoast SEO plugin v27.6 - https:\/\/yoast.com\/product\/yoast-seo-wordpress\/ -->\n<title>Formation en ligne Sensibilisation \u00e0 l&#039;ATEX (ATEX Awareness) | ELCONY<\/title>\n<meta name=\"description\" content=\"Conformez-vous aux normes n\u00e9erlandaises, n\u00e9cessitant un certificat valide.\" \/>\n<meta name=\"robots\" content=\"index, follow, max-snippet:-1, max-image-preview:large, max-video-preview:-1\" \/>\n<link rel=\"canonical\" href=\"https:\/\/www.elcony.com\/fr\/atex\/\" \/>\n<script type=\"application\/ld+json\" class=\"yoast-schema-graph\">{\"@context\":\"https:\\\/\\\/schema.org\",\"@graph\":[{\"@type\":\"WebPage\",\"@id\":\"https:\\\/\\\/www.elcony.com\\\/fr\\\/atex\\\/\",\"url\":\"https:\\\/\\\/www.elcony.com\\\/fr\\\/atex\\\/\",\"name\":\"Formation en ligne Sensibilisation \u00e0 l'ATEX (ATEX Awareness) | ELCONY\",\"isPartOf\":{\"@id\":\"https:\\\/\\\/www.elcony.com\\\/it\\\/#website\"},\"datePublished\":\"2024-07-04T07:36:50+00:00\",\"dateModified\":\"2025-03-20T22:48:11+00:00\",\"description\":\"Conformez-vous aux normes n\u00e9erlandaises, n\u00e9cessitant un certificat valide.\",\"breadcrumb\":{\"@id\":\"https:\\\/\\\/www.elcony.com\\\/fr\\\/atex\\\/#breadcrumb\"},\"inLanguage\":\"fr-FR\",\"potentialAction\":[{\"@type\":\"ReadAction\",\"target\":[\"https:\\\/\\\/www.elcony.com\\\/fr\\\/atex\\\/\"]}]},{\"@type\":\"BreadcrumbList\",\"@id\":\"https:\\\/\\\/www.elcony.com\\\/fr\\\/atex\\\/#breadcrumb\",\"itemListElement\":[{\"@type\":\"ListItem\",\"position\":1,\"name\":\"Home\",\"item\":\"https:\\\/\\\/www.elcony.com\\\/fr\\\/\"},{\"@type\":\"ListItem\",\"position\":2,\"name\":\"ATEX\"}]},{\"@type\":\"WebSite\",\"@id\":\"https:\\\/\\\/www.elcony.com\\\/it\\\/#website\",\"url\":\"https:\\\/\\\/www.elcony.com\\\/it\\\/\",\"name\":\"ELCONY\",\"description\":\"ARBO, VCA en SOG Opleidingen\",\"potentialAction\":[{\"@type\":\"SearchAction\",\"target\":{\"@type\":\"EntryPoint\",\"urlTemplate\":\"https:\\\/\\\/www.elcony.com\\\/it\\\/?s={search_term_string}\"},\"query-input\":{\"@type\":\"PropertyValueSpecification\",\"valueRequired\":true,\"valueName\":\"search_term_string\"}}],\"inLanguage\":\"fr-FR\"}]}<\/script>\n<!-- \/ Yoast SEO plugin. -->","yoast_head_json":{"title":"Formation en ligne Sensibilisation \u00e0 l'ATEX (ATEX Awareness) | ELCONY","description":"Conformez-vous aux normes n\u00e9erlandaises, n\u00e9cessitant un certificat valide.","robots":{"index":"index","follow":"follow","max-snippet":"max-snippet:-1","max-image-preview":"max-image-preview:large","max-video-preview":"max-video-preview:-1"},"canonical":"https:\/\/www.elcony.com\/fr\/atex\/","schema":{"@context":"https:\/\/schema.org","@graph":[{"@type":"WebPage","@id":"https:\/\/www.elcony.com\/fr\/atex\/","url":"https:\/\/www.elcony.com\/fr\/atex\/","name":"Formation en ligne Sensibilisation \u00e0 l'ATEX (ATEX Awareness) | ELCONY","isPartOf":{"@id":"https:\/\/www.elcony.com\/it\/#website"},"datePublished":"2024-07-04T07:36:50+00:00","dateModified":"2025-03-20T22:48:11+00:00","description":"Conformez-vous aux normes n\u00e9erlandaises, n\u00e9cessitant un certificat valide.","breadcrumb":{"@id":"https:\/\/www.elcony.com\/fr\/atex\/#breadcrumb"},"inLanguage":"fr-FR","potentialAction":[{"@type":"ReadAction","target":["https:\/\/www.elcony.com\/fr\/atex\/"]}]},{"@type":"BreadcrumbList","@id":"https:\/\/www.elcony.com\/fr\/atex\/#breadcrumb","itemListElement":[{"@type":"ListItem","position":1,"name":"Home","item":"https:\/\/www.elcony.com\/fr\/"},{"@type":"ListItem","position":2,"name":"ATEX"}]},{"@type":"WebSite","@id":"https:\/\/www.elcony.com\/it\/#website","url":"https:\/\/www.elcony.com\/it\/","name":"ELCONY","description":"ARBO, VCA en SOG Opleidingen","potentialAction":[{"@type":"SearchAction","target":{"@type":"EntryPoint","urlTemplate":"https:\/\/www.elcony.com\/it\/?s={search_term_string}"},"query-input":{"@type":"PropertyValueSpecification","valueRequired":true,"valueName":"search_term_string"}}],"inLanguage":"fr-FR"}]}},"_links":{"self":[{"href":"https:\/\/www.elcony.com\/fr\/wp-json\/wp\/v2\/pages\/307341","targetHints":{"allow":["GET"]}}],"collection":[{"href":"https:\/\/www.elcony.com\/fr\/wp-json\/wp\/v2\/pages"}],"about":[{"href":"https:\/\/www.elcony.com\/fr\/wp-json\/wp\/v2\/types\/page"}],"author":[{"embeddable":true,"href":"https:\/\/www.elcony.com\/fr\/wp-json\/wp\/v2\/users\/1"}],"replies":[{"embeddable":true,"href":"https:\/\/www.elcony.com\/fr\/wp-json\/wp\/v2\/comments?post=307341"}],"version-history":[{"count":0,"href":"https:\/\/www.elcony.com\/fr\/wp-json\/wp\/v2\/pages\/307341\/revisions"}],"wp:attachment":[{"href":"https:\/\/www.elcony.com\/fr\/wp-json\/wp\/v2\/media?parent=307341"}],"curies":[{"name":"wp","href":"https:\/\/api.w.org\/{rel}","templated":true}]}}