{"id":337802,"date":"2025-01-14T22:58:22","date_gmt":"2025-01-14T21:58:22","guid":{"rendered":"https:\/\/www.elcony.com\/introduction\/"},"modified":"2025-12-11T19:52:50","modified_gmt":"2025-12-11T18:52:50","slug":"onboarding","status":"publish","type":"page","link":"https:\/\/www.elcony.com\/fr\/onboarding\/","title":{"rendered":"Onboarding"},"content":{"rendered":"<div class=\"fusion-fullwidth fullwidth-box fusion-builder-row-1 fusion-flex-container has-pattern-background has-mask-background nonhundred-percent-fullwidth non-hundred-percent-height-scrolling\" style=\"--awb-border-radius-top-left:0px;--awb-border-radius-top-right:0px;--awb-border-radius-bottom-right:0px;--awb-border-radius-bottom-left:0px;--awb-flex-wrap:wrap;\" ><div class=\"fusion-builder-row fusion-row fusion-flex-align-items-flex-start fusion-flex-content-wrap\" style=\"max-width:101%;margin-left: calc(-1% \/ 2 );margin-right: calc(-1% \/ 2 );\"><div class=\"fusion-layout-column fusion_builder_column fusion-builder-column-0 fusion_builder_column_1_5 1_5 fusion-flex-column\" style=\"--awb-bg-size:cover;--awb-width-large:20%;--awb-margin-top-large:5px;--awb-spacing-right-large:2.475%;--awb-margin-bottom-large:5px;--awb-spacing-left-large:2.475%;--awb-width-medium:100%;--awb-order-medium:0;--awb-spacing-right-medium:0.495%;--awb-spacing-left-medium:0.495%;--awb-width-small:100%;--awb-order-small:0;--awb-spacing-right-small:0.495%;--awb-spacing-left-small:0.495%;\"><div class=\"fusion-column-wrapper fusion-column-has-shadow fusion-flex-justify-content-flex-start fusion-content-layout-column\"><\/div><\/div><div class=\"fusion-layout-column fusion_builder_column fusion-builder-column-1 fusion_builder_column_3_5 3_5 fusion-flex-column\" style=\"--awb-bg-size:cover;--awb-width-large:60%;--awb-margin-top-large:5px;--awb-spacing-right-large:0.825%;--awb-margin-bottom-large:5px;--awb-spacing-left-large:0.825%;--awb-width-medium:100%;--awb-order-medium:0;--awb-spacing-right-medium:0.495%;--awb-spacing-left-medium:0.495%;--awb-width-small:100%;--awb-order-small:0;--awb-spacing-right-small:0.495%;--awb-spacing-left-small:0.495%;\"><div class=\"fusion-column-wrapper fusion-column-has-shadow fusion-flex-justify-content-flex-start fusion-content-layout-column\"><div class=\"fusion-text fusion-text-1\"><h3>Introduction en ligne<\/h3>\n<p>Le monde du travail bas\u00e9 sur des projets, comme les p\u00e9riodes d\u2019arr\u00eat (turnarounds) et les projets de maintenance, \u00e9volue rapidement. Trouver aujourd\u2019hui du personnel adapt\u00e9, poss\u00e9dant les connaissances et l\u2019exp\u00e9rience n\u00e9cessaires, constitue un v\u00e9ritable d\u00e9fi. ELCONY le comprend et propose aux entreprises une solution efficace et fiable\u00a0: une Introduction en ligne personnalis\u00e9e. Ainsi, nous garantissons que chaque employ\u00e9, o\u00f9 qu\u2019il se trouve dans le monde, sera enti\u00e8rement pr\u00e9par\u00e9 avant de commencer son travail.<\/p>\n<h3>Surmonter les barri\u00e8res linguistiques et garantir la comp\u00e9tence<\/h3>\n<p>L\u2019une des plus grandes difficult\u00e9s pour de nombreuses entreprises est la barri\u00e8re linguistique. Chez ELCONY, nous levons cet obstacle en proposant nos programmes d\u2019introduction en pas moins de 20 langues. Cela signifie que vous pouvez \u00eatre s\u00fbr que tous vos employ\u00e9s, quel que soit leur contexte linguistique, comprennent parfaitement et peuvent appliquer les consignes de s\u00e9curit\u00e9 et les directives de l\u2019entreprise.<\/p>\n<h3>Une v\u00e9rification imm\u00e9diate de la s\u00e9curit\u00e9 et de la qualit\u00e9<\/h3>\n<p>La comp\u00e9tence professionnelle est essentielle, surtout lorsque des employ\u00e9s sont affect\u00e9s \u00e0 des sites \u00e0 haut risque. Notre introduction en ligne inclut des tests qui nous permettent d\u2019\u00e9valuer les connaissances et les comp\u00e9tences de chaque employ\u00e9. Cela aide les entreprises \u00e0 d\u00e9terminer rapidement si un travailleur r\u00e9pond aux normes de s\u00e9curit\u00e9 et de qualit\u00e9 requises.<\/p>\n<h3>Certifications et personnalisation sur une seule plateforme<\/h3>\n<p>Bien que de nombreux travailleurs migrants soient d\u00e9j\u00e0 certifi\u00e9s, la valeur de ces certifications varie d\u2019un pays \u00e0 l\u2019autre. Notre plateforme permet de v\u00e9rifier rapidement et efficacement les certifications internationales, pour que vous soyez toujours s\u00fbr de respecter les normes de s\u00e9curit\u00e9 les plus \u00e9lev\u00e9es. En outre, si n\u00e9cessaire, nous pouvons int\u00e9grer dans le processus d\u2019introduction des r\u00e8gles sp\u00e9cifiques \u00e0 votre entreprise ou \u00e0 votre site, afin que les employ\u00e9s soient imm\u00e9diatement inform\u00e9s des directives en vigueur sur votre lieu de travail.<\/p>\n<h3>Efficace et adapt\u00e9 aux besoins de votre entreprise<\/h3>\n<p>Avec ELCONY, vous \u00e9conomisez du temps et de l\u2019argent gr\u00e2ce \u00e0 un processus d\u2019introduction optimis\u00e9, sans pour autant compromettre la s\u00e9curit\u00e9 ou la comp\u00e9tence professionnelle. Notre plateforme offre une vue d\u2019ensemble compl\u00e8te des comp\u00e9tences de tous vos employ\u00e9s. Vous pouvez rapidement d\u00e9terminer qui r\u00e9pond aux exigences et qui a besoin d\u2019une formation suppl\u00e9mentaire. Ainsi, vous pouvez d\u00e9ployer votre personnel de mani\u00e8re efficace sans avoir \u00e0 r\u00e9p\u00e9ter inutilement des formations.<\/p>\n<h3>Des employ\u00e9s qualifi\u00e9s, toujours \u00e0 jour<\/h3>\n<p>ELCONY va au-del\u00e0 des bases. Notre plateforme vous permet de suivre de pr\u00e8s l\u2019\u00e9volution de vos employ\u00e9s. Des connaissances de base aux comp\u00e9tences professionnelles avanc\u00e9es, notre syst\u00e8me enregistre les formations et les tests qui ont \u00e9t\u00e9 men\u00e9s \u00e0 bien. Cela signifie qu\u2019un employ\u00e9 ayant d\u00e9j\u00e0 effectu\u00e9 le processus d\u2019introduction n\u2019a pas \u00e0 le r\u00e9p\u00e9ter inutilement. Nous optimisons ainsi le processus et nous nous assurons que chacun puisse d\u00e9marrer son travail de mani\u00e8re efficace.<\/p>\n<h3>Pr\u00eat \u00e0 optimiser votre processus d\u2019introduction\u00a0?<\/h3>\n<p>Avec ELCONY, vous b\u00e9n\u00e9ficiez d\u2019un partenaire exp\u00e9riment\u00e9, capable de pr\u00e9parer efficacement et efficacement vos employ\u00e9s \u00e0 leurs missions. Contactez-nous d\u00e8s aujourd\u2019hui pour d\u00e9couvrir comment nous pouvons accompagner votre entreprise.<\/p>\n<p>Pour plus d\u2019informations ou pour vous inscrire, appelez le <strong>+31(0)88-2200100<\/strong> ou envoyez un e-mail \u00e0 <a href=\"&#109;a&#x69;l&#x74;o&#x3a;i&#x6e;&#102;&#x6f;&#64;&#x65;&#108;&#x63;&#111;n&#121;&#46;&#x63;o&#x6d;\"><strong>&#x69;n&#x66;&#111;&#x40;&#101;&#x6c;&#x63;o&#x6e;&#121;&#x2e;&#99;&#x6f;&#109;<\/strong><\/a>.<\/p>\n<\/div><\/div><\/div><div class=\"fusion-layout-column fusion_builder_column fusion-builder-column-2 fusion_builder_column_1_5 1_5 fusion-flex-column\" style=\"--awb-bg-size:cover;--awb-width-large:20%;--awb-margin-top-large:5px;--awb-spacing-right-large:2.475%;--awb-margin-bottom-large:5px;--awb-spacing-left-large:2.475%;--awb-width-medium:100%;--awb-order-medium:0;--awb-spacing-right-medium:0.495%;--awb-spacing-left-medium:0.495%;--awb-width-small:100%;--awb-order-small:0;--awb-spacing-right-small:0.495%;--awb-spacing-left-small:0.495%;\"><div class=\"fusion-column-wrapper fusion-column-has-shadow fusion-flex-justify-content-flex-start fusion-content-layout-column\"><\/div><\/div><\/div><\/div>\n","protected":false},"excerpt":{"rendered":"","protected":false},"author":1,"featured_media":0,"parent":0,"menu_order":0,"comment_status":"closed","ping_status":"closed","template":"","meta":{"footnotes":""},"class_list":["post-337802","page","type-page","status-publish","hentry"],"yoast_head":"<!-- This site is optimized with the Yoast SEO plugin v27.5 - https:\/\/yoast.com\/product\/yoast-seo-wordpress\/ -->\n<title>Onboarding &#8226; ELCONY<\/title>\n<meta name=\"robots\" content=\"index, follow, max-snippet:-1, max-image-preview:large, max-video-preview:-1\" \/>\n<link rel=\"canonical\" href=\"https:\/\/www.elcony.com\/fr\/onboarding\/\" \/>\n<script type=\"application\/ld+json\" class=\"yoast-schema-graph\">{\"@context\":\"https:\\\/\\\/schema.org\",\"@graph\":[{\"@type\":\"WebPage\",\"@id\":\"https:\\\/\\\/www.elcony.com\\\/fr\\\/onboarding\\\/\",\"url\":\"https:\\\/\\\/www.elcony.com\\\/fr\\\/onboarding\\\/\",\"name\":\"Onboarding &#8226; ELCONY\",\"isPartOf\":{\"@id\":\"https:\\\/\\\/www.elcony.com\\\/it\\\/#website\"},\"datePublished\":\"2025-01-14T21:58:22+00:00\",\"dateModified\":\"2025-12-11T18:52:50+00:00\",\"breadcrumb\":{\"@id\":\"https:\\\/\\\/www.elcony.com\\\/fr\\\/onboarding\\\/#breadcrumb\"},\"inLanguage\":\"fr-FR\",\"potentialAction\":[{\"@type\":\"ReadAction\",\"target\":[\"https:\\\/\\\/www.elcony.com\\\/fr\\\/onboarding\\\/\"]}]},{\"@type\":\"BreadcrumbList\",\"@id\":\"https:\\\/\\\/www.elcony.com\\\/fr\\\/onboarding\\\/#breadcrumb\",\"itemListElement\":[{\"@type\":\"ListItem\",\"position\":1,\"name\":\"Home\",\"item\":\"https:\\\/\\\/www.elcony.com\\\/fr\\\/\"},{\"@type\":\"ListItem\",\"position\":2,\"name\":\"Onboarding\"}]},{\"@type\":\"WebSite\",\"@id\":\"https:\\\/\\\/www.elcony.com\\\/it\\\/#website\",\"url\":\"https:\\\/\\\/www.elcony.com\\\/it\\\/\",\"name\":\"ELCONY\",\"description\":\"ARBO, VCA en SOG Opleidingen\",\"potentialAction\":[{\"@type\":\"SearchAction\",\"target\":{\"@type\":\"EntryPoint\",\"urlTemplate\":\"https:\\\/\\\/www.elcony.com\\\/it\\\/?s={search_term_string}\"},\"query-input\":{\"@type\":\"PropertyValueSpecification\",\"valueRequired\":true,\"valueName\":\"search_term_string\"}}],\"inLanguage\":\"fr-FR\"}]}<\/script>\n<!-- \/ Yoast SEO plugin. -->","yoast_head_json":{"title":"Onboarding &#8226; ELCONY","robots":{"index":"index","follow":"follow","max-snippet":"max-snippet:-1","max-image-preview":"max-image-preview:large","max-video-preview":"max-video-preview:-1"},"canonical":"https:\/\/www.elcony.com\/fr\/onboarding\/","schema":{"@context":"https:\/\/schema.org","@graph":[{"@type":"WebPage","@id":"https:\/\/www.elcony.com\/fr\/onboarding\/","url":"https:\/\/www.elcony.com\/fr\/onboarding\/","name":"Onboarding &#8226; ELCONY","isPartOf":{"@id":"https:\/\/www.elcony.com\/it\/#website"},"datePublished":"2025-01-14T21:58:22+00:00","dateModified":"2025-12-11T18:52:50+00:00","breadcrumb":{"@id":"https:\/\/www.elcony.com\/fr\/onboarding\/#breadcrumb"},"inLanguage":"fr-FR","potentialAction":[{"@type":"ReadAction","target":["https:\/\/www.elcony.com\/fr\/onboarding\/"]}]},{"@type":"BreadcrumbList","@id":"https:\/\/www.elcony.com\/fr\/onboarding\/#breadcrumb","itemListElement":[{"@type":"ListItem","position":1,"name":"Home","item":"https:\/\/www.elcony.com\/fr\/"},{"@type":"ListItem","position":2,"name":"Onboarding"}]},{"@type":"WebSite","@id":"https:\/\/www.elcony.com\/it\/#website","url":"https:\/\/www.elcony.com\/it\/","name":"ELCONY","description":"ARBO, VCA en SOG Opleidingen","potentialAction":[{"@type":"SearchAction","target":{"@type":"EntryPoint","urlTemplate":"https:\/\/www.elcony.com\/it\/?s={search_term_string}"},"query-input":{"@type":"PropertyValueSpecification","valueRequired":true,"valueName":"search_term_string"}}],"inLanguage":"fr-FR"}]}},"_links":{"self":[{"href":"https:\/\/www.elcony.com\/fr\/wp-json\/wp\/v2\/pages\/337802","targetHints":{"allow":["GET"]}}],"collection":[{"href":"https:\/\/www.elcony.com\/fr\/wp-json\/wp\/v2\/pages"}],"about":[{"href":"https:\/\/www.elcony.com\/fr\/wp-json\/wp\/v2\/types\/page"}],"author":[{"embeddable":true,"href":"https:\/\/www.elcony.com\/fr\/wp-json\/wp\/v2\/users\/1"}],"replies":[{"embeddable":true,"href":"https:\/\/www.elcony.com\/fr\/wp-json\/wp\/v2\/comments?post=337802"}],"version-history":[{"count":3,"href":"https:\/\/www.elcony.com\/fr\/wp-json\/wp\/v2\/pages\/337802\/revisions"}],"predecessor-version":[{"id":388959,"href":"https:\/\/www.elcony.com\/fr\/wp-json\/wp\/v2\/pages\/337802\/revisions\/388959"}],"wp:attachment":[{"href":"https:\/\/www.elcony.com\/fr\/wp-json\/wp\/v2\/media?parent=337802"}],"curies":[{"name":"wp","href":"https:\/\/api.w.org\/{rel}","templated":true}]}}