{"id":302901,"date":"2024-03-22T15:45:45","date_gmt":"2024-06-23T12:25:02","guid":{"rendered":"https:\/\/www.elcony.com\/product\/personne-adequatement-instruite-vop-nen-3140-cours-en-ligne-examen-en-ligne\/"},"modified":"2025-11-10T17:53:05","modified_gmt":"2025-11-10T16:53:05","slug":"302901","status":"publish","type":"product","link":"https:\/\/www.elcony.com\/fr\/produit\/302901\/","title":{"rendered":"Personne Ad\u00e9quatement Instruite (VOP) NEN 3140 &#8211; Cours en ligne + Examen en ligne"},"content":{"rendered":"<div class=\"fusion-fullwidth fullwidth-box fusion-builder-row-1 fusion-flex-container has-pattern-background has-mask-background nonhundred-percent-fullwidth non-hundred-percent-height-scrolling\" style=\"--awb-border-radius-top-left:0px;--awb-border-radius-top-right:0px;--awb-border-radius-bottom-right:0px;--awb-border-radius-bottom-left:0px;--awb-flex-wrap:wrap;\" ><div class=\"fusion-builder-row fusion-row fusion-flex-align-items-flex-start fusion-flex-content-wrap\" style=\"max-width:101%;margin-left: calc(-1% \/ 2 );margin-right: calc(-1% \/ 2 );\"><div class=\"fusion-layout-column fusion_builder_column fusion-builder-column-0 fusion_builder_column_1_1 1_1 fusion-flex-column\" style=\"--awb-bg-size:cover;--awb-width-large:100%;--awb-margin-top-large:5px;--awb-spacing-right-large:0.495%;--awb-margin-bottom-large:5px;--awb-spacing-left-large:0.495%;--awb-width-medium:100%;--awb-order-medium:0;--awb-spacing-right-medium:0.495%;--awb-spacing-left-medium:0.495%;--awb-width-small:100%;--awb-order-small:0;--awb-spacing-right-small:0.495%;--awb-spacing-left-small:0.495%;\"><div class=\"fusion-column-wrapper fusion-column-has-shadow fusion-flex-justify-content-flex-start fusion-content-layout-column\"><div class=\"fusion-text fusion-text-1\"><p>\u00c0 la fin du cours, vous serez au courant de tous les risques li\u00e9s au travail sur et \u00e0 proximit\u00e9 des installations \u00e9lectriques. Vous pourrez \u00e9galement prendre les mesures n\u00e9cessaires pour effectuer les travaux en toute s\u00e9curit\u00e9.<\/p>\n<p>Le cours se compose de le\u00e7ons que vous pouvez \u00e9tudier sur votre t\u00e9l\u00e9phone, tablette ou ordinateur. Vous pouvez consulter le mat\u00e9riel d&#8217;apprentissage aussi souvent que vous le souhaitez. Ainsi, vous serez parfaitement pr\u00e9par\u00e9 pour l&#8217;examen qui cl\u00f4ture le cours. En cas de r\u00e9ussite, nous vous enverrons le certificat.<\/p>\n<\/div><ul style=\"--awb-line-height:30.6px;--awb-icon-width:30.6px;--awb-icon-height:30.6px;--awb-icon-margin:12.6px;--awb-content-margin:43.2px;--awb-circlecolor:#5894e8;--awb-circle-yes-font-size:15.84px;\" class=\"fusion-checklist fusion-checklist-1 fusion-checklist-default type-icons\"><li class=\"fusion-li-item\" style=\"\"><span class=\"icon-wrapper circle-yes\"><i class=\"fusion-li-icon awb-icon-check\" aria-hidden=\"true\"><\/i><\/span><div class=\"fusion-li-item-content\">\n<p>Choisissez parmi 20 langues.<\/p>\n<\/div><\/li><li class=\"fusion-li-item\" style=\"\"><span class=\"icon-wrapper circle-yes\"><i class=\"fusion-li-icon awb-icon-check\" aria-hidden=\"true\"><\/i><\/span><div class=\"fusion-li-item-content\">\n<p>Le cours est disponible pendant 60 jours.<\/p>\n<\/div><\/li><\/ul><\/div><\/div><\/div><\/div>\n","protected":false},"excerpt":{"rendered":"","protected":false},"featured_media":285833,"template":"","meta":[],"product_brand":[],"product_cat":[9330],"product_tag":[],"class_list":{"0":"post-302901","1":"product","2":"type-product","3":"status-publish","4":"has-post-thumbnail","6":"product_cat-elcony-fr","8":"first","9":"instock","10":"taxable","11":"shipping-taxable","12":"purchasable","13":"product-type-variable"},"yoast_head":"<!-- This site is optimized with the Yoast SEO plugin v27.5 - https:\/\/yoast.com\/product\/yoast-seo-wordpress\/ -->\n<title>Personne Ad\u00e9quatement Instruite (VOP) NEN 3140 - Cours en ligne + Examen en ligne &#8226; ELCONY<\/title>\n<meta name=\"robots\" content=\"noindex, follow\" \/>\n<script type=\"application\/ld+json\" class=\"yoast-schema-graph\">{\"@context\":\"https:\\\/\\\/schema.org\",\"@graph\":[{\"@type\":\"WebPage\",\"@id\":\"https:\\\/\\\/www.elcony.com\\\/fr\\\/produit\\\/302901\\\/\",\"url\":\"https:\\\/\\\/www.elcony.com\\\/fr\\\/produit\\\/302901\\\/\",\"name\":\"Personne Ad\u00e9quatement Instruite (VOP) NEN 3140 - Cours en ligne + Examen en ligne &#8226; ELCONY\",\"isPartOf\":{\"@id\":\"https:\\\/\\\/www.elcony.com\\\/it\\\/#website\"},\"primaryImageOfPage\":{\"@id\":\"https:\\\/\\\/www.elcony.com\\\/fr\\\/produit\\\/302901\\\/#primaryimage\"},\"image\":{\"@id\":\"https:\\\/\\\/www.elcony.com\\\/fr\\\/produit\\\/302901\\\/#primaryimage\"},\"thumbnailUrl\":\"https:\\\/\\\/www.elcony.com\\\/wp-content\\\/uploads\\\/2024\\\/06\\\/Aardlekschakelaars-675267964-800x533-1.png\",\"datePublished\":\"2024-06-23T12:25:02+00:00\",\"dateModified\":\"2025-11-10T16:53:05+00:00\",\"breadcrumb\":{\"@id\":\"https:\\\/\\\/www.elcony.com\\\/fr\\\/produit\\\/302901\\\/#breadcrumb\"},\"inLanguage\":\"fr-FR\",\"potentialAction\":[{\"@type\":\"ReadAction\",\"target\":[\"https:\\\/\\\/www.elcony.com\\\/fr\\\/produit\\\/302901\\\/\"]}]},{\"@type\":\"ImageObject\",\"inLanguage\":\"fr-FR\",\"@id\":\"https:\\\/\\\/www.elcony.com\\\/fr\\\/produit\\\/302901\\\/#primaryimage\",\"url\":\"https:\\\/\\\/www.elcony.com\\\/wp-content\\\/uploads\\\/2024\\\/06\\\/Aardlekschakelaars-675267964-800x533-1.png\",\"contentUrl\":\"https:\\\/\\\/www.elcony.com\\\/wp-content\\\/uploads\\\/2024\\\/06\\\/Aardlekschakelaars-675267964-800x533-1.png\",\"width\":800,\"height\":533},{\"@type\":\"BreadcrumbList\",\"@id\":\"https:\\\/\\\/www.elcony.com\\\/fr\\\/produit\\\/302901\\\/#breadcrumb\",\"itemListElement\":[{\"@type\":\"ListItem\",\"position\":1,\"name\":\"Home\",\"item\":\"https:\\\/\\\/www.elcony.com\\\/fr\\\/\"},{\"@type\":\"ListItem\",\"position\":2,\"name\":\"Prodotti\",\"item\":\"https:\\\/\\\/www.elcony.com\\\/it\\\/shop\\\/\"},{\"@type\":\"ListItem\",\"position\":3,\"name\":\"Personne Ad\u00e9quatement Instruite (VOP) NEN 3140 &#8211; Cours en ligne + Examen en ligne\"}]},{\"@type\":\"WebSite\",\"@id\":\"https:\\\/\\\/www.elcony.com\\\/it\\\/#website\",\"url\":\"https:\\\/\\\/www.elcony.com\\\/it\\\/\",\"name\":\"ELCONY\",\"description\":\"ARBO, VCA en SOG Opleidingen\",\"potentialAction\":[{\"@type\":\"SearchAction\",\"target\":{\"@type\":\"EntryPoint\",\"urlTemplate\":\"https:\\\/\\\/www.elcony.com\\\/it\\\/?s={search_term_string}\"},\"query-input\":{\"@type\":\"PropertyValueSpecification\",\"valueRequired\":true,\"valueName\":\"search_term_string\"}}],\"inLanguage\":\"fr-FR\"}]}<\/script>\n<!-- \/ Yoast SEO plugin. -->","yoast_head_json":{"title":"Personne Ad\u00e9quatement Instruite (VOP) NEN 3140 - Cours en ligne + Examen en ligne &#8226; ELCONY","robots":{"index":"noindex","follow":"follow"},"schema":{"@context":"https:\/\/schema.org","@graph":[{"@type":"WebPage","@id":"https:\/\/www.elcony.com\/fr\/produit\/302901\/","url":"https:\/\/www.elcony.com\/fr\/produit\/302901\/","name":"Personne Ad\u00e9quatement Instruite (VOP) NEN 3140 - Cours en ligne + Examen en ligne &#8226; ELCONY","isPartOf":{"@id":"https:\/\/www.elcony.com\/it\/#website"},"primaryImageOfPage":{"@id":"https:\/\/www.elcony.com\/fr\/produit\/302901\/#primaryimage"},"image":{"@id":"https:\/\/www.elcony.com\/fr\/produit\/302901\/#primaryimage"},"thumbnailUrl":"https:\/\/www.elcony.com\/wp-content\/uploads\/2024\/06\/Aardlekschakelaars-675267964-800x533-1.png","datePublished":"2024-06-23T12:25:02+00:00","dateModified":"2025-11-10T16:53:05+00:00","breadcrumb":{"@id":"https:\/\/www.elcony.com\/fr\/produit\/302901\/#breadcrumb"},"inLanguage":"fr-FR","potentialAction":[{"@type":"ReadAction","target":["https:\/\/www.elcony.com\/fr\/produit\/302901\/"]}]},{"@type":"ImageObject","inLanguage":"fr-FR","@id":"https:\/\/www.elcony.com\/fr\/produit\/302901\/#primaryimage","url":"https:\/\/www.elcony.com\/wp-content\/uploads\/2024\/06\/Aardlekschakelaars-675267964-800x533-1.png","contentUrl":"https:\/\/www.elcony.com\/wp-content\/uploads\/2024\/06\/Aardlekschakelaars-675267964-800x533-1.png","width":800,"height":533},{"@type":"BreadcrumbList","@id":"https:\/\/www.elcony.com\/fr\/produit\/302901\/#breadcrumb","itemListElement":[{"@type":"ListItem","position":1,"name":"Home","item":"https:\/\/www.elcony.com\/fr\/"},{"@type":"ListItem","position":2,"name":"Prodotti","item":"https:\/\/www.elcony.com\/it\/shop\/"},{"@type":"ListItem","position":3,"name":"Personne Ad\u00e9quatement Instruite (VOP) NEN 3140 &#8211; Cours en ligne + Examen en ligne"}]},{"@type":"WebSite","@id":"https:\/\/www.elcony.com\/it\/#website","url":"https:\/\/www.elcony.com\/it\/","name":"ELCONY","description":"ARBO, VCA en SOG Opleidingen","potentialAction":[{"@type":"SearchAction","target":{"@type":"EntryPoint","urlTemplate":"https:\/\/www.elcony.com\/it\/?s={search_term_string}"},"query-input":{"@type":"PropertyValueSpecification","valueRequired":true,"valueName":"search_term_string"}}],"inLanguage":"fr-FR"}]}},"_links":{"self":[{"href":"https:\/\/www.elcony.com\/fr\/wp-json\/wp\/v2\/product\/302901","targetHints":{"allow":["GET"]}}],"collection":[{"href":"https:\/\/www.elcony.com\/fr\/wp-json\/wp\/v2\/product"}],"about":[{"href":"https:\/\/www.elcony.com\/fr\/wp-json\/wp\/v2\/types\/product"}],"wp:featuredmedia":[{"embeddable":true,"href":"https:\/\/www.elcony.com\/fr\/wp-json\/wp\/v2\/media\/285833"}],"wp:attachment":[{"href":"https:\/\/www.elcony.com\/fr\/wp-json\/wp\/v2\/media?parent=302901"}],"wp:term":[{"taxonomy":"product_brand","embeddable":true,"href":"https:\/\/www.elcony.com\/fr\/wp-json\/wp\/v2\/product_brand?post=302901"},{"taxonomy":"product_cat","embeddable":true,"href":"https:\/\/www.elcony.com\/fr\/wp-json\/wp\/v2\/product_cat?post=302901"},{"taxonomy":"product_tag","embeddable":true,"href":"https:\/\/www.elcony.com\/fr\/wp-json\/wp\/v2\/product_tag?post=302901"}],"curies":[{"name":"wp","href":"https:\/\/api.w.org\/{rel}","templated":true}]}}