{"id":322104,"date":"2024-08-01T16:54:20","date_gmt":"2024-08-01T14:54:20","guid":{"rendered":"https:\/\/www.elcony.com\/twin-ferrule\/"},"modified":"2026-02-06T20:16:36","modified_gmt":"2026-02-06T19:16:36","slug":"twin-ferrule","status":"publish","type":"page","link":"https:\/\/www.elcony.com\/hr\/twin-ferrule\/","title":{"rendered":"Twin Ferrule"},"content":{"rendered":"<div class=\"fusion-fullwidth fullwidth-box fusion-builder-row-1 has-pattern-background has-mask-background nonhundred-percent-fullwidth non-hundred-percent-height-scrolling\" style=\"--awb-border-radius-top-left:0px;--awb-border-radius-top-right:0px;--awb-border-radius-bottom-right:0px;--awb-border-radius-bottom-left:0px;--awb-flex-wrap:wrap;\" ><div class=\"fusion-builder-row fusion-row\"><div class=\"fusion-layout-column fusion_builder_column fusion-builder-column-0 fusion_builder_column_1_5 1_5 fusion-one-fifth fusion-column-first\" style=\"--awb-bg-blend:overlay;--awb-bg-size:cover;width:20%;width:calc(20% - ( ( 4% + 4% ) * 0.2 ) );margin-right: 4%;\"><div class=\"fusion-column-wrapper fusion-flex-column-wrapper-legacy\"><div class=\"fusion-clearfix\"><\/div><\/div><\/div><div class=\"fusion-layout-column fusion_builder_column fusion-builder-column-1 fusion_builder_column_3_5 3_5 fusion-three-fifth\" style=\"--awb-bg-blend:overlay;--awb-bg-size:cover;width:60%;width:calc(60% - ( ( 4% + 4% ) * 0.6 ) );margin-right: 4%;\"><div class=\"fusion-column-wrapper fusion-flex-column-wrapper-legacy\"><div class=\"fusion-text fusion-text-1\"><h1>Rad s Twin Ferrule fitinzima<\/h1>\n<p> Twin Ferrule fitinzi \u0161iroko se primjenjuju u (petro)kemijskoj industriji, instrumentaciji i procesnim postrojenjima. Ispravna monta\u017ea klju\u010dna je za sprje\u010davanje curenja, o\u0161te\u0107enja materijala i tro\u0161kova kvarova. Te\u010dajem Rad s Twin Ferrule fitinzima nau\u010dit \u0107ete ove fitinge montirati sigurno, ispravno i u skladu s va\u017ee\u0107im smjernicama. <\/p>\n<h2>\u0160to su Twin Ferrule fitinzi?<\/h2>\n<p> Twin Ferrule fitinzi sastoje se od prednjeg i stra\u017enjeg prstena koji zajedno osiguravaju pouzdanu i tla\u010dno otpornu vezu izme\u0111u cijevi i fitinga. \u010cesto se koriste u instrumentacijskim cjevovodima gdje se postavljaju visoki zahtjevi za sigurnost i preciznost. <\/p>\n<h2>Kome je namijenjen te\u010daj Rad s Twin Ferrule fitinzima?<\/h2>\n<ul>\n<li>Monterima i tehni\u010darima odr\u017eavanja.<\/li>\n<li>Monterima instrumentacije.<\/li>\n<li>Djelatnicima u (petro)kemijskoj industriji.<\/li>\n<li>Samostalnim poduzetnicima i vanjskim suradnicima.<\/li>\n<li>Tehni\u010dkom osoblju koje radi s cijevnim i instrumentacijskim fitinzima.<\/li>\n<\/ul>\n<h2>Rad s Twin Ferrule fitinzima bez SOG-a<\/h2>\n<h3>Ciljna skupina<\/h3>\n<p> Ova edukacija prikladna je za zaposlenike koji montiraju Twin Ferrule fitinge kod naru\u010ditelja kod kojih ne postoji SOG obveza. <\/p>\n<h3>Kada odabrati Twin Ferrule fitinge bez SOG-a?<\/h3>\n<ul>\n<li>Va\u0161 naru\u010ditelj ne zahtijeva SOG diplomu.<\/li>\n<li>Radite prema internim sigurnosnim i monta\u017enim procedurama.<\/li>\n<li>Tra\u017eite prakti\u010dno usmjereno osposobljavanje bez vanjskog SOG ispita.<\/li>\n<\/ul>\n<p> Nakon zavr\u0161etka dobivate diplomu s registracijom u <strong>ELCONY registru diploma<\/strong> te je <strong>valjana 5 godina<\/strong>. <\/p>\n<h3><strong>Trajanje te\u010daja i cijena<\/strong><\/h3>\n<ul>\n<li>1 dan uz postoje\u0107e predznanje putem na\u0161e online pripreme ili osvje\u017eavaju\u0107eg te\u010daja: <strong>\u20ac 255,00<\/strong> bez PDV-a<\/li>\n<li>2 dana bez prethodnog iskustva: <strong>\u20ac 455,00<\/strong> bez PDV-a<\/li>\n<\/ul>\n<h2 id=\"sog\">Rad s Twin Ferrule fitinzima sa SOG-om<\/h2>\n<h3>Ciljna skupina<\/h3>\n<p> SOG-priznati te\u010daj Rad s Twin Ferrule fitinzima namijenjen je zaposlenicima koji rade kod naru\u010ditelja gdje je obvezna slu\u017ebeno priznata SOG diploma. <\/p>\n<h3>Kada je Twin Ferrule (SOG) obvezan?<\/h3>\n<ul>\n<li>Pri radovima na (petro)kemijskim industrijskim lokacijama.<\/li>\n<li>Kod naru\u010ditelja koji rade prema SSVV zahtjevima.<\/li>\n<li>Tijekom zastoja u odr\u017eavanju i turnarounds.<\/li>\n<li>Na lokacijama sa strogo reguliranim sigurnosnim procedurama.<\/li>\n<\/ul>\n<p> Nakon polo\u017eenog ispita diploma se registrira u <strong>SSVV registru diploma<\/strong> te je valjana 5 godina. <\/p>\n<h3><strong>Trajanje te\u010daja i cijena<\/strong><\/h3>\n<ul>\n<li>1 dan uz postoje\u0107e predznanje putem na\u0161e online pripreme ili osvje\u017eavaju\u0107eg te\u010daja: <strong>\u20ac 369,00<\/strong> bez PDV-a<\/li>\n<li>2 dana bez prethodnog iskustva: <strong>\u20ac 569,00<\/strong> bez PDV-a<\/li>\n<\/ul>\n<h2>Lokacije<\/h2>\n<p> Te\u010daj Rad s Twin Ferrule fitinzima odr\u017eava se na vi\u0161e lokacija u Nizozemskoj, a mo\u017ee se organizirati i na va\u0161oj vlastitoj lokaciji. <\/p>\n<h2><strong>Kontakt<\/strong><\/h2>\n<p> Za vi\u0161e informacija ili prijavu mo\u017eete nazvati <strong>+31(0)88-2200100<\/strong> ili poslati e-mail na <strong><a href=\"&#x6d;&#97;i&#x6c;&#116;o&#x3a;&#x69;&#110;&#x66;&#x6f;&#64;e&#x6c;&#99;o&#x6e;&#x79;&#46;&#x63;&#x6f;&#109;\">&#105;&#x6e;&#102;&#x6f;&#64;&#x65;&#108;&#x63;&#111;&#x6e;&#121;&#x2e;&#99;&#x6f;&#109;<\/a><\/strong>.<\/p>\n<\/div><div class=\"fusion-clearfix\"><\/div><\/div><\/div><div class=\"fusion-layout-column fusion_builder_column fusion-builder-column-2 fusion_builder_column_1_5 1_5 fusion-one-fifth fusion-column-last\" style=\"--awb-bg-blend:overlay;--awb-bg-size:cover;width:20%;width:calc(20% - ( ( 4% + 4% ) * 0.2 ) );\"><div class=\"fusion-column-wrapper fusion-flex-column-wrapper-legacy\"><div class=\"fusion-clearfix\"><\/div><\/div><\/div><\/div><\/div>\n","protected":false},"excerpt":{"rendered":"","protected":false},"author":1,"featured_media":0,"parent":0,"menu_order":6,"comment_status":"closed","ping_status":"closed","template":"","meta":{"footnotes":""},"class_list":["post-322104","page","type-page","status-publish","hentry"],"yoast_head":"<!-- This site is optimized with the Yoast SEO plugin v27.5 - https:\/\/yoast.com\/product\/yoast-seo-wordpress\/ -->\n<title>Rad s Twin Ferrule fitinzima (SOG) \u2013 nacionalno i incompany<\/title>\n<meta name=\"description\" content=\"Nau\u010dite sigurno i ispravno raditi s Twin Ferrule fitinzima. Prakti\u010dno usmjeren te\u010daj za montere i djelatnike instrumentacije.\" \/>\n<meta name=\"robots\" content=\"index, follow, max-snippet:-1, max-image-preview:large, max-video-preview:-1\" \/>\n<link rel=\"canonical\" href=\"https:\/\/www.elcony.com\/werken-met-twin-ferrule-fittingen\/\" \/>\n<script type=\"application\/ld+json\" class=\"yoast-schema-graph\">{\"@context\":\"https:\\\/\\\/schema.org\",\"@graph\":[{\"@type\":\"WebPage\",\"@id\":\"https:\\\/\\\/www.elcony.com\\\/werken-met-twin-ferrule-fittingen\\\/\",\"url\":\"https:\\\/\\\/www.elcony.com\\\/werken-met-twin-ferrule-fittingen\\\/\",\"name\":\"Rad s Twin Ferrule fitinzima (SOG) \u2013 nacionalno i incompany\",\"isPartOf\":{\"@id\":\"https:\\\/\\\/www.elcony.com\\\/it\\\/#website\"},\"datePublished\":\"2024-08-01T14:54:20+00:00\",\"dateModified\":\"2026-02-06T19:16:36+00:00\",\"description\":\"Nau\u010dite sigurno i ispravno raditi s Twin Ferrule fitinzima. Prakti\u010dno usmjeren te\u010daj za montere i djelatnike instrumentacije.\",\"breadcrumb\":{\"@id\":\"https:\\\/\\\/www.elcony.com\\\/werken-met-twin-ferrule-fittingen\\\/#breadcrumb\"},\"inLanguage\":\"hr\",\"potentialAction\":[{\"@type\":\"ReadAction\",\"target\":[\"https:\\\/\\\/www.elcony.com\\\/werken-met-twin-ferrule-fittingen\\\/\"]}]},{\"@type\":\"BreadcrumbList\",\"@id\":\"https:\\\/\\\/www.elcony.com\\\/werken-met-twin-ferrule-fittingen\\\/#breadcrumb\",\"itemListElement\":[{\"@type\":\"ListItem\",\"position\":1,\"name\":\"Home\",\"item\":\"https:\\\/\\\/www.elcony.com\\\/hr\\\/\"},{\"@type\":\"ListItem\",\"position\":2,\"name\":\"Twin Ferrule\"}]},{\"@type\":\"WebSite\",\"@id\":\"https:\\\/\\\/www.elcony.com\\\/it\\\/#website\",\"url\":\"https:\\\/\\\/www.elcony.com\\\/it\\\/\",\"name\":\"ELCONY\",\"description\":\"ARBO, VCA en SOG Opleidingen\",\"potentialAction\":[{\"@type\":\"SearchAction\",\"target\":{\"@type\":\"EntryPoint\",\"urlTemplate\":\"https:\\\/\\\/www.elcony.com\\\/it\\\/?s={search_term_string}\"},\"query-input\":{\"@type\":\"PropertyValueSpecification\",\"valueRequired\":true,\"valueName\":\"search_term_string\"}}],\"inLanguage\":\"hr\"}]}<\/script>\n<!-- \/ Yoast SEO plugin. -->","yoast_head_json":{"title":"Rad s Twin Ferrule fitinzima (SOG) \u2013 nacionalno i incompany","description":"Nau\u010dite sigurno i ispravno raditi s Twin Ferrule fitinzima. Prakti\u010dno usmjeren te\u010daj za montere i djelatnike instrumentacije.","robots":{"index":"index","follow":"follow","max-snippet":"max-snippet:-1","max-image-preview":"max-image-preview:large","max-video-preview":"max-video-preview:-1"},"canonical":"https:\/\/www.elcony.com\/werken-met-twin-ferrule-fittingen\/","schema":{"@context":"https:\/\/schema.org","@graph":[{"@type":"WebPage","@id":"https:\/\/www.elcony.com\/werken-met-twin-ferrule-fittingen\/","url":"https:\/\/www.elcony.com\/werken-met-twin-ferrule-fittingen\/","name":"Rad s Twin Ferrule fitinzima (SOG) \u2013 nacionalno i incompany","isPartOf":{"@id":"https:\/\/www.elcony.com\/it\/#website"},"datePublished":"2024-08-01T14:54:20+00:00","dateModified":"2026-02-06T19:16:36+00:00","description":"Nau\u010dite sigurno i ispravno raditi s Twin Ferrule fitinzima. Prakti\u010dno usmjeren te\u010daj za montere i djelatnike instrumentacije.","breadcrumb":{"@id":"https:\/\/www.elcony.com\/werken-met-twin-ferrule-fittingen\/#breadcrumb"},"inLanguage":"hr","potentialAction":[{"@type":"ReadAction","target":["https:\/\/www.elcony.com\/werken-met-twin-ferrule-fittingen\/"]}]},{"@type":"BreadcrumbList","@id":"https:\/\/www.elcony.com\/werken-met-twin-ferrule-fittingen\/#breadcrumb","itemListElement":[{"@type":"ListItem","position":1,"name":"Home","item":"https:\/\/www.elcony.com\/hr\/"},{"@type":"ListItem","position":2,"name":"Twin Ferrule"}]},{"@type":"WebSite","@id":"https:\/\/www.elcony.com\/it\/#website","url":"https:\/\/www.elcony.com\/it\/","name":"ELCONY","description":"ARBO, VCA en SOG Opleidingen","potentialAction":[{"@type":"SearchAction","target":{"@type":"EntryPoint","urlTemplate":"https:\/\/www.elcony.com\/it\/?s={search_term_string}"},"query-input":{"@type":"PropertyValueSpecification","valueRequired":true,"valueName":"search_term_string"}}],"inLanguage":"hr"}]}},"_links":{"self":[{"href":"https:\/\/www.elcony.com\/hr\/wp-json\/wp\/v2\/pages\/322104","targetHints":{"allow":["GET"]}}],"collection":[{"href":"https:\/\/www.elcony.com\/hr\/wp-json\/wp\/v2\/pages"}],"about":[{"href":"https:\/\/www.elcony.com\/hr\/wp-json\/wp\/v2\/types\/page"}],"author":[{"embeddable":true,"href":"https:\/\/www.elcony.com\/hr\/wp-json\/wp\/v2\/users\/1"}],"replies":[{"embeddable":true,"href":"https:\/\/www.elcony.com\/hr\/wp-json\/wp\/v2\/comments?post=322104"}],"version-history":[{"count":3,"href":"https:\/\/www.elcony.com\/hr\/wp-json\/wp\/v2\/pages\/322104\/revisions"}],"predecessor-version":[{"id":391449,"href":"https:\/\/www.elcony.com\/hr\/wp-json\/wp\/v2\/pages\/322104\/revisions\/391449"}],"wp:attachment":[{"href":"https:\/\/www.elcony.com\/hr\/wp-json\/wp\/v2\/media?parent=322104"}],"curies":[{"name":"wp","href":"https:\/\/api.w.org\/{rel}","templated":true}]}}