{"id":326889,"date":"2024-08-13T13:17:43","date_gmt":"2024-08-13T11:17:43","guid":{"rendered":"https:\/\/www.elcony.com\/mjerenje-plinova\/"},"modified":"2026-02-06T13:17:54","modified_gmt":"2026-02-06T12:17:54","slug":"mjerenje-plinova","status":"publish","type":"page","link":"https:\/\/www.elcony.com\/hr\/mjerenje-plinova\/","title":{"rendered":"Mjerenje plinova"},"content":{"rendered":"<div class=\"fusion-fullwidth fullwidth-box fusion-builder-row-1 has-pattern-background has-mask-background nonhundred-percent-fullwidth non-hundred-percent-height-scrolling\" style=\"--awb-border-radius-top-left:0px;--awb-border-radius-top-right:0px;--awb-border-radius-bottom-right:0px;--awb-border-radius-bottom-left:0px;--awb-flex-wrap:wrap;\" ><div class=\"fusion-builder-row fusion-row\"><div class=\"fusion-layout-column fusion_builder_column fusion-builder-column-0 fusion_builder_column_1_5 1_5 fusion-one-fifth fusion-column-first\" style=\"--awb-bg-blend:overlay;--awb-bg-size:cover;width:20%;width:calc(20% - ( ( 4% + 4% ) * 0.2 ) );margin-right: 4%;\"><div class=\"fusion-column-wrapper fusion-flex-column-wrapper-legacy\"><div class=\"fusion-clearfix\"><\/div><\/div><\/div><div class=\"fusion-layout-column fusion_builder_column fusion-builder-column-1 fusion_builder_column_3_5 3_5 fusion-three-fifth\" style=\"--awb-padding-bottom:20px;--awb-bg-blend:overlay;--awb-bg-size:cover;--awb-margin-top:0px;--awb-margin-bottom:0px;width:60%;width:calc(60% - ( ( 4% + 4% ) * 0.6 ) );margin-right: 4%;\"><div class=\"fusion-column-wrapper fusion-flex-column-wrapper-legacy\"><div class=\"fusion-text fusion-text-1\"><h1>Te\u010daj mjerenja plinova<\/h1>\n<p> Mjerenje plinova je klju\u010dna sigurnosna aktivnost u industrijskim okru\u017eenjima gdje se radi s opasnim tvarima, u zatvorenim prostorima ili u eksplozivnim atmosferama. Te\u010dajem mjerenja plinova u\u010dite kako pravilno provoditi mjerenja, tuma\u010diti rezultate i pravovremeno prepoznati rizike. <\/p>\n<h2>\u0160to je mjerenje plinova?<\/h2>\n<p> Mjerenje plinova podrazumijeva provjeru prisutnosti i koncentracije opasnih plinova, para i kisika u radnom okru\u017eenju. Cilj je sprije\u010diti rizike poput eksplozije, trovanja i gu\u0161enja. Mjerenja plinova provode se prije i tijekom radova, primjerice u spremnicima, cjevovodima, zatvorenim prostorima i procesnim instalacijama. <\/p>\n<h2>Kome je namijenjen te\u010daj mjerenja plinova?<\/h2>\n<p> Te\u010daj mjerenja plinova namijenjen je zaposlenicima koji su odgovorni za provo\u0111enje i procjenu mjerenja plinova, kao \u0161to su: <\/p>\n<ul>\n<li>Monteri i tehni\u010dari odr\u017eavanja.<\/li>\n<li>Operateri i nadzornici.<\/li>\n<li>Zaposlenici u (petro)kemijskoj industriji i industriji.<\/li>\n<li>Samozaposlene osobe i izvo\u0111a\u010di radova.<\/li>\n<li>Radnici koji rade u zatvorenim prostorima.<\/li>\n<\/ul>\n<h2>Mjerenje plinova bez SOG ili NOGEPA<\/h2>\n<h3>Ciljna skupina<\/h3>\n<p> Ova edukacija prikladna je za zaposlenike koji provode mjerenja plinova unutar organizacija ili kod naru\u010ditelja za koje ne vrijedi obveza SOG-a ili NOGEPA-e. <\/p>\n<h3>Kada odabrati mjerenje plinova bez SOG-a ili NOGEPA-e?<\/h3>\n<p> Mjerenje plinova (ELCONY) odabirete kada: <\/p>\n<ul>\n<li>Va\u0161 naru\u010ditelj ne zahtijeva SOG ili NOGEPA diplomu<\/li>\n<li>Radite u okviru internih sigurnosnih procedura<\/li>\n<li>Tra\u017eite prakti\u010dnu i pristupa\u010dnu edukaciju<\/li>\n<\/ul>\n<p> Nakon zavr\u0161etka dobivate diplomu s upisom u <strong>ELCONY registar diploma<\/strong> koja vrijedi <strong>5 godina<\/strong>. <\/p>\n<h3>Trajanje te\u010daja i cijena<\/h3>\n<ul>\n<li>1 dan uz postoje\u0107e predznanje putem na\u0161e online pripreme ili te\u010daja osvje\u017eavanja: <strong>\u20ac 255,00<\/strong> bez PDV-a<\/li>\n<li>2 dana bez prethodnog iskustva: <strong>\u20ac 455,00<\/strong> bez PDV-a<\/li>\n<\/ul>\n<h2>Mjerenje plinova sa SOG-om<\/h2>\n<h3>Ciljna skupina<\/h3>\n<p> Te\u010daj mjerenja plinova priznat po SOG-u namijenjen je zaposlenicima koji rade kod naru\u010ditelja gdje je obvezna slu\u017ebeno priznata diploma. <\/p>\n<h3>Kada je mjerenje plinova (SOG) obvezno?<\/h3>\n<p> Mjerenje plinova sa SOG-om obvezno je kada radite: <\/p>\n<ul>\n<li>U (petro)kemijskoj industriji.<\/li>\n<li>Tijekom industrijskih zastoja odr\u017eavanja.<\/li>\n<li>Za naru\u010ditelje koji rade prema zahtjevima SSVV-a ili NOGEPA-e.<\/li>\n<li>Na lokacijama gdje je sigurnost strogo regulirana.<\/li>\n<\/ul>\n<p> Nakon polo\u017eenog ispita diploma se upisuje u <strong>SSVV registar diploma<\/strong> i vrijedi <strong>3 godine<\/strong>. <\/p>\n<h3>Trajanje te\u010daja i cijena<\/h3>\n<ul>\n<li>1 dan uz postoje\u0107e predznanje putem na\u0161e online pripreme ili te\u010daja osvje\u017eavanja: <strong>\u20ac 369,00<\/strong> bez PDV-a<\/li>\n<li>2 dana bez prethodnog iskustva: <strong>\u20ac 569,00<\/strong> bez PDV-a<\/li>\n<\/ul>\n<h2>Lokacije<\/h2>\n<p> Te\u010daj mjerenja plinova odr\u017eava se na vi\u0161e lokacija u Nizozemskoj, a mo\u017ee se organizirati i na va\u0161oj vlastitoj lokaciji. <\/p>\n<h2>Kontakt<\/h2>\n<p> Za vi\u0161e informacija ili prijavu mo\u017eete nazvati <strong>+31(0)88-2200100<\/strong> ili poslati e-mail na <strong><a href=\"&#x6d;&#97;&#x69;&#108;t&#x6f;&#58;i&#x6e;&#102;&#x6f;&#x40;e&#x6c;&#99;o&#x6e;&#121;&#x2e;&#x63;o&#x6d;\">&#105;&#x6e;f&#x6f;&#x40;&#101;&#x6c;c&#x6f;&#x6e;&#121;&#x2e;c&#x6f;&#x6d;<\/a><\/strong>.<\/p>\n<\/div><div class=\"fusion-clearfix\"><\/div><\/div><\/div><div class=\"fusion-layout-column fusion_builder_column fusion-builder-column-2 fusion_builder_column_1_5 1_5 fusion-one-fifth fusion-column-last\" style=\"--awb-bg-blend:overlay;--awb-bg-size:cover;width:20%;width:calc(20% - ( ( 4% + 4% ) * 0.2 ) );\"><div class=\"fusion-column-wrapper fusion-flex-column-wrapper-legacy\"><div class=\"fusion-clearfix\"><\/div><\/div><\/div><\/div><\/div>\n","protected":false},"excerpt":{"rendered":"","protected":false},"author":1,"featured_media":0,"parent":0,"menu_order":5,"comment_status":"closed","ping_status":"closed","template":"","meta":{"footnotes":""},"class_list":["post-326889","page","type-page","status-publish","hentry"],"yoast_head":"<!-- This site is optimized with the Yoast SEO plugin v27.6 - https:\/\/yoast.com\/product\/yoast-seo-wordpress\/ -->\n<title>Te\u010daj mjerenja plinova (SOG) | Nacionalno &amp; Incompany<\/title>\n<meta name=\"description\" content=\"Poha\u0111ajte te\u010daj mjerenja plinova sa ili bez SOG-a. Nau\u010dite sigurno provoditi i tuma\u010diti mjerenja plinova. Priznato od strane SSVV-a, tako\u0111er mogu\u0107e na va\u0161oj lokaciji.\" \/>\n<meta name=\"robots\" content=\"index, follow, max-snippet:-1, max-image-preview:large, max-video-preview:-1\" \/>\n<link rel=\"canonical\" href=\"https:\/\/www.elcony.com\/hr\/mjerenje-plinova\/\" \/>\n<script type=\"application\/ld+json\" class=\"yoast-schema-graph\">{\"@context\":\"https:\\\/\\\/schema.org\",\"@graph\":[{\"@type\":\"WebPage\",\"@id\":\"https:\\\/\\\/www.elcony.com\\\/hr\\\/mjerenje-plinova\\\/\",\"url\":\"https:\\\/\\\/www.elcony.com\\\/hr\\\/mjerenje-plinova\\\/\",\"name\":\"Te\u010daj mjerenja plinova (SOG) | Nacionalno & Incompany\",\"isPartOf\":{\"@id\":\"https:\\\/\\\/www.elcony.com\\\/it\\\/#website\"},\"datePublished\":\"2024-08-13T11:17:43+00:00\",\"dateModified\":\"2026-02-06T12:17:54+00:00\",\"description\":\"Poha\u0111ajte te\u010daj mjerenja plinova sa ili bez SOG-a. Nau\u010dite sigurno provoditi i tuma\u010diti mjerenja plinova. Priznato od strane SSVV-a, tako\u0111er mogu\u0107e na va\u0161oj lokaciji.\",\"breadcrumb\":{\"@id\":\"https:\\\/\\\/www.elcony.com\\\/hr\\\/mjerenje-plinova\\\/#breadcrumb\"},\"inLanguage\":\"hr\",\"potentialAction\":[{\"@type\":\"ReadAction\",\"target\":[\"https:\\\/\\\/www.elcony.com\\\/hr\\\/mjerenje-plinova\\\/\"]}]},{\"@type\":\"BreadcrumbList\",\"@id\":\"https:\\\/\\\/www.elcony.com\\\/hr\\\/mjerenje-plinova\\\/#breadcrumb\",\"itemListElement\":[{\"@type\":\"ListItem\",\"position\":1,\"name\":\"Home\",\"item\":\"https:\\\/\\\/www.elcony.com\\\/hr\\\/\"},{\"@type\":\"ListItem\",\"position\":2,\"name\":\"Mjerenje plinova\"}]},{\"@type\":\"WebSite\",\"@id\":\"https:\\\/\\\/www.elcony.com\\\/it\\\/#website\",\"url\":\"https:\\\/\\\/www.elcony.com\\\/it\\\/\",\"name\":\"ELCONY\",\"description\":\"ARBO, VCA en SOG Opleidingen\",\"potentialAction\":[{\"@type\":\"SearchAction\",\"target\":{\"@type\":\"EntryPoint\",\"urlTemplate\":\"https:\\\/\\\/www.elcony.com\\\/it\\\/?s={search_term_string}\"},\"query-input\":{\"@type\":\"PropertyValueSpecification\",\"valueRequired\":true,\"valueName\":\"search_term_string\"}}],\"inLanguage\":\"hr\"}]}<\/script>\n<!-- \/ Yoast SEO plugin. -->","yoast_head_json":{"title":"Te\u010daj mjerenja plinova (SOG) | Nacionalno & Incompany","description":"Poha\u0111ajte te\u010daj mjerenja plinova sa ili bez SOG-a. Nau\u010dite sigurno provoditi i tuma\u010diti mjerenja plinova. Priznato od strane SSVV-a, tako\u0111er mogu\u0107e na va\u0161oj lokaciji.","robots":{"index":"index","follow":"follow","max-snippet":"max-snippet:-1","max-image-preview":"max-image-preview:large","max-video-preview":"max-video-preview:-1"},"canonical":"https:\/\/www.elcony.com\/hr\/mjerenje-plinova\/","schema":{"@context":"https:\/\/schema.org","@graph":[{"@type":"WebPage","@id":"https:\/\/www.elcony.com\/hr\/mjerenje-plinova\/","url":"https:\/\/www.elcony.com\/hr\/mjerenje-plinova\/","name":"Te\u010daj mjerenja plinova (SOG) | Nacionalno & Incompany","isPartOf":{"@id":"https:\/\/www.elcony.com\/it\/#website"},"datePublished":"2024-08-13T11:17:43+00:00","dateModified":"2026-02-06T12:17:54+00:00","description":"Poha\u0111ajte te\u010daj mjerenja plinova sa ili bez SOG-a. Nau\u010dite sigurno provoditi i tuma\u010diti mjerenja plinova. Priznato od strane SSVV-a, tako\u0111er mogu\u0107e na va\u0161oj lokaciji.","breadcrumb":{"@id":"https:\/\/www.elcony.com\/hr\/mjerenje-plinova\/#breadcrumb"},"inLanguage":"hr","potentialAction":[{"@type":"ReadAction","target":["https:\/\/www.elcony.com\/hr\/mjerenje-plinova\/"]}]},{"@type":"BreadcrumbList","@id":"https:\/\/www.elcony.com\/hr\/mjerenje-plinova\/#breadcrumb","itemListElement":[{"@type":"ListItem","position":1,"name":"Home","item":"https:\/\/www.elcony.com\/hr\/"},{"@type":"ListItem","position":2,"name":"Mjerenje plinova"}]},{"@type":"WebSite","@id":"https:\/\/www.elcony.com\/it\/#website","url":"https:\/\/www.elcony.com\/it\/","name":"ELCONY","description":"ARBO, VCA en SOG Opleidingen","potentialAction":[{"@type":"SearchAction","target":{"@type":"EntryPoint","urlTemplate":"https:\/\/www.elcony.com\/it\/?s={search_term_string}"},"query-input":{"@type":"PropertyValueSpecification","valueRequired":true,"valueName":"search_term_string"}}],"inLanguage":"hr"}]}},"_links":{"self":[{"href":"https:\/\/www.elcony.com\/hr\/wp-json\/wp\/v2\/pages\/326889","targetHints":{"allow":["GET"]}}],"collection":[{"href":"https:\/\/www.elcony.com\/hr\/wp-json\/wp\/v2\/pages"}],"about":[{"href":"https:\/\/www.elcony.com\/hr\/wp-json\/wp\/v2\/types\/page"}],"author":[{"embeddable":true,"href":"https:\/\/www.elcony.com\/hr\/wp-json\/wp\/v2\/users\/1"}],"replies":[{"embeddable":true,"href":"https:\/\/www.elcony.com\/hr\/wp-json\/wp\/v2\/comments?post=326889"}],"version-history":[{"count":3,"href":"https:\/\/www.elcony.com\/hr\/wp-json\/wp\/v2\/pages\/326889\/revisions"}],"predecessor-version":[{"id":391198,"href":"https:\/\/www.elcony.com\/hr\/wp-json\/wp\/v2\/pages\/326889\/revisions\/391198"}],"wp:attachment":[{"href":"https:\/\/www.elcony.com\/hr\/wp-json\/wp\/v2\/media?parent=326889"}],"curies":[{"name":"wp","href":"https:\/\/api.w.org\/{rel}","templated":true}]}}