{"id":327020,"date":"2024-08-14T09:14:49","date_gmt":"2024-08-14T07:14:49","guid":{"rendered":"https:\/\/www.elcony.com\/torque-i-tensioning\/"},"modified":"2026-02-06T13:53:50","modified_gmt":"2026-02-06T12:53:50","slug":"torque-i-tensioning","status":"publish","type":"page","link":"https:\/\/www.elcony.com\/hr\/torque-i-tensioning\/","title":{"rendered":"Moment zatezanja i napinjanje"},"content":{"rendered":"<div class=\"fusion-fullwidth fullwidth-box fusion-builder-row-1 fusion-flex-container has-pattern-background has-mask-background nonhundred-percent-fullwidth non-hundred-percent-height-scrolling\" style=\"--awb-border-radius-top-left:0px;--awb-border-radius-top-right:0px;--awb-border-radius-bottom-right:0px;--awb-border-radius-bottom-left:0px;--awb-flex-wrap:wrap;\" ><div class=\"fusion-builder-row fusion-row fusion-flex-align-items-flex-start fusion-flex-content-wrap\" style=\"max-width:101%;margin-left: calc(-1% \/ 2 );margin-right: calc(-1% \/ 2 );\"><div class=\"fusion-layout-column fusion_builder_column fusion-builder-column-0 fusion_builder_column_1_5 1_5 fusion-flex-column\" style=\"--awb-bg-size:cover;--awb-width-large:20%;--awb-margin-top-large:5px;--awb-spacing-right-large:2.475%;--awb-margin-bottom-large:5px;--awb-spacing-left-large:2.475%;--awb-width-medium:100%;--awb-order-medium:0;--awb-spacing-right-medium:0.495%;--awb-spacing-left-medium:0.495%;--awb-width-small:100%;--awb-order-small:0;--awb-spacing-right-small:0.495%;--awb-spacing-left-small:0.495%;\"><div class=\"fusion-column-wrapper fusion-column-has-shadow fusion-flex-justify-content-flex-start fusion-content-layout-column\"><\/div><\/div><div class=\"fusion-layout-column fusion_builder_column fusion-builder-column-1 fusion_builder_column_3_5 3_5 fusion-flex-column\" style=\"--awb-bg-size:cover;--awb-width-large:60%;--awb-margin-top-large:5px;--awb-spacing-right-large:0.825%;--awb-margin-bottom-large:5px;--awb-spacing-left-large:0.825%;--awb-width-medium:100%;--awb-order-medium:0;--awb-spacing-right-medium:0.495%;--awb-spacing-left-medium:0.495%;--awb-width-small:100%;--awb-order-small:0;--awb-spacing-right-small:0.495%;--awb-spacing-left-small:0.495%;\"><div class=\"fusion-column-wrapper fusion-column-has-shadow fusion-flex-justify-content-flex-start fusion-content-layout-column\"><div class=\"fusion-text fusion-text-1\"><h1>Te\u010daj momenta zatezanja i napinjanja<\/h1>\n<p> Rad s opremom za moment zatezanja i napinjanje zahtijeva specijalizirana stru\u010dna znanja, preciznost i pravilno pra\u0107enje utvr\u0111enih procedura. Kroz te\u010daj momenta zatezanja i napinjanja nau\u010dit \u0107ete sigurno, kontrolirano i u skladu s va\u017ee\u0107im normama raditi na vij\u010danim spojevima u industrijskim okru\u017eenjima. <\/p>\n<h2>\u0160to su moment zatezanja i napinjanje?<\/h2>\n<p> Moment zatezanja i napinjanje su kontrolirane metode za zatezanje i otpu\u0161tanje vij\u010danih spojeva. Moment zatezanja koristi unaprijed zadanu vrijednost okretnog momenta, dok napinjanje djeluje putem istezanja vijka hidrauli\u010dkim naprezanjem. Obje tehnike klju\u010dne su za sigurne i pouzdane prirubni\u010dke i vij\u010dane spojeve. <\/p>\n<h2>Kome je namijenjen te\u010daj momenta zatezanja i napinjanja?<\/h2>\n<ul>\n<li>Monterima i tehni\u010darima odr\u017eavanja.<\/li>\n<li>Zaposlenicima u (petro)kemijskoj industriji.<\/li>\n<li>Tehni\u010dkom osoblju koje radi na vij\u010danim i prirubni\u010dkim spojevima.<\/li>\n<li>Samozaposlenim osobama i izvo\u0111a\u010dima radova.<\/li>\n<\/ul>\n<h2>Moment zatezanja i napinjanje bez SOG-a<\/h2>\n<h3>Ciljna skupina<\/h3>\n<p> Ova edukacija prikladna je za montere koji rade s hidrauli\u010dkom opremom za moment zatezanja i napinjanje kod naru\u010ditelja za koje ne vrijedi obveza SOG-a. <\/p>\n<h3>Kada odabrati moment zatezanja i napinjanje bez SOG-a?<\/h3>\n<ul>\n<li>Va\u0161 naru\u010ditelj ne zahtijeva SOG diplomu.<\/li>\n<li>Radite prema internim sigurnosnim procedurama.<\/li>\n<li>\u017delite prakti\u010dno u\u010denje bez vanjskog SOG ispita.<\/li>\n<\/ul>\n<p> Nakon zavr\u0161etka dobivate diplomu s upisom u <strong>ELCONY registar diploma<\/strong> koja je <strong>valjana 5 godina<\/strong>. <\/p>\n<h3>Trajanje te\u010daja i <strong>cijena<\/strong><\/h3>\n<ul>\n<li>1 dan uz postoje\u0107e predznanje putem na\u0161e online pripreme ili te\u010daja osvje\u017eavanja: <strong>\u20ac 285,00<\/strong> bez PDV-a<\/li>\n<li>2 dana bez prethodnog iskustva: <strong>\u20ac 485,00<\/strong> bez PDV-a<\/li>\n<\/ul>\n<h2>Moment zatezanja i napinjanje sa SOG-om<\/h2>\n<h3>Ciljna skupina<\/h3>\n<p> Te\u010daj momenta zatezanja i napinjanja priznat od SOG-a namijenjen je monterima koji rade kod naru\u010ditelja gdje je obvezna slu\u017ebeno priznata diploma. <\/p>\n<h3>Kada je moment zatezanja i napinjanje (SOG) obvezno?<\/h3>\n<ul>\n<li>Pri radovima u (petro)kemijskoj industriji.<\/li>\n<li>Tijekom zastoja odr\u017eavanja i velikih remonta (turnarounds).<\/li>\n<li>Kod naru\u010ditelja koji rade prema zahtjevima SSVV-a.<\/li>\n<li>Na lokacijama sa strogo reguliranim sigurnosnim procedurama.<\/li>\n<\/ul>\n<p> Nakon polo\u017eenog ispita diploma se registrira u <strong>SSVV registru diploma<\/strong> i <strong>vrijedi 5 godina<\/strong>. <\/p>\n<h3>Trajanje te\u010daja i cijena<\/h3>\n<ul>\n<li>1 dan uz postoje\u0107e predznanje putem na\u0161e online pripreme ili te\u010daja osvje\u017eavanja: <strong>\u20ac 359,00<\/strong> bez PDV-a<\/li>\n<li>2 dana bez prethodnog iskustva: <strong>\u20ac 559,00<\/strong> bez PDV-a<\/li>\n<\/ul>\n<h2>Lokacija<\/h2>\n<p> Te\u010dajevi se odr\u017eavaju na vi\u0161e lokacija u Nizozemskoj, a mogu se organizirati i na va\u0161oj vlastitoj lokaciji. <\/p>\n<h2>Kontakt<\/h2>\n<p> Za vi\u0161e informacija ili za prijavu mo\u017eete nazvati <strong>+31(0)88-2200100<\/strong> ili poslati e-mail na <strong><a href=\"&#x6d;&#97;&#x69;&#x6c;t&#x6f;&#58;i&#x6e;&#102;o&#x40;&#101;&#x6c;&#x63;o&#x6e;&#121;&#46;&#x63;&#111;m\">&#x69;&#x6e;&#x66;&#x6f;&#x40;&#x65;&#x6c;&#x63;&#x6f;&#x6e;&#x79;&#x2e;&#x63;&#x6f;&#x6d;<\/a><\/strong>.<\/p>\n<\/div><\/div><\/div><div class=\"fusion-layout-column fusion_builder_column fusion-builder-column-2 fusion_builder_column_1_5 1_5 fusion-flex-column\" style=\"--awb-bg-size:cover;--awb-width-large:20%;--awb-margin-top-large:5px;--awb-spacing-right-large:2.475%;--awb-margin-bottom-large:5px;--awb-spacing-left-large:2.475%;--awb-width-medium:100%;--awb-order-medium:0;--awb-spacing-right-medium:0.495%;--awb-spacing-left-medium:0.495%;--awb-width-small:100%;--awb-order-small:0;--awb-spacing-right-small:0.495%;--awb-spacing-left-small:0.495%;\"><div class=\"fusion-column-wrapper fusion-column-has-shadow fusion-flex-justify-content-flex-start fusion-content-layout-column\"><\/div><\/div><\/div><\/div>\n","protected":false},"excerpt":{"rendered":"","protected":false},"author":1,"featured_media":0,"parent":0,"menu_order":2,"comment_status":"closed","ping_status":"closed","template":"","meta":{"footnotes":""},"class_list":["post-327020","page","type-page","status-publish","hentry"],"yoast_head":"<!-- This site is optimized with the Yoast SEO plugin v27.3 - https:\/\/yoast.com\/product\/yoast-seo-wordpress\/ -->\n<title>Te\u010daj \u201eMoment zatezanja i napinjanje\u201c (SOG) | Tako\u0111er Incompany<\/title>\n<meta name=\"description\" content=\"Te\u010daj Torque &amp; Tensioning SOG ili ELCONY. Ispunite nizozemske norme, pri \u010demu je potrebna va\u017ee\u0107a SOG diploma.\" \/>\n<meta name=\"robots\" content=\"index, follow, max-snippet:-1, max-image-preview:large, max-video-preview:-1\" \/>\n<link rel=\"canonical\" href=\"https:\/\/www.elcony.com\/hr\/torque-i-tensioning\/\" \/>\n<script type=\"application\/ld+json\" class=\"yoast-schema-graph\">{\"@context\":\"https:\\\/\\\/schema.org\",\"@graph\":[{\"@type\":\"WebPage\",\"@id\":\"https:\\\/\\\/www.elcony.com\\\/hr\\\/torque-i-tensioning\\\/\",\"url\":\"https:\\\/\\\/www.elcony.com\\\/hr\\\/torque-i-tensioning\\\/\",\"name\":\"Te\u010daj \u201eMoment zatezanja i napinjanje\u201c (SOG) | Tako\u0111er Incompany\",\"isPartOf\":{\"@id\":\"https:\\\/\\\/www.elcony.com\\\/it\\\/#website\"},\"datePublished\":\"2024-08-14T07:14:49+00:00\",\"dateModified\":\"2026-02-06T12:53:50+00:00\",\"description\":\"Te\u010daj Torque & Tensioning SOG ili ELCONY. Ispunite nizozemske norme, pri \u010demu je potrebna va\u017ee\u0107a SOG diploma.\",\"breadcrumb\":{\"@id\":\"https:\\\/\\\/www.elcony.com\\\/hr\\\/torque-i-tensioning\\\/#breadcrumb\"},\"inLanguage\":\"hr\",\"potentialAction\":[{\"@type\":\"ReadAction\",\"target\":[\"https:\\\/\\\/www.elcony.com\\\/hr\\\/torque-i-tensioning\\\/\"]}]},{\"@type\":\"BreadcrumbList\",\"@id\":\"https:\\\/\\\/www.elcony.com\\\/hr\\\/torque-i-tensioning\\\/#breadcrumb\",\"itemListElement\":[{\"@type\":\"ListItem\",\"position\":1,\"name\":\"Home\",\"item\":\"https:\\\/\\\/www.elcony.com\\\/hr\\\/\"},{\"@type\":\"ListItem\",\"position\":2,\"name\":\"Moment zatezanja i napinjanje\"}]},{\"@type\":\"WebSite\",\"@id\":\"https:\\\/\\\/www.elcony.com\\\/it\\\/#website\",\"url\":\"https:\\\/\\\/www.elcony.com\\\/it\\\/\",\"name\":\"ELCONY\",\"description\":\"ARBO, VCA en SOG Opleidingen\",\"potentialAction\":[{\"@type\":\"SearchAction\",\"target\":{\"@type\":\"EntryPoint\",\"urlTemplate\":\"https:\\\/\\\/www.elcony.com\\\/it\\\/?s={search_term_string}\"},\"query-input\":{\"@type\":\"PropertyValueSpecification\",\"valueRequired\":true,\"valueName\":\"search_term_string\"}}],\"inLanguage\":\"hr\"}]}<\/script>\n<!-- \/ Yoast SEO plugin. -->","yoast_head_json":{"title":"Te\u010daj \u201eMoment zatezanja i napinjanje\u201c (SOG) | Tako\u0111er Incompany","description":"Te\u010daj Torque & Tensioning SOG ili ELCONY. Ispunite nizozemske norme, pri \u010demu je potrebna va\u017ee\u0107a SOG diploma.","robots":{"index":"index","follow":"follow","max-snippet":"max-snippet:-1","max-image-preview":"max-image-preview:large","max-video-preview":"max-video-preview:-1"},"canonical":"https:\/\/www.elcony.com\/hr\/torque-i-tensioning\/","schema":{"@context":"https:\/\/schema.org","@graph":[{"@type":"WebPage","@id":"https:\/\/www.elcony.com\/hr\/torque-i-tensioning\/","url":"https:\/\/www.elcony.com\/hr\/torque-i-tensioning\/","name":"Te\u010daj \u201eMoment zatezanja i napinjanje\u201c (SOG) | Tako\u0111er Incompany","isPartOf":{"@id":"https:\/\/www.elcony.com\/it\/#website"},"datePublished":"2024-08-14T07:14:49+00:00","dateModified":"2026-02-06T12:53:50+00:00","description":"Te\u010daj Torque & Tensioning SOG ili ELCONY. Ispunite nizozemske norme, pri \u010demu je potrebna va\u017ee\u0107a SOG diploma.","breadcrumb":{"@id":"https:\/\/www.elcony.com\/hr\/torque-i-tensioning\/#breadcrumb"},"inLanguage":"hr","potentialAction":[{"@type":"ReadAction","target":["https:\/\/www.elcony.com\/hr\/torque-i-tensioning\/"]}]},{"@type":"BreadcrumbList","@id":"https:\/\/www.elcony.com\/hr\/torque-i-tensioning\/#breadcrumb","itemListElement":[{"@type":"ListItem","position":1,"name":"Home","item":"https:\/\/www.elcony.com\/hr\/"},{"@type":"ListItem","position":2,"name":"Moment zatezanja i napinjanje"}]},{"@type":"WebSite","@id":"https:\/\/www.elcony.com\/it\/#website","url":"https:\/\/www.elcony.com\/it\/","name":"ELCONY","description":"ARBO, VCA en SOG Opleidingen","potentialAction":[{"@type":"SearchAction","target":{"@type":"EntryPoint","urlTemplate":"https:\/\/www.elcony.com\/it\/?s={search_term_string}"},"query-input":{"@type":"PropertyValueSpecification","valueRequired":true,"valueName":"search_term_string"}}],"inLanguage":"hr"}]}},"_links":{"self":[{"href":"https:\/\/www.elcony.com\/hr\/wp-json\/wp\/v2\/pages\/327020","targetHints":{"allow":["GET"]}}],"collection":[{"href":"https:\/\/www.elcony.com\/hr\/wp-json\/wp\/v2\/pages"}],"about":[{"href":"https:\/\/www.elcony.com\/hr\/wp-json\/wp\/v2\/types\/page"}],"author":[{"embeddable":true,"href":"https:\/\/www.elcony.com\/hr\/wp-json\/wp\/v2\/users\/1"}],"replies":[{"embeddable":true,"href":"https:\/\/www.elcony.com\/hr\/wp-json\/wp\/v2\/comments?post=327020"}],"version-history":[{"count":3,"href":"https:\/\/www.elcony.com\/hr\/wp-json\/wp\/v2\/pages\/327020\/revisions"}],"predecessor-version":[{"id":391311,"href":"https:\/\/www.elcony.com\/hr\/wp-json\/wp\/v2\/pages\/327020\/revisions\/391311"}],"wp:attachment":[{"href":"https:\/\/www.elcony.com\/hr\/wp-json\/wp\/v2\/media?parent=327020"}],"curies":[{"name":"wp","href":"https:\/\/api.w.org\/{rel}","templated":true}]}}