{"id":327090,"date":"2024-08-14T09:59:34","date_gmt":"2024-08-14T07:59:34","guid":{"rendered":"https:\/\/www.elcony.com\/zastita-disnih-organa\/"},"modified":"2026-02-06T13:32:59","modified_gmt":"2026-02-06T12:32:59","slug":"zastita-disnih-organa","status":"publish","type":"page","link":"https:\/\/www.elcony.com\/hr\/zastita-disnih-organa\/","title":{"rendered":"Neovisna za\u0161tita di\u0161nih putova"},"content":{"rendered":"<div class=\"fusion-fullwidth fullwidth-box fusion-builder-row-1 has-pattern-background has-mask-background nonhundred-percent-fullwidth non-hundred-percent-height-scrolling\" style=\"--awb-border-radius-top-left:0px;--awb-border-radius-top-right:0px;--awb-border-radius-bottom-right:0px;--awb-border-radius-bottom-left:0px;--awb-flex-wrap:wrap;\" ><div class=\"fusion-builder-row fusion-row\"><div class=\"fusion-layout-column fusion_builder_column fusion-builder-column-0 fusion_builder_column_1_5 1_5 fusion-one-fifth fusion-column-first\" style=\"--awb-bg-blend:overlay;--awb-bg-size:cover;width:20%;width:calc(20% - ( ( 4% + 4% ) * 0.2 ) );margin-right: 4%;\"><div class=\"fusion-column-wrapper fusion-flex-column-wrapper-legacy\"><div class=\"fusion-clearfix\"><\/div><\/div><\/div><div class=\"fusion-layout-column fusion_builder_column fusion-builder-column-1 fusion_builder_column_3_5 3_5 fusion-three-fifth\" style=\"--awb-bg-blend:overlay;--awb-bg-size:cover;width:60%;width:calc(60% - ( ( 4% + 4% ) * 0.6 ) );margin-right: 4%;\"><div class=\"fusion-column-wrapper fusion-flex-column-wrapper-legacy\"><div class=\"fusion-text fusion-text-1\"><h1>Rad s neovisnom za\u0161titom di\u0161nih putova<\/h1>\n<p> Rad s neovisnom za\u0161titom di\u0161nih putova nu\u017ean je pri obavljanju poslova u okru\u017eenjima gdje kvaliteta zraka nije dovoljno sigurna. Kroz te\u010daj \u201eRad s neovisnom za\u0161titom di\u0161nih putova\u201c nau\u010dit \u0107ete sigurno, odgovorno i u skladu s va\u017ee\u0107im procedurama koristiti opremu za disanje. <\/p>\n<h2>\u0160to je neovisna za\u0161tita di\u0161nih putova?<\/h2>\n<p> Neovisna za\u0161tita di\u0161nih putova koristi se kada okolni zrak nije prikladan za disanje, na primjer zbog nedostatka kisika ili prisutnosti opasnih tvari. U tom slu\u010daju korisnik udi\u0161e zrak iz neovisnog izvora, kao \u0161to je aparat za disanje ili sustav s dovodnom linijom zraka. <\/p>\n<h2>Kome je namijenjen te\u010daj \u201eRad s neovisnom za\u0161titom di\u0161nih putova\u201c?<\/h2>\n<ul>\n<li>Zaposlenicima u (petro)kemijskoj industriji.<\/li>\n<li>Monterima odr\u017eavanja i tehni\u010darima.<\/li>\n<li>Izvo\u0111a\u010dima radova i samozaposlenim osobama na industrijskim lokacijama.<\/li>\n<li>Radnicima koji rade u zatvorenim ili rizi\u010dnim okru\u017eenjima.<\/li>\n<\/ul>\n<h2>Rad s neovisnom za\u0161titom di\u0161nih putova bez SOG-a<\/h2>\n<h3>Ciljna skupina<\/h3>\n<p> Ova edukacija prikladna je za zaposlenike koji rade s neovisnom za\u0161titom di\u0161nih putova kod naru\u010ditelja za koje ne vrijedi SOG-obveza. <\/p>\n<h3>Kada odabrati za\u0161titu di\u0161nih putova bez SOG-a?<\/h3>\n<ul>\n<li>Va\u0161 naru\u010ditelj ne zahtijeva SOG diplomu.<\/li>\n<li>Radite u okviru internih sigurnosnih procedura.<\/li>\n<li>Tra\u017eite prakti\u010dnu edukaciju bez vanjskog SOG ispita.<\/li>\n<\/ul>\n<p> Nakon zavr\u0161etka dobivate diplomu s registracijom u <strong>ELCONY registru diploma<\/strong>, koja vrijedi <strong>5 godina<\/strong>. <\/p>\n<h3>Trajanje te\u010daja i cijena<\/h3>\n<ul>\n<li>1 dan uz postoje\u0107e predznanje putem na\u0161e online pripreme ili te\u010daja osvje\u017eavanja: <strong>\u20ac 255,00<\/strong> bez PDV-a<\/li>\n<li>2 dana bez prethodnog iskustva: <strong>\u20ac 455,00<\/strong> bez PDV-a<\/li>\n<\/ul>\n<h2>Rad s neovisnom za\u0161titom di\u0161nih putova sa SOG-om<\/h2>\n<h3>Ciljna skupina<\/h3>\n<p> Te\u010daj \u201eRad s neovisnom za\u0161titom di\u0161nih putova\u201c, priznat od strane SOG-a, namijenjen je zaposlenicima koji rade kod naru\u010ditelja gdje je obvezna slu\u017ebeno priznata diploma. <\/p>\n<h3>Kada je za\u0161tita di\u0161nih putova (SOG) obvezna?<\/h3>\n<ul>\n<li>Pri radu u okru\u017eenjima s nedostatkom kisika.<\/li>\n<li>Pri izlo\u017eenosti opasnim tvarima.<\/li>\n<li>U (petro)kemijskoj industriji.<\/li>\n<li>Kod naru\u010ditelja koji rade prema zahtjevima SSVV-a.<\/li>\n<\/ul>\n<p> Nakon polo\u017eenog ispita diploma se upisuje u <strong>SSVV registar diploma<\/strong> i vrijedi <strong>3 godine<\/strong>. <\/p>\n<h3>Trajanje te\u010daja i cijena<\/h3>\n<ul>\n<li>1 dan uz postoje\u0107e predznanje putem na\u0161e online pripreme ili te\u010daja osvje\u017eavanja: <strong>\u20ac 329,00<\/strong> bez PDV-a<\/li>\n<li>2 dana bez prethodnog iskustva: <strong>\u20ac 529,00<\/strong> bez PDV-a<\/li>\n<\/ul>\n<h2>Medicinska sposobnost<\/h2>\n<p> Za rad s neovisnom za\u0161titom di\u0161nih putova obvezna je va\u017ee\u0107a lije\u010dni\u010dka potvrda. Potvrdu mora osigurati poslodavac i ona je potrebna tijekom edukacije i ispitivanja. <\/p>\n<h2><strong>Lokacija<\/strong><\/h2>\n<p> Te\u010daj \u201eRad s neovisnom za\u0161titom di\u0161nih putova\u201c odr\u017eava se na vi\u0161e lokacija u Nizozemskoj, a mo\u017ee se organizirati i na va\u0161oj vlastitoj lokaciji. <\/p>\n<h2><strong>Kontakt<\/strong><\/h2>\n<p> Za vi\u0161e informacija ili prijavu mo\u017eete nazvati <strong>+31(0)88-2200100<\/strong> ili poslati e-mail na <strong><a href=\"&#x6d;&#97;i&#x6c;&#116;&#111;&#x3a;&#x69;&#110;f&#x6f;&#64;e&#x6c;&#x63;&#111;n&#x79;&#46;c&#x6f;&#x6d;\">inf&#111;&#64;&#101;&#x6c;&#x63;&#x6f;&#x6e;&#x79;&#x2e;com<\/a><\/strong>.<\/p>\n<\/div><div class=\"fusion-clearfix\"><\/div><\/div><\/div><div class=\"fusion-layout-column fusion_builder_column fusion-builder-column-2 fusion_builder_column_1_5 1_5 fusion-one-fifth fusion-column-last\" style=\"--awb-bg-blend:overlay;--awb-bg-size:cover;width:20%;width:calc(20% - ( ( 4% + 4% ) * 0.2 ) );\"><div class=\"fusion-column-wrapper fusion-flex-column-wrapper-legacy\"><div class=\"fusion-clearfix\"><\/div><\/div><\/div><\/div><\/div>\n","protected":false},"excerpt":{"rendered":"","protected":false},"author":1,"featured_media":0,"parent":0,"menu_order":4,"comment_status":"closed","ping_status":"closed","template":"","meta":{"footnotes":""},"class_list":["post-327090","page","type-page","status-publish","hentry"],"yoast_head":"<!-- This site is optimized with the Yoast SEO plugin v27.5 - https:\/\/yoast.com\/product\/yoast-seo-wordpress\/ -->\n<title>Te\u010daj \u201eRad s neovisnom za\u0161titom di\u0161nih putova\u201c (SOG)<\/title>\n<meta name=\"description\" content=\"Nau\u010dite sigurno raditi s neovisnom za\u0161titom di\u0161nih putova. Te\u010daj za industriju, odr\u017eavanje i zatvorene prostore. Sa ili bez SOG-a.\" \/>\n<meta name=\"robots\" content=\"index, follow, max-snippet:-1, max-image-preview:large, max-video-preview:-1\" \/>\n<link rel=\"canonical\" href=\"https:\/\/www.elcony.com\/hr\/zastita-disnih-organa\/\" \/>\n<script type=\"application\/ld+json\" class=\"yoast-schema-graph\">{\"@context\":\"https:\\\/\\\/schema.org\",\"@graph\":[{\"@type\":\"WebPage\",\"@id\":\"https:\\\/\\\/www.elcony.com\\\/hr\\\/zastita-disnih-organa\\\/\",\"url\":\"https:\\\/\\\/www.elcony.com\\\/hr\\\/zastita-disnih-organa\\\/\",\"name\":\"Te\u010daj \u201eRad s neovisnom za\u0161titom di\u0161nih putova\u201c (SOG)\",\"isPartOf\":{\"@id\":\"https:\\\/\\\/www.elcony.com\\\/it\\\/#website\"},\"datePublished\":\"2024-08-14T07:59:34+00:00\",\"dateModified\":\"2026-02-06T12:32:59+00:00\",\"description\":\"Nau\u010dite sigurno raditi s neovisnom za\u0161titom di\u0161nih putova. Te\u010daj za industriju, odr\u017eavanje i zatvorene prostore. Sa ili bez SOG-a.\",\"breadcrumb\":{\"@id\":\"https:\\\/\\\/www.elcony.com\\\/hr\\\/zastita-disnih-organa\\\/#breadcrumb\"},\"inLanguage\":\"hr\",\"potentialAction\":[{\"@type\":\"ReadAction\",\"target\":[\"https:\\\/\\\/www.elcony.com\\\/hr\\\/zastita-disnih-organa\\\/\"]}]},{\"@type\":\"BreadcrumbList\",\"@id\":\"https:\\\/\\\/www.elcony.com\\\/hr\\\/zastita-disnih-organa\\\/#breadcrumb\",\"itemListElement\":[{\"@type\":\"ListItem\",\"position\":1,\"name\":\"Home\",\"item\":\"https:\\\/\\\/www.elcony.com\\\/hr\\\/\"},{\"@type\":\"ListItem\",\"position\":2,\"name\":\"Neovisna za\u0161tita di\u0161nih putova\"}]},{\"@type\":\"WebSite\",\"@id\":\"https:\\\/\\\/www.elcony.com\\\/it\\\/#website\",\"url\":\"https:\\\/\\\/www.elcony.com\\\/it\\\/\",\"name\":\"ELCONY\",\"description\":\"ARBO, VCA en SOG Opleidingen\",\"potentialAction\":[{\"@type\":\"SearchAction\",\"target\":{\"@type\":\"EntryPoint\",\"urlTemplate\":\"https:\\\/\\\/www.elcony.com\\\/it\\\/?s={search_term_string}\"},\"query-input\":{\"@type\":\"PropertyValueSpecification\",\"valueRequired\":true,\"valueName\":\"search_term_string\"}}],\"inLanguage\":\"hr\"}]}<\/script>\n<!-- \/ Yoast SEO plugin. -->","yoast_head_json":{"title":"Te\u010daj \u201eRad s neovisnom za\u0161titom di\u0161nih putova\u201c (SOG)","description":"Nau\u010dite sigurno raditi s neovisnom za\u0161titom di\u0161nih putova. Te\u010daj za industriju, odr\u017eavanje i zatvorene prostore. Sa ili bez SOG-a.","robots":{"index":"index","follow":"follow","max-snippet":"max-snippet:-1","max-image-preview":"max-image-preview:large","max-video-preview":"max-video-preview:-1"},"canonical":"https:\/\/www.elcony.com\/hr\/zastita-disnih-organa\/","schema":{"@context":"https:\/\/schema.org","@graph":[{"@type":"WebPage","@id":"https:\/\/www.elcony.com\/hr\/zastita-disnih-organa\/","url":"https:\/\/www.elcony.com\/hr\/zastita-disnih-organa\/","name":"Te\u010daj \u201eRad s neovisnom za\u0161titom di\u0161nih putova\u201c (SOG)","isPartOf":{"@id":"https:\/\/www.elcony.com\/it\/#website"},"datePublished":"2024-08-14T07:59:34+00:00","dateModified":"2026-02-06T12:32:59+00:00","description":"Nau\u010dite sigurno raditi s neovisnom za\u0161titom di\u0161nih putova. Te\u010daj za industriju, odr\u017eavanje i zatvorene prostore. Sa ili bez SOG-a.","breadcrumb":{"@id":"https:\/\/www.elcony.com\/hr\/zastita-disnih-organa\/#breadcrumb"},"inLanguage":"hr","potentialAction":[{"@type":"ReadAction","target":["https:\/\/www.elcony.com\/hr\/zastita-disnih-organa\/"]}]},{"@type":"BreadcrumbList","@id":"https:\/\/www.elcony.com\/hr\/zastita-disnih-organa\/#breadcrumb","itemListElement":[{"@type":"ListItem","position":1,"name":"Home","item":"https:\/\/www.elcony.com\/hr\/"},{"@type":"ListItem","position":2,"name":"Neovisna za\u0161tita di\u0161nih putova"}]},{"@type":"WebSite","@id":"https:\/\/www.elcony.com\/it\/#website","url":"https:\/\/www.elcony.com\/it\/","name":"ELCONY","description":"ARBO, VCA en SOG Opleidingen","potentialAction":[{"@type":"SearchAction","target":{"@type":"EntryPoint","urlTemplate":"https:\/\/www.elcony.com\/it\/?s={search_term_string}"},"query-input":{"@type":"PropertyValueSpecification","valueRequired":true,"valueName":"search_term_string"}}],"inLanguage":"hr"}]}},"_links":{"self":[{"href":"https:\/\/www.elcony.com\/hr\/wp-json\/wp\/v2\/pages\/327090","targetHints":{"allow":["GET"]}}],"collection":[{"href":"https:\/\/www.elcony.com\/hr\/wp-json\/wp\/v2\/pages"}],"about":[{"href":"https:\/\/www.elcony.com\/hr\/wp-json\/wp\/v2\/types\/page"}],"author":[{"embeddable":true,"href":"https:\/\/www.elcony.com\/hr\/wp-json\/wp\/v2\/users\/1"}],"replies":[{"embeddable":true,"href":"https:\/\/www.elcony.com\/hr\/wp-json\/wp\/v2\/comments?post=327090"}],"version-history":[{"count":3,"href":"https:\/\/www.elcony.com\/hr\/wp-json\/wp\/v2\/pages\/327090\/revisions"}],"predecessor-version":[{"id":391251,"href":"https:\/\/www.elcony.com\/hr\/wp-json\/wp\/v2\/pages\/327090\/revisions\/391251"}],"wp:attachment":[{"href":"https:\/\/www.elcony.com\/hr\/wp-json\/wp\/v2\/media?parent=327090"}],"curies":[{"name":"wp","href":"https:\/\/api.w.org\/{rel}","templated":true}]}}