{"id":337780,"date":"2025-01-14T22:50:23","date_gmt":"2025-01-14T21:50:23","guid":{"rendered":"https:\/\/www.elcony.com\/uvodenje\/"},"modified":"2025-12-11T19:52:42","modified_gmt":"2025-12-11T18:52:42","slug":"onboarding","status":"publish","type":"page","link":"https:\/\/www.elcony.com\/hr\/onboarding\/","title":{"rendered":"Onboarding"},"content":{"rendered":"<div class=\"fusion-fullwidth fullwidth-box fusion-builder-row-1 fusion-flex-container has-pattern-background has-mask-background nonhundred-percent-fullwidth non-hundred-percent-height-scrolling\" style=\"--awb-border-radius-top-left:0px;--awb-border-radius-top-right:0px;--awb-border-radius-bottom-right:0px;--awb-border-radius-bottom-left:0px;--awb-flex-wrap:wrap;\" ><div class=\"fusion-builder-row fusion-row fusion-flex-align-items-flex-start fusion-flex-content-wrap\" style=\"max-width:101%;margin-left: calc(-1% \/ 2 );margin-right: calc(-1% \/ 2 );\"><div class=\"fusion-layout-column fusion_builder_column fusion-builder-column-0 fusion_builder_column_1_5 1_5 fusion-flex-column\" style=\"--awb-bg-size:cover;--awb-width-large:20%;--awb-margin-top-large:5px;--awb-spacing-right-large:2.475%;--awb-margin-bottom-large:5px;--awb-spacing-left-large:2.475%;--awb-width-medium:100%;--awb-order-medium:0;--awb-spacing-right-medium:0.495%;--awb-spacing-left-medium:0.495%;--awb-width-small:100%;--awb-order-small:0;--awb-spacing-right-small:0.495%;--awb-spacing-left-small:0.495%;\"><div class=\"fusion-column-wrapper fusion-column-has-shadow fusion-flex-justify-content-flex-start fusion-content-layout-column\"><\/div><\/div><div class=\"fusion-layout-column fusion_builder_column fusion-builder-column-1 fusion_builder_column_3_5 3_5 fusion-flex-column\" style=\"--awb-bg-size:cover;--awb-width-large:60%;--awb-margin-top-large:5px;--awb-spacing-right-large:0.825%;--awb-margin-bottom-large:5px;--awb-spacing-left-large:0.825%;--awb-width-medium:100%;--awb-order-medium:0;--awb-spacing-right-medium:0.495%;--awb-spacing-left-medium:0.495%;--awb-width-small:100%;--awb-order-small:0;--awb-spacing-right-small:0.495%;--awb-spacing-left-small:0.495%;\"><div class=\"fusion-column-wrapper fusion-column-has-shadow fusion-flex-justify-content-flex-start fusion-content-layout-column\"><div class=\"fusion-text fusion-text-1\"><h3>Online uvo\u0111enje<\/h3>\n<p>Svijet projektno orijentiranog rada, kao \u0161to su razdoblja obustave rada (turnarounds) i projekti odr\u017eavanja, brzo se mijenja. Pronala\u017eenje odgovaraju\u0107eg osoblja s potrebnim znanjem i iskustvom danas predstavlja izazov. ELCONY to razumije i tvrtkama nudi u\u010dinkovito i pouzdano rje\u0161enje: prilago\u0111eno online uvo\u0111enje. Tako osiguravamo da svaki zaposlenik, bilo gdje u svijetu, bude potpuno spreman prije nego \u0161to zapo\u010dne s radom.<\/p>\n<h3>Prevladavanje jezi\u010dnih barijera i jam\u010denje stru\u010dnosti<\/h3>\n<p>Jedna od najve\u0107ih prepreka za mnoge tvrtke je jezi\u010dna barijera. U ELCONY-u uklanjamo taj problem jer nudimo na\u0161e programe uvo\u0111enja na \u010dak 20 jezika. To zna\u010di da mo\u017eete biti sigurni da svi va\u0161i zaposlenici, bez obzira na njihovu jezi\u010dnu pozadinu, u potpunosti razumiju i mogu primijeniti sigurnosne propise i smjernice tvrtke.<\/p>\n<h3>Neposredna provjera sigurnosti i kvalitete<\/h3>\n<p>Stru\u010dnost je klju\u010dna, osobito kada se zaposlenici upu\u0107uju na rizi\u010dna radna mjesta. Na\u0161e online uvo\u0111enje uklju\u010duje testove koji nam omogu\u0107uju uvid u znanja i vje\u0161tine svakog zaposlenika. To poma\u017ee tvrtkama da brzo procijene ispunjava li neki zaposlenik tra\u017eene sigurnosne i kvalitativne standarde.<\/p>\n<h3>Certifikati i prilagodba na jednoj platformi<\/h3>\n<p>Iako mnogi radni migranti ve\u0107 imaju certifikate, vrijednost tih certifikata razlikuje se od jedne dr\u017eave do druge. Na\u0161a platforma omogu\u0107uje brzo i u\u010dinkovito provjeravanje me\u0111unarodnih certifikata, tako da uvijek mo\u017eete biti sigurni da zadovoljavate najvi\u0161e sigurnosne standarde. Osim toga, po potrebi mo\u017eemo u proces uvo\u0111enja integrirati posebna pravila tvrtke ili postrojenja, kako bi zaposlenici odmah bili upoznati s propisima koji vrijede na va\u0161oj lokaciji.<\/p>\n<h3>U\u010dinkovito i prilago\u0111eno va\u0161oj tvrtki<\/h3>\n<p>Uz ELCONY \u0161tedite vrijeme i novac zahvaljuju\u0107i optimiziranom procesu uvo\u0111enja, bez kompromisa po pitanju sigurnosti ili stru\u010dnosti. Na\u0161a platforma daje cjelovit pregled kompetencija svih va\u0161ih zaposlenika. Mo\u017eete brzo vidjeti tko ispunjava zahtjeve, a tko treba dodatnu obuku. Tako mo\u017eete jednostavno rasporediti osoblje bez nepotrebnog ponavljanja treninga.<\/p>\n<h3>Stru\u010dni zaposlenici, uvijek a\u017eurni<\/h3>\n<p>ELCONY nadilazi osnovne zahtjeve. Na\u0161a vam platforma omogu\u0107uje da izbliza pratite razvoj svojih zaposlenika. Od osnovnih znanja do napredne stru\u010dnosti: na\u0161 sustav bilje\u017ei koja su osposobljavanja i testovi uspje\u0161no zavr\u0161eni. To zna\u010di da zaposlenik koji je ve\u0107 pro\u0161ao uvo\u0111enje ne mora to nepotrebno ponavljati. Time optimiziramo postupak i osiguravamo da svatko mo\u017ee u\u010dinkovito zapo\u010deti s radom.<\/p>\n<h3>Spremni za optimizaciju va\u0161eg uvo\u0111enja?<\/h3>\n<p>Uz ELCONY dobivate iskusnog partnera koji \u0107e u\u010dinkovito i djelotvorno pripremiti va\u0161e zaposlenike za njihov rad. Kontaktirajte nas jo\u0161 danas kako biste otkrili kako mo\u017eemo podr\u017eati va\u0161u tvrtku.<\/p>\n<p>Za vi\u0161e informacija ili prijavu nazovite <strong>+31(0)88-2200100<\/strong> ili po\u0161aljite e-poruku na <a href=\"&#x6d;&#x61;&#105;&#108;t&#x6f;&#x3a;&#x69;&#110;fo&#x40;&#x65;&#108;&#99;o&#x6e;&#x79;&#x2e;&#99;om\"><strong>&#x69;&#110;f&#x6f;&#64;&#101;&#x6c;&#x63;&#111;n&#x79;&#46;c&#x6f;&#x6d;<\/strong><\/a>.<\/p>\n<\/div><\/div><\/div><div class=\"fusion-layout-column fusion_builder_column fusion-builder-column-2 fusion_builder_column_1_5 1_5 fusion-flex-column\" style=\"--awb-bg-size:cover;--awb-width-large:20%;--awb-margin-top-large:5px;--awb-spacing-right-large:2.475%;--awb-margin-bottom-large:5px;--awb-spacing-left-large:2.475%;--awb-width-medium:100%;--awb-order-medium:0;--awb-spacing-right-medium:0.495%;--awb-spacing-left-medium:0.495%;--awb-width-small:100%;--awb-order-small:0;--awb-spacing-right-small:0.495%;--awb-spacing-left-small:0.495%;\"><div class=\"fusion-column-wrapper fusion-column-has-shadow fusion-flex-justify-content-flex-start fusion-content-layout-column\"><\/div><\/div><\/div><\/div>\n","protected":false},"excerpt":{"rendered":"","protected":false},"author":1,"featured_media":0,"parent":0,"menu_order":0,"comment_status":"closed","ping_status":"closed","template":"","meta":{"footnotes":""},"class_list":["post-337780","page","type-page","status-publish","hentry"],"yoast_head":"<!-- This site is optimized with the Yoast SEO plugin v27.5 - https:\/\/yoast.com\/product\/yoast-seo-wordpress\/ -->\n<title>Onboarding &#8226; ELCONY<\/title>\n<meta name=\"robots\" content=\"index, follow, max-snippet:-1, max-image-preview:large, max-video-preview:-1\" \/>\n<link rel=\"canonical\" href=\"https:\/\/www.elcony.com\/hr\/onboarding\/\" \/>\n<script type=\"application\/ld+json\" class=\"yoast-schema-graph\">{\"@context\":\"https:\\\/\\\/schema.org\",\"@graph\":[{\"@type\":\"WebPage\",\"@id\":\"https:\\\/\\\/www.elcony.com\\\/hr\\\/onboarding\\\/\",\"url\":\"https:\\\/\\\/www.elcony.com\\\/hr\\\/onboarding\\\/\",\"name\":\"Onboarding &#8226; ELCONY\",\"isPartOf\":{\"@id\":\"https:\\\/\\\/www.elcony.com\\\/it\\\/#website\"},\"datePublished\":\"2025-01-14T21:50:23+00:00\",\"dateModified\":\"2025-12-11T18:52:42+00:00\",\"breadcrumb\":{\"@id\":\"https:\\\/\\\/www.elcony.com\\\/hr\\\/onboarding\\\/#breadcrumb\"},\"inLanguage\":\"hr\",\"potentialAction\":[{\"@type\":\"ReadAction\",\"target\":[\"https:\\\/\\\/www.elcony.com\\\/hr\\\/onboarding\\\/\"]}]},{\"@type\":\"BreadcrumbList\",\"@id\":\"https:\\\/\\\/www.elcony.com\\\/hr\\\/onboarding\\\/#breadcrumb\",\"itemListElement\":[{\"@type\":\"ListItem\",\"position\":1,\"name\":\"Home\",\"item\":\"https:\\\/\\\/www.elcony.com\\\/hr\\\/\"},{\"@type\":\"ListItem\",\"position\":2,\"name\":\"Onboarding\"}]},{\"@type\":\"WebSite\",\"@id\":\"https:\\\/\\\/www.elcony.com\\\/it\\\/#website\",\"url\":\"https:\\\/\\\/www.elcony.com\\\/it\\\/\",\"name\":\"ELCONY\",\"description\":\"ARBO, VCA en SOG Opleidingen\",\"potentialAction\":[{\"@type\":\"SearchAction\",\"target\":{\"@type\":\"EntryPoint\",\"urlTemplate\":\"https:\\\/\\\/www.elcony.com\\\/it\\\/?s={search_term_string}\"},\"query-input\":{\"@type\":\"PropertyValueSpecification\",\"valueRequired\":true,\"valueName\":\"search_term_string\"}}],\"inLanguage\":\"hr\"}]}<\/script>\n<!-- \/ Yoast SEO plugin. -->","yoast_head_json":{"title":"Onboarding &#8226; ELCONY","robots":{"index":"index","follow":"follow","max-snippet":"max-snippet:-1","max-image-preview":"max-image-preview:large","max-video-preview":"max-video-preview:-1"},"canonical":"https:\/\/www.elcony.com\/hr\/onboarding\/","schema":{"@context":"https:\/\/schema.org","@graph":[{"@type":"WebPage","@id":"https:\/\/www.elcony.com\/hr\/onboarding\/","url":"https:\/\/www.elcony.com\/hr\/onboarding\/","name":"Onboarding &#8226; ELCONY","isPartOf":{"@id":"https:\/\/www.elcony.com\/it\/#website"},"datePublished":"2025-01-14T21:50:23+00:00","dateModified":"2025-12-11T18:52:42+00:00","breadcrumb":{"@id":"https:\/\/www.elcony.com\/hr\/onboarding\/#breadcrumb"},"inLanguage":"hr","potentialAction":[{"@type":"ReadAction","target":["https:\/\/www.elcony.com\/hr\/onboarding\/"]}]},{"@type":"BreadcrumbList","@id":"https:\/\/www.elcony.com\/hr\/onboarding\/#breadcrumb","itemListElement":[{"@type":"ListItem","position":1,"name":"Home","item":"https:\/\/www.elcony.com\/hr\/"},{"@type":"ListItem","position":2,"name":"Onboarding"}]},{"@type":"WebSite","@id":"https:\/\/www.elcony.com\/it\/#website","url":"https:\/\/www.elcony.com\/it\/","name":"ELCONY","description":"ARBO, VCA en SOG Opleidingen","potentialAction":[{"@type":"SearchAction","target":{"@type":"EntryPoint","urlTemplate":"https:\/\/www.elcony.com\/it\/?s={search_term_string}"},"query-input":{"@type":"PropertyValueSpecification","valueRequired":true,"valueName":"search_term_string"}}],"inLanguage":"hr"}]}},"_links":{"self":[{"href":"https:\/\/www.elcony.com\/hr\/wp-json\/wp\/v2\/pages\/337780","targetHints":{"allow":["GET"]}}],"collection":[{"href":"https:\/\/www.elcony.com\/hr\/wp-json\/wp\/v2\/pages"}],"about":[{"href":"https:\/\/www.elcony.com\/hr\/wp-json\/wp\/v2\/types\/page"}],"author":[{"embeddable":true,"href":"https:\/\/www.elcony.com\/hr\/wp-json\/wp\/v2\/users\/1"}],"replies":[{"embeddable":true,"href":"https:\/\/www.elcony.com\/hr\/wp-json\/wp\/v2\/comments?post=337780"}],"version-history":[{"count":3,"href":"https:\/\/www.elcony.com\/hr\/wp-json\/wp\/v2\/pages\/337780\/revisions"}],"predecessor-version":[{"id":388950,"href":"https:\/\/www.elcony.com\/hr\/wp-json\/wp\/v2\/pages\/337780\/revisions\/388950"}],"wp:attachment":[{"href":"https:\/\/www.elcony.com\/hr\/wp-json\/wp\/v2\/media?parent=337780"}],"curies":[{"name":"wp","href":"https:\/\/api.w.org\/{rel}","templated":true}]}}