{"id":360796,"date":"2025-03-11T19:45:06","date_gmt":"2025-03-11T18:45:06","guid":{"rendered":"https:\/\/www.elcony.com\/vanjski-nadzornik-nadzornik-sahta\/"},"modified":"2026-02-06T14:18:45","modified_gmt":"2026-02-06T13:18:45","slug":"vanjski-nadzornik-nadzornik-sahta","status":"publish","type":"page","link":"https:\/\/www.elcony.com\/hr\/vanjski-nadzornik-nadzornik-sahta\/","title":{"rendered":"Vanjski \u010duvar (\u010duvar otvora)"},"content":{"rendered":"<div class=\"fusion-fullwidth fullwidth-box fusion-builder-row-1 has-pattern-background has-mask-background nonhundred-percent-fullwidth non-hundred-percent-height-scrolling\" style=\"--awb-border-radius-top-left:0px;--awb-border-radius-top-right:0px;--awb-border-radius-bottom-right:0px;--awb-border-radius-bottom-left:0px;--awb-flex-wrap:wrap;\" ><div class=\"fusion-builder-row fusion-row\"><div class=\"fusion-layout-column fusion_builder_column fusion-builder-column-0 fusion_builder_column_1_5 1_5 fusion-one-fifth fusion-column-first\" style=\"--awb-bg-blend:overlay;--awb-bg-size:cover;width:20%;width:calc(20% - ( ( 4% + 4% ) * 0.2 ) );margin-right: 4%;\"><div class=\"fusion-column-wrapper fusion-flex-column-wrapper-legacy\"><div class=\"fusion-clearfix\"><\/div><\/div><\/div><div class=\"fusion-layout-column fusion_builder_column fusion-builder-column-1 fusion_builder_column_3_5 3_5 fusion-three-fifth\" style=\"--awb-padding-bottom:20px;--awb-bg-blend:overlay;--awb-bg-size:cover;--awb-margin-top:0px;--awb-margin-bottom:0px;width:60%;width:calc(60% - ( ( 4% + 4% ) * 0.6 ) );margin-right: 4%;\"><div class=\"fusion-column-wrapper fusion-flex-column-wrapper-legacy\"><div class=\"fusion-text fusion-text-1\"><h1>Rad kao vanjski \u010duvar (\u010duvar otvora)<\/h1>\n<p> Rad kao vanjski \u010duvar (\u010duvar otvora) predstavlja klju\u010dnu sigurnosnu funkciju pri izvo\u0111enju radova u zatvorenim prostorima. Kao vanjski \u010duvar nadzirete radove, brinete o sigurnosti i odmah reagirate u hitnim situacijama. Kroz te\u010daj \u201eRad kao vanjski \u010duvar\u201c nau\u010dit \u0107ete ovu ulogu obavljati sigurno, odgovorno i u skladu s va\u017ee\u0107im procedurama. <\/p>\n<h2>\u0160to radi vanjski \u010duvar?<\/h2>\n<p> Vanjski \u010duvar nadzire radove u zatvorenim prostorima kao \u0161to su spremnici, cjevovodi, okna i reaktori. On\/ona prati sigurnost, odr\u017eava komunikaciju s osobama unutar prostora i poziva pomo\u0107 u slu\u010daju incidenta. <\/p>\n<h2>Kome je namijenjen te\u010daj \u201eRad kao vanjski \u010duvar\u201c?<\/h2>\n<ul>\n<li>Zaposlenicima u (petro)kemijskoj industriji.<\/li>\n<li>Monterima odr\u017eavanja i izvo\u0111a\u010dima radova.<\/li>\n<li>Nadzornicima pri radu u zatvorenim prostorima.<\/li>\n<li>Samozaposlenim osobama (ZZP) koje rade na industrijskim lokacijama.<\/li>\n<li>Svim osobama koje obavljaju ulogu \u010duvara otvora.<\/li>\n<\/ul>\n<h2>Rad kao vanjski \u010duvar bez SOG-a<\/h2>\n<h3>Ciljna skupina<\/h3>\n<p> Ova edukacija prikladna je za zaposlenike koji rade kao vanjski \u010duvari u organizacijama ili kod naru\u010ditelja za koje ne vrijedi obveza SOG-a. <\/p>\n<h3>Kada odabrati vanjskog \u010duvara bez SOG-a?<\/h3>\n<ul>\n<li>Va\u0161 naru\u010ditelj ne zahtijeva SOG diplomu<\/li>\n<li>Radite u okviru internih sigurnosnih procedura<\/li>\n<li>Tra\u017eite prakti\u010dno usmjerenu edukaciju bez vanjskog ispita<\/li>\n<\/ul>\n<p> Nakon zavr\u0161etka dobivate diplomu s registracijom u <strong>ELCONY registru diploma<\/strong>, koja je <strong>valjana 5 godina<\/strong>. <\/p>\n<h3>Trajanje te\u010daja i cijena<\/h3>\n<ul>\n<li>1 dan uz postoje\u0107e predznanje putem na\u0161e online pripreme ili te\u010daja osvje\u017eavanja: <strong>\u20ac 255,00<\/strong> bez PDV-a<\/li>\n<li>2 dana bez prethodnog iskustva: <strong>\u20ac 455,00<\/strong> bez PDV-a<\/li>\n<\/ul>\n<h2>Rad kao vanjski \u010duvar sa SOG-om<\/h2>\n<h3>Ciljna skupina<\/h3>\n<p> Te\u010daj \u201eRad kao vanjski \u010duvar\u201c, priznat od strane SOG-a, namijenjen je zaposlenicima koji rade kod naru\u010ditelja gdje je obvezna slu\u017ebeno priznata diploma. <\/p>\n<h3>Kada je vanjski \u010duvar (SOG) obvezan?<\/h3>\n<ul>\n<li>Pri radovima u zatvorenim prostorima u (petro)kemijskoj industriji<\/li>\n<li>Tijekom zastoja odr\u017eavanja i turnarounds<\/li>\n<li>Kod naru\u010ditelja koji rade prema zahtjevima SSVV-a<\/li>\n<li>Na lokacijama sa strogo reguliranim sigurnosnim procedurama<\/li>\n<\/ul>\n<p> Nakon polo\u017eenog ispita diploma se registrira u <strong>SSVV registru diploma<\/strong> i <strong>vrijedi 3 godine<\/strong>. <\/p>\n<h3>Trajanje te\u010daja i cijena<\/h3>\n<ul>\n<li>1 dan uz postoje\u0107e predznanje putem na\u0161e online pripreme ili te\u010daja osvje\u017eavanja: <strong>\u20ac 369,00<\/strong> bez PDV-a<\/li>\n<li>2 dana bez prethodnog iskustva: <strong>\u20ac 569,00<\/strong> bez PDV-a<\/li>\n<\/ul>\n<h3>Jezici ispita<\/h3>\n<p> SOG ispit dostupan je na nizozemskom i engleskom jeziku. <\/p>\n<h2>Lokacije<\/h2>\n<p> Te\u010daj \u201eRad kao vanjski \u010duvar\u201c odr\u017eava se na vi\u0161e lokacija u Nizozemskoj, a mo\u017ee se organizirati i na va\u0161oj vlastitoj lokaciji. <\/p>\n<h2>Kontakt<\/h2>\n<p> Za vi\u0161e informacija ili za prijavu mo\u017eete nazvati <strong>+31(0)88-2200100<\/strong> ili poslati e-mail na <strong><a href=\"&#109;a&#x69;l&#x74;o&#x3a;i&#x6e;f&#x6f;&#64;&#x65;&#108;&#x63;&#111;&#x6e;&#121;&#x2e;&#99;&#x6f;&#109;\">&#105;&#x6e;f&#x6f;&#x40;&#101;&#x6c;c&#111;&#x6e;&#121;&#x2e;c&#111;&#x6d;<\/a><\/strong>.<\/p>\n<\/div><div class=\"fusion-clearfix\"><\/div><\/div><\/div><div class=\"fusion-layout-column fusion_builder_column fusion-builder-column-2 fusion_builder_column_1_5 1_5 fusion-one-fifth fusion-column-last\" style=\"--awb-bg-blend:overlay;--awb-bg-size:cover;width:20%;width:calc(20% - ( ( 4% + 4% ) * 0.2 ) );\"><div class=\"fusion-column-wrapper fusion-flex-column-wrapper-legacy\"><div class=\"fusion-clearfix\"><\/div><\/div><\/div><\/div><\/div>\n","protected":false},"excerpt":{"rendered":"","protected":false},"author":1,"featured_media":0,"parent":0,"menu_order":3,"comment_status":"closed","ping_status":"closed","template":"","meta":{"footnotes":""},"class_list":["post-360796","page","type-page","status-publish","hentry"],"yoast_head":"<!-- This site is optimized with the Yoast SEO plugin v27.5 - https:\/\/yoast.com\/product\/yoast-seo-wordpress\/ -->\n<title>Te\u010daj \u201eRad kao vanjski \u010duvar\u201c (SOG) | Tako\u0111er Incompany<\/title>\n<meta name=\"description\" content=\"Poha\u0111ajte te\u010daj \u201eRad kao vanjski \u010duvar (\u010duvar otvora)\u201c. Nau\u010dite sigurno nadzirati radove u zatvorenim prostorima. Sa ili bez SOG-a, prakti\u010dno usmjeren.\" \/>\n<meta name=\"robots\" content=\"index, follow, max-snippet:-1, max-image-preview:large, max-video-preview:-1\" \/>\n<link rel=\"canonical\" href=\"https:\/\/www.elcony.com\/hr\/vanjski-nadzornik-nadzornik-sahta\/\" \/>\n<script type=\"application\/ld+json\" class=\"yoast-schema-graph\">{\"@context\":\"https:\\\/\\\/schema.org\",\"@graph\":[{\"@type\":\"WebPage\",\"@id\":\"https:\\\/\\\/www.elcony.com\\\/hr\\\/vanjski-nadzornik-nadzornik-sahta\\\/\",\"url\":\"https:\\\/\\\/www.elcony.com\\\/hr\\\/vanjski-nadzornik-nadzornik-sahta\\\/\",\"name\":\"Te\u010daj \u201eRad kao vanjski \u010duvar\u201c (SOG) | Tako\u0111er Incompany\",\"isPartOf\":{\"@id\":\"https:\\\/\\\/www.elcony.com\\\/it\\\/#website\"},\"datePublished\":\"2025-03-11T18:45:06+00:00\",\"dateModified\":\"2026-02-06T13:18:45+00:00\",\"description\":\"Poha\u0111ajte te\u010daj \u201eRad kao vanjski \u010duvar (\u010duvar otvora)\u201c. Nau\u010dite sigurno nadzirati radove u zatvorenim prostorima. Sa ili bez SOG-a, prakti\u010dno usmjeren.\",\"breadcrumb\":{\"@id\":\"https:\\\/\\\/www.elcony.com\\\/hr\\\/vanjski-nadzornik-nadzornik-sahta\\\/#breadcrumb\"},\"inLanguage\":\"hr\",\"potentialAction\":[{\"@type\":\"ReadAction\",\"target\":[\"https:\\\/\\\/www.elcony.com\\\/hr\\\/vanjski-nadzornik-nadzornik-sahta\\\/\"]}]},{\"@type\":\"BreadcrumbList\",\"@id\":\"https:\\\/\\\/www.elcony.com\\\/hr\\\/vanjski-nadzornik-nadzornik-sahta\\\/#breadcrumb\",\"itemListElement\":[{\"@type\":\"ListItem\",\"position\":1,\"name\":\"Home\",\"item\":\"https:\\\/\\\/www.elcony.com\\\/hr\\\/\"},{\"@type\":\"ListItem\",\"position\":2,\"name\":\"Vanjski \u010duvar (\u010duvar otvora)\"}]},{\"@type\":\"WebSite\",\"@id\":\"https:\\\/\\\/www.elcony.com\\\/it\\\/#website\",\"url\":\"https:\\\/\\\/www.elcony.com\\\/it\\\/\",\"name\":\"ELCONY\",\"description\":\"ARBO, VCA en SOG Opleidingen\",\"potentialAction\":[{\"@type\":\"SearchAction\",\"target\":{\"@type\":\"EntryPoint\",\"urlTemplate\":\"https:\\\/\\\/www.elcony.com\\\/it\\\/?s={search_term_string}\"},\"query-input\":{\"@type\":\"PropertyValueSpecification\",\"valueRequired\":true,\"valueName\":\"search_term_string\"}}],\"inLanguage\":\"hr\"}]}<\/script>\n<!-- \/ Yoast SEO plugin. -->","yoast_head_json":{"title":"Te\u010daj \u201eRad kao vanjski \u010duvar\u201c (SOG) | Tako\u0111er Incompany","description":"Poha\u0111ajte te\u010daj \u201eRad kao vanjski \u010duvar (\u010duvar otvora)\u201c. Nau\u010dite sigurno nadzirati radove u zatvorenim prostorima. Sa ili bez SOG-a, prakti\u010dno usmjeren.","robots":{"index":"index","follow":"follow","max-snippet":"max-snippet:-1","max-image-preview":"max-image-preview:large","max-video-preview":"max-video-preview:-1"},"canonical":"https:\/\/www.elcony.com\/hr\/vanjski-nadzornik-nadzornik-sahta\/","schema":{"@context":"https:\/\/schema.org","@graph":[{"@type":"WebPage","@id":"https:\/\/www.elcony.com\/hr\/vanjski-nadzornik-nadzornik-sahta\/","url":"https:\/\/www.elcony.com\/hr\/vanjski-nadzornik-nadzornik-sahta\/","name":"Te\u010daj \u201eRad kao vanjski \u010duvar\u201c (SOG) | Tako\u0111er Incompany","isPartOf":{"@id":"https:\/\/www.elcony.com\/it\/#website"},"datePublished":"2025-03-11T18:45:06+00:00","dateModified":"2026-02-06T13:18:45+00:00","description":"Poha\u0111ajte te\u010daj \u201eRad kao vanjski \u010duvar (\u010duvar otvora)\u201c. Nau\u010dite sigurno nadzirati radove u zatvorenim prostorima. Sa ili bez SOG-a, prakti\u010dno usmjeren.","breadcrumb":{"@id":"https:\/\/www.elcony.com\/hr\/vanjski-nadzornik-nadzornik-sahta\/#breadcrumb"},"inLanguage":"hr","potentialAction":[{"@type":"ReadAction","target":["https:\/\/www.elcony.com\/hr\/vanjski-nadzornik-nadzornik-sahta\/"]}]},{"@type":"BreadcrumbList","@id":"https:\/\/www.elcony.com\/hr\/vanjski-nadzornik-nadzornik-sahta\/#breadcrumb","itemListElement":[{"@type":"ListItem","position":1,"name":"Home","item":"https:\/\/www.elcony.com\/hr\/"},{"@type":"ListItem","position":2,"name":"Vanjski \u010duvar (\u010duvar otvora)"}]},{"@type":"WebSite","@id":"https:\/\/www.elcony.com\/it\/#website","url":"https:\/\/www.elcony.com\/it\/","name":"ELCONY","description":"ARBO, VCA en SOG Opleidingen","potentialAction":[{"@type":"SearchAction","target":{"@type":"EntryPoint","urlTemplate":"https:\/\/www.elcony.com\/it\/?s={search_term_string}"},"query-input":{"@type":"PropertyValueSpecification","valueRequired":true,"valueName":"search_term_string"}}],"inLanguage":"hr"}]}},"_links":{"self":[{"href":"https:\/\/www.elcony.com\/hr\/wp-json\/wp\/v2\/pages\/360796","targetHints":{"allow":["GET"]}}],"collection":[{"href":"https:\/\/www.elcony.com\/hr\/wp-json\/wp\/v2\/pages"}],"about":[{"href":"https:\/\/www.elcony.com\/hr\/wp-json\/wp\/v2\/types\/page"}],"author":[{"embeddable":true,"href":"https:\/\/www.elcony.com\/hr\/wp-json\/wp\/v2\/users\/1"}],"replies":[{"embeddable":true,"href":"https:\/\/www.elcony.com\/hr\/wp-json\/wp\/v2\/comments?post=360796"}],"version-history":[{"count":4,"href":"https:\/\/www.elcony.com\/hr\/wp-json\/wp\/v2\/pages\/360796\/revisions"}],"predecessor-version":[{"id":391374,"href":"https:\/\/www.elcony.com\/hr\/wp-json\/wp\/v2\/pages\/360796\/revisions\/391374"}],"wp:attachment":[{"href":"https:\/\/www.elcony.com\/hr\/wp-json\/wp\/v2\/media?parent=360796"}],"curies":[{"name":"wp","href":"https:\/\/api.w.org\/{rel}","templated":true}]}}