{"id":391138,"date":"2026-02-06T12:44:17","date_gmt":"2026-02-06T11:44:17","guid":{"rendered":"https:\/\/www.elcony.com\/montazer-flansi\/rad-na-prirubnickim-spojevima-prema-protokolu-sog\/"},"modified":"2026-02-06T12:44:18","modified_gmt":"2026-02-06T11:44:18","slug":"rad-na-prirubnickim-spojevima-prema-protokolu-sog","status":"publish","type":"page","link":"https:\/\/www.elcony.com\/hr\/montazer-flansi\/rad-na-prirubnickim-spojevima-prema-protokolu-sog\/","title":{"rendered":"Rad na prirubni\u010dkim spojevima prema protokolu (SOG)"},"content":{"rendered":"<div class=\"fusion-fullwidth fullwidth-box fusion-builder-row-1 has-pattern-background has-mask-background nonhundred-percent-fullwidth non-hundred-percent-height-scrolling\" style=\"--awb-border-radius-top-left:0px;--awb-border-radius-top-right:0px;--awb-border-radius-bottom-right:0px;--awb-border-radius-bottom-left:0px;--awb-flex-wrap:wrap;\" ><div class=\"fusion-builder-row fusion-row\"><div class=\"fusion-layout-column fusion_builder_column fusion-builder-column-0 fusion_builder_column_1_5 1_5 fusion-one-fifth fusion-column-first\" style=\"--awb-bg-size:cover;width:20%;width:calc(20% - ( ( 4% + 4% ) * 0.2 ) );margin-right: 4%;\"><div class=\"fusion-column-wrapper fusion-column-has-shadow fusion-flex-column-wrapper-legacy\"><div class=\"fusion-image-element fusion-image-align-center fusion-no-small-visibility in-legacy-container\" style=\"text-align:center;--awb-caption-title-font-family:var(--h2_typography-font-family);--awb-caption-title-font-weight:var(--h2_typography-font-weight);--awb-caption-title-font-style:var(--h2_typography-font-style);--awb-caption-title-size:var(--h2_typography-font-size);--awb-caption-title-transform:var(--h2_typography-text-transform);--awb-caption-title-line-height:var(--h2_typography-line-height);--awb-caption-title-letter-spacing:var(--h2_typography-letter-spacing);\"><div class=\"imageframe-align-center\"><span class=\" fusion-imageframe imageframe-none imageframe-1 hover-type-none\"><img decoding=\"async\" width=\"160\" height=\"100\" title=\"Logo SOG Opleidingen 160&#215;100\" src=\"http:\/\/www.elcony.com\/wp-content\/uploads\/2023\/07\/Logo-SOG-Opleidingen-160x100-1.png\" alt class=\"img-responsive wp-image-329993\"\/><\/span><\/div><\/div><div class=\"fusion-clearfix\"><\/div><\/div><\/div><div class=\"fusion-layout-column fusion_builder_column fusion-builder-column-1 fusion_builder_column_3_5 3_5 fusion-three-fifth\" style=\"--awb-padding-bottom:20px;--awb-bg-blend:overlay;--awb-bg-size:cover;--awb-margin-top:0px;--awb-margin-bottom:0px;width:60%;width:calc(60% - ( ( 4% + 4% ) * 0.6 ) );margin-right: 4%;\"><div class=\"fusion-column-wrapper fusion-flex-column-wrapper-legacy\"><div class=\"fusion-text fusion-text-1\"><h1>Rad na prirubni\u010dkim spojevima prema protokolu (SOG)<\/h1>\n<\/p>\n<h2>Ciljna skupina<\/h2>\n<p>Te\u010daj \u201eRad na prirubni\u010dkim spojevima prema protokolu (SOG)\u201c namijenjen je industrijskim radnicima koji su odgovorni za otvaranje i zatvaranje prirubni\u010dkih spojeva u skladu s va\u017ee\u0107im protokolom. To je klju\u010dno za osiguravanje sigurnosti i preciznosti u radnim okru\u017eenjima kao \u0161to su petrokemijska industrija i rafinerije.<\/p>\n<p>Nemate ili imate ograni\u010deno iskustvo s prirubni\u010dkim spojevima i \u017eelite prvo izgraditi \u010dvrstu osnovu? Tada je edukacija <a href=\"https:\/\/www.elcony.com\/flensmonteur-cursus\/flensmonteur-basis\/\" target=\"_blank\" rel=\"noopener\">Monter prirubnica \u2013 Osnovna razina<\/a> logi\u010dan po\u010detak.<\/p>\n<p>Ve\u0107 imate prakti\u010dno iskustvo i \u017eelite se dodatno produbiti u protokole za prirubnice, sile zatezanja vijaka i tlak brtvi? Pogledajte tada edukaciju <a href=\"https:\/\/www.elcony.com\/flensmonteur-cursus\/flensmonteur-gevorderd\/\" target=\"_blank\" rel=\"noopener\">Monter prirubnica \u2013 Napredna razina<\/a>.<\/p>\n<h2>Cilj u\u010denja<\/h2>\n<p>Polaznici u\u010de kako sigurno i odgovorno otvarati i zatvarati prirubni\u010dke spojeve, s naglaskom na primjenu ispravnog momenta zatezanja prema utvr\u0111enim protokolima.<\/p>\n<h2>Teorija<\/h2>\n<\/p>\n<ul>\n<li>Osnovni pojmovi prirubni\u010dkih spojeva.<\/li>\n<li>Pregled relevantnog zakonodavstva.<\/li>\n<li>Op\u0107a i posebna sigurnosna pravila.<\/li>\n<li>Stru\u010dno-tehni\u010dka znanja o prirubnicama, vijcima, brtvama i monta\u017enim materijalima.<\/li>\n<li>Kori\u0161tenje alata i mjernih instrumenata za radove na prirubnicama.<\/li>\n<\/ul>\n<h2>Praksa<\/h2>\n<\/p>\n<ul>\n<li>Sigurnosna pravila i priprema za radove na prirubnicama.<\/li>\n<li>Ispravan radni polo\u017eaj, kori\u0161tenje opreme, demonta\u017ea, \u010di\u0161\u0107enje, poravnanje i zatezanje prirubnica.<\/li>\n<li>Kontrola i zavr\u0161na obrada izvedenih radova.<\/li>\n<\/ul>\n<h2>Trajanje te\u010daja i cijena<\/h2>\n<\/p>\n<ul>\n<li>1 dan uz postoje\u0107e predznanje putem na\u0161e online pripreme ili te\u010daja za osvje\u017eavanje znanja: <strong>\u20ac 329,00<\/strong> bez PDV-a<\/li>\n<li>2 dana bez prethodnog iskustva: <strong>\u20ac 529,00<\/strong> bez PDV-a<\/li>\n<\/ul>\n<h2>Uvjeti za sudjelovanje<\/h2>\n<\/p>\n<ul>\n<li>Polaznici moraju imati najmanje 18 godina.<\/li>\n<li>Potreban je va\u017ee\u0107i VCA certifikat ili SCC certifikat.<\/li>\n<\/ul>\n<h2>Jezici ispita<\/h2>\n<p>Ispit je dostupan na nizozemskom i engleskom jeziku.<\/p>\n<h2>Diploma<\/h2>\n<p>Nakon polo\u017eenog ispita diploma se registrira u <strong>SSVV registru diploma<\/strong> i <strong>vrijedi 5 godina<\/strong>.<\/p>\n<h2>Lokacija<\/h2>\n<p>Te\u010dajevi se odr\u017eavaju na vi\u0161e lokacija u Nizozemskoj, a mogu se odr\u017eati i na va\u0161oj vlastitoj lokaciji.<\/p>\n<h2>Kontakt<\/h2>\n<p>Za vi\u0161e informacija ili prijavu mo\u017eete nazvati <strong>+31(0)88-2200100<\/strong> ili poslati e-mail na <strong><a href=\"&#x6d;a&#x69;&#108;t&#x6f;&#58;&#x69;&#110;f&#x6f;&#64;&#x65;&#108;c&#x6f;&#110;&#x79;&#x2e;c&#x6f;&#109;\">&#105;&#x6e;&#102;&#x6f;&#64;&#x65;l&#x63;o&#110;&#x79;&#46;&#x63;&#111;&#x6d;<\/a><\/strong>.<\/p>\n<\/div><div class=\"fusion-clearfix\"><\/div><\/div><\/div><div class=\"fusion-layout-column fusion_builder_column fusion-builder-column-2 fusion_builder_column_1_5 1_5 fusion-one-fifth fusion-column-last\" style=\"--awb-bg-size:cover;width:20%;width:calc(20% - ( ( 4% + 4% ) * 0.2 ) );\"><div class=\"fusion-column-wrapper fusion-column-has-shadow fusion-flex-column-wrapper-legacy\"><div class=\"fusion-clearfix\"><\/div><\/div><\/div><\/div><\/div>\n","protected":false},"excerpt":{"rendered":"","protected":false},"author":1,"featured_media":0,"parent":326983,"menu_order":3,"comment_status":"closed","ping_status":"closed","template":"","meta":{"footnotes":""},"class_list":["post-391138","page","type-page","status-publish","hentry"],"yoast_head":"<!-- This site is optimized with the Yoast SEO plugin v27.3 - https:\/\/yoast.com\/product\/yoast-seo-wordpress\/ -->\n<title>Rad na prirubni\u010dkim spojevima prema protokolu (SOG) | Incompany<\/title>\n<meta name=\"description\" content=\"Rad na prirubni\u010dkim spojevima prema protokolu (SOG). Uklju\u010duje ispit i registraciju u SSVV registar diploma. Prijavite se kod ELCONY.\" \/>\n<meta name=\"robots\" content=\"index, follow, max-snippet:-1, max-image-preview:large, max-video-preview:-1\" \/>\n<link rel=\"canonical\" href=\"https:\/\/www.elcony.com\/hr\/montazer-flansi\/rad-na-prirubnickim-spojevima-prema-protokolu-sog\/\" \/>\n<script type=\"application\/ld+json\" class=\"yoast-schema-graph\">{\"@context\":\"https:\\\/\\\/schema.org\",\"@graph\":[{\"@type\":\"WebPage\",\"@id\":\"https:\\\/\\\/www.elcony.com\\\/hr\\\/montazer-flansi\\\/rad-na-prirubnickim-spojevima-prema-protokolu-sog\\\/\",\"url\":\"https:\\\/\\\/www.elcony.com\\\/hr\\\/montazer-flansi\\\/rad-na-prirubnickim-spojevima-prema-protokolu-sog\\\/\",\"name\":\"Rad na prirubni\u010dkim spojevima prema protokolu (SOG) | Incompany\",\"isPartOf\":{\"@id\":\"https:\\\/\\\/www.elcony.com\\\/it\\\/#website\"},\"datePublished\":\"2026-02-06T11:44:17+00:00\",\"dateModified\":\"2026-02-06T11:44:18+00:00\",\"description\":\"Rad na prirubni\u010dkim spojevima prema protokolu (SOG). Uklju\u010duje ispit i registraciju u SSVV registar diploma. Prijavite se kod ELCONY.\",\"breadcrumb\":{\"@id\":\"https:\\\/\\\/www.elcony.com\\\/hr\\\/montazer-flansi\\\/rad-na-prirubnickim-spojevima-prema-protokolu-sog\\\/#breadcrumb\"},\"inLanguage\":\"hr\",\"potentialAction\":[{\"@type\":\"ReadAction\",\"target\":[\"https:\\\/\\\/www.elcony.com\\\/hr\\\/montazer-flansi\\\/rad-na-prirubnickim-spojevima-prema-protokolu-sog\\\/\"]}]},{\"@type\":\"BreadcrumbList\",\"@id\":\"https:\\\/\\\/www.elcony.com\\\/hr\\\/montazer-flansi\\\/rad-na-prirubnickim-spojevima-prema-protokolu-sog\\\/#breadcrumb\",\"itemListElement\":[{\"@type\":\"ListItem\",\"position\":1,\"name\":\"Home\",\"item\":\"https:\\\/\\\/www.elcony.com\\\/hr\\\/\"},{\"@type\":\"ListItem\",\"position\":2,\"name\":\"Monta\u017eer Flan\u0161i\",\"item\":\"https:\\\/\\\/www.elcony.com\\\/hr\\\/montazer-flansi\\\/\"},{\"@type\":\"ListItem\",\"position\":3,\"name\":\"Rad na prirubni\u010dkim spojevima prema protokolu (SOG)\"}]},{\"@type\":\"WebSite\",\"@id\":\"https:\\\/\\\/www.elcony.com\\\/it\\\/#website\",\"url\":\"https:\\\/\\\/www.elcony.com\\\/it\\\/\",\"name\":\"ELCONY\",\"description\":\"ARBO, VCA en SOG Opleidingen\",\"potentialAction\":[{\"@type\":\"SearchAction\",\"target\":{\"@type\":\"EntryPoint\",\"urlTemplate\":\"https:\\\/\\\/www.elcony.com\\\/it\\\/?s={search_term_string}\"},\"query-input\":{\"@type\":\"PropertyValueSpecification\",\"valueRequired\":true,\"valueName\":\"search_term_string\"}}],\"inLanguage\":\"hr\"}]}<\/script>\n<!-- \/ Yoast SEO plugin. -->","yoast_head_json":{"title":"Rad na prirubni\u010dkim spojevima prema protokolu (SOG) | Incompany","description":"Rad na prirubni\u010dkim spojevima prema protokolu (SOG). Uklju\u010duje ispit i registraciju u SSVV registar diploma. Prijavite se kod ELCONY.","robots":{"index":"index","follow":"follow","max-snippet":"max-snippet:-1","max-image-preview":"max-image-preview:large","max-video-preview":"max-video-preview:-1"},"canonical":"https:\/\/www.elcony.com\/hr\/montazer-flansi\/rad-na-prirubnickim-spojevima-prema-protokolu-sog\/","schema":{"@context":"https:\/\/schema.org","@graph":[{"@type":"WebPage","@id":"https:\/\/www.elcony.com\/hr\/montazer-flansi\/rad-na-prirubnickim-spojevima-prema-protokolu-sog\/","url":"https:\/\/www.elcony.com\/hr\/montazer-flansi\/rad-na-prirubnickim-spojevima-prema-protokolu-sog\/","name":"Rad na prirubni\u010dkim spojevima prema protokolu (SOG) | Incompany","isPartOf":{"@id":"https:\/\/www.elcony.com\/it\/#website"},"datePublished":"2026-02-06T11:44:17+00:00","dateModified":"2026-02-06T11:44:18+00:00","description":"Rad na prirubni\u010dkim spojevima prema protokolu (SOG). Uklju\u010duje ispit i registraciju u SSVV registar diploma. Prijavite se kod ELCONY.","breadcrumb":{"@id":"https:\/\/www.elcony.com\/hr\/montazer-flansi\/rad-na-prirubnickim-spojevima-prema-protokolu-sog\/#breadcrumb"},"inLanguage":"hr","potentialAction":[{"@type":"ReadAction","target":["https:\/\/www.elcony.com\/hr\/montazer-flansi\/rad-na-prirubnickim-spojevima-prema-protokolu-sog\/"]}]},{"@type":"BreadcrumbList","@id":"https:\/\/www.elcony.com\/hr\/montazer-flansi\/rad-na-prirubnickim-spojevima-prema-protokolu-sog\/#breadcrumb","itemListElement":[{"@type":"ListItem","position":1,"name":"Home","item":"https:\/\/www.elcony.com\/hr\/"},{"@type":"ListItem","position":2,"name":"Monta\u017eer Flan\u0161i","item":"https:\/\/www.elcony.com\/hr\/montazer-flansi\/"},{"@type":"ListItem","position":3,"name":"Rad na prirubni\u010dkim spojevima prema protokolu (SOG)"}]},{"@type":"WebSite","@id":"https:\/\/www.elcony.com\/it\/#website","url":"https:\/\/www.elcony.com\/it\/","name":"ELCONY","description":"ARBO, VCA en SOG Opleidingen","potentialAction":[{"@type":"SearchAction","target":{"@type":"EntryPoint","urlTemplate":"https:\/\/www.elcony.com\/it\/?s={search_term_string}"},"query-input":{"@type":"PropertyValueSpecification","valueRequired":true,"valueName":"search_term_string"}}],"inLanguage":"hr"}]}},"_links":{"self":[{"href":"https:\/\/www.elcony.com\/hr\/wp-json\/wp\/v2\/pages\/391138","targetHints":{"allow":["GET"]}}],"collection":[{"href":"https:\/\/www.elcony.com\/hr\/wp-json\/wp\/v2\/pages"}],"about":[{"href":"https:\/\/www.elcony.com\/hr\/wp-json\/wp\/v2\/types\/page"}],"author":[{"embeddable":true,"href":"https:\/\/www.elcony.com\/hr\/wp-json\/wp\/v2\/users\/1"}],"replies":[{"embeddable":true,"href":"https:\/\/www.elcony.com\/hr\/wp-json\/wp\/v2\/comments?post=391138"}],"version-history":[{"count":2,"href":"https:\/\/www.elcony.com\/hr\/wp-json\/wp\/v2\/pages\/391138\/revisions"}],"predecessor-version":[{"id":391140,"href":"https:\/\/www.elcony.com\/hr\/wp-json\/wp\/v2\/pages\/391138\/revisions\/391140"}],"up":[{"embeddable":true,"href":"https:\/\/www.elcony.com\/hr\/wp-json\/wp\/v2\/pages\/326983"}],"wp:attachment":[{"href":"https:\/\/www.elcony.com\/hr\/wp-json\/wp\/v2\/media?parent=391138"}],"curies":[{"name":"wp","href":"https:\/\/api.w.org\/{rel}","templated":true}]}}