{"id":306702,"date":"2024-04-07T10:40:54","date_gmt":"2024-06-28T11:59:23","guid":{"rendered":"https:\/\/www.elcony.com\/product\/osoba-dostatno-obucena-vop-prema-nen-3840-online-tecaj-online-ispit\/"},"modified":"2025-11-10T17:34:32","modified_gmt":"2025-11-10T16:34:32","slug":"306702","status":"publish","type":"product","link":"https:\/\/www.elcony.com\/hr\/product\/306702\/","title":{"rendered":"Osoba Dostatno Obu\u010dena (VOP) NEN 3840 &#8211; Online te\u010daj + Online ispit"},"content":{"rendered":"<div class=\"fusion-fullwidth fullwidth-box fusion-builder-row-1 fusion-flex-container has-pattern-background has-mask-background nonhundred-percent-fullwidth non-hundred-percent-height-scrolling\" style=\"--awb-border-radius-top-left:0px;--awb-border-radius-top-right:0px;--awb-border-radius-bottom-right:0px;--awb-border-radius-bottom-left:0px;--awb-flex-wrap:wrap;\" ><div class=\"fusion-builder-row fusion-row fusion-flex-align-items-flex-start fusion-flex-content-wrap\" style=\"max-width:101%;margin-left: calc(-1% \/ 2 );margin-right: calc(-1% \/ 2 );\"><div class=\"fusion-layout-column fusion_builder_column fusion-builder-column-0 fusion_builder_column_1_1 1_1 fusion-flex-column\" style=\"--awb-bg-size:cover;--awb-width-large:100%;--awb-margin-top-large:5px;--awb-spacing-right-large:0.495%;--awb-margin-bottom-large:5px;--awb-spacing-left-large:0.495%;--awb-width-medium:100%;--awb-order-medium:0;--awb-spacing-right-medium:0.495%;--awb-spacing-left-medium:0.495%;--awb-width-small:100%;--awb-order-small:0;--awb-spacing-right-small:0.495%;--awb-spacing-left-small:0.495%;\"><div class=\"fusion-column-wrapper fusion-column-has-shadow fusion-flex-justify-content-flex-start fusion-content-layout-column\"><div class=\"fusion-text fusion-text-1\"><p>Nakon zavr\u0161etka te\u010daja bit \u0107ete upoznati sa svim rizicima rada na i u blizini elektri\u010dnih instalacija. Tako\u0111er \u0107ete mo\u0107i poduzeti potrebne mjere za sigurno obavljanje poslova.<\/p>\n<p>Te\u010daj se sastoji od lekcija koje mo\u017eete studirati na svom telefonu, tabletu ili ra\u010dunalu. Mo\u017eete pregledavati gradivo koliko god puta \u017eelite. Na taj na\u010din bit \u0107ete maksimalno pripremljeni za ispit kojim se zavr\u0161ava te\u010daj. U slu\u010daju postizanja dovoljnog rezultata, poslat \u0107emo vam certifikat.<\/p>\n<\/div><ul style=\"--awb-line-height:30.6px;--awb-icon-width:30.6px;--awb-icon-height:30.6px;--awb-icon-margin:12.6px;--awb-content-margin:43.2px;--awb-circlecolor:#5894e8;--awb-circle-yes-font-size:15.84px;\" class=\"fusion-checklist fusion-checklist-1 fusion-checklist-default type-icons\"><li class=\"fusion-li-item\" style=\"\"><span class=\"icon-wrapper circle-yes\"><i class=\"fusion-li-icon awb-icon-check\" aria-hidden=\"true\"><\/i><\/span><div class=\"fusion-li-item-content\">\n<p>Odaberite izme\u0111u 20 jezika.<\/p>\n<\/div><\/li><li class=\"fusion-li-item\" style=\"\"><span class=\"icon-wrapper circle-yes\"><i class=\"fusion-li-icon awb-icon-check\" aria-hidden=\"true\"><\/i><\/span><div class=\"fusion-li-item-content\">\n<p>Te\u010daj je dostupan 60 dana.<\/p>\n<\/div><\/li><\/ul><\/div><\/div><\/div><\/div>\n","protected":false},"excerpt":{"rendered":"","protected":false},"featured_media":285830,"template":"","meta":[],"product_brand":[],"product_cat":[9327],"product_tag":[],"class_list":{"0":"post-306702","1":"product","2":"type-product","3":"status-publish","4":"has-post-thumbnail","6":"product_cat-elcony-hr","8":"first","9":"instock","10":"taxable","11":"shipping-taxable","12":"purchasable","13":"product-type-variable"},"yoast_head":"<!-- This site is optimized with the Yoast SEO plugin v27.6 - https:\/\/yoast.com\/product\/yoast-seo-wordpress\/ -->\n<title>Osoba Dostatno Obu\u010dena (VOP) NEN 3840 - Online te\u010daj + Online ispit &#8226; ELCONY<\/title>\n<meta name=\"robots\" content=\"noindex, follow\" \/>\n<script type=\"application\/ld+json\" class=\"yoast-schema-graph\">{\"@context\":\"https:\\\/\\\/schema.org\",\"@graph\":[{\"@type\":\"WebPage\",\"@id\":\"https:\\\/\\\/www.elcony.com\\\/hr\\\/product\\\/306702\\\/\",\"url\":\"https:\\\/\\\/www.elcony.com\\\/hr\\\/product\\\/306702\\\/\",\"name\":\"Osoba Dostatno Obu\u010dena (VOP) NEN 3840 - Online te\u010daj + Online ispit &#8226; ELCONY\",\"isPartOf\":{\"@id\":\"https:\\\/\\\/www.elcony.com\\\/it\\\/#website\"},\"primaryImageOfPage\":{\"@id\":\"https:\\\/\\\/www.elcony.com\\\/hr\\\/product\\\/306702\\\/#primaryimage\"},\"image\":{\"@id\":\"https:\\\/\\\/www.elcony.com\\\/hr\\\/product\\\/306702\\\/#primaryimage\"},\"thumbnailUrl\":\"https:\\\/\\\/www.elcony.com\\\/wp-content\\\/uploads\\\/2024\\\/06\\\/Aardlekschakelaars-675267964-800x533-1.png\",\"datePublished\":\"2024-06-28T11:59:23+00:00\",\"dateModified\":\"2025-11-10T16:34:32+00:00\",\"breadcrumb\":{\"@id\":\"https:\\\/\\\/www.elcony.com\\\/hr\\\/product\\\/306702\\\/#breadcrumb\"},\"inLanguage\":\"hr\",\"potentialAction\":[{\"@type\":\"ReadAction\",\"target\":[\"https:\\\/\\\/www.elcony.com\\\/hr\\\/product\\\/306702\\\/\"]}]},{\"@type\":\"ImageObject\",\"inLanguage\":\"hr\",\"@id\":\"https:\\\/\\\/www.elcony.com\\\/hr\\\/product\\\/306702\\\/#primaryimage\",\"url\":\"https:\\\/\\\/www.elcony.com\\\/wp-content\\\/uploads\\\/2024\\\/06\\\/Aardlekschakelaars-675267964-800x533-1.png\",\"contentUrl\":\"https:\\\/\\\/www.elcony.com\\\/wp-content\\\/uploads\\\/2024\\\/06\\\/Aardlekschakelaars-675267964-800x533-1.png\",\"width\":800,\"height\":533},{\"@type\":\"BreadcrumbList\",\"@id\":\"https:\\\/\\\/www.elcony.com\\\/hr\\\/product\\\/306702\\\/#breadcrumb\",\"itemListElement\":[{\"@type\":\"ListItem\",\"position\":1,\"name\":\"Home\",\"item\":\"https:\\\/\\\/www.elcony.com\\\/hr\\\/\"},{\"@type\":\"ListItem\",\"position\":2,\"name\":\"Prodotti\",\"item\":\"https:\\\/\\\/www.elcony.com\\\/it\\\/shop\\\/\"},{\"@type\":\"ListItem\",\"position\":3,\"name\":\"Osoba Dostatno Obu\u010dena (VOP) NEN 3840 &#8211; Online te\u010daj + Online ispit\"}]},{\"@type\":\"WebSite\",\"@id\":\"https:\\\/\\\/www.elcony.com\\\/it\\\/#website\",\"url\":\"https:\\\/\\\/www.elcony.com\\\/it\\\/\",\"name\":\"ELCONY\",\"description\":\"ARBO, VCA en SOG Opleidingen\",\"potentialAction\":[{\"@type\":\"SearchAction\",\"target\":{\"@type\":\"EntryPoint\",\"urlTemplate\":\"https:\\\/\\\/www.elcony.com\\\/it\\\/?s={search_term_string}\"},\"query-input\":{\"@type\":\"PropertyValueSpecification\",\"valueRequired\":true,\"valueName\":\"search_term_string\"}}],\"inLanguage\":\"hr\"}]}<\/script>\n<!-- \/ Yoast SEO plugin. -->","yoast_head_json":{"title":"Osoba Dostatno Obu\u010dena (VOP) NEN 3840 - Online te\u010daj + Online ispit &#8226; ELCONY","robots":{"index":"noindex","follow":"follow"},"schema":{"@context":"https:\/\/schema.org","@graph":[{"@type":"WebPage","@id":"https:\/\/www.elcony.com\/hr\/product\/306702\/","url":"https:\/\/www.elcony.com\/hr\/product\/306702\/","name":"Osoba Dostatno Obu\u010dena (VOP) NEN 3840 - Online te\u010daj + Online ispit &#8226; ELCONY","isPartOf":{"@id":"https:\/\/www.elcony.com\/it\/#website"},"primaryImageOfPage":{"@id":"https:\/\/www.elcony.com\/hr\/product\/306702\/#primaryimage"},"image":{"@id":"https:\/\/www.elcony.com\/hr\/product\/306702\/#primaryimage"},"thumbnailUrl":"https:\/\/www.elcony.com\/wp-content\/uploads\/2024\/06\/Aardlekschakelaars-675267964-800x533-1.png","datePublished":"2024-06-28T11:59:23+00:00","dateModified":"2025-11-10T16:34:32+00:00","breadcrumb":{"@id":"https:\/\/www.elcony.com\/hr\/product\/306702\/#breadcrumb"},"inLanguage":"hr","potentialAction":[{"@type":"ReadAction","target":["https:\/\/www.elcony.com\/hr\/product\/306702\/"]}]},{"@type":"ImageObject","inLanguage":"hr","@id":"https:\/\/www.elcony.com\/hr\/product\/306702\/#primaryimage","url":"https:\/\/www.elcony.com\/wp-content\/uploads\/2024\/06\/Aardlekschakelaars-675267964-800x533-1.png","contentUrl":"https:\/\/www.elcony.com\/wp-content\/uploads\/2024\/06\/Aardlekschakelaars-675267964-800x533-1.png","width":800,"height":533},{"@type":"BreadcrumbList","@id":"https:\/\/www.elcony.com\/hr\/product\/306702\/#breadcrumb","itemListElement":[{"@type":"ListItem","position":1,"name":"Home","item":"https:\/\/www.elcony.com\/hr\/"},{"@type":"ListItem","position":2,"name":"Prodotti","item":"https:\/\/www.elcony.com\/it\/shop\/"},{"@type":"ListItem","position":3,"name":"Osoba Dostatno Obu\u010dena (VOP) NEN 3840 &#8211; Online te\u010daj + Online ispit"}]},{"@type":"WebSite","@id":"https:\/\/www.elcony.com\/it\/#website","url":"https:\/\/www.elcony.com\/it\/","name":"ELCONY","description":"ARBO, VCA en SOG Opleidingen","potentialAction":[{"@type":"SearchAction","target":{"@type":"EntryPoint","urlTemplate":"https:\/\/www.elcony.com\/it\/?s={search_term_string}"},"query-input":{"@type":"PropertyValueSpecification","valueRequired":true,"valueName":"search_term_string"}}],"inLanguage":"hr"}]}},"_links":{"self":[{"href":"https:\/\/www.elcony.com\/hr\/wp-json\/wp\/v2\/product\/306702","targetHints":{"allow":["GET"]}}],"collection":[{"href":"https:\/\/www.elcony.com\/hr\/wp-json\/wp\/v2\/product"}],"about":[{"href":"https:\/\/www.elcony.com\/hr\/wp-json\/wp\/v2\/types\/product"}],"wp:featuredmedia":[{"embeddable":true,"href":"https:\/\/www.elcony.com\/hr\/wp-json\/wp\/v2\/media\/285830"}],"wp:attachment":[{"href":"https:\/\/www.elcony.com\/hr\/wp-json\/wp\/v2\/media?parent=306702"}],"wp:term":[{"taxonomy":"product_brand","embeddable":true,"href":"https:\/\/www.elcony.com\/hr\/wp-json\/wp\/v2\/product_brand?post=306702"},{"taxonomy":"product_cat","embeddable":true,"href":"https:\/\/www.elcony.com\/hr\/wp-json\/wp\/v2\/product_cat?post=306702"},{"taxonomy":"product_tag","embeddable":true,"href":"https:\/\/www.elcony.com\/hr\/wp-json\/wp\/v2\/product_tag?post=306702"}],"curies":[{"name":"wp","href":"https:\/\/api.w.org\/{rel}","templated":true}]}}