{"id":186520,"date":"2023-10-08T11:23:23","date_gmt":"2023-10-08T09:23:23","guid":{"rendered":"https:\/\/www.elcony.com\/twin-ferrule\/"},"modified":"2026-02-06T20:21:44","modified_gmt":"2026-02-06T19:21:44","slug":"twin-ferrule","status":"publish","type":"page","link":"https:\/\/www.elcony.com\/hu\/twin-ferrule\/","title":{"rendered":"Twin Ferrule"},"content":{"rendered":"<div class=\"fusion-fullwidth fullwidth-box fusion-builder-row-1 has-pattern-background has-mask-background nonhundred-percent-fullwidth non-hundred-percent-height-scrolling\" style=\"--awb-border-radius-top-left:0px;--awb-border-radius-top-right:0px;--awb-border-radius-bottom-right:0px;--awb-border-radius-bottom-left:0px;--awb-flex-wrap:wrap;\" ><div class=\"fusion-builder-row fusion-row\"><div class=\"fusion-layout-column fusion_builder_column fusion-builder-column-0 fusion_builder_column_1_5 1_5 fusion-one-fifth fusion-column-first\" style=\"--awb-bg-blend:overlay;--awb-bg-size:cover;width:20%;width:calc(20% - ( ( 4% + 4% ) * 0.2 ) );margin-right: 4%;\"><div class=\"fusion-column-wrapper fusion-flex-column-wrapper-legacy\"><div class=\"fusion-clearfix\"><\/div><\/div><\/div><div class=\"fusion-layout-column fusion_builder_column fusion-builder-column-1 fusion_builder_column_3_5 3_5 fusion-three-fifth\" style=\"--awb-bg-blend:overlay;--awb-bg-size:cover;width:60%;width:calc(60% - ( ( 4% + 4% ) * 0.6 ) );margin-right: 4%;\"><div class=\"fusion-column-wrapper fusion-flex-column-wrapper-legacy\"><div class=\"fusion-text fusion-text-1\"><h1>Munka Twin Ferrule idomokkal<\/h1>\n<p> A twin ferrule idomokat sz\u00e9les k\u00f6rben alkalmazz\u00e1k a (petro)k\u00e9miai iparban, a m\u0171szertechnik\u00e1ban \u00e9s a folyamatrendszerekben. A helyes szerel\u00e9s elengedhetetlen a sziv\u00e1rg\u00e1sok, anyagk\u00e1rosod\u00e1sok \u00e9s meghib\u00e1sod\u00e1si k\u00f6lts\u00e9gek megel\u0151z\u00e9s\u00e9hez. A Munka Twin Ferrule idomokkal k\u00e9pz\u00e9s sor\u00e1n megtanulja ezeket az idomokat biztons\u00e1gosan, szakszer\u0171en \u00e9s az \u00e9rv\u00e9nyes ir\u00e1nyelveknek megfelel\u0151en szerelni. <\/p>\n<h2>Mik azok a twin ferrule idomok?<\/h2>\n<p> A twin ferrule idomok egy el\u00fcls\u0151 \u00e9s egy h\u00e1ts\u00f3 gy\u0171r\u0171b\u0151l \u00e1llnak, amelyek egy\u00fctt megb\u00edzhat\u00f3, nyom\u00e1s\u00e1ll\u00f3 kapcsolatot biztos\u00edtanak a cs\u0151 \u00e9s az idom k\u00f6z\u00f6tt. Gyakran haszn\u00e1lj\u00e1k \u0151ket m\u0171szeres cs\u0151vezet\u00e9kekben, ahol magas k\u00f6vetelm\u00e9nyek vonatkoznak a biztons\u00e1gra \u00e9s a pontoss\u00e1gra. <\/p>\n<h2>Kinek sz\u00f3l a Munka Twin Ferrule idomokkal k\u00e9pz\u00e9s?<\/h2>\n<ul>\n<li>Szerel\u0151knek \u00e9s karbantart\u00f3 technikusoknak.<\/li>\n<li>M\u0171szeres szerel\u0151knek.<\/li>\n<li>A (petro)k\u00e9miai iparban dolgoz\u00f3 munkat\u00e1rsaknak.<\/li>\n<li>Egy\u00e9ni v\u00e1llalkoz\u00f3knak \u00e9s alv\u00e1llalkoz\u00f3knak.<\/li>\n<li>Olyan m\u0171szaki szem\u00e9lyzetnek, amely cs\u0151- \u00e9s m\u0171szeridomokkal dolgozik.<\/li>\n<\/ul>\n<h2>Munka Twin Ferrule idomokkal SOG n\u00e9lk\u00fcl<\/h2>\n<h3>C\u00e9lcsoport<\/h3>\n<p> Ez a k\u00e9pz\u00e9s azoknak a munkav\u00e1llal\u00f3knak megfelel\u0151, akik twin ferrule idomokat szerelnek olyan megrendel\u0151kn\u00e9l, ahol nem k\u00f6telez\u0151 a SOG. <\/p>\n<h3>Mikor v\u00e1lassza a Twin Ferrule idomokat SOG n\u00e9lk\u00fcl?<\/h3>\n<ul>\n<li>Ha a megrendel\u0151 nem \u00edr el\u0151 SOG-diplom\u00e1t.<\/li>\n<li>Ha bels\u0151 biztons\u00e1gi \u00e9s szerel\u00e9si elj\u00e1r\u00e1sok szerint dolgozik.<\/li>\n<li>Ha gyakorlatk\u00f6zpont\u00fa k\u00e9pz\u00e9st keres k\u00fcls\u0151 SOG-vizsga n\u00e9lk\u00fcl.<\/li>\n<\/ul>\n<p> A k\u00e9pz\u00e9s elv\u00e9gz\u00e9se ut\u00e1n oklevelet kap, amely az <strong>ELCONY oklev\u00e9l-nyilv\u00e1ntart\u00e1sban<\/strong> ker\u00fcl r\u00f6gz\u00edt\u00e9sre, \u00e9s <strong>5 \u00e9vig \u00e9rv\u00e9nyes<\/strong>. <\/p>\n<h3><strong>K\u00e9pz\u00e9s id\u0151tartama \u00e9s \u00e1ra<\/strong><\/h3>\n<ul>\n<li>1 nap megl\u00e9v\u0151 el\u0151ismeretekkel online el\u0151k\u00e9sz\u00edt\u00e9s vagy friss\u00edt\u0151 tanfolyam r\u00e9v\u00e9n: <strong>\u20ac 255,00<\/strong> \u00e1fa n\u00e9lk\u00fcl<\/li>\n<li>2 nap el\u0151zetes tapasztalat n\u00e9lk\u00fcl: <strong>\u20ac 455,00<\/strong> \u00e1fa n\u00e9lk\u00fcl<\/li>\n<\/ul>\n<h2 id=\"sog\">Munka Twin Ferrule idomokkal SOG-gal<\/h2>\n<h3>C\u00e9lcsoport<\/h3>\n<p> A SOG \u00e1ltal elismert Munka Twin Ferrule idomokkal k\u00e9pz\u00e9s azoknak a munkav\u00e1llal\u00f3knak sz\u00f3l, akik olyan megrendel\u0151kn\u00e9l dolgoznak, ahol hivatalosan elismert SOG-diploma k\u00f6telez\u0151. <\/p>\n<h3>Mikor k\u00f6telez\u0151 a Twin Ferrule idomok (SOG)?<\/h3>\n<ul>\n<li>(Petro)k\u00e9miai ipari telephelyeken v\u00e9gzett munk\u00e1k eset\u00e9n.<\/li>\n<li>Azokn\u00e1l a megrendel\u0151kn\u00e9l, akik az SSVV k\u00f6vetelm\u00e9nyei szerint dolgoznak.<\/li>\n<li>Karbantart\u00e1si le\u00e1ll\u00e1sok \u00e9s turnarounds sor\u00e1n.<\/li>\n<li>Szigor\u00faan szab\u00e1lyozott biztons\u00e1gi elj\u00e1r\u00e1sokkal rendelkez\u0151 helysz\u00edneken.<\/li>\n<\/ul>\n<p> A vizsga sikeres teljes\u00edt\u00e9se ut\u00e1n az oklev\u00e9l az <strong>SSVV oklev\u00e9l-nyilv\u00e1ntart\u00e1sba<\/strong> ker\u00fcl, \u00e9s 5 \u00e9vig \u00e9rv\u00e9nyes. <\/p>\n<h3><strong>K\u00e9pz\u00e9s id\u0151tartama \u00e9s \u00e1ra<\/strong><\/h3>\n<ul>\n<li>1 nap megl\u00e9v\u0151 el\u0151ismeretekkel online el\u0151k\u00e9sz\u00edt\u00e9s vagy friss\u00edt\u0151 tanfolyam r\u00e9v\u00e9n: <strong>\u20ac 369,00<\/strong> \u00e1fa n\u00e9lk\u00fcl<\/li>\n<li>2 nap el\u0151zetes tapasztalat n\u00e9lk\u00fcl: <strong>\u20ac 569,00<\/strong> \u00e1fa n\u00e9lk\u00fcl<\/li>\n<\/ul>\n<h2>Helysz\u00ednek<\/h2>\n<p> A Munka twin ferrule idomokkal k\u00e9pz\u00e9s Hollandia t\u00f6bb pontj\u00e1n ker\u00fcl megrendez\u00e9sre, \u00e9s az \u00d6n saj\u00e1t telephely\u00e9n is lebonyol\u00edthat\u00f3. <\/p>\n<h2><strong>Kapcsolat<\/strong><\/h2>\n<p> Tov\u00e1bbi inform\u00e1ci\u00f3\u00e9rt vagy jelentkez\u00e9shez h\u00edvja a <strong>+31(0)88-2200100<\/strong> telefonsz\u00e1mot, vagy k\u00fcldj\u00f6n e-mailt a <strong><a href=\"&#109;&#x61;i&#x6c;&#x74;&#111;&#x3a;i&#x6e;&#x66;&#111;&#x40;e&#x6c;&#x63;&#111;&#x6e;y&#x2e;&#x63;&#111;&#x6d;\">&#x69;&#x6e;&#x66;&#x6f;&#x40;&#x65;&#108;&#99;&#111;&#110;y&#46;co&#x6d;<\/a><\/strong> c\u00edmre.<\/p>\n<\/div><div class=\"fusion-clearfix\"><\/div><\/div><\/div><div class=\"fusion-layout-column fusion_builder_column fusion-builder-column-2 fusion_builder_column_1_5 1_5 fusion-one-fifth fusion-column-last\" style=\"--awb-bg-blend:overlay;--awb-bg-size:cover;width:20%;width:calc(20% - ( ( 4% + 4% ) * 0.2 ) );\"><div class=\"fusion-column-wrapper fusion-flex-column-wrapper-legacy\"><div class=\"fusion-clearfix\"><\/div><\/div><\/div><\/div><\/div>\n","protected":false},"excerpt":{"rendered":"","protected":false},"author":1,"featured_media":0,"parent":0,"menu_order":6,"comment_status":"closed","ping_status":"closed","template":"","meta":{"footnotes":""},"class_list":["post-186520","page","type-page","status-publish","hentry"],"yoast_head":"<!-- This site is optimized with the Yoast SEO plugin v27.4 - https:\/\/yoast.com\/product\/yoast-seo-wordpress\/ -->\n<title>Munka Twin Ferrule idomokkal (SOG) \u2013 orsz\u00e1gosan \u00e9s v\u00e1llalaton bel\u00fcl<\/title>\n<meta name=\"description\" content=\"Tanulja meg biztons\u00e1gosan \u00e9s helyesen haszn\u00e1lni a twin ferrule idomokat. Gyakorlatk\u00f6zpont\u00fa k\u00e9pz\u00e9s szerel\u0151k \u00e9s m\u0171szeres szakemberek sz\u00e1m\u00e1ra.\" \/>\n<meta name=\"robots\" content=\"index, follow, max-snippet:-1, max-image-preview:large, max-video-preview:-1\" \/>\n<link rel=\"canonical\" href=\"https:\/\/www.elcony.com\/werken-met-twin-ferrule-fittingen\/\" \/>\n<script type=\"application\/ld+json\" class=\"yoast-schema-graph\">{\"@context\":\"https:\\\/\\\/schema.org\",\"@graph\":[{\"@type\":\"WebPage\",\"@id\":\"https:\\\/\\\/www.elcony.com\\\/werken-met-twin-ferrule-fittingen\\\/\",\"url\":\"https:\\\/\\\/www.elcony.com\\\/werken-met-twin-ferrule-fittingen\\\/\",\"name\":\"Munka Twin Ferrule idomokkal (SOG) \u2013 orsz\u00e1gosan \u00e9s v\u00e1llalaton bel\u00fcl\",\"isPartOf\":{\"@id\":\"https:\\\/\\\/www.elcony.com\\\/it\\\/#website\"},\"datePublished\":\"2023-10-08T09:23:23+00:00\",\"dateModified\":\"2026-02-06T19:21:44+00:00\",\"description\":\"Tanulja meg biztons\u00e1gosan \u00e9s helyesen haszn\u00e1lni a twin ferrule idomokat. Gyakorlatk\u00f6zpont\u00fa k\u00e9pz\u00e9s szerel\u0151k \u00e9s m\u0171szeres szakemberek sz\u00e1m\u00e1ra.\",\"breadcrumb\":{\"@id\":\"https:\\\/\\\/www.elcony.com\\\/werken-met-twin-ferrule-fittingen\\\/#breadcrumb\"},\"inLanguage\":\"hu\",\"potentialAction\":[{\"@type\":\"ReadAction\",\"target\":[\"https:\\\/\\\/www.elcony.com\\\/werken-met-twin-ferrule-fittingen\\\/\"]}]},{\"@type\":\"BreadcrumbList\",\"@id\":\"https:\\\/\\\/www.elcony.com\\\/werken-met-twin-ferrule-fittingen\\\/#breadcrumb\",\"itemListElement\":[{\"@type\":\"ListItem\",\"position\":1,\"name\":\"Home\",\"item\":\"https:\\\/\\\/www.elcony.com\\\/hu\\\/\"},{\"@type\":\"ListItem\",\"position\":2,\"name\":\"Twin Ferrule\"}]},{\"@type\":\"WebSite\",\"@id\":\"https:\\\/\\\/www.elcony.com\\\/it\\\/#website\",\"url\":\"https:\\\/\\\/www.elcony.com\\\/it\\\/\",\"name\":\"ELCONY\",\"description\":\"ARBO, VCA en SOG Opleidingen\",\"potentialAction\":[{\"@type\":\"SearchAction\",\"target\":{\"@type\":\"EntryPoint\",\"urlTemplate\":\"https:\\\/\\\/www.elcony.com\\\/it\\\/?s={search_term_string}\"},\"query-input\":{\"@type\":\"PropertyValueSpecification\",\"valueRequired\":true,\"valueName\":\"search_term_string\"}}],\"inLanguage\":\"hu\"}]}<\/script>\n<!-- \/ Yoast SEO plugin. -->","yoast_head_json":{"title":"Munka Twin Ferrule idomokkal (SOG) \u2013 orsz\u00e1gosan \u00e9s v\u00e1llalaton bel\u00fcl","description":"Tanulja meg biztons\u00e1gosan \u00e9s helyesen haszn\u00e1lni a twin ferrule idomokat. Gyakorlatk\u00f6zpont\u00fa k\u00e9pz\u00e9s szerel\u0151k \u00e9s m\u0171szeres szakemberek sz\u00e1m\u00e1ra.","robots":{"index":"index","follow":"follow","max-snippet":"max-snippet:-1","max-image-preview":"max-image-preview:large","max-video-preview":"max-video-preview:-1"},"canonical":"https:\/\/www.elcony.com\/werken-met-twin-ferrule-fittingen\/","schema":{"@context":"https:\/\/schema.org","@graph":[{"@type":"WebPage","@id":"https:\/\/www.elcony.com\/werken-met-twin-ferrule-fittingen\/","url":"https:\/\/www.elcony.com\/werken-met-twin-ferrule-fittingen\/","name":"Munka Twin Ferrule idomokkal (SOG) \u2013 orsz\u00e1gosan \u00e9s v\u00e1llalaton bel\u00fcl","isPartOf":{"@id":"https:\/\/www.elcony.com\/it\/#website"},"datePublished":"2023-10-08T09:23:23+00:00","dateModified":"2026-02-06T19:21:44+00:00","description":"Tanulja meg biztons\u00e1gosan \u00e9s helyesen haszn\u00e1lni a twin ferrule idomokat. Gyakorlatk\u00f6zpont\u00fa k\u00e9pz\u00e9s szerel\u0151k \u00e9s m\u0171szeres szakemberek sz\u00e1m\u00e1ra.","breadcrumb":{"@id":"https:\/\/www.elcony.com\/werken-met-twin-ferrule-fittingen\/#breadcrumb"},"inLanguage":"hu","potentialAction":[{"@type":"ReadAction","target":["https:\/\/www.elcony.com\/werken-met-twin-ferrule-fittingen\/"]}]},{"@type":"BreadcrumbList","@id":"https:\/\/www.elcony.com\/werken-met-twin-ferrule-fittingen\/#breadcrumb","itemListElement":[{"@type":"ListItem","position":1,"name":"Home","item":"https:\/\/www.elcony.com\/hu\/"},{"@type":"ListItem","position":2,"name":"Twin Ferrule"}]},{"@type":"WebSite","@id":"https:\/\/www.elcony.com\/it\/#website","url":"https:\/\/www.elcony.com\/it\/","name":"ELCONY","description":"ARBO, VCA en SOG Opleidingen","potentialAction":[{"@type":"SearchAction","target":{"@type":"EntryPoint","urlTemplate":"https:\/\/www.elcony.com\/it\/?s={search_term_string}"},"query-input":{"@type":"PropertyValueSpecification","valueRequired":true,"valueName":"search_term_string"}}],"inLanguage":"hu"}]}},"_links":{"self":[{"href":"https:\/\/www.elcony.com\/hu\/wp-json\/wp\/v2\/pages\/186520","targetHints":{"allow":["GET"]}}],"collection":[{"href":"https:\/\/www.elcony.com\/hu\/wp-json\/wp\/v2\/pages"}],"about":[{"href":"https:\/\/www.elcony.com\/hu\/wp-json\/wp\/v2\/types\/page"}],"author":[{"embeddable":true,"href":"https:\/\/www.elcony.com\/hu\/wp-json\/wp\/v2\/users\/1"}],"replies":[{"embeddable":true,"href":"https:\/\/www.elcony.com\/hu\/wp-json\/wp\/v2\/comments?post=186520"}],"version-history":[{"count":3,"href":"https:\/\/www.elcony.com\/hu\/wp-json\/wp\/v2\/pages\/186520\/revisions"}],"predecessor-version":[{"id":391461,"href":"https:\/\/www.elcony.com\/hu\/wp-json\/wp\/v2\/pages\/186520\/revisions\/391461"}],"wp:attachment":[{"href":"https:\/\/www.elcony.com\/hu\/wp-json\/wp\/v2\/media?parent=186520"}],"curies":[{"name":"wp","href":"https:\/\/api.w.org\/{rel}","templated":true}]}}