{"id":191601,"date":"2023-10-25T11:15:56","date_gmt":"2023-10-25T09:15:56","guid":{"rendered":"https:\/\/www.elcony.com\/kapcsolat\/"},"modified":"2025-11-11T12:11:00","modified_gmt":"2025-11-11T11:11:00","slug":"kapcsolat","status":"publish","type":"page","link":"https:\/\/www.elcony.com\/hu\/kapcsolat\/","title":{"rendered":"Kapcsolat"},"content":{"rendered":"<div class=\"fusion-fullwidth fullwidth-box fusion-builder-row-1 nonhundred-percent-fullwidth non-hundred-percent-height-scrolling\" style=\"--awb-border-radius-top-left:0px;--awb-border-radius-top-right:0px;--awb-border-radius-bottom-right:0px;--awb-border-radius-bottom-left:0px;--awb-flex-wrap:wrap;\" ><div class=\"fusion-builder-row fusion-row\"><div class=\"fusion-layout-column fusion_builder_column fusion-builder-column-0 fusion_builder_column_1_6 1_6 fusion-one-sixth fusion-column-first\" style=\"--awb-bg-size:cover;width:16.666666666667%;width:calc(16.666666666667% - ( ( 4% + 4% + 4% ) * 0.16666666666667 ) );margin-right: 4%;\"><div class=\"fusion-column-wrapper fusion-column-has-shadow fusion-flex-column-wrapper-legacy\"><div class=\"fusion-clearfix\"><\/div><\/div><\/div><div class=\"fusion-layout-column fusion_builder_column fusion-builder-column-1 fusion_builder_column_1_3 1_3 fusion-one-third\" style=\"--awb-bg-size:cover;width:33.333333333333%;width:calc(33.333333333333% - ( ( 4% + 4% + 4% ) * 0.33333333333333 ) );margin-right: 4%;\"><div class=\"fusion-column-wrapper fusion-flex-column-wrapper-legacy\"><div class=\"fusion-text fusion-text-1\"><h3>Telefonsz\u00e1m<\/h3>\n<p>+31(0)88 \u2013 2200100<\/p>\n<h3>E-mail c\u00edm<\/h3>\n<p><a href=\"&#109;&#x61;&#x69;l&#116;&#x6f;:&#105;&#x6e;f&#111;&#x40;e&#108;&#x63;&#x6f;&#110;&#x79;&#x2e;c&#111;&#x6d;\">&#105;&#110;&#x66;&#x6f;&#64;&#101;&#x6c;&#x63;&#111;&#110;&#x79;&#x2e;&#99;&#111;&#x6d;<\/a><\/p>\n<\/div><div class=\"fusion-sep-clear\"><\/div><div class=\"fusion-separator fusion-full-width-sep\" style=\"margin-left: auto;margin-right: auto;margin-top:20px;width:100%;\"><\/div><div class=\"fusion-sep-clear\"><\/div><div class=\"fusion-text fusion-text-2\"><p><strong>K\u00f6zpont<\/strong><br \/>Duivendrechtsekade 80B<br \/>1096 AH Amszterdam<br \/>Hollandia<\/p>\n<p><strong>Gyakorlati helysz\u00edn Groningen<\/strong><br \/>Kattegat 32-1<br \/>9723 JP Groningen<br \/>Hollandia<br \/>K\u00e9pz\u00e9sek csak el\u0151zetes egyeztet\u00e9s alapj\u00e1n vagy az \u00fctemterv szerint.<\/p>\n<p><strong>Gyakorlati helysz\u00edn Rotterdam<\/strong><br \/>Hoefsmidstraat 41<br \/>3194 AA Hoogvliet<br \/>Hollandia<br \/>K\u00e9pz\u00e9sek csak el\u0151zetes egyeztet\u00e9s alapj\u00e1n vagy az \u00fctemterv szerint.<\/p>\n<p><strong>Gyakorlati helysz\u00edn Terneuzen<\/strong><br \/>Finlandweg 1<br \/>4538 BL Terneuzen<br \/>Hollandia<br \/>K\u00e9pz\u00e9sek csak el\u0151zetes egyeztet\u00e9s alapj\u00e1n vagy az \u00fctemterv szerint.<\/p>\n<p><strong>Gyakorlati helysz\u00edn Geleen<\/strong><br \/>Nijverheidsweg 18C<br \/>6171 AZ Stein<br \/>Hollandia<br \/>K\u00e9pz\u00e9sek csak el\u0151zetes egyeztet\u00e9s alapj\u00e1n vagy az \u00fctemterv szerint.<\/p>\n<\/div><div class=\"fusion-clearfix\"><\/div><\/div><\/div><div class=\"fusion-layout-column fusion_builder_column fusion-builder-column-2 fusion_builder_column_1_3 1_3 fusion-one-third\" style=\"--awb-bg-size:cover;width:33.333333333333%;width:calc(33.333333333333% - ( ( 4% + 4% + 4% ) * 0.33333333333333 ) );margin-right: 4%;\"><div class=\"fusion-column-wrapper fusion-column-has-shadow fusion-flex-column-wrapper-legacy\"><div class=\"fusion-image-element fusion-image-align-center in-legacy-container\" style=\"text-align:center;--awb-caption-title-font-family:var(--h2_typography-font-family);--awb-caption-title-font-weight:var(--h2_typography-font-weight);--awb-caption-title-font-style:var(--h2_typography-font-style);--awb-caption-title-size:var(--h2_typography-font-size);--awb-caption-title-transform:var(--h2_typography-text-transform);--awb-caption-title-line-height:var(--h2_typography-line-height);--awb-caption-title-letter-spacing:var(--h2_typography-letter-spacing);\"><div class=\"imageframe-align-center\"><span class=\" fusion-imageframe imageframe-dropshadow imageframe-1 hover-type-none\" style=\"-webkit-box-shadow: 3px 3px 7px rgba(0,0,0,0.3);box-shadow: 3px 3px 7px rgba(0,0,0,0.3);\"><img decoding=\"async\" width=\"270\" height=\"300\" title=\"ELCONY Amsterdam 450&#215;500\" src=\"http:\/\/www.elcony.com\/wp-content\/uploads\/2025\/10\/ELCONY-Amsterdam-450x500-1-270x300.png\" alt class=\"img-responsive wp-image-375881\" srcset=\"https:\/\/www.elcony.com\/wp-content\/uploads\/2025\/10\/ELCONY-Amsterdam-450x500-1-200x222.png 200w, https:\/\/www.elcony.com\/wp-content\/uploads\/2025\/10\/ELCONY-Amsterdam-450x500-1-400x444.png 400w, https:\/\/www.elcony.com\/wp-content\/uploads\/2025\/10\/ELCONY-Amsterdam-450x500-1.png 450w\" sizes=\"(max-width: 800px) 100vw, 270px\" \/><\/span><\/div><\/div><div class=\"fusion-text fusion-text-3\"><p style=\"text-align: center;\">ELCONY Amsterdam<\/p>\n<p>\n<\/div><div class=\"fusion-image-element fusion-image-align-center in-legacy-container\" style=\"text-align:center;--awb-caption-title-font-family:var(--h2_typography-font-family);--awb-caption-title-font-weight:var(--h2_typography-font-weight);--awb-caption-title-font-style:var(--h2_typography-font-style);--awb-caption-title-size:var(--h2_typography-font-size);--awb-caption-title-transform:var(--h2_typography-text-transform);--awb-caption-title-line-height:var(--h2_typography-line-height);--awb-caption-title-letter-spacing:var(--h2_typography-letter-spacing);\"><div class=\"imageframe-align-center\"><span class=\" fusion-imageframe imageframe-dropshadow imageframe-2 hover-type-none\" style=\"-webkit-box-shadow: 3px 3px 7px rgba(0,0,0,0.3);box-shadow: 3px 3px 7px rgba(0,0,0,0.3);\"><img decoding=\"async\" width=\"300\" height=\"217\" title=\"008\" src=\"http:\/\/www.elcony.com\/wp-content\/uploads\/2017\/05\/008-300x217.jpg\" alt class=\"img-responsive wp-image-71932\" srcset=\"https:\/\/www.elcony.com\/wp-content\/uploads\/2017\/05\/008-200x144.jpg 200w, https:\/\/www.elcony.com\/wp-content\/uploads\/2017\/05\/008-400x289.jpg 400w, https:\/\/www.elcony.com\/wp-content\/uploads\/2017\/05\/008.jpg 450w\" sizes=\"(max-width: 800px) 100vw, 300px\" \/><\/span><\/div><\/div><div class=\"fusion-text fusion-text-4\"><p style=\"text-align: center;\">ELCONY Groningen<\/p>\n<p>\n<\/div><div class=\"fusion-clearfix\"><\/div><\/div><\/div><div class=\"fusion-layout-column fusion_builder_column fusion-builder-column-3 fusion_builder_column_1_6 1_6 fusion-one-sixth fusion-column-last\" style=\"--awb-bg-size:cover;width:16.666666666667%;width:calc(16.666666666667% - ( ( 4% + 4% + 4% ) * 0.16666666666667 ) );\"><div class=\"fusion-column-wrapper fusion-column-has-shadow fusion-flex-column-wrapper-legacy\"><div class=\"fusion-clearfix\"><\/div><\/div><\/div><\/div><\/div>\n","protected":false},"excerpt":{"rendered":"","protected":false},"author":1,"featured_media":0,"parent":0,"menu_order":7,"comment_status":"closed","ping_status":"closed","template":"","meta":{"footnotes":""},"class_list":["post-191601","page","type-page","status-publish","hentry"],"yoast_head":"<!-- This site is optimized with the Yoast SEO plugin v27.3 - https:\/\/yoast.com\/product\/yoast-seo-wordpress\/ -->\n<title>Kapcsolat - Elcony<\/title>\n<meta name=\"description\" content=\"+31(088 \u2013 2200100 | info@elcony.com |\" \/>\n<meta name=\"robots\" content=\"index, follow, max-snippet:-1, max-image-preview:large, max-video-preview:-1\" \/>\n<link rel=\"canonical\" href=\"https:\/\/www.elcony.com\/hu\/kapcsolat\/\" \/>\n<script type=\"application\/ld+json\" class=\"yoast-schema-graph\">{\"@context\":\"https:\\\/\\\/schema.org\",\"@graph\":[{\"@type\":\"WebPage\",\"@id\":\"https:\\\/\\\/www.elcony.com\\\/hu\\\/kapcsolat\\\/\",\"url\":\"https:\\\/\\\/www.elcony.com\\\/hu\\\/kapcsolat\\\/\",\"name\":\"Kapcsolat - Elcony\",\"isPartOf\":{\"@id\":\"https:\\\/\\\/www.elcony.com\\\/it\\\/#website\"},\"datePublished\":\"2023-10-25T09:15:56+00:00\",\"dateModified\":\"2025-11-11T11:11:00+00:00\",\"description\":\"+31(088 \u2013 2200100 | info@elcony.com |\",\"breadcrumb\":{\"@id\":\"https:\\\/\\\/www.elcony.com\\\/hu\\\/kapcsolat\\\/#breadcrumb\"},\"inLanguage\":\"hu\",\"potentialAction\":[{\"@type\":\"ReadAction\",\"target\":[\"https:\\\/\\\/www.elcony.com\\\/hu\\\/kapcsolat\\\/\"]}]},{\"@type\":\"BreadcrumbList\",\"@id\":\"https:\\\/\\\/www.elcony.com\\\/hu\\\/kapcsolat\\\/#breadcrumb\",\"itemListElement\":[{\"@type\":\"ListItem\",\"position\":1,\"name\":\"Home\",\"item\":\"https:\\\/\\\/www.elcony.com\\\/hu\\\/\"},{\"@type\":\"ListItem\",\"position\":2,\"name\":\"Kapcsolat\"}]},{\"@type\":\"WebSite\",\"@id\":\"https:\\\/\\\/www.elcony.com\\\/it\\\/#website\",\"url\":\"https:\\\/\\\/www.elcony.com\\\/it\\\/\",\"name\":\"ELCONY\",\"description\":\"ARBO, VCA en SOG Opleidingen\",\"potentialAction\":[{\"@type\":\"SearchAction\",\"target\":{\"@type\":\"EntryPoint\",\"urlTemplate\":\"https:\\\/\\\/www.elcony.com\\\/it\\\/?s={search_term_string}\"},\"query-input\":{\"@type\":\"PropertyValueSpecification\",\"valueRequired\":true,\"valueName\":\"search_term_string\"}}],\"inLanguage\":\"hu\"}]}<\/script>\n<!-- \/ Yoast SEO plugin. -->","yoast_head_json":{"title":"Kapcsolat - Elcony","description":"+31(088 \u2013 2200100 | info@elcony.com |","robots":{"index":"index","follow":"follow","max-snippet":"max-snippet:-1","max-image-preview":"max-image-preview:large","max-video-preview":"max-video-preview:-1"},"canonical":"https:\/\/www.elcony.com\/hu\/kapcsolat\/","schema":{"@context":"https:\/\/schema.org","@graph":[{"@type":"WebPage","@id":"https:\/\/www.elcony.com\/hu\/kapcsolat\/","url":"https:\/\/www.elcony.com\/hu\/kapcsolat\/","name":"Kapcsolat - Elcony","isPartOf":{"@id":"https:\/\/www.elcony.com\/it\/#website"},"datePublished":"2023-10-25T09:15:56+00:00","dateModified":"2025-11-11T11:11:00+00:00","description":"+31(088 \u2013 2200100 | info@elcony.com |","breadcrumb":{"@id":"https:\/\/www.elcony.com\/hu\/kapcsolat\/#breadcrumb"},"inLanguage":"hu","potentialAction":[{"@type":"ReadAction","target":["https:\/\/www.elcony.com\/hu\/kapcsolat\/"]}]},{"@type":"BreadcrumbList","@id":"https:\/\/www.elcony.com\/hu\/kapcsolat\/#breadcrumb","itemListElement":[{"@type":"ListItem","position":1,"name":"Home","item":"https:\/\/www.elcony.com\/hu\/"},{"@type":"ListItem","position":2,"name":"Kapcsolat"}]},{"@type":"WebSite","@id":"https:\/\/www.elcony.com\/it\/#website","url":"https:\/\/www.elcony.com\/it\/","name":"ELCONY","description":"ARBO, VCA en SOG Opleidingen","potentialAction":[{"@type":"SearchAction","target":{"@type":"EntryPoint","urlTemplate":"https:\/\/www.elcony.com\/it\/?s={search_term_string}"},"query-input":{"@type":"PropertyValueSpecification","valueRequired":true,"valueName":"search_term_string"}}],"inLanguage":"hu"}]}},"_links":{"self":[{"href":"https:\/\/www.elcony.com\/hu\/wp-json\/wp\/v2\/pages\/191601","targetHints":{"allow":["GET"]}}],"collection":[{"href":"https:\/\/www.elcony.com\/hu\/wp-json\/wp\/v2\/pages"}],"about":[{"href":"https:\/\/www.elcony.com\/hu\/wp-json\/wp\/v2\/types\/page"}],"author":[{"embeddable":true,"href":"https:\/\/www.elcony.com\/hu\/wp-json\/wp\/v2\/users\/1"}],"replies":[{"embeddable":true,"href":"https:\/\/www.elcony.com\/hu\/wp-json\/wp\/v2\/comments?post=191601"}],"version-history":[{"count":9,"href":"https:\/\/www.elcony.com\/hu\/wp-json\/wp\/v2\/pages\/191601\/revisions"}],"predecessor-version":[{"id":382282,"href":"https:\/\/www.elcony.com\/hu\/wp-json\/wp\/v2\/pages\/191601\/revisions\/382282"}],"wp:attachment":[{"href":"https:\/\/www.elcony.com\/hu\/wp-json\/wp\/v2\/media?parent=191601"}],"curies":[{"name":"wp","href":"https:\/\/api.w.org\/{rel}","templated":true}]}}