{"id":233950,"date":"2023-11-25T08:46:53","date_gmt":"2023-11-25T07:46:53","guid":{"rendered":"https:\/\/www.elcony.com\/nyomatek-es-feszites\/"},"modified":"2026-02-06T13:58:42","modified_gmt":"2026-02-06T12:58:42","slug":"nyomatek-es-feszites","status":"publish","type":"page","link":"https:\/\/www.elcony.com\/hu\/nyomatek-es-feszites\/","title":{"rendered":"Nyomat\u00e9k \u00e9s fesz\u00edt\u00e9s"},"content":{"rendered":"<div class=\"fusion-fullwidth fullwidth-box fusion-builder-row-1 fusion-flex-container has-pattern-background has-mask-background nonhundred-percent-fullwidth non-hundred-percent-height-scrolling\" style=\"--awb-border-radius-top-left:0px;--awb-border-radius-top-right:0px;--awb-border-radius-bottom-right:0px;--awb-border-radius-bottom-left:0px;--awb-flex-wrap:wrap;\" ><div class=\"fusion-builder-row fusion-row fusion-flex-align-items-flex-start fusion-flex-content-wrap\" style=\"max-width:101%;margin-left: calc(-1% \/ 2 );margin-right: calc(-1% \/ 2 );\"><div class=\"fusion-layout-column fusion_builder_column fusion-builder-column-0 fusion_builder_column_1_5 1_5 fusion-flex-column\" style=\"--awb-bg-size:cover;--awb-width-large:20%;--awb-margin-top-large:5px;--awb-spacing-right-large:2.475%;--awb-margin-bottom-large:5px;--awb-spacing-left-large:2.475%;--awb-width-medium:100%;--awb-order-medium:0;--awb-spacing-right-medium:0.495%;--awb-spacing-left-medium:0.495%;--awb-width-small:100%;--awb-order-small:0;--awb-spacing-right-small:0.495%;--awb-spacing-left-small:0.495%;\"><div class=\"fusion-column-wrapper fusion-column-has-shadow fusion-flex-justify-content-flex-start fusion-content-layout-column\"><\/div><\/div><div class=\"fusion-layout-column fusion_builder_column fusion-builder-column-1 fusion_builder_column_3_5 3_5 fusion-flex-column\" style=\"--awb-bg-size:cover;--awb-width-large:60%;--awb-margin-top-large:5px;--awb-spacing-right-large:0.825%;--awb-margin-bottom-large:5px;--awb-spacing-left-large:0.825%;--awb-width-medium:100%;--awb-order-medium:0;--awb-spacing-right-medium:0.495%;--awb-spacing-left-medium:0.495%;--awb-width-small:100%;--awb-order-small:0;--awb-spacing-right-small:0.495%;--awb-spacing-left-small:0.495%;\"><div class=\"fusion-column-wrapper fusion-column-has-shadow fusion-flex-justify-content-flex-start fusion-content-layout-column\"><div class=\"fusion-text fusion-text-1\"><h1>Nyomat\u00e9k \u00e9s fesz\u00edt\u00e9s tanfolyam<\/h1>\n<p> A nyomat\u00e9k- \u00e9s fesz\u00edt\u0151berendez\u00e9sekkel val\u00f3 munkav\u00e9gz\u00e9s speci\u00e1lis szaktud\u00e1st, nagyfok\u00fa pontoss\u00e1got \u00e9s az el\u0151\u00edrt elj\u00e1r\u00e1sok szigor\u00fa betart\u00e1s\u00e1t ig\u00e9nyli. A Nyomat\u00e9k \u00e9s fesz\u00edt\u00e9s tanfolyamon megtanulja, hogyan dolgozzon biztons\u00e1gosan, ellen\u0151rz\u00f6tt m\u00f3don \u00e9s a hat\u00e1lyos szabv\u00e1nyok szerint csavaros k\u00f6t\u00e9sek eset\u00e9n ipari k\u00f6rnyezetben. <\/p>\n<h2>Mi a nyomat\u00e9k \u00e9s a fesz\u00edt\u00e9s?<\/h2>\n<p> A nyomat\u00e9k \u00e9s a fesz\u00edt\u00e9s ellen\u0151rz\u00f6tt m\u00f3dszerek a csavaros k\u00f6t\u00e9sek megh\u00faz\u00e1s\u00e1ra \u00e9s old\u00e1s\u00e1ra. A nyomat\u00e9k egy el\u0151re be\u00e1ll\u00edtott nyomat\u00e9k\u00e9rt\u00e9ket alkalmaz, m\u00edg a fesz\u00edt\u00e9s a csavar megny\u00fajt\u00e1s\u00e1val, hidraulikus fesz\u00edt\u00e9s seg\u00edts\u00e9g\u00e9vel t\u00f6rt\u00e9nik. Mindk\u00e9t technika elengedhetetlen a biztons\u00e1gos \u00e9s megb\u00edzhat\u00f3 karim\u00e1s \u00e9s csavaros k\u00f6t\u00e9sekhez. <\/p>\n<h2>Kinek sz\u00f3l a nyomat\u00e9k \u00e9s fesz\u00edt\u00e9s tanfolyam?<\/h2>\n<ul>\n<li>Szerel\u0151knek \u00e9s karbantart\u00f3 technikusoknak.<\/li>\n<li>A (petro)k\u00e9miai iparban dolgoz\u00f3 munkav\u00e1llal\u00f3knak.<\/li>\n<li>Csavaros \u00e9s karim\u00e1s k\u00f6t\u00e9sekhez kapcsol\u00f3d\u00f3 m\u0171szaki szem\u00e9lyzetnek.<\/li>\n<li>Egy\u00e9ni v\u00e1llalkoz\u00f3knak \u00e9s alv\u00e1llalkoz\u00f3knak.<\/li>\n<\/ul>\n<h2>Nyomat\u00e9k \u00e9s fesz\u00edt\u00e9s SOG n\u00e9lk\u00fcl<\/h2>\n<h3>C\u00e9lcsoport<\/h3>\n<p> Ez a k\u00e9pz\u00e9s azoknak a szerel\u0151knek megfelel\u0151, akik hidraulikus nyomat\u00e9k- \u00e9s fesz\u00edt\u0151berendez\u00e9sekkel dolgoznak olyan megrendel\u0151kn\u00e9l, ahol nem k\u00f6telez\u0151 a SOG. <\/p>\n<h3>Mikor v\u00e1lassza a nyomat\u00e9k \u00e9s fesz\u00edt\u00e9s tanfolyamot SOG n\u00e9lk\u00fcl?<\/h3>\n<ul>\n<li>Az \u00d6n megrendel\u0151je nem \u00edr el\u0151 SOG oklevelet.<\/li>\n<li>Bels\u0151 biztons\u00e1gi elj\u00e1r\u00e1sok szerint dolgozik.<\/li>\n<li>Gyakorlatorient\u00e1lt k\u00e9pz\u00e9st szeretne k\u00fcls\u0151 SOG-vizsga n\u00e9lk\u00fcl.<\/li>\n<\/ul>\n<p> A tanfolyam elv\u00e9gz\u00e9se ut\u00e1n oklevelet kap, amely az <strong>ELCONY Diplomanyilv\u00e1ntart\u00e1sban<\/strong> ker\u00fcl regisztr\u00e1l\u00e1sra, \u00e9s <strong>5 \u00e9vig \u00e9rv\u00e9nyes<\/strong>. <\/p>\n<h3>A tanfolyam id\u0151tartama \u00e9s <strong>\u00e1ra<\/strong><\/h3>\n<ul>\n<li>1 nap megl\u00e9v\u0151 el\u0151ismeretekkel, online felk\u00e9sz\u00edt\u00e9s vagy friss\u00edt\u0151 tanfolyam r\u00e9v\u00e9n: <strong>\u20ac 285,00<\/strong> \u00e1fa n\u00e9lk\u00fcl<\/li>\n<li>2 nap kor\u00e1bbi tapasztalat n\u00e9lk\u00fcl: <strong>\u20ac 485,00<\/strong> \u00e1fa n\u00e9lk\u00fcl<\/li>\n<\/ul>\n<h2>Nyomat\u00e9k \u00e9s fesz\u00edt\u00e9s SOG-gal<\/h2>\n<h3>C\u00e9lcsoport<\/h3>\n<p> Az SOG \u00e1ltal elismert Nyomat\u00e9k \u00e9s fesz\u00edt\u00e9s tanfolyam azoknak a szerel\u0151knek sz\u00f3l, akik olyan megrendel\u0151kn\u00e9l dolgoznak, ahol hivatalosan elismert oklev\u00e9l sz\u00fcks\u00e9ges. <\/p>\n<h3>Mikor k\u00f6telez\u0151 a nyomat\u00e9k \u00e9s fesz\u00edt\u00e9s (SOG)?<\/h3>\n<ul>\n<li>A (petro)k\u00e9miai iparban v\u00e9gzett munk\u00e1k eset\u00e9n.<\/li>\n<li>Karbantart\u00e1si le\u00e1ll\u00e1sok \u00e9s nagyjav\u00edt\u00e1sok (turnarounds) sor\u00e1n.<\/li>\n<li>Olyan megrendel\u0151kn\u00e9l, akik az SSVV k\u00f6vetelm\u00e9nyei szerint dolgoznak.<\/li>\n<li>Szigor\u00faan szab\u00e1lyozott biztons\u00e1gi elj\u00e1r\u00e1sokkal rendelkez\u0151 helysz\u00edneken.<\/li>\n<\/ul>\n<p> A sikeres vizsga ut\u00e1n az oklev\u00e9l az <strong>SSVV Diplomanyilv\u00e1ntart\u00e1sba<\/strong> ker\u00fcl, \u00e9s <strong>5 \u00e9vig \u00e9rv\u00e9nyes<\/strong>. <\/p>\n<h3>A tanfolyam id\u0151tartama \u00e9s \u00e1ra<\/h3>\n<ul>\n<li>1 nap megl\u00e9v\u0151 el\u0151ismeretekkel, online felk\u00e9sz\u00edt\u00e9s vagy friss\u00edt\u0151 tanfolyam r\u00e9v\u00e9n: <strong>\u20ac 359,00<\/strong> \u00e1fa n\u00e9lk\u00fcl<\/li>\n<li>2 nap kor\u00e1bbi tapasztalat n\u00e9lk\u00fcl: <strong>\u20ac 559,00<\/strong> \u00e1fa n\u00e9lk\u00fcl<\/li>\n<\/ul>\n<h2>Helysz\u00edn<\/h2>\n<p> A tanfolyamokat Hollandia t\u00f6bb pontj\u00e1n tartjuk, \u00e9s ig\u00e9ny eset\u00e9n az \u00d6n saj\u00e1t telephely\u00e9n is megszervezhet\u0151k. <\/p>\n<h2>Kapcsolat<\/h2>\n<p> Tov\u00e1bbi inform\u00e1ci\u00f3\u00e9rt vagy jelentkez\u00e9shez h\u00edvja a <strong>+31(0)88-2200100<\/strong> telefonsz\u00e1mot, vagy k\u00fcldj\u00f6n e-mailt a <strong><a href=\"&#109;a&#x69;l&#x74;o&#x3a;i&#x6e;&#102;&#x6f;&#64;&#x65;&#108;&#x63;&#111;n&#121;&#46;&#x63;o&#x6d;\">&#x69;&#x6e;&#102;&#111;&#64;e&#x6c;&#x63;&#x6f;&#110;y&#46;&#x63;&#x6f;&#x6d;<\/a><\/strong> c\u00edmre.<\/p>\n<\/div><\/div><\/div><div class=\"fusion-layout-column fusion_builder_column fusion-builder-column-2 fusion_builder_column_1_5 1_5 fusion-flex-column\" style=\"--awb-bg-size:cover;--awb-width-large:20%;--awb-margin-top-large:5px;--awb-spacing-right-large:2.475%;--awb-margin-bottom-large:5px;--awb-spacing-left-large:2.475%;--awb-width-medium:100%;--awb-order-medium:0;--awb-spacing-right-medium:0.495%;--awb-spacing-left-medium:0.495%;--awb-width-small:100%;--awb-order-small:0;--awb-spacing-right-small:0.495%;--awb-spacing-left-small:0.495%;\"><div class=\"fusion-column-wrapper fusion-column-has-shadow fusion-flex-justify-content-flex-start fusion-content-layout-column\"><\/div><\/div><\/div><\/div>\n","protected":false},"excerpt":{"rendered":"","protected":false},"author":1,"featured_media":0,"parent":0,"menu_order":2,"comment_status":"closed","ping_status":"closed","template":"","meta":{"footnotes":""},"class_list":["post-233950","page","type-page","status-publish","hentry"],"yoast_head":"<!-- This site is optimized with the Yoast SEO plugin v27.5 - https:\/\/yoast.com\/product\/yoast-seo-wordpress\/ -->\n<title>Nyomat\u00e9k \u00e9s fesz\u00edt\u00e9s tanfolyam (SOG) | Incompany is el\u00e9rhet\u0151<\/title>\n<meta name=\"description\" content=\"Torque &amp; Tensioning tanfolyam SOG vagy ELCONY min\u0151s\u00edt\u00e9ssel. Megfelel a holland szabv\u00e1nyoknak, ahol \u00e9rv\u00e9nyes SOG oklev\u00e9l sz\u00fcks\u00e9ges.\" \/>\n<meta name=\"robots\" content=\"index, follow, max-snippet:-1, max-image-preview:large, max-video-preview:-1\" \/>\n<link rel=\"canonical\" href=\"https:\/\/www.elcony.com\/hu\/nyomatek-es-feszites\/\" \/>\n<script type=\"application\/ld+json\" class=\"yoast-schema-graph\">{\"@context\":\"https:\\\/\\\/schema.org\",\"@graph\":[{\"@type\":\"WebPage\",\"@id\":\"https:\\\/\\\/www.elcony.com\\\/hu\\\/nyomatek-es-feszites\\\/\",\"url\":\"https:\\\/\\\/www.elcony.com\\\/hu\\\/nyomatek-es-feszites\\\/\",\"name\":\"Nyomat\u00e9k \u00e9s fesz\u00edt\u00e9s tanfolyam (SOG) | Incompany is el\u00e9rhet\u0151\",\"isPartOf\":{\"@id\":\"https:\\\/\\\/www.elcony.com\\\/it\\\/#website\"},\"datePublished\":\"2023-11-25T07:46:53+00:00\",\"dateModified\":\"2026-02-06T12:58:42+00:00\",\"description\":\"Torque & Tensioning tanfolyam SOG vagy ELCONY min\u0151s\u00edt\u00e9ssel. Megfelel a holland szabv\u00e1nyoknak, ahol \u00e9rv\u00e9nyes SOG oklev\u00e9l sz\u00fcks\u00e9ges.\",\"breadcrumb\":{\"@id\":\"https:\\\/\\\/www.elcony.com\\\/hu\\\/nyomatek-es-feszites\\\/#breadcrumb\"},\"inLanguage\":\"hu\",\"potentialAction\":[{\"@type\":\"ReadAction\",\"target\":[\"https:\\\/\\\/www.elcony.com\\\/hu\\\/nyomatek-es-feszites\\\/\"]}]},{\"@type\":\"BreadcrumbList\",\"@id\":\"https:\\\/\\\/www.elcony.com\\\/hu\\\/nyomatek-es-feszites\\\/#breadcrumb\",\"itemListElement\":[{\"@type\":\"ListItem\",\"position\":1,\"name\":\"Home\",\"item\":\"https:\\\/\\\/www.elcony.com\\\/hu\\\/\"},{\"@type\":\"ListItem\",\"position\":2,\"name\":\"Nyomat\u00e9k \u00e9s fesz\u00edt\u00e9s\"}]},{\"@type\":\"WebSite\",\"@id\":\"https:\\\/\\\/www.elcony.com\\\/it\\\/#website\",\"url\":\"https:\\\/\\\/www.elcony.com\\\/it\\\/\",\"name\":\"ELCONY\",\"description\":\"ARBO, VCA en SOG Opleidingen\",\"potentialAction\":[{\"@type\":\"SearchAction\",\"target\":{\"@type\":\"EntryPoint\",\"urlTemplate\":\"https:\\\/\\\/www.elcony.com\\\/it\\\/?s={search_term_string}\"},\"query-input\":{\"@type\":\"PropertyValueSpecification\",\"valueRequired\":true,\"valueName\":\"search_term_string\"}}],\"inLanguage\":\"hu\"}]}<\/script>\n<!-- \/ Yoast SEO plugin. -->","yoast_head_json":{"title":"Nyomat\u00e9k \u00e9s fesz\u00edt\u00e9s tanfolyam (SOG) | Incompany is el\u00e9rhet\u0151","description":"Torque & Tensioning tanfolyam SOG vagy ELCONY min\u0151s\u00edt\u00e9ssel. Megfelel a holland szabv\u00e1nyoknak, ahol \u00e9rv\u00e9nyes SOG oklev\u00e9l sz\u00fcks\u00e9ges.","robots":{"index":"index","follow":"follow","max-snippet":"max-snippet:-1","max-image-preview":"max-image-preview:large","max-video-preview":"max-video-preview:-1"},"canonical":"https:\/\/www.elcony.com\/hu\/nyomatek-es-feszites\/","schema":{"@context":"https:\/\/schema.org","@graph":[{"@type":"WebPage","@id":"https:\/\/www.elcony.com\/hu\/nyomatek-es-feszites\/","url":"https:\/\/www.elcony.com\/hu\/nyomatek-es-feszites\/","name":"Nyomat\u00e9k \u00e9s fesz\u00edt\u00e9s tanfolyam (SOG) | Incompany is el\u00e9rhet\u0151","isPartOf":{"@id":"https:\/\/www.elcony.com\/it\/#website"},"datePublished":"2023-11-25T07:46:53+00:00","dateModified":"2026-02-06T12:58:42+00:00","description":"Torque & Tensioning tanfolyam SOG vagy ELCONY min\u0151s\u00edt\u00e9ssel. Megfelel a holland szabv\u00e1nyoknak, ahol \u00e9rv\u00e9nyes SOG oklev\u00e9l sz\u00fcks\u00e9ges.","breadcrumb":{"@id":"https:\/\/www.elcony.com\/hu\/nyomatek-es-feszites\/#breadcrumb"},"inLanguage":"hu","potentialAction":[{"@type":"ReadAction","target":["https:\/\/www.elcony.com\/hu\/nyomatek-es-feszites\/"]}]},{"@type":"BreadcrumbList","@id":"https:\/\/www.elcony.com\/hu\/nyomatek-es-feszites\/#breadcrumb","itemListElement":[{"@type":"ListItem","position":1,"name":"Home","item":"https:\/\/www.elcony.com\/hu\/"},{"@type":"ListItem","position":2,"name":"Nyomat\u00e9k \u00e9s fesz\u00edt\u00e9s"}]},{"@type":"WebSite","@id":"https:\/\/www.elcony.com\/it\/#website","url":"https:\/\/www.elcony.com\/it\/","name":"ELCONY","description":"ARBO, VCA en SOG Opleidingen","potentialAction":[{"@type":"SearchAction","target":{"@type":"EntryPoint","urlTemplate":"https:\/\/www.elcony.com\/it\/?s={search_term_string}"},"query-input":{"@type":"PropertyValueSpecification","valueRequired":true,"valueName":"search_term_string"}}],"inLanguage":"hu"}]}},"_links":{"self":[{"href":"https:\/\/www.elcony.com\/hu\/wp-json\/wp\/v2\/pages\/233950","targetHints":{"allow":["GET"]}}],"collection":[{"href":"https:\/\/www.elcony.com\/hu\/wp-json\/wp\/v2\/pages"}],"about":[{"href":"https:\/\/www.elcony.com\/hu\/wp-json\/wp\/v2\/types\/page"}],"author":[{"embeddable":true,"href":"https:\/\/www.elcony.com\/hu\/wp-json\/wp\/v2\/users\/1"}],"replies":[{"embeddable":true,"href":"https:\/\/www.elcony.com\/hu\/wp-json\/wp\/v2\/comments?post=233950"}],"version-history":[{"count":3,"href":"https:\/\/www.elcony.com\/hu\/wp-json\/wp\/v2\/pages\/233950\/revisions"}],"predecessor-version":[{"id":391328,"href":"https:\/\/www.elcony.com\/hu\/wp-json\/wp\/v2\/pages\/233950\/revisions\/391328"}],"wp:attachment":[{"href":"https:\/\/www.elcony.com\/hu\/wp-json\/wp\/v2\/media?parent=233950"}],"curies":[{"name":"wp","href":"https:\/\/api.w.org\/{rel}","templated":true}]}}