{"id":234422,"date":"2023-11-26T14:19:17","date_gmt":"2023-11-26T13:19:17","guid":{"rendered":"https:\/\/www.elcony.com\/rakomanyok-mozgatasa\/"},"modified":"2023-11-26T14:19:20","modified_gmt":"2023-11-26T13:19:20","slug":"rakomanyok-mozgatasa","status":"publish","type":"page","link":"https:\/\/www.elcony.com\/hu\/rakomanyok-mozgatasa\/","title":{"rendered":"Rakom\u00e1nyok mozgat\u00e1sa"},"content":{"rendered":"<p><div class=\"fusion-fullwidth fullwidth-box fusion-builder-row-1 nonhundred-percent-fullwidth non-hundred-percent-height-scrolling\" style=\"--awb-border-radius-top-left:0px;--awb-border-radius-top-right:0px;--awb-border-radius-bottom-right:0px;--awb-border-radius-bottom-left:0px;--awb-flex-wrap:wrap;\" ><div class=\"fusion-builder-row fusion-row\"><div class=\"fusion-layout-column fusion_builder_column fusion-builder-column-0 fusion_builder_column_1_6 1_6 fusion-one-sixth fusion-column-first\" style=\"--awb-bg-size:cover;width:16.666666666667%;width:calc(16.666666666667% - ( ( 4% + 4% ) * 0.16666666666667 ) );margin-right: 4%;\"><div class=\"fusion-column-wrapper fusion-flex-column-wrapper-legacy\"><div class=\"fusion-sep-clear\"><\/div><div class=\"fusion-separator fusion-full-width-sep\" style=\"margin-left: auto;margin-right: auto;margin-top:20px;width:100%;\"><\/div><div class=\"fusion-sep-clear\"><\/div><div class=\"fusion-clearfix\"><\/div><\/div><\/div><div class=\"fusion-layout-column fusion_builder_column fusion-builder-column-1 fusion_builder_column_2_3 2_3 fusion-two-third\" style=\"--awb-padding-bottom:20px;--awb-bg-size:cover;--awb-margin-top:0px;--awb-margin-bottom:0px;width:66.666666666667%;width:calc(66.666666666667% - ( ( 4% + 4% ) * 0.66666666666667 ) );margin-right: 4%;\"><div class=\"fusion-column-wrapper fusion-flex-column-wrapper-legacy\"><div class=\"fusion-content-boxes content-boxes columns row fusion-columns-2 fusion-columns-total-2 fusion-content-boxes-1 content-boxes-clean-vertical content-left content-boxes-icon-on-top\" style=\"--awb-hover-accent-color:#555555;--awb-circle-hover-accent-color:#555555;\" data-animationOffset=\"top-into-view\"><div style=\"--awb-backgroundcolor:rgba(255,255,255,0);border-color:rgba(255,255,255,0);\" class=\"fusion-column content-box-column content-box-column content-box-column-1 col-lg-6 col-md-6 col-sm-6 fusion-content-box-hover content-box-column-first-in-row\"><div class=\"col content-box-wrapper content-wrapper link-area-box link-type-text icon-hover-animation-fade\" data-link=\"#vvl-elcony\" data-link-target=\"_self\" data-animationOffset=\"top-into-view\"><div class=\"heading heading-with-icon icon-left\"><a class=\"heading-link\" href=\"#vvl-elcony\" target=\"_self\"><div aria-hidden=\"true\" class=\"image\"><img decoding=\"async\" src=\"https:\/\/www.elcony.com\/wp-content\/uploads\/2023\/09\/Logo-ELCONY-160x100-1.png\" width=\"160\" height=\"100\" alt=\"\" \/><\/div><h2 class=\"content-box-heading\" style=\"--h2_typography-font-size:26px;line-height:31px;\">Rakom\u00e1nyok mozgat\u00e1sa (VVL)<\/h2><\/a><\/div><div class=\"fusion-clearfix\"><\/div><a class=\" fusion-read-more\" href=\"#vvl-elcony\" target=\"_self\">Tov\u00e1bbi inform\u00e1ci\u00f3<\/a><div class=\"fusion-clearfix\"><\/div><\/div><\/div><div style=\"--awb-backgroundcolor:rgba(255,255,255,0);border-color:rgba(255,255,255,0);\" class=\"fusion-column content-box-column content-box-column content-box-column-2 col-lg-6 col-md-6 col-sm-6 fusion-content-box-hover content-box-column-last content-box-column-last-in-row\"><div class=\"col content-box-wrapper content-wrapper link-area-box link-type-text icon-hover-animation-fade\" data-link=\"#hp-elcony\" data-link-target=\"_self\" data-animationOffset=\"top-into-view\"><div class=\"heading heading-with-icon icon-left\"><a class=\"heading-link\" href=\"#hp-elcony\" target=\"_self\"><div aria-hidden=\"true\" class=\"image\"><img decoding=\"async\" src=\"https:\/\/www.elcony.com\/wp-content\/uploads\/2023\/09\/Logo-ELCONY-160x100-1.png\" width=\"160\" height=\"100\" alt=\"\" \/><\/div><h2 class=\"content-box-heading\" style=\"--h2_typography-font-size:26px;line-height:31px;\">Munka a csarnokkal \u00e9s a port\u00e1ldaruval<\/h2><\/a><\/div><div class=\"fusion-clearfix\"><\/div><a class=\" fusion-read-more\" href=\"#hp-elcony\" target=\"_self\">Tov\u00e1bbi inform\u00e1ci\u00f3<\/a><div class=\"fusion-clearfix\"><\/div><\/div><\/div><div class=\"fusion-clearfix\"><\/div><\/div><div class=\"fusion-clearfix\"><\/div><\/div><\/div><div class=\"fusion-layout-column fusion_builder_column fusion-builder-column-2 fusion_builder_column_1_6 1_6 fusion-one-sixth fusion-column-last\" style=\"--awb-bg-size:cover;width:16.666666666667%;width:calc(16.666666666667% - ( ( 4% + 4% ) * 0.16666666666667 ) );\"><div class=\"fusion-column-wrapper fusion-flex-column-wrapper-legacy\"><div class=\"fusion-clearfix\"><\/div><\/div><\/div><\/div><\/div><div id=\"vvl-elcony\" class=\"fusion-container-anchor\"><div class=\"fusion-fullwidth fullwidth-box fusion-builder-row-2 has-pattern-background has-mask-background nonhundred-percent-fullwidth non-hundred-percent-height-scrolling\" style=\"--awb-border-radius-top-left:0px;--awb-border-radius-top-right:0px;--awb-border-radius-bottom-right:0px;--awb-border-radius-bottom-left:0px;--awb-background-color:#f7f7f7;--awb-flex-wrap:wrap;\" ><div class=\"fusion-builder-row fusion-row\"><div class=\"fusion-layout-column fusion_builder_column fusion-builder-column-3 fusion_builder_column_1_6 1_6 fusion-one-sixth fusion-column-first\" style=\"--awb-bg-size:cover;width:16.666666666667%;width:calc(16.666666666667% - ( ( 4% + 4% ) * 0.16666666666667 ) );margin-right: 4%;\"><div class=\"fusion-column-wrapper fusion-flex-column-wrapper-legacy\"><div class=\"fusion-image-element fusion-image-align-center in-legacy-container\" style=\"text-align:center;--awb-caption-title-font-family:var(--h2_typography-font-family);--awb-caption-title-font-weight:var(--h2_typography-font-weight);--awb-caption-title-font-style:var(--h2_typography-font-style);--awb-caption-title-size:var(--h2_typography-font-size);--awb-caption-title-transform:var(--h2_typography-text-transform);--awb-caption-title-line-height:var(--h2_typography-line-height);--awb-caption-title-letter-spacing:var(--h2_typography-letter-spacing);\"><div class=\"imageframe-align-center\"><span class=\" fusion-imageframe imageframe-none imageframe-1 hover-type-none\"><img decoding=\"async\" width=\"160\" height=\"100\" title=\"Logo ELCONY 160&#215;100\" src=\"https:\/\/www.elcony.com\/wp-content\/uploads\/2023\/09\/Logo-ELCONY-160x100-1.png\" alt class=\"img-responsive wp-image-185470\"\/><\/span><\/div><\/div><div class=\"fusion-sep-clear\"><\/div><div class=\"fusion-separator fusion-full-width-sep\" style=\"margin-left: auto;margin-right: auto;margin-top:20px;width:100%;\"><\/div><div class=\"fusion-sep-clear\"><\/div><div class=\"fusion-clearfix\"><\/div><\/div><\/div><div class=\"fusion-layout-column fusion_builder_column fusion-builder-column-4 fusion_builder_column_2_3 2_3 fusion-two-third\" style=\"--awb-padding-bottom:20px;--awb-bg-size:cover;--awb-margin-top:0px;--awb-margin-bottom:0px;width:66.666666666667%;width:calc(66.666666666667% - ( ( 4% + 4% ) * 0.66666666666667 ) );margin-right: 4%;\"><div class=\"fusion-column-wrapper fusion-flex-column-wrapper-legacy\"><div class=\"fusion-text fusion-text-1\"><h2>Rakom\u00e1nyok mozgat\u00e1sa (VVL)<\/h2>\n<\/div><div class=\"fusion-text fusion-text-2\"><h3>C\u00e9lcsoport<\/h3>\n<p>Alkalmazottak, akik (petro)vegyi telephelyen, l\u00e9tes\u00edtm\u00e9nyekben, m\u0171helyekben rakom\u00e1nyokat kezelnek \u00e9s mozgatnak.<\/p>\n<h3>Tanul\u00e1si c\u00e9l<\/h3>\n<p>K\u00e9pesnek lenni a terhek biztons\u00e1gos emel\u00e9s\u00e9re \u00e9s mozgat\u00e1s\u00e1ra emel\u0151berendez\u00e9sekkel \u00e9s emel\u0151szersz\u00e1mokkal.<\/p>\n<h3>Az elm\u00e9let<\/h3>\n<p>Fogalmak, jogszab\u00e1lyi rendelkez\u00e9sek \u00e9s el\u0151\u00edr\u00e1sok.<br \/>\nEmel\u0151hevederek.<br \/>\nAc\u00e9l dr\u00f3tk\u00f6telek.<br \/>\nL\u00e1nc \u00e9s l\u00e1ncmunka.<br \/>\nSpeci\u00e1lis emel\u0151berendez\u00e9sek.<br \/>\nEmel\u0151k, emel\u0151gerend\u00e1k \u00e9s kocsik.<br \/>\nEllen\u0151rz\u00e9s \u00e9s tan\u00fas\u00edt\u00e1s.<br \/>\nA terhek biztons\u00e1gos emel\u00e9se.<br \/>\nKarjelz\u00e9sek.<\/p>\n<h3>GYakorlat<\/h3>\n<p>Gyakorlat egy zsilip, biztons\u00e1gi szelep, \u00edves cs\u0151 szimul\u00e1ci\u00f3s \u00e1llv\u00e1nyon \u00e9s egy raklapnyi t\u00e1rgy, egy villanymotor, \u00e1llv\u00e1ny deszk\u00e1k \u00e9s egy ac\u00e9l tart\u00f3gerenda biztons\u00e1gos beakaszt\u00e1s\u00e1ban \u00e9s mozgat\u00e1s\u00e1ban.<\/p>\n<h3>Ingang k\u00f6vetelm\u00e9nyek<\/h3>\n<p>A jel\u00f6ltnek legal\u00e1bb 18 \u00e9vesnek kell lennie. Kiv\u00e9telt k\u00e9peznek azok a tanul\u00f3k, akik a k\u00e9pz\u00e9st egy bel\u00e9p\u0151 szint\u0171 k\u00e9pes\u00edt\u00e9s megszerz\u00e9s\u00e9nek r\u00e9szek\u00e9nt veszik ig\u00e9nybe. Sz\u00e1mukra 16 \u00e9v a minim\u00e1lis \u00e9letkor.<\/p>\n<h3>Tanfolyam id\u0151tartama<\/h3>\n<p>1 nap (2 f\u00e9lnapos foglalkoz\u00e1s).<\/p>\n<h3>Diploma<\/h3>\n<p>A &#8220;Terhek mozgat\u00e1sa (VVL)&#8221; tanfolyamhoz az ELCONY a SSVV vizsgam\u00e1trixait haszn\u00e1lja. Az SOG-vizsga \u00e9s az ELCONY-vizsga k\u00f6z\u00f6tti egyetlen k\u00fcl\u00f6nbs\u00e9g a vizsga lebonyol\u00edt\u00e1s\u00e1nak m\u00f3dj\u00e1ban rejlik. Az ELCONY-vizsga ut\u00e1n a r\u00e9sztvev\u0151k nem kapnak SOG-diplom\u00e1t, \u00e9s nem ker\u00fclnek be a VCA k\u00f6zponti diplomanyilv\u00e1ntart\u00e1s\u00e1ba. Ehelyett ELCONY-diplom\u00e1t kapnak. Ez az oklev\u00e9l megfelel a munkafelt\u00e9telekr\u0151l sz\u00f3l\u00f3 t\u00f6rv\u00e9ny 8. cikk\u00e9nek, amely a t\u00e1j\u00e9koztat\u00e1sra \u00e9s oktat\u00e1sra vonatkozik. Azok a v\u00e1llalatok, amelyek nem tartj\u00e1k sz\u00fcks\u00e9gesnek az SSVV-diplom\u00e1t, a munkahelyi eg\u00e9szs\u00e9gv\u00e9delemr\u0151l \u00e9s biztons\u00e1gr\u00f3l sz\u00f3l\u00f3 t\u00f6rv\u00e9nyhez fordulhatnak. Ezen v\u00e1llalatok sz\u00e1m\u00e1ra az ELCONY alternat\u00edv\u00e1t k\u00edn\u00e1l.<br \/>\nAz oklev\u00e9l \u00f6t \u00e9vig \u00e9rv\u00e9nyes.<\/p>\n<\/div><div class=\"fusion-text fusion-text-3\"><h3>\u00c1r<\/h3>\n<p>229,00 \u20ac\/f\u0151. T\u00e1rsas\u00e1gon bel\u00fcli r\u00e9szv\u00e9tel eset\u00e9n minimum 6 f\u0151 sz\u00fcks\u00e9ges.<\/p>\n<\/div><div class=\"fusion-text fusion-text-4\"><p>H\u00edvjon minket b\u00e1tran a <strong>+31(0)88-2200100<\/strong> telefonsz\u00e1mon, vagy k\u00fcldj\u00f6n e-mailt a <a href=\"&#109;&#97;&#x69;&#x6c;&#116;&#111;&#x3a;&#x69;&#110;&#102;&#x6f;&#x40;&#101;&#108;&#x63;&#x6f;&#110;&#121;&#x2e;&#x63;&#111;&#109;\"><strong>&#x69;&#x6e;&#102;o&#x40;&#x65;&#108;co&#x6e;&#x79;&#46;c&#x6f;&#x6d;<\/strong><\/a> c\u00edmre.<\/p>\n<\/div><div class=\"fusion-clearfix\"><\/div><\/div><\/div><div class=\"fusion-layout-column fusion_builder_column fusion-builder-column-5 fusion_builder_column_1_6 1_6 fusion-one-sixth fusion-column-last\" style=\"--awb-bg-size:cover;width:16.666666666667%;width:calc(16.666666666667% - ( ( 4% + 4% ) * 0.16666666666667 ) );\"><div class=\"fusion-column-wrapper fusion-flex-column-wrapper-legacy\"><div class=\"fusion-clearfix\"><\/div><\/div><\/div><\/div><\/div><\/div><div id=\"hp-elcony\" class=\"fusion-container-anchor\"><div class=\"fusion-fullwidth fullwidth-box fusion-builder-row-3 has-pattern-background has-mask-background nonhundred-percent-fullwidth non-hundred-percent-height-scrolling\" style=\"--awb-border-radius-top-left:0px;--awb-border-radius-top-right:0px;--awb-border-radius-bottom-right:0px;--awb-border-radius-bottom-left:0px;--awb-flex-wrap:wrap;\" ><div class=\"fusion-builder-row fusion-row\"><div class=\"fusion-layout-column fusion_builder_column fusion-builder-column-6 fusion_builder_column_1_6 1_6 fusion-one-sixth fusion-column-first\" style=\"--awb-bg-size:cover;width:16.666666666667%;width:calc(16.666666666667% - ( ( 4% + 4% ) * 0.16666666666667 ) );margin-right: 4%;\"><div class=\"fusion-column-wrapper fusion-flex-column-wrapper-legacy\"><div class=\"fusion-image-element fusion-image-align-center in-legacy-container\" style=\"text-align:center;--awb-caption-title-font-family:var(--h2_typography-font-family);--awb-caption-title-font-weight:var(--h2_typography-font-weight);--awb-caption-title-font-style:var(--h2_typography-font-style);--awb-caption-title-size:var(--h2_typography-font-size);--awb-caption-title-transform:var(--h2_typography-text-transform);--awb-caption-title-line-height:var(--h2_typography-line-height);--awb-caption-title-letter-spacing:var(--h2_typography-letter-spacing);\"><div class=\"imageframe-align-center\"><span class=\" fusion-imageframe imageframe-none imageframe-2 hover-type-none\"><img decoding=\"async\" width=\"160\" height=\"100\" title=\"Logo ELCONY 160&#215;100\" src=\"https:\/\/www.elcony.com\/wp-content\/uploads\/2023\/09\/Logo-ELCONY-160x100-1.png\" alt class=\"img-responsive wp-image-185470\"\/><\/span><\/div><\/div><div class=\"fusion-sep-clear\"><\/div><div class=\"fusion-separator fusion-full-width-sep\" style=\"margin-left: auto;margin-right: auto;margin-top:20px;width:100%;\"><\/div><div class=\"fusion-sep-clear\"><\/div><div class=\"fusion-clearfix\"><\/div><\/div><\/div><div class=\"fusion-layout-column fusion_builder_column fusion-builder-column-7 fusion_builder_column_2_3 2_3 fusion-two-third\" style=\"--awb-padding-bottom:20px;--awb-bg-size:cover;--awb-margin-top:0px;--awb-margin-bottom:0px;width:66.666666666667%;width:calc(66.666666666667% - ( ( 4% + 4% ) * 0.66666666666667 ) );margin-right: 4%;\"><div class=\"fusion-column-wrapper fusion-flex-column-wrapper-legacy\"><div class=\"fusion-text fusion-text-5\"><h1>Munka a csarnokkal \u00e9s a port\u00e1ldaruval<\/h1>\n<\/div><div class=\"fusion-text fusion-text-6\"><h3>C\u00e9lcsoport<\/h3>\n<p>Csarnok- vagy port\u00e1ldarut haszn\u00e1l\u00f3 munkav\u00e1llal\u00f3k.<\/p>\n<h3>Tanul\u00e1si c\u00e9l<\/h3>\n<p>Tapasztalja meg \u00e9s tanulja meg, hogyan kell biztons\u00e1gosan dolgozni a csarnok- vagy port\u00e1ldaruval, \u00e9s hogyan kell kezelni a terheket.<\/p>\n<h3>Az elm\u00e9let<\/h3>\n<p>Fogalmak, jogi rendelkez\u00e9sek \u00e9s el\u0151\u00edr\u00e1sok.<br \/>\nEmel\u0151hevederek.<br \/>\nAc\u00e9l dr\u00f3tk\u00f6telek.<br \/>\nL\u00e1nc \u00e9s l\u00e1ncmunka.<br \/>\nSpeci\u00e1lis emel\u0151berendez\u00e9sek.<br \/>\nEmel\u0151k, emel\u0151gerend\u00e1k \u00e9s kocsik.<br \/>\nEllen\u0151rz\u00e9s \u00e9s tan\u00fas\u00edt\u00e1s.<br \/>\nA terhek biztons\u00e1gos emel\u00e9se.<br \/>\nKarjelz\u00e9sek.<\/p>\n<h3>GYakorlat<\/h3>\n<p>Gyakorlat egy zsilip, biztons\u00e1gi szelep, \u00edves cs\u0151 szimul\u00e1ci\u00f3s \u00e1llv\u00e1nyon \u00e9s egy raklapnyi t\u00e1rgy, egy villanymotor, \u00e1llv\u00e1ny deszk\u00e1k \u00e9s egy ac\u00e9l tart\u00f3gerenda biztons\u00e1gos beakaszt\u00e1s\u00e1ban \u00e9s mozgat\u00e1s\u00e1ban.<\/p>\n<h3>Ingang k\u00f6vetelm\u00e9nyek<\/h3>\n<p>A jel\u00f6ltnek legal\u00e1bb 18 \u00e9vesnek kell lennie. Kiv\u00e9telt k\u00e9peznek azok a tanul\u00f3k, akik a k\u00e9pz\u00e9st egy bel\u00e9p\u0151 szint\u0171 k\u00e9pes\u00edt\u00e9s megszerz\u00e9s\u00e9nek r\u00e9szek\u00e9nt veszik ig\u00e9nybe. Sz\u00e1mukra 16 \u00e9v a minim\u00e1lis \u00e9letkor.<\/p>\n<h3>Tanfolyam id\u0151tartama<\/h3>\n<p>1 nap (2 f\u00e9lnapos foglalkoz\u00e1s).<\/p>\n<h3>Diploma<\/h3>\n<p>A munkafelt\u00e9telekr\u0151l sz\u00f3l\u00f3 t\u00f6rv\u00e9ny 8. cikke szerint &#8211; T\u00e1j\u00e9koztat\u00e1s \u00e9s oktat\u00e1s.<br \/>\n\u00c9rv\u00e9nyes 5 \u00e9vig.<\/p>\n<\/div><div class=\"fusion-text fusion-text-7\"><h3>\u00c1r<\/h3>\n<p>229,00 \u20ac\/f\u0151. T\u00e1rsas\u00e1gon bel\u00fcli r\u00e9szv\u00e9tel eset\u00e9n minimum 6 f\u0151 sz\u00fcks\u00e9ges.<\/p>\n<\/div><div class=\"fusion-text fusion-text-8\"><p>H\u00edvjon minket b\u00e1tran a <strong>+31(0)88-2200100<\/strong> telefonsz\u00e1mon, vagy k\u00fcldj\u00f6n e-mailt a <a href=\"&#x6d;&#x61;&#x69;&#x6c;&#116;&#111;&#58;in&#x66;&#x6f;&#x40;&#x65;&#x6c;&#99;&#111;&#110;y&#46;&#x63;&#x6f;&#x6d;\"><strong>i&#110;&#x66;&#x6f;&#64;&#101;&#x6c;&#x63;o&#110;&#121;&#x2e;&#x63;o&#109;<\/strong><\/a> c\u00edmre.<\/p>\n<\/div><div class=\"fusion-clearfix\"><\/div><\/div><\/div><div class=\"fusion-layout-column fusion_builder_column fusion-builder-column-8 fusion_builder_column_1_6 1_6 fusion-one-sixth fusion-column-last\" style=\"--awb-bg-size:cover;width:16.666666666667%;width:calc(16.666666666667% - ( ( 4% + 4% ) * 0.16666666666667 ) );\"><div class=\"fusion-column-wrapper fusion-flex-column-wrapper-legacy\"><div class=\"fusion-clearfix\"><\/div><\/div><\/div><\/div><\/div><\/div><\/p>\n","protected":false},"excerpt":{"rendered":"","protected":false},"author":1,"featured_media":0,"parent":0,"menu_order":7,"comment_status":"closed","ping_status":"closed","template":"","meta":{"footnotes":""},"class_list":["post-234422","page","type-page","status-publish","hentry"],"yoast_head":"<!-- This site is optimized with the Yoast SEO plugin v27.5 - https:\/\/yoast.com\/product\/yoast-seo-wordpress\/ -->\n<title>Tanfolyam Rakom\u00e1nyok mozgat\u00e1sa (VVL) | Szint\u00e9n a helysz\u00ednenA holland ipar sz\u00e1m\u00e1ra<\/title>\n<meta name=\"description\" content=\"Tanfolyam Rakom\u00e1nyok mozgat\u00e1sa (VVL). Megfelel a holland szabv\u00e1nyoknak, ami \u00e9rv\u00e9nyes ARBO-diplom\u00e1t ig\u00e9nyel.\" \/>\n<meta name=\"robots\" content=\"index, follow, max-snippet:-1, max-image-preview:large, max-video-preview:-1\" \/>\n<link rel=\"canonical\" href=\"https:\/\/www.elcony.com\/hu\/rakomanyok-mozgatasa\/\" \/>\n<script type=\"application\/ld+json\" class=\"yoast-schema-graph\">{\"@context\":\"https:\\\/\\\/schema.org\",\"@graph\":[{\"@type\":\"WebPage\",\"@id\":\"https:\\\/\\\/www.elcony.com\\\/hu\\\/rakomanyok-mozgatasa\\\/\",\"url\":\"https:\\\/\\\/www.elcony.com\\\/hu\\\/rakomanyok-mozgatasa\\\/\",\"name\":\"Tanfolyam Rakom\u00e1nyok mozgat\u00e1sa (VVL) | Szint\u00e9n a helysz\u00ednenA holland ipar sz\u00e1m\u00e1ra\",\"isPartOf\":{\"@id\":\"https:\\\/\\\/www.elcony.com\\\/it\\\/#website\"},\"datePublished\":\"2023-11-26T13:19:17+00:00\",\"dateModified\":\"2023-11-26T13:19:20+00:00\",\"description\":\"Tanfolyam Rakom\u00e1nyok mozgat\u00e1sa (VVL). Megfelel a holland szabv\u00e1nyoknak, ami \u00e9rv\u00e9nyes ARBO-diplom\u00e1t ig\u00e9nyel.\",\"breadcrumb\":{\"@id\":\"https:\\\/\\\/www.elcony.com\\\/hu\\\/rakomanyok-mozgatasa\\\/#breadcrumb\"},\"inLanguage\":\"hu\",\"potentialAction\":[{\"@type\":\"ReadAction\",\"target\":[\"https:\\\/\\\/www.elcony.com\\\/hu\\\/rakomanyok-mozgatasa\\\/\"]}]},{\"@type\":\"BreadcrumbList\",\"@id\":\"https:\\\/\\\/www.elcony.com\\\/hu\\\/rakomanyok-mozgatasa\\\/#breadcrumb\",\"itemListElement\":[{\"@type\":\"ListItem\",\"position\":1,\"name\":\"Home\",\"item\":\"https:\\\/\\\/www.elcony.com\\\/hu\\\/\"},{\"@type\":\"ListItem\",\"position\":2,\"name\":\"Rakom\u00e1nyok mozgat\u00e1sa\"}]},{\"@type\":\"WebSite\",\"@id\":\"https:\\\/\\\/www.elcony.com\\\/it\\\/#website\",\"url\":\"https:\\\/\\\/www.elcony.com\\\/it\\\/\",\"name\":\"ELCONY\",\"description\":\"ARBO, VCA en SOG Opleidingen\",\"potentialAction\":[{\"@type\":\"SearchAction\",\"target\":{\"@type\":\"EntryPoint\",\"urlTemplate\":\"https:\\\/\\\/www.elcony.com\\\/it\\\/?s={search_term_string}\"},\"query-input\":{\"@type\":\"PropertyValueSpecification\",\"valueRequired\":true,\"valueName\":\"search_term_string\"}}],\"inLanguage\":\"hu\"}]}<\/script>\n<!-- \/ Yoast SEO plugin. -->","yoast_head_json":{"title":"Tanfolyam Rakom\u00e1nyok mozgat\u00e1sa (VVL) | Szint\u00e9n a helysz\u00ednenA holland ipar sz\u00e1m\u00e1ra","description":"Tanfolyam Rakom\u00e1nyok mozgat\u00e1sa (VVL). Megfelel a holland szabv\u00e1nyoknak, ami \u00e9rv\u00e9nyes ARBO-diplom\u00e1t ig\u00e9nyel.","robots":{"index":"index","follow":"follow","max-snippet":"max-snippet:-1","max-image-preview":"max-image-preview:large","max-video-preview":"max-video-preview:-1"},"canonical":"https:\/\/www.elcony.com\/hu\/rakomanyok-mozgatasa\/","schema":{"@context":"https:\/\/schema.org","@graph":[{"@type":"WebPage","@id":"https:\/\/www.elcony.com\/hu\/rakomanyok-mozgatasa\/","url":"https:\/\/www.elcony.com\/hu\/rakomanyok-mozgatasa\/","name":"Tanfolyam Rakom\u00e1nyok mozgat\u00e1sa (VVL) | Szint\u00e9n a helysz\u00ednenA holland ipar sz\u00e1m\u00e1ra","isPartOf":{"@id":"https:\/\/www.elcony.com\/it\/#website"},"datePublished":"2023-11-26T13:19:17+00:00","dateModified":"2023-11-26T13:19:20+00:00","description":"Tanfolyam Rakom\u00e1nyok mozgat\u00e1sa (VVL). Megfelel a holland szabv\u00e1nyoknak, ami \u00e9rv\u00e9nyes ARBO-diplom\u00e1t ig\u00e9nyel.","breadcrumb":{"@id":"https:\/\/www.elcony.com\/hu\/rakomanyok-mozgatasa\/#breadcrumb"},"inLanguage":"hu","potentialAction":[{"@type":"ReadAction","target":["https:\/\/www.elcony.com\/hu\/rakomanyok-mozgatasa\/"]}]},{"@type":"BreadcrumbList","@id":"https:\/\/www.elcony.com\/hu\/rakomanyok-mozgatasa\/#breadcrumb","itemListElement":[{"@type":"ListItem","position":1,"name":"Home","item":"https:\/\/www.elcony.com\/hu\/"},{"@type":"ListItem","position":2,"name":"Rakom\u00e1nyok mozgat\u00e1sa"}]},{"@type":"WebSite","@id":"https:\/\/www.elcony.com\/it\/#website","url":"https:\/\/www.elcony.com\/it\/","name":"ELCONY","description":"ARBO, VCA en SOG Opleidingen","potentialAction":[{"@type":"SearchAction","target":{"@type":"EntryPoint","urlTemplate":"https:\/\/www.elcony.com\/it\/?s={search_term_string}"},"query-input":{"@type":"PropertyValueSpecification","valueRequired":true,"valueName":"search_term_string"}}],"inLanguage":"hu"}]}},"_links":{"self":[{"href":"https:\/\/www.elcony.com\/hu\/wp-json\/wp\/v2\/pages\/234422","targetHints":{"allow":["GET"]}}],"collection":[{"href":"https:\/\/www.elcony.com\/hu\/wp-json\/wp\/v2\/pages"}],"about":[{"href":"https:\/\/www.elcony.com\/hu\/wp-json\/wp\/v2\/types\/page"}],"author":[{"embeddable":true,"href":"https:\/\/www.elcony.com\/hu\/wp-json\/wp\/v2\/users\/1"}],"replies":[{"embeddable":true,"href":"https:\/\/www.elcony.com\/hu\/wp-json\/wp\/v2\/comments?post=234422"}],"version-history":[{"count":0,"href":"https:\/\/www.elcony.com\/hu\/wp-json\/wp\/v2\/pages\/234422\/revisions"}],"wp:attachment":[{"href":"https:\/\/www.elcony.com\/hu\/wp-json\/wp\/v2\/media?parent=234422"}],"curies":[{"name":"wp","href":"https:\/\/api.w.org\/{rel}","templated":true}]}}