{"id":307374,"date":"2024-07-04T10:23:04","date_gmt":"2024-07-04T08:23:04","guid":{"rendered":"https:\/\/www.elcony.com\/atex\/"},"modified":"2025-03-20T23:53:36","modified_gmt":"2025-03-20T22:53:36","slug":"atex","status":"publish","type":"page","link":"https:\/\/www.elcony.com\/hu\/atex\/","title":{"rendered":"ATEX"},"content":{"rendered":"<div class=\"fusion-fullwidth fullwidth-box fusion-builder-row-1 nonhundred-percent-fullwidth non-hundred-percent-height-scrolling\" style=\"--awb-border-radius-top-left:0px;--awb-border-radius-top-right:0px;--awb-border-radius-bottom-right:0px;--awb-border-radius-bottom-left:0px;--awb-flex-wrap:wrap;\" ><div class=\"fusion-builder-row fusion-row\"><div class=\"fusion-layout-column fusion_builder_column fusion-builder-column-0 fusion_builder_column_1_5 1_5 fusion-one-fifth fusion-column-first\" style=\"--awb-bg-size:cover;width:20%;width:calc(20% - ( ( 4% + 4% ) * 0.2 ) );margin-right: 4%;\"><div class=\"fusion-column-wrapper fusion-flex-column-wrapper-legacy\"><div class=\"fusion-clearfix\"><\/div><\/div><\/div><div class=\"fusion-layout-column fusion_builder_column fusion-builder-column-1 fusion_builder_column_3_5 3_5 fusion-three-fifth\" style=\"--awb-padding-bottom:20x;--awb-bg-size:cover;--awb-margin-top:0px;--awb-margin-bottom:0px;width:60%;width:calc(60% - ( ( 4% + 4% ) * 0.6 ) );margin-right: 4%;\"><div class=\"fusion-column-wrapper fusion-flex-column-wrapper-legacy\"><div class=\"fusion-text fusion-text-1\"><h1>ATEX Tudatoss\u00e1g (ATEX Awareness)<\/h1>\n<\/div><div class=\"fusion-text fusion-text-2\"><h3>Online tanfolyam vizsg\u00e1val<\/h3>\n<\/div><div class=\"fusion-sep-clear\"><\/div><div class=\"fusion-separator fusion-full-width-sep\" style=\"margin-left: auto;margin-right: auto;margin-top:10px;width:100%;\"><\/div><div class=\"fusion-sep-clear\"><\/div><ul style=\"--awb-line-height:30.6px;--awb-icon-width:30.6px;--awb-icon-height:30.6px;--awb-icon-margin:12.6px;--awb-content-margin:43.2px;--awb-circlecolor:#5894e8;--awb-circle-yes-font-size:15.84px;\" class=\"fusion-checklist fusion-checklist-1 fusion-checklist-default type-icons\"><li class=\"fusion-li-item\" style=\"\"><span class=\"icon-wrapper circle-yes\"><i class=\"fusion-li-icon awb-icon-check\" aria-hidden=\"true\"><\/i><\/span><div class=\"fusion-li-item-content\">\n<p>V\u00e1lasszon t\u00f6bb nyelv k\u00f6z\u00fcl.<\/p>\n<\/div><\/li><li class=\"fusion-li-item\" style=\"\"><span class=\"icon-wrapper circle-yes\"><i class=\"fusion-li-icon awb-icon-check\" aria-hidden=\"true\"><\/i><\/span><div class=\"fusion-li-item-content\">\n<p>Tegye le a vizsg\u00e1t, amikor \u00d6nnek megfelel.<\/p>\n<\/div><\/li><\/ul><div class=\"fusion-sep-clear\"><\/div><div class=\"fusion-separator fusion-full-width-sep\" style=\"margin-left: auto;margin-right: auto;margin-top:20px;width:100%;\"><\/div><div class=\"fusion-sep-clear\"><\/div><div class=\"fusion-button-wrapper\"><a class=\"fusion-button button-3d fusion-button-default-size button-default fusion-button-default button-1 fusion-button-default-span fusion-button-default-type fusion-animated\" data-animationType=\"fadeInUp\" data-animationDuration=\"1.0\" data-animationOffset=\"top-into-view\" target=\"_self\" href=\"https:\/\/www.elcony.com\/hu\/termek\/307721\/\"><span class=\"fusion-button-text awb-button__text awb-button__text--default\">Rendelje meg \u20ac 99,00 \u00c1FA n\u00e9lk\u00fcl<\/span><\/a><\/div><div class=\"fusion-sep-clear\"><\/div><div class=\"fusion-separator fusion-full-width-sep\" style=\"margin-left: auto;margin-right: auto;margin-top:20px;width:100%;\"><\/div><div class=\"fusion-sep-clear\"><\/div><div class=\"fusion-text fusion-text-3\"><h3>C\u00e9lcsoporthoz<\/h3>\n<p>A robban\u00e1svesz\u00e9lyes k\u00f6rnyezetben biztons\u00e1gos munkav\u00e9gz\u00e9shez az ATEX ir\u00e1nyelvekben meghat\u00e1rozott szab\u00e1lyok vonatkoznak. Azok az szem\u00e9lyek, akik j\u00e1rtasak az ATEX tudatoss\u00e1g ter\u00fclet\u00e9n, szak\u00e9rtelmet szereztek ezen a ter\u00fcleten, \u00e9s felel\u0151sek a biztons\u00e1gi el\u0151\u00edr\u00e1sok betart\u00e1s\u00e1\u00e9rt a feladatk\u00f6r\u00fck\u00f6n bel\u00fcl. Emellett elegend\u0151 ismerettel rendelkeznek az robban\u00e1svesz\u00e9lyes k\u00f6rnyezettel kapcsolatos szab\u00e1lyokr\u00f3l \u00e9s jogszab\u00e1lyokr\u00f3l.<\/p>\n<h3>Tanul\u00e1si c\u00e9l<\/h3>\n<p>Az ATEX tudatoss\u00e1g k\u00e9pz\u00e9s elengedhetetlen minden olyan munkat\u00e1rs sz\u00e1m\u00e1ra, akik munkak\u00f6r\u00fckb\u0151l ad\u00f3d\u00f3an meg kell \u00e9rts\u00e9k \u00e9s betarts\u00e1k az robban\u00e1svesz\u00e9lyes k\u00f6rnyezetekkel kapcsolatos el\u0151\u00edr\u00e1sokat. A k\u00e9pz\u00e9s \u00e1ltal\u00e1nos, alapvet\u0151 szempontokat t\u00e1rgyal, amelyek n\u00e9lk\u00fcl\u00f6zhetetlenek ezeknek a k\u00f6rnyezeteknek a biztons\u00e1gos kezel\u00e9s\u00e9hez.<\/p>\n<h3>Elm\u00e9let<\/h3>\n<p>Munkav\u00e9delmi \u00e9s jogszab\u00e1lyi el\u0151\u00edr\u00e1sok.<br \/>\nDefin\u00edci\u00f3k \u00e9s fogalmak.<br \/>\nT\u0171z- \u00e9s robban\u00e1svesz\u00e9ly.<br \/>\nATEX ir\u00e1nyelvek.<br \/>\nVesz\u00e9lyes anyagokkal val\u00f3 munkav\u00e9gz\u00e9s.<\/p>\n<h3>Online tanfolyam<\/h3>\n<p>A tanfolyam \u00f3r\u00e1kb\u00f3l \u00e1ll, amelyeket telefonj\u00e1n, t\u00e1blag\u00e9p\u00e9n vagy sz\u00e1m\u00edt\u00f3g\u00e9p\u00e9n tanulm\u00e1nyozhat. A tananyagot annyiszor megtekintheti, amennyiszer csak szeretn\u00e9. \u00cdgy maxim\u00e1lisan felk\u00e9sz\u00fclhet az e-learning modullal z\u00e1r\u00f3 vizsg\u00e1ra. Megfelel\u0151 eredm\u00e9ny eset\u00e9n tan\u00fas\u00edtv\u00e1nyt k\u00fcld\u00fcnk \u00d6nnek.<\/p>\n<h3>Tan\u00fas\u00edtv\u00e1ny<\/h3>\n<p>A tan\u00fas\u00edtv\u00e1ny h\u00e1rom \u00e9vig \u00e9rv\u00e9nyes. Ez azt jelenti, hogy h\u00e1rom \u00e9v eltelt\u00e9vel meg kell \u00faj\u00edtani, hogy igazolni lehessen a robban\u00e1svesz\u00e9lyes k\u00f6rnyezetekkel kapcsolatos ismereteket \u00e9s k\u00e9szs\u00e9geket. E k\u00e9pz\u00e9s elv\u00e9gz\u00e9s\u00e9vel mind a munk\u00e1ltat\u00f3, mind a munkav\u00e1llal\u00f3 eleget tesz a munkafelt\u00e9telekr\u0151l sz\u00f3l\u00f3 t\u00f6rv\u00e9ny (Arbowet) \u00e1ltal el\u0151\u00edrt megfelel\u0151 oktat\u00e1si \u00e9s igazolhat\u00f3 szak\u00e9rtelmi k\u00f6vetelm\u00e9nyeknek.<\/p>\n<\/div><div class=\"fusion-clearfix\"><\/div><\/div><\/div><div class=\"fusion-layout-column fusion_builder_column fusion-builder-column-2 fusion_builder_column_1_5 1_5 fusion-one-fifth fusion-column-last\" style=\"--awb-bg-size:cover;width:20%;width:calc(20% - ( ( 4% + 4% ) * 0.2 ) );\"><div class=\"fusion-column-wrapper fusion-flex-column-wrapper-legacy\"><div class=\"fusion-clearfix\"><\/div><\/div><\/div><\/div><\/div>\n","protected":false},"excerpt":{"rendered":"","protected":false},"author":1,"featured_media":0,"parent":0,"menu_order":3,"comment_status":"closed","ping_status":"closed","template":"","meta":{"footnotes":""},"class_list":["post-307374","page","type-page","status-publish","hentry"],"yoast_head":"<!-- This site is optimized with the Yoast SEO plugin v27.4 - https:\/\/yoast.com\/product\/yoast-seo-wordpress\/ -->\n<title>ATEX Tudatoss\u00e1g Online Tanfolyam (ATEX Awareness)| ELCONY<\/title>\n<meta name=\"description\" content=\"Feleljen meg a holland szabv\u00e1nyoknak, amelyek \u00e9rv\u00e9nyes tan\u00fas\u00edtv\u00e1nyt ig\u00e9nyelnek.\" \/>\n<meta name=\"robots\" content=\"index, follow, max-snippet:-1, max-image-preview:large, max-video-preview:-1\" \/>\n<link rel=\"canonical\" href=\"https:\/\/www.elcony.com\/hu\/atex\/\" \/>\n<script type=\"application\/ld+json\" class=\"yoast-schema-graph\">{\"@context\":\"https:\\\/\\\/schema.org\",\"@graph\":[{\"@type\":\"WebPage\",\"@id\":\"https:\\\/\\\/www.elcony.com\\\/hu\\\/atex\\\/\",\"url\":\"https:\\\/\\\/www.elcony.com\\\/hu\\\/atex\\\/\",\"name\":\"ATEX Tudatoss\u00e1g Online Tanfolyam (ATEX Awareness)| ELCONY\",\"isPartOf\":{\"@id\":\"https:\\\/\\\/www.elcony.com\\\/it\\\/#website\"},\"datePublished\":\"2024-07-04T08:23:04+00:00\",\"dateModified\":\"2025-03-20T22:53:36+00:00\",\"description\":\"Feleljen meg a holland szabv\u00e1nyoknak, amelyek \u00e9rv\u00e9nyes tan\u00fas\u00edtv\u00e1nyt ig\u00e9nyelnek.\",\"breadcrumb\":{\"@id\":\"https:\\\/\\\/www.elcony.com\\\/hu\\\/atex\\\/#breadcrumb\"},\"inLanguage\":\"hu\",\"potentialAction\":[{\"@type\":\"ReadAction\",\"target\":[\"https:\\\/\\\/www.elcony.com\\\/hu\\\/atex\\\/\"]}]},{\"@type\":\"BreadcrumbList\",\"@id\":\"https:\\\/\\\/www.elcony.com\\\/hu\\\/atex\\\/#breadcrumb\",\"itemListElement\":[{\"@type\":\"ListItem\",\"position\":1,\"name\":\"Home\",\"item\":\"https:\\\/\\\/www.elcony.com\\\/hu\\\/\"},{\"@type\":\"ListItem\",\"position\":2,\"name\":\"ATEX\"}]},{\"@type\":\"WebSite\",\"@id\":\"https:\\\/\\\/www.elcony.com\\\/it\\\/#website\",\"url\":\"https:\\\/\\\/www.elcony.com\\\/it\\\/\",\"name\":\"ELCONY\",\"description\":\"ARBO, VCA en SOG Opleidingen\",\"potentialAction\":[{\"@type\":\"SearchAction\",\"target\":{\"@type\":\"EntryPoint\",\"urlTemplate\":\"https:\\\/\\\/www.elcony.com\\\/it\\\/?s={search_term_string}\"},\"query-input\":{\"@type\":\"PropertyValueSpecification\",\"valueRequired\":true,\"valueName\":\"search_term_string\"}}],\"inLanguage\":\"hu\"}]}<\/script>\n<!-- \/ Yoast SEO plugin. -->","yoast_head_json":{"title":"ATEX Tudatoss\u00e1g Online Tanfolyam (ATEX Awareness)| ELCONY","description":"Feleljen meg a holland szabv\u00e1nyoknak, amelyek \u00e9rv\u00e9nyes tan\u00fas\u00edtv\u00e1nyt ig\u00e9nyelnek.","robots":{"index":"index","follow":"follow","max-snippet":"max-snippet:-1","max-image-preview":"max-image-preview:large","max-video-preview":"max-video-preview:-1"},"canonical":"https:\/\/www.elcony.com\/hu\/atex\/","schema":{"@context":"https:\/\/schema.org","@graph":[{"@type":"WebPage","@id":"https:\/\/www.elcony.com\/hu\/atex\/","url":"https:\/\/www.elcony.com\/hu\/atex\/","name":"ATEX Tudatoss\u00e1g Online Tanfolyam (ATEX Awareness)| ELCONY","isPartOf":{"@id":"https:\/\/www.elcony.com\/it\/#website"},"datePublished":"2024-07-04T08:23:04+00:00","dateModified":"2025-03-20T22:53:36+00:00","description":"Feleljen meg a holland szabv\u00e1nyoknak, amelyek \u00e9rv\u00e9nyes tan\u00fas\u00edtv\u00e1nyt ig\u00e9nyelnek.","breadcrumb":{"@id":"https:\/\/www.elcony.com\/hu\/atex\/#breadcrumb"},"inLanguage":"hu","potentialAction":[{"@type":"ReadAction","target":["https:\/\/www.elcony.com\/hu\/atex\/"]}]},{"@type":"BreadcrumbList","@id":"https:\/\/www.elcony.com\/hu\/atex\/#breadcrumb","itemListElement":[{"@type":"ListItem","position":1,"name":"Home","item":"https:\/\/www.elcony.com\/hu\/"},{"@type":"ListItem","position":2,"name":"ATEX"}]},{"@type":"WebSite","@id":"https:\/\/www.elcony.com\/it\/#website","url":"https:\/\/www.elcony.com\/it\/","name":"ELCONY","description":"ARBO, VCA en SOG Opleidingen","potentialAction":[{"@type":"SearchAction","target":{"@type":"EntryPoint","urlTemplate":"https:\/\/www.elcony.com\/it\/?s={search_term_string}"},"query-input":{"@type":"PropertyValueSpecification","valueRequired":true,"valueName":"search_term_string"}}],"inLanguage":"hu"}]}},"_links":{"self":[{"href":"https:\/\/www.elcony.com\/hu\/wp-json\/wp\/v2\/pages\/307374","targetHints":{"allow":["GET"]}}],"collection":[{"href":"https:\/\/www.elcony.com\/hu\/wp-json\/wp\/v2\/pages"}],"about":[{"href":"https:\/\/www.elcony.com\/hu\/wp-json\/wp\/v2\/types\/page"}],"author":[{"embeddable":true,"href":"https:\/\/www.elcony.com\/hu\/wp-json\/wp\/v2\/users\/1"}],"replies":[{"embeddable":true,"href":"https:\/\/www.elcony.com\/hu\/wp-json\/wp\/v2\/comments?post=307374"}],"version-history":[{"count":0,"href":"https:\/\/www.elcony.com\/hu\/wp-json\/wp\/v2\/pages\/307374\/revisions"}],"wp:attachment":[{"href":"https:\/\/www.elcony.com\/hu\/wp-json\/wp\/v2\/media?parent=307374"}],"curies":[{"name":"wp","href":"https:\/\/api.w.org\/{rel}","templated":true}]}}