{"id":326904,"date":"2024-08-13T13:55:34","date_gmt":"2024-08-13T11:55:34","guid":{"rendered":"https:\/\/www.elcony.com\/gazmeres\/"},"modified":"2026-02-06T13:21:37","modified_gmt":"2026-02-06T12:21:37","slug":"gazmeres","status":"publish","type":"page","link":"https:\/\/www.elcony.com\/hu\/gazmeres\/","title":{"rendered":"G\u00e1zm\u00e9r\u00e9s"},"content":{"rendered":"<div class=\"fusion-fullwidth fullwidth-box fusion-builder-row-1 has-pattern-background has-mask-background nonhundred-percent-fullwidth non-hundred-percent-height-scrolling\" style=\"--awb-border-radius-top-left:0px;--awb-border-radius-top-right:0px;--awb-border-radius-bottom-right:0px;--awb-border-radius-bottom-left:0px;--awb-flex-wrap:wrap;\" ><div class=\"fusion-builder-row fusion-row\"><div class=\"fusion-layout-column fusion_builder_column fusion-builder-column-0 fusion_builder_column_1_5 1_5 fusion-one-fifth fusion-column-first\" style=\"--awb-bg-blend:overlay;--awb-bg-size:cover;width:20%;width:calc(20% - ( ( 4% + 4% ) * 0.2 ) );margin-right: 4%;\"><div class=\"fusion-column-wrapper fusion-flex-column-wrapper-legacy\"><div class=\"fusion-clearfix\"><\/div><\/div><\/div><div class=\"fusion-layout-column fusion_builder_column fusion-builder-column-1 fusion_builder_column_3_5 3_5 fusion-three-fifth\" style=\"--awb-padding-bottom:20px;--awb-bg-blend:overlay;--awb-bg-size:cover;--awb-margin-top:0px;--awb-margin-bottom:0px;width:60%;width:calc(60% - ( ( 4% + 4% ) * 0.6 ) );margin-right: 4%;\"><div class=\"fusion-column-wrapper fusion-flex-column-wrapper-legacy\"><div class=\"fusion-text fusion-text-1\"><h1>G\u00e1zm\u00e9r\u00e9si tanfolyam<\/h1>\n<p> A g\u00e1zm\u00e9r\u00e9s alapvet\u0151 biztons\u00e1gi tev\u00e9kenys\u00e9g az ipari k\u00f6rnyezetekben, ahol vesz\u00e9lyes anyagokkal, z\u00e1rt terekkel vagy robban\u00e1svesz\u00e9lyes atmoszf\u00e9r\u00e1kkal dolgoznak. A g\u00e1zm\u00e9r\u00e9si tanfolyamon megtanulja a g\u00e1zm\u00e9r\u00e9sek helyes elv\u00e9gz\u00e9s\u00e9t, az eredm\u00e9nyek \u00e9rtelmez\u00e9s\u00e9t \u00e9s a kock\u00e1zatok id\u0151ben t\u00f6rt\u00e9n\u0151 felismer\u00e9s\u00e9t. <\/p>\n<h2>Mi a g\u00e1zm\u00e9r\u00e9s?<\/h2>\n<p> A g\u00e1zm\u00e9r\u00e9s a vesz\u00e9lyes g\u00e1zok, g\u0151z\u00f6k \u00e9s az oxig\u00e9n jelenl\u00e9t\u00e9nek \u00e9s koncentr\u00e1ci\u00f3j\u00e1nak ellen\u0151rz\u00e9se a munkak\u00f6rnyezetben. Ennek c\u00e9lja az olyan kock\u00e1zatok megel\u0151z\u00e9se, mint a robban\u00e1s, m\u00e9rgez\u00e9s \u00e9s fullad\u00e1s. A g\u00e1zm\u00e9r\u00e9seket a munkav\u00e9gz\u00e9s el\u0151tt \u00e9s k\u00f6zben v\u00e9gzik, p\u00e9ld\u00e1ul tart\u00e1lyokban, cs\u0151vezet\u00e9kekben, z\u00e1rt terekben \u00e9s technol\u00f3giai berendez\u00e9sekben. <\/p>\n<h2>Kinek sz\u00f3l a g\u00e1zm\u00e9r\u00e9si tanfolyam?<\/h2>\n<p> A g\u00e1zm\u00e9r\u00e9si tanfolyam azon munkav\u00e1llal\u00f3k sz\u00e1m\u00e1ra k\u00e9sz\u00fclt, akik felel\u0151sek a g\u00e1zm\u00e9r\u00e9sek elv\u00e9gz\u00e9s\u00e9\u00e9rt \u00e9s \u00e9rt\u00e9kel\u00e9s\u00e9\u00e9rt, p\u00e9ld\u00e1ul: <\/p>\n<ul>\n<li>Szerel\u0151k \u00e9s karbantart\u00f3 technikusok.<\/li>\n<li>G\u00e9pkezel\u0151k \u00e9s fel\u00fcgyel\u0151k.<\/li>\n<li>A (petro)k\u00e9miai iparban \u00e9s az iparban dolgoz\u00f3k.<\/li>\n<li>Egy\u00e9ni v\u00e1llalkoz\u00f3k \u00e9s alv\u00e1llalkoz\u00f3k.<\/li>\n<li>Z\u00e1rt terekben dolgoz\u00f3 munkav\u00e1llal\u00f3k.<\/li>\n<\/ul>\n<h2>G\u00e1zm\u00e9r\u00e9s SOG vagy NOGEPA n\u00e9lk\u00fcl<\/h2>\n<h3>C\u00e9lcsoport<\/h3>\n<p> Ez a k\u00e9pz\u00e9s azoknak a munkav\u00e1llal\u00f3knak megfelel\u0151, akik olyan szervezeteken bel\u00fcl vagy megrendel\u0151kn\u00e9l v\u00e9geznek g\u00e1zm\u00e9r\u00e9seket, ahol nem k\u00f6telez\u0151 az SOG- vagy NOGEPA-tan\u00fas\u00edtv\u00e1ny. <\/p>\n<h3>Mikor v\u00e1lassza a g\u00e1zm\u00e9r\u00e9st SOG vagy NOGEPA n\u00e9lk\u00fcl?<\/h3>\n<p> A G\u00e1zm\u00e9r\u00e9s (ELCONY) akkor ide\u00e1lis v\u00e1laszt\u00e1s, ha: <\/p>\n<ul>\n<li>Az \u00d6n megrendel\u0151je nem \u00edr el\u0151 SOG- vagy NOGEPA-diplom\u00e1t<\/li>\n<li>Bels\u0151 biztons\u00e1gi elj\u00e1r\u00e1sok szerint dolgozik<\/li>\n<li>Gyakorlatorient\u00e1lt \u00e9s k\u00f6nnyen hozz\u00e1f\u00e9rhet\u0151 k\u00e9pz\u00e9st keres<\/li>\n<\/ul>\n<p> A k\u00e9pz\u00e9s elv\u00e9gz\u00e9se ut\u00e1n oklevelet kap, amely az <strong>ELCONY Diplomanyilv\u00e1ntart\u00e1sban<\/strong> ker\u00fcl regisztr\u00e1l\u00e1sra, \u00e9s <strong>5 \u00e9vig \u00e9rv\u00e9nyes<\/strong>. <\/p>\n<h3>A tanfolyam id\u0151tartama \u00e9s \u00e1ra<\/h3>\n<ul>\n<li>1 nap megl\u00e9v\u0151 el\u0151ismeretekkel, online felk\u00e9sz\u00edt\u00e9s vagy friss\u00edt\u0151 tanfolyam r\u00e9v\u00e9n: <strong>\u20ac 255,00<\/strong> \u00e1fa n\u00e9lk\u00fcl<\/li>\n<li>2 nap kor\u00e1bbi tapasztalat n\u00e9lk\u00fcl: <strong>\u20ac 455,00<\/strong> \u00e1fa n\u00e9lk\u00fcl<\/li>\n<\/ul>\n<h2>G\u00e1zm\u00e9r\u00e9s SOG-gal<\/h2>\n<h3>C\u00e9lcsoport<\/h3>\n<p> Az SOG \u00e1ltal elismert g\u00e1zm\u00e9r\u00e9si tanfolyam azon munkav\u00e1llal\u00f3k sz\u00e1m\u00e1ra k\u00e9sz\u00fclt, akik olyan megrendel\u0151kn\u00e9l dolgoznak, ahol hivatalosan elismert oklev\u00e9l sz\u00fcks\u00e9ges. <\/p>\n<h3>Mikor k\u00f6telez\u0151 a g\u00e1zm\u00e9r\u00e9s (SOG)?<\/h3>\n<p> A SOG-gal v\u00e9gzett g\u00e1zm\u00e9r\u00e9s k\u00f6telez\u0151, ha \u00d6n: <\/p>\n<ul>\n<li>A (petro)k\u00e9miai iparban dolgozik.<\/li>\n<li>Ipari karbantart\u00e1si le\u00e1ll\u00e1sok sor\u00e1n dolgozik.<\/li>\n<li>Olyan megrendel\u0151knek dolgozik, akik az SSVV vagy a NOGEPA el\u0151\u00edr\u00e1sai szerint j\u00e1rnak el.<\/li>\n<li>Olyan helysz\u00edneken dolgozik, ahol a biztons\u00e1g szigor\u00faan szab\u00e1lyozott.<\/li>\n<\/ul>\n<p> A sikeres vizsga ut\u00e1n az oklev\u00e9l beker\u00fcl az <strong>SSVV Diplomanyilv\u00e1ntart\u00e1sba<\/strong>, \u00e9s <strong>3 \u00e9vig \u00e9rv\u00e9nyes<\/strong>. <\/p>\n<h3>A tanfolyam id\u0151tartama \u00e9s \u00e1ra<\/h3>\n<ul>\n<li>1 nap megl\u00e9v\u0151 el\u0151ismeretekkel, online felk\u00e9sz\u00edt\u00e9s vagy friss\u00edt\u0151 tanfolyam r\u00e9v\u00e9n: <strong>\u20ac 369,00<\/strong> \u00e1fa n\u00e9lk\u00fcl<\/li>\n<li>2 nap kor\u00e1bbi tapasztalat n\u00e9lk\u00fcl: <strong>\u20ac 569,00<\/strong> \u00e1fa n\u00e9lk\u00fcl<\/li>\n<\/ul>\n<h2>Helysz\u00ednek<\/h2>\n<p> A g\u00e1zm\u00e9r\u00e9si tanfolyam Hollandia t\u00f6bb pontj\u00e1n el\u00e9rhet\u0151, \u00e9s ig\u00e9ny eset\u00e9n az \u00d6n saj\u00e1t telephely\u00e9n is megszervezhet\u0151. <\/p>\n<h2>Kapcsolat<\/h2>\n<p> Tov\u00e1bbi inform\u00e1ci\u00f3\u00e9rt vagy jelentkez\u00e9shez h\u00edvja a <strong>+31(0)88-2200100<\/strong> telefonsz\u00e1mot, vagy k\u00fcldj\u00f6n e-mailt a <strong><a href=\"&#109;a&#x69;l&#x74;&#111;&#x3a;&#105;&#x6e;&#102;o&#x40;e&#x6c;&#99;&#x6f;&#110;&#x79;&#46;&#x63;&#111;m\">&#105;&#x6e;&#x66;&#111;&#x40;&#x65;&#108;&#x63;&#x6f;&#110;&#x79;&#x2e;&#99;&#x6f;&#x6d;<\/a><\/strong> c\u00edmre.<\/p>\n<\/div><div class=\"fusion-clearfix\"><\/div><\/div><\/div><div class=\"fusion-layout-column fusion_builder_column fusion-builder-column-2 fusion_builder_column_1_5 1_5 fusion-one-fifth fusion-column-last\" style=\"--awb-bg-blend:overlay;--awb-bg-size:cover;width:20%;width:calc(20% - ( ( 4% + 4% ) * 0.2 ) );\"><div class=\"fusion-column-wrapper fusion-flex-column-wrapper-legacy\"><div class=\"fusion-clearfix\"><\/div><\/div><\/div><\/div><\/div>\n","protected":false},"excerpt":{"rendered":"","protected":false},"author":1,"featured_media":0,"parent":0,"menu_order":5,"comment_status":"closed","ping_status":"closed","template":"","meta":{"footnotes":""},"class_list":["post-326904","page","type-page","status-publish","hentry"],"yoast_head":"<!-- This site is optimized with the Yoast SEO plugin v27.5 - https:\/\/yoast.com\/product\/yoast-seo-wordpress\/ -->\n<title>G\u00e1zm\u00e9r\u00e9si tanfolyam (SOG) | Orsz\u00e1gos &amp; Incompany<\/title>\n<meta name=\"description\" content=\"Vegyen r\u00e9szt g\u00e1zm\u00e9r\u00e9si tanfolyamon SOG-gal vagy an\u00e9lk\u00fcl. Tanulja meg a g\u00e1zm\u00e9r\u00e9sek biztons\u00e1gos elv\u00e9gz\u00e9s\u00e9t \u00e9s \u00e9rtelmez\u00e9s\u00e9t. Az SSVV \u00e1ltal elismert, ak\u00e1r az \u00d6n telephely\u00e9n is.\" \/>\n<meta name=\"robots\" content=\"index, follow, max-snippet:-1, max-image-preview:large, max-video-preview:-1\" \/>\n<link rel=\"canonical\" href=\"https:\/\/www.elcony.com\/hu\/gazmeres\/\" \/>\n<script type=\"application\/ld+json\" class=\"yoast-schema-graph\">{\"@context\":\"https:\\\/\\\/schema.org\",\"@graph\":[{\"@type\":\"WebPage\",\"@id\":\"https:\\\/\\\/www.elcony.com\\\/hu\\\/gazmeres\\\/\",\"url\":\"https:\\\/\\\/www.elcony.com\\\/hu\\\/gazmeres\\\/\",\"name\":\"G\u00e1zm\u00e9r\u00e9si tanfolyam (SOG) | Orsz\u00e1gos & Incompany\",\"isPartOf\":{\"@id\":\"https:\\\/\\\/www.elcony.com\\\/it\\\/#website\"},\"datePublished\":\"2024-08-13T11:55:34+00:00\",\"dateModified\":\"2026-02-06T12:21:37+00:00\",\"description\":\"Vegyen r\u00e9szt g\u00e1zm\u00e9r\u00e9si tanfolyamon SOG-gal vagy an\u00e9lk\u00fcl. Tanulja meg a g\u00e1zm\u00e9r\u00e9sek biztons\u00e1gos elv\u00e9gz\u00e9s\u00e9t \u00e9s \u00e9rtelmez\u00e9s\u00e9t. Az SSVV \u00e1ltal elismert, ak\u00e1r az \u00d6n telephely\u00e9n is.\",\"breadcrumb\":{\"@id\":\"https:\\\/\\\/www.elcony.com\\\/hu\\\/gazmeres\\\/#breadcrumb\"},\"inLanguage\":\"hu\",\"potentialAction\":[{\"@type\":\"ReadAction\",\"target\":[\"https:\\\/\\\/www.elcony.com\\\/hu\\\/gazmeres\\\/\"]}]},{\"@type\":\"BreadcrumbList\",\"@id\":\"https:\\\/\\\/www.elcony.com\\\/hu\\\/gazmeres\\\/#breadcrumb\",\"itemListElement\":[{\"@type\":\"ListItem\",\"position\":1,\"name\":\"Home\",\"item\":\"https:\\\/\\\/www.elcony.com\\\/hu\\\/\"},{\"@type\":\"ListItem\",\"position\":2,\"name\":\"G\u00e1zm\u00e9r\u00e9s\"}]},{\"@type\":\"WebSite\",\"@id\":\"https:\\\/\\\/www.elcony.com\\\/it\\\/#website\",\"url\":\"https:\\\/\\\/www.elcony.com\\\/it\\\/\",\"name\":\"ELCONY\",\"description\":\"ARBO, VCA en SOG Opleidingen\",\"potentialAction\":[{\"@type\":\"SearchAction\",\"target\":{\"@type\":\"EntryPoint\",\"urlTemplate\":\"https:\\\/\\\/www.elcony.com\\\/it\\\/?s={search_term_string}\"},\"query-input\":{\"@type\":\"PropertyValueSpecification\",\"valueRequired\":true,\"valueName\":\"search_term_string\"}}],\"inLanguage\":\"hu\"}]}<\/script>\n<!-- \/ Yoast SEO plugin. -->","yoast_head_json":{"title":"G\u00e1zm\u00e9r\u00e9si tanfolyam (SOG) | Orsz\u00e1gos & Incompany","description":"Vegyen r\u00e9szt g\u00e1zm\u00e9r\u00e9si tanfolyamon SOG-gal vagy an\u00e9lk\u00fcl. Tanulja meg a g\u00e1zm\u00e9r\u00e9sek biztons\u00e1gos elv\u00e9gz\u00e9s\u00e9t \u00e9s \u00e9rtelmez\u00e9s\u00e9t. Az SSVV \u00e1ltal elismert, ak\u00e1r az \u00d6n telephely\u00e9n is.","robots":{"index":"index","follow":"follow","max-snippet":"max-snippet:-1","max-image-preview":"max-image-preview:large","max-video-preview":"max-video-preview:-1"},"canonical":"https:\/\/www.elcony.com\/hu\/gazmeres\/","schema":{"@context":"https:\/\/schema.org","@graph":[{"@type":"WebPage","@id":"https:\/\/www.elcony.com\/hu\/gazmeres\/","url":"https:\/\/www.elcony.com\/hu\/gazmeres\/","name":"G\u00e1zm\u00e9r\u00e9si tanfolyam (SOG) | Orsz\u00e1gos & Incompany","isPartOf":{"@id":"https:\/\/www.elcony.com\/it\/#website"},"datePublished":"2024-08-13T11:55:34+00:00","dateModified":"2026-02-06T12:21:37+00:00","description":"Vegyen r\u00e9szt g\u00e1zm\u00e9r\u00e9si tanfolyamon SOG-gal vagy an\u00e9lk\u00fcl. Tanulja meg a g\u00e1zm\u00e9r\u00e9sek biztons\u00e1gos elv\u00e9gz\u00e9s\u00e9t \u00e9s \u00e9rtelmez\u00e9s\u00e9t. Az SSVV \u00e1ltal elismert, ak\u00e1r az \u00d6n telephely\u00e9n is.","breadcrumb":{"@id":"https:\/\/www.elcony.com\/hu\/gazmeres\/#breadcrumb"},"inLanguage":"hu","potentialAction":[{"@type":"ReadAction","target":["https:\/\/www.elcony.com\/hu\/gazmeres\/"]}]},{"@type":"BreadcrumbList","@id":"https:\/\/www.elcony.com\/hu\/gazmeres\/#breadcrumb","itemListElement":[{"@type":"ListItem","position":1,"name":"Home","item":"https:\/\/www.elcony.com\/hu\/"},{"@type":"ListItem","position":2,"name":"G\u00e1zm\u00e9r\u00e9s"}]},{"@type":"WebSite","@id":"https:\/\/www.elcony.com\/it\/#website","url":"https:\/\/www.elcony.com\/it\/","name":"ELCONY","description":"ARBO, VCA en SOG Opleidingen","potentialAction":[{"@type":"SearchAction","target":{"@type":"EntryPoint","urlTemplate":"https:\/\/www.elcony.com\/it\/?s={search_term_string}"},"query-input":{"@type":"PropertyValueSpecification","valueRequired":true,"valueName":"search_term_string"}}],"inLanguage":"hu"}]}},"_links":{"self":[{"href":"https:\/\/www.elcony.com\/hu\/wp-json\/wp\/v2\/pages\/326904","targetHints":{"allow":["GET"]}}],"collection":[{"href":"https:\/\/www.elcony.com\/hu\/wp-json\/wp\/v2\/pages"}],"about":[{"href":"https:\/\/www.elcony.com\/hu\/wp-json\/wp\/v2\/types\/page"}],"author":[{"embeddable":true,"href":"https:\/\/www.elcony.com\/hu\/wp-json\/wp\/v2\/users\/1"}],"replies":[{"embeddable":true,"href":"https:\/\/www.elcony.com\/hu\/wp-json\/wp\/v2\/comments?post=326904"}],"version-history":[{"count":3,"href":"https:\/\/www.elcony.com\/hu\/wp-json\/wp\/v2\/pages\/326904\/revisions"}],"predecessor-version":[{"id":391213,"href":"https:\/\/www.elcony.com\/hu\/wp-json\/wp\/v2\/pages\/326904\/revisions\/391213"}],"wp:attachment":[{"href":"https:\/\/www.elcony.com\/hu\/wp-json\/wp\/v2\/media?parent=326904"}],"curies":[{"name":"wp","href":"https:\/\/api.w.org\/{rel}","templated":true}]}}