{"id":337823,"date":"2025-01-14T23:06:25","date_gmt":"2025-01-14T22:06:25","guid":{"rendered":"https:\/\/www.elcony.com\/bevezetes\/"},"modified":"2025-12-11T19:52:58","modified_gmt":"2025-12-11T18:52:58","slug":"onboarding","status":"publish","type":"page","link":"https:\/\/www.elcony.com\/hu\/onboarding\/","title":{"rendered":"Onboarding"},"content":{"rendered":"<div class=\"fusion-fullwidth fullwidth-box fusion-builder-row-1 fusion-flex-container has-pattern-background has-mask-background nonhundred-percent-fullwidth non-hundred-percent-height-scrolling\" style=\"--awb-border-radius-top-left:0px;--awb-border-radius-top-right:0px;--awb-border-radius-bottom-right:0px;--awb-border-radius-bottom-left:0px;--awb-flex-wrap:wrap;\" ><div class=\"fusion-builder-row fusion-row fusion-flex-align-items-flex-start fusion-flex-content-wrap\" style=\"max-width:101%;margin-left: calc(-1% \/ 2 );margin-right: calc(-1% \/ 2 );\"><div class=\"fusion-layout-column fusion_builder_column fusion-builder-column-0 fusion_builder_column_1_5 1_5 fusion-flex-column\" style=\"--awb-bg-size:cover;--awb-width-large:20%;--awb-margin-top-large:5px;--awb-spacing-right-large:2.475%;--awb-margin-bottom-large:5px;--awb-spacing-left-large:2.475%;--awb-width-medium:100%;--awb-order-medium:0;--awb-spacing-right-medium:0.495%;--awb-spacing-left-medium:0.495%;--awb-width-small:100%;--awb-order-small:0;--awb-spacing-right-small:0.495%;--awb-spacing-left-small:0.495%;\"><div class=\"fusion-column-wrapper fusion-column-has-shadow fusion-flex-justify-content-flex-start fusion-content-layout-column\"><\/div><\/div><div class=\"fusion-layout-column fusion_builder_column fusion-builder-column-1 fusion_builder_column_3_5 3_5 fusion-flex-column\" style=\"--awb-bg-size:cover;--awb-width-large:60%;--awb-margin-top-large:5px;--awb-spacing-right-large:0.825%;--awb-margin-bottom-large:5px;--awb-spacing-left-large:0.825%;--awb-width-medium:100%;--awb-order-medium:0;--awb-spacing-right-medium:0.495%;--awb-spacing-left-medium:0.495%;--awb-width-small:100%;--awb-order-small:0;--awb-spacing-right-small:0.495%;--awb-spacing-left-small:0.495%;\"><div class=\"fusion-column-wrapper fusion-column-has-shadow fusion-flex-justify-content-flex-start fusion-content-layout-column\"><div class=\"fusion-text fusion-text-1\"><h3>Online bevezet\u00e9s<\/h3>\n<p>A projektalap\u00fa munka vil\u00e1ga, p\u00e9ld\u00e1ul a le\u00e1ll\u00e1si id\u0151szakok (turnarounds) \u00e9s a karbantart\u00e1si projektek, gyorsan v\u00e1ltozik. Napjainkban komoly kih\u00edv\u00e1st jelent a megfelel\u0151 szem\u00e9lyzet megtal\u00e1l\u00e1sa, akik rendelkeznek a sz\u00fcks\u00e9ges tud\u00e1ssal \u00e9s tapasztalattal. Az ELCONY ezt meg\u00e9rti, \u00e9s hat\u00e9kony, megb\u00edzhat\u00f3 megold\u00e1st k\u00edn\u00e1l a v\u00e1llalatok sz\u00e1m\u00e1ra: szem\u00e9lyre szabott online bevezet\u00e9st. \u00cdgy biztos\u00edtjuk, hogy minden munkat\u00e1rs, b\u00e1rhol legyen is a vil\u00e1gon, teljes k\u00f6r\u0171en felk\u00e9sz\u00fclt legyen, miel\u0151tt megkezden\u00e9 a munk\u00e1j\u00e1t.<\/p>\n<h3>Nyelvi korl\u00e1tok lek\u00fczd\u00e9se \u00e9s szaktud\u00e1s garant\u00e1l\u00e1sa<\/h3>\n<p>Sz\u00e1mos v\u00e1llalat sz\u00e1m\u00e1ra az egyik legnagyobb akad\u00e1ly a nyelvi korl\u00e1t. Az ELCONY ezt a probl\u00e9m\u00e1t \u00fagy oldja meg, hogy bevezet\u00e9si programjait ak\u00e1r 20 nyelven is k\u00edn\u00e1lja. Ez azt jelenti, hogy biztos lehet benne, hogy minden munkat\u00e1rsa, f\u00fcggetlen\u00fcl a nyelvi h\u00e1tter\u00fckt\u0151l, teljes m\u00e9rt\u00e9kben meg\u00e9rti \u00e9s alkalmazni tudja a biztons\u00e1gi el\u0151\u00edr\u00e1sokat \u00e9s a v\u00e1llalati ir\u00e1nyelveket.<\/p>\n<h3>Azonnali biztons\u00e1gi \u00e9s min\u0151s\u00e9gi ellen\u0151rz\u00e9s<\/h3>\n<p>A szakmai kompetencia elengedhetetlen, k\u00fcl\u00f6n\u00f6sen akkor, ha a munkat\u00e1rsak magas kock\u00e1zat\u00fa ter\u00fcletekre ker\u00fclnek kik\u00fcld\u00e9sre. Az online bevezet\u00e9s\u00fcnk olyan teszteket tartalmaz, amelyek r\u00e9v\u00e9n felm\u00e9rhetj\u00fck minden dolgoz\u00f3 tud\u00e1s\u00e1t \u00e9s k\u00e9pess\u00e9geit. Ez seg\u00edti a v\u00e1llalatokat abban, hogy gyorsan meg\u00e1llap\u00edts\u00e1k, megfelel-e egy adott munkav\u00e1llal\u00f3 a megk\u00f6vetelt biztons\u00e1gi \u00e9s min\u0151s\u00e9gi szabv\u00e1nyoknak.<\/p>\n<h3>Tan\u00fas\u00edtv\u00e1nyok \u00e9s testreszab\u00e1s egy platformon<\/h3>\n<p>Hab\u00e1r sz\u00e1mos vend\u00e9gmunk\u00e1s m\u00e1r rendelkezik tan\u00fas\u00edtv\u00e1nyokkal, azok \u00e9rt\u00e9ke orsz\u00e1gonk\u00e9nt elt\u00e9r\u0151 lehet. Platformunk seg\u00edts\u00e9g\u00e9vel gyorsan \u00e9s hat\u00e9konyan ellen\u0151rizhet\u0151k a nemzetk\u00f6zi tan\u00fas\u00edtv\u00e1nyok, \u00edgy mindig biztos lehet benne, hogy megfelel a legmagasabb szint\u0171 biztons\u00e1gi k\u00f6vetelm\u00e9nyeknek. Emellett, ha sz\u00fcks\u00e9ges, integr\u00e1lhatjuk a c\u00e9gre vagy telephelyre vonatkoz\u00f3 speci\u00e1lis szab\u00e1lyokat a bevezet\u00e9si folyamatba, hogy a munkat\u00e1rsak azonnal \u00e9rtes\u00fcljenek az adott helysz\u00ednen \u00e9rv\u00e9nyes ir\u00e1nyelvekr\u0151l.<\/p>\n<h3>Hat\u00e9kony \u00e9s a v\u00e1llalat ig\u00e9nyeire szabott<\/h3>\n<p>Az ELCONY-n\u00e1l egy optimaliz\u00e1lt bevezet\u00e9si folyamat r\u00e9v\u00e9n id\u0151t \u00e9s p\u00e9nzt takar\u00edt meg, an\u00e9lk\u00fcl hogy engedm\u00e9nyt tenne a biztons\u00e1g vagy a szakmai felk\u00e9sz\u00fclts\u00e9g ter\u00e9n. Platformunk \u00e1tfog\u00f3 k\u00e9pet ny\u00fajt minden munkat\u00e1rsa kompetenci\u00e1ir\u00f3l. Gyorsan meg\u00e1llap\u00edthatja, ki felel meg a k\u00f6vetelm\u00e9nyeknek, \u00e9s kinek van sz\u00fcks\u00e9ge tov\u00e1bbi k\u00e9pz\u00e9sre. \u00cdgy hat\u00e9konyan beoszthatja a szem\u00e9lyzetet an\u00e9lk\u00fcl, hogy feleslegesen ism\u00e9teln\u00e9k a tr\u00e9ningeket.<\/p>\n<h3>Szakk\u00e9pzett munkat\u00e1rsak, mindig naprak\u00e9szek<\/h3>\n<p>Az ELCONY t\u00falmutat az alapokon. Platformunk lehet\u0151v\u00e9 teszi, hogy alaposan nyomon k\u00f6vesse a munkat\u00e1rsak fejl\u0151d\u00e9s\u00e9t. Az alapvet\u0151 tud\u00e1st\u00f3l a halad\u00f3 szakmai k\u00e9szs\u00e9gekig rendszer\u00fcnk r\u00f6gz\u00edti, mely k\u00e9pz\u00e9seket \u00e9s teszteket teljes\u00edtettek sikeresen. Ez azt jelenti, hogy egy olyan dolgoz\u00f3nak, aki m\u00e1r teljes\u00edtette a bevezet\u00e9si folyamatot, nem kell feleslegesen megism\u00e9telnie azt. \u00cdgy optimaliz\u00e1ljuk a folyamatot, \u00e9s gondoskodunk arr\u00f3l, hogy mindenki hat\u00e9konyan kezdhesse meg a munk\u00e1t.<\/p>\n<h3>K\u00e9szen \u00e1ll a bevezet\u00e9si folyamat optimaliz\u00e1l\u00e1s\u00e1ra?<\/h3>\n<p>Az ELCONY-n\u00e1l tapasztalt partnert kap, amely hat\u00e9konyan \u00e9s eredm\u00e9nyesen k\u00e9sz\u00edti fel a munkat\u00e1rsait a feladataikra. Vegye fel vel\u00fcnk a kapcsolatot m\u00e9g ma, hogy megtudja, hogyan t\u00e1mogathatjuk v\u00e1llalat\u00e1t.<\/p>\n<p>Tov\u00e1bbi inform\u00e1ci\u00f3\u00e9rt vagy regisztr\u00e1ci\u00f3\u00e9rt h\u00edvja a <strong>+31(0)88-2200100<\/strong> telefonsz\u00e1mot, vagy k\u00fcldj\u00f6n e-mailt a k\u00f6vetkez\u0151 c\u00edmre: <a href=\"&#109;&#97;&#x69;l&#116;&#x6f;&#x3a;i&#110;&#x66;&#x6f;&#64;&#101;&#x6c;c&#111;&#x6e;&#x79;&#46;&#99;&#x6f;&#x6d;\"><strong>&#105;&#x6e;&#102;&#x6f;&#64;&#x65;l&#x63;o&#110;&#x79;&#46;&#x63;&#111;&#x6d;<\/strong><\/a>.<\/p>\n<\/div><\/div><\/div><div class=\"fusion-layout-column fusion_builder_column fusion-builder-column-2 fusion_builder_column_1_5 1_5 fusion-flex-column\" style=\"--awb-bg-size:cover;--awb-width-large:20%;--awb-margin-top-large:5px;--awb-spacing-right-large:2.475%;--awb-margin-bottom-large:5px;--awb-spacing-left-large:2.475%;--awb-width-medium:100%;--awb-order-medium:0;--awb-spacing-right-medium:0.495%;--awb-spacing-left-medium:0.495%;--awb-width-small:100%;--awb-order-small:0;--awb-spacing-right-small:0.495%;--awb-spacing-left-small:0.495%;\"><div class=\"fusion-column-wrapper fusion-column-has-shadow fusion-flex-justify-content-flex-start fusion-content-layout-column\"><\/div><\/div><\/div><\/div>\n","protected":false},"excerpt":{"rendered":"","protected":false},"author":1,"featured_media":0,"parent":0,"menu_order":0,"comment_status":"closed","ping_status":"closed","template":"","meta":{"footnotes":""},"class_list":["post-337823","page","type-page","status-publish","hentry"],"yoast_head":"<!-- This site is optimized with the Yoast SEO plugin v27.4 - https:\/\/yoast.com\/product\/yoast-seo-wordpress\/ -->\n<title>Onboarding &#8226; ELCONY<\/title>\n<meta name=\"robots\" content=\"index, follow, max-snippet:-1, max-image-preview:large, max-video-preview:-1\" \/>\n<link rel=\"canonical\" href=\"https:\/\/www.elcony.com\/hu\/onboarding\/\" \/>\n<script type=\"application\/ld+json\" class=\"yoast-schema-graph\">{\"@context\":\"https:\\\/\\\/schema.org\",\"@graph\":[{\"@type\":\"WebPage\",\"@id\":\"https:\\\/\\\/www.elcony.com\\\/hu\\\/onboarding\\\/\",\"url\":\"https:\\\/\\\/www.elcony.com\\\/hu\\\/onboarding\\\/\",\"name\":\"Onboarding &#8226; ELCONY\",\"isPartOf\":{\"@id\":\"https:\\\/\\\/www.elcony.com\\\/it\\\/#website\"},\"datePublished\":\"2025-01-14T22:06:25+00:00\",\"dateModified\":\"2025-12-11T18:52:58+00:00\",\"breadcrumb\":{\"@id\":\"https:\\\/\\\/www.elcony.com\\\/hu\\\/onboarding\\\/#breadcrumb\"},\"inLanguage\":\"hu\",\"potentialAction\":[{\"@type\":\"ReadAction\",\"target\":[\"https:\\\/\\\/www.elcony.com\\\/hu\\\/onboarding\\\/\"]}]},{\"@type\":\"BreadcrumbList\",\"@id\":\"https:\\\/\\\/www.elcony.com\\\/hu\\\/onboarding\\\/#breadcrumb\",\"itemListElement\":[{\"@type\":\"ListItem\",\"position\":1,\"name\":\"Home\",\"item\":\"https:\\\/\\\/www.elcony.com\\\/hu\\\/\"},{\"@type\":\"ListItem\",\"position\":2,\"name\":\"Onboarding\"}]},{\"@type\":\"WebSite\",\"@id\":\"https:\\\/\\\/www.elcony.com\\\/it\\\/#website\",\"url\":\"https:\\\/\\\/www.elcony.com\\\/it\\\/\",\"name\":\"ELCONY\",\"description\":\"ARBO, VCA en SOG Opleidingen\",\"potentialAction\":[{\"@type\":\"SearchAction\",\"target\":{\"@type\":\"EntryPoint\",\"urlTemplate\":\"https:\\\/\\\/www.elcony.com\\\/it\\\/?s={search_term_string}\"},\"query-input\":{\"@type\":\"PropertyValueSpecification\",\"valueRequired\":true,\"valueName\":\"search_term_string\"}}],\"inLanguage\":\"hu\"}]}<\/script>\n<!-- \/ Yoast SEO plugin. -->","yoast_head_json":{"title":"Onboarding &#8226; ELCONY","robots":{"index":"index","follow":"follow","max-snippet":"max-snippet:-1","max-image-preview":"max-image-preview:large","max-video-preview":"max-video-preview:-1"},"canonical":"https:\/\/www.elcony.com\/hu\/onboarding\/","schema":{"@context":"https:\/\/schema.org","@graph":[{"@type":"WebPage","@id":"https:\/\/www.elcony.com\/hu\/onboarding\/","url":"https:\/\/www.elcony.com\/hu\/onboarding\/","name":"Onboarding &#8226; ELCONY","isPartOf":{"@id":"https:\/\/www.elcony.com\/it\/#website"},"datePublished":"2025-01-14T22:06:25+00:00","dateModified":"2025-12-11T18:52:58+00:00","breadcrumb":{"@id":"https:\/\/www.elcony.com\/hu\/onboarding\/#breadcrumb"},"inLanguage":"hu","potentialAction":[{"@type":"ReadAction","target":["https:\/\/www.elcony.com\/hu\/onboarding\/"]}]},{"@type":"BreadcrumbList","@id":"https:\/\/www.elcony.com\/hu\/onboarding\/#breadcrumb","itemListElement":[{"@type":"ListItem","position":1,"name":"Home","item":"https:\/\/www.elcony.com\/hu\/"},{"@type":"ListItem","position":2,"name":"Onboarding"}]},{"@type":"WebSite","@id":"https:\/\/www.elcony.com\/it\/#website","url":"https:\/\/www.elcony.com\/it\/","name":"ELCONY","description":"ARBO, VCA en SOG Opleidingen","potentialAction":[{"@type":"SearchAction","target":{"@type":"EntryPoint","urlTemplate":"https:\/\/www.elcony.com\/it\/?s={search_term_string}"},"query-input":{"@type":"PropertyValueSpecification","valueRequired":true,"valueName":"search_term_string"}}],"inLanguage":"hu"}]}},"_links":{"self":[{"href":"https:\/\/www.elcony.com\/hu\/wp-json\/wp\/v2\/pages\/337823","targetHints":{"allow":["GET"]}}],"collection":[{"href":"https:\/\/www.elcony.com\/hu\/wp-json\/wp\/v2\/pages"}],"about":[{"href":"https:\/\/www.elcony.com\/hu\/wp-json\/wp\/v2\/types\/page"}],"author":[{"embeddable":true,"href":"https:\/\/www.elcony.com\/hu\/wp-json\/wp\/v2\/users\/1"}],"replies":[{"embeddable":true,"href":"https:\/\/www.elcony.com\/hu\/wp-json\/wp\/v2\/comments?post=337823"}],"version-history":[{"count":3,"href":"https:\/\/www.elcony.com\/hu\/wp-json\/wp\/v2\/pages\/337823\/revisions"}],"predecessor-version":[{"id":388968,"href":"https:\/\/www.elcony.com\/hu\/wp-json\/wp\/v2\/pages\/337823\/revisions\/388968"}],"wp:attachment":[{"href":"https:\/\/www.elcony.com\/hu\/wp-json\/wp\/v2\/media?parent=337823"}],"curies":[{"name":"wp","href":"https:\/\/api.w.org\/{rel}","templated":true}]}}