{"id":306694,"date":"2024-03-22T15:45:45","date_gmt":"2024-06-28T11:51:47","guid":{"rendered":"https:\/\/www.elcony.com\/product\/elegseges-oktatott-szemely-vop-nen-3140-online-tanfolyam-online-vizsga\/"},"modified":"2025-11-10T17:49:29","modified_gmt":"2025-11-10T16:49:29","slug":"306694","status":"publish","type":"product","link":"https:\/\/www.elcony.com\/hu\/termek\/306694\/","title":{"rendered":"El\u00e9gs\u00e9ges Oktatott Szem\u00e9ly (VOP) NEN 3140 &#8211; Online Tanfolyam + Online Vizsga"},"content":{"rendered":"<div class=\"fusion-fullwidth fullwidth-box fusion-builder-row-1 fusion-flex-container has-pattern-background has-mask-background nonhundred-percent-fullwidth non-hundred-percent-height-scrolling\" style=\"--awb-border-radius-top-left:0px;--awb-border-radius-top-right:0px;--awb-border-radius-bottom-right:0px;--awb-border-radius-bottom-left:0px;--awb-flex-wrap:wrap;\" ><div class=\"fusion-builder-row fusion-row fusion-flex-align-items-flex-start fusion-flex-content-wrap\" style=\"max-width:101%;margin-left: calc(-1% \/ 2 );margin-right: calc(-1% \/ 2 );\"><div class=\"fusion-layout-column fusion_builder_column fusion-builder-column-0 fusion_builder_column_1_1 1_1 fusion-flex-column\" style=\"--awb-bg-size:cover;--awb-width-large:100%;--awb-margin-top-large:5px;--awb-spacing-right-large:0.495%;--awb-margin-bottom-large:5px;--awb-spacing-left-large:0.495%;--awb-width-medium:100%;--awb-order-medium:0;--awb-spacing-right-medium:0.495%;--awb-spacing-left-medium:0.495%;--awb-width-small:100%;--awb-order-small:0;--awb-spacing-right-small:0.495%;--awb-spacing-left-small:0.495%;\"><div class=\"fusion-column-wrapper fusion-column-has-shadow fusion-flex-justify-content-flex-start fusion-content-layout-column\"><div class=\"fusion-text fusion-text-1\"><p>A kurzus v\u00e9g\u00e9n tiszt\u00e1ban leszel az \u00f6sszes kock\u00e1zattal, amelyekkel az elektromos berendez\u00e9sek k\u00f6zel\u00e9ben \u00e9s azokon dolgozva tal\u00e1lkozhatsz. Emellett k\u00e9pes leszel a sz\u00fcks\u00e9ges int\u00e9zked\u00e9seket megtenni a munkav\u00e9gz\u00e9s biztons\u00e1gos elv\u00e9gz\u00e9s\u00e9hez.<\/p>\n<p>A kurzus olyan \u00f3r\u00e1kb\u00f3l \u00e1ll, amelyeket telefonodon, t\u00e1blag\u00e9peden vagy sz\u00e1m\u00edt\u00f3g\u00e9peden tanulhatsz meg. A tananyagot annyiszor megtekintheted, ah\u00e1nyszor csak szeretn\u00e9d. \u00cdgy maxim\u00e1lisan fel leszel k\u00e9sz\u00fclve a kurzus z\u00e1r\u00f3vizsg\u00e1j\u00e1ra. Megfelel\u0151 eredm\u00e9ny eset\u00e9n elk\u00fcldj\u00fck neked a tan\u00fas\u00edtv\u00e1nyt.<\/p>\n<\/div><ul style=\"--awb-line-height:30.6px;--awb-icon-width:30.6px;--awb-icon-height:30.6px;--awb-icon-margin:12.6px;--awb-content-margin:43.2px;--awb-circlecolor:#5894e8;--awb-circle-yes-font-size:15.84px;\" class=\"fusion-checklist fusion-checklist-1 fusion-checklist-default type-icons\"><li class=\"fusion-li-item\" style=\"\"><span class=\"icon-wrapper circle-yes\"><i class=\"fusion-li-icon awb-icon-check\" aria-hidden=\"true\"><\/i><\/span><div class=\"fusion-li-item-content\">\n<p>V\u00e1lasszon 20 nyelv k\u00f6z\u00fcl<\/p>\n<\/div><\/li><li class=\"fusion-li-item\" style=\"\"><span class=\"icon-wrapper circle-yes\"><i class=\"fusion-li-icon awb-icon-check\" aria-hidden=\"true\"><\/i><\/span><div class=\"fusion-li-item-content\">\n<p>A tanfolyam 60 napig el\u00e9rhet\u0151.<\/p>\n<\/div><\/li><\/ul><\/div><\/div><\/div><\/div>\n","protected":false},"excerpt":{"rendered":"","protected":false},"featured_media":285836,"template":"","meta":[],"product_brand":[],"product_cat":[9333],"product_tag":[],"class_list":{"0":"post-306694","1":"product","2":"type-product","3":"status-publish","4":"has-post-thumbnail","6":"product_cat-elcony-hu","8":"first","9":"instock","10":"taxable","11":"shipping-taxable","12":"purchasable","13":"product-type-variable"},"yoast_head":"<!-- This site is optimized with the Yoast SEO plugin v27.5 - https:\/\/yoast.com\/product\/yoast-seo-wordpress\/ -->\n<title>El\u00e9gs\u00e9ges Oktatott Szem\u00e9ly (VOP) NEN 3140 - Online Tanfolyam + Online Vizsga &#8226; ELCONY<\/title>\n<meta name=\"robots\" content=\"noindex, follow\" \/>\n<script type=\"application\/ld+json\" class=\"yoast-schema-graph\">{\"@context\":\"https:\\\/\\\/schema.org\",\"@graph\":[{\"@type\":\"WebPage\",\"@id\":\"https:\\\/\\\/www.elcony.com\\\/hu\\\/termek\\\/306694\\\/\",\"url\":\"https:\\\/\\\/www.elcony.com\\\/hu\\\/termek\\\/306694\\\/\",\"name\":\"El\u00e9gs\u00e9ges Oktatott Szem\u00e9ly (VOP) NEN 3140 - Online Tanfolyam + Online Vizsga &#8226; ELCONY\",\"isPartOf\":{\"@id\":\"https:\\\/\\\/www.elcony.com\\\/it\\\/#website\"},\"primaryImageOfPage\":{\"@id\":\"https:\\\/\\\/www.elcony.com\\\/hu\\\/termek\\\/306694\\\/#primaryimage\"},\"image\":{\"@id\":\"https:\\\/\\\/www.elcony.com\\\/hu\\\/termek\\\/306694\\\/#primaryimage\"},\"thumbnailUrl\":\"https:\\\/\\\/www.elcony.com\\\/wp-content\\\/uploads\\\/2024\\\/06\\\/Aardlekschakelaars-675267964-800x533-1.png\",\"datePublished\":\"2024-06-28T11:51:47+00:00\",\"dateModified\":\"2025-11-10T16:49:29+00:00\",\"breadcrumb\":{\"@id\":\"https:\\\/\\\/www.elcony.com\\\/hu\\\/termek\\\/306694\\\/#breadcrumb\"},\"inLanguage\":\"hu\",\"potentialAction\":[{\"@type\":\"ReadAction\",\"target\":[\"https:\\\/\\\/www.elcony.com\\\/hu\\\/termek\\\/306694\\\/\"]}]},{\"@type\":\"ImageObject\",\"inLanguage\":\"hu\",\"@id\":\"https:\\\/\\\/www.elcony.com\\\/hu\\\/termek\\\/306694\\\/#primaryimage\",\"url\":\"https:\\\/\\\/www.elcony.com\\\/wp-content\\\/uploads\\\/2024\\\/06\\\/Aardlekschakelaars-675267964-800x533-1.png\",\"contentUrl\":\"https:\\\/\\\/www.elcony.com\\\/wp-content\\\/uploads\\\/2024\\\/06\\\/Aardlekschakelaars-675267964-800x533-1.png\",\"width\":800,\"height\":533},{\"@type\":\"BreadcrumbList\",\"@id\":\"https:\\\/\\\/www.elcony.com\\\/hu\\\/termek\\\/306694\\\/#breadcrumb\",\"itemListElement\":[{\"@type\":\"ListItem\",\"position\":1,\"name\":\"Home\",\"item\":\"https:\\\/\\\/www.elcony.com\\\/hu\\\/\"},{\"@type\":\"ListItem\",\"position\":2,\"name\":\"Prodotti\",\"item\":\"https:\\\/\\\/www.elcony.com\\\/it\\\/shop\\\/\"},{\"@type\":\"ListItem\",\"position\":3,\"name\":\"El\u00e9gs\u00e9ges Oktatott Szem\u00e9ly (VOP) NEN 3140 &#8211; Online Tanfolyam + Online Vizsga\"}]},{\"@type\":\"WebSite\",\"@id\":\"https:\\\/\\\/www.elcony.com\\\/it\\\/#website\",\"url\":\"https:\\\/\\\/www.elcony.com\\\/it\\\/\",\"name\":\"ELCONY\",\"description\":\"ARBO, VCA en SOG Opleidingen\",\"potentialAction\":[{\"@type\":\"SearchAction\",\"target\":{\"@type\":\"EntryPoint\",\"urlTemplate\":\"https:\\\/\\\/www.elcony.com\\\/it\\\/?s={search_term_string}\"},\"query-input\":{\"@type\":\"PropertyValueSpecification\",\"valueRequired\":true,\"valueName\":\"search_term_string\"}}],\"inLanguage\":\"hu\"}]}<\/script>\n<!-- \/ Yoast SEO plugin. -->","yoast_head_json":{"title":"El\u00e9gs\u00e9ges Oktatott Szem\u00e9ly (VOP) NEN 3140 - Online Tanfolyam + Online Vizsga &#8226; ELCONY","robots":{"index":"noindex","follow":"follow"},"schema":{"@context":"https:\/\/schema.org","@graph":[{"@type":"WebPage","@id":"https:\/\/www.elcony.com\/hu\/termek\/306694\/","url":"https:\/\/www.elcony.com\/hu\/termek\/306694\/","name":"El\u00e9gs\u00e9ges Oktatott Szem\u00e9ly (VOP) NEN 3140 - Online Tanfolyam + Online Vizsga &#8226; ELCONY","isPartOf":{"@id":"https:\/\/www.elcony.com\/it\/#website"},"primaryImageOfPage":{"@id":"https:\/\/www.elcony.com\/hu\/termek\/306694\/#primaryimage"},"image":{"@id":"https:\/\/www.elcony.com\/hu\/termek\/306694\/#primaryimage"},"thumbnailUrl":"https:\/\/www.elcony.com\/wp-content\/uploads\/2024\/06\/Aardlekschakelaars-675267964-800x533-1.png","datePublished":"2024-06-28T11:51:47+00:00","dateModified":"2025-11-10T16:49:29+00:00","breadcrumb":{"@id":"https:\/\/www.elcony.com\/hu\/termek\/306694\/#breadcrumb"},"inLanguage":"hu","potentialAction":[{"@type":"ReadAction","target":["https:\/\/www.elcony.com\/hu\/termek\/306694\/"]}]},{"@type":"ImageObject","inLanguage":"hu","@id":"https:\/\/www.elcony.com\/hu\/termek\/306694\/#primaryimage","url":"https:\/\/www.elcony.com\/wp-content\/uploads\/2024\/06\/Aardlekschakelaars-675267964-800x533-1.png","contentUrl":"https:\/\/www.elcony.com\/wp-content\/uploads\/2024\/06\/Aardlekschakelaars-675267964-800x533-1.png","width":800,"height":533},{"@type":"BreadcrumbList","@id":"https:\/\/www.elcony.com\/hu\/termek\/306694\/#breadcrumb","itemListElement":[{"@type":"ListItem","position":1,"name":"Home","item":"https:\/\/www.elcony.com\/hu\/"},{"@type":"ListItem","position":2,"name":"Prodotti","item":"https:\/\/www.elcony.com\/it\/shop\/"},{"@type":"ListItem","position":3,"name":"El\u00e9gs\u00e9ges Oktatott Szem\u00e9ly (VOP) NEN 3140 &#8211; Online Tanfolyam + Online Vizsga"}]},{"@type":"WebSite","@id":"https:\/\/www.elcony.com\/it\/#website","url":"https:\/\/www.elcony.com\/it\/","name":"ELCONY","description":"ARBO, VCA en SOG Opleidingen","potentialAction":[{"@type":"SearchAction","target":{"@type":"EntryPoint","urlTemplate":"https:\/\/www.elcony.com\/it\/?s={search_term_string}"},"query-input":{"@type":"PropertyValueSpecification","valueRequired":true,"valueName":"search_term_string"}}],"inLanguage":"hu"}]}},"_links":{"self":[{"href":"https:\/\/www.elcony.com\/hu\/wp-json\/wp\/v2\/product\/306694","targetHints":{"allow":["GET"]}}],"collection":[{"href":"https:\/\/www.elcony.com\/hu\/wp-json\/wp\/v2\/product"}],"about":[{"href":"https:\/\/www.elcony.com\/hu\/wp-json\/wp\/v2\/types\/product"}],"wp:featuredmedia":[{"embeddable":true,"href":"https:\/\/www.elcony.com\/hu\/wp-json\/wp\/v2\/media\/285836"}],"wp:attachment":[{"href":"https:\/\/www.elcony.com\/hu\/wp-json\/wp\/v2\/media?parent=306694"}],"wp:term":[{"taxonomy":"product_brand","embeddable":true,"href":"https:\/\/www.elcony.com\/hu\/wp-json\/wp\/v2\/product_brand?post=306694"},{"taxonomy":"product_cat","embeddable":true,"href":"https:\/\/www.elcony.com\/hu\/wp-json\/wp\/v2\/product_cat?post=306694"},{"taxonomy":"product_tag","embeddable":true,"href":"https:\/\/www.elcony.com\/hu\/wp-json\/wp\/v2\/product_tag?post=306694"}],"curies":[{"name":"wp","href":"https:\/\/api.w.org\/{rel}","templated":true}]}}