{"id":191550,"date":"2023-10-25T10:47:03","date_gmt":"2023-10-25T08:47:03","guid":{"rendered":"https:\/\/www.elcony.com\/protezione-delle-vie-respiratorie\/"},"modified":"2026-02-06T13:38:24","modified_gmt":"2026-02-06T12:38:24","slug":"protezione-delle-vie-respiratorie","status":"publish","type":"page","link":"https:\/\/www.elcony.com\/it\/protezione-delle-vie-respiratorie\/","title":{"rendered":"Protezione respiratoria autonoma"},"content":{"rendered":"<div class=\"fusion-fullwidth fullwidth-box fusion-builder-row-1 has-pattern-background has-mask-background nonhundred-percent-fullwidth non-hundred-percent-height-scrolling\" style=\"--awb-border-radius-top-left:0px;--awb-border-radius-top-right:0px;--awb-border-radius-bottom-right:0px;--awb-border-radius-bottom-left:0px;--awb-flex-wrap:wrap;\" ><div class=\"fusion-builder-row fusion-row\"><div class=\"fusion-layout-column fusion_builder_column fusion-builder-column-0 fusion_builder_column_1_5 1_5 fusion-one-fifth fusion-column-first\" style=\"--awb-bg-blend:overlay;--awb-bg-size:cover;width:20%;width:calc(20% - ( ( 4% + 4% ) * 0.2 ) );margin-right: 4%;\"><div class=\"fusion-column-wrapper fusion-flex-column-wrapper-legacy\"><div class=\"fusion-clearfix\"><\/div><\/div><\/div><div class=\"fusion-layout-column fusion_builder_column fusion-builder-column-1 fusion_builder_column_3_5 3_5 fusion-three-fifth\" style=\"--awb-bg-blend:overlay;--awb-bg-size:cover;width:60%;width:calc(60% - ( ( 4% + 4% ) * 0.6 ) );margin-right: 4%;\"><div class=\"fusion-column-wrapper fusion-flex-column-wrapper-legacy\"><div class=\"fusion-text fusion-text-1\"><h1>Lavorare con la protezione respiratoria autonoma<\/h1>\n<p> Lavorare con la protezione respiratoria autonoma \u00e8 necessario quando si operano in ambienti in cui la qualit\u00e0 dell\u2019aria non \u00e8 sufficientemente sicura. Con il corso Lavorare con la protezione respiratoria autonoma imparerai a utilizzare le apparecchiature di respirazione in modo sicuro, responsabile e conforme alle procedure vigenti. <\/p>\n<h2>Che cos\u2019\u00e8 la protezione respiratoria autonoma?<\/h2>\n<p> La protezione respiratoria autonoma viene utilizzata quando l\u2019aria ambiente non \u00e8 adatta alla respirazione, ad esempio a causa di carenza di ossigeno o della presenza di sostanze pericolose. In questo caso, l\u2019utilizzatore respira aria proveniente da una fonte indipendente, come un autorespiratore o un sistema di alimentazione dell\u2019aria con linea. <\/p>\n<h2>A chi \u00e8 destinato il corso \u201cLavorare con la protezione respiratoria autonoma\u201d?<\/h2>\n<ul>\n<li>Dipendenti dell\u2019industria (petro)chimica.<\/li>\n<li>Tecnici e addetti alla manutenzione.<\/li>\n<li>Appaltatori e lavoratori autonomi presso siti industriali.<\/li>\n<li>Lavoratori che operano in ambienti confinati o ad alto rischio.<\/li>\n<\/ul>\n<h2>Lavorare con la protezione respiratoria autonoma senza SOG<\/h2>\n<h3>Gruppo target<\/h3>\n<p> Questa formazione \u00e8 adatta ai dipendenti che lavorano con la protezione respiratoria autonoma presso committenti per i quali non si applica l\u2019obbligo SOG. <\/p>\n<h3>Quando scegliere la protezione respiratoria senza SOG?<\/h3>\n<ul>\n<li>Il committente non richiede un diploma SOG.<\/li>\n<li>Si lavora secondo procedure di sicurezza interne.<\/li>\n<li>Si cerca una formazione pratica senza esame SOG esterno.<\/li>\n<\/ul>\n<p> Al termine riceverai un diploma con registrazione nel <strong>Registro Diplomi ELCONY<\/strong>, valido per <strong>5 anni<\/strong>. <\/p>\n<h3>Durata del corso e prezzo<\/h3>\n<ul>\n<li>1 giorno con conoscenze pregresse tramite la nostra preparazione online o corso di aggiornamento: <strong>\u20ac 255,00<\/strong> IVA esclusa<\/li>\n<li>2 giorni senza esperienza precedente: <strong>\u20ac 455,00<\/strong> IVA esclusa<\/li>\n<\/ul>\n<h2>Lavorare con la protezione respiratoria autonoma con SOG<\/h2>\n<h3>Gruppo target<\/h3>\n<p> Il corso \u201cLavorare con la protezione respiratoria autonoma\u201d riconosciuto SOG \u00e8 destinato ai dipendenti che lavorano per committenti presso i quali \u00e8 obbligatorio un diploma ufficialmente riconosciuto. <\/p>\n<h3>Quando \u00e8 obbligatoria la protezione respiratoria (SOG)?<\/h3>\n<ul>\n<li>Durante lavori in ambienti con insufficiente ossigeno.<\/li>\n<li>In caso di esposizione a sostanze pericolose.<\/li>\n<li>Nell\u2019industria (petro)chimica.<\/li>\n<li>Presso committenti che operano secondo i requisiti SSVV.<\/li>\n<\/ul>\n<p> Dopo il superamento dell\u2019esame, il diploma viene registrato nel <strong>Registro Diplomi SSVV<\/strong> ed \u00e8 <strong>valido per 3 anni<\/strong>. <\/p>\n<h3>Durata del corso e prezzo<\/h3>\n<ul>\n<li>1 giorno con conoscenze pregresse tramite la nostra preparazione online o corso di aggiornamento: <strong>\u20ac 329,00<\/strong> IVA esclusa<\/li>\n<li>2 giorni senza esperienza precedente: <strong>\u20ac 529,00<\/strong> IVA esclusa<\/li>\n<\/ul>\n<h2>Idoneit\u00e0 medica<\/h2>\n<p> Per lavorare con la protezione respiratoria autonoma \u00e8 obbligatorio un certificato di idoneit\u00e0 medica valido. Tale certificato deve essere fornito dal datore di lavoro ed \u00e8 richiesto sia durante la formazione sia durante l\u2019esame. <\/p>\n<h2><strong>Luogo<\/strong><\/h2>\n<p> Il corso Lavorare con la protezione respiratoria autonoma viene erogato in diverse sedi nei Paesi Bassi e pu\u00f2 essere organizzato anche presso la vostra sede. <\/p>\n<h2><strong>Contatti<\/strong><\/h2>\n<p> Per maggiori informazioni o per iscriverti puoi chiamare il <strong>+31(0)88-2200100<\/strong> oppure inviare un\u2019e-mail a <strong><a href=\"&#x6d;&#x61;&#x69;&#x6c;&#x74;&#x6f;&#x3a;&#x69;&#x6e;&#x66;&#x6f;&#x40;&#x65;&#x6c;&#x63;&#x6f;&#x6e;&#x79;&#x2e;&#x63;&#x6f;&#x6d;\">&#105;&#x6e;&#x66;&#111;&#x40;&#x65;l&#x63;&#x6f;n&#121;&#x2e;c&#111;&#x6d;<\/a><\/strong>.<\/p>\n<\/div><div class=\"fusion-clearfix\"><\/div><\/div><\/div><div class=\"fusion-layout-column fusion_builder_column fusion-builder-column-2 fusion_builder_column_1_5 1_5 fusion-one-fifth fusion-column-last\" style=\"--awb-bg-blend:overlay;--awb-bg-size:cover;width:20%;width:calc(20% - ( ( 4% + 4% ) * 0.2 ) );\"><div class=\"fusion-column-wrapper fusion-flex-column-wrapper-legacy\"><div class=\"fusion-clearfix\"><\/div><\/div><\/div><\/div><\/div>\n","protected":false},"excerpt":{"rendered":"","protected":false},"author":1,"featured_media":0,"parent":0,"menu_order":4,"comment_status":"closed","ping_status":"closed","template":"","meta":{"footnotes":""},"class_list":["post-191550","page","type-page","status-publish","hentry"],"yoast_head":"<!-- This site is optimized with the Yoast SEO plugin v27.5 - https:\/\/yoast.com\/product\/yoast-seo-wordpress\/ -->\n<title>Corso \u201cLavorare con la protezione respiratoria autonoma\u201d (SOG)<\/title>\n<meta name=\"description\" content=\"Impara a lavorare in sicurezza con la protezione respiratoria autonoma. Il corso per industria, manutenzione e spazi confinati. Con o senza SOG.\" \/>\n<meta name=\"robots\" content=\"index, follow, max-snippet:-1, max-image-preview:large, max-video-preview:-1\" \/>\n<link rel=\"canonical\" href=\"https:\/\/www.elcony.com\/it\/protezione-delle-vie-respiratorie\/\" \/>\n<script type=\"application\/ld+json\" class=\"yoast-schema-graph\">{\"@context\":\"https:\\\/\\\/schema.org\",\"@graph\":[{\"@type\":\"WebPage\",\"@id\":\"https:\\\/\\\/www.elcony.com\\\/it\\\/protezione-delle-vie-respiratorie\\\/\",\"url\":\"https:\\\/\\\/www.elcony.com\\\/it\\\/protezione-delle-vie-respiratorie\\\/\",\"name\":\"Corso \u201cLavorare con la protezione respiratoria autonoma\u201d (SOG)\",\"isPartOf\":{\"@id\":\"https:\\\/\\\/www.elcony.com\\\/it\\\/#website\"},\"datePublished\":\"2023-10-25T08:47:03+00:00\",\"dateModified\":\"2026-02-06T12:38:24+00:00\",\"description\":\"Impara a lavorare in sicurezza con la protezione respiratoria autonoma. Il corso per industria, manutenzione e spazi confinati. Con o senza SOG.\",\"breadcrumb\":{\"@id\":\"https:\\\/\\\/www.elcony.com\\\/it\\\/protezione-delle-vie-respiratorie\\\/#breadcrumb\"},\"inLanguage\":\"it-IT\",\"potentialAction\":[{\"@type\":\"ReadAction\",\"target\":[\"https:\\\/\\\/www.elcony.com\\\/it\\\/protezione-delle-vie-respiratorie\\\/\"]}]},{\"@type\":\"BreadcrumbList\",\"@id\":\"https:\\\/\\\/www.elcony.com\\\/it\\\/protezione-delle-vie-respiratorie\\\/#breadcrumb\",\"itemListElement\":[{\"@type\":\"ListItem\",\"position\":1,\"name\":\"Home\",\"item\":\"https:\\\/\\\/www.elcony.com\\\/it\\\/\"},{\"@type\":\"ListItem\",\"position\":2,\"name\":\"Protezione respiratoria autonoma\"}]},{\"@type\":\"WebSite\",\"@id\":\"https:\\\/\\\/www.elcony.com\\\/it\\\/#website\",\"url\":\"https:\\\/\\\/www.elcony.com\\\/it\\\/\",\"name\":\"ELCONY\",\"description\":\"ARBO, VCA en SOG Opleidingen\",\"potentialAction\":[{\"@type\":\"SearchAction\",\"target\":{\"@type\":\"EntryPoint\",\"urlTemplate\":\"https:\\\/\\\/www.elcony.com\\\/it\\\/?s={search_term_string}\"},\"query-input\":{\"@type\":\"PropertyValueSpecification\",\"valueRequired\":true,\"valueName\":\"search_term_string\"}}],\"inLanguage\":\"it-IT\"}]}<\/script>\n<!-- \/ Yoast SEO plugin. -->","yoast_head_json":{"title":"Corso \u201cLavorare con la protezione respiratoria autonoma\u201d (SOG)","description":"Impara a lavorare in sicurezza con la protezione respiratoria autonoma. Il corso per industria, manutenzione e spazi confinati. Con o senza SOG.","robots":{"index":"index","follow":"follow","max-snippet":"max-snippet:-1","max-image-preview":"max-image-preview:large","max-video-preview":"max-video-preview:-1"},"canonical":"https:\/\/www.elcony.com\/it\/protezione-delle-vie-respiratorie\/","schema":{"@context":"https:\/\/schema.org","@graph":[{"@type":"WebPage","@id":"https:\/\/www.elcony.com\/it\/protezione-delle-vie-respiratorie\/","url":"https:\/\/www.elcony.com\/it\/protezione-delle-vie-respiratorie\/","name":"Corso \u201cLavorare con la protezione respiratoria autonoma\u201d (SOG)","isPartOf":{"@id":"https:\/\/www.elcony.com\/it\/#website"},"datePublished":"2023-10-25T08:47:03+00:00","dateModified":"2026-02-06T12:38:24+00:00","description":"Impara a lavorare in sicurezza con la protezione respiratoria autonoma. Il corso per industria, manutenzione e spazi confinati. Con o senza SOG.","breadcrumb":{"@id":"https:\/\/www.elcony.com\/it\/protezione-delle-vie-respiratorie\/#breadcrumb"},"inLanguage":"it-IT","potentialAction":[{"@type":"ReadAction","target":["https:\/\/www.elcony.com\/it\/protezione-delle-vie-respiratorie\/"]}]},{"@type":"BreadcrumbList","@id":"https:\/\/www.elcony.com\/it\/protezione-delle-vie-respiratorie\/#breadcrumb","itemListElement":[{"@type":"ListItem","position":1,"name":"Home","item":"https:\/\/www.elcony.com\/it\/"},{"@type":"ListItem","position":2,"name":"Protezione respiratoria autonoma"}]},{"@type":"WebSite","@id":"https:\/\/www.elcony.com\/it\/#website","url":"https:\/\/www.elcony.com\/it\/","name":"ELCONY","description":"ARBO, VCA en SOG Opleidingen","potentialAction":[{"@type":"SearchAction","target":{"@type":"EntryPoint","urlTemplate":"https:\/\/www.elcony.com\/it\/?s={search_term_string}"},"query-input":{"@type":"PropertyValueSpecification","valueRequired":true,"valueName":"search_term_string"}}],"inLanguage":"it-IT"}]}},"_links":{"self":[{"href":"https:\/\/www.elcony.com\/it\/wp-json\/wp\/v2\/pages\/191550","targetHints":{"allow":["GET"]}}],"collection":[{"href":"https:\/\/www.elcony.com\/it\/wp-json\/wp\/v2\/pages"}],"about":[{"href":"https:\/\/www.elcony.com\/it\/wp-json\/wp\/v2\/types\/page"}],"author":[{"embeddable":true,"href":"https:\/\/www.elcony.com\/it\/wp-json\/wp\/v2\/users\/1"}],"replies":[{"embeddable":true,"href":"https:\/\/www.elcony.com\/it\/wp-json\/wp\/v2\/comments?post=191550"}],"version-history":[{"count":3,"href":"https:\/\/www.elcony.com\/it\/wp-json\/wp\/v2\/pages\/191550\/revisions"}],"predecessor-version":[{"id":391272,"href":"https:\/\/www.elcony.com\/it\/wp-json\/wp\/v2\/pages\/191550\/revisions\/391272"}],"wp:attachment":[{"href":"https:\/\/www.elcony.com\/it\/wp-json\/wp\/v2\/media?parent=191550"}],"curies":[{"name":"wp","href":"https:\/\/api.w.org\/{rel}","templated":true}]}}