{"id":234203,"date":"2023-11-26T12:34:39","date_gmt":"2023-11-26T11:34:39","guid":{"rendered":"https:\/\/www.elcony.com\/protezione-esterna-chiusino-esterna\/"},"modified":"2026-02-06T14:34:19","modified_gmt":"2026-02-06T13:34:19","slug":"protezione-esterna-chiusino-esterna","status":"publish","type":"page","link":"https:\/\/www.elcony.com\/it\/protezione-esterna-chiusino-esterna\/","title":{"rendered":"Sorvegliante esterno (guardia del passo d\u2019uomo)"},"content":{"rendered":"<div class=\"fusion-fullwidth fullwidth-box fusion-builder-row-1 has-pattern-background has-mask-background nonhundred-percent-fullwidth non-hundred-percent-height-scrolling\" style=\"--awb-border-radius-top-left:0px;--awb-border-radius-top-right:0px;--awb-border-radius-bottom-right:0px;--awb-border-radius-bottom-left:0px;--awb-flex-wrap:wrap;\" ><div class=\"fusion-builder-row fusion-row\"><div class=\"fusion-layout-column fusion_builder_column fusion-builder-column-0 fusion_builder_column_1_5 1_5 fusion-one-fifth fusion-column-first\" style=\"--awb-bg-blend:overlay;--awb-bg-size:cover;width:20%;width:calc(20% - ( ( 4% + 4% ) * 0.2 ) );margin-right: 4%;\"><div class=\"fusion-column-wrapper fusion-flex-column-wrapper-legacy\"><div class=\"fusion-clearfix\"><\/div><\/div><\/div><div class=\"fusion-layout-column fusion_builder_column fusion-builder-column-1 fusion_builder_column_3_5 3_5 fusion-three-fifth\" style=\"--awb-padding-bottom:20px;--awb-bg-blend:overlay;--awb-bg-size:cover;--awb-margin-top:0px;--awb-margin-bottom:0px;width:60%;width:calc(60% - ( ( 4% + 4% ) * 0.6 ) );margin-right: 4%;\"><div class=\"fusion-column-wrapper fusion-flex-column-wrapper-legacy\"><div class=\"fusion-text fusion-text-1\"><h1>Lavorare come sorvegliante esterno (guardia del passo d\u2019uomo)<\/h1>\n<p> Lavorare come sorvegliante esterno (guardia del passo d\u2019uomo) \u00e8 una funzione di sicurezza cruciale durante le attivit\u00e0 in spazi confinati. In qualit\u00e0 di sorvegliante esterno, supervisioni i lavori, garantisci la sicurezza e intervieni immediatamente in caso di emergenze. Con il corso Lavorare come sorvegliante esterno imparerai a svolgere questo ruolo in modo sicuro, responsabile e secondo le procedure vigenti. <\/p>\n<h2>Cosa fa un sorvegliante esterno?<\/h2>\n<p> Il sorvegliante esterno supervisiona i lavori in spazi confinati come serbatoi, tubazioni, pozzetti e reattori. Controlla la sicurezza, mantiene la comunicazione con i lavoratori all\u2019interno dello spazio e allerta i soccorsi in caso di incidenti. <\/p>\n<h2>A chi \u00e8 destinato il corso Lavorare come sorvegliante esterno?<\/h2>\n<ul>\n<li>Dipendenti dell\u2019industria (petro)chimica.<\/li>\n<li>Tecnici di manutenzione e appaltatori.<\/li>\n<li>Supervisori dei lavori in spazi confinati.<\/li>\n<li>Lavoratori autonomi (ZZP) attivi in siti industriali.<\/li>\n<li>Chiunque svolga il ruolo di guardia del passo d\u2019uomo.<\/li>\n<\/ul>\n<h2>Lavorare come sorvegliante esterno senza SOG<\/h2>\n<h3>Gruppo target<\/h3>\n<p> Questa formazione \u00e8 adatta ai dipendenti che lavorano come sorveglianti esterni presso organizzazioni o committenti per i quali non si applica l\u2019obbligo SOG. <\/p>\n<h3>Quando scegliere il sorvegliante esterno senza SOG?<\/h3>\n<ul>\n<li>Il committente non richiede un certificato SOG<\/li>\n<li>Si lavora secondo procedure di sicurezza interne<\/li>\n<li>Si cerca una formazione pratica senza esame esterno<\/li>\n<\/ul>\n<p> Al termine del corso riceverai un attestato registrato nel <strong>Registro Diplomi ELCONY<\/strong>, <strong>valido per 5 anni<\/strong>. <\/p>\n<h3>Durata del corso e prezzo<\/h3>\n<ul>\n<li>1 giorno con conoscenze pregresse tramite la nostra preparazione online o corso di aggiornamento: <strong>\u20ac 255,00<\/strong> IVA esclusa<\/li>\n<li>2 giorni senza esperienza precedente: <strong>\u20ac 455,00<\/strong> IVA esclusa<\/li>\n<\/ul>\n<h2>Lavorare come sorvegliante esterno con SOG<\/h2>\n<h3>Gruppo target<\/h3>\n<p> Il corso Lavorare come sorvegliante esterno riconosciuto SOG \u00e8 destinato ai dipendenti che lavorano per committenti dove \u00e8 obbligatorio un certificato ufficialmente riconosciuto. <\/p>\n<h3>Quando \u00e8 obbligatorio il sorvegliante esterno (SOG)?<\/h3>\n<ul>\n<li>Durante lavori in spazi confinati nell\u2019industria (petro)chimica<\/li>\n<li>Durante fermate di manutenzione e turnarounds<\/li>\n<li>Presso committenti che operano secondo i requisiti SSVV<\/li>\n<li>In siti con procedure di sicurezza rigorosamente regolamentate<\/li>\n<\/ul>\n<p> Dopo il superamento dell\u2019esame, il certificato viene registrato nel <strong>Registro Diplomi SSVV<\/strong> ed \u00e8 <strong>valido per 3 anni<\/strong>. <\/p>\n<h3>Durata del corso e prezzo<\/h3>\n<ul>\n<li>1 giorno con conoscenze pregresse tramite la nostra preparazione online o corso di aggiornamento: <strong>\u20ac 369,00<\/strong> IVA esclusa<\/li>\n<li>2 giorni senza esperienza precedente: <strong>\u20ac 569,00<\/strong> IVA esclusa<\/li>\n<\/ul>\n<h3>Lingue d\u2019esame<\/h3>\n<p> L\u2019esame SOG \u00e8 disponibile in olandese e in inglese. <\/p>\n<h2>Localit\u00e0<\/h2>\n<p> Il corso Lavorare come sorvegliante esterno si svolge in diverse sedi nei Paesi Bassi e pu\u00f2 essere organizzato anche presso la vostra sede. <\/p>\n<h2>Contatto<\/h2>\n<p> Per maggiori informazioni o per iscriverti puoi chiamare il <strong>+31(0)88-2200100<\/strong> oppure inviare un\u2019e-mail a <strong><a href=\"mai&#108;&#116;&#111;&#58;&#x69;&#x6e;&#x66;&#x6f;&#x40;&#x65;&#x6c;con&#121;&#46;&#99;&#111;&#109;\">&#x69;&#x6e;&#x66;&#x6f;&#x40;&#x65;&#x6c;&#99;&#111;&#110;&#121;&#46;com<\/a><\/strong>.<\/p>\n<\/div><div class=\"fusion-clearfix\"><\/div><\/div><\/div><div class=\"fusion-layout-column fusion_builder_column fusion-builder-column-2 fusion_builder_column_1_5 1_5 fusion-one-fifth fusion-column-last\" style=\"--awb-bg-blend:overlay;--awb-bg-size:cover;width:20%;width:calc(20% - ( ( 4% + 4% ) * 0.2 ) );\"><div class=\"fusion-column-wrapper fusion-flex-column-wrapper-legacy\"><div class=\"fusion-clearfix\"><\/div><\/div><\/div><\/div><\/div>\n","protected":false},"excerpt":{"rendered":"","protected":false},"author":1,"featured_media":0,"parent":0,"menu_order":3,"comment_status":"closed","ping_status":"closed","template":"","meta":{"footnotes":""},"class_list":["post-234203","page","type-page","status-publish","hentry"],"yoast_head":"<!-- This site is optimized with the Yoast SEO plugin v27.4 - https:\/\/yoast.com\/product\/yoast-seo-wordpress\/ -->\n<title>Corso Protezione esterna (Chiusino esterna) | Per l&#039;industria olandeseCorso \u201cLavorare come sorvegliante esterno\u201d (SOG) | Disponibile anche Incompany<\/title>\n<meta name=\"description\" content=\"Segui il corso Lavorare come sorvegliante esterno (guardia del passo d\u2019uomo). Impara a supervisionare in sicurezza i lavori in spazi confinati. Con o senza SOG, orientato alla pratica.\" \/>\n<meta name=\"robots\" content=\"index, follow, max-snippet:-1, max-image-preview:large, max-video-preview:-1\" \/>\n<link rel=\"canonical\" href=\"https:\/\/www.elcony.com\/it\/protezione-esterna-chiusino-esterna\/\" \/>\n<script type=\"application\/ld+json\" class=\"yoast-schema-graph\">{\"@context\":\"https:\\\/\\\/schema.org\",\"@graph\":[{\"@type\":\"WebPage\",\"@id\":\"https:\\\/\\\/www.elcony.com\\\/it\\\/protezione-esterna-chiusino-esterna\\\/\",\"url\":\"https:\\\/\\\/www.elcony.com\\\/it\\\/protezione-esterna-chiusino-esterna\\\/\",\"name\":\"Corso Protezione esterna (Chiusino esterna) | Per l'industria olandeseCorso \u201cLavorare come sorvegliante esterno\u201d (SOG) | Disponibile anche Incompany\",\"isPartOf\":{\"@id\":\"https:\\\/\\\/www.elcony.com\\\/it\\\/#website\"},\"datePublished\":\"2023-11-26T11:34:39+00:00\",\"dateModified\":\"2026-02-06T13:34:19+00:00\",\"description\":\"Segui il corso Lavorare come sorvegliante esterno (guardia del passo d\u2019uomo). Impara a supervisionare in sicurezza i lavori in spazi confinati. Con o senza SOG, orientato alla pratica.\",\"breadcrumb\":{\"@id\":\"https:\\\/\\\/www.elcony.com\\\/it\\\/protezione-esterna-chiusino-esterna\\\/#breadcrumb\"},\"inLanguage\":\"it-IT\",\"potentialAction\":[{\"@type\":\"ReadAction\",\"target\":[\"https:\\\/\\\/www.elcony.com\\\/it\\\/protezione-esterna-chiusino-esterna\\\/\"]}]},{\"@type\":\"BreadcrumbList\",\"@id\":\"https:\\\/\\\/www.elcony.com\\\/it\\\/protezione-esterna-chiusino-esterna\\\/#breadcrumb\",\"itemListElement\":[{\"@type\":\"ListItem\",\"position\":1,\"name\":\"Home\",\"item\":\"https:\\\/\\\/www.elcony.com\\\/it\\\/\"},{\"@type\":\"ListItem\",\"position\":2,\"name\":\"Sorvegliante esterno (guardia del passo d\u2019uomo)\"}]},{\"@type\":\"WebSite\",\"@id\":\"https:\\\/\\\/www.elcony.com\\\/it\\\/#website\",\"url\":\"https:\\\/\\\/www.elcony.com\\\/it\\\/\",\"name\":\"ELCONY\",\"description\":\"ARBO, VCA en SOG Opleidingen\",\"potentialAction\":[{\"@type\":\"SearchAction\",\"target\":{\"@type\":\"EntryPoint\",\"urlTemplate\":\"https:\\\/\\\/www.elcony.com\\\/it\\\/?s={search_term_string}\"},\"query-input\":{\"@type\":\"PropertyValueSpecification\",\"valueRequired\":true,\"valueName\":\"search_term_string\"}}],\"inLanguage\":\"it-IT\"}]}<\/script>\n<!-- \/ Yoast SEO plugin. -->","yoast_head_json":{"title":"Corso Protezione esterna (Chiusino esterna) | Per l'industria olandeseCorso \u201cLavorare come sorvegliante esterno\u201d (SOG) | Disponibile anche Incompany","description":"Segui il corso Lavorare come sorvegliante esterno (guardia del passo d\u2019uomo). Impara a supervisionare in sicurezza i lavori in spazi confinati. Con o senza SOG, orientato alla pratica.","robots":{"index":"index","follow":"follow","max-snippet":"max-snippet:-1","max-image-preview":"max-image-preview:large","max-video-preview":"max-video-preview:-1"},"canonical":"https:\/\/www.elcony.com\/it\/protezione-esterna-chiusino-esterna\/","schema":{"@context":"https:\/\/schema.org","@graph":[{"@type":"WebPage","@id":"https:\/\/www.elcony.com\/it\/protezione-esterna-chiusino-esterna\/","url":"https:\/\/www.elcony.com\/it\/protezione-esterna-chiusino-esterna\/","name":"Corso Protezione esterna (Chiusino esterna) | Per l'industria olandeseCorso \u201cLavorare come sorvegliante esterno\u201d (SOG) | Disponibile anche Incompany","isPartOf":{"@id":"https:\/\/www.elcony.com\/it\/#website"},"datePublished":"2023-11-26T11:34:39+00:00","dateModified":"2026-02-06T13:34:19+00:00","description":"Segui il corso Lavorare come sorvegliante esterno (guardia del passo d\u2019uomo). Impara a supervisionare in sicurezza i lavori in spazi confinati. Con o senza SOG, orientato alla pratica.","breadcrumb":{"@id":"https:\/\/www.elcony.com\/it\/protezione-esterna-chiusino-esterna\/#breadcrumb"},"inLanguage":"it-IT","potentialAction":[{"@type":"ReadAction","target":["https:\/\/www.elcony.com\/it\/protezione-esterna-chiusino-esterna\/"]}]},{"@type":"BreadcrumbList","@id":"https:\/\/www.elcony.com\/it\/protezione-esterna-chiusino-esterna\/#breadcrumb","itemListElement":[{"@type":"ListItem","position":1,"name":"Home","item":"https:\/\/www.elcony.com\/it\/"},{"@type":"ListItem","position":2,"name":"Sorvegliante esterno (guardia del passo d\u2019uomo)"}]},{"@type":"WebSite","@id":"https:\/\/www.elcony.com\/it\/#website","url":"https:\/\/www.elcony.com\/it\/","name":"ELCONY","description":"ARBO, VCA en SOG Opleidingen","potentialAction":[{"@type":"SearchAction","target":{"@type":"EntryPoint","urlTemplate":"https:\/\/www.elcony.com\/it\/?s={search_term_string}"},"query-input":{"@type":"PropertyValueSpecification","valueRequired":true,"valueName":"search_term_string"}}],"inLanguage":"it-IT"}]}},"_links":{"self":[{"href":"https:\/\/www.elcony.com\/it\/wp-json\/wp\/v2\/pages\/234203","targetHints":{"allow":["GET"]}}],"collection":[{"href":"https:\/\/www.elcony.com\/it\/wp-json\/wp\/v2\/pages"}],"about":[{"href":"https:\/\/www.elcony.com\/it\/wp-json\/wp\/v2\/types\/page"}],"author":[{"embeddable":true,"href":"https:\/\/www.elcony.com\/it\/wp-json\/wp\/v2\/users\/1"}],"replies":[{"embeddable":true,"href":"https:\/\/www.elcony.com\/it\/wp-json\/wp\/v2\/comments?post=234203"}],"version-history":[{"count":4,"href":"https:\/\/www.elcony.com\/it\/wp-json\/wp\/v2\/pages\/234203\/revisions"}],"predecessor-version":[{"id":391398,"href":"https:\/\/www.elcony.com\/it\/wp-json\/wp\/v2\/pages\/234203\/revisions\/391398"}],"wp:attachment":[{"href":"https:\/\/www.elcony.com\/it\/wp-json\/wp\/v2\/media?parent=234203"}],"curies":[{"name":"wp","href":"https:\/\/api.w.org\/{rel}","templated":true}]}}