{"id":337792,"date":"2025-01-14T22:55:02","date_gmt":"2025-01-14T21:55:02","guid":{"rendered":"https:\/\/www.elcony.com\/%d0%b2%d0%b2%d0%b5%d0%b4%d0%b5%d0%bd%d0%b8%d0%b5\/"},"modified":"2025-12-11T19:54:43","modified_gmt":"2025-12-11T18:54:43","slug":"onboarding","status":"publish","type":"page","link":"https:\/\/www.elcony.com\/it\/onboarding\/","title":{"rendered":"Onboarding"},"content":{"rendered":"<div class=\"fusion-fullwidth fullwidth-box fusion-builder-row-1 fusion-flex-container has-pattern-background has-mask-background nonhundred-percent-fullwidth non-hundred-percent-height-scrolling\" style=\"--awb-border-radius-top-left:0px;--awb-border-radius-top-right:0px;--awb-border-radius-bottom-right:0px;--awb-border-radius-bottom-left:0px;--awb-flex-wrap:wrap;\" ><div class=\"fusion-builder-row fusion-row fusion-flex-align-items-flex-start fusion-flex-content-wrap\" style=\"max-width:101%;margin-left: calc(-1% \/ 2 );margin-right: calc(-1% \/ 2 );\"><div class=\"fusion-layout-column fusion_builder_column fusion-builder-column-0 fusion_builder_column_1_5 1_5 fusion-flex-column\" style=\"--awb-bg-size:cover;--awb-width-large:20%;--awb-margin-top-large:5px;--awb-spacing-right-large:2.475%;--awb-margin-bottom-large:5px;--awb-spacing-left-large:2.475%;--awb-width-medium:100%;--awb-order-medium:0;--awb-spacing-right-medium:0.495%;--awb-spacing-left-medium:0.495%;--awb-width-small:100%;--awb-order-small:0;--awb-spacing-right-small:0.495%;--awb-spacing-left-small:0.495%;\"><div class=\"fusion-column-wrapper fusion-column-has-shadow fusion-flex-justify-content-flex-start fusion-content-layout-column\"><\/div><\/div><div class=\"fusion-layout-column fusion_builder_column fusion-builder-column-1 fusion_builder_column_3_5 3_5 fusion-flex-column\" style=\"--awb-bg-size:cover;--awb-width-large:60%;--awb-margin-top-large:5px;--awb-spacing-right-large:0.825%;--awb-margin-bottom-large:5px;--awb-spacing-left-large:0.825%;--awb-width-medium:100%;--awb-order-medium:0;--awb-spacing-right-medium:0.495%;--awb-spacing-left-medium:0.495%;--awb-width-small:100%;--awb-order-small:0;--awb-spacing-right-small:0.495%;--awb-spacing-left-small:0.495%;\"><div class=\"fusion-column-wrapper fusion-column-has-shadow fusion-flex-justify-content-flex-start fusion-content-layout-column\"><div class=\"fusion-text fusion-text-1\"><h3>Introduzione online<\/h3>\n<p>Il mondo del lavoro basato su progetti, come i periodi di fermo impianto (turnarounds) e i progetti di manutenzione, sta cambiando rapidamente. Oggi \u00e8 una sfida trovare personale adatto con le conoscenze e l\u2019esperienza necessarie. ELCONY comprende questa esigenza e offre alle aziende una soluzione efficiente e affidabile: un\u2019Introduzione online personalizzata. In questo modo, garantiamo che ogni dipendente, ovunque si trovi nel mondo, sia completamente preparato prima di iniziare le sue mansioni.<\/p>\n<h3>Superare le barriere linguistiche e garantire la competenza<\/h3>\n<p>Una delle maggiori difficolt\u00e0 per molte aziende \u00e8 rappresentata dalla barriera linguistica. In ELCONY eliminiamo questo problema offrendo i nostri programmi di introduzione in ben 20 lingue. Ci\u00f2 significa che puoi essere certo che tutti i tuoi dipendenti, indipendentemente dal loro background linguistico, comprendano pienamente e siano in grado di applicare i regolamenti di sicurezza e le linee guida aziendali.<\/p>\n<h3>Verifica immediata di sicurezza e qualit\u00e0<\/h3>\n<p>La competenza professionale \u00e8 essenziale, soprattutto quando i dipendenti sono assegnati a siti ad alto rischio. La nostra introduzione online include test che ci consentono di valutare le conoscenze e le abilit\u00e0 di ogni dipendente. Questo aiuta le aziende a stabilire rapidamente se un lavoratore soddisfa gli standard di sicurezza e qualit\u00e0 richiesti.<\/p>\n<h3>Certificazioni e personalizzazione in un\u2019unica piattaforma<\/h3>\n<p>Sebbene molti lavoratori migranti siano gi\u00e0 in possesso di certificazioni, il loro valore varia da un paese all\u2019altro. La nostra piattaforma consente una rapida ed efficace verifica delle certificazioni internazionali, cos\u00ec potrai essere sempre sicuro di rispettare i pi\u00f9 alti standard di sicurezza. Inoltre, se necessario, possiamo integrare nel processo di introduzione regole specifiche dell\u2019azienda o dell\u2019impianto, affinch\u00e9 i dipendenti siano subito informati delle linee guida applicabili alla tua sede.<\/p>\n<h3>Efficiente e su misura per la tua azienda<\/h3>\n<p>Con ELCONY risparmi tempo e denaro grazie a un processo di introduzione ottimizzato, senza compromettere la sicurezza o la competenza professionale. La nostra piattaforma fornisce una panoramica completa delle competenze di tutti i tuoi dipendenti. Puoi rapidamente vedere chi soddisfa i requisiti e chi necessita di ulteriore formazione. In tal modo, puoi assegnare il personale in modo efficiente senza ripetere inutilmente la formazione.<\/p>\n<h3>Dipendenti qualificati, sempre aggiornati<\/h3>\n<p>ELCONY va oltre le basi. La nostra piattaforma ti consente di monitorare da vicino lo sviluppo dei tuoi dipendenti. Dalle conoscenze di base fino alle competenze professionali avanzate: il nostro sistema registra quali corsi e test sono stati completati con successo. Ci\u00f2 significa che un dipendente che abbia gi\u00e0 concluso il processo di introduzione non debba ripeterlo senza necessit\u00e0. In questo modo, ottimizziamo il processo e ci assicuriamo che tutti possano iniziare a lavorare in modo efficiente.<\/p>\n<h3>Pronto a ottimizzare il tuo processo di introduzione?<\/h3>\n<p>Con ELCONY, avrai un partner esperto in grado di preparare in modo efficiente ed efficace i tuoi dipendenti al loro lavoro. Contattaci oggi stesso per scoprire come possiamo supportare la tua azienda.<\/p>\n<p>Per ulteriori informazioni o per l\u2019iscrizione, chiama il numero <strong>+31(0)88-2200100<\/strong> o invia un\u2019e-mail a <a href=\"&#109;&#97;&#x69;&#x6c;&#116;&#111;&#x3a;&#x69;&#110;&#102;&#x6f;&#x40;&#101;&#108;&#x63;&#x6f;&#110;&#121;&#x2e;&#x63;&#111;&#109;\"><strong>&#105;&#x6e;&#102;&#x6f;&#64;&#x65;&#108;&#x63;&#111;&#x6e;&#121;&#x2e;c&#x6f;m<\/strong><\/a>.<\/p>\n<\/div><\/div><\/div><div class=\"fusion-layout-column fusion_builder_column fusion-builder-column-2 fusion_builder_column_1_5 1_5 fusion-flex-column\" style=\"--awb-bg-size:cover;--awb-width-large:20%;--awb-margin-top-large:5px;--awb-spacing-right-large:2.475%;--awb-margin-bottom-large:5px;--awb-spacing-left-large:2.475%;--awb-width-medium:100%;--awb-order-medium:0;--awb-spacing-right-medium:0.495%;--awb-spacing-left-medium:0.495%;--awb-width-small:100%;--awb-order-small:0;--awb-spacing-right-small:0.495%;--awb-spacing-left-small:0.495%;\"><div class=\"fusion-column-wrapper fusion-column-has-shadow fusion-flex-justify-content-flex-start fusion-content-layout-column\"><\/div><\/div><\/div><\/div>\n","protected":false},"excerpt":{"rendered":"","protected":false},"author":1,"featured_media":0,"parent":0,"menu_order":0,"comment_status":"closed","ping_status":"closed","template":"","meta":{"footnotes":""},"class_list":["post-337792","page","type-page","status-publish","hentry"],"yoast_head":"<!-- This site is optimized with the Yoast SEO plugin v27.5 - https:\/\/yoast.com\/product\/yoast-seo-wordpress\/ -->\n<title>Onboarding &#8226; ELCONY<\/title>\n<meta name=\"robots\" content=\"index, follow, max-snippet:-1, max-image-preview:large, max-video-preview:-1\" \/>\n<link rel=\"canonical\" href=\"https:\/\/www.elcony.com\/it\/onboarding\/\" \/>\n<script type=\"application\/ld+json\" class=\"yoast-schema-graph\">{\"@context\":\"https:\\\/\\\/schema.org\",\"@graph\":[{\"@type\":\"WebPage\",\"@id\":\"https:\\\/\\\/www.elcony.com\\\/it\\\/onboarding\\\/\",\"url\":\"https:\\\/\\\/www.elcony.com\\\/it\\\/onboarding\\\/\",\"name\":\"Onboarding &#8226; ELCONY\",\"isPartOf\":{\"@id\":\"https:\\\/\\\/www.elcony.com\\\/it\\\/#website\"},\"datePublished\":\"2025-01-14T21:55:02+00:00\",\"dateModified\":\"2025-12-11T18:54:43+00:00\",\"breadcrumb\":{\"@id\":\"https:\\\/\\\/www.elcony.com\\\/it\\\/onboarding\\\/#breadcrumb\"},\"inLanguage\":\"it-IT\",\"potentialAction\":[{\"@type\":\"ReadAction\",\"target\":[\"https:\\\/\\\/www.elcony.com\\\/it\\\/onboarding\\\/\"]}]},{\"@type\":\"BreadcrumbList\",\"@id\":\"https:\\\/\\\/www.elcony.com\\\/it\\\/onboarding\\\/#breadcrumb\",\"itemListElement\":[{\"@type\":\"ListItem\",\"position\":1,\"name\":\"Home\",\"item\":\"https:\\\/\\\/www.elcony.com\\\/it\\\/\"},{\"@type\":\"ListItem\",\"position\":2,\"name\":\"Onboarding\"}]},{\"@type\":\"WebSite\",\"@id\":\"https:\\\/\\\/www.elcony.com\\\/it\\\/#website\",\"url\":\"https:\\\/\\\/www.elcony.com\\\/it\\\/\",\"name\":\"ELCONY\",\"description\":\"ARBO, VCA en SOG Opleidingen\",\"potentialAction\":[{\"@type\":\"SearchAction\",\"target\":{\"@type\":\"EntryPoint\",\"urlTemplate\":\"https:\\\/\\\/www.elcony.com\\\/it\\\/?s={search_term_string}\"},\"query-input\":{\"@type\":\"PropertyValueSpecification\",\"valueRequired\":true,\"valueName\":\"search_term_string\"}}],\"inLanguage\":\"it-IT\"}]}<\/script>\n<!-- \/ Yoast SEO plugin. -->","yoast_head_json":{"title":"Onboarding &#8226; ELCONY","robots":{"index":"index","follow":"follow","max-snippet":"max-snippet:-1","max-image-preview":"max-image-preview:large","max-video-preview":"max-video-preview:-1"},"canonical":"https:\/\/www.elcony.com\/it\/onboarding\/","schema":{"@context":"https:\/\/schema.org","@graph":[{"@type":"WebPage","@id":"https:\/\/www.elcony.com\/it\/onboarding\/","url":"https:\/\/www.elcony.com\/it\/onboarding\/","name":"Onboarding &#8226; ELCONY","isPartOf":{"@id":"https:\/\/www.elcony.com\/it\/#website"},"datePublished":"2025-01-14T21:55:02+00:00","dateModified":"2025-12-11T18:54:43+00:00","breadcrumb":{"@id":"https:\/\/www.elcony.com\/it\/onboarding\/#breadcrumb"},"inLanguage":"it-IT","potentialAction":[{"@type":"ReadAction","target":["https:\/\/www.elcony.com\/it\/onboarding\/"]}]},{"@type":"BreadcrumbList","@id":"https:\/\/www.elcony.com\/it\/onboarding\/#breadcrumb","itemListElement":[{"@type":"ListItem","position":1,"name":"Home","item":"https:\/\/www.elcony.com\/it\/"},{"@type":"ListItem","position":2,"name":"Onboarding"}]},{"@type":"WebSite","@id":"https:\/\/www.elcony.com\/it\/#website","url":"https:\/\/www.elcony.com\/it\/","name":"ELCONY","description":"ARBO, VCA en SOG Opleidingen","potentialAction":[{"@type":"SearchAction","target":{"@type":"EntryPoint","urlTemplate":"https:\/\/www.elcony.com\/it\/?s={search_term_string}"},"query-input":{"@type":"PropertyValueSpecification","valueRequired":true,"valueName":"search_term_string"}}],"inLanguage":"it-IT"}]}},"_links":{"self":[{"href":"https:\/\/www.elcony.com\/it\/wp-json\/wp\/v2\/pages\/337792","targetHints":{"allow":["GET"]}}],"collection":[{"href":"https:\/\/www.elcony.com\/it\/wp-json\/wp\/v2\/pages"}],"about":[{"href":"https:\/\/www.elcony.com\/it\/wp-json\/wp\/v2\/types\/page"}],"author":[{"embeddable":true,"href":"https:\/\/www.elcony.com\/it\/wp-json\/wp\/v2\/users\/1"}],"replies":[{"embeddable":true,"href":"https:\/\/www.elcony.com\/it\/wp-json\/wp\/v2\/comments?post=337792"}],"version-history":[{"count":3,"href":"https:\/\/www.elcony.com\/it\/wp-json\/wp\/v2\/pages\/337792\/revisions"}],"predecessor-version":[{"id":388971,"href":"https:\/\/www.elcony.com\/it\/wp-json\/wp\/v2\/pages\/337792\/revisions\/388971"}],"wp:attachment":[{"href":"https:\/\/www.elcony.com\/it\/wp-json\/wp\/v2\/media?parent=337792"}],"curies":[{"name":"wp","href":"https:\/\/api.w.org\/{rel}","templated":true}]}}