{"id":191553,"date":"2023-10-25T10:51:17","date_gmt":"2023-10-25T08:51:17","guid":{"rendered":"https:\/\/www.elcony.com\/kvepavimo-taku-apsauga\/"},"modified":"2026-02-06T13:39:06","modified_gmt":"2026-02-06T12:39:06","slug":"kvepavimo-taku-apsauga","status":"publish","type":"page","link":"https:\/\/www.elcony.com\/lt\/kvepavimo-taku-apsauga\/","title":{"rendered":"Nepriklausoma kv\u0117pavimo apsauga"},"content":{"rendered":"<div class=\"fusion-fullwidth fullwidth-box fusion-builder-row-1 has-pattern-background has-mask-background nonhundred-percent-fullwidth non-hundred-percent-height-scrolling\" style=\"--awb-border-radius-top-left:0px;--awb-border-radius-top-right:0px;--awb-border-radius-bottom-right:0px;--awb-border-radius-bottom-left:0px;--awb-flex-wrap:wrap;\" ><div class=\"fusion-builder-row fusion-row\"><div class=\"fusion-layout-column fusion_builder_column fusion-builder-column-0 fusion_builder_column_1_5 1_5 fusion-one-fifth fusion-column-first\" style=\"--awb-bg-blend:overlay;--awb-bg-size:cover;width:20%;width:calc(20% - ( ( 4% + 4% ) * 0.2 ) );margin-right: 4%;\"><div class=\"fusion-column-wrapper fusion-flex-column-wrapper-legacy\"><div class=\"fusion-clearfix\"><\/div><\/div><\/div><div class=\"fusion-layout-column fusion_builder_column fusion-builder-column-1 fusion_builder_column_3_5 3_5 fusion-three-fifth\" style=\"--awb-bg-blend:overlay;--awb-bg-size:cover;width:60%;width:calc(60% - ( ( 4% + 4% ) * 0.6 ) );margin-right: 4%;\"><div class=\"fusion-column-wrapper fusion-flex-column-wrapper-legacy\"><div class=\"fusion-text fusion-text-1\"><h1>Darbas su nepriklausoma kv\u0117pavimo apsauga<\/h1>\n<p> Darbas su nepriklausoma kv\u0117pavimo apsauga yra b\u016btinas atliekant darbus aplinkose, kuriose oro kokyb\u0117 n\u0117ra pakankamai saugi. Kurso \u201eDarbas su nepriklausoma kv\u0117pavimo apsauga\u201c metu i\u0161moksite saugiai, atsakingai ir pagal galiojan\u010dias proced\u016bras naudoti kv\u0117pavimo oro \u012frang\u0105. <\/p>\n<h2>Kas yra nepriklausoma kv\u0117pavimo apsauga?<\/h2>\n<p> Nepriklausoma kv\u0117pavimo apsauga naudojama tada, kai aplinkos oras n\u0117ra tinkamas kv\u0117puoti, pavyzd\u017eiui, d\u0117l deguonies tr\u016bkumo ar pavojing\u0173 med\u017eiag\u0173 buvimo. Tokiu atveju naudotojas kv\u0117puoja oru i\u0161 nepriklausomo \u0161altinio, pavyzd\u017eiui, susl\u0117gto oro kv\u0117pavimo aparato arba oro tiekimo linijos sistemos. <\/p>\n<h2>Kam skirtas kursas \u201eDarbas su nepriklausoma kv\u0117pavimo apsauga\u201c?<\/h2>\n<ul>\n<li>(Petro)chemijos pramon\u0117s darbuotojams.<\/li>\n<li>Technin\u0117s prie\u017ei\u016bros montuotojams ir technikams.<\/li>\n<li>Rangovams ir savaranki\u0161kai dirbantiems asmenims pramonin\u0117se aik\u0161tel\u0117se.<\/li>\n<li>Darbuotojams, dirbantiems u\u017edarose ar pavojingose aplinkose.<\/li>\n<\/ul>\n<h2>Darbas su nepriklausoma kv\u0117pavimo apsauga be SOG<\/h2>\n<h3>Tikslin\u0117 grup\u0117<\/h3>\n<p> \u0160is mokymas tinka darbuotojams, kurie dirba su nepriklausoma kv\u0117pavimo apsauga pas u\u017esakovus, kuriems netaikomas SOG reikalavimas. <\/p>\n<h3>Kada rinktis kv\u0117pavimo apsaug\u0105 be SOG?<\/h3>\n<ul>\n<li>J\u016bs\u0173 u\u017esakovas nereikalauja SOG diplomo.<\/li>\n<li>Dirbate pagal vidines saugos proced\u016bras.<\/li>\n<li>Ie\u0161kote praktinio mokymo be i\u0161orinio SOG egzamino.<\/li>\n<\/ul>\n<p> Baig\u0119 kurs\u0105 gausite diplom\u0105, registruot\u0105 <strong>ELCONY diplom\u0173 registre<\/strong>, kuris <strong>galioja 5 metus<\/strong>. <\/p>\n<h3>Kurso trukm\u0117 ir kaina<\/h3>\n<ul>\n<li>1 diena su turimomis i\u0161ankstin\u0117mis \u017einiomis per m\u016bs\u0173 internetin\u012f pasirengim\u0105 arba atnaujinimo kurs\u0105: <strong>\u20ac 255,00<\/strong> be PVM<\/li>\n<li>2 dienos be ankstesn\u0117s patirties: <strong>\u20ac 455,00<\/strong> be PVM<\/li>\n<\/ul>\n<h2>Darbas su nepriklausoma kv\u0117pavimo apsauga su SOG<\/h2>\n<h3>Tikslin\u0117 grup\u0117<\/h3>\n<p> SOG pripa\u017eintas kursas \u201eDarbas su nepriklausoma kv\u0117pavimo apsauga\u201c skirtas darbuotojams, dirbantiems pas u\u017esakovus, kuriems privalomas oficialiai pripa\u017eintas diplomas. <\/p>\n<h3>Kada kv\u0117pavimo apsauga (SOG) yra privaloma?<\/h3>\n<ul>\n<li>Dirbant aplinkose, kuriose nepakanka deguonies.<\/li>\n<li>Veikiant pavojingoms med\u017eiagoms.<\/li>\n<li>(Petro)chemijos pramon\u0117je.<\/li>\n<li>Pas u\u017esakovus, dirban\u010dius pagal SSVV reikalavimus.<\/li>\n<\/ul>\n<p> S\u0117kmingai i\u0161laikius egzamin\u0105 diplomas registruojamas <strong>SSVV diplom\u0173 registre<\/strong> ir <strong>galioja 3 metus<\/strong>. <\/p>\n<h3>Kurso trukm\u0117 ir kaina<\/h3>\n<ul>\n<li>1 diena su turimomis i\u0161ankstin\u0117mis \u017einiomis per m\u016bs\u0173 internetin\u012f pasirengim\u0105 arba atnaujinimo kurs\u0105: <strong>\u20ac 329,00<\/strong> be PVM<\/li>\n<li>2 dienos be ankstesn\u0117s patirties: <strong>\u20ac 529,00<\/strong> be PVM<\/li>\n<\/ul>\n<h2>Medicininis tinkamumas<\/h2>\n<p> Dirbant su nepriklausoma kv\u0117pavimo apsauga privaloma tur\u0117ti galiojan\u010di\u0105 medicininio tinkamumo pa\u017eym\u0105. \u0160i\u0105 pa\u017eym\u0105 turi pateikti darbdavys, ji yra b\u016btina tiek mokym\u0173, tiek egzamino metu. <\/p>\n<h2><strong>Vieta<\/strong><\/h2>\n<p> Kursas \u201eDarbas su nepriklausoma kv\u0117pavimo apsauga\u201c vyksta keliose vietose Nyderlanduose ir taip pat gali b\u016bti organizuojamas j\u016bs\u0173 pa\u010di\u0173 vietoje. <\/p>\n<h2><strong>Kontaktai<\/strong><\/h2>\n<p> D\u0117l papildomos informacijos ar registracijos galite skambinti <strong>+31(0)88-2200100<\/strong> arba si\u0173sti el. lai\u0161k\u0105 adresu <strong><a href=\"&#109;&#x61;&#105;&#x6c;t&#111;&#x3a;&#105;&#x6e;f&#x6f;&#64;&#101;&#x6c;&#99;&#x6f;n&#x79;&#x2e;&#99;&#x6f;m\">info&#64;elc&#111;&#110;&#121;&#46;&#99;&#111;&#109;<\/a><\/strong>.<\/p>\n<\/div><div class=\"fusion-clearfix\"><\/div><\/div><\/div><div class=\"fusion-layout-column fusion_builder_column fusion-builder-column-2 fusion_builder_column_1_5 1_5 fusion-one-fifth fusion-column-last\" style=\"--awb-bg-blend:overlay;--awb-bg-size:cover;width:20%;width:calc(20% - ( ( 4% + 4% ) * 0.2 ) );\"><div class=\"fusion-column-wrapper fusion-flex-column-wrapper-legacy\"><div class=\"fusion-clearfix\"><\/div><\/div><\/div><\/div><\/div>\n","protected":false},"excerpt":{"rendered":"","protected":false},"author":1,"featured_media":0,"parent":0,"menu_order":4,"comment_status":"closed","ping_status":"closed","template":"","meta":{"footnotes":""},"class_list":["post-191553","page","type-page","status-publish","hentry"],"yoast_head":"<!-- This site is optimized with the Yoast SEO plugin v27.5 - https:\/\/yoast.com\/product\/yoast-seo-wordpress\/ -->\n<title>Kursas \u201eDarbas su nepriklausoma kv\u0117pavimo apsauga\u201c (SOG)<\/title>\n<meta name=\"description\" content=\"I\u0161mokite saugiai dirbti su nepriklausoma kv\u0117pavimo apsauga. Kursas skirtas pramonei, techninei prie\u017ei\u016brai ir darbui u\u017edarose erdv\u0117se. Su SOG arba be SOG.\" \/>\n<meta name=\"robots\" content=\"index, follow, max-snippet:-1, max-image-preview:large, max-video-preview:-1\" \/>\n<link rel=\"canonical\" href=\"https:\/\/www.elcony.com\/lt\/kvepavimo-taku-apsauga\/\" \/>\n<script type=\"application\/ld+json\" class=\"yoast-schema-graph\">{\"@context\":\"https:\\\/\\\/schema.org\",\"@graph\":[{\"@type\":\"WebPage\",\"@id\":\"https:\\\/\\\/www.elcony.com\\\/lt\\\/kvepavimo-taku-apsauga\\\/\",\"url\":\"https:\\\/\\\/www.elcony.com\\\/lt\\\/kvepavimo-taku-apsauga\\\/\",\"name\":\"Kursas \u201eDarbas su nepriklausoma kv\u0117pavimo apsauga\u201c (SOG)\",\"isPartOf\":{\"@id\":\"https:\\\/\\\/www.elcony.com\\\/it\\\/#website\"},\"datePublished\":\"2023-10-25T08:51:17+00:00\",\"dateModified\":\"2026-02-06T12:39:06+00:00\",\"description\":\"I\u0161mokite saugiai dirbti su nepriklausoma kv\u0117pavimo apsauga. Kursas skirtas pramonei, techninei prie\u017ei\u016brai ir darbui u\u017edarose erdv\u0117se. Su SOG arba be SOG.\",\"breadcrumb\":{\"@id\":\"https:\\\/\\\/www.elcony.com\\\/lt\\\/kvepavimo-taku-apsauga\\\/#breadcrumb\"},\"inLanguage\":\"lt-LT\",\"potentialAction\":[{\"@type\":\"ReadAction\",\"target\":[\"https:\\\/\\\/www.elcony.com\\\/lt\\\/kvepavimo-taku-apsauga\\\/\"]}]},{\"@type\":\"BreadcrumbList\",\"@id\":\"https:\\\/\\\/www.elcony.com\\\/lt\\\/kvepavimo-taku-apsauga\\\/#breadcrumb\",\"itemListElement\":[{\"@type\":\"ListItem\",\"position\":1,\"name\":\"Home\",\"item\":\"https:\\\/\\\/www.elcony.com\\\/lt\\\/\"},{\"@type\":\"ListItem\",\"position\":2,\"name\":\"Nepriklausoma kv\u0117pavimo apsauga\"}]},{\"@type\":\"WebSite\",\"@id\":\"https:\\\/\\\/www.elcony.com\\\/it\\\/#website\",\"url\":\"https:\\\/\\\/www.elcony.com\\\/it\\\/\",\"name\":\"ELCONY\",\"description\":\"ARBO, VCA en SOG Opleidingen\",\"potentialAction\":[{\"@type\":\"SearchAction\",\"target\":{\"@type\":\"EntryPoint\",\"urlTemplate\":\"https:\\\/\\\/www.elcony.com\\\/it\\\/?s={search_term_string}\"},\"query-input\":{\"@type\":\"PropertyValueSpecification\",\"valueRequired\":true,\"valueName\":\"search_term_string\"}}],\"inLanguage\":\"lt-LT\"}]}<\/script>\n<!-- \/ Yoast SEO plugin. -->","yoast_head_json":{"title":"Kursas \u201eDarbas su nepriklausoma kv\u0117pavimo apsauga\u201c (SOG)","description":"I\u0161mokite saugiai dirbti su nepriklausoma kv\u0117pavimo apsauga. Kursas skirtas pramonei, techninei prie\u017ei\u016brai ir darbui u\u017edarose erdv\u0117se. Su SOG arba be SOG.","robots":{"index":"index","follow":"follow","max-snippet":"max-snippet:-1","max-image-preview":"max-image-preview:large","max-video-preview":"max-video-preview:-1"},"canonical":"https:\/\/www.elcony.com\/lt\/kvepavimo-taku-apsauga\/","schema":{"@context":"https:\/\/schema.org","@graph":[{"@type":"WebPage","@id":"https:\/\/www.elcony.com\/lt\/kvepavimo-taku-apsauga\/","url":"https:\/\/www.elcony.com\/lt\/kvepavimo-taku-apsauga\/","name":"Kursas \u201eDarbas su nepriklausoma kv\u0117pavimo apsauga\u201c (SOG)","isPartOf":{"@id":"https:\/\/www.elcony.com\/it\/#website"},"datePublished":"2023-10-25T08:51:17+00:00","dateModified":"2026-02-06T12:39:06+00:00","description":"I\u0161mokite saugiai dirbti su nepriklausoma kv\u0117pavimo apsauga. Kursas skirtas pramonei, techninei prie\u017ei\u016brai ir darbui u\u017edarose erdv\u0117se. Su SOG arba be SOG.","breadcrumb":{"@id":"https:\/\/www.elcony.com\/lt\/kvepavimo-taku-apsauga\/#breadcrumb"},"inLanguage":"lt-LT","potentialAction":[{"@type":"ReadAction","target":["https:\/\/www.elcony.com\/lt\/kvepavimo-taku-apsauga\/"]}]},{"@type":"BreadcrumbList","@id":"https:\/\/www.elcony.com\/lt\/kvepavimo-taku-apsauga\/#breadcrumb","itemListElement":[{"@type":"ListItem","position":1,"name":"Home","item":"https:\/\/www.elcony.com\/lt\/"},{"@type":"ListItem","position":2,"name":"Nepriklausoma kv\u0117pavimo apsauga"}]},{"@type":"WebSite","@id":"https:\/\/www.elcony.com\/it\/#website","url":"https:\/\/www.elcony.com\/it\/","name":"ELCONY","description":"ARBO, VCA en SOG Opleidingen","potentialAction":[{"@type":"SearchAction","target":{"@type":"EntryPoint","urlTemplate":"https:\/\/www.elcony.com\/it\/?s={search_term_string}"},"query-input":{"@type":"PropertyValueSpecification","valueRequired":true,"valueName":"search_term_string"}}],"inLanguage":"lt-LT"}]}},"_links":{"self":[{"href":"https:\/\/www.elcony.com\/lt\/wp-json\/wp\/v2\/pages\/191553","targetHints":{"allow":["GET"]}}],"collection":[{"href":"https:\/\/www.elcony.com\/lt\/wp-json\/wp\/v2\/pages"}],"about":[{"href":"https:\/\/www.elcony.com\/lt\/wp-json\/wp\/v2\/types\/page"}],"author":[{"embeddable":true,"href":"https:\/\/www.elcony.com\/lt\/wp-json\/wp\/v2\/users\/1"}],"replies":[{"embeddable":true,"href":"https:\/\/www.elcony.com\/lt\/wp-json\/wp\/v2\/comments?post=191553"}],"version-history":[{"count":3,"href":"https:\/\/www.elcony.com\/lt\/wp-json\/wp\/v2\/pages\/191553\/revisions"}],"predecessor-version":[{"id":391275,"href":"https:\/\/www.elcony.com\/lt\/wp-json\/wp\/v2\/pages\/191553\/revisions\/391275"}],"wp:attachment":[{"href":"https:\/\/www.elcony.com\/lt\/wp-json\/wp\/v2\/media?parent=191553"}],"curies":[{"name":"wp","href":"https:\/\/api.w.org\/{rel}","templated":true}]}}