{"id":233956,"date":"2023-11-25T08:52:03","date_gmt":"2023-11-25T07:52:03","guid":{"rendered":"https:\/\/www.elcony.com\/sukimo-momentas-ir-itempimas\/"},"modified":"2026-02-06T14:00:11","modified_gmt":"2026-02-06T13:00:11","slug":"sukimo-momentas-ir-itempimas","status":"publish","type":"page","link":"https:\/\/www.elcony.com\/lt\/sukimo-momentas-ir-itempimas\/","title":{"rendered":"Sukimo momentas ir tempimas"},"content":{"rendered":"<div class=\"fusion-fullwidth fullwidth-box fusion-builder-row-1 fusion-flex-container has-pattern-background has-mask-background nonhundred-percent-fullwidth non-hundred-percent-height-scrolling\" style=\"--awb-border-radius-top-left:0px;--awb-border-radius-top-right:0px;--awb-border-radius-bottom-right:0px;--awb-border-radius-bottom-left:0px;--awb-flex-wrap:wrap;\" ><div class=\"fusion-builder-row fusion-row fusion-flex-align-items-flex-start fusion-flex-content-wrap\" style=\"max-width:101%;margin-left: calc(-1% \/ 2 );margin-right: calc(-1% \/ 2 );\"><div class=\"fusion-layout-column fusion_builder_column fusion-builder-column-0 fusion_builder_column_1_5 1_5 fusion-flex-column\" style=\"--awb-bg-size:cover;--awb-width-large:20%;--awb-margin-top-large:5px;--awb-spacing-right-large:2.475%;--awb-margin-bottom-large:5px;--awb-spacing-left-large:2.475%;--awb-width-medium:100%;--awb-order-medium:0;--awb-spacing-right-medium:0.495%;--awb-spacing-left-medium:0.495%;--awb-width-small:100%;--awb-order-small:0;--awb-spacing-right-small:0.495%;--awb-spacing-left-small:0.495%;\"><div class=\"fusion-column-wrapper fusion-column-has-shadow fusion-flex-justify-content-flex-start fusion-content-layout-column\"><\/div><\/div><div class=\"fusion-layout-column fusion_builder_column fusion-builder-column-1 fusion_builder_column_3_5 3_5 fusion-flex-column\" style=\"--awb-bg-size:cover;--awb-width-large:60%;--awb-margin-top-large:5px;--awb-spacing-right-large:0.825%;--awb-margin-bottom-large:5px;--awb-spacing-left-large:0.825%;--awb-width-medium:100%;--awb-order-medium:0;--awb-spacing-right-medium:0.495%;--awb-spacing-left-medium:0.495%;--awb-width-small:100%;--awb-order-small:0;--awb-spacing-right-small:0.495%;--awb-spacing-left-small:0.495%;\"><div class=\"fusion-column-wrapper fusion-column-has-shadow fusion-flex-justify-content-flex-start fusion-content-layout-column\"><div class=\"fusion-text fusion-text-1\"><h1>Sukimo momento ir tempimo kursas<\/h1>\n<p> Darbas su sukimo momento ir tempimo \u012franga reikalauja specializuot\u0173 profesini\u0173 \u017eini\u0173, tikslumo ir grie\u017eto nustatyt\u0173 proced\u016br\u0173 laikymosi. Sukimo momento ir tempimo kurso metu i\u0161moksite saugiai, kontroliuojamai ir pagal galiojan\u010dius standartus dirbti su var\u017etin\u0117mis jungtimis pramonin\u0117je aplinkoje. <\/p>\n<h2>Kas yra sukimo momentas ir tempimas?<\/h2>\n<p> Sukimo momentas ir tempimas yra kontroliuojami metodai var\u017etin\u0117ms jungtims priver\u017eti ir atlaisvinti. Sukimo momentas naudoja i\u0161 anksto nustatyt\u0105 sukimo momento reik\u0161m\u0119, o tempimas pagr\u012fstas var\u017eto pailginimu naudojant hidraulin\u0119 \u012ftamp\u0105. Abu metodai yra b\u016btini saugioms ir patikimoms flan\u0161in\u0117ms bei var\u017etin\u0117ms jungtims. <\/p>\n<h2>Kam skirtas sukimo momento ir tempimo kursas?<\/h2>\n<ul>\n<li>Montuotojams ir technin\u0117s prie\u017ei\u016bros specialistams.<\/li>\n<li>(Petro)chemijos pramon\u0117s darbuotojams.<\/li>\n<li>Techniniam personalui, dirban\u010diam su var\u017etin\u0117mis ir flan\u0161in\u0117mis jungtimis.<\/li>\n<li>Savaranki\u0161kai dirbantiems asmenims ir rangovams.<\/li>\n<\/ul>\n<h2>Sukimo momentas ir tempimas be SOG<\/h2>\n<h3>Tikslin\u0117 grup\u0117<\/h3>\n<p> \u0160ie mokymai tinka montuotojams, dirbantiems su hidrauline sukimo momento ir tempimo \u012franga pas u\u017esakovus, kuriems netaikomas SOG reikalavimas. <\/p>\n<h3>Kada rinktis sukimo moment\u0105 ir tempim\u0105 be SOG?<\/h3>\n<ul>\n<li>J\u016bs\u0173 u\u017esakovas nereikalauja SOG diplomo.<\/li>\n<li>Dirbate pagal vidines saugos proced\u016bras.<\/li>\n<li>Norite \u012fgyti praktini\u0173 \u012fg\u016bd\u017ei\u0173 be i\u0161orinio SOG egzamino.<\/li>\n<\/ul>\n<p> Baig\u0119 kurs\u0105 gausite diplom\u0105, registruot\u0105 <strong>ELCONY diplom\u0173 registre<\/strong>, kuris <strong>galioja 5 metus<\/strong>. <\/p>\n<h3>Kurso trukm\u0117 ir <strong>kaina<\/strong><\/h3>\n<ul>\n<li>1 diena su turimomis i\u0161ankstin\u0117mis \u017einiomis per m\u016bs\u0173 internetin\u012f pasirengim\u0105 arba atnaujinimo kurs\u0105: <strong>\u20ac 285,00<\/strong> be PVM<\/li>\n<li>2 dienos be ankstesn\u0117s patirties: <strong>\u20ac 485,00<\/strong> be PVM<\/li>\n<\/ul>\n<h2>Sukimo momentas ir tempimas su SOG<\/h2>\n<h3>Tikslin\u0117 grup\u0117<\/h3>\n<p> SOG pripa\u017eintas sukimo momento ir tempimo kursas skirtas montuotojams, dirbantiems pas u\u017esakovus, kuriems privalomas oficialiai pripa\u017eintas diplomas. <\/p>\n<h3>Kada sukimo momentas ir tempimas (SOG) yra privalomi?<\/h3>\n<ul>\n<li>Dirbant (petro)chemijos pramon\u0117je.<\/li>\n<li>Technin\u0117s prie\u017ei\u016bros sustabdym\u0173 ir dideli\u0173 remont\u0173 (turnarounds) metu.<\/li>\n<li>Pas u\u017esakovus, dirban\u010dius pagal SSVV reikalavimus.<\/li>\n<li>Vietose, kuriose saugos proced\u016bros yra grie\u017etai reglamentuotos.<\/li>\n<\/ul>\n<p> S\u0117kmingai i\u0161laikius egzamin\u0105 diplomas registruojamas <strong>SSVV diplom\u0173 registre<\/strong> ir <strong>galioja 5 metus<\/strong>. <\/p>\n<h3>Kurso trukm\u0117 ir kaina<\/h3>\n<ul>\n<li>1 diena su turimomis i\u0161ankstin\u0117mis \u017einiomis per m\u016bs\u0173 internetin\u012f pasirengim\u0105 arba atnaujinimo kurs\u0105: <strong>\u20ac 359,00<\/strong> be PVM<\/li>\n<li>2 dienos be ankstesn\u0117s patirties: <strong>\u20ac 559,00<\/strong> be PVM<\/li>\n<\/ul>\n<h2>Vieta<\/h2>\n<p> Kursai vyksta keliose vietose Nyderlanduose ir taip pat gali b\u016bti organizuojami j\u016bs\u0173 pa\u010di\u0173 vietoje. <\/p>\n<h2>Kontaktai<\/h2>\n<p> D\u0117l papildomos informacijos ar registracijos galite skambinti <strong>+31(0)88-2200100<\/strong> arba si\u0173sti el. lai\u0161k\u0105 adresu <strong><a href=\"&#x6d;&#x61;&#x69;&#x6c;&#x74;&#x6f;&#x3a;&#x69;&#x6e;&#x66;&#x6f;&#x40;&#x65;&#x6c;&#99;&#111;&#110;&#121;&#46;&#99;&#111;&#109;\">&#105;n&#x66;o&#x40;e&#x6c;&#99;&#x6f;&#110;&#x79;&#46;c&#x6f;m<\/a><\/strong>.<\/p>\n<\/div><\/div><\/div><div class=\"fusion-layout-column fusion_builder_column fusion-builder-column-2 fusion_builder_column_1_5 1_5 fusion-flex-column\" style=\"--awb-bg-size:cover;--awb-width-large:20%;--awb-margin-top-large:5px;--awb-spacing-right-large:2.475%;--awb-margin-bottom-large:5px;--awb-spacing-left-large:2.475%;--awb-width-medium:100%;--awb-order-medium:0;--awb-spacing-right-medium:0.495%;--awb-spacing-left-medium:0.495%;--awb-width-small:100%;--awb-order-small:0;--awb-spacing-right-small:0.495%;--awb-spacing-left-small:0.495%;\"><div class=\"fusion-column-wrapper fusion-column-has-shadow fusion-flex-justify-content-flex-start fusion-content-layout-column\"><\/div><\/div><\/div><\/div>\n","protected":false},"excerpt":{"rendered":"","protected":false},"author":1,"featured_media":0,"parent":0,"menu_order":2,"comment_status":"closed","ping_status":"closed","template":"","meta":{"footnotes":""},"class_list":["post-233956","page","type-page","status-publish","hentry"],"yoast_head":"<!-- This site is optimized with the Yoast SEO plugin v27.3 - https:\/\/yoast.com\/product\/yoast-seo-wordpress\/ -->\n<title>Sukimo momento ir tempimo kursas (SOG) | Taip pat Incompany<\/title>\n<meta name=\"description\" content=\"Torque &amp; Tensioning kursas SOG arba ELCONY. Atitinka Nyderland\u0173 standartus, pagal kuriuos reikalaujamas galiojantis SOG diplomas.\" \/>\n<meta name=\"robots\" content=\"index, follow, max-snippet:-1, max-image-preview:large, max-video-preview:-1\" \/>\n<link rel=\"canonical\" href=\"https:\/\/www.elcony.com\/lt\/sukimo-momentas-ir-itempimas\/\" \/>\n<script type=\"application\/ld+json\" class=\"yoast-schema-graph\">{\"@context\":\"https:\\\/\\\/schema.org\",\"@graph\":[{\"@type\":\"WebPage\",\"@id\":\"https:\\\/\\\/www.elcony.com\\\/lt\\\/sukimo-momentas-ir-itempimas\\\/\",\"url\":\"https:\\\/\\\/www.elcony.com\\\/lt\\\/sukimo-momentas-ir-itempimas\\\/\",\"name\":\"Sukimo momento ir tempimo kursas (SOG) | Taip pat Incompany\",\"isPartOf\":{\"@id\":\"https:\\\/\\\/www.elcony.com\\\/it\\\/#website\"},\"datePublished\":\"2023-11-25T07:52:03+00:00\",\"dateModified\":\"2026-02-06T13:00:11+00:00\",\"description\":\"Torque & Tensioning kursas SOG arba ELCONY. Atitinka Nyderland\u0173 standartus, pagal kuriuos reikalaujamas galiojantis SOG diplomas.\",\"breadcrumb\":{\"@id\":\"https:\\\/\\\/www.elcony.com\\\/lt\\\/sukimo-momentas-ir-itempimas\\\/#breadcrumb\"},\"inLanguage\":\"lt-LT\",\"potentialAction\":[{\"@type\":\"ReadAction\",\"target\":[\"https:\\\/\\\/www.elcony.com\\\/lt\\\/sukimo-momentas-ir-itempimas\\\/\"]}]},{\"@type\":\"BreadcrumbList\",\"@id\":\"https:\\\/\\\/www.elcony.com\\\/lt\\\/sukimo-momentas-ir-itempimas\\\/#breadcrumb\",\"itemListElement\":[{\"@type\":\"ListItem\",\"position\":1,\"name\":\"Home\",\"item\":\"https:\\\/\\\/www.elcony.com\\\/lt\\\/\"},{\"@type\":\"ListItem\",\"position\":2,\"name\":\"Sukimo momentas ir tempimas\"}]},{\"@type\":\"WebSite\",\"@id\":\"https:\\\/\\\/www.elcony.com\\\/it\\\/#website\",\"url\":\"https:\\\/\\\/www.elcony.com\\\/it\\\/\",\"name\":\"ELCONY\",\"description\":\"ARBO, VCA en SOG Opleidingen\",\"potentialAction\":[{\"@type\":\"SearchAction\",\"target\":{\"@type\":\"EntryPoint\",\"urlTemplate\":\"https:\\\/\\\/www.elcony.com\\\/it\\\/?s={search_term_string}\"},\"query-input\":{\"@type\":\"PropertyValueSpecification\",\"valueRequired\":true,\"valueName\":\"search_term_string\"}}],\"inLanguage\":\"lt-LT\"}]}<\/script>\n<!-- \/ Yoast SEO plugin. -->","yoast_head_json":{"title":"Sukimo momento ir tempimo kursas (SOG) | Taip pat Incompany","description":"Torque & Tensioning kursas SOG arba ELCONY. Atitinka Nyderland\u0173 standartus, pagal kuriuos reikalaujamas galiojantis SOG diplomas.","robots":{"index":"index","follow":"follow","max-snippet":"max-snippet:-1","max-image-preview":"max-image-preview:large","max-video-preview":"max-video-preview:-1"},"canonical":"https:\/\/www.elcony.com\/lt\/sukimo-momentas-ir-itempimas\/","schema":{"@context":"https:\/\/schema.org","@graph":[{"@type":"WebPage","@id":"https:\/\/www.elcony.com\/lt\/sukimo-momentas-ir-itempimas\/","url":"https:\/\/www.elcony.com\/lt\/sukimo-momentas-ir-itempimas\/","name":"Sukimo momento ir tempimo kursas (SOG) | Taip pat Incompany","isPartOf":{"@id":"https:\/\/www.elcony.com\/it\/#website"},"datePublished":"2023-11-25T07:52:03+00:00","dateModified":"2026-02-06T13:00:11+00:00","description":"Torque & Tensioning kursas SOG arba ELCONY. Atitinka Nyderland\u0173 standartus, pagal kuriuos reikalaujamas galiojantis SOG diplomas.","breadcrumb":{"@id":"https:\/\/www.elcony.com\/lt\/sukimo-momentas-ir-itempimas\/#breadcrumb"},"inLanguage":"lt-LT","potentialAction":[{"@type":"ReadAction","target":["https:\/\/www.elcony.com\/lt\/sukimo-momentas-ir-itempimas\/"]}]},{"@type":"BreadcrumbList","@id":"https:\/\/www.elcony.com\/lt\/sukimo-momentas-ir-itempimas\/#breadcrumb","itemListElement":[{"@type":"ListItem","position":1,"name":"Home","item":"https:\/\/www.elcony.com\/lt\/"},{"@type":"ListItem","position":2,"name":"Sukimo momentas ir tempimas"}]},{"@type":"WebSite","@id":"https:\/\/www.elcony.com\/it\/#website","url":"https:\/\/www.elcony.com\/it\/","name":"ELCONY","description":"ARBO, VCA en SOG Opleidingen","potentialAction":[{"@type":"SearchAction","target":{"@type":"EntryPoint","urlTemplate":"https:\/\/www.elcony.com\/it\/?s={search_term_string}"},"query-input":{"@type":"PropertyValueSpecification","valueRequired":true,"valueName":"search_term_string"}}],"inLanguage":"lt-LT"}]}},"_links":{"self":[{"href":"https:\/\/www.elcony.com\/lt\/wp-json\/wp\/v2\/pages\/233956","targetHints":{"allow":["GET"]}}],"collection":[{"href":"https:\/\/www.elcony.com\/lt\/wp-json\/wp\/v2\/pages"}],"about":[{"href":"https:\/\/www.elcony.com\/lt\/wp-json\/wp\/v2\/types\/page"}],"author":[{"embeddable":true,"href":"https:\/\/www.elcony.com\/lt\/wp-json\/wp\/v2\/users\/1"}],"replies":[{"embeddable":true,"href":"https:\/\/www.elcony.com\/lt\/wp-json\/wp\/v2\/comments?post=233956"}],"version-history":[{"count":3,"href":"https:\/\/www.elcony.com\/lt\/wp-json\/wp\/v2\/pages\/233956\/revisions"}],"predecessor-version":[{"id":391335,"href":"https:\/\/www.elcony.com\/lt\/wp-json\/wp\/v2\/pages\/233956\/revisions\/391335"}],"wp:attachment":[{"href":"https:\/\/www.elcony.com\/lt\/wp-json\/wp\/v2\/media?parent=233956"}],"curies":[{"name":"wp","href":"https:\/\/api.w.org\/{rel}","templated":true}]}}